{"id":3094,"date":"2012-10-18T09:18:05","date_gmt":"2012-10-18T07:18:05","guid":{"rendered":"http:\/\/dinostorm.com\/?page_id=3094"},"modified":"2021-07-09T14:46:55","modified_gmt":"2021-07-09T12:46:55","slug":"implanty-dinozaurow","status":"publish","type":"page","link":"https:\/\/dinostorm.com\/pl\/gra\/implanty-dinozaurow\/","title":{"rendered":"Implanty dinozaur\u00f3w"},"content":{"rendered":"<div class=\"teaser\"><\/div>\n<h1 class=\"headline_page width_500\"><span>Implanty dinozaur\u00f3w<\/span><\/h1>\n<p class=\"back-button back-pos500\"><a class=\"back-block\" href=\"\/pl\/gra#overview\">Powr\u00f3t<\/a><\/p>\n<div class=\"full\">\n<img decoding=\"async\" class=\"wrapper_image_impl colorbox-3094\" src=\"\/wp-content\/themes\/arras\/images\/dinostorm\/Implantate-Cowboy.png\" alt=\"Cowboy talks about dinosaur implants in Dino Storm\"\/><\/p>\n<div class=\"wrapper_impl\">\n<p class=\"text-impl\">Badz o krok przed konkurencja z pomoca naszych wysoce wydajnych i nowoczesnych bio implant\u00f3w dla twojego dinusia. Bedzie to tylko male uklucie!<\/p>\n<\/div>\n<div class=\"wrapper_impl2\">\n<div class=\"slot-list\">\n<div class=\"clear-after\">\n                      <span class=\"icon-frame-gloss float-left\"><br \/>\n            <img class=\"colorbox-3094\"  decoding=\"async\" src=\"\/wp-content\/themes\/arras\/images\/dinostorm\/implant_armor.png\" alt=\"Implant pancerza dino\"\/><br \/>\n                       <\/span><\/p>\n<div class=\"slot-wrapper\">\n\t\t\t    <span class=\"slot-item-title\">Implant pancerza<\/span><\/p>\n<p class=\"feature-slot-desc\">Tw\u00f3j dinozaur zawsze wpada w sam srodek walki? W takim razie nasze implanty pancerza powinny byc twoim naturalnym wyborem. Ulepszaja one pancerz dinozaura dzieki czemu otrzymuje on mniej obrazen.<\/p>\n<\/p><\/div>\n<p>\t<span class=\"clear\"><!-- --><\/span>\n\t         <\/div>\n<\/p><\/div>\n<\/p><\/div>\n<div class=\"wrapper_impl2\">\n<div class=\"slot-list\">\n<div class=\"clear-after\">\n                      <span class=\"icon-frame-gloss float-left\"><br \/>\n            <img class=\"colorbox-3094\"  decoding=\"async\" src=\"\/wp-content\/themes\/arras\/images\/dinostorm\/implant_vitality.png\" alt=\"Dino implant witalnosci\"\/><br \/>\n                       <\/span><\/p>\n<div class=\"slot-wrapper\">\n\t\t\t    <span class=\"slot-item-title\">Implant witalno\u015bci<\/span><\/p>\n<p class=\"feature-slot-desc\">Czesto martwisz sie o swojego <a href=\"\/pl\/gra\/leksykon-dinozaurow\" title=\"Dinosaur Lexicon\">dinozaura<\/a> podczas walki? Zuzywasz sporo mikstur uzdrawiajacych? W takim razie nasze implanty witalnosci moga okazac sie dla ciebie interesujace. Kup nasze implanty witalnosci i zwieksz liczbe punkt\u00f3w zycia dinozaura.<\/p>\n<\/p><\/div>\n<p>\t<span class=\"clear\"><!-- --><\/span>\n\t         <\/div>\n<\/p><\/div>\n<\/p><\/div>\n<div class=\"wrapper_impl2\">\n<div class=\"slot-list\">\n<div class=\"clear-after\">\n                      <span class=\"icon-frame-gloss float-left\"><br \/>\n            <img class=\"colorbox-3094\"  decoding=\"async\" src=\"\/wp-content\/themes\/arras\/images\/dinostorm\/implant_strength.png\" alt=\"Dino implant sily\"\/><br \/>\n                       <\/span><\/p>\n<div class=\"slot-wrapper\">\n\t\t\t    <span class=\"slot-item-title\">Implant si\u0142y<\/span><\/p>\n<p class=\"feature-slot-desc\">Wiecej miesni dla twojego dinozaura, nic wiecej do dodania. Yep, moze to zaskakujace, lecz zwieksza on obrazenia, kt\u00f3re tw\u00f3j dinozaur zadaje swoim wrogom. Lecz pamietaj, ze sila to nie wszystko kowboju&#8230;<\/p>\n<\/p><\/div>\n<p>\t<span class=\"clear\"><!-- --><\/span>\n\t         <\/div>\n<\/p><\/div>\n<\/p><\/div>\n<div class=\"wrapper_impl2\">\n<div class=\"slot-list\">\n<div class=\"clear-after\">\n                      <span class=\"icon-frame-gloss float-left\"><br \/>\n            <img class=\"colorbox-3094\"  decoding=\"async\" src=\"\/wp-content\/themes\/arras\/images\/dinostorm\/implant_recovery.png\" alt=\"Dino implant odrodzenia\"\/><br \/>\n                       <\/span><\/p>\n<div class=\"slot-wrapper\">\n\t\t\t    <span class=\"slot-item-title\">Implant odrodzenia<\/span><\/p>\n<p class=\"feature-slot-desc\">Po latach badan naszemu dino doktorowi w koncu sie udalo. Nasz nowy implant odrodzenia zwieksza tempo odzyskiwania punkt\u00f3w zycia przez twojego pupilka. Wypr\u00f3buj go i zyj dluzej, kowboju.<\/p>\n<\/p><\/div>\n<p>\t<span class=\"clear\"><!-- --><\/span>\n\t         <\/div>\n<\/p><\/div>\n<\/p><\/div>\n<div class=\"wrapper_impl2\">\n<div class=\"slot-list\">\n<div class=\"clear-after\">\n                      <span class=\"icon-frame-gloss float-left\"><br \/>\n            <img class=\"colorbox-3094\"  decoding=\"async\" src=\"\/wp-content\/themes\/arras\/images\/dinostorm\/implant_agility.png\" alt=\"Implant zwinnosci dinozaury\"\/><br \/>\n                       <\/span><\/p>\n<div class=\"slot-wrapper\">\n\t\t\t    <span class=\"slot-item-title\">Implant zwinno\u015bci<\/span><\/p>\n<p class=\"feature-slot-desc\">Wydaje ci sie, ze tw\u00f3j dinozaur jest lekko ospaly i apatyczny? W takim razie polecamy nasz nowiutki implant zwinnosci dla dinozaur\u00f3w. Te fantastyczne implanty zwiekszaja zdolnosc dinozaura do unikania atak\u00f3w.<\/p>\n<\/p><\/div>\n<p>\t<span class=\"clear\"><!-- --><\/span>\n\t         <\/div>\n<\/p><\/div>\n<\/p><\/div>\n<div class=\"wrapper_impl2\">\n<div class=\"slot-list\">\n<div class=\"clear-after\">\n                      <span class=\"icon-frame-gloss float-left\"><br \/>\n            <img class=\"colorbox-3094\"  decoding=\"async\" src=\"\/wp-content\/themes\/arras\/images\/dinostorm\/implant_endurance.png\" alt=\"Dino implant wytrzymalosci\"\/><br \/>\n                       <\/span><\/p>\n<div class=\"slot-wrapper\">\n\t\t\t    <span class=\"slot-item-title\">Implant wytrzyma\u0142o\u015bci<\/span><\/p>\n<p class=\"feature-slot-desc\">Szybkosc jest wazna cecha u kazdego dinozaura. Nikt cie nie dogoni, jezeli tw\u00f3j dinozaur bedzie szybszy niz wszyscy inni. Zdobadz implant wytrzymalosci\\: to cudenko zwiekszy szybkosc poruszania sie twojego dinozaura.<\/p>\n<\/p><\/div>\n<p>\t<span class=\"clear\"><!-- --><\/span>\n\t         <\/div>\n<\/p><\/div>\n<\/p><\/div>\n<div class=\"wrapper_impl2\">\n<div class=\"slot-list\">\n<div class=\"clear-after\">\n                      <span class=\"icon-frame-gloss float-left\"><br \/>\n            <img class=\"colorbox-3094\"  decoding=\"async\" src=\"\/wp-content\/themes\/arras\/images\/dinostorm\/implant_stability.png\" alt=\"Implant stabilnosci Dino\"\/><br \/>\n                       <\/span><\/p>\n<div class=\"slot-wrapper\">\n\t\t\t    <span class=\"slot-item-title\">Implant stabilno\u015bci<\/span><\/p>\n<p class=\"feature-slot-desc\">Ty i tw\u00f3j dinozaur czesto uciekacie lub nie lubicie stac bez ruchu? Wypr\u00f3buj nasze implanty stabilnosci i nikt nigdy juz was nie zatrzyma. Zmniejsza czas trwania stan&oacute;w og&#322;uszenia, dezorientacji i strachu.<\/p>\n<\/p><\/div>\n<p>\t<span class=\"clear\"><!-- --><\/span>\n\t         <\/div>\n<\/p><\/div>\n<\/p><\/div>\n<div class=\"wrapper_impl2\">\n<div class=\"slot-list\">\n<div class=\"clear-after\">\n                      <span class=\"icon-frame-gloss float-left\"><br \/>\n            <img class=\"colorbox-3094\"  decoding=\"async\" src=\"\/wp-content\/themes\/arras\/images\/dinostorm\/implant_rage.png\" alt=\"Implant W&#x015b;ciek&#x0142;o&#x015b;ci\"\/><br \/>\n                       <\/span><\/p>\n<div class=\"slot-wrapper\">\n\t\t\t    <span class=\"slot-item-title\">Implant W&#x015b;ciek&#x0142;o&#x015b;ci<\/span><\/p>\n<p class=\"feature-slot-desc\">Przy&#x015b;piesza &#x0142;adowanie si&#x0119; pe&#x0142;nej mocy podczas otrzymywania obra&#x017c;e&#x0144;. Musi zosta&#x0107; zainstalowany w gnie&#x017a;dzie implant&#x00f3;w dinozaura, aby zadzia&#x0142;a&#x0142;.<\/p>\n<\/p><\/div>\n<p>\t<span class=\"clear\"><!-- --><\/span>\n\t         <\/div>\n<\/p><\/div>\n<\/p><\/div>\n<div class=\"wrapper_impl2\">\n<div class=\"slot-list\">\n<div class=\"clear-after\">\n                      <span class=\"icon-frame-gloss float-left\"><br \/>\n            <img class=\"colorbox-3094\"  decoding=\"async\" src=\"\/wp-content\/themes\/arras\/images\/dinostorm\/implant_shield.png\" alt=\"Implant Tarczy\"\/><br \/>\n                       <\/span><\/p>\n<div class=\"slot-wrapper\">\n\t\t\t    <span class=\"slot-item-title\">Implant Tarczy<\/span><\/p>\n<p class=\"feature-slot-desc\">Zwi&#x0119;ksza odporno&#x015b;&#x0107; twojego dinozaura na obra&#x017c;enia zadawane przez bro&#x0144; paln&#x0105;. Musi by&#x0107; zainstalowany w gnie&#x017a;dzie implant&#x00f3;w dinozaura, aby zadzia&#x0142;a&#x0142;.<\/p>\n<\/p><\/div>\n<p>\t<span class=\"clear\"><!-- --><\/span>\n\t         <\/div>\n<\/p><\/div>\n<\/p><\/div>\n<div class=\"wrapper_impl2\">\n<div class=\"slot-list\">\n<div class=\"clear-after\">\n                      <span class=\"icon-frame-gloss float-left\"><br \/>\n            <img class=\"colorbox-3094\"  decoding=\"async\" src=\"\/wp-content\/themes\/arras\/images\/dinostorm\/implant_claws.png\" alt=\"Implant Pazur&#x00f3;w\"\/><br \/>\n                       <\/span><\/p>\n<div class=\"slot-wrapper\">\n\t\t\t    <span class=\"slot-item-title\">Implant Pazur&#x00f3;w<\/span><\/p>\n<p class=\"feature-slot-desc\">Daje szans&#x0119; twojemu dinozaurowi na trafienie dodatkowych cel&#x00f3;w z bliskiej odleg&#x0142;o&#x015b;ci. Musi by&#x0107; zainstalowany w gnie&#x017a;dzie implant&#x00f3;w dinozaura, aby zadzia&#x0142;a&#x0142;.<\/p>\n<\/p><\/div>\n<p>\t<span class=\"clear\"><!-- --><\/span>\n\t         <\/div>\n<\/p><\/div>\n<\/p><\/div>\n<div class=\"wrapper_impl2\">\n<div class=\"slot-list\">\n<div class=\"clear-after\">\n                      <span class=\"icon-frame-gloss float-left\"><br \/>\n            <img class=\"colorbox-3094\"  decoding=\"async\" src=\"\/wp-content\/themes\/arras\/images\/dinostorm\/implant_weaponreflector.png\" alt=\"Implant Odbicia Broni\"\/><br \/>\n                       <\/span><\/p>\n<div class=\"slot-wrapper\">\n\t\t\t    <span class=\"slot-item-title\">Implant Odbicia Broni<\/span><\/p>\n<p class=\"feature-slot-desc\">Daje szans&#x0119;, aby Tw&#x00f3;j dinozaur odbi&#x0142; niekt&#x00f3;re z nadchodz&#x0105;cych obra&#x017c;e&#x0144; broni. Musi by&#x0107; zainstalowany w gnie&#x017a;dzie implant&#x00f3;w dinozaura, aby dzia&#x0142;a&#x0142;.<\/p>\n<\/p><\/div>\n<p>\t<span class=\"clear\"><!-- --><\/span>\n\t         <\/div>\n<\/p><\/div>\n<\/p><\/div>\n<div class=\"wrapper_impl2\">\n<div class=\"slot-list\">\n<div class=\"clear-after\">\n                      <span class=\"icon-frame-gloss float-left\"><br \/>\n            <img class=\"colorbox-3094\"  decoding=\"async\" src=\"\/wp-content\/themes\/arras\/images\/dinostorm\/implant_heatregulator.png\" alt=\"Implant Regulatora Ciep&#x0142;a\"\/><br \/>\n                       <\/span><\/p>\n<div class=\"slot-wrapper\">\n\t\t\t    <span class=\"slot-item-title\">Implant Regulatora Ciep&#x0142;a<\/span><\/p>\n<p class=\"feature-slot-desc\">Zmniejsza czas trwania parali&#x017c;u oraz efektu zimna. Aby funkcjonowa&#x0142;, musi by&#x0107; zainstalowany w gnie&#x017a;dzie implant&#x00f3;w dinozaura.<\/p>\n<\/p><\/div>\n<p>\t<span class=\"clear\"><!-- --><\/span>\n\t         <\/div>\n<\/p><\/div>\n<\/p><\/div>\n<\/div>\n<\/div>\n<div class=full>\n<img decoding=\"async\" class=\"hr3 colorbox-3094\" src=\"\/wp-content\/themes\/arras\/images\/dinostorm\/seperator_big.png\" alt=\"separator dino storm\" \/>\n<\/div>\n","protected":false},"excerpt":{"rendered":"<p>Implanty dinozaur\u00f3w Powr\u00f3t Badz o krok przed konkurencja z pomoca naszych wysoce wydajnych i nowoczesnych bio implant\u00f3w dla twojego dinusia. Bedzie to tylko male uklucie! Implant pancerza Tw\u00f3j dinozaur zawsze wpada w sam srodek walki? [&hellip;]<\/p>\n","protected":false},"author":26,"featured_media":15052,"parent":3061,"menu_order":0,"comment_status":"closed","ping_status":"closed","template":"pagetpl-onecolumn.php","meta":{"footnotes":"","_links_to":"","_links_to_target":""},"class_list":["post-3094","page","type-page","status-publish","has-post-thumbnail","hentry"],"yoast_head":"<!-- This site is optimized with the Yoast SEO plugin v27.4 - https:\/\/yoast.com\/product\/yoast-seo-wordpress\/ -->\n<title>Implanty dinozaur\u00f3w - Dino Storm<\/title>\n<meta name=\"description\" content=\"B\u0105d\u017a o krok przed konkurencj\u0105 z pomoc\u0105 naszych wysoce wydajnych i nowoczesnych bio implant\u00f3w dla twojego dinusia. B\u0119dzie to tylko ma\u0142e uk\u0142ucie!\" \/>\n<meta name=\"robots\" content=\"index, follow, max-snippet:-1, max-image-preview:large, max-video-preview:-1\" \/>\n<link rel=\"canonical\" href=\"https:\/\/dinostorm.com\/pl\/gra\/implanty-dinozaurow\/\" \/>\n<meta property=\"og:locale\" content=\"pl_PL\" \/>\n<meta property=\"og:type\" content=\"article\" \/>\n<meta property=\"og:title\" content=\"Implanty dinozaur\u00f3w - Dino Storm\" \/>\n<meta property=\"og:description\" content=\"B\u0105d\u017a o krok przed konkurencj\u0105 z pomoc\u0105 naszych wysoce wydajnych i nowoczesnych bio implant\u00f3w dla twojego dinusia. B\u0119dzie to tylko ma\u0142e uk\u0142ucie!\" \/>\n<meta property=\"og:url\" content=\"https:\/\/dinostorm.com\/pl\/gra\/implanty-dinozaurow\/\" \/>\n<meta property=\"og:site_name\" content=\"Dino Storm\" \/>\n<meta property=\"article:modified_time\" content=\"2021-07-09T12:46:55+00:00\" \/>\n<meta property=\"og:image\" content=\"https:\/\/dinostorm.com\/wp-content\/uploads\/2012\/09\/ds_jungle_01.jpg\" \/>\n\t<meta property=\"og:image:width\" content=\"1280\" \/>\n\t<meta property=\"og:image:height\" content=\"720\" \/>\n\t<meta property=\"og:image:type\" content=\"image\/jpeg\" \/>\n<meta name=\"twitter:label1\" content=\"Szacowany czas czytania\" \/>\n\t<meta name=\"twitter:data1\" content=\"2 minuty\" \/>\n<script type=\"application\/ld+json\" class=\"yoast-schema-graph\">{\"@context\":\"https:\\\/\\\/schema.org\",\"@graph\":[{\"@type\":\"WebPage\",\"@id\":\"https:\\\/\\\/dinostorm.com\\\/pl\\\/gra\\\/implanty-dinozaurow\\\/\",\"url\":\"https:\\\/\\\/dinostorm.com\\\/pl\\\/gra\\\/implanty-dinozaurow\\\/\",\"name\":\"Implanty dinozaur\u00f3w - Dino Storm\",\"isPartOf\":{\"@id\":\"https:\\\/\\\/dinostorm.com\\\/pl\\\/#website\"},\"primaryImageOfPage\":{\"@id\":\"https:\\\/\\\/dinostorm.com\\\/pl\\\/gra\\\/implanty-dinozaurow\\\/#primaryimage\"},\"image\":{\"@id\":\"https:\\\/\\\/dinostorm.com\\\/pl\\\/gra\\\/implanty-dinozaurow\\\/#primaryimage\"},\"thumbnailUrl\":\"https:\\\/\\\/dinostorm.com\\\/wp-content\\\/uploads\\\/2012\\\/09\\\/ds_jungle_01.jpg\",\"datePublished\":\"2012-10-18T07:18:05+00:00\",\"dateModified\":\"2021-07-09T12:46:55+00:00\",\"description\":\"B\u0105d\u017a o krok przed konkurencj\u0105 z pomoc\u0105 naszych wysoce wydajnych i nowoczesnych bio implant\u00f3w dla twojego dinusia. B\u0119dzie to tylko ma\u0142e uk\u0142ucie!\",\"breadcrumb\":{\"@id\":\"https:\\\/\\\/dinostorm.com\\\/pl\\\/gra\\\/implanty-dinozaurow\\\/#breadcrumb\"},\"inLanguage\":\"pl-PL\",\"potentialAction\":[{\"@type\":\"ReadAction\",\"target\":[\"https:\\\/\\\/dinostorm.com\\\/pl\\\/gra\\\/implanty-dinozaurow\\\/\"]}]},{\"@type\":\"ImageObject\",\"inLanguage\":\"pl-PL\",\"@id\":\"https:\\\/\\\/dinostorm.com\\\/pl\\\/gra\\\/implanty-dinozaurow\\\/#primaryimage\",\"url\":\"https:\\\/\\\/dinostorm.com\\\/wp-content\\\/uploads\\\/2012\\\/09\\\/ds_jungle_01.jpg\",\"contentUrl\":\"https:\\\/\\\/dinostorm.com\\\/wp-content\\\/uploads\\\/2012\\\/09\\\/ds_jungle_01.jpg\",\"width\":1280,\"height\":720,\"caption\":\"Beware of dangerous bandits in Mokon Woods are everywhere.\"},{\"@type\":\"BreadcrumbList\",\"@id\":\"https:\\\/\\\/dinostorm.com\\\/pl\\\/gra\\\/implanty-dinozaurow\\\/#breadcrumb\",\"itemListElement\":[{\"@type\":\"ListItem\",\"position\":1,\"name\":\"Home\",\"item\":\"https:\\\/\\\/dinostorm.com\\\/pl\\\/\"},{\"@type\":\"ListItem\",\"position\":2,\"name\":\"Gra\",\"item\":\"https:\\\/\\\/dinostorm.com\\\/pl\\\/gra\\\/\"},{\"@type\":\"ListItem\",\"position\":3,\"name\":\"Implanty dinozaur\u00f3w\"}]},{\"@type\":\"WebSite\",\"@id\":\"https:\\\/\\\/dinostorm.com\\\/pl\\\/#website\",\"url\":\"https:\\\/\\\/dinostorm.com\\\/pl\\\/\",\"name\":\"Dino Storm\",\"description\":\"\",\"potentialAction\":[{\"@type\":\"SearchAction\",\"target\":{\"@type\":\"EntryPoint\",\"urlTemplate\":\"https:\\\/\\\/dinostorm.com\\\/pl\\\/?s={search_term_string}\"},\"query-input\":{\"@type\":\"PropertyValueSpecification\",\"valueRequired\":true,\"valueName\":\"search_term_string\"}}],\"inLanguage\":\"pl-PL\"}]}<\/script>\n<!-- \/ Yoast SEO plugin. -->","yoast_head_json":{"title":"Implanty dinozaur\u00f3w - Dino Storm","description":"B\u0105d\u017a o krok przed konkurencj\u0105 z pomoc\u0105 naszych wysoce wydajnych i nowoczesnych bio implant\u00f3w dla twojego dinusia. B\u0119dzie to tylko ma\u0142e uk\u0142ucie!","robots":{"index":"index","follow":"follow","max-snippet":"max-snippet:-1","max-image-preview":"max-image-preview:large","max-video-preview":"max-video-preview:-1"},"canonical":"https:\/\/dinostorm.com\/pl\/gra\/implanty-dinozaurow\/","og_locale":"pl_PL","og_type":"article","og_title":"Implanty dinozaur\u00f3w - Dino Storm","og_description":"B\u0105d\u017a o krok przed konkurencj\u0105 z pomoc\u0105 naszych wysoce wydajnych i nowoczesnych bio implant\u00f3w dla twojego dinusia. B\u0119dzie to tylko ma\u0142e uk\u0142ucie!","og_url":"https:\/\/dinostorm.com\/pl\/gra\/implanty-dinozaurow\/","og_site_name":"Dino Storm","article_modified_time":"2021-07-09T12:46:55+00:00","og_image":[{"width":1280,"height":720,"url":"https:\/\/dinostorm.com\/wp-content\/uploads\/2012\/09\/ds_jungle_01.jpg","type":"image\/jpeg"}],"twitter_misc":{"Szacowany czas czytania":"2 minuty"},"schema":{"@context":"https:\/\/schema.org","@graph":[{"@type":"WebPage","@id":"https:\/\/dinostorm.com\/pl\/gra\/implanty-dinozaurow\/","url":"https:\/\/dinostorm.com\/pl\/gra\/implanty-dinozaurow\/","name":"Implanty dinozaur\u00f3w - Dino Storm","isPartOf":{"@id":"https:\/\/dinostorm.com\/pl\/#website"},"primaryImageOfPage":{"@id":"https:\/\/dinostorm.com\/pl\/gra\/implanty-dinozaurow\/#primaryimage"},"image":{"@id":"https:\/\/dinostorm.com\/pl\/gra\/implanty-dinozaurow\/#primaryimage"},"thumbnailUrl":"https:\/\/dinostorm.com\/wp-content\/uploads\/2012\/09\/ds_jungle_01.jpg","datePublished":"2012-10-18T07:18:05+00:00","dateModified":"2021-07-09T12:46:55+00:00","description":"B\u0105d\u017a o krok przed konkurencj\u0105 z pomoc\u0105 naszych wysoce wydajnych i nowoczesnych bio implant\u00f3w dla twojego dinusia. B\u0119dzie to tylko ma\u0142e uk\u0142ucie!","breadcrumb":{"@id":"https:\/\/dinostorm.com\/pl\/gra\/implanty-dinozaurow\/#breadcrumb"},"inLanguage":"pl-PL","potentialAction":[{"@type":"ReadAction","target":["https:\/\/dinostorm.com\/pl\/gra\/implanty-dinozaurow\/"]}]},{"@type":"ImageObject","inLanguage":"pl-PL","@id":"https:\/\/dinostorm.com\/pl\/gra\/implanty-dinozaurow\/#primaryimage","url":"https:\/\/dinostorm.com\/wp-content\/uploads\/2012\/09\/ds_jungle_01.jpg","contentUrl":"https:\/\/dinostorm.com\/wp-content\/uploads\/2012\/09\/ds_jungle_01.jpg","width":1280,"height":720,"caption":"Beware of dangerous bandits in Mokon Woods are everywhere."},{"@type":"BreadcrumbList","@id":"https:\/\/dinostorm.com\/pl\/gra\/implanty-dinozaurow\/#breadcrumb","itemListElement":[{"@type":"ListItem","position":1,"name":"Home","item":"https:\/\/dinostorm.com\/pl\/"},{"@type":"ListItem","position":2,"name":"Gra","item":"https:\/\/dinostorm.com\/pl\/gra\/"},{"@type":"ListItem","position":3,"name":"Implanty dinozaur\u00f3w"}]},{"@type":"WebSite","@id":"https:\/\/dinostorm.com\/pl\/#website","url":"https:\/\/dinostorm.com\/pl\/","name":"Dino Storm","description":"","potentialAction":[{"@type":"SearchAction","target":{"@type":"EntryPoint","urlTemplate":"https:\/\/dinostorm.com\/pl\/?s={search_term_string}"},"query-input":{"@type":"PropertyValueSpecification","valueRequired":true,"valueName":"search_term_string"}}],"inLanguage":"pl-PL"}]}},"_links":{"self":[{"href":"https:\/\/dinostorm.com\/pl\/wp-json\/wp\/v2\/pages\/3094","targetHints":{"allow":["GET"]}}],"collection":[{"href":"https:\/\/dinostorm.com\/pl\/wp-json\/wp\/v2\/pages"}],"about":[{"href":"https:\/\/dinostorm.com\/pl\/wp-json\/wp\/v2\/types\/page"}],"author":[{"embeddable":true,"href":"https:\/\/dinostorm.com\/pl\/wp-json\/wp\/v2\/users\/26"}],"replies":[{"embeddable":true,"href":"https:\/\/dinostorm.com\/pl\/wp-json\/wp\/v2\/comments?post=3094"}],"version-history":[{"count":4,"href":"https:\/\/dinostorm.com\/pl\/wp-json\/wp\/v2\/pages\/3094\/revisions"}],"predecessor-version":[{"id":238463,"href":"https:\/\/dinostorm.com\/pl\/wp-json\/wp\/v2\/pages\/3094\/revisions\/238463"}],"up":[{"embeddable":true,"href":"https:\/\/dinostorm.com\/pl\/wp-json\/wp\/v2\/pages\/3061"}],"wp:featuredmedia":[{"embeddable":true,"href":"https:\/\/dinostorm.com\/pl\/wp-json\/wp\/v2\/media\/15052"}],"wp:attachment":[{"href":"https:\/\/dinostorm.com\/pl\/wp-json\/wp\/v2\/media?parent=3094"}],"curies":[{"name":"wp","href":"https:\/\/api.w.org\/{rel}","templated":true}]}}