{"id":3061,"date":"2012-10-18T09:05:45","date_gmt":"2012-10-18T07:05:45","guid":{"rendered":"http:\/\/dinostorm.com\/?page_id=3061"},"modified":"2018-02-01T14:13:07","modified_gmt":"2018-02-01T12:13:07","slug":"gra","status":"publish","type":"page","link":"https:\/\/dinostorm.com\/pl\/gra\/","title":{"rendered":"Gra"},"content":{"rendered":"<div class=\"teaser\"><\/div>\n<h1 class=\"headline_page width_500\"><span>Wprowadzenie do Dino Storm<\/span><\/h1>\n<p class=\"back-button back-pos500\"><a class=\"back-block\" href=\"http:\/\/dinostorm.com\/pl\/\">powrotem<\/a><\/p>\n<div class=\"one_half\">\n<p><img class=\"colorbox-3061\"  decoding=\"async\" src=\"\/wp-content\/themes\/arras\/images\/dinostorm\/Dino-Storm-Comic-1.png\" alt=\"The 3D multiplayer game DINO STORM\"><\/p>\n<h2>Gra 3D dla wielu graczy z dinozaurami, kowbojami i laserami<\/h2>\n<p>Dino Storm to darmowa gra 3D dla wielu graczy. Mamy tu do czynienia z dinozaurami, kowbojami i laserami. Sp\u00f3jrz na nasz leksykony dinozaur\u00f3w oraz modul\u00f3w technologii broni laserowych, lub odwiedz nasza strone z Najczesciej Zadawanymi Pytaniami (FAQ), aby przeczytac porady i wskaz\u00f3wki do gry. Znajdziesz tam mase interesujacych rzeczy o Dino Storm. Milej zabawy.\n<\/p><\/div>\n<div class=\"one_half_last\">\n<p class=\"padding_left30\">\n<object width=\"400\" height=\"255\"><param name=\"movie\" value=\"http:\/\/www.youtube.com\/v\/li7edRhcBWQ&#038;hl=en&#038;fs=1&#038;showinfo=0\"><\/param><param name=\"allowFullScreen\" value=\"true\"><\/param><param name=\"allowscriptaccess\" value=\"always\"><\/param><embed src=\"http:\/\/www.youtube.com\/v\/li7edRhcBWQ&#038;hl=en&#038;fs=1&#038;showinfo=0\" type=\"application\/x-shockwave-flash\" allowscriptaccess=\"always\" allowfullscreen=\"true\" width=\"400\" height=\"255\"><\/embed><\/object>\n<\/p>\n<\/div>\n<div class=\"full\">\n<img decoding=\"async\" class=\"hr3 margin35 colorbox-3061\" src=\"\/wp-content\/themes\/arras\/images\/dinostorm\/seperator_small.png\" alt=\"separator dino storm\"><br \/>\n<a name=\"overview\"><\/a>\n<\/div>\n<div class=\"games_auswahl\">\n<a class=\"button1\" href=\"http:\/\/dinostorm.com\/pl\/gra\/przewodnik-po-grze\/\"><span>Przewodnik<\/span><\/a> <a class=\"button4\" href=\"\/pl\/gra\/leksykon-dinozaurow\"><span>Leksykon dinozaur\u00f3w<\/span><\/a>><a class=\"button3\" href=\"http:\/\/dinostorm.com\/pl\/gra\/implanty-dinozaurow\/\"><span>Implanty dinozaur\u00f3w<\/span><\/a><a class=\"button2\" href=\"http:\/\/dinostorm.com\/pl\/gra\/faq-4\/\"><span>FAQ<\/span><\/a><a class=\"button5\" href=\"http:\/\/dinostorm.com\/pl\/gra\/leksykon-broni\/\"><span>Leksykon broni<\/span><\/a><a class=\"button6\" href=\"http:\/\/dinostorm.com\/pl\/gra\/moduly-technologii\/\"><span>Modu\u0142y technologii<\/span><\/a>\/a>\/a>\/a>\/a>\/a>\/a>\n<\/div>\n<div class=full>\n<img decoding=\"async\" class=\"hr3 margin35 colorbox-3061\" src=\"\/wp-content\/themes\/arras\/images\/dinostorm\/seperator_big.png\" alt=\"separator dino storm\" \/>\n<\/div>\n","protected":false},"excerpt":{"rendered":"<p>Wprowadzenie do Dino Storm powrotem Gra 3D dla wielu graczy z dinozaurami, kowbojami i laserami Dino Storm to darmowa gra 3D dla wielu graczy. Mamy tu do czynienia z dinozaurami, kowbojami i laserami. Sp\u00f3jrz na [&hellip;]<\/p>\n","protected":false},"author":26,"featured_media":-1,"parent":0,"menu_order":0,"comment_status":"closed","ping_status":"closed","template":"pagetpl-onecolumn.php","meta":{"footnotes":"","_links_to":"","_links_to_target":""},"class_list":["post-3061","page","type-page","status-publish","has-post-thumbnail","hentry"],"yoast_head":"<!-- This site is optimized with the Yoast SEO plugin v27.4 - https:\/\/yoast.com\/product\/yoast-seo-wordpress\/ -->\n<title>Dino Storm - Informacje o naszej darmowej grze<\/title>\n<meta name=\"description\" content=\"Wszystko kr\u0119ci si\u0119 wok\u00f3\u0142 dinozaur\u00f3w, kowboj\u00f3w i laser\u00f3w. Przejrzyj nasz leksykon dinozaur\u00f3w, modu\u0142\u00f3w technologii do laser\u00f3w lub odwied\u017a nasz\u0105 sekcj\u0119 FAQ, aby otrzyma\u0107 przydatne wskaz\u00f3wki i podpowiedzi.\" \/>\n<meta name=\"robots\" content=\"index, follow, max-snippet:-1, max-image-preview:large, max-video-preview:-1\" \/>\n<link rel=\"canonical\" href=\"https:\/\/dinostorm.com\/pl\/gra\/\" \/>\n<meta property=\"og:locale\" content=\"pl_PL\" \/>\n<meta property=\"og:type\" content=\"article\" \/>\n<meta property=\"og:title\" content=\"Dino Storm - Informacje o naszej darmowej grze\" \/>\n<meta property=\"og:description\" content=\"Wszystko kr\u0119ci si\u0119 wok\u00f3\u0142 dinozaur\u00f3w, kowboj\u00f3w i laser\u00f3w. Przejrzyj nasz leksykon dinozaur\u00f3w, modu\u0142\u00f3w technologii do laser\u00f3w lub odwied\u017a nasz\u0105 sekcj\u0119 FAQ, aby otrzyma\u0107 przydatne wskaz\u00f3wki i podpowiedzi.\" \/>\n<meta property=\"og:url\" content=\"https:\/\/dinostorm.com\/pl\/gra\/\" \/>\n<meta property=\"og:site_name\" content=\"Dino Storm\" \/>\n<meta property=\"article:modified_time\" content=\"2018-02-01T12:13:07+00:00\" \/>\n<script type=\"application\/ld+json\" class=\"yoast-schema-graph\">{\"@context\":\"https:\\\/\\\/schema.org\",\"@graph\":[{\"@type\":\"WebPage\",\"@id\":\"https:\\\/\\\/dinostorm.com\\\/pl\\\/gra\\\/\",\"url\":\"https:\\\/\\\/dinostorm.com\\\/pl\\\/gra\\\/\",\"name\":\"Dino Storm - Informacje o naszej darmowej grze\",\"isPartOf\":{\"@id\":\"https:\\\/\\\/dinostorm.com\\\/pl\\\/#website\"},\"datePublished\":\"2012-10-18T07:05:45+00:00\",\"dateModified\":\"2018-02-01T12:13:07+00:00\",\"description\":\"Wszystko kr\u0119ci si\u0119 wok\u00f3\u0142 dinozaur\u00f3w, kowboj\u00f3w i laser\u00f3w. Przejrzyj nasz leksykon dinozaur\u00f3w, modu\u0142\u00f3w technologii do laser\u00f3w lub odwied\u017a nasz\u0105 sekcj\u0119 FAQ, aby otrzyma\u0107 przydatne wskaz\u00f3wki i podpowiedzi.\",\"breadcrumb\":{\"@id\":\"https:\\\/\\\/dinostorm.com\\\/pl\\\/gra\\\/#breadcrumb\"},\"inLanguage\":\"pl-PL\",\"potentialAction\":[{\"@type\":\"ReadAction\",\"target\":[\"https:\\\/\\\/dinostorm.com\\\/pl\\\/gra\\\/\"]}]},{\"@type\":\"BreadcrumbList\",\"@id\":\"https:\\\/\\\/dinostorm.com\\\/pl\\\/gra\\\/#breadcrumb\",\"itemListElement\":[{\"@type\":\"ListItem\",\"position\":1,\"name\":\"Home\",\"item\":\"https:\\\/\\\/dinostorm.com\\\/pl\\\/\"},{\"@type\":\"ListItem\",\"position\":2,\"name\":\"Gra\"}]},{\"@type\":\"WebSite\",\"@id\":\"https:\\\/\\\/dinostorm.com\\\/pl\\\/#website\",\"url\":\"https:\\\/\\\/dinostorm.com\\\/pl\\\/\",\"name\":\"Dino Storm\",\"description\":\"\",\"potentialAction\":[{\"@type\":\"SearchAction\",\"target\":{\"@type\":\"EntryPoint\",\"urlTemplate\":\"https:\\\/\\\/dinostorm.com\\\/pl\\\/?s={search_term_string}\"},\"query-input\":{\"@type\":\"PropertyValueSpecification\",\"valueRequired\":true,\"valueName\":\"search_term_string\"}}],\"inLanguage\":\"pl-PL\"}]}<\/script>\n<!-- \/ Yoast SEO plugin. -->","yoast_head_json":{"title":"Dino Storm - Informacje o naszej darmowej grze","description":"Wszystko kr\u0119ci si\u0119 wok\u00f3\u0142 dinozaur\u00f3w, kowboj\u00f3w i laser\u00f3w. Przejrzyj nasz leksykon dinozaur\u00f3w, modu\u0142\u00f3w technologii do laser\u00f3w lub odwied\u017a nasz\u0105 sekcj\u0119 FAQ, aby otrzyma\u0107 przydatne wskaz\u00f3wki i podpowiedzi.","robots":{"index":"index","follow":"follow","max-snippet":"max-snippet:-1","max-image-preview":"max-image-preview:large","max-video-preview":"max-video-preview:-1"},"canonical":"https:\/\/dinostorm.com\/pl\/gra\/","og_locale":"pl_PL","og_type":"article","og_title":"Dino Storm - Informacje o naszej darmowej grze","og_description":"Wszystko kr\u0119ci si\u0119 wok\u00f3\u0142 dinozaur\u00f3w, kowboj\u00f3w i laser\u00f3w. Przejrzyj nasz leksykon dinozaur\u00f3w, modu\u0142\u00f3w technologii do laser\u00f3w lub odwied\u017a nasz\u0105 sekcj\u0119 FAQ, aby otrzyma\u0107 przydatne wskaz\u00f3wki i podpowiedzi.","og_url":"https:\/\/dinostorm.com\/pl\/gra\/","og_site_name":"Dino Storm","article_modified_time":"2018-02-01T12:13:07+00:00","schema":{"@context":"https:\/\/schema.org","@graph":[{"@type":"WebPage","@id":"https:\/\/dinostorm.com\/pl\/gra\/","url":"https:\/\/dinostorm.com\/pl\/gra\/","name":"Dino Storm - Informacje o naszej darmowej grze","isPartOf":{"@id":"https:\/\/dinostorm.com\/pl\/#website"},"datePublished":"2012-10-18T07:05:45+00:00","dateModified":"2018-02-01T12:13:07+00:00","description":"Wszystko kr\u0119ci si\u0119 wok\u00f3\u0142 dinozaur\u00f3w, kowboj\u00f3w i laser\u00f3w. Przejrzyj nasz leksykon dinozaur\u00f3w, modu\u0142\u00f3w technologii do laser\u00f3w lub odwied\u017a nasz\u0105 sekcj\u0119 FAQ, aby otrzyma\u0107 przydatne wskaz\u00f3wki i podpowiedzi.","breadcrumb":{"@id":"https:\/\/dinostorm.com\/pl\/gra\/#breadcrumb"},"inLanguage":"pl-PL","potentialAction":[{"@type":"ReadAction","target":["https:\/\/dinostorm.com\/pl\/gra\/"]}]},{"@type":"BreadcrumbList","@id":"https:\/\/dinostorm.com\/pl\/gra\/#breadcrumb","itemListElement":[{"@type":"ListItem","position":1,"name":"Home","item":"https:\/\/dinostorm.com\/pl\/"},{"@type":"ListItem","position":2,"name":"Gra"}]},{"@type":"WebSite","@id":"https:\/\/dinostorm.com\/pl\/#website","url":"https:\/\/dinostorm.com\/pl\/","name":"Dino Storm","description":"","potentialAction":[{"@type":"SearchAction","target":{"@type":"EntryPoint","urlTemplate":"https:\/\/dinostorm.com\/pl\/?s={search_term_string}"},"query-input":{"@type":"PropertyValueSpecification","valueRequired":true,"valueName":"search_term_string"}}],"inLanguage":"pl-PL"}]}},"_links":{"self":[{"href":"https:\/\/dinostorm.com\/pl\/wp-json\/wp\/v2\/pages\/3061","targetHints":{"allow":["GET"]}}],"collection":[{"href":"https:\/\/dinostorm.com\/pl\/wp-json\/wp\/v2\/pages"}],"about":[{"href":"https:\/\/dinostorm.com\/pl\/wp-json\/wp\/v2\/types\/page"}],"author":[{"embeddable":true,"href":"https:\/\/dinostorm.com\/pl\/wp-json\/wp\/v2\/users\/26"}],"replies":[{"embeddable":true,"href":"https:\/\/dinostorm.com\/pl\/wp-json\/wp\/v2\/comments?post=3061"}],"version-history":[{"count":0,"href":"https:\/\/dinostorm.com\/pl\/wp-json\/wp\/v2\/pages\/3061\/revisions"}],"wp:featuredmedia":[{"embeddable":true,"href":"https:\/\/dinostorm.com\/pl\/wp-json\/"}],"wp:attachment":[{"href":"https:\/\/dinostorm.com\/pl\/wp-json\/wp\/v2\/media?parent=3061"}],"curies":[{"name":"wp","href":"https:\/\/api.w.org\/{rel}","templated":true}]}}