{"id":3060,"date":"2012-09-10T16:23:12","date_gmt":"2012-09-10T14:23:12","guid":{"rendered":"http:\/\/dinostorm.com\/?page_id=3060"},"modified":"2021-07-08T13:47:29","modified_gmt":"2021-07-08T11:47:29","slug":"leksykon-dinozaurow","status":"publish","type":"page","link":"https:\/\/dinostorm.com\/pl\/gra\/leksykon-dinozaurow\/","title":{"rendered":"Leksykon dinozaur\u00f3w"},"content":{"rendered":"<div class=\"teaser\"><\/div>\n<h1 class=\"headline_page width_350\"><span>Leksykon dinozaur\u00f3w<\/span><\/h1>\n<p class=\"back-button back-pos350\"><a class=\"back-block\" href=\"\/pl\/gra#overview\">Powr\u00f3t<\/a><\/p>\n<div class=\"full\">\n<img decoding=\"async\" class=\"wrapper_image_impl colorbox-3060\" src=\"\/wp-content\/themes\/arras\/images\/dinostorm\/dinosaur-cowboy.png\" alt=\"Dinosaurow: Dino Storm\"\/><\/p>\n<div class=\"wrapper_impl\">\n<p class=\"text-impl\">Czystej krwi mi\u0119so\u017cercy i ro\u015blino\u017cercy! Ka\u017cdy dinozaur zosta\u0142 wychowany z ogromn\u0105 dba\u0142o\u015bci\u0105 i ma znakomite zdrowie, a do tego gwarantujemy, \u017ce jest na tyle oswojony, \u017ce ka\u017cdy mo\u017ce nad nim zapanowa\u0107.<\/p>\n<\/div>\n<\/div>\n<div class=\"wrapper_dinolex\">\n<center><\/p>\n<h2>Celofyz<\/h2>\n<div class=\"dino_lex\">\n<a class=\"dino_lex_uber\" href=\"\/pl\/gra\/leksykon-dinozaurow\/celofyz\"><img class=\"colorbox-3060\"  decoding=\"async\" width=\"248\" src=\"\/wp-content\/themes\/arras\/images\/dinostorm\/Dinos\/Coelophysis.png\"  onmouseover=\"this.width=268\" onmouseout=\"this.width=248\"><\/a>\n<\/div>\n<p><\/center>\n<\/div>\n<div class=\"wrapper_dinolex\">\n<center><\/p>\n<h2>Pachycefalozaur<\/h2>\n<div class=\"dino_lex\">\n<a class=\"dino_lex_uber\" href=\"\/pl\/gra\/leksykon-dinozaurow\/pachycefalozaur\"><img class=\"colorbox-3060\"  decoding=\"async\" width=\"248\" src=\"\/wp-content\/themes\/arras\/images\/dinostorm\/Dinos\/Pachycephalosaurus.png\"  onmouseover=\"this.width=268\" onmouseout=\"this.width=248\"><\/a>\n<\/div>\n<p><\/center>\n<\/div>\n<div class=\"wrapper_dinolex\">\n<center><\/p>\n<h2>Parazaurolof<\/h2>\n<div class=\"dino_lex\">\n<a class=\"dino_lex_uber\" href=\"\/pl\/gra\/leksykon-dinozaurow\/parazaurolof\"><img class=\"colorbox-3060\"  decoding=\"async\" width=\"248\" src=\"\/wp-content\/themes\/arras\/images\/dinostorm\/Dinos\/Parasaurolophus.png\"  onmouseover=\"this.width=268\" onmouseout=\"this.width=248\"><\/a>\n<\/div>\n<p><\/center>\n<\/div>\n<div class=\"wrapper_dinolex\">\n<center><\/p>\n<h2>Centrozaur<\/h2>\n<div class=\"dino_lex\">\n<a class=\"dino_lex_uber\" href=\"\/pl\/gra\/leksykon-dinozaurow\/centrozaur\"><img class=\"colorbox-3060\"  decoding=\"async\" width=\"248\" src=\"\/wp-content\/themes\/arras\/images\/dinostorm\/Dinos\/Centrosaurus.png\"  onmouseover=\"this.width=268\" onmouseout=\"this.width=248\"><\/a>\n<\/div>\n<p><\/center>\n<\/div>\n<div class=\"wrapper_dinolex\">\n<center><\/p>\n<h2>Brachiozaur<\/h2>\n<p><a class=\"dino_lex_uber\" href=\"\/pl\/gra\/leksykon-dinozaurow\/brachiozaur\"><img class=\"colorbox-3060\"  decoding=\"async\" width=\"248\" src=\"\/wp-content\/themes\/arras\/images\/dinostorm\/Dinos\/Brachiosaurus.png\"  onmouseover=\"this.width=268\" onmouseout=\"this.width=248\"><\/a><br \/>\n<\/center>\n<\/div>\n<div class=\"wrapper_dinolex\">\n<center><\/p>\n<h2>Ankylozaur<\/h2>\n<p><a class=\"dino_lex_uber\" href=\"\/pl\/gra\/leksykon-dinozaurow\/ankylosaurus\"><img class=\"colorbox-3060\"  decoding=\"async\" width=\"248\" src=\"\/wp-content\/themes\/arras\/images\/dinostorm\/Dinos\/Ankylosaurus.png\"  onmouseover=\"this.width=268\" onmouseout=\"this.width=248\"><\/a><br \/>\n<\/center>\n<\/div>\n<div class=\"wrapper_dinolex\">\n<center><\/p>\n<h2>Karnotaur<\/h2>\n<p><a class=\"dino_lex_uber\" href=\"\/pl\/gra\/leksykon-dinozaurow\/karnotaur\"><img class=\"colorbox-3060\"  decoding=\"async\" width=\"248\" src=\"\/wp-content\/themes\/arras\/images\/dinostorm\/Dinos\/Carnotaurus.png\"  onmouseover=\"this.width=268\" onmouseout=\"this.width=248\"><\/a><br \/>\n<\/center>\n<\/div>\n<div class=\"wrapper_dinolex\">\n<center><\/p>\n<h2>Tyranozaur<\/h2>\n<p><a class=\"dino_lex_uber\" href=\"\/pl\/gra\/leksykon-dinozaurow\/tyranozaur\"><img class=\"colorbox-3060\"  decoding=\"async\" width=\"248\" src=\"\/wp-content\/themes\/arras\/images\/dinostorm\/Dinos\/Tyrannosaurus Rex.png\"  onmouseover=\"this.width=268\" onmouseout=\"this.width=248\"><\/a><br \/>\n<\/center>\n<\/div>\n<div class=\"full\">\n<img decoding=\"async\" class=\"hr3 colorbox-3060\" src=\"\/wp-content\/themes\/arras\/images\/dinostorm\/seperator_big.png\" alt=\"separator dino storm\" \/>\n<\/div>\n","protected":false},"excerpt":{"rendered":"<p>Leksykon dinozaur\u00f3w Powr\u00f3t Czystej krwi mi\u0119so\u017cercy i ro\u015blino\u017cercy! Ka\u017cdy dinozaur zosta\u0142 wychowany z ogromn\u0105 dba\u0142o\u015bci\u0105 i ma znakomite zdrowie, a do tego gwarantujemy, \u017ce jest na tyle oswojony, \u017ce ka\u017cdy mo\u017ce nad nim zapanowa\u0107. Celofyz [&hellip;]<\/p>\n","protected":false},"author":26,"featured_media":15052,"parent":3061,"menu_order":0,"comment_status":"closed","ping_status":"closed","template":"pagetpl-onecolumn.php","meta":{"footnotes":"","_links_to":"","_links_to_target":""},"class_list":["post-3060","page","type-page","status-publish","has-post-thumbnail","hentry"],"yoast_head":"<!-- This site is optimized with the Yoast SEO plugin v27.4 - https:\/\/yoast.com\/product\/yoast-seo-wordpress\/ -->\n<title>Leksykon dinozaur\u00f3w - Dino Storm<\/title>\n<meta name=\"description\" content=\"Wiesz wszystko o dinozaurach w Dino Storm? Je\u017celi nie to zapoznaj si\u0119 z naszym leksykonem dinozaur\u00f3w. Fakty, umiej\u0119tno\u015bci, cechy i wiele wi\u0119cej...\" \/>\n<meta name=\"robots\" content=\"index, follow, max-snippet:-1, max-image-preview:large, max-video-preview:-1\" \/>\n<link rel=\"canonical\" href=\"https:\/\/dinostorm.com\/pl\/gra\/leksykon-dinozaurow\/\" \/>\n<meta property=\"og:locale\" content=\"pl_PL\" \/>\n<meta property=\"og:type\" content=\"article\" \/>\n<meta property=\"og:title\" content=\"Leksykon dinozaur\u00f3w - Dino Storm\" \/>\n<meta property=\"og:description\" content=\"Wiesz wszystko o dinozaurach w Dino Storm? Je\u017celi nie to zapoznaj si\u0119 z naszym leksykonem dinozaur\u00f3w. Fakty, umiej\u0119tno\u015bci, cechy i wiele wi\u0119cej...\" \/>\n<meta property=\"og:url\" content=\"https:\/\/dinostorm.com\/pl\/gra\/leksykon-dinozaurow\/\" \/>\n<meta property=\"og:site_name\" content=\"Dino Storm\" \/>\n<meta property=\"article:modified_time\" content=\"2021-07-08T11:47:29+00:00\" \/>\n<meta property=\"og:image\" content=\"https:\/\/dinostorm.com\/wp-content\/uploads\/2012\/09\/ds_jungle_01.jpg\" \/>\n\t<meta property=\"og:image:width\" content=\"1280\" \/>\n\t<meta property=\"og:image:height\" content=\"720\" \/>\n\t<meta property=\"og:image:type\" content=\"image\/jpeg\" \/>\n<script type=\"application\/ld+json\" class=\"yoast-schema-graph\">{\"@context\":\"https:\\\/\\\/schema.org\",\"@graph\":[{\"@type\":\"WebPage\",\"@id\":\"https:\\\/\\\/dinostorm.com\\\/pl\\\/gra\\\/leksykon-dinozaurow\\\/\",\"url\":\"https:\\\/\\\/dinostorm.com\\\/pl\\\/gra\\\/leksykon-dinozaurow\\\/\",\"name\":\"Leksykon dinozaur\u00f3w - Dino Storm\",\"isPartOf\":{\"@id\":\"https:\\\/\\\/dinostorm.com\\\/pl\\\/#website\"},\"primaryImageOfPage\":{\"@id\":\"https:\\\/\\\/dinostorm.com\\\/pl\\\/gra\\\/leksykon-dinozaurow\\\/#primaryimage\"},\"image\":{\"@id\":\"https:\\\/\\\/dinostorm.com\\\/pl\\\/gra\\\/leksykon-dinozaurow\\\/#primaryimage\"},\"thumbnailUrl\":\"https:\\\/\\\/dinostorm.com\\\/wp-content\\\/uploads\\\/2012\\\/09\\\/ds_jungle_01.jpg\",\"datePublished\":\"2012-09-10T14:23:12+00:00\",\"dateModified\":\"2021-07-08T11:47:29+00:00\",\"description\":\"Wiesz wszystko o dinozaurach w Dino Storm? Je\u017celi nie to zapoznaj si\u0119 z naszym leksykonem dinozaur\u00f3w. Fakty, umiej\u0119tno\u015bci, cechy i wiele wi\u0119cej...\",\"breadcrumb\":{\"@id\":\"https:\\\/\\\/dinostorm.com\\\/pl\\\/gra\\\/leksykon-dinozaurow\\\/#breadcrumb\"},\"inLanguage\":\"pl-PL\",\"potentialAction\":[{\"@type\":\"ReadAction\",\"target\":[\"https:\\\/\\\/dinostorm.com\\\/pl\\\/gra\\\/leksykon-dinozaurow\\\/\"]}]},{\"@type\":\"ImageObject\",\"inLanguage\":\"pl-PL\",\"@id\":\"https:\\\/\\\/dinostorm.com\\\/pl\\\/gra\\\/leksykon-dinozaurow\\\/#primaryimage\",\"url\":\"https:\\\/\\\/dinostorm.com\\\/wp-content\\\/uploads\\\/2012\\\/09\\\/ds_jungle_01.jpg\",\"contentUrl\":\"https:\\\/\\\/dinostorm.com\\\/wp-content\\\/uploads\\\/2012\\\/09\\\/ds_jungle_01.jpg\",\"width\":1280,\"height\":720,\"caption\":\"Beware of dangerous bandits in Mokon Woods are everywhere.\"},{\"@type\":\"BreadcrumbList\",\"@id\":\"https:\\\/\\\/dinostorm.com\\\/pl\\\/gra\\\/leksykon-dinozaurow\\\/#breadcrumb\",\"itemListElement\":[{\"@type\":\"ListItem\",\"position\":1,\"name\":\"Home\",\"item\":\"https:\\\/\\\/dinostorm.com\\\/pl\\\/\"},{\"@type\":\"ListItem\",\"position\":2,\"name\":\"Gra\",\"item\":\"https:\\\/\\\/dinostorm.com\\\/pl\\\/gra\\\/\"},{\"@type\":\"ListItem\",\"position\":3,\"name\":\"Leksykon dinozaur\u00f3w\"}]},{\"@type\":\"WebSite\",\"@id\":\"https:\\\/\\\/dinostorm.com\\\/pl\\\/#website\",\"url\":\"https:\\\/\\\/dinostorm.com\\\/pl\\\/\",\"name\":\"Dino Storm\",\"description\":\"\",\"potentialAction\":[{\"@type\":\"SearchAction\",\"target\":{\"@type\":\"EntryPoint\",\"urlTemplate\":\"https:\\\/\\\/dinostorm.com\\\/pl\\\/?s={search_term_string}\"},\"query-input\":{\"@type\":\"PropertyValueSpecification\",\"valueRequired\":true,\"valueName\":\"search_term_string\"}}],\"inLanguage\":\"pl-PL\"}]}<\/script>\n<!-- \/ Yoast SEO plugin. -->","yoast_head_json":{"title":"Leksykon dinozaur\u00f3w - Dino Storm","description":"Wiesz wszystko o dinozaurach w Dino Storm? Je\u017celi nie to zapoznaj si\u0119 z naszym leksykonem dinozaur\u00f3w. Fakty, umiej\u0119tno\u015bci, cechy i wiele wi\u0119cej...","robots":{"index":"index","follow":"follow","max-snippet":"max-snippet:-1","max-image-preview":"max-image-preview:large","max-video-preview":"max-video-preview:-1"},"canonical":"https:\/\/dinostorm.com\/pl\/gra\/leksykon-dinozaurow\/","og_locale":"pl_PL","og_type":"article","og_title":"Leksykon dinozaur\u00f3w - Dino Storm","og_description":"Wiesz wszystko o dinozaurach w Dino Storm? Je\u017celi nie to zapoznaj si\u0119 z naszym leksykonem dinozaur\u00f3w. Fakty, umiej\u0119tno\u015bci, cechy i wiele wi\u0119cej...","og_url":"https:\/\/dinostorm.com\/pl\/gra\/leksykon-dinozaurow\/","og_site_name":"Dino Storm","article_modified_time":"2021-07-08T11:47:29+00:00","og_image":[{"width":1280,"height":720,"url":"https:\/\/dinostorm.com\/wp-content\/uploads\/2012\/09\/ds_jungle_01.jpg","type":"image\/jpeg"}],"schema":{"@context":"https:\/\/schema.org","@graph":[{"@type":"WebPage","@id":"https:\/\/dinostorm.com\/pl\/gra\/leksykon-dinozaurow\/","url":"https:\/\/dinostorm.com\/pl\/gra\/leksykon-dinozaurow\/","name":"Leksykon dinozaur\u00f3w - Dino Storm","isPartOf":{"@id":"https:\/\/dinostorm.com\/pl\/#website"},"primaryImageOfPage":{"@id":"https:\/\/dinostorm.com\/pl\/gra\/leksykon-dinozaurow\/#primaryimage"},"image":{"@id":"https:\/\/dinostorm.com\/pl\/gra\/leksykon-dinozaurow\/#primaryimage"},"thumbnailUrl":"https:\/\/dinostorm.com\/wp-content\/uploads\/2012\/09\/ds_jungle_01.jpg","datePublished":"2012-09-10T14:23:12+00:00","dateModified":"2021-07-08T11:47:29+00:00","description":"Wiesz wszystko o dinozaurach w Dino Storm? Je\u017celi nie to zapoznaj si\u0119 z naszym leksykonem dinozaur\u00f3w. Fakty, umiej\u0119tno\u015bci, cechy i wiele wi\u0119cej...","breadcrumb":{"@id":"https:\/\/dinostorm.com\/pl\/gra\/leksykon-dinozaurow\/#breadcrumb"},"inLanguage":"pl-PL","potentialAction":[{"@type":"ReadAction","target":["https:\/\/dinostorm.com\/pl\/gra\/leksykon-dinozaurow\/"]}]},{"@type":"ImageObject","inLanguage":"pl-PL","@id":"https:\/\/dinostorm.com\/pl\/gra\/leksykon-dinozaurow\/#primaryimage","url":"https:\/\/dinostorm.com\/wp-content\/uploads\/2012\/09\/ds_jungle_01.jpg","contentUrl":"https:\/\/dinostorm.com\/wp-content\/uploads\/2012\/09\/ds_jungle_01.jpg","width":1280,"height":720,"caption":"Beware of dangerous bandits in Mokon Woods are everywhere."},{"@type":"BreadcrumbList","@id":"https:\/\/dinostorm.com\/pl\/gra\/leksykon-dinozaurow\/#breadcrumb","itemListElement":[{"@type":"ListItem","position":1,"name":"Home","item":"https:\/\/dinostorm.com\/pl\/"},{"@type":"ListItem","position":2,"name":"Gra","item":"https:\/\/dinostorm.com\/pl\/gra\/"},{"@type":"ListItem","position":3,"name":"Leksykon dinozaur\u00f3w"}]},{"@type":"WebSite","@id":"https:\/\/dinostorm.com\/pl\/#website","url":"https:\/\/dinostorm.com\/pl\/","name":"Dino Storm","description":"","potentialAction":[{"@type":"SearchAction","target":{"@type":"EntryPoint","urlTemplate":"https:\/\/dinostorm.com\/pl\/?s={search_term_string}"},"query-input":{"@type":"PropertyValueSpecification","valueRequired":true,"valueName":"search_term_string"}}],"inLanguage":"pl-PL"}]}},"_links":{"self":[{"href":"https:\/\/dinostorm.com\/pl\/wp-json\/wp\/v2\/pages\/3060","targetHints":{"allow":["GET"]}}],"collection":[{"href":"https:\/\/dinostorm.com\/pl\/wp-json\/wp\/v2\/pages"}],"about":[{"href":"https:\/\/dinostorm.com\/pl\/wp-json\/wp\/v2\/types\/page"}],"author":[{"embeddable":true,"href":"https:\/\/dinostorm.com\/pl\/wp-json\/wp\/v2\/users\/26"}],"replies":[{"embeddable":true,"href":"https:\/\/dinostorm.com\/pl\/wp-json\/wp\/v2\/comments?post=3060"}],"version-history":[{"count":2,"href":"https:\/\/dinostorm.com\/pl\/wp-json\/wp\/v2\/pages\/3060\/revisions"}],"predecessor-version":[{"id":237952,"href":"https:\/\/dinostorm.com\/pl\/wp-json\/wp\/v2\/pages\/3060\/revisions\/237952"}],"up":[{"embeddable":true,"href":"https:\/\/dinostorm.com\/pl\/wp-json\/wp\/v2\/pages\/3061"}],"wp:featuredmedia":[{"embeddable":true,"href":"https:\/\/dinostorm.com\/pl\/wp-json\/wp\/v2\/media\/15052"}],"wp:attachment":[{"href":"https:\/\/dinostorm.com\/pl\/wp-json\/wp\/v2\/media?parent=3060"}],"curies":[{"name":"wp","href":"https:\/\/api.w.org\/{rel}","templated":true}]}}