{"id":3059,"date":"2012-10-18T09:12:31","date_gmt":"2012-10-18T07:12:31","guid":{"rendered":"http:\/\/dinostorm.com\/?page_id=3059"},"modified":"2021-07-08T11:29:05","modified_gmt":"2021-07-08T09:29:05","slug":"tyranozaur","status":"publish","type":"page","link":"https:\/\/dinostorm.com\/pl\/gra\/leksykon-dinozaurow\/tyranozaur\/","title":{"rendered":"Tyranozaur"},"content":{"rendered":"<div class=\"teaser\"><\/div>\n<h1 class=\"headline_page width_500\"><span>Dinozaur Tyranozaur<\/span><\/h1>\n<p class=\"back-button back-pos500\"><a class=\"back-block\" href=\"\/pl\/gra\/leksykon-dinozaurow\">z powrotem<\/a><\/p>\n<div class=\"two_thirds\">\n<h2 class=\"headline-lex\"><span>Tyranozaur w Dino Storm<\/span><\/h2>\n<div class=\"banner_lex\">\n<p class=\"banner_text_lex text_lex\"><strong>Tyranozaur<\/strong> jest szczeg\u00f3lnie silnym dinozaurem, kt\u00f3ry mo\u017ce zosta\u0107 zaklasyfikowany jako klasa zadaj\u0105ca najwi\u0119cej obra\u017ce\u0144 w zwarciu. Ten mi\u0119so\u017cerca potrafi szar\u017cowa\u0107 na przeciwnik\u00f3w w zatrwa\u017caj\u0105cym tempie powoduj\u0105c przy tym w\u015br\u00f3d nich trwog\u0119!<\/p>\n<div style=\"margin-right: 29px; float: left; width: 10px; text-align: left; position: relative; top: 40px; left: 30px\">\n<strong class=\"text_lex\" style=\"position: relative; top: 12px\">Witalnosc:<\/strong><br \/>\n<strong class=\"text_lex\" style=\"position: relative; top: 30px\">Sila:<\/strong><br \/>\n<strong class=\"text_lex\" style=\"position: relative; top: 50px\">Wytrzymalosc:<\/strong>\n<\/div>\n<div style=\"margin-right: 20px; float: left; width: 118px; text-align: left; position: relative; top: 70px; left: 10px\">\n<img decoding=\"async\" class=\"skill_image_lex colorbox-3059\" title=\"Podstawowa witalnosc: 1\" src=\"\/wp-content\/themes\/arras\/images\/dinostorm\/Dinos\/bar_health_1.png\" alt=\"Podstawowy poziom witalnosci Tyranozaur w Dino Storm wynosi 1.\" \/><br \/>\n<img decoding=\"async\" class=\"skill_image_lex colorbox-3059\" title=\"Podstawowa sila: 5\" src=\"\/wp-content\/themes\/arras\/images\/dinostorm\/Dinos\/bar_strength_5.png\" alt=\"Podstawowy poziom sila Tyranozaur w Dino Storm wynosi 5.\" \/><br \/>\n<img decoding=\"async\" class=\"skill_image_lex colorbox-3059\" title=\"Podstawowa wytrzymalosc: 4\" src=\"\/wp-content\/themes\/arras\/images\/dinostorm\/Dinos\/bar_endurance_4.png\" alt=\"Podstawowy poziom wytrzymalosci Tyranozaur w Dino Storm wynosi 4.\" \/>\n<\/div>\n<div class=\"icc_scale\">\n<img class=\"colorbox-3059\"  decoding=\"async\" src=\"\/wp-content\/themes\/arras\/images\/dinostorm\/Dinos\/icc_scale_pnn.png\" alt=\"\" title=\"\"\/><br \/>\n<a href=\"\/pl\/gra\/leksykon-dinozaurow\/karnotaur\/\"><img decoding=\"async\" class=\"icc_dino colorbox-3059\" src=\"\/wp-content\/themes\/arras\/images\/dinostorm\/Dinos\/carnotaurus_icon.png\" alt=\"\" title=\"\"\/><\/a><\/p>\n<div class=\"icc_text\">Alternatywny sprzedawca obra\u017ce\u0144:<br \/>\n<strong>Karnotaur<\/strong>\n<\/div>\n<\/div>\n<\/div>\n<div class=\"one_third\">\n<img decoding=\"async\" class=\"dino_lex_2 colorbox-3059\" src=\"\/wp-content\/themes\/arras\/images\/dinostorm\/Dinos\/Tyrannosaurus Rex.png\" alt=\"Tyranozaur\" \/>\n<\/div>\n<\/div>\n<div class=\"clear\"><\/div>\n<div class=\"one_third\">\n<h3 class=\"headlinelex2_1\">Tyranozaur \u2014 Umiej&#x0119;tno&#x015b;ci dinozaura<\/h3>\n<div class=\"banner_lex2\">\n<span class=\"icon_skill_top float-left\"><br \/>\n<img class=\"colorbox-3059\"  decoding=\"async\" src=\"\/wp-content\/themes\/arras\/images\/dinostorm\/Dinos\/Trex_skill_01.png\" \nonmouseover=\"for (let el of document.querySelectorAll('.trex_idle')) el.style.visibility = 'hidden'; for (let el of document.querySelectorAll('.trex_skill1')) el.style.visibility = 'visible';\"\nonmouseout=\"for (let el of document.querySelectorAll('.trex_idle')) el.style.visibility = 'visible'; for (let el of document.querySelectorAll('.trex_skill1')) el.style.visibility = 'hidden';\"\"\nalt=\"Tyranozaur Zdolno&#x015b;&#x0107; specjalna \u2014 Brutalne ugryzienie\" title=\"Zdolno&#x015b;&#x0107; specjalna: Brutalne ugryzienie\"\/><\/span><\/p>\n<div class=\"skill-wrapper\"><span class=\"icon_skill_title\">Brutalne ugryzienie<\/span><\/p>\n<p class=\"icon_skill_text\">\n<\/div>\n<p><span class=\"clear\"><!-- --><\/span><span class=\"icon_skill_top float-left\"><br \/>\n<img class=\"colorbox-3059\"  decoding=\"async\" src=\"\/wp-content\/themes\/arras\/images\/dinostorm\/Dinos\/Trex_skill_02.png\" \nonmouseover=\"for (let el of document.querySelectorAll('.trex_idle')) el.style.visibility = 'hidden'; for (let el of document.querySelectorAll('.trex_skill2')) el.style.visibility = 'visible';\"\nonmouseout=\"for (let el of document.querySelectorAll('.trex_idle')) el.style.visibility = 'visible'; for (let el of document.querySelectorAll('.trex_skill2')) el.style.visibility = 'hidden';\"\"\nalt=\"Tyranozaur Zdolno&#x015b;&#x0107; specjalna \u2014 Okrzyk wojenny\" title=\"Zdolno&#x015b;&#x0107; specjalna: Okrzyk wojenny\"\/><\/span><\/p>\n<div class=\"skill-wrapper-bottom\"><span class=\"icon_skill_title\">Okrzyk wojenny<\/span><\/p>\n<p class=\"icon_skill_text\">\n<\/div>\n<p><span class=\"clear\"><!-- --><\/span><\/p>\n<\/div>\n<\/div>\n<div class=\"one_third\">\n<h3 class=\"headlinelex2_2\">Tyranozaur \u2014 Fakty o dinozaurze<\/h3>\n<div class=\"fact_lex\">\n<p>Tyranozaur rex, kr&#x00f3;l morderczych gad&#x00f3;w, jest jednym z najwi&#x0119;kszych mi&#x0119;so&#x017c;erc&#x00f3;w w historii. Dinozaur ten &#x017c;y&#x0142; w okresie p&#x00f3;&#x017a;nej kredy na terenie obecnej Ameryki P&#x00f3;&#x0142;nocnej.<\/p>\n<p>Tyranozaur rex chodzi&#x0142; na dw&#x00f3;ch nogach i posiada&#x0142; masywn&#x0105; g&#x0142;ow&#x0119;. Jego ogon s&#x0142;u&#x017c;y&#x0142; mu do zachowania r&#x00f3;wnowagi. Z&#x0119;by T-Rexa by&#x0142;y d&#x0142;ugie na oko&#x0142;o 20 cm (~8 cali) i niezwykle ostre. Badacze uwa&#x017c;aj&#x0105;, i&#x017c; dinozaur ten by&#x0142; w stanie ugry&#x017a;&#x0107; z moc&#x0105; a&#x017c; do 52.2000 Newton&#x00f3;w, co przek&#x0142;ada si&#x0119; na 5 ton na z&#x0105;b.<\/p>\n<\/div>\n<\/div>\n<div class=\"dino_animations\">\n<img decoding=\"async\" class=\"trex_idle colorbox-3059\" src=\"\/wp-content\/themes\/arras\/images\/dinostorm\/Dinos\/tyrannosaurus_idle.gif\"\/><br \/>\n<img decoding=\"async\" class=\"trex_skill1 colorbox-3059\" style=\"bottom:156px\" src=\"\/wp-content\/themes\/arras\/images\/dinostorm\/Dinos\/tyrannosaurus_skill_01.gif\"\/><br \/>\n<img decoding=\"async\" class=\"trex_skill2 colorbox-3059\" style=\"bottom:476px\" src=\"\/wp-content\/themes\/arras\/images\/dinostorm\/Dinos\/tyrannosaurus_skill_02.gif\"\/>\n<\/div>\n<div class=\"full\">\n<img decoding=\"async\" class=\"hr3 margin35 colorbox-3059\" src=\"\/wp-content\/themes\/arras\/images\/dinostorm\/seperator_big.png\" alt=\"separator dino storm\" \/>\n<\/div>\n","protected":false},"excerpt":{"rendered":"<p>Dinozaur Tyranozaur z powrotem Tyranozaur w Dino Storm Tyranozaur jest szczeg\u00f3lnie silnym dinozaurem, kt\u00f3ry mo\u017ce zosta\u0107 zaklasyfikowany jako klasa zadaj\u0105ca najwi\u0119cej obra\u017ce\u0144 w zwarciu. Ten mi\u0119so\u017cerca potrafi szar\u017cowa\u0107 na przeciwnik\u00f3w w zatrwa\u017caj\u0105cym tempie powoduj\u0105c przy [&hellip;]<\/p>\n","protected":false},"author":26,"featured_media":15052,"parent":3060,"menu_order":0,"comment_status":"closed","ping_status":"closed","template":"pagetpl-onecolumn.php","meta":{"footnotes":"","_links_to":"","_links_to_target":""},"class_list":["post-3059","page","type-page","status-publish","has-post-thumbnail","hentry"],"yoast_head":"<!-- This site is optimized with the Yoast SEO plugin v27.4 - https:\/\/yoast.com\/product\/yoast-seo-wordpress\/ -->\n<title>Tyranozaur - Dino Storm<\/title>\n<meta name=\"description\" content=\"Tyranozaur rex jest wyj\u0105tkowo silnym i pot\u0119\u017cnym mi\u0119so\u017cerc\u0105, kt\u00f3ry sieje postrach w Dino Storm. Wszystko co powiniene\u015b wiedzie\u0107 o tyranozaurze rex.\" \/>\n<meta name=\"robots\" content=\"index, follow, max-snippet:-1, max-image-preview:large, max-video-preview:-1\" \/>\n<link rel=\"canonical\" href=\"https:\/\/dinostorm.com\/pl\/gra\/leksykon-dinozaurow\/tyranozaur\/\" \/>\n<meta property=\"og:locale\" content=\"pl_PL\" \/>\n<meta property=\"og:type\" content=\"article\" \/>\n<meta property=\"og:title\" content=\"Tyranozaur - Dino Storm\" \/>\n<meta property=\"og:description\" content=\"Tyranozaur rex jest wyj\u0105tkowo silnym i pot\u0119\u017cnym mi\u0119so\u017cerc\u0105, kt\u00f3ry sieje postrach w Dino Storm. Wszystko co powiniene\u015b wiedzie\u0107 o tyranozaurze rex.\" \/>\n<meta property=\"og:url\" content=\"https:\/\/dinostorm.com\/pl\/gra\/leksykon-dinozaurow\/tyranozaur\/\" \/>\n<meta property=\"og:site_name\" content=\"Dino Storm\" \/>\n<meta property=\"article:modified_time\" content=\"2021-07-08T09:29:05+00:00\" \/>\n<meta property=\"og:image\" content=\"https:\/\/dinostorm.com\/wp-content\/uploads\/2012\/09\/ds_jungle_01.jpg\" \/>\n\t<meta property=\"og:image:width\" content=\"1280\" \/>\n\t<meta property=\"og:image:height\" content=\"720\" \/>\n\t<meta property=\"og:image:type\" content=\"image\/jpeg\" \/>\n<script type=\"application\/ld+json\" class=\"yoast-schema-graph\">{\"@context\":\"https:\\\/\\\/schema.org\",\"@graph\":[{\"@type\":\"WebPage\",\"@id\":\"https:\\\/\\\/dinostorm.com\\\/pl\\\/gra\\\/leksykon-dinozaurow\\\/tyranozaur\\\/\",\"url\":\"https:\\\/\\\/dinostorm.com\\\/pl\\\/gra\\\/leksykon-dinozaurow\\\/tyranozaur\\\/\",\"name\":\"Tyranozaur - Dino Storm\",\"isPartOf\":{\"@id\":\"https:\\\/\\\/dinostorm.com\\\/pl\\\/#website\"},\"primaryImageOfPage\":{\"@id\":\"https:\\\/\\\/dinostorm.com\\\/pl\\\/gra\\\/leksykon-dinozaurow\\\/tyranozaur\\\/#primaryimage\"},\"image\":{\"@id\":\"https:\\\/\\\/dinostorm.com\\\/pl\\\/gra\\\/leksykon-dinozaurow\\\/tyranozaur\\\/#primaryimage\"},\"thumbnailUrl\":\"https:\\\/\\\/dinostorm.com\\\/wp-content\\\/uploads\\\/2012\\\/09\\\/ds_jungle_01.jpg\",\"datePublished\":\"2012-10-18T07:12:31+00:00\",\"dateModified\":\"2021-07-08T09:29:05+00:00\",\"description\":\"Tyranozaur rex jest wyj\u0105tkowo silnym i pot\u0119\u017cnym mi\u0119so\u017cerc\u0105, kt\u00f3ry sieje postrach w Dino Storm. Wszystko co powiniene\u015b wiedzie\u0107 o tyranozaurze rex.\",\"breadcrumb\":{\"@id\":\"https:\\\/\\\/dinostorm.com\\\/pl\\\/gra\\\/leksykon-dinozaurow\\\/tyranozaur\\\/#breadcrumb\"},\"inLanguage\":\"pl-PL\",\"potentialAction\":[{\"@type\":\"ReadAction\",\"target\":[\"https:\\\/\\\/dinostorm.com\\\/pl\\\/gra\\\/leksykon-dinozaurow\\\/tyranozaur\\\/\"]}]},{\"@type\":\"ImageObject\",\"inLanguage\":\"pl-PL\",\"@id\":\"https:\\\/\\\/dinostorm.com\\\/pl\\\/gra\\\/leksykon-dinozaurow\\\/tyranozaur\\\/#primaryimage\",\"url\":\"https:\\\/\\\/dinostorm.com\\\/wp-content\\\/uploads\\\/2012\\\/09\\\/ds_jungle_01.jpg\",\"contentUrl\":\"https:\\\/\\\/dinostorm.com\\\/wp-content\\\/uploads\\\/2012\\\/09\\\/ds_jungle_01.jpg\",\"width\":1280,\"height\":720,\"caption\":\"Beware of dangerous bandits in Mokon Woods are everywhere.\"},{\"@type\":\"BreadcrumbList\",\"@id\":\"https:\\\/\\\/dinostorm.com\\\/pl\\\/gra\\\/leksykon-dinozaurow\\\/tyranozaur\\\/#breadcrumb\",\"itemListElement\":[{\"@type\":\"ListItem\",\"position\":1,\"name\":\"Home\",\"item\":\"https:\\\/\\\/dinostorm.com\\\/pl\\\/\"},{\"@type\":\"ListItem\",\"position\":2,\"name\":\"Gra\",\"item\":\"https:\\\/\\\/dinostorm.com\\\/pl\\\/gra\\\/\"},{\"@type\":\"ListItem\",\"position\":3,\"name\":\"Leksykon dinozaur\u00f3w\",\"item\":\"https:\\\/\\\/dinostorm.com\\\/pl\\\/gra\\\/leksykon-dinozaurow\\\/\"},{\"@type\":\"ListItem\",\"position\":4,\"name\":\"Tyranozaur\"}]},{\"@type\":\"WebSite\",\"@id\":\"https:\\\/\\\/dinostorm.com\\\/pl\\\/#website\",\"url\":\"https:\\\/\\\/dinostorm.com\\\/pl\\\/\",\"name\":\"Dino Storm\",\"description\":\"\",\"potentialAction\":[{\"@type\":\"SearchAction\",\"target\":{\"@type\":\"EntryPoint\",\"urlTemplate\":\"https:\\\/\\\/dinostorm.com\\\/pl\\\/?s={search_term_string}\"},\"query-input\":{\"@type\":\"PropertyValueSpecification\",\"valueRequired\":true,\"valueName\":\"search_term_string\"}}],\"inLanguage\":\"pl-PL\"}]}<\/script>\n<!-- \/ Yoast SEO plugin. -->","yoast_head_json":{"title":"Tyranozaur - Dino Storm","description":"Tyranozaur rex jest wyj\u0105tkowo silnym i pot\u0119\u017cnym mi\u0119so\u017cerc\u0105, kt\u00f3ry sieje postrach w Dino Storm. Wszystko co powiniene\u015b wiedzie\u0107 o tyranozaurze rex.","robots":{"index":"index","follow":"follow","max-snippet":"max-snippet:-1","max-image-preview":"max-image-preview:large","max-video-preview":"max-video-preview:-1"},"canonical":"https:\/\/dinostorm.com\/pl\/gra\/leksykon-dinozaurow\/tyranozaur\/","og_locale":"pl_PL","og_type":"article","og_title":"Tyranozaur - Dino Storm","og_description":"Tyranozaur rex jest wyj\u0105tkowo silnym i pot\u0119\u017cnym mi\u0119so\u017cerc\u0105, kt\u00f3ry sieje postrach w Dino Storm. Wszystko co powiniene\u015b wiedzie\u0107 o tyranozaurze rex.","og_url":"https:\/\/dinostorm.com\/pl\/gra\/leksykon-dinozaurow\/tyranozaur\/","og_site_name":"Dino Storm","article_modified_time":"2021-07-08T09:29:05+00:00","og_image":[{"width":1280,"height":720,"url":"https:\/\/dinostorm.com\/wp-content\/uploads\/2012\/09\/ds_jungle_01.jpg","type":"image\/jpeg"}],"schema":{"@context":"https:\/\/schema.org","@graph":[{"@type":"WebPage","@id":"https:\/\/dinostorm.com\/pl\/gra\/leksykon-dinozaurow\/tyranozaur\/","url":"https:\/\/dinostorm.com\/pl\/gra\/leksykon-dinozaurow\/tyranozaur\/","name":"Tyranozaur - Dino Storm","isPartOf":{"@id":"https:\/\/dinostorm.com\/pl\/#website"},"primaryImageOfPage":{"@id":"https:\/\/dinostorm.com\/pl\/gra\/leksykon-dinozaurow\/tyranozaur\/#primaryimage"},"image":{"@id":"https:\/\/dinostorm.com\/pl\/gra\/leksykon-dinozaurow\/tyranozaur\/#primaryimage"},"thumbnailUrl":"https:\/\/dinostorm.com\/wp-content\/uploads\/2012\/09\/ds_jungle_01.jpg","datePublished":"2012-10-18T07:12:31+00:00","dateModified":"2021-07-08T09:29:05+00:00","description":"Tyranozaur rex jest wyj\u0105tkowo silnym i pot\u0119\u017cnym mi\u0119so\u017cerc\u0105, kt\u00f3ry sieje postrach w Dino Storm. Wszystko co powiniene\u015b wiedzie\u0107 o tyranozaurze rex.","breadcrumb":{"@id":"https:\/\/dinostorm.com\/pl\/gra\/leksykon-dinozaurow\/tyranozaur\/#breadcrumb"},"inLanguage":"pl-PL","potentialAction":[{"@type":"ReadAction","target":["https:\/\/dinostorm.com\/pl\/gra\/leksykon-dinozaurow\/tyranozaur\/"]}]},{"@type":"ImageObject","inLanguage":"pl-PL","@id":"https:\/\/dinostorm.com\/pl\/gra\/leksykon-dinozaurow\/tyranozaur\/#primaryimage","url":"https:\/\/dinostorm.com\/wp-content\/uploads\/2012\/09\/ds_jungle_01.jpg","contentUrl":"https:\/\/dinostorm.com\/wp-content\/uploads\/2012\/09\/ds_jungle_01.jpg","width":1280,"height":720,"caption":"Beware of dangerous bandits in Mokon Woods are everywhere."},{"@type":"BreadcrumbList","@id":"https:\/\/dinostorm.com\/pl\/gra\/leksykon-dinozaurow\/tyranozaur\/#breadcrumb","itemListElement":[{"@type":"ListItem","position":1,"name":"Home","item":"https:\/\/dinostorm.com\/pl\/"},{"@type":"ListItem","position":2,"name":"Gra","item":"https:\/\/dinostorm.com\/pl\/gra\/"},{"@type":"ListItem","position":3,"name":"Leksykon dinozaur\u00f3w","item":"https:\/\/dinostorm.com\/pl\/gra\/leksykon-dinozaurow\/"},{"@type":"ListItem","position":4,"name":"Tyranozaur"}]},{"@type":"WebSite","@id":"https:\/\/dinostorm.com\/pl\/#website","url":"https:\/\/dinostorm.com\/pl\/","name":"Dino Storm","description":"","potentialAction":[{"@type":"SearchAction","target":{"@type":"EntryPoint","urlTemplate":"https:\/\/dinostorm.com\/pl\/?s={search_term_string}"},"query-input":{"@type":"PropertyValueSpecification","valueRequired":true,"valueName":"search_term_string"}}],"inLanguage":"pl-PL"}]}},"_links":{"self":[{"href":"https:\/\/dinostorm.com\/pl\/wp-json\/wp\/v2\/pages\/3059","targetHints":{"allow":["GET"]}}],"collection":[{"href":"https:\/\/dinostorm.com\/pl\/wp-json\/wp\/v2\/pages"}],"about":[{"href":"https:\/\/dinostorm.com\/pl\/wp-json\/wp\/v2\/types\/page"}],"author":[{"embeddable":true,"href":"https:\/\/dinostorm.com\/pl\/wp-json\/wp\/v2\/users\/26"}],"replies":[{"embeddable":true,"href":"https:\/\/dinostorm.com\/pl\/wp-json\/wp\/v2\/comments?post=3059"}],"version-history":[{"count":4,"href":"https:\/\/dinostorm.com\/pl\/wp-json\/wp\/v2\/pages\/3059\/revisions"}],"predecessor-version":[{"id":237859,"href":"https:\/\/dinostorm.com\/pl\/wp-json\/wp\/v2\/pages\/3059\/revisions\/237859"}],"up":[{"embeddable":true,"href":"https:\/\/dinostorm.com\/pl\/wp-json\/wp\/v2\/pages\/3060"}],"wp:featuredmedia":[{"embeddable":true,"href":"https:\/\/dinostorm.com\/pl\/wp-json\/wp\/v2\/media\/15052"}],"wp:attachment":[{"href":"https:\/\/dinostorm.com\/pl\/wp-json\/wp\/v2\/media?parent=3059"}],"curies":[{"name":"wp","href":"https:\/\/api.w.org\/{rel}","templated":true}]}}