{"id":3008,"date":"2012-10-18T09:09:45","date_gmt":"2012-10-18T07:09:45","guid":{"rendered":"http:\/\/dinostorm.com\/?page_id=3008"},"modified":"2021-07-08T13:59:12","modified_gmt":"2021-07-08T11:59:12","slug":"brachiozaur","status":"publish","type":"page","link":"https:\/\/dinostorm.com\/pl\/gra\/leksykon-dinozaurow\/brachiozaur\/","title":{"rendered":"Brachiozaur"},"content":{"rendered":"<div class=\"teaser\"><\/div>\n<h1 class=\"headline_page width_500\"><span>Dinozaur Brachiozaur<\/span><\/h1>\n<p class=\"back-button back-pos500\"><a class=\"back-block\" href=\"\/pl\/gra\/leksykon-dinozaurow\">z powrotem<\/a><\/p>\n<div class=\"two_thirds\">\n<h2 class=\"headline-lex\"><span>Brachiozaur w Dino Storm<\/span><\/h2>\n<div class=\"banner_lex\">\n<p class=\"banner_text_lex text_lex\"><strong>Brachiozaur<\/strong> jest ho\u017cym dinozaurem, kt\u00f3ry mo\u017ce zosta\u0107 zaklasyfikowany jako czo\u0142g. Jego masywna budowa pozwala mu przetrwa\u0107 nawet najci\u0119\u017csze bitwy oraz jest on w stanie prowadzi\u0107 walk\u0119 w zwarciu. Jest on jednak do\u015b\u0107 powolny.<\/p>\n<div style=\"margin-right: 29px; float: left; width: 10px; text-align: left; position: relative; top: 40px; left: 30px\">\n<strong class=\"text_lex\" style=\"position: relative; top: 12px\">Witalno\u015b\u0107:<\/strong><br \/>\n<strong class=\"text_lex\" style=\"position: relative; top: 30px\">Sila:<\/strong><br \/>\n<strong class=\"text_lex\" style=\"position: relative; top: 50px\">Wytrzymalosc:<\/strong>\n<\/div>\n<div style=\"margin-right: 20px; float: left; width: 118px; text-align: left; position: relative; top: 70px; left: 10px\">\n<img decoding=\"async\" class=\"skill_image_lex colorbox-3008\" title=\"Podstawowa witalno\u015b\u0107: 5\" src=\"\/wp-content\/themes\/arras\/images\/dinostorm\/Dinos\/bar_health_5.png\" alt=\"Podstawowy poziom witalno\u015bci brachiozaura w Dino Storm wynosi 5.\" \/><br \/>\n<img decoding=\"async\" class=\"skill_image_lex colorbox-3008\" title=\"Podstawowa sila: 2\" src=\"\/wp-content\/themes\/arras\/images\/dinostorm\/Dinos\/bar_strength_2.png\" alt=\"Podstawowy poziom sila brachiozaura w Dino Storm wynosi 2.\" \/><br \/>\n<img decoding=\"async\" class=\"skill_image_lex colorbox-3008\" title=\"Podstawowa wytrzymalosc: 1\" src=\"\/wp-content\/themes\/arras\/images\/dinostorm\/Dinos\/bar_endurance_1.png\" alt=\"Podstawowy poziom wytrzymalosci brachiozaura w Dino Storm wynosi 1.\" \/>\n<\/div>\n<div class=\"icc_scale\">\n<img class=\"colorbox-3008\"  decoding=\"async\" src=\"\/wp-content\/themes\/arras\/images\/dinostorm\/Dinos\/icc_scale_npp.png\" alt=\"\" title=\"\"\/><br \/>\n<a href=\"\/pl\/gra\/leksykon-dinozaurow\/ankylosaurus\/\"><img decoding=\"async\" class=\"icc_dino colorbox-3008\" src=\"\/wp-content\/themes\/arras\/images\/dinostorm\/Dinos\/ankylosaurus_icon.png\" alt=\"\" title=\"\"\/><\/a><\/p>\n<div class=\"icc_text\">Alternatywny czo\u0142g:<br \/>\n<strong>Ankylozaur<\/strong>\n<\/div>\n<\/div>\n<\/div>\n<div class=\"one_third\">\n<img decoding=\"async\" class=\"dino_lex_2 colorbox-3008\" src=\"\/wp-content\/themes\/arras\/images\/dinostorm\/Dinos\/Brachiosaurus.png\" alt=\"Brachiozaur\" \/>\n<\/div>\n<\/div>\n<div class=\"clear\"><\/div>\n<div class=\"one_third\">\n<h3 class=\"headlinelex2_1\">Brachiozaur \u2014 Umiej&#x0119;tno&#x015b;ci dinozaura<\/h3>\n<div class=\"banner_lex2\">\n<span class=\"icon_skill_top float-left\"><br \/>\n<img class=\"colorbox-3008\"  decoding=\"async\" src=\"\/wp-content\/themes\/arras\/images\/dinostorm\/Dinos\/Brachiosaurus_skill_01.png\" \nonmouseover=\"for (let el of document.querySelectorAll('.brachi_idle')) el.style.visibility = 'hidden'; for (let el of document.querySelectorAll('.brachi_skill1')) el.style.visibility = 'visible';\"\nonmouseout=\"for (let el of document.querySelectorAll('.brachi_idle')) el.style.visibility = 'visible'; for (let el of document.querySelectorAll('.brachi_skill1')) el.style.visibility = 'hidden';\"\"\nalt=\"Brachiozaur Zdolno&#x015b;&#x0107; specjalna \u2014 Atak klatk&#x0105; pier&#x015b;iow&#x0105;\" title=\"Zdolno&#x015b;&#x0107; specjalna: Atak klatk&#x0105; pier&#x015b;iow&#x0105;\"\/><\/span><\/p>\n<div class=\"skill-wrapper\"><span class=\"icon_skill_title\">Atak klatk&#x0105; pier&#x015b;iow&#x0105;<\/span><\/p>\n<p class=\"icon_skill_text\">\n<\/div>\n<p><span class=\"clear\"><!-- --><\/span><span class=\"icon_skill_top float-left\"><br \/>\n<img class=\"colorbox-3008\"  decoding=\"async\" src=\"\/wp-content\/themes\/arras\/images\/dinostorm\/Dinos\/Brachiosaurus_skill_02.png\" \nonmouseover=\"for (let el of document.querySelectorAll('.brachi_idle')) el.style.visibility = 'hidden'; for (let el of document.querySelectorAll('.brachi_skill2')) el.style.visibility = 'visible';\"\nonmouseout=\"for (let el of document.querySelectorAll('.brachi_idle')) el.style.visibility = 'visible'; for (let el of document.querySelectorAll('.brachi_skill2')) el.style.visibility = 'hidden';\"\"\nalt=\"Brachiozaur Zdolno&#x015b;&#x0107; specjalna \u2014 Tupot\" title=\"Zdolno&#x015b;&#x0107; specjalna: Tupot\"\/><\/span><\/p>\n<div class=\"skill-wrapper-bottom\"><span class=\"icon_skill_title\">Tupot<\/span><\/p>\n<p class=\"icon_skill_text\">\n<\/div>\n<p><span class=\"clear\"><!-- --><\/span><\/p>\n<\/div>\n<\/div>\n<div class=\"one_third\">\n<h3 class=\"headlinelex2_2\">Brachiozaur \u2014 Fakty o dinozaurze<\/h3>\n<div class=\"fact_lex\">\n<p>Brachiozaur &#x017c;y&#x0142; na terenie obecnej Ameryki P&#x00f3;&#x0142;nocnej w okresie p&#x00f3;&#x017a;nej jury. Dinozaur ten, wraz z innymi dinozaurami z infrarz&#x0105;du zauropod&#x00f3;w, jest uwa&#x017c;any za jedno z najwi&#x0119;kszych zwierz&#x0105;t jakie kiedykolwiek chodzi&#x0142;o po Ziemi.<\/p>\n<p>Cech&#x0105; charakterystyczn&#x0105; brachiozaura jest oczywi&#x015b;cie jego d&#x0142;uga szyja, kt&#x00f3;ra stanowi wi&#x0119;cej ni&#x017c; po&#x0142;ow&#x0119; ca&#x0142;ej d&#x0142;ugo&#x015b;ci jego cia&#x0142;a. Niesamowit&#x0105; rzecz&#x0105; jest fakt, i&#x017c; kr&#x0119;g szyjny tego dinozaura nie by&#x0142; wi&#x0119;kszy ni&#x017c; kr&#x0119;gi szyjne innych zauropod&#x00f3;w, lecz by&#x0142; trzy razy d&#x0142;u&#x017c;szy ni&#x017c; kr&#x0105;g grzbietowy. W por&#x00f3;wnaniu do jego szyi, g&#x0142;owa brachiozaura by&#x0142;a raczej malutkich rozmiar&#x00f3;w.<\/p>\n<\/div>\n<\/div>\n<div class=\"dino_animations\">\n<img decoding=\"async\" class=\"brachi_idle colorbox-3008\" src=\"\/wp-content\/themes\/arras\/images\/dinostorm\/Dinos\/brachiosaurus_idle.gif\"\/><br \/>\n<img decoding=\"async\" class=\"brachi_skill1 colorbox-3008\" src=\"\/wp-content\/themes\/arras\/images\/dinostorm\/Dinos\/brachiosaurus_skill_01.gif\"\/><br \/>\n<img decoding=\"async\" class=\"brachi_skill2 colorbox-3008\" src=\"\/wp-content\/themes\/arras\/images\/dinostorm\/Dinos\/brachiosaurus_skill_02.gif\"\/>\n<\/div>\n<div class=\"full\"><img decoding=\"async\" class=\"hr3 margin35 colorbox-3008\" src=\"\/wp-content\/themes\/arras\/images\/dinostorm\/seperator_big.png\" alt=\"separator dino storm\" \/><\/div>\n","protected":false},"excerpt":{"rendered":"<p>Dinozaur Brachiozaur z powrotem Brachiozaur w Dino Storm Brachiozaur jest ho\u017cym dinozaurem, kt\u00f3ry mo\u017ce zosta\u0107 zaklasyfikowany jako czo\u0142g. Jego masywna budowa pozwala mu przetrwa\u0107 nawet najci\u0119\u017csze bitwy oraz jest on w stanie prowadzi\u0107 walk\u0119 w [&hellip;]<\/p>\n","protected":false},"author":26,"featured_media":15052,"parent":3060,"menu_order":0,"comment_status":"closed","ping_status":"closed","template":"pagetpl-onecolumn.php","meta":{"footnotes":"","_links_to":"","_links_to_target":""},"class_list":["post-3008","page","type-page","status-publish","has-post-thumbnail","hentry"],"yoast_head":"<!-- This site is optimized with the Yoast SEO plugin v27.4 - https:\/\/yoast.com\/product\/yoast-seo-wordpress\/ -->\n<title>Brachiozaur - Dino Storm<\/title>\n<meta name=\"description\" content=\"Brachiozaur ma grub\u0105 sk\u00f3r\u0119 i mocn\u0105 budow\u0119 cia\u0142a. Jest bardzo wytrzyma\u0142y, lecz odrobin\u0119 powolny. Wszystko co musisz wiedzie\u0107 o brachiozaurze: fakty...\" \/>\n<meta name=\"robots\" content=\"index, follow, max-snippet:-1, max-image-preview:large, max-video-preview:-1\" \/>\n<link rel=\"canonical\" href=\"https:\/\/dinostorm.com\/pl\/gra\/leksykon-dinozaurow\/brachiozaur\/\" \/>\n<meta property=\"og:locale\" content=\"pl_PL\" \/>\n<meta property=\"og:type\" content=\"article\" \/>\n<meta property=\"og:title\" content=\"Brachiozaur - Dino Storm\" \/>\n<meta property=\"og:description\" content=\"Brachiozaur ma grub\u0105 sk\u00f3r\u0119 i mocn\u0105 budow\u0119 cia\u0142a. Jest bardzo wytrzyma\u0142y, lecz odrobin\u0119 powolny. Wszystko co musisz wiedzie\u0107 o brachiozaurze: fakty...\" \/>\n<meta property=\"og:url\" content=\"https:\/\/dinostorm.com\/pl\/gra\/leksykon-dinozaurow\/brachiozaur\/\" \/>\n<meta property=\"og:site_name\" content=\"Dino Storm\" \/>\n<meta property=\"article:modified_time\" content=\"2021-07-08T11:59:12+00:00\" \/>\n<meta property=\"og:image\" content=\"https:\/\/dinostorm.com\/wp-content\/uploads\/2012\/09\/ds_jungle_01.jpg\" \/>\n\t<meta property=\"og:image:width\" content=\"1280\" \/>\n\t<meta property=\"og:image:height\" content=\"720\" \/>\n\t<meta property=\"og:image:type\" content=\"image\/jpeg\" \/>\n<script type=\"application\/ld+json\" class=\"yoast-schema-graph\">{\"@context\":\"https:\\\/\\\/schema.org\",\"@graph\":[{\"@type\":\"WebPage\",\"@id\":\"https:\\\/\\\/dinostorm.com\\\/pl\\\/gra\\\/leksykon-dinozaurow\\\/brachiozaur\\\/\",\"url\":\"https:\\\/\\\/dinostorm.com\\\/pl\\\/gra\\\/leksykon-dinozaurow\\\/brachiozaur\\\/\",\"name\":\"Brachiozaur - Dino Storm\",\"isPartOf\":{\"@id\":\"https:\\\/\\\/dinostorm.com\\\/pl\\\/#website\"},\"primaryImageOfPage\":{\"@id\":\"https:\\\/\\\/dinostorm.com\\\/pl\\\/gra\\\/leksykon-dinozaurow\\\/brachiozaur\\\/#primaryimage\"},\"image\":{\"@id\":\"https:\\\/\\\/dinostorm.com\\\/pl\\\/gra\\\/leksykon-dinozaurow\\\/brachiozaur\\\/#primaryimage\"},\"thumbnailUrl\":\"https:\\\/\\\/dinostorm.com\\\/wp-content\\\/uploads\\\/2012\\\/09\\\/ds_jungle_01.jpg\",\"datePublished\":\"2012-10-18T07:09:45+00:00\",\"dateModified\":\"2021-07-08T11:59:12+00:00\",\"description\":\"Brachiozaur ma grub\u0105 sk\u00f3r\u0119 i mocn\u0105 budow\u0119 cia\u0142a. Jest bardzo wytrzyma\u0142y, lecz odrobin\u0119 powolny. Wszystko co musisz wiedzie\u0107 o brachiozaurze: fakty...\",\"breadcrumb\":{\"@id\":\"https:\\\/\\\/dinostorm.com\\\/pl\\\/gra\\\/leksykon-dinozaurow\\\/brachiozaur\\\/#breadcrumb\"},\"inLanguage\":\"pl-PL\",\"potentialAction\":[{\"@type\":\"ReadAction\",\"target\":[\"https:\\\/\\\/dinostorm.com\\\/pl\\\/gra\\\/leksykon-dinozaurow\\\/brachiozaur\\\/\"]}]},{\"@type\":\"ImageObject\",\"inLanguage\":\"pl-PL\",\"@id\":\"https:\\\/\\\/dinostorm.com\\\/pl\\\/gra\\\/leksykon-dinozaurow\\\/brachiozaur\\\/#primaryimage\",\"url\":\"https:\\\/\\\/dinostorm.com\\\/wp-content\\\/uploads\\\/2012\\\/09\\\/ds_jungle_01.jpg\",\"contentUrl\":\"https:\\\/\\\/dinostorm.com\\\/wp-content\\\/uploads\\\/2012\\\/09\\\/ds_jungle_01.jpg\",\"width\":1280,\"height\":720,\"caption\":\"Beware of dangerous bandits in Mokon Woods are everywhere.\"},{\"@type\":\"BreadcrumbList\",\"@id\":\"https:\\\/\\\/dinostorm.com\\\/pl\\\/gra\\\/leksykon-dinozaurow\\\/brachiozaur\\\/#breadcrumb\",\"itemListElement\":[{\"@type\":\"ListItem\",\"position\":1,\"name\":\"Home\",\"item\":\"https:\\\/\\\/dinostorm.com\\\/pl\\\/\"},{\"@type\":\"ListItem\",\"position\":2,\"name\":\"Gra\",\"item\":\"https:\\\/\\\/dinostorm.com\\\/pl\\\/gra\\\/\"},{\"@type\":\"ListItem\",\"position\":3,\"name\":\"Leksykon dinozaur\u00f3w\",\"item\":\"https:\\\/\\\/dinostorm.com\\\/pl\\\/gra\\\/leksykon-dinozaurow\\\/\"},{\"@type\":\"ListItem\",\"position\":4,\"name\":\"Brachiozaur\"}]},{\"@type\":\"WebSite\",\"@id\":\"https:\\\/\\\/dinostorm.com\\\/pl\\\/#website\",\"url\":\"https:\\\/\\\/dinostorm.com\\\/pl\\\/\",\"name\":\"Dino Storm\",\"description\":\"\",\"potentialAction\":[{\"@type\":\"SearchAction\",\"target\":{\"@type\":\"EntryPoint\",\"urlTemplate\":\"https:\\\/\\\/dinostorm.com\\\/pl\\\/?s={search_term_string}\"},\"query-input\":{\"@type\":\"PropertyValueSpecification\",\"valueRequired\":true,\"valueName\":\"search_term_string\"}}],\"inLanguage\":\"pl-PL\"}]}<\/script>\n<!-- \/ Yoast SEO plugin. -->","yoast_head_json":{"title":"Brachiozaur - Dino Storm","description":"Brachiozaur ma grub\u0105 sk\u00f3r\u0119 i mocn\u0105 budow\u0119 cia\u0142a. Jest bardzo wytrzyma\u0142y, lecz odrobin\u0119 powolny. Wszystko co musisz wiedzie\u0107 o brachiozaurze: fakty...","robots":{"index":"index","follow":"follow","max-snippet":"max-snippet:-1","max-image-preview":"max-image-preview:large","max-video-preview":"max-video-preview:-1"},"canonical":"https:\/\/dinostorm.com\/pl\/gra\/leksykon-dinozaurow\/brachiozaur\/","og_locale":"pl_PL","og_type":"article","og_title":"Brachiozaur - Dino Storm","og_description":"Brachiozaur ma grub\u0105 sk\u00f3r\u0119 i mocn\u0105 budow\u0119 cia\u0142a. Jest bardzo wytrzyma\u0142y, lecz odrobin\u0119 powolny. Wszystko co musisz wiedzie\u0107 o brachiozaurze: fakty...","og_url":"https:\/\/dinostorm.com\/pl\/gra\/leksykon-dinozaurow\/brachiozaur\/","og_site_name":"Dino Storm","article_modified_time":"2021-07-08T11:59:12+00:00","og_image":[{"width":1280,"height":720,"url":"https:\/\/dinostorm.com\/wp-content\/uploads\/2012\/09\/ds_jungle_01.jpg","type":"image\/jpeg"}],"schema":{"@context":"https:\/\/schema.org","@graph":[{"@type":"WebPage","@id":"https:\/\/dinostorm.com\/pl\/gra\/leksykon-dinozaurow\/brachiozaur\/","url":"https:\/\/dinostorm.com\/pl\/gra\/leksykon-dinozaurow\/brachiozaur\/","name":"Brachiozaur - Dino Storm","isPartOf":{"@id":"https:\/\/dinostorm.com\/pl\/#website"},"primaryImageOfPage":{"@id":"https:\/\/dinostorm.com\/pl\/gra\/leksykon-dinozaurow\/brachiozaur\/#primaryimage"},"image":{"@id":"https:\/\/dinostorm.com\/pl\/gra\/leksykon-dinozaurow\/brachiozaur\/#primaryimage"},"thumbnailUrl":"https:\/\/dinostorm.com\/wp-content\/uploads\/2012\/09\/ds_jungle_01.jpg","datePublished":"2012-10-18T07:09:45+00:00","dateModified":"2021-07-08T11:59:12+00:00","description":"Brachiozaur ma grub\u0105 sk\u00f3r\u0119 i mocn\u0105 budow\u0119 cia\u0142a. Jest bardzo wytrzyma\u0142y, lecz odrobin\u0119 powolny. Wszystko co musisz wiedzie\u0107 o brachiozaurze: fakty...","breadcrumb":{"@id":"https:\/\/dinostorm.com\/pl\/gra\/leksykon-dinozaurow\/brachiozaur\/#breadcrumb"},"inLanguage":"pl-PL","potentialAction":[{"@type":"ReadAction","target":["https:\/\/dinostorm.com\/pl\/gra\/leksykon-dinozaurow\/brachiozaur\/"]}]},{"@type":"ImageObject","inLanguage":"pl-PL","@id":"https:\/\/dinostorm.com\/pl\/gra\/leksykon-dinozaurow\/brachiozaur\/#primaryimage","url":"https:\/\/dinostorm.com\/wp-content\/uploads\/2012\/09\/ds_jungle_01.jpg","contentUrl":"https:\/\/dinostorm.com\/wp-content\/uploads\/2012\/09\/ds_jungle_01.jpg","width":1280,"height":720,"caption":"Beware of dangerous bandits in Mokon Woods are everywhere."},{"@type":"BreadcrumbList","@id":"https:\/\/dinostorm.com\/pl\/gra\/leksykon-dinozaurow\/brachiozaur\/#breadcrumb","itemListElement":[{"@type":"ListItem","position":1,"name":"Home","item":"https:\/\/dinostorm.com\/pl\/"},{"@type":"ListItem","position":2,"name":"Gra","item":"https:\/\/dinostorm.com\/pl\/gra\/"},{"@type":"ListItem","position":3,"name":"Leksykon dinozaur\u00f3w","item":"https:\/\/dinostorm.com\/pl\/gra\/leksykon-dinozaurow\/"},{"@type":"ListItem","position":4,"name":"Brachiozaur"}]},{"@type":"WebSite","@id":"https:\/\/dinostorm.com\/pl\/#website","url":"https:\/\/dinostorm.com\/pl\/","name":"Dino Storm","description":"","potentialAction":[{"@type":"SearchAction","target":{"@type":"EntryPoint","urlTemplate":"https:\/\/dinostorm.com\/pl\/?s={search_term_string}"},"query-input":{"@type":"PropertyValueSpecification","valueRequired":true,"valueName":"search_term_string"}}],"inLanguage":"pl-PL"}]}},"_links":{"self":[{"href":"https:\/\/dinostorm.com\/pl\/wp-json\/wp\/v2\/pages\/3008","targetHints":{"allow":["GET"]}}],"collection":[{"href":"https:\/\/dinostorm.com\/pl\/wp-json\/wp\/v2\/pages"}],"about":[{"href":"https:\/\/dinostorm.com\/pl\/wp-json\/wp\/v2\/types\/page"}],"author":[{"embeddable":true,"href":"https:\/\/dinostorm.com\/pl\/wp-json\/wp\/v2\/users\/26"}],"replies":[{"embeddable":true,"href":"https:\/\/dinostorm.com\/pl\/wp-json\/wp\/v2\/comments?post=3008"}],"version-history":[{"count":5,"href":"https:\/\/dinostorm.com\/pl\/wp-json\/wp\/v2\/pages\/3008\/revisions"}],"predecessor-version":[{"id":237968,"href":"https:\/\/dinostorm.com\/pl\/wp-json\/wp\/v2\/pages\/3008\/revisions\/237968"}],"up":[{"embeddable":true,"href":"https:\/\/dinostorm.com\/pl\/wp-json\/wp\/v2\/pages\/3060"}],"wp:featuredmedia":[{"embeddable":true,"href":"https:\/\/dinostorm.com\/pl\/wp-json\/wp\/v2\/media\/15052"}],"wp:attachment":[{"href":"https:\/\/dinostorm.com\/pl\/wp-json\/wp\/v2\/media?parent=3008"}],"curies":[{"name":"wp","href":"https:\/\/api.w.org\/{rel}","templated":true}]}}