{"id":2043,"date":"2011-02-07T15:51:52","date_gmt":"2011-02-07T13:51:52","guid":{"rendered":"http:\/\/dinostorm.com\/?page_id=2043"},"modified":"2019-07-08T16:23:12","modified_gmt":"2019-07-08T14:23:12","slug":"odcisk","status":"publish","type":"page","link":"https:\/\/dinostorm.com\/pl\/odcisk\/","title":{"rendered":"odcisk"},"content":{"rendered":"<div class=\"teaser\"><\/div>\n<h1 class=\"headline_page width_500\">Splitscreen Games Odcisk<\/h1>\n<p class=\"back-button back-pos500\"><a class=\"back-block\" href=\"http:\/\/dinostorm.com\/pl\/\">z powrotem<\/a><\/p>\n<div class=\"one_half\">\n<div class=\"Banner\">\n<div class=\"BannerInn\">\n<p class=\"BannerHead\">Kontakt<\/p>\n<h2 class=\"BannerH\">Splitscreen Studios GmbH<br \/>\nBlumenau 138<br \/>\n22089 Hamburg<br \/>\nGermany<\/h2>\n<div class=\"BannerText2\" style=\"left: 2px;\"><a title=\"www.splitscreen-games.com\" href=\"http:\/\/splitscreen-games.com\">www.splitscreen-games.com<\/a><br \/>\nCEO: Alexandre Miguel Maia<\/p>\n<p>USt-IdNr.: DE259607791<\/p>\n<p>HRB 105028<\/p>\n<p>(Amtsgericht Hamburg)<\/p>\n<\/div>\n<\/div>\n<\/div>\n<\/div>\n<div class=\"one_half_last\">\n<p class=\"headline-home2 headline-home2-pos\">ADRES<\/p>\n<p><strong>W sprawach biznesowych prosimy o kontakt pod adresem:<\/strong><br \/>\ninfo [at] splitscreenstudios.com<\/p>\n<p><strong>Po pomoc techniczn\u0105 prosimy o kontakt pod adresem:<\/strong><br \/>\nsupport [at] splitscreenstudios.com<\/p>\n<p><strong>Osoba odpowiedzialna za ochron\u0119 dzieci i m\u0142odzie\u017cy w grze:<\/strong><br \/>\nWiebke Kirchhoff<br \/>\njugendschutz [at] splitscreenstudios.com<\/p>\n<\/div>\n","protected":false},"excerpt":{"rendered":"<p>Splitscreen Games Odcisk z powrotem Kontakt Splitscreen Studios GmbH Blumenau 138 22089 Hamburg Germany www.splitscreen-games.com CEO: Alexandre Miguel Maia USt-IdNr.: DE259607791 HRB 105028 (Amtsgericht Hamburg) ADRES W sprawach biznesowych prosimy o kontakt pod adresem: info [&hellip;]<\/p>\n","protected":false},"author":26,"featured_media":-1,"parent":0,"menu_order":0,"comment_status":"closed","ping_status":"closed","template":"pagetpl-onecolumn.php","meta":{"footnotes":"","_links_to":"","_links_to_target":""},"class_list":["post-2043","page","type-page","status-publish","has-post-thumbnail","hentry"],"yoast_head":"<!-- This site is optimized with the Yoast SEO plugin v27.3 - https:\/\/yoast.com\/product\/yoast-seo-wordpress\/ -->\n<title>Odcisk - Dino Storm<\/title>\n<meta name=\"description\" content=\"Imprint. Splitscreen Studios GmbH. Standort: Planckstrasse 13, 22765 Hamburg Germany\" \/>\n<meta name=\"robots\" content=\"index, follow, max-snippet:-1, max-image-preview:large, max-video-preview:-1\" \/>\n<link rel=\"canonical\" href=\"https:\/\/dinostorm.com\/pl\/odcisk\/\" \/>\n<meta property=\"og:locale\" content=\"pl_PL\" \/>\n<meta property=\"og:type\" content=\"article\" \/>\n<meta property=\"og:title\" content=\"Odcisk - Dino Storm\" \/>\n<meta property=\"og:description\" content=\"Imprint. Splitscreen Studios GmbH. Standort: Planckstrasse 13, 22765 Hamburg Germany\" \/>\n<meta property=\"og:url\" content=\"https:\/\/dinostorm.com\/pl\/odcisk\/\" \/>\n<meta property=\"og:site_name\" content=\"Dino Storm\" \/>\n<meta property=\"article:modified_time\" content=\"2019-07-08T14:23:12+00:00\" \/>\n<script type=\"application\/ld+json\" class=\"yoast-schema-graph\">{\"@context\":\"https:\\\/\\\/schema.org\",\"@graph\":[{\"@type\":\"WebPage\",\"@id\":\"https:\\\/\\\/dinostorm.com\\\/pl\\\/odcisk\\\/\",\"url\":\"https:\\\/\\\/dinostorm.com\\\/pl\\\/odcisk\\\/\",\"name\":\"Odcisk - Dino Storm\",\"isPartOf\":{\"@id\":\"https:\\\/\\\/dinostorm.com\\\/pl\\\/#website\"},\"datePublished\":\"2011-02-07T13:51:52+00:00\",\"dateModified\":\"2019-07-08T14:23:12+00:00\",\"description\":\"Imprint. Splitscreen Studios GmbH. Standort: Planckstrasse 13, 22765 Hamburg Germany\",\"breadcrumb\":{\"@id\":\"https:\\\/\\\/dinostorm.com\\\/pl\\\/odcisk\\\/#breadcrumb\"},\"inLanguage\":\"pl-PL\",\"potentialAction\":[{\"@type\":\"ReadAction\",\"target\":[\"https:\\\/\\\/dinostorm.com\\\/pl\\\/odcisk\\\/\"]}]},{\"@type\":\"BreadcrumbList\",\"@id\":\"https:\\\/\\\/dinostorm.com\\\/pl\\\/odcisk\\\/#breadcrumb\",\"itemListElement\":[{\"@type\":\"ListItem\",\"position\":1,\"name\":\"Home\",\"item\":\"https:\\\/\\\/dinostorm.com\\\/pl\\\/\"},{\"@type\":\"ListItem\",\"position\":2,\"name\":\"odcisk\"}]},{\"@type\":\"WebSite\",\"@id\":\"https:\\\/\\\/dinostorm.com\\\/pl\\\/#website\",\"url\":\"https:\\\/\\\/dinostorm.com\\\/pl\\\/\",\"name\":\"Dino Storm\",\"description\":\"\",\"potentialAction\":[{\"@type\":\"SearchAction\",\"target\":{\"@type\":\"EntryPoint\",\"urlTemplate\":\"https:\\\/\\\/dinostorm.com\\\/pl\\\/?s={search_term_string}\"},\"query-input\":{\"@type\":\"PropertyValueSpecification\",\"valueRequired\":true,\"valueName\":\"search_term_string\"}}],\"inLanguage\":\"pl-PL\"}]}<\/script>\n<!-- \/ Yoast SEO plugin. -->","yoast_head_json":{"title":"Odcisk - Dino Storm","description":"Imprint. Splitscreen Studios GmbH. Standort: Planckstrasse 13, 22765 Hamburg Germany","robots":{"index":"index","follow":"follow","max-snippet":"max-snippet:-1","max-image-preview":"max-image-preview:large","max-video-preview":"max-video-preview:-1"},"canonical":"https:\/\/dinostorm.com\/pl\/odcisk\/","og_locale":"pl_PL","og_type":"article","og_title":"Odcisk - Dino Storm","og_description":"Imprint. Splitscreen Studios GmbH. Standort: Planckstrasse 13, 22765 Hamburg Germany","og_url":"https:\/\/dinostorm.com\/pl\/odcisk\/","og_site_name":"Dino Storm","article_modified_time":"2019-07-08T14:23:12+00:00","schema":{"@context":"https:\/\/schema.org","@graph":[{"@type":"WebPage","@id":"https:\/\/dinostorm.com\/pl\/odcisk\/","url":"https:\/\/dinostorm.com\/pl\/odcisk\/","name":"Odcisk - Dino Storm","isPartOf":{"@id":"https:\/\/dinostorm.com\/pl\/#website"},"datePublished":"2011-02-07T13:51:52+00:00","dateModified":"2019-07-08T14:23:12+00:00","description":"Imprint. Splitscreen Studios GmbH. Standort: Planckstrasse 13, 22765 Hamburg Germany","breadcrumb":{"@id":"https:\/\/dinostorm.com\/pl\/odcisk\/#breadcrumb"},"inLanguage":"pl-PL","potentialAction":[{"@type":"ReadAction","target":["https:\/\/dinostorm.com\/pl\/odcisk\/"]}]},{"@type":"BreadcrumbList","@id":"https:\/\/dinostorm.com\/pl\/odcisk\/#breadcrumb","itemListElement":[{"@type":"ListItem","position":1,"name":"Home","item":"https:\/\/dinostorm.com\/pl\/"},{"@type":"ListItem","position":2,"name":"odcisk"}]},{"@type":"WebSite","@id":"https:\/\/dinostorm.com\/pl\/#website","url":"https:\/\/dinostorm.com\/pl\/","name":"Dino Storm","description":"","potentialAction":[{"@type":"SearchAction","target":{"@type":"EntryPoint","urlTemplate":"https:\/\/dinostorm.com\/pl\/?s={search_term_string}"},"query-input":{"@type":"PropertyValueSpecification","valueRequired":true,"valueName":"search_term_string"}}],"inLanguage":"pl-PL"}]}},"_links":{"self":[{"href":"https:\/\/dinostorm.com\/pl\/wp-json\/wp\/v2\/pages\/2043","targetHints":{"allow":["GET"]}}],"collection":[{"href":"https:\/\/dinostorm.com\/pl\/wp-json\/wp\/v2\/pages"}],"about":[{"href":"https:\/\/dinostorm.com\/pl\/wp-json\/wp\/v2\/types\/page"}],"author":[{"embeddable":true,"href":"https:\/\/dinostorm.com\/pl\/wp-json\/wp\/v2\/users\/26"}],"replies":[{"embeddable":true,"href":"https:\/\/dinostorm.com\/pl\/wp-json\/wp\/v2\/comments?post=2043"}],"version-history":[{"count":0,"href":"https:\/\/dinostorm.com\/pl\/wp-json\/wp\/v2\/pages\/2043\/revisions"}],"wp:featuredmedia":[{"embeddable":true,"href":"https:\/\/dinostorm.com\/pl\/wp-json\/"}],"wp:attachment":[{"href":"https:\/\/dinostorm.com\/pl\/wp-json\/wp\/v2\/media?parent=2043"}],"curies":[{"name":"wp","href":"https:\/\/api.w.org\/{rel}","templated":true}]}}