{"id":2041,"date":"2011-01-12T22:09:13","date_gmt":"2011-01-12T20:09:13","guid":{"rendered":"http:\/\/dinostorm.com\/?page_id=2041"},"modified":"2014-10-22T17:00:57","modified_gmt":"2014-10-22T15:00:57","slug":"faq-4","status":"publish","type":"page","link":"https:\/\/dinostorm.com\/pl\/gra\/faq-4\/","title":{"rendered":"FAQ"},"content":{"rendered":"<div class=\"teaser\"><\/div>\n<h1 class=\"headline_page width_350\"><span>Dino Storm &#8211; FAQ<\/span><\/h1>\n<p class=\"back-button back-pos350\"><a class=\"back-block\" href=\"\/pl\/gra#overview\">Powr\u00f3t<\/a><\/p>\n<div class=\"one_half\">\n<h2>Pytania odno\u015bnie gry Dino Storm<\/h2>\n<h3>Czym jest Dino Storm?<\/h3>\n<p>Dino Storm to darmowa gra przegl\u0105darkowa dla wielu graczy z bogat\u0105 grafik\u0105 3D. Wcielasz si\u0119 w niej w dzielnego kowboja, kt\u00f3ry udaje si\u0119 do miasteczka Dinoville w kt\u00f3rym odkryto bogate z\u0142o\u017ca z\u0142ota. Sp\u00f3jrz na nasz przewodnik po grze, aby pozna\u0107 wszelkie cechy gry oraz otrzyma\u0107 kilka porad jak zabra\u0107 si\u0119 za Dino Storm.<\/p>\n<h3>Ile kosztuje gra w Dino Storm?<\/h3>\n<p>Nie \u017cartuj sobie\\! Rejestracja oraz gra w Dino Storm jest kompletnie darmowa. Proces rejestracji trwa zaledwie kilka sekund i nie wymaga dokonywania \u017cadnych zobowi\u0105za\u0144. W ci\u0105gu kilku chwil b\u0119dziesz m\u00f3g\u0142 rozpocz\u0105\u0107 gr\u0119. Nie wymagamy podawania \u017cadnych danych osobowych ani prywatnych informacji. Pozostaje Ci jedynie skupi\u0107 si\u0119 na grze.<\/p>\n<h3>Jak powsta\u0142o Dino Storm?<\/h3>\n<p>Wszystko. Dost\u0119p do ca\u0142ej gry, bez \u017cadnych ogranicze\u0144, bez \u017cadnych okres\u00f3w pr\u00f3bnych. Do tego b\u0119dziesz automatycznie otrzymywa\u0142 wszystkie aktualizacje, now\u0105 zawarto\u015b\u0107 i poprawki (rzadko bo rzadko, ale nam te\u017c si\u0119 czasem zdarza pope\u0142ni\u0107 b\u0142\u0105d, kt\u00f3ry musi zosta\u0107 poprawiony). Wszystkie elementy w grze s\u0105 dost\u0119pne ca\u0142kowicie za darmo.\\nOczywi\u015bcie nasz zesp\u00f3\u0142 chcia\u0142by sobie od czasu do czasu m\u00f3c pozwoli\u0107 na wieczorne piwko. Dlatego za niewielk\u0105 op\u0142at\u0105 mo\u017cesz szybko i wygodnie kupi\u0107 walut\u0119 w grze, aby zawsze by\u0107 przygotowanym na r\u00f3\u017cne niebezpiecze\u0144stwa czychaj\u0105ce na Ciebie w nieprzewidywalnym \u015bwiecie Dino Storm.<\/p>\n<h3>Dinoville? Czy to jaki\u015b \u017cart?<\/h3>\n<p>Tak.<\/p>\n<\/div>\n<div class=\"one_half_last\">\n<h2>Pytania odno\u015bnie gier od Splitscreen Games<\/h2>\n<h3>Ile gigabajt\u00f3w musz\u0119 zainstalowa\u0107?<\/h3>\n<p>Rozumiemy Tw\u00f3j b\u00f3l. Ka\u017cdy kto \u015bci\u0105ga\u0142 kiedy\u015b gr\u0119 przez p\u00f3\u0142 dnia, a potem instalowa\u0142 przez nastepne 3 godziny tylko po to, aby zobaczy\u0107 \u017ce jest kiepska wie co to frustracja. Jednak w przypadku gry przegl\u0105darkowej Dino Storm masz do \u015bci\u0105gni\u0119cia jedynie kilka megabajt\u00f3w, co zajmie ledwie kilkana\u015bcie sekund. Aby uruchomi\u0107 gr\u0119 po raz pierwszy w swojej przegl\u0105darce potrzebujesz \u015bci\u0105gn\u0105\u0107 jedynie okolo 10 megabajt\u00f3w, reszta zostanie \u015bci\u0105gni\u0119ta w tle ju\u017c podczas gry. Nasza gra za ka\u017cdym razem tak\u017ce sama si\u0119 zaktualizuje, wi\u0119c nigdy nie b\u0119dzie musia\u0142 czeka\u0107 nawet minuty w przypadku gdy zdecydujemy si\u0119 powi\u0119kszy\u0107 nasz wirutalny \u015bwiat lub poprawi\u0107 jakie\u015b b\u0142\u0119dy.<\/p>\n<h3>Gry przegl\u0105darkowe nie s\u0105 dla mnie! Nie lubi\u0119 farm.<\/h3>\n<p>Ca\u0142kowicie rozumiemy. My w zasadzie lubimy farmy, ale nie na tyle, aby chcie\u0107 zbudowa\u0107 kolejn\u0105. Dino Storm nie jest typow\u0105 gr\u0105 przegl\u0105darkow\u0105. Dostarcza ona \u015bwiat 3D zmieniaj\u0105cy si\u0119 w czasie rzeczywistym &#8211; taki, jaki mo\u017cna spotka\u0107 w drogich tytu\u0142ach ze sklepu. Dino Storm to gra MMO w czystej postaci.<\/p>\n<h3>Na jakich systemach dzia\u0142a gra?<\/h3>\n<p>Dinozaury to skomplikowane zwierz\u0119ta i na chwil\u0119 obecn\u0105 dzia\u0142aj\u0105 jedynie pod Windowsem.<\/p>\n<p>&nbsp;<\/p>\n<p><img class=\"colorbox-2041\"  decoding=\"async\" alt=\"The browser based game Dino Storm\" src=\"\/wp-content\/themes\/arras\/images\/dinostorm\/Dino-Storm-Comic-4.png\" \/><\/p>\n<\/div>\n<div class=\"full\"><img decoding=\"async\" class=\"hr3 colorbox-2041\" alt=\"Dino Storm\" src=\"\/wp-content\/themes\/arras\/images\/dinostorm\/Dino-Storm-Header-1.png\" \/><br \/>\n<img decoding=\"async\" class=\"hr3 colorbox-2041\" alt=\"separator dino storm\" src=\"\/wp-content\/themes\/arras\/images\/dinostorm\/seperator_big.png\" \/><\/div>\n","protected":false},"excerpt":{"rendered":"<p>Dino Storm &#8211; FAQ Powr\u00f3t Pytania odno\u015bnie gry Dino Storm Czym jest Dino Storm? Dino Storm to darmowa gra przegl\u0105darkowa dla wielu graczy z bogat\u0105 grafik\u0105 3D. Wcielasz si\u0119 w niej w dzielnego kowboja, kt\u00f3ry [&hellip;]<\/p>\n","protected":false},"author":26,"featured_media":-1,"parent":3061,"menu_order":0,"comment_status":"closed","ping_status":"closed","template":"pagetpl-onecolumn.php","meta":{"footnotes":"","_links_to":"","_links_to_target":""},"class_list":["post-2041","page","type-page","status-publish","has-post-thumbnail","hentry"],"yoast_head":"<!-- This site is optimized with the Yoast SEO plugin v27.3 - https:\/\/yoast.com\/product\/yoast-seo-wordpress\/ -->\n<title>FAQ - Dino Storm<\/title>\n<meta name=\"description\" content=\"Cz\u0119sto zadawane pytania o Dino Storm.\" \/>\n<meta name=\"robots\" content=\"index, follow, max-snippet:-1, max-image-preview:large, max-video-preview:-1\" \/>\n<link rel=\"canonical\" href=\"https:\/\/dinostorm.com\/pl\/gra\/faq-4\/\" \/>\n<meta property=\"og:locale\" content=\"pl_PL\" \/>\n<meta property=\"og:type\" content=\"article\" \/>\n<meta property=\"og:title\" content=\"FAQ - Dino Storm\" \/>\n<meta property=\"og:description\" content=\"Cz\u0119sto zadawane pytania o Dino Storm.\" \/>\n<meta property=\"og:url\" content=\"https:\/\/dinostorm.com\/pl\/gra\/faq-4\/\" \/>\n<meta property=\"og:site_name\" content=\"Dino Storm\" \/>\n<meta property=\"article:modified_time\" content=\"2014-10-22T15:00:57+00:00\" \/>\n<meta name=\"twitter:label1\" content=\"Szacowany czas czytania\" \/>\n\t<meta name=\"twitter:data1\" content=\"2 minuty\" \/>\n<script type=\"application\/ld+json\" class=\"yoast-schema-graph\">{\"@context\":\"https:\\\/\\\/schema.org\",\"@graph\":[{\"@type\":\"WebPage\",\"@id\":\"https:\\\/\\\/dinostorm.com\\\/pl\\\/gra\\\/faq-4\\\/\",\"url\":\"https:\\\/\\\/dinostorm.com\\\/pl\\\/gra\\\/faq-4\\\/\",\"name\":\"FAQ - Dino Storm\",\"isPartOf\":{\"@id\":\"https:\\\/\\\/dinostorm.com\\\/pl\\\/#website\"},\"datePublished\":\"2011-01-12T20:09:13+00:00\",\"dateModified\":\"2014-10-22T15:00:57+00:00\",\"description\":\"Cz\u0119sto zadawane pytania o Dino Storm.\",\"breadcrumb\":{\"@id\":\"https:\\\/\\\/dinostorm.com\\\/pl\\\/gra\\\/faq-4\\\/#breadcrumb\"},\"inLanguage\":\"pl-PL\",\"potentialAction\":[{\"@type\":\"ReadAction\",\"target\":[\"https:\\\/\\\/dinostorm.com\\\/pl\\\/gra\\\/faq-4\\\/\"]}]},{\"@type\":\"BreadcrumbList\",\"@id\":\"https:\\\/\\\/dinostorm.com\\\/pl\\\/gra\\\/faq-4\\\/#breadcrumb\",\"itemListElement\":[{\"@type\":\"ListItem\",\"position\":1,\"name\":\"Home\",\"item\":\"https:\\\/\\\/dinostorm.com\\\/pl\\\/\"},{\"@type\":\"ListItem\",\"position\":2,\"name\":\"Gra\",\"item\":\"https:\\\/\\\/dinostorm.com\\\/pl\\\/gra\\\/\"},{\"@type\":\"ListItem\",\"position\":3,\"name\":\"FAQ\"}]},{\"@type\":\"WebSite\",\"@id\":\"https:\\\/\\\/dinostorm.com\\\/pl\\\/#website\",\"url\":\"https:\\\/\\\/dinostorm.com\\\/pl\\\/\",\"name\":\"Dino Storm\",\"description\":\"\",\"potentialAction\":[{\"@type\":\"SearchAction\",\"target\":{\"@type\":\"EntryPoint\",\"urlTemplate\":\"https:\\\/\\\/dinostorm.com\\\/pl\\\/?s={search_term_string}\"},\"query-input\":{\"@type\":\"PropertyValueSpecification\",\"valueRequired\":true,\"valueName\":\"search_term_string\"}}],\"inLanguage\":\"pl-PL\"}]}<\/script>\n<!-- \/ Yoast SEO plugin. -->","yoast_head_json":{"title":"FAQ - Dino Storm","description":"Cz\u0119sto zadawane pytania o Dino Storm.","robots":{"index":"index","follow":"follow","max-snippet":"max-snippet:-1","max-image-preview":"max-image-preview:large","max-video-preview":"max-video-preview:-1"},"canonical":"https:\/\/dinostorm.com\/pl\/gra\/faq-4\/","og_locale":"pl_PL","og_type":"article","og_title":"FAQ - Dino Storm","og_description":"Cz\u0119sto zadawane pytania o Dino Storm.","og_url":"https:\/\/dinostorm.com\/pl\/gra\/faq-4\/","og_site_name":"Dino Storm","article_modified_time":"2014-10-22T15:00:57+00:00","twitter_misc":{"Szacowany czas czytania":"2 minuty"},"schema":{"@context":"https:\/\/schema.org","@graph":[{"@type":"WebPage","@id":"https:\/\/dinostorm.com\/pl\/gra\/faq-4\/","url":"https:\/\/dinostorm.com\/pl\/gra\/faq-4\/","name":"FAQ - Dino Storm","isPartOf":{"@id":"https:\/\/dinostorm.com\/pl\/#website"},"datePublished":"2011-01-12T20:09:13+00:00","dateModified":"2014-10-22T15:00:57+00:00","description":"Cz\u0119sto zadawane pytania o Dino Storm.","breadcrumb":{"@id":"https:\/\/dinostorm.com\/pl\/gra\/faq-4\/#breadcrumb"},"inLanguage":"pl-PL","potentialAction":[{"@type":"ReadAction","target":["https:\/\/dinostorm.com\/pl\/gra\/faq-4\/"]}]},{"@type":"BreadcrumbList","@id":"https:\/\/dinostorm.com\/pl\/gra\/faq-4\/#breadcrumb","itemListElement":[{"@type":"ListItem","position":1,"name":"Home","item":"https:\/\/dinostorm.com\/pl\/"},{"@type":"ListItem","position":2,"name":"Gra","item":"https:\/\/dinostorm.com\/pl\/gra\/"},{"@type":"ListItem","position":3,"name":"FAQ"}]},{"@type":"WebSite","@id":"https:\/\/dinostorm.com\/pl\/#website","url":"https:\/\/dinostorm.com\/pl\/","name":"Dino Storm","description":"","potentialAction":[{"@type":"SearchAction","target":{"@type":"EntryPoint","urlTemplate":"https:\/\/dinostorm.com\/pl\/?s={search_term_string}"},"query-input":{"@type":"PropertyValueSpecification","valueRequired":true,"valueName":"search_term_string"}}],"inLanguage":"pl-PL"}]}},"_links":{"self":[{"href":"https:\/\/dinostorm.com\/pl\/wp-json\/wp\/v2\/pages\/2041","targetHints":{"allow":["GET"]}}],"collection":[{"href":"https:\/\/dinostorm.com\/pl\/wp-json\/wp\/v2\/pages"}],"about":[{"href":"https:\/\/dinostorm.com\/pl\/wp-json\/wp\/v2\/types\/page"}],"author":[{"embeddable":true,"href":"https:\/\/dinostorm.com\/pl\/wp-json\/wp\/v2\/users\/26"}],"replies":[{"embeddable":true,"href":"https:\/\/dinostorm.com\/pl\/wp-json\/wp\/v2\/comments?post=2041"}],"version-history":[{"count":0,"href":"https:\/\/dinostorm.com\/pl\/wp-json\/wp\/v2\/pages\/2041\/revisions"}],"up":[{"embeddable":true,"href":"https:\/\/dinostorm.com\/pl\/wp-json\/wp\/v2\/pages\/3061"}],"wp:featuredmedia":[{"embeddable":true,"href":"https:\/\/dinostorm.com\/pl\/wp-json\/"}],"wp:attachment":[{"href":"https:\/\/dinostorm.com\/pl\/wp-json\/wp\/v2\/media?parent=2041"}],"curies":[{"name":"wp","href":"https:\/\/api.w.org\/{rel}","templated":true}]}}