{"id":2034,"date":"2011-02-15T23:52:31","date_gmt":"2011-02-15T21:52:31","guid":{"rendered":"http:\/\/dinostorm.com\/?page_id=2034"},"modified":"2013-10-08T15:35:17","modified_gmt":"2013-10-08T15:35:17","slug":"przewodnik-po-grze","status":"publish","type":"page","link":"https:\/\/dinostorm.com\/pl\/gra\/przewodnik-po-grze\/","title":{"rendered":"Przewodnik po grze"},"content":{"rendered":"<div class=\"teaser\"><\/div>\n<h1 class=\"headline_page width_350\"><span>Przewodnik po grze<\/span><\/h1>\n<p class=\"back-button back-pos350\"><a class=\"back-block\" href=\"\/pl\/gra#overview\">Powr\u00f3t<\/a><\/p>\n<div class=\"one_half\">\n<h2>Dino Storm, gra online w 3D<\/h2>\n<p>S\u0142awa i maj\u0105tek czekaj\u0105 na dzielnych poszukiwaczy przyg\u00f3d w Dino Storm, darmowej grze 3D. Z zaledwie kilkoma dolarami w kieszeni, resztk\u0105 amunicji, na\u0142adowan\u0105 spluw\u0105 laserow\u0105 i swoim ma\u0142ym, lecz wiernym dinozaurem docierasz do Dinoville. Staw czo\u0142a gigantycznym stadom dinozaur\u00f3w i bandom bezwzgl\u0119dnych bandyt\u00f3w i z\u0142odziei w \u015bwiecie osadzonym w realiach Dzikiego Zachodu. Rozpocznij ekscytuj\u0105ce poszukiwania cennych przedmiot\u00f3w, za\u0142\u00f3\u017c i zarz\u0105dzaj swoim w\u0142asnym obozem z zaopatrzeniem, posterunkiem i kopalni\u0105 z\u0142ota, obro\u0144 je przed innymi graczami, i zyskaj s\u0142aw\u0119 i uznanie. Tylko najlepsi zdo\u0142aj\u0105 zosta\u0107 szeryfem Dinoville.<\/p>\n<p><img class=\"colorbox-2034\"  decoding=\"async\" src=\"\/wp-content\/themes\/arras\/images\/dinostorm\/Dino-Storm-Comic3.png\" alt=\"Dino Storm, gra online w 3D\"><\/p>\n<\/div>\n<div class=\"one_half_last\">\n<h2>Witaj na Dzikim Zachodzie<\/h2>\n<p>Na pocz\u0105tku swojego istnienia Dinoville by\u0142o typowym ma\u0142ym i spokojnym miasteczkiem po\u015brodku pustyni. Ci\u0119\u017cko pracuj\u0105cy kowboje hodowali tu dinozaury, konstruowali pistolety laserowe i dzielnie stawiali czo\u0142a stadom dzikich dinozaur\u00f3w buszuj\u0105cych po okolicy. Szeryf miasta utrzymywa\u0142 porz\u0105dek i egzekwowa\u0142 prawo w mie\u015bcie, w kt\u00f3rym tak naprawd\u0119 niewiele si\u0119 dzia\u0142o.\\n\\nLecz wkr\u00f3tce w Dinoville odnaleziono ogromne pok\u0142ady z\u0142ota. Szcz\u0119\u015bliwcy, kt\u00f3rzy je odnale\u017ali zacz\u0119li obnosi\u0107 si\u0119 swoim bogactwem co nie mog\u0142o pozosta\u0107 niezauwa\u017cone, a informacje o rzekomych niezliczonych \u017cy\u0142ach z\u0142ota znajduj\u0105cych si\u0119 na p\u00f3\u0142noc od miasteczka rozesz\u0142y si\u0119 lotem b\u0142yskawicy i dotar\u0142y daleko poza teren pustyni.<\/p>\n<p> Nied\u0142ugo po tym w mie\u015bcie pojawili si\u0119 poszukiwacze przyg\u00f3d pochodz\u0105cy z ka\u017cdego zak\u0105tka krainy pr\u00f3buj\u0105cy odnale\u017a\u0107 cenny kruszec. Ci, kt\u00f3rym si\u0119 poszcz\u0119\u015bci\u0142o zdobyli ogromny maj\u0105tek.\\n\\nAle okazj\u0119 zwietrzyli nie tylko uczciwi poszukiwacze, lecz tak\u017ce bandy z\u0142odziei i rabusi\u00f3w. Ochrona cennych kopalni z\u0142ota sta\u0142a si\u0119 prac\u0105 na pe\u0142en etat, a ci kt\u00f3rym si\u0119 to uda\u0142o zyskali wielki szacunek w mie\u015bcie. Wielu przyjezdnych nie posiada\u0142o jednak swoich dzia\u0142ek, wi\u0119c zacz\u0119li zarabia\u0107 walcz\u0105c z bandytami. Lecz tak\u017ce i oni nie mogli zbyt d\u0142ugo oprzec si\u0119 pokusie wielkiego bogactwa&#8230;<\/p>\n<\/div>\n<div class=\"full3\">\n<p><img class=\"colorbox-2034\"  decoding=\"async\" src=\"\/wp-content\/themes\/arras\/images\/dinostorm\/Dino-Storm-Header-1.png\" alt=\"Dino Storm\"><\/p>\n<\/div>\n<div class=\"one_half\">\n<h2>Zalety Dino Storm<\/h2>\n<h3>Odkryj \u015bwiat gry<\/h3>\n<p>Na dzielnych poszukiwaczy przyg\u00f3d czeka zr\u00f3\u017cnicowany i ekscytuj\u0105cy \u015bwiat. Spotkaj\u0105 oni tutaj stada dzikich dinozaur\u00f3w w\u0142\u00f3cz\u0105ce si\u0119 po kanionach, gangi bandyt\u00f3w, kt\u00f3re nie wiedz\u0105 co to przestrzegania prawa czy urozmaicone otoczenie kryj\u0105ce wiele cennych przedmiot\u00f3w. \u015awiat ten, w pe\u0142ni w 3D, ulega ci\u0105g\u0142ym zmianom, a zagro\u017cenie czai si\u0119 dos\u0142ownie wsz\u0119dzie\\! Ka\u017cda wyprawa musi tu by\u0107 bardzo dok\u0142adnie przygotowana.<\/p>\n<h3>Sprzedaj swoje \u0142upy za Dino dolary<\/h3>\n<p>Niezliczone ilo\u015bci przedmiot\u00f3w czekaj\u0105 na zebranie w \u015bwiecie gry Dino Storm. Je\u017celi zdo\u0142asz przynie\u015b\u0107 swoje \u0142upy z powrotem do Dinoville, to b\u0119dziesz m\u00f3g\u0142 sprzeda\u0107 je na rynku za Dino dolary. Za wykonywanie zada\u0144 zostaniesz wynagrodzony jeszcze cenniejszymi przedmiotami oraz Z\u0142otymi monetami\\!<\/p>\n<h3>Prze\u017cyj przygody w otwartym \u015bwiecie<\/h3>\n<p>Jako kowboj w Dinoville b\u0119dziesz mia\u0142 pe\u0142ne r\u0119ce roboty, lecz nie b\u0119dziesz w tym osamotniony. Niewa\u017cne czy b\u0119dziesz stara\u0142 si\u0119 utrudni\u0107 \u017cycie miejscowym gangom bandyt\u00f3w, poszukiwa\u0142 cennych przedmiot\u00f3w, zbiera\u0142 po\u017cywienie czy przegania\u0142 stada dzikich dinozaur\u00f3w, zawsze mo\u017cesz wsp\u00f3\u0142pracowa\u0107 z innymi graczami, aby wsp\u00f3lnie wykona\u0107 dane zadanie.<\/p>\n<h3>Kontroluj kluczowe budynki<\/h3>\n<p>Budynki takie jak obozy z zaopatrzeniem, posterunki czy kopalnie z\u0142ota mog\u0105 by\u0107 znalezione w ca\u0142ej okolicy Dinoville, a Ty jako gracz mo\u017cesz przej\u0105\u0107 nad nimi kontrol\u0119. Pozwalaj\u0105 ci one zdobywa\u0107 i gromadzi\u0107 s\u0142aw\u0119 oraz fortun\u0119. Lecz b\u0105d\u017a ostro\u017cny, Twoje budynki musz\u0105 by\u0107 regularnie zaopatrywane i bronione przed innymi kowbojami, kt\u00f3rzy b\u0119d\u0105 pr\u00f3bowa\u0107 je od Ciebie przej\u0105\u0107. Ka\u017cdy kto chce utrzyma\u0107 cenn\u0105 kopalnie z\u0142ota w swoim posiadaniu powinien mie\u0107 przy sobie spory zapas amunicji.<\/p>\n<\/div>\n<div class=\"one_half_last\">\n<\/br><\/br><\/br><\/p>\n<h3>Za\u0142\u00f3\u017c sw\u00f3j w\u0142asny klan<\/h3>\n<p>Razem jeste\u015bcie silniejsi\\! Do\u0142\u0105cz do swoich przyjaci\u00f3\u0142 lub za\u0142\u00f3\u017c sw\u00f3j w\u0142asny klan. B\u0119dac dru\u017cyn\u0105 mo\u017cecie jeszcze bardziej zag\u0142\u0119bi\u0107 si\u0119 w \u015bwiat gry i bardziej skutecznie broni\u0107 swoich budynk\u00f3w.<\/p>\n<h3>Ubiegaj si\u0119 o stanowiska i zosta\u0144 szeryfem miasta<\/h3>\n<p>Poprzez wykonywanie misji i zarz\u0105dzanie budynkami b\u0119dziesz zdobywa\u0142 coraz wi\u0119cej uznania. To uznanie pomo\u017ce ci je\u017celi zdecydujesz si\u0119 ubiega\u0107 o jakie\u015b stanowisko w mie\u015bcie. Aby je zdoby\u0107, b\u0119dziesz musia\u0142 okaza\u0107 si\u0119 lepszy od innych graczy, gdy\u017c tylko najlepsi zdo\u0142aj\u0105 wsi\u0105\u0107 si\u0119 na sam szczyt drabinki kariery. Stanowiska oferuj\u0105 specjalne przywileje takie jak dost\u0119p do rzadkich dinozaur\u00f3w i pot\u0119\u017cnych przedmiot\u00f3w.<br \/>\n<\/br><\/br><br \/>\n<center><img class=\"colorbox-2034\"  decoding=\"async\" src=\"\/wp-content\/themes\/arras\/images\/dinostorm\/Dino-Storm-Comic-2.png\" alt=\"The 3d online game Dino Storm, play now for free\"><\/center><\/p>\n<\/div>\n<div class=full>\n<img decoding=\"async\" class=\"hr3 colorbox-2034\" src=\"\/wp-content\/themes\/arras\/images\/dinostorm\/Dino-Storm-Header-2.png\" alt=\"\"><br \/>\n<img decoding=\"async\" class=\"hr3 colorbox-2034\" src=\"\/wp-content\/themes\/arras\/images\/dinostorm\/seperator_big.png\" alt=\"separator dino storm\" \/>\n<\/div>\n","protected":false},"excerpt":{"rendered":"<p>Przewodnik po grze Powr\u00f3t Dino Storm, gra online w 3D S\u0142awa i maj\u0105tek czekaj\u0105 na dzielnych poszukiwaczy przyg\u00f3d w Dino Storm, darmowej grze 3D. Z zaledwie kilkoma dolarami w kieszeni, resztk\u0105 amunicji, na\u0142adowan\u0105 spluw\u0105 laserow\u0105 [&hellip;]<\/p>\n","protected":false},"author":26,"featured_media":-1,"parent":3061,"menu_order":0,"comment_status":"closed","ping_status":"closed","template":"pagetpl-onecolumn.php","meta":{"footnotes":"","_links_to":"","_links_to_target":""},"class_list":["post-2034","page","type-page","status-publish","has-post-thumbnail","hentry"],"yoast_head":"<!-- This site is optimized with the Yoast SEO plugin v27.4 - https:\/\/yoast.com\/product\/yoast-seo-wordpress\/ -->\n<title>Przewodnik po grze - Dino Storm<\/title>\n<meta name=\"description\" content=\"Dino Storm jest gr\u0105 online z grafik\u0105 3D z kowbojami, dinozaurami i pistoletami laserowymi. Dowiedz si\u0119 wi\u0119cej o Dino Storm przegl\u0105daj\u0105c nasz przewodnik po grze.\" \/>\n<meta name=\"robots\" content=\"index, follow, max-snippet:-1, max-image-preview:large, max-video-preview:-1\" \/>\n<link rel=\"canonical\" href=\"https:\/\/dinostorm.com\/pl\/gra\/przewodnik-po-grze\/\" \/>\n<meta property=\"og:locale\" content=\"pl_PL\" \/>\n<meta property=\"og:type\" content=\"article\" \/>\n<meta property=\"og:title\" content=\"Przewodnik po grze - Dino Storm\" \/>\n<meta property=\"og:description\" content=\"Dino Storm jest gr\u0105 online z grafik\u0105 3D z kowbojami, dinozaurami i pistoletami laserowymi. Dowiedz si\u0119 wi\u0119cej o Dino Storm przegl\u0105daj\u0105c nasz przewodnik po grze.\" \/>\n<meta property=\"og:url\" content=\"https:\/\/dinostorm.com\/pl\/gra\/przewodnik-po-grze\/\" \/>\n<meta property=\"og:site_name\" content=\"Dino Storm\" \/>\n<meta property=\"article:modified_time\" content=\"2013-10-08T15:35:17+00:00\" \/>\n<meta name=\"twitter:label1\" content=\"Szacowany czas czytania\" \/>\n\t<meta name=\"twitter:data1\" content=\"4 minuty\" \/>\n<script type=\"application\/ld+json\" class=\"yoast-schema-graph\">{\"@context\":\"https:\\\/\\\/schema.org\",\"@graph\":[{\"@type\":\"WebPage\",\"@id\":\"https:\\\/\\\/dinostorm.com\\\/pl\\\/gra\\\/przewodnik-po-grze\\\/\",\"url\":\"https:\\\/\\\/dinostorm.com\\\/pl\\\/gra\\\/przewodnik-po-grze\\\/\",\"name\":\"Przewodnik po grze - Dino Storm\",\"isPartOf\":{\"@id\":\"https:\\\/\\\/dinostorm.com\\\/pl\\\/#website\"},\"datePublished\":\"2011-02-15T21:52:31+00:00\",\"dateModified\":\"2013-10-08T15:35:17+00:00\",\"description\":\"Dino Storm jest gr\u0105 online z grafik\u0105 3D z kowbojami, dinozaurami i pistoletami laserowymi. Dowiedz si\u0119 wi\u0119cej o Dino Storm przegl\u0105daj\u0105c nasz przewodnik po grze.\",\"breadcrumb\":{\"@id\":\"https:\\\/\\\/dinostorm.com\\\/pl\\\/gra\\\/przewodnik-po-grze\\\/#breadcrumb\"},\"inLanguage\":\"pl-PL\",\"potentialAction\":[{\"@type\":\"ReadAction\",\"target\":[\"https:\\\/\\\/dinostorm.com\\\/pl\\\/gra\\\/przewodnik-po-grze\\\/\"]}]},{\"@type\":\"BreadcrumbList\",\"@id\":\"https:\\\/\\\/dinostorm.com\\\/pl\\\/gra\\\/przewodnik-po-grze\\\/#breadcrumb\",\"itemListElement\":[{\"@type\":\"ListItem\",\"position\":1,\"name\":\"Home\",\"item\":\"https:\\\/\\\/dinostorm.com\\\/pl\\\/\"},{\"@type\":\"ListItem\",\"position\":2,\"name\":\"Gra\",\"item\":\"https:\\\/\\\/dinostorm.com\\\/pl\\\/gra\\\/\"},{\"@type\":\"ListItem\",\"position\":3,\"name\":\"Przewodnik po grze\"}]},{\"@type\":\"WebSite\",\"@id\":\"https:\\\/\\\/dinostorm.com\\\/pl\\\/#website\",\"url\":\"https:\\\/\\\/dinostorm.com\\\/pl\\\/\",\"name\":\"Dino Storm\",\"description\":\"\",\"potentialAction\":[{\"@type\":\"SearchAction\",\"target\":{\"@type\":\"EntryPoint\",\"urlTemplate\":\"https:\\\/\\\/dinostorm.com\\\/pl\\\/?s={search_term_string}\"},\"query-input\":{\"@type\":\"PropertyValueSpecification\",\"valueRequired\":true,\"valueName\":\"search_term_string\"}}],\"inLanguage\":\"pl-PL\"}]}<\/script>\n<!-- \/ Yoast SEO plugin. -->","yoast_head_json":{"title":"Przewodnik po grze - Dino Storm","description":"Dino Storm jest gr\u0105 online z grafik\u0105 3D z kowbojami, dinozaurami i pistoletami laserowymi. Dowiedz si\u0119 wi\u0119cej o Dino Storm przegl\u0105daj\u0105c nasz przewodnik po grze.","robots":{"index":"index","follow":"follow","max-snippet":"max-snippet:-1","max-image-preview":"max-image-preview:large","max-video-preview":"max-video-preview:-1"},"canonical":"https:\/\/dinostorm.com\/pl\/gra\/przewodnik-po-grze\/","og_locale":"pl_PL","og_type":"article","og_title":"Przewodnik po grze - Dino Storm","og_description":"Dino Storm jest gr\u0105 online z grafik\u0105 3D z kowbojami, dinozaurami i pistoletami laserowymi. Dowiedz si\u0119 wi\u0119cej o Dino Storm przegl\u0105daj\u0105c nasz przewodnik po grze.","og_url":"https:\/\/dinostorm.com\/pl\/gra\/przewodnik-po-grze\/","og_site_name":"Dino Storm","article_modified_time":"2013-10-08T15:35:17+00:00","twitter_misc":{"Szacowany czas czytania":"4 minuty"},"schema":{"@context":"https:\/\/schema.org","@graph":[{"@type":"WebPage","@id":"https:\/\/dinostorm.com\/pl\/gra\/przewodnik-po-grze\/","url":"https:\/\/dinostorm.com\/pl\/gra\/przewodnik-po-grze\/","name":"Przewodnik po grze - Dino Storm","isPartOf":{"@id":"https:\/\/dinostorm.com\/pl\/#website"},"datePublished":"2011-02-15T21:52:31+00:00","dateModified":"2013-10-08T15:35:17+00:00","description":"Dino Storm jest gr\u0105 online z grafik\u0105 3D z kowbojami, dinozaurami i pistoletami laserowymi. Dowiedz si\u0119 wi\u0119cej o Dino Storm przegl\u0105daj\u0105c nasz przewodnik po grze.","breadcrumb":{"@id":"https:\/\/dinostorm.com\/pl\/gra\/przewodnik-po-grze\/#breadcrumb"},"inLanguage":"pl-PL","potentialAction":[{"@type":"ReadAction","target":["https:\/\/dinostorm.com\/pl\/gra\/przewodnik-po-grze\/"]}]},{"@type":"BreadcrumbList","@id":"https:\/\/dinostorm.com\/pl\/gra\/przewodnik-po-grze\/#breadcrumb","itemListElement":[{"@type":"ListItem","position":1,"name":"Home","item":"https:\/\/dinostorm.com\/pl\/"},{"@type":"ListItem","position":2,"name":"Gra","item":"https:\/\/dinostorm.com\/pl\/gra\/"},{"@type":"ListItem","position":3,"name":"Przewodnik po grze"}]},{"@type":"WebSite","@id":"https:\/\/dinostorm.com\/pl\/#website","url":"https:\/\/dinostorm.com\/pl\/","name":"Dino Storm","description":"","potentialAction":[{"@type":"SearchAction","target":{"@type":"EntryPoint","urlTemplate":"https:\/\/dinostorm.com\/pl\/?s={search_term_string}"},"query-input":{"@type":"PropertyValueSpecification","valueRequired":true,"valueName":"search_term_string"}}],"inLanguage":"pl-PL"}]}},"_links":{"self":[{"href":"https:\/\/dinostorm.com\/pl\/wp-json\/wp\/v2\/pages\/2034","targetHints":{"allow":["GET"]}}],"collection":[{"href":"https:\/\/dinostorm.com\/pl\/wp-json\/wp\/v2\/pages"}],"about":[{"href":"https:\/\/dinostorm.com\/pl\/wp-json\/wp\/v2\/types\/page"}],"author":[{"embeddable":true,"href":"https:\/\/dinostorm.com\/pl\/wp-json\/wp\/v2\/users\/26"}],"replies":[{"embeddable":true,"href":"https:\/\/dinostorm.com\/pl\/wp-json\/wp\/v2\/comments?post=2034"}],"version-history":[{"count":0,"href":"https:\/\/dinostorm.com\/pl\/wp-json\/wp\/v2\/pages\/2034\/revisions"}],"up":[{"embeddable":true,"href":"https:\/\/dinostorm.com\/pl\/wp-json\/wp\/v2\/pages\/3061"}],"wp:featuredmedia":[{"embeddable":true,"href":"https:\/\/dinostorm.com\/pl\/wp-json\/"}],"wp:attachment":[{"href":"https:\/\/dinostorm.com\/pl\/wp-json\/wp\/v2\/media?parent=2034"}],"curies":[{"name":"wp","href":"https:\/\/api.w.org\/{rel}","templated":true}]}}