{"id":1848,"date":"2012-09-05T14:50:11","date_gmt":"2012-09-05T12:50:11","guid":{"rendered":"http:\/\/dinostorm.com\/?page_id=1848"},"modified":"2022-11-24T17:19:26","modified_gmt":"2022-11-24T15:19:26","slug":"domowa","status":"publish","type":"page","link":"https:\/\/dinostorm.com\/pl\/","title":{"rendered":"Domowa"},"content":{"rendered":"<div class=\"teaser-home\"><\/div>\n<!-- Start vSlider options -->\r\n<script type=\"text\/javascript\">\r\nvar $jq = jQuery.noConflict(); $jq(document).ready(function() { \r\n    $jq('#HomePolish').coinslider({ width: 960,     height: 389, spw: 3, sph: 2, delay: 6000, sDelay: 60, opacity: 0.7, titleSpeed: 0, effect: 'fade', navigation: false, links : true, stickynav: true, hoverPause: 0 }); }); \r\n    <\/script>\r\n<!-- Begin vSlider options -->\r\n<style type=\"text\/css\" media=\"screen\">\r\n#HomePolishcontainer {\r\n    margin: 0px -5px -5px 4px;\r\n    float:none;\r\n    }\r\n#HomePolish { \r\n    width: 960px; \r\n    height: 389px;\r\n    overflow: hidden; \r\n    position: relative; \r\n    }\r\n    \r\n\r\n    #HomePolish a, #HomePolish a img {\r\n        border: none !important; \r\n        text-decoration: none !important; \r\n        outline: none !important;\r\n        } \r\n        \r\n    #HomePolish h4 {\r\n        color: #FFFFFF !important;\r\n        margin: 0px !important;padding: 0px !important;\r\n        font-family: Arial, Helvetica, sans-serif !important;\r\n        font-size: 16px !important;}\r\n        \r\n    #HomePolish .cs-title {\r\n        background: #000;\r\n        color: #FFFFFF  !important;\r\n        font-family: Arial, Helvetica, sans-serif !important;\r\n        font-size: 12px !important;\r\n        letter-spacing: normal !important;line-height: normal !important;}\r\n        \r\n    #HomePolish .cs-title{ position:absolute;\r\n    width: 949px; padding: 10px;        }\r\n        #HomePolishcontainer .cs-buttons {clear:both; font-size: 0px; margin: ; float: left; }\r\n       #cs-button-HomePolish{ z-index:999;outline:none;}\r\n                #HomePolishcontainer .cs-buttons { font-size: 0px; padding: 10px; float: left; outline: none !important;}\r\n           #HomePolishcontainer .cs-buttons a { margin-left: 5px; height: 15px; width: 15px; float: left; \r\n                            background: url('https:\/\/dinostorm.com\/wp-content\/plugins\/vslider\/images\/default_style.png') no-repeat;background-position:top;\r\n                                                text-indent: -1000px;\r\n                                                outline: none !important;\r\n                             }\r\n             #HomePolishcontainer .cs-buttons a:hover  { background: url('https:\/\/dinostorm.com\/wp-content\/plugins\/vslider\/images\/default_style.png') no-repeat;background-position: bottom;top:15px;outline: none !important;}\r\n            #HomePolishcontainer  a.cs-active { background: url('https:\/\/dinostorm.com\/wp-content\/plugins\/vslider\/images\/default_style.png') no-repeat;background-position:bottom;outline: none !important;}          \r\n                                \r\n        \r\n                 #HomePolish  .cs-prev,#HomePolish  .cs-next { outline:none; }\r\n           #HomePolish  .cs-prev {margin-left:8px; line-height: 30px;width: 30px;height:30px; background: url('https:\/\/dinostorm.com\/wp-content\/plugins\/vslider\/images\/nav_style2_arrows-prev.png')no-repeat; text-indent: -999px;}\r\n      #HomePolish  .cs-next {margin-right: 5px; line-height: 30px;width: 30px;height:30px; background: url('https:\/\/dinostorm.com\/wp-content\/plugins\/vslider\/images\/nav_style2_arrows-next.png')no-repeat; text-indent: -999px;}\r\n         \r\n       #HomePolish,#HomePolish img {\r\n        border:1px solid #000; \r\n        border-radius:1px;\r\n        -moz-border-radius:1px;\r\n        -webkit-border-radius:1px;\r\n        }\r\n<\/style>\r\n<!-- End vSlider options -->\r\n    <div id=\"HomePolishcontainer\">\r\n    <div id=\"HomePolish\">       <a href=\"http:\/\/dinostorm.com\/pl\/gra\" style=\"background:#fff;\" target=\"\">\r\n              <img class=\"colorbox-1848\"  decoding=\"async\" src=\"https:\/\/dinostorm.com\/wp-content\/plugins\/vslider\/timthumb.php?src=http%3A%2F%2Fdinostorm.com%2Fwp-content%2Fuploads%2F2012%2F10%2FDinoville.jpg&amp;w=960&amp;h=389&amp;zc=1&amp;q=80\" style=\"width:960px;height:389px;\" alt=\"Witamy w Dinoville\" \/>\r\n                    <span><h4>Witamy w Dinoville<\/h4>Do\u015bwiadcz akcj\u0119 z dinozaurami w 3D, bezp\u0142atnie i u\u017cywaj\u0105c jedynie przegl\u0105darki<\/span>\r\n                <\/a>\r\n           <a href=\"http:\/\/dinostorm.com\/pl\/gra\" style=\"background:#fff;\" target=\"\">\r\n              <img class=\"colorbox-1848\"  decoding=\"async\" src=\"https:\/\/dinostorm.com\/wp-content\/plugins\/vslider\/timthumb.php?src=http%3A%2F%2Fdinostorm.com%2Fwp-content%2Fuploads%2F2012%2F10%2Ffemale_rider.jpg&amp;w=960&amp;h=389&amp;zc=1&amp;q=80\" style=\"width:960px;height:389px;\" alt=\"Zagro\u017cenia czaj\u0105 si\u0119 wsz\u0119dzie\" \/>\r\n                    <span><h4>Zagro\u017cenia czaj\u0105 si\u0119 wsz\u0119dzie<\/h4>Razem ze swoimi przyjaci\u00f3\u0142mi zbadaj obszerny \u015bwiat gry<\/span>\r\n                <\/a>\r\n           <a href=\"http:\/\/dinostorm.com\/pl\/gra\" style=\"background:#fff;\" target=\"\">\r\n              <img class=\"colorbox-1848\"  decoding=\"async\" src=\"https:\/\/dinostorm.com\/wp-content\/plugins\/vslider\/timthumb.php?src=http%3A%2F%2Fdinostorm.com%2Fwp-content%2Fuploads%2F2012%2F10%2Fbadguy.jpg&amp;w=960&amp;h=389&amp;zc=1&amp;q=80\" style=\"width:960px;height:389px;\" alt=\"Bro\u0144 miasto przed z\u0142oczy\u0144cami\" \/>\r\n                    <span><h4>Bro\u0144 miasto przed z\u0142oczy\u0144cami<\/h4>Staw czo\u0142a bezlitosnym bandom z\u0142odziej i zar\u00f3b kilka dolar\u00f3w w ciekawych misjach<\/span>\r\n                <\/a>\r\n    <\/div><\/div>\n<h1 class=\"headline-home\"><span>Dino Storm \u2014 darmowa gra online z kowbojami. I dinozaurami. I laserami.<\/span><\/h1>\n<div class=\"one_third\">\n<div class=\"Banner\">\n<div class=\"BannerInn\">\n<p class=\"BannerHead\">Zalety<\/p>\n<h2 class=\"BannerH\"><strong>Dino Storm &#8211; pierwsza gra MMO z kowbojami, dinozaurami i laserami<\/strong><\/h2>\n<div class=\"BannerText2\">\n<ul>\n<li>Grafika 3D nowej generacji w twojej przegl\u0105darce<\/li>\n<li>Setki zada\u0144 i misji<\/li>\n<li>Wychowaj swojego w\u0142asnego dinozaura<\/li>\n<li>Wyka\u017c si\u0119 w walce z bandytami<\/li>\n<li>Innowacyjny system s\u0142awy<\/li>\n<\/ul>\n<\/div>\n<\/div>\n<\/div>\n<\/div>\n<div class=\"one_third_m\">\n<p class=\"headline-home2 headline-home2-pos\">Trailer<\/p>\n<div class=\"lyte-wrapper fourthree\" style=\"width:480px;max-width:100%;margin:5px;\"><div class=\"lyMe\" id=\"WYL_gQCBOCoQhM4\"><div id=\"lyte_gQCBOCoQhM4\" data-src=\"https:\/\/dinostorm.com\/wp-content\/plugins\/wp-youtube-lyte\/lyteCache.php?origThumbUrl=%2F%2Fi.ytimg.com%2Fvi%2FgQCBOCoQhM4%2Fhqdefault.jpg\" class=\"pL\"><div class=\"tC\"><div class=\"tT\"><\/div><\/div><div class=\"play\"><\/div><div class=\"ctrl\"><div class=\"Lctrl\"><\/div><div class=\"Rctrl\"><\/div><\/div><\/div><noscript><a href=\"https:\/\/youtu.be\/gQCBOCoQhM4\" rel=\"nofollow\"><img class=\"colorbox-1848\"  loading=\"lazy\" decoding=\"async\" src=\"https:\/\/dinostorm.com\/wp-content\/plugins\/wp-youtube-lyte\/lyteCache.php?origThumbUrl=https%3A%2F%2Fi.ytimg.com%2Fvi%2FgQCBOCoQhM4%2F0.jpg\" alt=\"YouTube video thumbnail\" width=\"480\" height=\"340\" \/><br \/>Watch this video on YouTube<\/a><\/noscript><\/div><\/div><div class=\"lL\" style=\"max-width:100%;width:480px;margin:5px;\"><\/div><\/p>\n<\/div>\n<div class=\"one_third_last\">\n<div class=\"image7\">\n<a class=\"image-link\" href=\"\/pl\/gra\/leksykon-dinozaurow\">Leksykon Dinozaurow<\/a><\/div>\n<\/div>\n<div class=\"full\">\n<img decoding=\"async\" class=\"hr-home2 colorbox-1848\" src=\"\/wp-content\/themes\/arras\/images\/dinostorm\/seperator_small.png\" alt=\"separator dino storm\"><\/div>\n<div class=\"one_third\">\n<p class=\"headline-home2 headline-home2-pos\">SCREENSHOTY<\/p>\n<div class=\"gallery\"><dl class='gallery-item'>\n\t\t\t<dt class='gallery-icon landscape'>\n\t\t\t\t<a href='https:\/\/dinostorm.com\/wp-content\/uploads\/2012\/09\/dinostorm_08.jpg'><img loading=\"lazy\" decoding=\"async\" width=\"130\" height=\"80\" src=\"https:\/\/dinostorm.com\/wp-content\/uploads\/2012\/09\/dinostorm_08-130x80.jpg\" class=\"attachment-gallery_thumbnail size-gallery_thumbnail colorbox-1848 \" alt=\"Dino Storm - Dinoville\" aria-describedby=\"gallery-1-15049\" \/><\/a>\n\t\t\t<\/dt>\n\t\t\t\t<dd class='wp-caption-text gallery-caption' id='gallery-1-15049'>\n\t\t\t\tBeautiful panorama of the western town Dinoville.\n\t\t\t\t<\/dd><\/dl><dl class='gallery-item'>\n\t\t\t<dt class='gallery-icon landscape'>\n\t\t\t\t<a href='https:\/\/dinostorm.com\/wp-content\/uploads\/2012\/09\/dinostorm_09.jpg'><img loading=\"lazy\" decoding=\"async\" width=\"130\" height=\"80\" src=\"https:\/\/dinostorm.com\/wp-content\/uploads\/2012\/09\/dinostorm_09-130x80.jpg\" class=\"attachment-gallery_thumbnail size-gallery_thumbnail colorbox-1848 \" alt=\"Dino Storm - River of Dinoville\" aria-describedby=\"gallery-1-15050\" \/><\/a>\n\t\t\t<\/dt>\n\t\t\t\t<dd class='wp-caption-text gallery-caption' id='gallery-1-15050'>\n\t\t\t\tWhat a view &#8211;  The  major river running through Dinoville.\n\t\t\t\t<\/dd><\/dl><br style=\"clear: both\" \/><dl class='gallery-item'>\n\t\t\t<dt class='gallery-icon landscape'>\n\t\t\t\t<a href='https:\/\/dinostorm.com\/wp-content\/uploads\/2012\/09\/dinostorm_11.jpg'><img loading=\"lazy\" decoding=\"async\" width=\"130\" height=\"80\" src=\"https:\/\/dinostorm.com\/wp-content\/uploads\/2012\/09\/dinostorm_11-130x80.jpg\" class=\"attachment-gallery_thumbnail size-gallery_thumbnail colorbox-1848 \" alt=\"Dino Storm - Dinosaurs in Dinoville\" aria-describedby=\"gallery-1-15051\" \/><\/a>\n\t\t\t<\/dt>\n\t\t\t\t<dd class='wp-caption-text gallery-caption' id='gallery-1-15051'>\n\t\t\t\tBack from your goldmine the saloon in Dinoville is the right place to be.\n\t\t\t\t<\/dd><\/dl><dl class='gallery-item'>\n\t\t\t<dt class='gallery-icon landscape'>\n\t\t\t\t<a href='https:\/\/dinostorm.com\/wp-content\/uploads\/2012\/09\/ds_jungle_01.jpg'><img loading=\"lazy\" decoding=\"async\" width=\"130\" height=\"80\" src=\"https:\/\/dinostorm.com\/wp-content\/uploads\/2012\/09\/ds_jungle_01-130x80.jpg\" class=\"attachment-gallery_thumbnail size-gallery_thumbnail colorbox-1848 \" alt=\"Dino Storm - Bandit in Mokon Woods\" aria-describedby=\"gallery-1-15052\" \/><\/a>\n\t\t\t<\/dt>\n\t\t\t\t<dd class='wp-caption-text gallery-caption' id='gallery-1-15052'>\n\t\t\t\tBeware of dangerous bandits in Mokon Woods are everywhere.\n\t\t\t\t<\/dd><\/dl><br style=\"clear: both\" \/><dl class='gallery-item'>\n\t\t\t<dt class='gallery-icon landscape'>\n\t\t\t\t<a href='https:\/\/dinostorm.com\/wp-content\/uploads\/2012\/09\/dinostorm_mokonwoods_01.jpg'><img loading=\"lazy\" decoding=\"async\" width=\"130\" height=\"80\" src=\"https:\/\/dinostorm.com\/wp-content\/uploads\/2012\/09\/dinostorm_mokonwoods_01-130x80.jpg\" class=\"attachment-gallery_thumbnail size-gallery_thumbnail colorbox-1848 \" alt=\"Dino Storm - Trouble in Mokon Woods\" aria-describedby=\"gallery-1-15053\" \/><\/a>\n\t\t\t<\/dt>\n\t\t\t\t<dd class='wp-caption-text gallery-caption' id='gallery-1-15053'>\n\t\t\t\tBrave Cowboys of Dinoville don\u00b4t run away &#8211; tey fight till the end.\n\t\t\t\t<\/dd><\/dl><dl class='gallery-item'>\n\t\t\t<dt class='gallery-icon landscape'>\n\t\t\t\t<a href='https:\/\/dinostorm.com\/wp-content\/uploads\/2012\/09\/dinostorm_mokonwoods_02.jpg'><img loading=\"lazy\" decoding=\"async\" width=\"130\" height=\"80\" src=\"https:\/\/dinostorm.com\/wp-content\/uploads\/2012\/09\/dinostorm_mokonwoods_02-130x80.jpg\" class=\"attachment-gallery_thumbnail size-gallery_thumbnail colorbox-1848 \" alt=\"Dino Storm - Beware dangerous creatures\" aria-describedby=\"gallery-1-15054\" \/><\/a>\n\t\t\t<\/dt>\n\t\t\t\t<dd class='wp-caption-text gallery-caption' id='gallery-1-15054'>\n\t\t\t\tBeware of dangerous creatures in Dino Storm.\n\t\t\t\t<\/dd><\/dl><br style=\"clear: both\" \/>\n\t\t<\/div>\n\n<\/div>\n<div class=\"two_thirds\">\n<p class=\"headline-home2 headline-home2-pos\">Fabu\u0142a<\/p>\n<h2 class=\"Texth2\">Dino Storm &#8211; gra dla prawdziwych kowboj\u00f3w<\/h2>\n<p>Odkryj nasz\u0105 now\u0105 gr\u0119 Dino Storm, kt\u00f3ra stanowi najlepsz\u0105 gr\u0119 akcji z dinozaurami w historii. Dino Storm &#8211; nasza \u015bwie\u017cutka gra online z kowbojami, dinozaurami i laserami. Tylko najlepsi zdo\u0142aj\u0105 zosta\u0107 szeryfem miasta.<\/p>\n<h2 class=\"Texth2\">Dino Storm: Zosta\u0144 uwielbianym szeryfem Dinoville<\/h2>\n<p>Gor\u0105czka z\u0142ota w Dino Storm! Ka\u017cdy chce zosta\u0107 najwspanialszym kowbojem w mie\u015bcie w grze, w kt\u00f3rej nie chodzi tylko o pieni\u0105dze, lecz r\u00f3wnie\u017c o reputacj\u0119 i s\u0142aw\u0119. Tylko najlepsi zdo\u0142aj\u0105 zosta\u0107 szeryfem miasteczka w tej darmowej i wci\u0105gaj\u0105cej grze. Dosiadaj\u0105c swojego dinozaura i b\u0119d\u0105c uzbrojonym w pistolet laserowy b\u0119dziesz musia\u0142 stawi\u0107 czo\u0142a stadom pot\u0119\u017cnych dinozaur\u00f3w i bandom bezlitosnych bandyt\u00f3w i z\u0142odziei. Po\u0142\u0105cz swoje si\u0142y z wp\u0142ywowymi klanami lub za\u0142\u00f3\u017c sw\u00f3j w\u0142asny. Czerp korzy\u015bci z ogromnych kopalni z\u0142ota i zdobywaj s\u0142aw\u0119 i chwa\u0142\u0119. Doprowad\u017a swojego dinozaura do wy\u017cszych poziom\u00f3w, a\u017c uro\u015bnie do niebotycznych rozmiar\u00f3w. Ulepsz swoj\u0105 bro\u0144 i zr\u00f3b z niej \u015bmierciono\u015bne narz\u0119dzie. A to wszystko we wspania\u0142ej grze Dino Storm.<\/p>\n<p>Zdobywaj s\u0142aw\u0119 i respekt i zosta\u0144 szeryfem w przegl\u0105darkowej grze Dino Storm.<\/p>\n<div style=\"left: 5px; relative; top: 15px; height: 75px\"><a id=\"playnow\" class=\"colorbox-link cboxElement\" href=\"https:\/\/api.dinostorm.com\/account.php\/start\/dinostorm?lang=pl&amp;affiliateId=0&amp;campaignId=0&amp;referrer=\"><img class=\"colorbox-1848\"  decoding=\"async\" src=\"\/wp-content\/themes\/arras\/images\/dinostorm\/playnow\/pl\/cta_playnow.gif\" alt=\"\"><\/a><\/div>\n<\/div>\n<div class=\"full\">\n<img decoding=\"async\" class=\"hr-home2 colorbox-1848\" src=\"\/wp-content\/themes\/arras\/images\/dinostorm\/seperator_small.png\" alt=\"separator dino storm\"><\/div>\n<div class=\"full\">\n<p class=\"headline-home2 headline-home2-ab headline-home2-ab2\">Najnowsze wiadomo\u015bci<\/p>\n<div class=\"home-newshr\"><\/div>\n<div class=\"news-home\"><a class=\"news-button\" href=\"\/pl\/newsy\"><span>NEWSY<\/span><\/a><\/div>\n<\/div>\n<div class=\"full\">\n<img decoding=\"async\" class=\"hr-home colorbox-1848\" src=\"\/wp-content\/themes\/arras\/images\/dinostorm\/seperator_small.png\" alt=\"separator dino storm\"><\/div>\n<div class=\"one_fifth\">\n<h3 class=\"news home-buttons\"><a class=\"home-block\" href=\"\/pl\/gra\">Wprowadzenie<\/a><\/h3>\n<div class=\"FooterTextNews\">\nDino Storm to darmowa gra 3D dla wielu graczy. Mamy tu do czynienia z dinozaurami, kowbojami i laserami.<\/div>\n<\/div>\n<div class=\"one_fifth\">\n<h3 class=\"dinos home-buttons\"><a class=\"home-block\" href=\"\/pl\/gra\/leksykon-dinozaurow\">DINOZAURY<\/a><\/h3>\n<div class=\"FooterText\">\nCzy znasz wszystkie dinozaury? Sp\u00f3jrz na nasz leksykon dinozaur\u00f3w.<\/div>\n<\/div>\n<div class=\"one_fifth\">\n<h3 class=\"weapons home-buttons\"><a class=\"home-block\" href=\"\/pl\/gra\/leksykon-broni\">BRONIE<\/a><\/h3>\n<div class=\"FooterText\">\nChcesz dowiedzie\u0107 si\u0119 wi\u0119cej o broniach laserowych w Dino Storm? W takim razie sp\u00f3jrz na nasz leksykon broni.<\/div>\n<\/div>\n<div class=\"one_fifth\">\n<h3 class=\"java home-buttons\"><a class=\"home-block\" href=\"http:\/\/forum.dinostorm.com\/viewforum.php?f=107\" target=\"_blank\" rel=\"noopener noreferrer\">JAVA<\/a><\/h3>\n<div class=\"FooterText\">\nNie wiesz jak zainstalowa\u0107 Jav\u0119 na swojej przegl\u0105darce? <a href=\"http:\/\/forum.dinostorm.com\/viewforum.php?f=107\" target=\"_blank\" rel=\"noopener noreferrer\">Tutaj<\/a> oferujemy ci szczeg\u00f3\u0142ow\u0105 pomoc.<\/div>\n<\/div>\n<div class=\"one_fifth\">\n<h3 class=\"games home-buttons\"><a class=\"home-block\" href=\"http:\/\/splitscreen-games.com\/en\/games\" target=\"_blank\" rel=\"noopener noreferrer\">WI\u0118CEJ GIER<\/a><\/h3>\n<div class=\"FooterText\">\nSplitscreen Games poza Dino Storm oferuje tak\u017ce szereg innych \u015bwietnych gier online dla wielu graczy.<\/div>\n<\/div>\n<div class=\"full\">\n<img decoding=\"async\" class=\"hr2_2 colorbox-1848\" src=\"\/wp-content\/themes\/arras\/images\/dinostorm\/seperator_big.png\" alt=\"separator dino storm\"><\/div>\n","protected":false},"excerpt":{"rendered":"<p>Dino Storm \u2014 darmowa gra online z kowbojami. I dinozaurami. I laserami. Zalety Dino Storm &#8211; pierwsza gra MMO z kowbojami, dinozaurami i laserami Grafika 3D nowej generacji w twojej przegl\u0105darce Setki zada\u0144 i misji [&hellip;]<\/p>\n","protected":false},"author":26,"featured_media":15052,"parent":0,"menu_order":0,"comment_status":"closed","ping_status":"closed","template":"pagetpl-onecolumn-home-ds2.php","meta":{"footnotes":"","_links_to":"","_links_to_target":""},"class_list":["post-1848","page","type-page","status-publish","has-post-thumbnail","hentry"],"yoast_head":"<!-- This site is optimized with the Yoast SEO plugin v27.3 - https:\/\/yoast.com\/product\/yoast-seo-wordpress\/ -->\n<title>Gra 3D dla wielu graczy z dinozaurami, kowbojami i laserami<\/title>\n<meta name=\"description\" content=\"Dino Storm, darmowa gra 3D dla wielu graczy. Dosi\u0105d\u017a swojego dinozaura, na\u0142aduj sw\u00f3j laser i sta\u0144 si\u0119 szeryfem Dinoville. Graj ca\u0142kowicie za darmo!\" \/>\n<meta name=\"robots\" content=\"index, follow, max-snippet:-1, max-image-preview:large, max-video-preview:-1\" \/>\n<link rel=\"canonical\" href=\"https:\/\/dinostorm.com\/pl\/\" \/>\n<meta property=\"og:locale\" content=\"pl_PL\" \/>\n<meta property=\"og:type\" content=\"article\" \/>\n<meta property=\"og:title\" content=\"Gra 3D dla wielu graczy z dinozaurami, kowbojami i laserami\" \/>\n<meta property=\"og:description\" content=\"Dino Storm, darmowa gra 3D dla wielu graczy. Dosi\u0105d\u017a swojego dinozaura, na\u0142aduj sw\u00f3j laser i sta\u0144 si\u0119 szeryfem Dinoville. Graj ca\u0142kowicie za darmo!\" \/>\n<meta property=\"og:url\" content=\"https:\/\/dinostorm.com\/pl\/\" \/>\n<meta property=\"og:site_name\" content=\"Dino Storm\" \/>\n<meta property=\"article:modified_time\" content=\"2022-11-24T15:19:26+00:00\" \/>\n<meta property=\"og:image\" content=\"https:\/\/dinostorm.com\/wp-content\/uploads\/2012\/09\/dinostorm_08-130x80.jpg\" \/>\n<meta name=\"twitter:label1\" content=\"Szacowany czas czytania\" \/>\n\t<meta name=\"twitter:data1\" content=\"3 minuty\" \/>\n<script type=\"application\/ld+json\" class=\"yoast-schema-graph\">{\"@context\":\"https:\\\/\\\/schema.org\",\"@graph\":[{\"@type\":\"WebPage\",\"@id\":\"https:\\\/\\\/dinostorm.com\\\/pl\\\/\",\"url\":\"https:\\\/\\\/dinostorm.com\\\/pl\\\/\",\"name\":\"Gra 3D dla wielu graczy z dinozaurami, kowbojami i laserami\",\"isPartOf\":{\"@id\":\"https:\\\/\\\/dinostorm.com\\\/pl\\\/#website\"},\"primaryImageOfPage\":{\"@id\":\"https:\\\/\\\/dinostorm.com\\\/pl\\\/#primaryimage\"},\"image\":{\"@id\":\"https:\\\/\\\/dinostorm.com\\\/pl\\\/#primaryimage\"},\"thumbnailUrl\":\"https:\\\/\\\/dinostorm.com\\\/wp-content\\\/uploads\\\/2012\\\/09\\\/ds_jungle_01.jpg\",\"datePublished\":\"2012-09-05T12:50:11+00:00\",\"dateModified\":\"2022-11-24T15:19:26+00:00\",\"description\":\"Dino Storm, darmowa gra 3D dla wielu graczy. Dosi\u0105d\u017a swojego dinozaura, na\u0142aduj sw\u00f3j laser i sta\u0144 si\u0119 szeryfem Dinoville. Graj ca\u0142kowicie za darmo!\",\"breadcrumb\":{\"@id\":\"https:\\\/\\\/dinostorm.com\\\/pl\\\/#breadcrumb\"},\"inLanguage\":\"pl-PL\",\"potentialAction\":[{\"@type\":\"ReadAction\",\"target\":[\"https:\\\/\\\/dinostorm.com\\\/pl\\\/\"]}]},{\"@type\":\"ImageObject\",\"inLanguage\":\"pl-PL\",\"@id\":\"https:\\\/\\\/dinostorm.com\\\/pl\\\/#primaryimage\",\"url\":\"https:\\\/\\\/dinostorm.com\\\/wp-content\\\/uploads\\\/2012\\\/09\\\/ds_jungle_01.jpg\",\"contentUrl\":\"https:\\\/\\\/dinostorm.com\\\/wp-content\\\/uploads\\\/2012\\\/09\\\/ds_jungle_01.jpg\",\"width\":1280,\"height\":720,\"caption\":\"Beware of dangerous bandits in Mokon Woods are everywhere.\"},{\"@type\":\"BreadcrumbList\",\"@id\":\"https:\\\/\\\/dinostorm.com\\\/pl\\\/#breadcrumb\",\"itemListElement\":[{\"@type\":\"ListItem\",\"position\":1,\"name\":\"Home\",\"item\":\"https:\\\/\\\/dinostorm.com\\\/pl\\\/\"},{\"@type\":\"ListItem\",\"position\":2,\"name\":\"Domowa\"}]},{\"@type\":\"WebSite\",\"@id\":\"https:\\\/\\\/dinostorm.com\\\/pl\\\/#website\",\"url\":\"https:\\\/\\\/dinostorm.com\\\/pl\\\/\",\"name\":\"Dino Storm\",\"description\":\"\",\"potentialAction\":[{\"@type\":\"SearchAction\",\"target\":{\"@type\":\"EntryPoint\",\"urlTemplate\":\"https:\\\/\\\/dinostorm.com\\\/pl\\\/?s={search_term_string}\"},\"query-input\":{\"@type\":\"PropertyValueSpecification\",\"valueRequired\":true,\"valueName\":\"search_term_string\"}}],\"inLanguage\":\"pl-PL\"}]}<\/script>\n<!-- \/ Yoast SEO plugin. -->","yoast_head_json":{"title":"Gra 3D dla wielu graczy z dinozaurami, kowbojami i laserami","description":"Dino Storm, darmowa gra 3D dla wielu graczy. Dosi\u0105d\u017a swojego dinozaura, na\u0142aduj sw\u00f3j laser i sta\u0144 si\u0119 szeryfem Dinoville. Graj ca\u0142kowicie za darmo!","robots":{"index":"index","follow":"follow","max-snippet":"max-snippet:-1","max-image-preview":"max-image-preview:large","max-video-preview":"max-video-preview:-1"},"canonical":"https:\/\/dinostorm.com\/pl\/","og_locale":"pl_PL","og_type":"article","og_title":"Gra 3D dla wielu graczy z dinozaurami, kowbojami i laserami","og_description":"Dino Storm, darmowa gra 3D dla wielu graczy. Dosi\u0105d\u017a swojego dinozaura, na\u0142aduj sw\u00f3j laser i sta\u0144 si\u0119 szeryfem Dinoville. Graj ca\u0142kowicie za darmo!","og_url":"https:\/\/dinostorm.com\/pl\/","og_site_name":"Dino Storm","article_modified_time":"2022-11-24T15:19:26+00:00","og_image":[{"url":"https:\/\/dinostorm.com\/wp-content\/uploads\/2012\/09\/dinostorm_08-130x80.jpg","type":"","width":"","height":""}],"twitter_misc":{"Szacowany czas czytania":"3 minuty"},"schema":{"@context":"https:\/\/schema.org","@graph":[{"@type":"WebPage","@id":"https:\/\/dinostorm.com\/pl\/","url":"https:\/\/dinostorm.com\/pl\/","name":"Gra 3D dla wielu graczy z dinozaurami, kowbojami i laserami","isPartOf":{"@id":"https:\/\/dinostorm.com\/pl\/#website"},"primaryImageOfPage":{"@id":"https:\/\/dinostorm.com\/pl\/#primaryimage"},"image":{"@id":"https:\/\/dinostorm.com\/pl\/#primaryimage"},"thumbnailUrl":"https:\/\/dinostorm.com\/wp-content\/uploads\/2012\/09\/ds_jungle_01.jpg","datePublished":"2012-09-05T12:50:11+00:00","dateModified":"2022-11-24T15:19:26+00:00","description":"Dino Storm, darmowa gra 3D dla wielu graczy. Dosi\u0105d\u017a swojego dinozaura, na\u0142aduj sw\u00f3j laser i sta\u0144 si\u0119 szeryfem Dinoville. Graj ca\u0142kowicie za darmo!","breadcrumb":{"@id":"https:\/\/dinostorm.com\/pl\/#breadcrumb"},"inLanguage":"pl-PL","potentialAction":[{"@type":"ReadAction","target":["https:\/\/dinostorm.com\/pl\/"]}]},{"@type":"ImageObject","inLanguage":"pl-PL","@id":"https:\/\/dinostorm.com\/pl\/#primaryimage","url":"https:\/\/dinostorm.com\/wp-content\/uploads\/2012\/09\/ds_jungle_01.jpg","contentUrl":"https:\/\/dinostorm.com\/wp-content\/uploads\/2012\/09\/ds_jungle_01.jpg","width":1280,"height":720,"caption":"Beware of dangerous bandits in Mokon Woods are everywhere."},{"@type":"BreadcrumbList","@id":"https:\/\/dinostorm.com\/pl\/#breadcrumb","itemListElement":[{"@type":"ListItem","position":1,"name":"Home","item":"https:\/\/dinostorm.com\/pl\/"},{"@type":"ListItem","position":2,"name":"Domowa"}]},{"@type":"WebSite","@id":"https:\/\/dinostorm.com\/pl\/#website","url":"https:\/\/dinostorm.com\/pl\/","name":"Dino Storm","description":"","potentialAction":[{"@type":"SearchAction","target":{"@type":"EntryPoint","urlTemplate":"https:\/\/dinostorm.com\/pl\/?s={search_term_string}"},"query-input":{"@type":"PropertyValueSpecification","valueRequired":true,"valueName":"search_term_string"}}],"inLanguage":"pl-PL"}]}},"_links":{"self":[{"href":"https:\/\/dinostorm.com\/pl\/wp-json\/wp\/v2\/pages\/1848","targetHints":{"allow":["GET"]}}],"collection":[{"href":"https:\/\/dinostorm.com\/pl\/wp-json\/wp\/v2\/pages"}],"about":[{"href":"https:\/\/dinostorm.com\/pl\/wp-json\/wp\/v2\/types\/page"}],"author":[{"embeddable":true,"href":"https:\/\/dinostorm.com\/pl\/wp-json\/wp\/v2\/users\/26"}],"replies":[{"embeddable":true,"href":"https:\/\/dinostorm.com\/pl\/wp-json\/wp\/v2\/comments?post=1848"}],"version-history":[{"count":4,"href":"https:\/\/dinostorm.com\/pl\/wp-json\/wp\/v2\/pages\/1848\/revisions"}],"predecessor-version":[{"id":362185,"href":"https:\/\/dinostorm.com\/pl\/wp-json\/wp\/v2\/pages\/1848\/revisions\/362185"}],"wp:featuredmedia":[{"embeddable":true,"href":"https:\/\/dinostorm.com\/pl\/wp-json\/wp\/v2\/media\/15052"}],"wp:attachment":[{"href":"https:\/\/dinostorm.com\/pl\/wp-json\/wp\/v2\/media?parent=1848"}],"curies":[{"name":"wp","href":"https:\/\/api.w.org\/{rel}","templated":true}]}}