{"id":8741,"date":"2013-08-21T13:00:14","date_gmt":"2013-08-21T11:00:14","guid":{"rendered":"http:\/\/dinostorm.com\/gioco\/fame"},"modified":"2015-08-27T16:28:43","modified_gmt":"2015-08-27T14:28:43","slug":"fama","status":"publish","type":"page","link":"https:\/\/dinostorm.com\/it\/gioco\/fama\/","title":{"rendered":"Fama"},"content":{"rendered":"<div class=\"teaser\"><\/div>\n<h1 class=\"headline_page width_200\"><span>Tua Fama<\/span><\/h1>\n<p class=\"back-button back-pos200\"><a class=\"back-block\" href=\"\/it\/gioco#overview\">INDIETRO<\/a><\/p>\n<div class=\"full\">\n<p><img loading=\"lazy\" decoding=\"async\" class=\"wrapper_image_impl colorbox-8741\" alt=\"Fame: Dino Storm\" src=\"http:\/\/dinostorm.com\/wp-content\/uploads\/2014\/05\/fame-dude.png\" width=\"225\" height=\"140\" \/><\/p>\n<div class=\"wrapper_impl\">\n<p class=\"text-impl\">Continua ad aggiungere alla vostra fama finch\u00e9 non si \u00e8 il pi\u00f9 grande eroe della citt\u00e0: Lo sceriffo di Dinoville!<\/p>\n<\/div>\n<\/div>\n<div class=\"wrapper_dinolex\" style=\"float: left; width: 414px; max-height: 220px; margin-left: 40px; margin-right: 10px;\">\n<p><img loading=\"lazy\" decoding=\"async\" class=\"alignnone size-full wp-image-8725 colorbox-8741\" style=\"float: left; margin-right: 21px;\" alt=\"Dino Storm \u2013 What is Fame?\" src=\"http:\/\/dinostorm.com\/wp-content\/uploads\/2014\/05\/dino.storm_.what_.is_.fame_.png\" width=\"140\" height=\"140\" srcset=\"https:\/\/dinostorm.com\/wp-content\/uploads\/2014\/05\/dino.storm_.what_.is_.fame_.png 140w, https:\/\/dinostorm.com\/wp-content\/uploads\/2014\/05\/dino.storm_.what_.is_.fame_-36x36.png 36w\" sizes=\"auto, (max-width: 140px) 100vw, 140px\" \/><\/p>\n<h3 style=\"margin-bottom: 6px; margin-top: -24px;\">Che cos&#8217;\u00e8 la fama?<\/h3>\n<p><span style=\"line-height: 18px;\">La fama \u00e8 come una moneta per l&#8217;onore e l&#8217;importanza in Dinoville. Mostra a tutti come sei onorevole, importante e famoso!<\/span><\/p>\n<\/div>\n<div class=\"wrapper_dinolex\" style=\"width: 414px; max-height: 220px;\">\n<p><img loading=\"lazy\" decoding=\"async\" class=\"alignnone size-full wp-image-8724 colorbox-8741\" style=\"float: left; margin-right: 21px;\" alt=\"Dino Storm \u2013 How do I earn Fame?\" src=\"http:\/\/dinostorm.com\/wp-content\/uploads\/2014\/05\/dino.storm_.how_.do_.i.earn_.fame_.png\" width=\"140\" height=\"140\" srcset=\"https:\/\/dinostorm.com\/wp-content\/uploads\/2014\/05\/dino.storm_.how_.do_.i.earn_.fame_.png 140w, https:\/\/dinostorm.com\/wp-content\/uploads\/2014\/05\/dino.storm_.how_.do_.i.earn_.fame_-36x36.png 36w\" sizes=\"auto, (max-width: 140px) 100vw, 140px\" \/><\/p>\n<h3 style=\"margin-bottom: 6px; margin-top: -24px;\">Come posso guadagnare la fama?<\/h3>\n<p><span style=\"line-height: 18px;\">Guadagna la fama indossando oggetti alla moda che fornisce un Bonus giornaliero di Fama. Completando i successi inoltre ti garan-tisce la fama. Il funzionamento dei Campi di ritirata, teletrasportatori, o i Giacimenti produ-cono oggetti che puoi commerciare per fama.<\/span><\/p>\n<\/div>\n<div class=\"wrapper_dinolex\" style=\"float: left; width: 414px; max-height: 160px; margin-left: 40px; margin-right: 10px;\">\n<p><img loading=\"lazy\" decoding=\"async\" class=\"alignnone size-full wp-image-8723 colorbox-8741\" style=\"float: left; margin-right: 21px;\" alt=\"Dino Storm \u2013 Why am I losing Fame?\" src=\"http:\/\/dinostorm.com\/wp-content\/uploads\/2014\/05\/dino.storm_.why_.am_.i.losing.fame_.png\" width=\"140\" height=\"140\" srcset=\"https:\/\/dinostorm.com\/wp-content\/uploads\/2014\/05\/dino.storm_.why_.am_.i.losing.fame_.png 140w, https:\/\/dinostorm.com\/wp-content\/uploads\/2014\/05\/dino.storm_.why_.am_.i.losing.fame_-36x36.png 36w\" sizes=\"auto, (max-width: 140px) 100vw, 140px\" \/><\/p>\n<h3 style=\"margin-bottom: 6px; margin-top: -24px;\">Perch\u00e9 sto perdendo la Fama?<\/h3>\n<p><span style=\"line-height: 18px;\">La fama \u00e8 una virt\u00f9 fugace, in modo che tutti perdono un&#8217; po&#8217; di Fama ogni giorno. Pi\u00f9 Fama possiedi pi\u00f9 li perdi, quindi hai bisogno di lavorare sodo per compensare la perdita e far crescere sempre di pi\u00f9 di essere famoso!<\/span><\/p>\n<\/div>\n<div class=\"wrapper_dinolex\" style=\"width: 414px; max-height: 160px;\">\n<p><img loading=\"lazy\" decoding=\"async\" class=\"alignnone size-full wp-image-8722 colorbox-8741\" style=\"float: left; margin-right: 21px;\" alt=\"Dino Storm \u2013 What can I do with Fame?\" src=\"http:\/\/dinostorm.com\/wp-content\/uploads\/2014\/05\/dino.storm_.what_.can_.i.do_.with_.fame_.png\" width=\"140\" height=\"140\" srcset=\"https:\/\/dinostorm.com\/wp-content\/uploads\/2014\/05\/dino.storm_.what_.can_.i.do_.with_.fame_.png 140w, https:\/\/dinostorm.com\/wp-content\/uploads\/2014\/05\/dino.storm_.what_.can_.i.do_.with_.fame_-36x36.png 36w\" sizes=\"auto, (max-width: 140px) 100vw, 140px\" \/><\/p>\n<h3 style=\"margin-bottom: 6px; margin-top: -24px;\">Cosa posso fare con la fama?<\/h3>\n<p><span style=\"line-height: 18px;\">Le elezioni del municipio sono guidati dalla Fama: La pi\u00f9 famosa richiedente per un ufficio vince il sedile, e solo quando ti rendi allo sceriffo, il T-Rex \u00e8 sbloccato!<\/span><\/p>\n<\/div>\n<div class=\"full\"><img decoding=\"async\" class=\"hr3 colorbox-8741\" alt=\"separator dino storm\" src=\"\/wp-content\/themes\/arras\/images\/dinostorm\/seperator_big.png\" \/><\/div>\n","protected":false},"excerpt":{"rendered":"<p>Tua Fama INDIETRO Continua ad aggiungere alla vostra fama finch\u00e9 non si \u00e8 il pi\u00f9 grande eroe della citt\u00e0: Lo sceriffo di Dinoville! Che cos&#8217;\u00e8 la fama? La fama \u00e8 come una moneta per l&#8217;onore [&hellip;]<\/p>\n","protected":false},"author":10,"featured_media":-1,"parent":3197,"menu_order":0,"comment_status":"closed","ping_status":"closed","template":"pagetpl-onecolumn.php","meta":{"footnotes":"","_links_to":"","_links_to_target":""},"class_list":["post-8741","page","type-page","status-publish","has-post-thumbnail","hentry"],"yoast_head":"<!-- This site is optimized with the Yoast SEO plugin v27.3 - https:\/\/yoast.com\/product\/yoast-seo-wordpress\/ -->\n<title>Tua Fama - Dino Storm<\/title>\n<meta name=\"description\" content=\"Continua ad aggiungere alla vostra fama finch\u00e9 non si \u00e8 il pi\u00f9 grande eroe della citt\u00e0: Lo sceriffo di Dinoville!\" \/>\n<meta name=\"robots\" content=\"index, follow, max-snippet:-1, max-image-preview:large, max-video-preview:-1\" \/>\n<link rel=\"canonical\" href=\"https:\/\/dinostorm.com\/it\/gioco\/fama\/\" \/>\n<meta property=\"og:locale\" content=\"it_IT\" \/>\n<meta property=\"og:type\" content=\"article\" \/>\n<meta property=\"og:title\" content=\"Tua Fama - Dino Storm\" \/>\n<meta property=\"og:description\" content=\"Continua ad aggiungere alla vostra fama finch\u00e9 non si \u00e8 il pi\u00f9 grande eroe della citt\u00e0: Lo sceriffo di Dinoville!\" \/>\n<meta property=\"og:url\" content=\"https:\/\/dinostorm.com\/it\/gioco\/fama\/\" \/>\n<meta property=\"og:site_name\" content=\"Dino Storm\" \/>\n<meta property=\"article:modified_time\" content=\"2015-08-27T14:28:43+00:00\" \/>\n<meta name=\"twitter:label1\" content=\"Tempo di lettura stimato\" \/>\n\t<meta name=\"twitter:data1\" content=\"1 minuto\" \/>\n<script type=\"application\/ld+json\" class=\"yoast-schema-graph\">{\"@context\":\"https:\\\/\\\/schema.org\",\"@graph\":[{\"@type\":\"WebPage\",\"@id\":\"https:\\\/\\\/dinostorm.com\\\/it\\\/gioco\\\/fama\\\/\",\"url\":\"https:\\\/\\\/dinostorm.com\\\/it\\\/gioco\\\/fama\\\/\",\"name\":\"Tua Fama - Dino Storm\",\"isPartOf\":{\"@id\":\"https:\\\/\\\/dinostorm.com\\\/it\\\/#website\"},\"primaryImageOfPage\":{\"@id\":\"https:\\\/\\\/dinostorm.com\\\/it\\\/gioco\\\/fama\\\/#primaryimage\"},\"image\":{\"@id\":\"https:\\\/\\\/dinostorm.com\\\/it\\\/gioco\\\/fama\\\/#primaryimage\"},\"thumbnailUrl\":\"http:\\\/\\\/dinostorm.com\\\/wp-content\\\/uploads\\\/2014\\\/05\\\/fame-dude.png\",\"datePublished\":\"2013-08-21T11:00:14+00:00\",\"dateModified\":\"2015-08-27T14:28:43+00:00\",\"description\":\"Continua ad aggiungere alla vostra fama finch\u00e9 non si \u00e8 il pi\u00f9 grande eroe della citt\u00e0: Lo sceriffo di Dinoville!\",\"breadcrumb\":{\"@id\":\"https:\\\/\\\/dinostorm.com\\\/it\\\/gioco\\\/fama\\\/#breadcrumb\"},\"inLanguage\":\"it-IT\",\"potentialAction\":[{\"@type\":\"ReadAction\",\"target\":[\"https:\\\/\\\/dinostorm.com\\\/it\\\/gioco\\\/fama\\\/\"]}]},{\"@type\":\"ImageObject\",\"inLanguage\":\"it-IT\",\"@id\":\"https:\\\/\\\/dinostorm.com\\\/it\\\/gioco\\\/fama\\\/#primaryimage\",\"url\":\"http:\\\/\\\/dinostorm.com\\\/wp-content\\\/uploads\\\/2014\\\/05\\\/fame-dude.png\",\"contentUrl\":\"http:\\\/\\\/dinostorm.com\\\/wp-content\\\/uploads\\\/2014\\\/05\\\/fame-dude.png\"},{\"@type\":\"BreadcrumbList\",\"@id\":\"https:\\\/\\\/dinostorm.com\\\/it\\\/gioco\\\/fama\\\/#breadcrumb\",\"itemListElement\":[{\"@type\":\"ListItem\",\"position\":1,\"name\":\"Home\",\"item\":\"https:\\\/\\\/dinostorm.com\\\/it\\\/\"},{\"@type\":\"ListItem\",\"position\":2,\"name\":\"Gioco\",\"item\":\"https:\\\/\\\/dinostorm.com\\\/it\\\/gioco\\\/\"},{\"@type\":\"ListItem\",\"position\":3,\"name\":\"Fama\"}]},{\"@type\":\"WebSite\",\"@id\":\"https:\\\/\\\/dinostorm.com\\\/it\\\/#website\",\"url\":\"https:\\\/\\\/dinostorm.com\\\/it\\\/\",\"name\":\"Dino Storm\",\"description\":\"\",\"potentialAction\":[{\"@type\":\"SearchAction\",\"target\":{\"@type\":\"EntryPoint\",\"urlTemplate\":\"https:\\\/\\\/dinostorm.com\\\/it\\\/?s={search_term_string}\"},\"query-input\":{\"@type\":\"PropertyValueSpecification\",\"valueRequired\":true,\"valueName\":\"search_term_string\"}}],\"inLanguage\":\"it-IT\"}]}<\/script>\n<!-- \/ Yoast SEO plugin. -->","yoast_head_json":{"title":"Tua Fama - Dino Storm","description":"Continua ad aggiungere alla vostra fama finch\u00e9 non si \u00e8 il pi\u00f9 grande eroe della citt\u00e0: Lo sceriffo di Dinoville!","robots":{"index":"index","follow":"follow","max-snippet":"max-snippet:-1","max-image-preview":"max-image-preview:large","max-video-preview":"max-video-preview:-1"},"canonical":"https:\/\/dinostorm.com\/it\/gioco\/fama\/","og_locale":"it_IT","og_type":"article","og_title":"Tua Fama - Dino Storm","og_description":"Continua ad aggiungere alla vostra fama finch\u00e9 non si \u00e8 il pi\u00f9 grande eroe della citt\u00e0: Lo sceriffo di Dinoville!","og_url":"https:\/\/dinostorm.com\/it\/gioco\/fama\/","og_site_name":"Dino Storm","article_modified_time":"2015-08-27T14:28:43+00:00","twitter_misc":{"Tempo di lettura stimato":"1 minuto"},"schema":{"@context":"https:\/\/schema.org","@graph":[{"@type":"WebPage","@id":"https:\/\/dinostorm.com\/it\/gioco\/fama\/","url":"https:\/\/dinostorm.com\/it\/gioco\/fama\/","name":"Tua Fama - Dino Storm","isPartOf":{"@id":"https:\/\/dinostorm.com\/it\/#website"},"primaryImageOfPage":{"@id":"https:\/\/dinostorm.com\/it\/gioco\/fama\/#primaryimage"},"image":{"@id":"https:\/\/dinostorm.com\/it\/gioco\/fama\/#primaryimage"},"thumbnailUrl":"http:\/\/dinostorm.com\/wp-content\/uploads\/2014\/05\/fame-dude.png","datePublished":"2013-08-21T11:00:14+00:00","dateModified":"2015-08-27T14:28:43+00:00","description":"Continua ad aggiungere alla vostra fama finch\u00e9 non si \u00e8 il pi\u00f9 grande eroe della citt\u00e0: Lo sceriffo di Dinoville!","breadcrumb":{"@id":"https:\/\/dinostorm.com\/it\/gioco\/fama\/#breadcrumb"},"inLanguage":"it-IT","potentialAction":[{"@type":"ReadAction","target":["https:\/\/dinostorm.com\/it\/gioco\/fama\/"]}]},{"@type":"ImageObject","inLanguage":"it-IT","@id":"https:\/\/dinostorm.com\/it\/gioco\/fama\/#primaryimage","url":"http:\/\/dinostorm.com\/wp-content\/uploads\/2014\/05\/fame-dude.png","contentUrl":"http:\/\/dinostorm.com\/wp-content\/uploads\/2014\/05\/fame-dude.png"},{"@type":"BreadcrumbList","@id":"https:\/\/dinostorm.com\/it\/gioco\/fama\/#breadcrumb","itemListElement":[{"@type":"ListItem","position":1,"name":"Home","item":"https:\/\/dinostorm.com\/it\/"},{"@type":"ListItem","position":2,"name":"Gioco","item":"https:\/\/dinostorm.com\/it\/gioco\/"},{"@type":"ListItem","position":3,"name":"Fama"}]},{"@type":"WebSite","@id":"https:\/\/dinostorm.com\/it\/#website","url":"https:\/\/dinostorm.com\/it\/","name":"Dino Storm","description":"","potentialAction":[{"@type":"SearchAction","target":{"@type":"EntryPoint","urlTemplate":"https:\/\/dinostorm.com\/it\/?s={search_term_string}"},"query-input":{"@type":"PropertyValueSpecification","valueRequired":true,"valueName":"search_term_string"}}],"inLanguage":"it-IT"}]}},"_links":{"self":[{"href":"https:\/\/dinostorm.com\/it\/wp-json\/wp\/v2\/pages\/8741","targetHints":{"allow":["GET"]}}],"collection":[{"href":"https:\/\/dinostorm.com\/it\/wp-json\/wp\/v2\/pages"}],"about":[{"href":"https:\/\/dinostorm.com\/it\/wp-json\/wp\/v2\/types\/page"}],"author":[{"embeddable":true,"href":"https:\/\/dinostorm.com\/it\/wp-json\/wp\/v2\/users\/10"}],"replies":[{"embeddable":true,"href":"https:\/\/dinostorm.com\/it\/wp-json\/wp\/v2\/comments?post=8741"}],"version-history":[{"count":0,"href":"https:\/\/dinostorm.com\/it\/wp-json\/wp\/v2\/pages\/8741\/revisions"}],"up":[{"embeddable":true,"href":"https:\/\/dinostorm.com\/it\/wp-json\/wp\/v2\/pages\/3197"}],"wp:featuredmedia":[{"embeddable":true,"href":"https:\/\/dinostorm.com\/it\/wp-json\/"}],"wp:attachment":[{"href":"https:\/\/dinostorm.com\/it\/wp-json\/wp\/v2\/media?parent=8741"}],"curies":[{"name":"wp","href":"https:\/\/api.w.org\/{rel}","templated":true}]}}