{"id":3363,"date":"2012-10-18T09:18:35","date_gmt":"2012-10-18T07:18:35","guid":{"rendered":"http:\/\/dinostorm.com\/?page_id=3363"},"modified":"2021-07-23T14:23:03","modified_gmt":"2021-07-23T12:23:03","slug":"moduli-arma","status":"publish","type":"page","link":"https:\/\/dinostorm.com\/it\/gioco\/moduli-arma\/","title":{"rendered":"Moduli Arma"},"content":{"rendered":"<div class=\"teaser\"><\/div>\n<h1 class=\"headline_page width_500\"><span>Moduli Arma in Dino Storm<\/span><\/h1>\n<p class=\"back-button back-pos500\"><a class=\"back-block\" href=\"\/it\/gioco#overview\">Indietro<\/a><\/p>\n<div class=\"full\">\n<img decoding=\"async\" class=\"wrapper_image_impl colorbox-3363\" src=\"\/wp-content\/themes\/arras\/images\/dinostorm\/tech-Cowboy.png\" alt=\"Moduli Arma in Dino Storm\"\/><\/p>\n<div class=\"wrapper_impl\">\n<p class=\"text-impl\">Rimani davanti alla concorrenza con i nostri moduli tech ad alte prestazioni, avanguardia per le pistole laser. Facili da montare e funzionano subito.<\/p>\n<\/div>\n<div class=\"wrapper_impl2\">\n<div class=\"slot-list\">\n<div class=\"clear-after\">\n                      <span class=\"icon-frame-gloss float-left\"><br \/>\n            <img class=\"colorbox-3363\"  decoding=\"async\" src=\"\/wp-content\/themes\/arras\/images\/dinostorm\/module_damage.png\" alt=\"Tech Danno\"\/><br \/>\n                       <\/span><\/p>\n<div class=\"slot-wrapper\">\n\t\t\t    <span class=\"slot-item-title\">Tech Danno<\/span><\/p>\n<p class=\"feature-slot-desc\">Che cosa \u00e8 una  <a href=\"\/it\/gioco\/guida-alle-armi\">pistola laser<\/a> quando non ha alcun potere. Colpisci con vigore cowboy, non concedere ai nemici la possibilit\u00e0 di farla franca. Ottieni il modulo tech danni e aumenta il  danno della pistola laser.<\/p>\n<\/p><\/div>\n<p>\t<span class=\"clear\"><!-- --><\/span>\n\t         <\/div>\n<\/p><\/div>\n<\/p><\/div>\n<div class=\"wrapper_impl2\">\n<div class=\"slot-list\">\n<div class=\"clear-after\">\n                      <span class=\"icon-frame-gloss float-left\"><br \/>\n            <img class=\"colorbox-3363\"  decoding=\"async\" src=\"\/wp-content\/themes\/arras\/images\/dinostorm\/module_focus.png\" alt=\"Tech Focus\"\/><br \/>\n                       <\/span><\/p>\n<div class=\"slot-wrapper\">\n\t\t\t    <span class=\"slot-item-title\">Tech Focus<\/span><\/p>\n<p class=\"feature-slot-desc\">Focus, cowboy, focus. Metti a segno ogni colpo. Irrealistico? Non con il nostro modulo focus per cowboys in Dino Storm. Questo modulo aumenta il tasso di colpi a segno del tuo dinosauro e della tua pistola laser.<\/p>\n<\/p><\/div>\n<p>\t<span class=\"clear\"><!-- --><\/span>\n\t         <\/div>\n<\/p><\/div>\n<\/p><\/div>\n<div class=\"wrapper_impl2\">\n<div class=\"slot-list\">\n<div class=\"clear-after\">\n                      <span class=\"icon-frame-gloss float-left\"><br \/>\n            <img class=\"colorbox-3363\"  decoding=\"async\" src=\"\/wp-content\/themes\/arras\/images\/dinostorm\/module_frequency.png\" alt=\"Tech Frequenza\"\/><br \/>\n                       <\/span><\/p>\n<div class=\"slot-wrapper\">\n\t\t\t    <span class=\"slot-item-title\">Tech Frequenza<\/span><\/p>\n<p class=\"feature-slot-desc\">Potenza non \u00e8 tutto, dici? Hai assolutamente ragione. Gli ingegneri di Dino Storm hanno inventato il modulo tech orologio per aumentare la cadenza di fuoco. Provalo, cowboy.<\/p>\n<\/p><\/div>\n<p>\t<span class=\"clear\"><!-- --><\/span>\n\t         <\/div>\n<\/p><\/div>\n<\/p><\/div>\n<div class=\"wrapper_impl2\">\n<div class=\"slot-list\">\n<div class=\"clear-after\">\n                      <span class=\"icon-frame-gloss float-left\"><br \/>\n            <img class=\"colorbox-3363\"  decoding=\"async\" src=\"\/wp-content\/themes\/arras\/images\/dinostorm\/module_penetration.png\" alt=\"Tech Perforazione\"\/><br \/>\n                       <\/span><\/p>\n<div class=\"slot-wrapper\">\n\t\t\t    <span class=\"slot-item-title\">Tech Perforazione<\/span><\/p>\n<p class=\"feature-slot-desc\">Colpisci il tuo nemico duramente con questo modulo tech in Dino Storm. Perch\u00e9 si chiama tech perforazione? Perch\u00e9 questo modulo consente di perforare l&#8217;armatura del bersaglio in modo pi\u00f9 efficace.<\/p>\n<\/p><\/div>\n<p>\t<span class=\"clear\"><!-- --><\/span>\n\t         <\/div>\n<\/p><\/div>\n<\/p><\/div>\n<div class=\"wrapper_impl2\">\n<div class=\"slot-list\">\n<div class=\"clear-after\">\n                      <span class=\"icon-frame-gloss float-left\"><br \/>\n            <img class=\"colorbox-3363\"  decoding=\"async\" src=\"\/wp-content\/themes\/arras\/images\/dinostorm\/module_precision.png\" alt=\"Tech Precisione\"\/><br \/>\n                       <\/span><\/p>\n<div class=\"slot-wrapper\">\n\t\t\t    <span class=\"slot-item-title\">Tech Precisione<\/span><\/p>\n<p class=\"feature-slot-desc\">Se desideri terminare una lotta subito dopo l&#8217;inizio? Ecco cowboy la possibilit\u00e0. Ottieni il modulo di tech precisione per aumentare la probabilit\u00e0 di colpo critico del tuo dinosauro e della tua pistola laser.<\/p>\n<\/p><\/div>\n<p>\t<span class=\"clear\"><!-- --><\/span>\n\t         <\/div>\n<\/p><\/div>\n<\/p><\/div>\n<div class=\"wrapper_impl2\">\n<div class=\"slot-list\">\n<div class=\"clear-after\">\n                      <span class=\"icon-frame-gloss float-left\"><br \/>\n            <img class=\"colorbox-3363\"  decoding=\"async\" src=\"\/wp-content\/themes\/arras\/images\/dinostorm\/module_range.png\" alt=\"Tech portata\"\/><br \/>\n                       <\/span><\/p>\n<div class=\"slot-wrapper\">\n\t\t\t    <span class=\"slot-item-title\">Tech portata<\/span><\/p>\n<p class=\"feature-slot-desc\">Il modulo tech portata \u00e8 la scelta perfetta per tutti voi cecchini l\u00e0 fuori. Questo modulo tech aumenta al massimo la portata di attacco della vostra pistola laser. Sorpreso? Nient&#8217;altro da aggiungere, cowboy.<\/p>\n<\/p><\/div>\n<p>\t<span class=\"clear\"><!-- --><\/span>\n\t         <\/div>\n<\/p><\/div>\n<\/div>\n<div class=\"wrapper_impl2\">\n<div class=\"slot-list\">\n<div class=\"clear-after\">\n                      <span class=\"icon-frame-gloss float-left\"><br \/>\n            <img class=\"colorbox-3363\"  decoding=\"async\" src=\"\/wp-content\/themes\/arras\/images\/dinostorm\/module_aim.png\" alt=\"Tech di Mira\"\/><br \/>\n                       <\/span><\/p>\n<div class=\"slot-wrapper\">\n\t\t\t    <span class=\"slot-item-title\">Tech di Mira<\/span><\/p>\n<p class=\"feature-slot-desc\">Aumenta il tuo danno delle armi a distanza rispetto al tuo obiettivo. Necessita di essere installato in uno slot Tech Arma per funzionare.<\/p>\n<\/p><\/div>\n<p>\t<span class=\"clear\"><!-- --><\/span>\n\t         <\/div>\n<\/p><\/div>\n<\/div>\n<div class=\"wrapper_impl2\">\n<div class=\"slot-list\">\n<div class=\"clear-after\">\n                      <span class=\"icon-frame-gloss float-left\"><br \/>\n            <img class=\"colorbox-3363\"  decoding=\"async\" src=\"\/wp-content\/themes\/arras\/images\/dinostorm\/module_dinodefense.png\" alt=\"Tech di Difesa Dinosauro\"\/><br \/>\n                       <\/span><\/p>\n<div class=\"slot-wrapper\">\n\t\t\t    <span class=\"slot-item-title\">Tech di Difesa Dinosauro<\/span><\/p>\n<p class=\"feature-slot-desc\">Aumenta la tua resistenza contro il danno del dinosauro. Necessita di essere installato ad uno slot Tech Arma per funzionare.<\/p>\n<\/p><\/div>\n<p>\t<span class=\"clear\"><!-- --><\/span>\n\t         <\/div>\n<\/p><\/div>\n<\/div>\n<div class=\"wrapper_impl2\">\n<div class=\"slot-list\">\n<div class=\"clear-after\">\n                      <span class=\"icon-frame-gloss float-left\"><br \/>\n            <img class=\"colorbox-3363\"  decoding=\"async\" src=\"\/wp-content\/themes\/arras\/images\/dinostorm\/module_shock.png\" alt=\"Tech Shock\"\/><br \/>\n                       <\/span><\/p>\n<div class=\"slot-wrapper\">\n\t\t\t    <span class=\"slot-item-title\">Tech Shock<\/span><\/p>\n<p class=\"feature-slot-desc\">Fornisce una possibilit&#x00e0; di depletare la barra della potenza extra di un altro giocatore su un colpo riuscito. Necessita di essere installata in uno slot Tech Arma per funzionare.<\/p>\n<\/p><\/div>\n<p>\t<span class=\"clear\"><!-- --><\/span>\n\t         <\/div>\n<\/p><\/div>\n<\/div>\n<div class=\"wrapper_impl2\">\n<div class=\"slot-list\">\n<div class=\"clear-after\">\n                      <span class=\"icon-frame-gloss float-left\"><br \/>\n            <img class=\"colorbox-3363\"  decoding=\"async\" src=\"\/wp-content\/themes\/arras\/images\/dinostorm\/module_dinoreflector.png\" alt=\"Tech Riflettore danni Dino\"\/><br \/>\n                       <\/span><\/p>\n<div class=\"slot-wrapper\">\n\t\t\t    <span class=\"slot-item-title\">Tech Riflettore danni Dino<\/span><\/p>\n<p class=\"feature-slot-desc\">Offre la possibilit&#x00e0; di riflettere temporaneamente alcuni dei danni Dino in arrivo. Deve essere installato su uno slot Tech Arma per funzionare.<\/p>\n<\/p><\/div>\n<p>\t<span class=\"clear\"><!-- --><\/span>\n\t         <\/div>\n<\/p><\/div>\n<\/div>\n<div class=\"wrapper_impl2\">\n<div class=\"slot-list\">\n<div class=\"clear-after\">\n                      <span class=\"icon-frame-gloss float-left\"><br \/>\n            <img class=\"colorbox-3363\"  decoding=\"async\" src=\"\/wp-content\/themes\/arras\/images\/dinostorm\/module_freezer.png\" alt=\"Tech Congelante\"\/><br \/>\n                       <\/span><\/p>\n<div class=\"slot-wrapper\">\n\t\t\t    <span class=\"slot-item-title\">Tech Congelante<\/span><\/p>\n<p class=\"feature-slot-desc\">Offre la possibilit&#x00e0; di applicare un effetto di rallentamento al bersaglio con un colpo andato a segno. Deve essere installato su uno slot Tech Arma per funzionare.<\/p>\n<\/p><\/div>\n<p>\t<span class=\"clear\"><!-- --><\/span>\n\t         <\/div>\n<\/p><\/div>\n<\/div>\n<\/div>\n<\/div>\n<div class=full>\n<img decoding=\"async\" class=\"hr3 colorbox-3363\" src=\"\/wp-content\/themes\/arras\/images\/dinostorm\/seperator_big.png\" alt=\"separator dino storm\" \/>\n<\/div>\n","protected":false},"excerpt":{"rendered":"<p>Moduli Arma in Dino Storm Indietro Rimani davanti alla concorrenza con i nostri moduli tech ad alte prestazioni, avanguardia per le pistole laser. Facili da montare e funzionano subito. Tech Danno Che cosa \u00e8 una [&hellip;]<\/p>\n","protected":false},"author":26,"featured_media":15052,"parent":3197,"menu_order":0,"comment_status":"closed","ping_status":"closed","template":"pagetpl-onecolumn.php","meta":{"footnotes":"","_links_to":"","_links_to_target":""},"class_list":["post-3363","page","type-page","status-publish","has-post-thumbnail","hentry"],"yoast_head":"<!-- This site is optimized with the Yoast SEO plugin v27.3 - https:\/\/yoast.com\/product\/yoast-seo-wordpress\/ -->\n<title>Moduli Arma - Dino Storm<\/title>\n<meta name=\"description\" content=\"Rimani davanti alla concorrenza con i nostri moduli tech ad alte prestazioni, all&#039;avanguardia per le tue armi laser...\" \/>\n<meta name=\"robots\" content=\"index, follow, max-snippet:-1, max-image-preview:large, max-video-preview:-1\" \/>\n<link rel=\"canonical\" href=\"https:\/\/dinostorm.com\/it\/gioco\/moduli-arma\/\" \/>\n<meta property=\"og:locale\" content=\"it_IT\" \/>\n<meta property=\"og:type\" content=\"article\" \/>\n<meta property=\"og:title\" content=\"Moduli Arma - Dino Storm\" \/>\n<meta property=\"og:description\" content=\"Rimani davanti alla concorrenza con i nostri moduli tech ad alte prestazioni, all&#039;avanguardia per le tue armi laser...\" \/>\n<meta property=\"og:url\" content=\"https:\/\/dinostorm.com\/it\/gioco\/moduli-arma\/\" \/>\n<meta property=\"og:site_name\" content=\"Dino Storm\" \/>\n<meta property=\"article:modified_time\" content=\"2021-07-23T12:23:03+00:00\" \/>\n<meta property=\"og:image\" content=\"https:\/\/dinostorm.com\/wp-content\/uploads\/2012\/09\/ds_jungle_01.jpg\" \/>\n\t<meta property=\"og:image:width\" content=\"1280\" \/>\n\t<meta property=\"og:image:height\" content=\"720\" \/>\n\t<meta property=\"og:image:type\" content=\"image\/jpeg\" \/>\n<meta name=\"twitter:label1\" content=\"Tempo di lettura stimato\" \/>\n\t<meta name=\"twitter:data1\" content=\"2 minuti\" \/>\n<script type=\"application\/ld+json\" class=\"yoast-schema-graph\">{\"@context\":\"https:\\\/\\\/schema.org\",\"@graph\":[{\"@type\":\"WebPage\",\"@id\":\"https:\\\/\\\/dinostorm.com\\\/it\\\/gioco\\\/moduli-arma\\\/\",\"url\":\"https:\\\/\\\/dinostorm.com\\\/it\\\/gioco\\\/moduli-arma\\\/\",\"name\":\"Moduli Arma - Dino Storm\",\"isPartOf\":{\"@id\":\"https:\\\/\\\/dinostorm.com\\\/it\\\/#website\"},\"primaryImageOfPage\":{\"@id\":\"https:\\\/\\\/dinostorm.com\\\/it\\\/gioco\\\/moduli-arma\\\/#primaryimage\"},\"image\":{\"@id\":\"https:\\\/\\\/dinostorm.com\\\/it\\\/gioco\\\/moduli-arma\\\/#primaryimage\"},\"thumbnailUrl\":\"https:\\\/\\\/dinostorm.com\\\/wp-content\\\/uploads\\\/2012\\\/09\\\/ds_jungle_01.jpg\",\"datePublished\":\"2012-10-18T07:18:35+00:00\",\"dateModified\":\"2021-07-23T12:23:03+00:00\",\"description\":\"Rimani davanti alla concorrenza con i nostri moduli tech ad alte prestazioni, all'avanguardia per le tue armi laser...\",\"breadcrumb\":{\"@id\":\"https:\\\/\\\/dinostorm.com\\\/it\\\/gioco\\\/moduli-arma\\\/#breadcrumb\"},\"inLanguage\":\"it-IT\",\"potentialAction\":[{\"@type\":\"ReadAction\",\"target\":[\"https:\\\/\\\/dinostorm.com\\\/it\\\/gioco\\\/moduli-arma\\\/\"]}]},{\"@type\":\"ImageObject\",\"inLanguage\":\"it-IT\",\"@id\":\"https:\\\/\\\/dinostorm.com\\\/it\\\/gioco\\\/moduli-arma\\\/#primaryimage\",\"url\":\"https:\\\/\\\/dinostorm.com\\\/wp-content\\\/uploads\\\/2012\\\/09\\\/ds_jungle_01.jpg\",\"contentUrl\":\"https:\\\/\\\/dinostorm.com\\\/wp-content\\\/uploads\\\/2012\\\/09\\\/ds_jungle_01.jpg\",\"width\":1280,\"height\":720,\"caption\":\"Beware of dangerous bandits in Mokon Woods are everywhere.\"},{\"@type\":\"BreadcrumbList\",\"@id\":\"https:\\\/\\\/dinostorm.com\\\/it\\\/gioco\\\/moduli-arma\\\/#breadcrumb\",\"itemListElement\":[{\"@type\":\"ListItem\",\"position\":1,\"name\":\"Home\",\"item\":\"https:\\\/\\\/dinostorm.com\\\/it\\\/\"},{\"@type\":\"ListItem\",\"position\":2,\"name\":\"Gioco\",\"item\":\"https:\\\/\\\/dinostorm.com\\\/it\\\/gioco\\\/\"},{\"@type\":\"ListItem\",\"position\":3,\"name\":\"Moduli Arma\"}]},{\"@type\":\"WebSite\",\"@id\":\"https:\\\/\\\/dinostorm.com\\\/it\\\/#website\",\"url\":\"https:\\\/\\\/dinostorm.com\\\/it\\\/\",\"name\":\"Dino Storm\",\"description\":\"\",\"potentialAction\":[{\"@type\":\"SearchAction\",\"target\":{\"@type\":\"EntryPoint\",\"urlTemplate\":\"https:\\\/\\\/dinostorm.com\\\/it\\\/?s={search_term_string}\"},\"query-input\":{\"@type\":\"PropertyValueSpecification\",\"valueRequired\":true,\"valueName\":\"search_term_string\"}}],\"inLanguage\":\"it-IT\"}]}<\/script>\n<!-- \/ Yoast SEO plugin. -->","yoast_head_json":{"title":"Moduli Arma - Dino Storm","description":"Rimani davanti alla concorrenza con i nostri moduli tech ad alte prestazioni, all'avanguardia per le tue armi laser...","robots":{"index":"index","follow":"follow","max-snippet":"max-snippet:-1","max-image-preview":"max-image-preview:large","max-video-preview":"max-video-preview:-1"},"canonical":"https:\/\/dinostorm.com\/it\/gioco\/moduli-arma\/","og_locale":"it_IT","og_type":"article","og_title":"Moduli Arma - Dino Storm","og_description":"Rimani davanti alla concorrenza con i nostri moduli tech ad alte prestazioni, all'avanguardia per le tue armi laser...","og_url":"https:\/\/dinostorm.com\/it\/gioco\/moduli-arma\/","og_site_name":"Dino Storm","article_modified_time":"2021-07-23T12:23:03+00:00","og_image":[{"width":1280,"height":720,"url":"https:\/\/dinostorm.com\/wp-content\/uploads\/2012\/09\/ds_jungle_01.jpg","type":"image\/jpeg"}],"twitter_misc":{"Tempo di lettura stimato":"2 minuti"},"schema":{"@context":"https:\/\/schema.org","@graph":[{"@type":"WebPage","@id":"https:\/\/dinostorm.com\/it\/gioco\/moduli-arma\/","url":"https:\/\/dinostorm.com\/it\/gioco\/moduli-arma\/","name":"Moduli Arma - Dino Storm","isPartOf":{"@id":"https:\/\/dinostorm.com\/it\/#website"},"primaryImageOfPage":{"@id":"https:\/\/dinostorm.com\/it\/gioco\/moduli-arma\/#primaryimage"},"image":{"@id":"https:\/\/dinostorm.com\/it\/gioco\/moduli-arma\/#primaryimage"},"thumbnailUrl":"https:\/\/dinostorm.com\/wp-content\/uploads\/2012\/09\/ds_jungle_01.jpg","datePublished":"2012-10-18T07:18:35+00:00","dateModified":"2021-07-23T12:23:03+00:00","description":"Rimani davanti alla concorrenza con i nostri moduli tech ad alte prestazioni, all'avanguardia per le tue armi laser...","breadcrumb":{"@id":"https:\/\/dinostorm.com\/it\/gioco\/moduli-arma\/#breadcrumb"},"inLanguage":"it-IT","potentialAction":[{"@type":"ReadAction","target":["https:\/\/dinostorm.com\/it\/gioco\/moduli-arma\/"]}]},{"@type":"ImageObject","inLanguage":"it-IT","@id":"https:\/\/dinostorm.com\/it\/gioco\/moduli-arma\/#primaryimage","url":"https:\/\/dinostorm.com\/wp-content\/uploads\/2012\/09\/ds_jungle_01.jpg","contentUrl":"https:\/\/dinostorm.com\/wp-content\/uploads\/2012\/09\/ds_jungle_01.jpg","width":1280,"height":720,"caption":"Beware of dangerous bandits in Mokon Woods are everywhere."},{"@type":"BreadcrumbList","@id":"https:\/\/dinostorm.com\/it\/gioco\/moduli-arma\/#breadcrumb","itemListElement":[{"@type":"ListItem","position":1,"name":"Home","item":"https:\/\/dinostorm.com\/it\/"},{"@type":"ListItem","position":2,"name":"Gioco","item":"https:\/\/dinostorm.com\/it\/gioco\/"},{"@type":"ListItem","position":3,"name":"Moduli Arma"}]},{"@type":"WebSite","@id":"https:\/\/dinostorm.com\/it\/#website","url":"https:\/\/dinostorm.com\/it\/","name":"Dino Storm","description":"","potentialAction":[{"@type":"SearchAction","target":{"@type":"EntryPoint","urlTemplate":"https:\/\/dinostorm.com\/it\/?s={search_term_string}"},"query-input":{"@type":"PropertyValueSpecification","valueRequired":true,"valueName":"search_term_string"}}],"inLanguage":"it-IT"}]}},"_links":{"self":[{"href":"https:\/\/dinostorm.com\/it\/wp-json\/wp\/v2\/pages\/3363","targetHints":{"allow":["GET"]}}],"collection":[{"href":"https:\/\/dinostorm.com\/it\/wp-json\/wp\/v2\/pages"}],"about":[{"href":"https:\/\/dinostorm.com\/it\/wp-json\/wp\/v2\/types\/page"}],"author":[{"embeddable":true,"href":"https:\/\/dinostorm.com\/it\/wp-json\/wp\/v2\/users\/26"}],"replies":[{"embeddable":true,"href":"https:\/\/dinostorm.com\/it\/wp-json\/wp\/v2\/comments?post=3363"}],"version-history":[{"count":4,"href":"https:\/\/dinostorm.com\/it\/wp-json\/wp\/v2\/pages\/3363\/revisions"}],"predecessor-version":[{"id":242120,"href":"https:\/\/dinostorm.com\/it\/wp-json\/wp\/v2\/pages\/3363\/revisions\/242120"}],"up":[{"embeddable":true,"href":"https:\/\/dinostorm.com\/it\/wp-json\/wp\/v2\/pages\/3197"}],"wp:featuredmedia":[{"embeddable":true,"href":"https:\/\/dinostorm.com\/it\/wp-json\/wp\/v2\/media\/15052"}],"wp:attachment":[{"href":"https:\/\/dinostorm.com\/it\/wp-json\/wp\/v2\/media?parent=3363"}],"curies":[{"name":"wp","href":"https:\/\/api.w.org\/{rel}","templated":true}]}}