{"id":3354,"date":"2012-10-18T09:13:55","date_gmt":"2012-10-18T07:13:55","guid":{"rendered":"http:\/\/dinostorm.com\/?page_id=3354"},"modified":"2021-06-17T14:26:18","modified_gmt":"2021-06-17T12:26:18","slug":"martello","status":"publish","type":"page","link":"https:\/\/dinostorm.com\/it\/gioco\/guida-alle-armi\/martello\/","title":{"rendered":"Martello"},"content":{"rendered":"<div class=\"teaser\"><\/div>\n<h1 class=\"headline_page width_350\"><span>Martello<\/span><\/h1>\n<p class=\"back-button back-pos350\"><a class=\"back-block\" href=\"\/it\/gioco\/guida-alle-armi\">INDIETRO<\/a><\/p>\n<div class=\"two_thirds\">\n<h2 class=\"headline-lex\"><span>Martello in Dino Storm<\/span><\/h2>\n<div class=\"banner_lex\">\n<p class=\"banner_text_lex text_lex\">Il <strong>Martello<\/strong> \u00e8 un lanciarazzi, abbastanza piccolo da poter essere gestiti da una sola persona. Il martello non ha bisogno di un tasso di fuoco alto per infliggere un sacco di danni a distanza media o lontana.<\/p>\n<div style=\"margin-right: 29px; float: left; width: 10px; text-align: left; position: relative; top: 40px; left: 30px\">\n<strong class=\"text_lex\" style=\"position: relative; top: 12px\">Danno:<\/strong><br \/>\n<strong class=\"text_lex\" style=\"position: relative; top: 30px\">Frequanza:<\/strong><br \/>\n<strong class=\"text_lex\" style=\"position: relative; top: 50px\">Gittata:<\/strong>\n<\/div>\n<div style=\"margin-right: 20px; float: left; width: 118px; text-align: left; position: relative; top: 70px; left: 10px\">\n<img decoding=\"async\" class=\"skill_image_lex colorbox-3354\" src=\"\/wp-content\/themes\/arras\/images\/dinostorm\/Dinos\/bar_strength_5.png\" alt=\"Danno base della Martello in Dino Storm \u00e8 5.\" title=\"Danno base livello: 5\"\/><br \/>\n<img decoding=\"async\" class=\"skill_image_lex colorbox-3354\" src=\"\/wp-content\/themes\/arras\/images\/dinostorm\/Dinos\/bar_endurance_1.png\" alt=\"Frequenza base della Martello in Dino Storm \u00e8 1.\" title=\"Frequenza base livello: 1\"\/><br \/>\n<img decoding=\"async\" class=\"skill_image_lex colorbox-3354\" src=\"\/wp-content\/themes\/arras\/images\/dinostorm\/Dinos\/bar_health_2.png\" alt=\"Gittata base della Martello in Dino Storm \u00e8 2.\" title=\"Gittata base livello: 2\"\/>\n<\/div>\n<\/div>\n<div class=\"one_third\">\n<img decoding=\"async\" class=\"weapon_lex_2 colorbox-3354\" src=\"\/wp-content\/themes\/arras\/images\/dinostorm\/hammer.png\" alt=\"Martello in Dino Storm\"\/>\n<\/div>\n<\/div>\n<div class=\"clear\"><\/div>\n<div class=\"one_third\">\n<h3 class=\"headlinelex2_1\">Abilit\u00e0 laser: Martello<\/h3>\n<div class=\"banner_lex2\">\n<span class=\"icon_skill_top float-left\"><img class=\"colorbox-3354\"  decoding=\"async\" src=\"\/wp-content\/themes\/arras\/images\/dinostorm\/skill_hammer_01.png\" alt=\"Lanciamissili \u00e8 un'abilit\u00e0 speciale della Martello in Dino Storm.\" title=\"Abilit\u00e0: Lanciamissili\"\/><\/span><\/p>\n<div class=\"skill-wrapper\"><span class=\"icon_skill_title\">Lanciamissili<\/span><\/p>\n<p class=\"icon_skill_text\">Attacco a medio raggio. <span style=\"color: #ff7200;\">Potenza&nbsp;extra:<\/span> Migliora la possibilit\u00e0 di colpire.\n<\/p>\n<\/div>\n<p><span class=\"clear\"><!-- --><\/span><span class=\"icon_skill_top float-left\"><img class=\"colorbox-3354\"  decoding=\"async\" src=\"\/wp-content\/themes\/arras\/images\/dinostorm\/skill_hammer_02.png\" alt=\"Fuoco Punto Debole \u00e8 un'abilit\u00e0 speciale della Martello in Dino Storm.\" title=\"Abilit\u00e0: Fuoco Punto Debole\"\/><\/span><\/p>\n<div class=\"skill-wrapper-bottom\"><span class=\"icon_skill_title\">Fuoco Punto Debole<\/span><\/p>\n<p class=\"icon_skill_text\">Attacco da vicino a medio raggio. <span style=\"color: #ff7200;\">Potenza&nbsp;extra:<\/span> Riduce i danni del bersaglio.\n<\/p>\n<\/div>\n<p><span class=\"clear\"><!-- --><\/span><\/p>\n<\/div>\n<\/div>\n<div class=\"two_thirds\">\n<h3 class=\"headlinelex2_2\">Fatti circa il Martello<\/h3>\n<div class=\"fact_lex\">\n<p>Il martello \u00e8 sul mercato da pi\u00f9 di 40 anni, il ed \u00e8 diventato rapidamente uno dei preferiti tra i cowboys, e la sua popolarit\u00e0 continua fino ad oggi. A quel tempo la sua costruzione modulare \u00e8 stata una novit\u00e0 assoluta e i primi proprietari hanno aggiunto il kit pi\u00f9 esotico ai loro martelli.<\/p>\n<p> A causa del grande numero di incidenti, rigidi vincoli di aggiornamento hanno dovuto essere introdotti. Oggi siamo di foronte ad uno standardizzato kit d&#8217;arma per l&#8217;aggiornamento di pistole laser.<\/p>\n<p>Tuttavia, con un processo di registrazione obbligatoria, applicato anni pi\u00f9 tardi, questi vincoli potrebbero facilmente essere elusi; la pistola laser dell&#8217;avventuriero leggendario Saul &#8220;La minaccia&#8221; Jackson ne \u00e8 esempio, dalla sua scomparsa 5 anni fa molti sono ancora alla ricerca, a Mokon Woods, delle tracce di questo straordinario martello.<\/p>\n<\/div>\n<\/div>\n<div class=\"full\">\n<img decoding=\"async\" class=\"hr3 margin35 colorbox-3354\" src=\"\/wp-content\/themes\/arras\/images\/dinostorm\/seperator_big.png\" alt=\"separator dino storm\" \/>\n<\/div>\n","protected":false},"excerpt":{"rendered":"<p>Martello INDIETRO Martello in Dino Storm Il Martello \u00e8 un lanciarazzi, abbastanza piccolo da poter essere gestiti da una sola persona. Il martello non ha bisogno di un tasso di fuoco alto per infliggere un [&hellip;]<\/p>\n","protected":false},"author":26,"featured_media":15052,"parent":3251,"menu_order":0,"comment_status":"closed","ping_status":"closed","template":"pagetpl-onecolumn.php","meta":{"footnotes":"","_links_to":"","_links_to_target":""},"class_list":["post-3354","page","type-page","status-publish","has-post-thumbnail","hentry"],"yoast_head":"<!-- This site is optimized with the Yoast SEO plugin v27.3 - https:\/\/yoast.com\/product\/yoast-seo-wordpress\/ -->\n<title>Martello - Dino Storm<\/title>\n<meta name=\"description\" content=\"Il Martello \u00e8 un lanciarazzi in Dino Storm abbastanza piccolo da poter essere gestito da una sola persona. Qui troverete tutte le informazioni sul Martello.\" \/>\n<meta name=\"robots\" content=\"index, follow, max-snippet:-1, max-image-preview:large, max-video-preview:-1\" \/>\n<link rel=\"canonical\" href=\"https:\/\/dinostorm.com\/it\/gioco\/guida-alle-armi\/martello\/\" \/>\n<meta property=\"og:locale\" content=\"it_IT\" \/>\n<meta property=\"og:type\" content=\"article\" \/>\n<meta property=\"og:title\" content=\"Martello - Dino Storm\" \/>\n<meta property=\"og:description\" content=\"Il Martello \u00e8 un lanciarazzi in Dino Storm abbastanza piccolo da poter essere gestito da una sola persona. Qui troverete tutte le informazioni sul Martello.\" \/>\n<meta property=\"og:url\" content=\"https:\/\/dinostorm.com\/it\/gioco\/guida-alle-armi\/martello\/\" \/>\n<meta property=\"og:site_name\" content=\"Dino Storm\" \/>\n<meta property=\"article:modified_time\" content=\"2021-06-17T12:26:18+00:00\" \/>\n<meta property=\"og:image\" content=\"https:\/\/dinostorm.com\/wp-content\/uploads\/2012\/09\/ds_jungle_01.jpg\" \/>\n\t<meta property=\"og:image:width\" content=\"1280\" \/>\n\t<meta property=\"og:image:height\" content=\"720\" \/>\n\t<meta property=\"og:image:type\" content=\"image\/jpeg\" \/>\n<meta name=\"twitter:label1\" content=\"Tempo di lettura stimato\" \/>\n\t<meta name=\"twitter:data1\" content=\"1 minuto\" \/>\n<script type=\"application\/ld+json\" class=\"yoast-schema-graph\">{\"@context\":\"https:\\\/\\\/schema.org\",\"@graph\":[{\"@type\":\"WebPage\",\"@id\":\"https:\\\/\\\/dinostorm.com\\\/it\\\/gioco\\\/guida-alle-armi\\\/martello\\\/\",\"url\":\"https:\\\/\\\/dinostorm.com\\\/it\\\/gioco\\\/guida-alle-armi\\\/martello\\\/\",\"name\":\"Martello - Dino Storm\",\"isPartOf\":{\"@id\":\"https:\\\/\\\/dinostorm.com\\\/it\\\/#website\"},\"primaryImageOfPage\":{\"@id\":\"https:\\\/\\\/dinostorm.com\\\/it\\\/gioco\\\/guida-alle-armi\\\/martello\\\/#primaryimage\"},\"image\":{\"@id\":\"https:\\\/\\\/dinostorm.com\\\/it\\\/gioco\\\/guida-alle-armi\\\/martello\\\/#primaryimage\"},\"thumbnailUrl\":\"https:\\\/\\\/dinostorm.com\\\/wp-content\\\/uploads\\\/2012\\\/09\\\/ds_jungle_01.jpg\",\"datePublished\":\"2012-10-18T07:13:55+00:00\",\"dateModified\":\"2021-06-17T12:26:18+00:00\",\"description\":\"Il Martello \u00e8 un lanciarazzi in Dino Storm abbastanza piccolo da poter essere gestito da una sola persona. Qui troverete tutte le informazioni sul Martello.\",\"breadcrumb\":{\"@id\":\"https:\\\/\\\/dinostorm.com\\\/it\\\/gioco\\\/guida-alle-armi\\\/martello\\\/#breadcrumb\"},\"inLanguage\":\"it-IT\",\"potentialAction\":[{\"@type\":\"ReadAction\",\"target\":[\"https:\\\/\\\/dinostorm.com\\\/it\\\/gioco\\\/guida-alle-armi\\\/martello\\\/\"]}]},{\"@type\":\"ImageObject\",\"inLanguage\":\"it-IT\",\"@id\":\"https:\\\/\\\/dinostorm.com\\\/it\\\/gioco\\\/guida-alle-armi\\\/martello\\\/#primaryimage\",\"url\":\"https:\\\/\\\/dinostorm.com\\\/wp-content\\\/uploads\\\/2012\\\/09\\\/ds_jungle_01.jpg\",\"contentUrl\":\"https:\\\/\\\/dinostorm.com\\\/wp-content\\\/uploads\\\/2012\\\/09\\\/ds_jungle_01.jpg\",\"width\":1280,\"height\":720,\"caption\":\"Beware of dangerous bandits in Mokon Woods are everywhere.\"},{\"@type\":\"BreadcrumbList\",\"@id\":\"https:\\\/\\\/dinostorm.com\\\/it\\\/gioco\\\/guida-alle-armi\\\/martello\\\/#breadcrumb\",\"itemListElement\":[{\"@type\":\"ListItem\",\"position\":1,\"name\":\"Home\",\"item\":\"https:\\\/\\\/dinostorm.com\\\/it\\\/\"},{\"@type\":\"ListItem\",\"position\":2,\"name\":\"Gioco\",\"item\":\"https:\\\/\\\/dinostorm.com\\\/it\\\/gioco\\\/\"},{\"@type\":\"ListItem\",\"position\":3,\"name\":\"Guida alle armi\",\"item\":\"https:\\\/\\\/dinostorm.com\\\/it\\\/gioco\\\/guida-alle-armi\\\/\"},{\"@type\":\"ListItem\",\"position\":4,\"name\":\"Martello\"}]},{\"@type\":\"WebSite\",\"@id\":\"https:\\\/\\\/dinostorm.com\\\/it\\\/#website\",\"url\":\"https:\\\/\\\/dinostorm.com\\\/it\\\/\",\"name\":\"Dino Storm\",\"description\":\"\",\"potentialAction\":[{\"@type\":\"SearchAction\",\"target\":{\"@type\":\"EntryPoint\",\"urlTemplate\":\"https:\\\/\\\/dinostorm.com\\\/it\\\/?s={search_term_string}\"},\"query-input\":{\"@type\":\"PropertyValueSpecification\",\"valueRequired\":true,\"valueName\":\"search_term_string\"}}],\"inLanguage\":\"it-IT\"}]}<\/script>\n<!-- \/ Yoast SEO plugin. -->","yoast_head_json":{"title":"Martello - Dino Storm","description":"Il Martello \u00e8 un lanciarazzi in Dino Storm abbastanza piccolo da poter essere gestito da una sola persona. Qui troverete tutte le informazioni sul Martello.","robots":{"index":"index","follow":"follow","max-snippet":"max-snippet:-1","max-image-preview":"max-image-preview:large","max-video-preview":"max-video-preview:-1"},"canonical":"https:\/\/dinostorm.com\/it\/gioco\/guida-alle-armi\/martello\/","og_locale":"it_IT","og_type":"article","og_title":"Martello - Dino Storm","og_description":"Il Martello \u00e8 un lanciarazzi in Dino Storm abbastanza piccolo da poter essere gestito da una sola persona. Qui troverete tutte le informazioni sul Martello.","og_url":"https:\/\/dinostorm.com\/it\/gioco\/guida-alle-armi\/martello\/","og_site_name":"Dino Storm","article_modified_time":"2021-06-17T12:26:18+00:00","og_image":[{"width":1280,"height":720,"url":"https:\/\/dinostorm.com\/wp-content\/uploads\/2012\/09\/ds_jungle_01.jpg","type":"image\/jpeg"}],"twitter_misc":{"Tempo di lettura stimato":"1 minuto"},"schema":{"@context":"https:\/\/schema.org","@graph":[{"@type":"WebPage","@id":"https:\/\/dinostorm.com\/it\/gioco\/guida-alle-armi\/martello\/","url":"https:\/\/dinostorm.com\/it\/gioco\/guida-alle-armi\/martello\/","name":"Martello - Dino Storm","isPartOf":{"@id":"https:\/\/dinostorm.com\/it\/#website"},"primaryImageOfPage":{"@id":"https:\/\/dinostorm.com\/it\/gioco\/guida-alle-armi\/martello\/#primaryimage"},"image":{"@id":"https:\/\/dinostorm.com\/it\/gioco\/guida-alle-armi\/martello\/#primaryimage"},"thumbnailUrl":"https:\/\/dinostorm.com\/wp-content\/uploads\/2012\/09\/ds_jungle_01.jpg","datePublished":"2012-10-18T07:13:55+00:00","dateModified":"2021-06-17T12:26:18+00:00","description":"Il Martello \u00e8 un lanciarazzi in Dino Storm abbastanza piccolo da poter essere gestito da una sola persona. Qui troverete tutte le informazioni sul Martello.","breadcrumb":{"@id":"https:\/\/dinostorm.com\/it\/gioco\/guida-alle-armi\/martello\/#breadcrumb"},"inLanguage":"it-IT","potentialAction":[{"@type":"ReadAction","target":["https:\/\/dinostorm.com\/it\/gioco\/guida-alle-armi\/martello\/"]}]},{"@type":"ImageObject","inLanguage":"it-IT","@id":"https:\/\/dinostorm.com\/it\/gioco\/guida-alle-armi\/martello\/#primaryimage","url":"https:\/\/dinostorm.com\/wp-content\/uploads\/2012\/09\/ds_jungle_01.jpg","contentUrl":"https:\/\/dinostorm.com\/wp-content\/uploads\/2012\/09\/ds_jungle_01.jpg","width":1280,"height":720,"caption":"Beware of dangerous bandits in Mokon Woods are everywhere."},{"@type":"BreadcrumbList","@id":"https:\/\/dinostorm.com\/it\/gioco\/guida-alle-armi\/martello\/#breadcrumb","itemListElement":[{"@type":"ListItem","position":1,"name":"Home","item":"https:\/\/dinostorm.com\/it\/"},{"@type":"ListItem","position":2,"name":"Gioco","item":"https:\/\/dinostorm.com\/it\/gioco\/"},{"@type":"ListItem","position":3,"name":"Guida alle armi","item":"https:\/\/dinostorm.com\/it\/gioco\/guida-alle-armi\/"},{"@type":"ListItem","position":4,"name":"Martello"}]},{"@type":"WebSite","@id":"https:\/\/dinostorm.com\/it\/#website","url":"https:\/\/dinostorm.com\/it\/","name":"Dino Storm","description":"","potentialAction":[{"@type":"SearchAction","target":{"@type":"EntryPoint","urlTemplate":"https:\/\/dinostorm.com\/it\/?s={search_term_string}"},"query-input":{"@type":"PropertyValueSpecification","valueRequired":true,"valueName":"search_term_string"}}],"inLanguage":"it-IT"}]}},"_links":{"self":[{"href":"https:\/\/dinostorm.com\/it\/wp-json\/wp\/v2\/pages\/3354","targetHints":{"allow":["GET"]}}],"collection":[{"href":"https:\/\/dinostorm.com\/it\/wp-json\/wp\/v2\/pages"}],"about":[{"href":"https:\/\/dinostorm.com\/it\/wp-json\/wp\/v2\/types\/page"}],"author":[{"embeddable":true,"href":"https:\/\/dinostorm.com\/it\/wp-json\/wp\/v2\/users\/26"}],"replies":[{"embeddable":true,"href":"https:\/\/dinostorm.com\/it\/wp-json\/wp\/v2\/comments?post=3354"}],"version-history":[{"count":1,"href":"https:\/\/dinostorm.com\/it\/wp-json\/wp\/v2\/pages\/3354\/revisions"}],"predecessor-version":[{"id":230116,"href":"https:\/\/dinostorm.com\/it\/wp-json\/wp\/v2\/pages\/3354\/revisions\/230116"}],"up":[{"embeddable":true,"href":"https:\/\/dinostorm.com\/it\/wp-json\/wp\/v2\/pages\/3251"}],"wp:featuredmedia":[{"embeddable":true,"href":"https:\/\/dinostorm.com\/it\/wp-json\/wp\/v2\/media\/15052"}],"wp:attachment":[{"href":"https:\/\/dinostorm.com\/it\/wp-json\/wp\/v2\/media?parent=3354"}],"curies":[{"name":"wp","href":"https:\/\/api.w.org\/{rel}","templated":true}]}}