{"id":3328,"date":"2012-10-18T09:12:27","date_gmt":"2012-10-18T07:12:27","guid":{"rendered":"http:\/\/dinostorm.com\/?page_id=3328"},"modified":"2021-07-08T10:24:31","modified_gmt":"2021-07-08T08:24:31","slug":"dinosauri-parasaurolophus","status":"publish","type":"page","link":"https:\/\/dinostorm.com\/it\/gioco\/guida-ai-dinosauri\/dinosauri-parasaurolophus\/","title":{"rendered":"Dinosauri &#8211; Parasaurolophus"},"content":{"rendered":"<div class=\"teaser\"><\/div>\n<h1 class=\"headline_page width_500\"><span>Dinosauri \u2014 Parasaurolophus<\/span><\/h1>\n<p class=\"back-button back-pos500\"><a class=\"back-block\" href=\"\/it\/gioco\/guida-ai-dinosauri\">Indietro<\/a><\/p>\n<div class=\"two_thirds\">\n<h2 class=\"headline-lex\"><span>Parasaurolophus in Dino Storm<\/span><\/h2>\n<div class=\"banner_lex\">\n<p class=\"banner_text_lex text_lex\">Il <strong>Parasaurolophus<\/strong> \u00e8 pi\u00f9 grande e pi\u00f9 forte di altri erbivori bipedi e ha punti di forza uniformemente distribuiti e nessuna vera debolezza.<\/p>\n<div style=\"margin-right: 29px; float: left; width: 10px; text-align: left; position: relative; top: 40px; left: 30px\">\n<strong class=\"text_lex\" style=\"position: relative; top: 12px\">Vitalit\u00e0:<\/strong><br \/>\n<strong class=\"text_lex\" style=\"position: relative; top: 30px\">Forza:<\/strong><br \/>\n<strong class=\"text_lex\" style=\"position: relative; top: 50px\">Resistenza:<\/strong>\n<\/div>\n<div style=\"margin-right: 20px; float: left; width: 118px; text-align: left; position: relative; top: 70px; left: 10px\">\n<img decoding=\"async\" class=\"skill_image_lex colorbox-3328\" title=\"Vitalit\u00e0 base: 3\" src=\"\/wp-content\/themes\/arras\/images\/dinostorm\/Dinos\/bar_health_3.png\" alt=\"Il livello base di vitalit\u00e0 di un Parasaurolophus in Dino Storm \u00e8 3.\" \/><br \/>\n<img decoding=\"async\" class=\"skill_image_lex colorbox-3328\" title=\"Forza base: 3\" src=\"\/wp-content\/themes\/arras\/images\/dinostorm\/Dinos\/bar_strength_3.png\" alt=\"Il livello base di forza di un Parasaurolophus in Dino Storm \u00e8 3.\" \/><br \/>\n<img decoding=\"async\" class=\"skill_image_lex colorbox-3328\" title=\"Resistenza base: 2\" src=\"\/wp-content\/themes\/arras\/images\/dinostorm\/Dinos\/bar_endurance_2.png\" alt=\"Il livello base di resistenza di un Parasaurolophus in Dino Storm \u00e8 2.\" \/>\n<\/div>\n<div class=\"icc_scale\">\n<img class=\"colorbox-3328\"  decoding=\"async\" src=\"\/wp-content\/themes\/arras\/images\/dinostorm\/Dinos\/icc_scale_pnn.png\" alt=\"\" title=\"\"\/><br \/>\n<a href=\"\/it\/gioco\/guida-ai-dinosauri\/dinosauri-centrosaurus\/\"><img decoding=\"async\" class=\"icc_dino colorbox-3328\" src=\"\/wp-content\/themes\/arras\/images\/dinostorm\/Dinos\/centrosaurus_icon.png\" alt=\"\" title=\"\"\/><\/a><\/p>\n<div class=\"icc_text\">Alternativa tuttofare:<br \/>\n<strong>Centrosaurus<\/strong>\n<\/div>\n<\/div>\n<\/div>\n<div class=\"one_third\">\n<img decoding=\"async\" class=\"dino_lex_2 colorbox-3328\" src=\"\/wp-content\/themes\/arras\/images\/dinostorm\/Dinos\/Parasaurolophus.png\" alt=\"Parasaurolophus in Dino Storm\" \/>\n<\/div>\n<\/div>\n<div class=\"clear\"><\/div>\n<div class=\"one_third\">\n<h3 class=\"headlinelex2_1\">Parasaurolophus \u2014 Abilit&#x00e0; di dinosauri<\/h3>\n<div class=\"banner_lex2\">\n<span class=\"icon_skill_top float-left\"><br \/>\n<img class=\"colorbox-3328\"  decoding=\"async\" src=\"\/wp-content\/themes\/arras\/images\/dinostorm\/Dinos\/Parasaurolophus_skill_01.png\" \nonmouseover=\"for (let el of document.querySelectorAll('.para_idle')) el.style.visibility = 'hidden'; for (let el of document.querySelectorAll('.para_skill1')) el.style.visibility = 'visible';\"\nonmouseout=\"for (let el of document.querySelectorAll('.para_idle')) el.style.visibility = 'visible'; for (let el of document.querySelectorAll('.para_skill1')) el.style.visibility = 'hidden';\"\"\nalt=\"Parasaurolophus Abilit&#x00e0; speciale \u2014 Attacco Colpocoda\" title=\"Abilit&#x00e0; speciale: Attacco Colpocoda\"\/><\/span><\/p>\n<div class=\"skill-wrapper\"><span class=\"icon_skill_title\">Attacco Colpocoda<\/span><\/p>\n<p class=\"icon_skill_text\">\n<\/div>\n<p><span class=\"clear\"><!-- --><\/span><span class=\"icon_skill_top float-left\"><br \/>\n<img class=\"colorbox-3328\"  decoding=\"async\" src=\"\/wp-content\/themes\/arras\/images\/dinostorm\/Dinos\/Parasaurolophus_skill_02.png\" \nonmouseover=\"for (let el of document.querySelectorAll('.para_idle')) el.style.visibility = 'hidden'; for (let el of document.querySelectorAll('.para_skill2')) el.style.visibility = 'visible';\"\nonmouseout=\"for (let el of document.querySelectorAll('.para_idle')) el.style.visibility = 'visible'; for (let el of document.querySelectorAll('.para_skill2')) el.style.visibility = 'hidden';\"\"\nalt=\"Parasaurolophus Abilit&#x00e0; speciale \u2014 Calcio\" title=\"Abilit&#x00e0; speciale: Calcio\"\/><\/span><\/p>\n<div class=\"skill-wrapper-bottom\"><span class=\"icon_skill_title\">Calcio<\/span><\/p>\n<p class=\"icon_skill_text\">\n<\/div>\n<p><span class=\"clear\"><!-- --><\/span><\/p>\n<\/div>\n<\/div>\n<div class=\"one_third\">\n<h3 class=\"headlinelex2_2\">Parasaurolophus \u2014 Fatti di dinosauri<\/h3>\n<div class=\"fact_lex\">\n<p>Il Parasaurolophus visse nel Cretaceo superiore in quella regione che oggi &#x00e8; il Nord America, 68 milioni di anni fa. Questo dinosauro appartiene al gruppo degli Ornitischi.<\/p>\n<p>Caratteristica dei Parasaurolophus &#x00e8; il corno osso sulla parte posteriore del cranio. Si ritiene che questo dinosauro era in grado di correre su due zampe. Il Parasaurolophus era un animale gregario e vivev in gruppi di diverse decine di dinosauri.<\/p>\n<\/div>\n<\/div>\n<div class=\"dino_animations\">\n<img decoding=\"async\" class=\"para_idle colorbox-3328\" src=\"\/wp-content\/themes\/arras\/images\/dinostorm\/Dinos\/parasaurolophus_idle.gif\"\/><br \/>\n<img decoding=\"async\" class=\"para_skill1 colorbox-3328\" src=\"\/wp-content\/themes\/arras\/images\/dinostorm\/Dinos\/parasaurolophus_skill_01.gif\"\/><br \/>\n<img decoding=\"async\" class=\"para_skill2 colorbox-3328\" src=\"\/wp-content\/themes\/arras\/images\/dinostorm\/Dinos\/parasaurolophus_skill_02.gif\"\/>\n<\/div>\n<div class=\"full\">\n<img decoding=\"async\" class=\"hr3 margin35 colorbox-3328\" src=\"\/wp-content\/themes\/arras\/images\/dinostorm\/seperator_big.png\" alt=\"separator dino storm\" \/>\n<\/div>\n","protected":false},"excerpt":{"rendered":"<p>Dinosauri \u2014 Parasaurolophus Indietro Parasaurolophus in Dino Storm Il Parasaurolophus \u00e8 pi\u00f9 grande e pi\u00f9 forte di altri erbivori bipedi e ha punti di forza uniformemente distribuiti e nessuna vera debolezza. Vitalit\u00e0: Forza: Resistenza: Alternativa [&hellip;]<\/p>\n","protected":false},"author":26,"featured_media":15052,"parent":3235,"menu_order":0,"comment_status":"closed","ping_status":"closed","template":"pagetpl-onecolumn.php","meta":{"footnotes":"","_links_to":"","_links_to_target":""},"class_list":["post-3328","page","type-page","status-publish","has-post-thumbnail","hentry"],"yoast_head":"<!-- This site is optimized with the Yoast SEO plugin v27.3 - https:\/\/yoast.com\/product\/yoast-seo-wordpress\/ -->\n<title>Dinosauri - Parasaurolophus - Dino Storm<\/title>\n<meta name=\"description\" content=\"Il Parasaurolophus \u00e8 pi\u00f9 grande e pi\u00f9 forte di altri erbivori bipedi in Dino Storm. Parasaurolophus: fatti, competenze, capacit\u00e0...\" \/>\n<meta name=\"robots\" content=\"index, follow, max-snippet:-1, max-image-preview:large, max-video-preview:-1\" \/>\n<link rel=\"canonical\" href=\"https:\/\/dinostorm.com\/it\/gioco\/guida-ai-dinosauri\/dinosauri-parasaurolophus\/\" \/>\n<meta property=\"og:locale\" content=\"it_IT\" \/>\n<meta property=\"og:type\" content=\"article\" \/>\n<meta property=\"og:title\" content=\"Dinosauri - Parasaurolophus - Dino Storm\" \/>\n<meta property=\"og:description\" content=\"Il Parasaurolophus \u00e8 pi\u00f9 grande e pi\u00f9 forte di altri erbivori bipedi in Dino Storm. Parasaurolophus: fatti, competenze, capacit\u00e0...\" \/>\n<meta property=\"og:url\" content=\"https:\/\/dinostorm.com\/it\/gioco\/guida-ai-dinosauri\/dinosauri-parasaurolophus\/\" \/>\n<meta property=\"og:site_name\" content=\"Dino Storm\" \/>\n<meta property=\"article:modified_time\" content=\"2021-07-08T08:24:31+00:00\" \/>\n<meta property=\"og:image\" content=\"https:\/\/dinostorm.com\/wp-content\/uploads\/2012\/09\/ds_jungle_01.jpg\" \/>\n\t<meta property=\"og:image:width\" content=\"1280\" \/>\n\t<meta property=\"og:image:height\" content=\"720\" \/>\n\t<meta property=\"og:image:type\" content=\"image\/jpeg\" \/>\n<script type=\"application\/ld+json\" class=\"yoast-schema-graph\">{\"@context\":\"https:\\\/\\\/schema.org\",\"@graph\":[{\"@type\":\"WebPage\",\"@id\":\"https:\\\/\\\/dinostorm.com\\\/it\\\/gioco\\\/guida-ai-dinosauri\\\/dinosauri-parasaurolophus\\\/\",\"url\":\"https:\\\/\\\/dinostorm.com\\\/it\\\/gioco\\\/guida-ai-dinosauri\\\/dinosauri-parasaurolophus\\\/\",\"name\":\"Dinosauri - Parasaurolophus - Dino Storm\",\"isPartOf\":{\"@id\":\"https:\\\/\\\/dinostorm.com\\\/it\\\/#website\"},\"primaryImageOfPage\":{\"@id\":\"https:\\\/\\\/dinostorm.com\\\/it\\\/gioco\\\/guida-ai-dinosauri\\\/dinosauri-parasaurolophus\\\/#primaryimage\"},\"image\":{\"@id\":\"https:\\\/\\\/dinostorm.com\\\/it\\\/gioco\\\/guida-ai-dinosauri\\\/dinosauri-parasaurolophus\\\/#primaryimage\"},\"thumbnailUrl\":\"https:\\\/\\\/dinostorm.com\\\/wp-content\\\/uploads\\\/2012\\\/09\\\/ds_jungle_01.jpg\",\"datePublished\":\"2012-10-18T07:12:27+00:00\",\"dateModified\":\"2021-07-08T08:24:31+00:00\",\"description\":\"Il Parasaurolophus \u00e8 pi\u00f9 grande e pi\u00f9 forte di altri erbivori bipedi in Dino Storm. Parasaurolophus: fatti, competenze, capacit\u00e0...\",\"breadcrumb\":{\"@id\":\"https:\\\/\\\/dinostorm.com\\\/it\\\/gioco\\\/guida-ai-dinosauri\\\/dinosauri-parasaurolophus\\\/#breadcrumb\"},\"inLanguage\":\"it-IT\",\"potentialAction\":[{\"@type\":\"ReadAction\",\"target\":[\"https:\\\/\\\/dinostorm.com\\\/it\\\/gioco\\\/guida-ai-dinosauri\\\/dinosauri-parasaurolophus\\\/\"]}]},{\"@type\":\"ImageObject\",\"inLanguage\":\"it-IT\",\"@id\":\"https:\\\/\\\/dinostorm.com\\\/it\\\/gioco\\\/guida-ai-dinosauri\\\/dinosauri-parasaurolophus\\\/#primaryimage\",\"url\":\"https:\\\/\\\/dinostorm.com\\\/wp-content\\\/uploads\\\/2012\\\/09\\\/ds_jungle_01.jpg\",\"contentUrl\":\"https:\\\/\\\/dinostorm.com\\\/wp-content\\\/uploads\\\/2012\\\/09\\\/ds_jungle_01.jpg\",\"width\":1280,\"height\":720,\"caption\":\"Beware of dangerous bandits in Mokon Woods are everywhere.\"},{\"@type\":\"BreadcrumbList\",\"@id\":\"https:\\\/\\\/dinostorm.com\\\/it\\\/gioco\\\/guida-ai-dinosauri\\\/dinosauri-parasaurolophus\\\/#breadcrumb\",\"itemListElement\":[{\"@type\":\"ListItem\",\"position\":1,\"name\":\"Home\",\"item\":\"https:\\\/\\\/dinostorm.com\\\/it\\\/\"},{\"@type\":\"ListItem\",\"position\":2,\"name\":\"Gioco\",\"item\":\"https:\\\/\\\/dinostorm.com\\\/it\\\/gioco\\\/\"},{\"@type\":\"ListItem\",\"position\":3,\"name\":\"Guida ai dinosauri\",\"item\":\"https:\\\/\\\/dinostorm.com\\\/it\\\/gioco\\\/guida-ai-dinosauri\\\/\"},{\"@type\":\"ListItem\",\"position\":4,\"name\":\"Dinosauri &#8211; Parasaurolophus\"}]},{\"@type\":\"WebSite\",\"@id\":\"https:\\\/\\\/dinostorm.com\\\/it\\\/#website\",\"url\":\"https:\\\/\\\/dinostorm.com\\\/it\\\/\",\"name\":\"Dino Storm\",\"description\":\"\",\"potentialAction\":[{\"@type\":\"SearchAction\",\"target\":{\"@type\":\"EntryPoint\",\"urlTemplate\":\"https:\\\/\\\/dinostorm.com\\\/it\\\/?s={search_term_string}\"},\"query-input\":{\"@type\":\"PropertyValueSpecification\",\"valueRequired\":true,\"valueName\":\"search_term_string\"}}],\"inLanguage\":\"it-IT\"}]}<\/script>\n<!-- \/ Yoast SEO plugin. -->","yoast_head_json":{"title":"Dinosauri - Parasaurolophus - Dino Storm","description":"Il Parasaurolophus \u00e8 pi\u00f9 grande e pi\u00f9 forte di altri erbivori bipedi in Dino Storm. Parasaurolophus: fatti, competenze, capacit\u00e0...","robots":{"index":"index","follow":"follow","max-snippet":"max-snippet:-1","max-image-preview":"max-image-preview:large","max-video-preview":"max-video-preview:-1"},"canonical":"https:\/\/dinostorm.com\/it\/gioco\/guida-ai-dinosauri\/dinosauri-parasaurolophus\/","og_locale":"it_IT","og_type":"article","og_title":"Dinosauri - Parasaurolophus - Dino Storm","og_description":"Il Parasaurolophus \u00e8 pi\u00f9 grande e pi\u00f9 forte di altri erbivori bipedi in Dino Storm. Parasaurolophus: fatti, competenze, capacit\u00e0...","og_url":"https:\/\/dinostorm.com\/it\/gioco\/guida-ai-dinosauri\/dinosauri-parasaurolophus\/","og_site_name":"Dino Storm","article_modified_time":"2021-07-08T08:24:31+00:00","og_image":[{"width":1280,"height":720,"url":"https:\/\/dinostorm.com\/wp-content\/uploads\/2012\/09\/ds_jungle_01.jpg","type":"image\/jpeg"}],"schema":{"@context":"https:\/\/schema.org","@graph":[{"@type":"WebPage","@id":"https:\/\/dinostorm.com\/it\/gioco\/guida-ai-dinosauri\/dinosauri-parasaurolophus\/","url":"https:\/\/dinostorm.com\/it\/gioco\/guida-ai-dinosauri\/dinosauri-parasaurolophus\/","name":"Dinosauri - Parasaurolophus - Dino Storm","isPartOf":{"@id":"https:\/\/dinostorm.com\/it\/#website"},"primaryImageOfPage":{"@id":"https:\/\/dinostorm.com\/it\/gioco\/guida-ai-dinosauri\/dinosauri-parasaurolophus\/#primaryimage"},"image":{"@id":"https:\/\/dinostorm.com\/it\/gioco\/guida-ai-dinosauri\/dinosauri-parasaurolophus\/#primaryimage"},"thumbnailUrl":"https:\/\/dinostorm.com\/wp-content\/uploads\/2012\/09\/ds_jungle_01.jpg","datePublished":"2012-10-18T07:12:27+00:00","dateModified":"2021-07-08T08:24:31+00:00","description":"Il Parasaurolophus \u00e8 pi\u00f9 grande e pi\u00f9 forte di altri erbivori bipedi in Dino Storm. Parasaurolophus: fatti, competenze, capacit\u00e0...","breadcrumb":{"@id":"https:\/\/dinostorm.com\/it\/gioco\/guida-ai-dinosauri\/dinosauri-parasaurolophus\/#breadcrumb"},"inLanguage":"it-IT","potentialAction":[{"@type":"ReadAction","target":["https:\/\/dinostorm.com\/it\/gioco\/guida-ai-dinosauri\/dinosauri-parasaurolophus\/"]}]},{"@type":"ImageObject","inLanguage":"it-IT","@id":"https:\/\/dinostorm.com\/it\/gioco\/guida-ai-dinosauri\/dinosauri-parasaurolophus\/#primaryimage","url":"https:\/\/dinostorm.com\/wp-content\/uploads\/2012\/09\/ds_jungle_01.jpg","contentUrl":"https:\/\/dinostorm.com\/wp-content\/uploads\/2012\/09\/ds_jungle_01.jpg","width":1280,"height":720,"caption":"Beware of dangerous bandits in Mokon Woods are everywhere."},{"@type":"BreadcrumbList","@id":"https:\/\/dinostorm.com\/it\/gioco\/guida-ai-dinosauri\/dinosauri-parasaurolophus\/#breadcrumb","itemListElement":[{"@type":"ListItem","position":1,"name":"Home","item":"https:\/\/dinostorm.com\/it\/"},{"@type":"ListItem","position":2,"name":"Gioco","item":"https:\/\/dinostorm.com\/it\/gioco\/"},{"@type":"ListItem","position":3,"name":"Guida ai dinosauri","item":"https:\/\/dinostorm.com\/it\/gioco\/guida-ai-dinosauri\/"},{"@type":"ListItem","position":4,"name":"Dinosauri &#8211; Parasaurolophus"}]},{"@type":"WebSite","@id":"https:\/\/dinostorm.com\/it\/#website","url":"https:\/\/dinostorm.com\/it\/","name":"Dino Storm","description":"","potentialAction":[{"@type":"SearchAction","target":{"@type":"EntryPoint","urlTemplate":"https:\/\/dinostorm.com\/it\/?s={search_term_string}"},"query-input":{"@type":"PropertyValueSpecification","valueRequired":true,"valueName":"search_term_string"}}],"inLanguage":"it-IT"}]}},"_links":{"self":[{"href":"https:\/\/dinostorm.com\/it\/wp-json\/wp\/v2\/pages\/3328","targetHints":{"allow":["GET"]}}],"collection":[{"href":"https:\/\/dinostorm.com\/it\/wp-json\/wp\/v2\/pages"}],"about":[{"href":"https:\/\/dinostorm.com\/it\/wp-json\/wp\/v2\/types\/page"}],"author":[{"embeddable":true,"href":"https:\/\/dinostorm.com\/it\/wp-json\/wp\/v2\/users\/26"}],"replies":[{"embeddable":true,"href":"https:\/\/dinostorm.com\/it\/wp-json\/wp\/v2\/comments?post=3328"}],"version-history":[{"count":3,"href":"https:\/\/dinostorm.com\/it\/wp-json\/wp\/v2\/pages\/3328\/revisions"}],"predecessor-version":[{"id":237787,"href":"https:\/\/dinostorm.com\/it\/wp-json\/wp\/v2\/pages\/3328\/revisions\/237787"}],"up":[{"embeddable":true,"href":"https:\/\/dinostorm.com\/it\/wp-json\/wp\/v2\/pages\/3235"}],"wp:featuredmedia":[{"embeddable":true,"href":"https:\/\/dinostorm.com\/it\/wp-json\/wp\/v2\/media\/15052"}],"wp:attachment":[{"href":"https:\/\/dinostorm.com\/it\/wp-json\/wp\/v2\/media?parent=3328"}],"curies":[{"name":"wp","href":"https:\/\/api.w.org\/{rel}","templated":true}]}}