{"id":3316,"date":"2012-10-18T09:12:22","date_gmt":"2012-10-18T07:12:22","guid":{"rendered":"http:\/\/dinostorm.com\/?page_id=3316"},"modified":"2021-07-08T09:55:27","modified_gmt":"2021-07-08T07:55:27","slug":"dinosauri-pachycephalosaurus","status":"publish","type":"page","link":"https:\/\/dinostorm.com\/it\/gioco\/guida-ai-dinosauri\/dinosauri-pachycephalosaurus\/","title":{"rendered":"Dinosauri &#8211; Pachycephalosaurus"},"content":{"rendered":"<div class=\"teaser\"><\/div>\n<h1 class=\"headline_page width_500\"><span>Dinosauri \u2014 Pachycephalosaurus<\/span><\/h1>\n<p class=\"back-button back-pos500\"><a class=\"back-block\" href=\"\/it\/gioco\/guida-ai-dinosauri\">Indietro<\/a><\/p>\n<div class=\"two_thirds\">\n<h2 class=\"headline-lex\"><span>Pachycephalosaurus in Dino Storm<\/span><\/h2>\n<div class=\"banner_lex\">\n<p class=\"banner_text_lex text_lex\">Il <strong>Pachycephalosaurus<\/strong> non \u00e8 solo pi\u00f9 veloce della maggior parte dei dinosauri in Dino Storm, esso pu\u00f2 anche stordire un avversario in combattimento, usando la sua testa placcata in osso.<\/p>\n<div style=\"margin-right: 29px; float: left; width: 10px; text-align: left; position: relative; top: 40px; left: 30px\">\n<strong class=\"text_lex\" style=\"position: relative; top: 12px\">Vitalit\u00e0:<\/strong><br \/>\n<strong class=\"text_lex\" style=\"position: relative; top: 30px\">Forza:<\/strong><br \/>\n<strong class=\"text_lex\" style=\"position: relative; top: 50px\">Resistenza:<\/strong>\n<\/div>\n<div style=\"margin-right: 20px; float: left; width: 118px; text-align: left; position: relative; top: 70px; left: 10px\">\n<img decoding=\"async\" class=\"skill_image_lex colorbox-3316\" title=\"Vitalit\u00e0 base: 2\" src=\"\/wp-content\/themes\/arras\/images\/dinostorm\/Dinos\/bar_health_2.png\" alt=\"Il livello base di vitalit\u00e0 di un Pachycephalosaurus in Dino Storm \u00e8 2.\" \/><br \/>\n<img decoding=\"async\" class=\"skill_image_lex colorbox-3316\" title=\"Forza base: 4\" src=\"\/wp-content\/themes\/arras\/images\/dinostorm\/Dinos\/bar_strength_4.png\" alt=\"Il livello base di forza di un Pachycephalosaurusin Dino Storm \u00e8 4.\" \/><br \/>\n<img decoding=\"async\" class=\"skill_image_lex colorbox-3316\" title=\"Resistenza base: 5\" src=\"\/wp-content\/themes\/arras\/images\/dinostorm\/Dinos\/bar_endurance_5.png\" alt=\"Il livello base di resistenza di un Pachycephalosaurus in Dino Storm \u00e8 5.\" \/>\n<\/div>\n<div class=\"icc_scale\">\n<img class=\"colorbox-3316\"  decoding=\"async\" src=\"\/wp-content\/themes\/arras\/images\/dinostorm\/Dinos\/icc_scale_npp.png\" alt=\"\" title=\"\"\/><br \/>\n<a href=\"\/it\/gioco\/guida-ai-dinosauri\/dinosauri-coelophysis\/\"><img decoding=\"async\" class=\"icc_dino colorbox-3316\" src=\"\/wp-content\/themes\/arras\/images\/dinostorm\/Dinos\/coelophysis_icon.png\" alt=\"\" title=\"\"\/><\/a><\/p>\n<div class=\"icc_text\">Alternativa \u201cHit and run\u201d:<br \/>\n<strong>Coelophysis<\/strong>\n<\/div>\n<\/div>\n<\/div>\n<div class=\"one_third\">\n<img decoding=\"async\" class=\"dino_lex_2 colorbox-3316\" src=\"\/wp-content\/themes\/arras\/images\/dinostorm\/Dinos\/Pachycephalosaurus.png\" alt=\"Pachycephalosaurus in Dino Storm\" \/>\n<\/div>\n<\/div>\n<div class=\"clear\"><\/div>\n<div class=\"one_third\">\n<h3 class=\"headlinelex2_1\">Pachycephalosaurus \u2014 Abilit&#x00e0; di dinosauri<\/h3>\n<div class=\"banner_lex2\">\n<span class=\"icon_skill_top float-left\"><br \/>\n<img class=\"colorbox-3316\"  decoding=\"async\" src=\"\/wp-content\/themes\/arras\/images\/dinostorm\/Dinos\/Pachycephalosaurus_skill_01.png\" \nonmouseover=\"for (let el of document.querySelectorAll('.patchy_idle')) el.style.visibility = 'hidden'; for (let el of document.querySelectorAll('.patchy_skill1')) el.style.visibility = 'visible';\"\nonmouseout=\"for (let el of document.querySelectorAll('.patchy_idle')) el.style.visibility = 'visible'; for (let el of document.querySelectorAll('.patchy_skill1')) el.style.visibility = 'hidden';\"\"\nalt=\"Pachycephalosaurus Abilit&#x00e0; speciale \u2014 Flying Head Butt\" title=\"Abilit&#x00e0; speciale: Flying Head Butt\"\/><\/span><\/p>\n<div class=\"skill-wrapper\"><span class=\"icon_skill_title\">Flying Head Butt<\/span><\/p>\n<p class=\"icon_skill_text\">\n<\/div>\n<p><span class=\"clear\"><!-- --><\/span><span class=\"icon_skill_top float-left\"><br \/>\n<img class=\"colorbox-3316\"  decoding=\"async\" src=\"\/wp-content\/themes\/arras\/images\/dinostorm\/Dinos\/Pachycephalosaurus_skill_02.png\" \nonmouseover=\"for (let el of document.querySelectorAll('.patchy_idle')) el.style.visibility = 'hidden'; for (let el of document.querySelectorAll('.patchy_skill2')) el.style.visibility = 'visible';\"\nonmouseout=\"for (let el of document.querySelectorAll('.patchy_idle')) el.style.visibility = 'visible'; for (let el of document.querySelectorAll('.patchy_skill2')) el.style.visibility = 'hidden';\"\"\nalt=\"Pachycephalosaurus Abilit&#x00e0; speciale \u2014 Schiva attacco\" title=\"Abilit&#x00e0; speciale: Schiva attacco\"\/><\/span><\/p>\n<div class=\"skill-wrapper-bottom\"><span class=\"icon_skill_title\">Schiva attacco<\/span><\/p>\n<p class=\"icon_skill_text\">\n<\/div>\n<p><span class=\"clear\"><!-- --><\/span><\/p>\n<\/div>\n<\/div>\n<div class=\"one_third\">\n<h3 class=\"headlinelex2_2\">Pachycephalosaurus \u2014 Fatti di dinosauri<\/h3>\n<div class=\"fact_lex\">\n<p>Gli Pachycephalosaurus vissero 68 milioni di anni fa durante il Cretaceo superiore, nella zona che ora &#x00e8; il Nord America. Il dinosauro appartiene al genere ornithischia del gruppo del pachycephalosauria.<\/p>\n<p>Soprattutto la struttura del cranio &#x00e8; caratteristica di questo dinosauro. La piastra ossea sulla testa dello Pachycephalosaurus potrebbe essere spessa anche 25 cm (~ 10 pollici). Era in grado di resistere a forti urti, specialmente nelle battaglie contro altri maschi. Si presume inoltre che questo dinosauro abbia anche usato la testa per difendersi da altri dinosauri.<\/p>\n<\/div>\n<\/div>\n<div class=\"dino_animations\">\n<img decoding=\"async\" class=\"patchy_idle colorbox-3316\" src=\"\/wp-content\/themes\/arras\/images\/dinostorm\/Dinos\/pachycephalosaurus_idle.gif\"\/><br \/>\n<img decoding=\"async\" class=\"patchy_skill1 colorbox-3316\" src=\"\/wp-content\/themes\/arras\/images\/dinostorm\/Dinos\/pachycephalosaurus_skill_01.gif\"\/><br \/>\n<img decoding=\"async\" class=\"patchy_skill2 colorbox-3316\" src=\"\/wp-content\/themes\/arras\/images\/dinostorm\/Dinos\/pachycephalosaurus_skill_02.gif\"\/>\n<\/div>\n<div class=\"full\">\n<img decoding=\"async\" class=\"hr3 margin35 colorbox-3316\" src=\"\/wp-content\/themes\/arras\/images\/dinostorm\/seperator_big.png\" alt=\"separator dino storm\" \/>\n<\/div>\n","protected":false},"excerpt":{"rendered":"<p>Dinosauri \u2014 Pachycephalosaurus Indietro Pachycephalosaurus in Dino Storm Il Pachycephalosaurus non \u00e8 solo pi\u00f9 veloce della maggior parte dei dinosauri in Dino Storm, esso pu\u00f2 anche stordire un avversario in combattimento, usando la sua testa [&hellip;]<\/p>\n","protected":false},"author":26,"featured_media":15052,"parent":3235,"menu_order":0,"comment_status":"closed","ping_status":"closed","template":"pagetpl-onecolumn.php","meta":{"footnotes":"","_links_to":"","_links_to_target":""},"class_list":["post-3316","page","type-page","status-publish","has-post-thumbnail","hentry"],"yoast_head":"<!-- This site is optimized with the Yoast SEO plugin v27.3 - https:\/\/yoast.com\/product\/yoast-seo-wordpress\/ -->\n<title>Dinosauri - Pachycephalosaurus - Dino Storm<\/title>\n<meta name=\"description\" content=\"Il Pachycephalosaurus non \u00e8 solo pi\u00f9 veloce della maggior parte dei dinosauri in Dino Storm, esso pu\u00f2 anche stordire l&#039;avversario. Pachycephalosaurus.\" \/>\n<meta name=\"robots\" content=\"index, follow, max-snippet:-1, max-image-preview:large, max-video-preview:-1\" \/>\n<link rel=\"canonical\" href=\"https:\/\/dinostorm.com\/it\/gioco\/guida-ai-dinosauri\/dinosauri-pachycephalosaurus\/\" \/>\n<meta property=\"og:locale\" content=\"it_IT\" \/>\n<meta property=\"og:type\" content=\"article\" \/>\n<meta property=\"og:title\" content=\"Dinosauri - Pachycephalosaurus - Dino Storm\" \/>\n<meta property=\"og:description\" content=\"Il Pachycephalosaurus non \u00e8 solo pi\u00f9 veloce della maggior parte dei dinosauri in Dino Storm, esso pu\u00f2 anche stordire l&#039;avversario. Pachycephalosaurus.\" \/>\n<meta property=\"og:url\" content=\"https:\/\/dinostorm.com\/it\/gioco\/guida-ai-dinosauri\/dinosauri-pachycephalosaurus\/\" \/>\n<meta property=\"og:site_name\" content=\"Dino Storm\" \/>\n<meta property=\"article:modified_time\" content=\"2021-07-08T07:55:27+00:00\" \/>\n<meta property=\"og:image\" content=\"https:\/\/dinostorm.com\/wp-content\/uploads\/2012\/09\/ds_jungle_01.jpg\" \/>\n\t<meta property=\"og:image:width\" content=\"1280\" \/>\n\t<meta property=\"og:image:height\" content=\"720\" \/>\n\t<meta property=\"og:image:type\" content=\"image\/jpeg\" \/>\n<script type=\"application\/ld+json\" class=\"yoast-schema-graph\">{\"@context\":\"https:\\\/\\\/schema.org\",\"@graph\":[{\"@type\":\"WebPage\",\"@id\":\"https:\\\/\\\/dinostorm.com\\\/it\\\/gioco\\\/guida-ai-dinosauri\\\/dinosauri-pachycephalosaurus\\\/\",\"url\":\"https:\\\/\\\/dinostorm.com\\\/it\\\/gioco\\\/guida-ai-dinosauri\\\/dinosauri-pachycephalosaurus\\\/\",\"name\":\"Dinosauri - Pachycephalosaurus - Dino Storm\",\"isPartOf\":{\"@id\":\"https:\\\/\\\/dinostorm.com\\\/it\\\/#website\"},\"primaryImageOfPage\":{\"@id\":\"https:\\\/\\\/dinostorm.com\\\/it\\\/gioco\\\/guida-ai-dinosauri\\\/dinosauri-pachycephalosaurus\\\/#primaryimage\"},\"image\":{\"@id\":\"https:\\\/\\\/dinostorm.com\\\/it\\\/gioco\\\/guida-ai-dinosauri\\\/dinosauri-pachycephalosaurus\\\/#primaryimage\"},\"thumbnailUrl\":\"https:\\\/\\\/dinostorm.com\\\/wp-content\\\/uploads\\\/2012\\\/09\\\/ds_jungle_01.jpg\",\"datePublished\":\"2012-10-18T07:12:22+00:00\",\"dateModified\":\"2021-07-08T07:55:27+00:00\",\"description\":\"Il Pachycephalosaurus non \u00e8 solo pi\u00f9 veloce della maggior parte dei dinosauri in Dino Storm, esso pu\u00f2 anche stordire l'avversario. Pachycephalosaurus.\",\"breadcrumb\":{\"@id\":\"https:\\\/\\\/dinostorm.com\\\/it\\\/gioco\\\/guida-ai-dinosauri\\\/dinosauri-pachycephalosaurus\\\/#breadcrumb\"},\"inLanguage\":\"it-IT\",\"potentialAction\":[{\"@type\":\"ReadAction\",\"target\":[\"https:\\\/\\\/dinostorm.com\\\/it\\\/gioco\\\/guida-ai-dinosauri\\\/dinosauri-pachycephalosaurus\\\/\"]}]},{\"@type\":\"ImageObject\",\"inLanguage\":\"it-IT\",\"@id\":\"https:\\\/\\\/dinostorm.com\\\/it\\\/gioco\\\/guida-ai-dinosauri\\\/dinosauri-pachycephalosaurus\\\/#primaryimage\",\"url\":\"https:\\\/\\\/dinostorm.com\\\/wp-content\\\/uploads\\\/2012\\\/09\\\/ds_jungle_01.jpg\",\"contentUrl\":\"https:\\\/\\\/dinostorm.com\\\/wp-content\\\/uploads\\\/2012\\\/09\\\/ds_jungle_01.jpg\",\"width\":1280,\"height\":720,\"caption\":\"Beware of dangerous bandits in Mokon Woods are everywhere.\"},{\"@type\":\"BreadcrumbList\",\"@id\":\"https:\\\/\\\/dinostorm.com\\\/it\\\/gioco\\\/guida-ai-dinosauri\\\/dinosauri-pachycephalosaurus\\\/#breadcrumb\",\"itemListElement\":[{\"@type\":\"ListItem\",\"position\":1,\"name\":\"Home\",\"item\":\"https:\\\/\\\/dinostorm.com\\\/it\\\/\"},{\"@type\":\"ListItem\",\"position\":2,\"name\":\"Gioco\",\"item\":\"https:\\\/\\\/dinostorm.com\\\/it\\\/gioco\\\/\"},{\"@type\":\"ListItem\",\"position\":3,\"name\":\"Guida ai dinosauri\",\"item\":\"https:\\\/\\\/dinostorm.com\\\/it\\\/gioco\\\/guida-ai-dinosauri\\\/\"},{\"@type\":\"ListItem\",\"position\":4,\"name\":\"Dinosauri &#8211; Pachycephalosaurus\"}]},{\"@type\":\"WebSite\",\"@id\":\"https:\\\/\\\/dinostorm.com\\\/it\\\/#website\",\"url\":\"https:\\\/\\\/dinostorm.com\\\/it\\\/\",\"name\":\"Dino Storm\",\"description\":\"\",\"potentialAction\":[{\"@type\":\"SearchAction\",\"target\":{\"@type\":\"EntryPoint\",\"urlTemplate\":\"https:\\\/\\\/dinostorm.com\\\/it\\\/?s={search_term_string}\"},\"query-input\":{\"@type\":\"PropertyValueSpecification\",\"valueRequired\":true,\"valueName\":\"search_term_string\"}}],\"inLanguage\":\"it-IT\"}]}<\/script>\n<!-- \/ Yoast SEO plugin. -->","yoast_head_json":{"title":"Dinosauri - Pachycephalosaurus - Dino Storm","description":"Il Pachycephalosaurus non \u00e8 solo pi\u00f9 veloce della maggior parte dei dinosauri in Dino Storm, esso pu\u00f2 anche stordire l'avversario. Pachycephalosaurus.","robots":{"index":"index","follow":"follow","max-snippet":"max-snippet:-1","max-image-preview":"max-image-preview:large","max-video-preview":"max-video-preview:-1"},"canonical":"https:\/\/dinostorm.com\/it\/gioco\/guida-ai-dinosauri\/dinosauri-pachycephalosaurus\/","og_locale":"it_IT","og_type":"article","og_title":"Dinosauri - Pachycephalosaurus - Dino Storm","og_description":"Il Pachycephalosaurus non \u00e8 solo pi\u00f9 veloce della maggior parte dei dinosauri in Dino Storm, esso pu\u00f2 anche stordire l'avversario. Pachycephalosaurus.","og_url":"https:\/\/dinostorm.com\/it\/gioco\/guida-ai-dinosauri\/dinosauri-pachycephalosaurus\/","og_site_name":"Dino Storm","article_modified_time":"2021-07-08T07:55:27+00:00","og_image":[{"width":1280,"height":720,"url":"https:\/\/dinostorm.com\/wp-content\/uploads\/2012\/09\/ds_jungle_01.jpg","type":"image\/jpeg"}],"schema":{"@context":"https:\/\/schema.org","@graph":[{"@type":"WebPage","@id":"https:\/\/dinostorm.com\/it\/gioco\/guida-ai-dinosauri\/dinosauri-pachycephalosaurus\/","url":"https:\/\/dinostorm.com\/it\/gioco\/guida-ai-dinosauri\/dinosauri-pachycephalosaurus\/","name":"Dinosauri - Pachycephalosaurus - Dino Storm","isPartOf":{"@id":"https:\/\/dinostorm.com\/it\/#website"},"primaryImageOfPage":{"@id":"https:\/\/dinostorm.com\/it\/gioco\/guida-ai-dinosauri\/dinosauri-pachycephalosaurus\/#primaryimage"},"image":{"@id":"https:\/\/dinostorm.com\/it\/gioco\/guida-ai-dinosauri\/dinosauri-pachycephalosaurus\/#primaryimage"},"thumbnailUrl":"https:\/\/dinostorm.com\/wp-content\/uploads\/2012\/09\/ds_jungle_01.jpg","datePublished":"2012-10-18T07:12:22+00:00","dateModified":"2021-07-08T07:55:27+00:00","description":"Il Pachycephalosaurus non \u00e8 solo pi\u00f9 veloce della maggior parte dei dinosauri in Dino Storm, esso pu\u00f2 anche stordire l'avversario. Pachycephalosaurus.","breadcrumb":{"@id":"https:\/\/dinostorm.com\/it\/gioco\/guida-ai-dinosauri\/dinosauri-pachycephalosaurus\/#breadcrumb"},"inLanguage":"it-IT","potentialAction":[{"@type":"ReadAction","target":["https:\/\/dinostorm.com\/it\/gioco\/guida-ai-dinosauri\/dinosauri-pachycephalosaurus\/"]}]},{"@type":"ImageObject","inLanguage":"it-IT","@id":"https:\/\/dinostorm.com\/it\/gioco\/guida-ai-dinosauri\/dinosauri-pachycephalosaurus\/#primaryimage","url":"https:\/\/dinostorm.com\/wp-content\/uploads\/2012\/09\/ds_jungle_01.jpg","contentUrl":"https:\/\/dinostorm.com\/wp-content\/uploads\/2012\/09\/ds_jungle_01.jpg","width":1280,"height":720,"caption":"Beware of dangerous bandits in Mokon Woods are everywhere."},{"@type":"BreadcrumbList","@id":"https:\/\/dinostorm.com\/it\/gioco\/guida-ai-dinosauri\/dinosauri-pachycephalosaurus\/#breadcrumb","itemListElement":[{"@type":"ListItem","position":1,"name":"Home","item":"https:\/\/dinostorm.com\/it\/"},{"@type":"ListItem","position":2,"name":"Gioco","item":"https:\/\/dinostorm.com\/it\/gioco\/"},{"@type":"ListItem","position":3,"name":"Guida ai dinosauri","item":"https:\/\/dinostorm.com\/it\/gioco\/guida-ai-dinosauri\/"},{"@type":"ListItem","position":4,"name":"Dinosauri &#8211; Pachycephalosaurus"}]},{"@type":"WebSite","@id":"https:\/\/dinostorm.com\/it\/#website","url":"https:\/\/dinostorm.com\/it\/","name":"Dino Storm","description":"","potentialAction":[{"@type":"SearchAction","target":{"@type":"EntryPoint","urlTemplate":"https:\/\/dinostorm.com\/it\/?s={search_term_string}"},"query-input":{"@type":"PropertyValueSpecification","valueRequired":true,"valueName":"search_term_string"}}],"inLanguage":"it-IT"}]}},"_links":{"self":[{"href":"https:\/\/dinostorm.com\/it\/wp-json\/wp\/v2\/pages\/3316","targetHints":{"allow":["GET"]}}],"collection":[{"href":"https:\/\/dinostorm.com\/it\/wp-json\/wp\/v2\/pages"}],"about":[{"href":"https:\/\/dinostorm.com\/it\/wp-json\/wp\/v2\/types\/page"}],"author":[{"embeddable":true,"href":"https:\/\/dinostorm.com\/it\/wp-json\/wp\/v2\/users\/26"}],"replies":[{"embeddable":true,"href":"https:\/\/dinostorm.com\/it\/wp-json\/wp\/v2\/comments?post=3316"}],"version-history":[{"count":4,"href":"https:\/\/dinostorm.com\/it\/wp-json\/wp\/v2\/pages\/3316\/revisions"}],"predecessor-version":[{"id":237756,"href":"https:\/\/dinostorm.com\/it\/wp-json\/wp\/v2\/pages\/3316\/revisions\/237756"}],"up":[{"embeddable":true,"href":"https:\/\/dinostorm.com\/it\/wp-json\/wp\/v2\/pages\/3235"}],"wp:featuredmedia":[{"embeddable":true,"href":"https:\/\/dinostorm.com\/it\/wp-json\/wp\/v2\/media\/15052"}],"wp:attachment":[{"href":"https:\/\/dinostorm.com\/it\/wp-json\/wp\/v2\/media?parent=3316"}],"curies":[{"name":"wp","href":"https:\/\/api.w.org\/{rel}","templated":true}]}}