{"id":3313,"date":"2012-10-18T09:12:00","date_gmt":"2012-10-18T07:12:00","guid":{"rendered":"http:\/\/dinostorm.com\/?page_id=3313"},"modified":"2022-04-25T09:55:38","modified_gmt":"2022-04-25T07:55:38","slug":"dinosauri-coelophysis","status":"publish","type":"page","link":"https:\/\/dinostorm.com\/it\/gioco\/guida-ai-dinosauri\/dinosauri-coelophysis\/","title":{"rendered":"Dinosauri &#8211; Coelophysis"},"content":{"rendered":"<div class=\"teaser\"><\/div>\n<h1 class=\"headline_page width_500\"><span>Dinosauri \u2014 Coelophysis<\/span><\/h1>\n<p class=\"back-button back-pos500\"><a class=\"back-block\" href=\"\/it\/gioco\/guida-ai-dinosauri\">Indietro<\/a><\/p>\n<div class=\"two_thirds\">\n<h2 class=\"headline-lex\"><span>Coelophysis in Dino Storm<\/span><\/h2>\n<div class=\"banner_lex\">\n<p class=\"banner_text_lex text_lex\">Il <strong>Coelophysis<\/strong> \u00e8 costruito per la velocit\u00e0. Forti zampe posteriori e nel complesso agile costituzione lo rendono un grande corridore. La sua velocit\u00e0 \u00e8 un vantaggio e diventa pi\u00f9 pronunciata ad ogni nuovo livello.<\/p>\n<div style=\"margin-right: 29px; float: left; width: 10px; text-align: left; position: relative; top: 40px; left: 30px\">\n<strong class=\"text_lex\" style=\"position: relative; top: 12px\">Vitalit\u00e0:<\/strong><br \/>\n<strong class=\"text_lex\" style=\"position: relative; top: 30px\">Forza:<\/strong><br \/>\n<strong class=\"text_lex\" style=\"position: relative; top: 50px\">Resistenza:<\/strong>\n<\/div>\n<div style=\"margin-right: 20px; float: left; width: 118px; text-align: left; position: relative; top: 70px; left: 10px\">\n<img decoding=\"async\" class=\"skill_image_lex colorbox-3313\" title=\"Vitalit\u00e0 base: 2\" src=\"\/wp-content\/themes\/arras\/images\/dinostorm\/Dinos\/bar_health_2.png\" alt=\"Il livello base di vitalit\u00e0 di un Coelophysis in Dino Storm \u00e8 2.\" \/><br \/>\n<img decoding=\"async\" class=\"skill_image_lex colorbox-3313\" title=\"Forza base: 4\" src=\"\/wp-content\/themes\/arras\/images\/dinostorm\/Dinos\/bar_strength_4.png\" alt=\"Il livello base di forza di un Coelophysis in Dino Storm \u00e8 4.\" \/><br \/>\n<img decoding=\"async\" class=\"skill_image_lex colorbox-3313\" title=\"Resistenza base: 5\" src=\"\/wp-content\/themes\/arras\/images\/dinostorm\/Dinos\/bar_endurance_5.png\" alt=\"Il livello base di resistenza di un Coelophysis in Dino Storm \u00e8 5.\" \/>\n<\/div>\n<div class=\"icc_scale\">\n<img class=\"colorbox-3313\"  decoding=\"async\" src=\"\/wp-content\/themes\/arras\/images\/dinostorm\/Dinos\/icc_scale_pnn.png\" alt=\"\" title=\"\"\/><br \/>\n<a href=\"\/it\/gioco\/guida-ai-dinosauri\/dinosauri-pachycephalosaurus\/\"><img decoding=\"async\" class=\"icc_dino colorbox-3313\" src=\"\/wp-content\/themes\/arras\/images\/dinostorm\/Dinos\/pachycephalosaurus_icon.png\" alt=\"\" title=\"\"\/><\/a><\/p>\n<div class=\"icc_text\">Alternativa &#8220;Hit and run&#8221;:<br \/>\n<strong>Pachycephalosaurus<\/strong>\n<\/div>\n<\/div>\n<\/div>\n<div class=\"one_third\">\n<img decoding=\"async\" class=\"dino_lex_2 colorbox-3313\" src=\"\/wp-content\/themes\/arras\/images\/dinostorm\/Dinos\/Coelophysis.png\" alt=\"Coelophysis in Dino Storm\" \/>\n<\/div>\n<\/div>\n<div class=\"clear\"><\/div>\n<div class=\"one_third\">\n<h3 class=\"headlinelex2_1\">Coelophysis \u2014 Abilit&#x00e0; di dinosauri<\/h3>\n<div class=\"banner_lex2\">\n<span class=\"icon_skill_top float-left\"><br \/>\n<img class=\"colorbox-3313\"  decoding=\"async\" src=\"\/wp-content\/themes\/arras\/images\/dinostorm\/Dinos\/coelophysis_skill_01.png\" \nonmouseover=\"for (let el of document.querySelectorAll('.dino_idle')) el.style.visibility = 'hidden'; for (let el of document.querySelectorAll('.dino_skill1')) el.style.visibility = 'visible';\"\nonmouseout=\"for (let el of document.querySelectorAll('.dino_idle')) el.style.visibility = 'visible'; for (let el of document.querySelectorAll('.dino_skill1')) el.style.visibility = 'hidden';\"\"\nalt=\"Coelophysis Abilit&#x00e0; speciale \u2014 Attacchi rapidi\" title=\"Abilit&#x00e0; speciale: Attacchi rapidi\"\/><\/span><\/p>\n<div class=\"skill-wrapper\"><span class=\"icon_skill_title\">Attacchi rapidi<\/span><\/p>\n<p class=\"icon_skill_text\">\n<\/div>\n<p><span class=\"clear\"><!-- --><\/span><span class=\"icon_skill_top float-left\"><br \/>\n<img class=\"colorbox-3313\"  decoding=\"async\" src=\"\/wp-content\/themes\/arras\/images\/dinostorm\/Dinos\/coelophysis_skill_02.png\" \nonmouseover=\"for (let el of document.querySelectorAll('.dino_idle')) el.style.visibility = 'hidden'; for (let el of document.querySelectorAll('.dino_skill2')) el.style.visibility = 'visible';\"\nonmouseout=\"for (let el of document.querySelectorAll('.dino_idle')) el.style.visibility = 'visible'; for (let el of document.querySelectorAll('.dino_skill2')) el.style.visibility = 'hidden';\"\"\nalt=\"Coelophysis Abilit&#x00e0; speciale \u2014 Attacco in Salto\" title=\"Abilit&#x00e0; speciale: Attacco in Salto\"\/><\/span><\/p>\n<div class=\"skill-wrapper-bottom\"><span class=\"icon_skill_title\">Attacco in Salto<\/span><\/p>\n<p class=\"icon_skill_text\">\n<\/div>\n<p><span class=\"clear\"><!-- --><\/span><\/p>\n<\/div>\n<\/div>\n<div class=\"one_third\">\n<h3 class=\"headlinelex2_2\">Coelophysis \u2014 Fatti di dinosauri<\/h3>\n<div class=\"fact_lex\">\n<p>Il dinosauro Coelophysis visse durante il tardo triassico nella parte sud-occidentale del Nord America. Egli appartiene al gruppo di theropoda, un genere di dinosauro.<\/p>\n<p>Il fisico di questo dinosauro era estremamente efficiente e progettato per l&#8217;alta velocit&#x00e0;. Le ossa di Coelophysis erano vuote, e gli arti lunghi e stretti. Aveva i denti affilati come rasoi, e le dita dei piedi erano dotate di artigli affilati.<\/p>\n<\/div>\n<\/div>\n<div class=\"dino_animations\">\n<img decoding=\"async\" class=\"dino_idle colorbox-3313\" src=\"\/wp-content\/themes\/arras\/images\/dinostorm\/Dinos\/coelophysis_idle.gif\"\/><br \/>\n<img decoding=\"async\" class=\"dino_skill1 colorbox-3313\" src=\"\/wp-content\/themes\/arras\/images\/dinostorm\/Dinos\/coelophysis_skill_01.gif\"\/><br \/>\n<img decoding=\"async\" class=\"dino_skill2 colorbox-3313\" src=\"\/wp-content\/themes\/arras\/images\/dinostorm\/Dinos\/coelophysis_skill_02.gif\"\/>\n<\/div>\n<div class=\"full\">\n<img decoding=\"async\" class=\"hr3 margin35 colorbox-3313\" src=\"\/wp-content\/themes\/arras\/images\/dinostorm\/seperator_big.png\" alt=\"separator dino storm\" \/>\n<\/div>\n","protected":false},"excerpt":{"rendered":"<p>Dinosauri \u2014 Coelophysis Indietro Coelophysis in Dino Storm Il Coelophysis \u00e8 costruito per la velocit\u00e0. Forti zampe posteriori e nel complesso agile costituzione lo rendono un grande corridore. La sua velocit\u00e0 \u00e8 un vantaggio e [&hellip;]<\/p>\n","protected":false},"author":26,"featured_media":15052,"parent":3235,"menu_order":0,"comment_status":"closed","ping_status":"closed","template":"pagetpl-onecolumn.php","meta":{"footnotes":"","_links_to":"","_links_to_target":""},"class_list":["post-3313","page","type-page","status-publish","has-post-thumbnail","hentry"],"yoast_head":"<!-- This site is optimized with the Yoast SEO plugin v27.3 - https:\/\/yoast.com\/product\/yoast-seo-wordpress\/ -->\n<title>Dinosauri - Coelophysis - Dino Storm<\/title>\n<meta name=\"description\" content=\"Il Coelophysis \u00e8 costruito per la velocit\u00e0. Zampe posteriori forti lo rendono un grande corridore in Dino Storm. Tutto quello che dovete sapere su Coelo...\" \/>\n<meta name=\"robots\" content=\"index, follow, max-snippet:-1, max-image-preview:large, max-video-preview:-1\" \/>\n<link rel=\"canonical\" href=\"https:\/\/dinostorm.com\/it\/gioco\/guida-ai-dinosauri\/dinosauri-coelophysis\/\" \/>\n<meta property=\"og:locale\" content=\"it_IT\" \/>\n<meta property=\"og:type\" content=\"article\" \/>\n<meta property=\"og:title\" content=\"Dinosauri - Coelophysis - Dino Storm\" \/>\n<meta property=\"og:description\" content=\"Il Coelophysis \u00e8 costruito per la velocit\u00e0. Zampe posteriori forti lo rendono un grande corridore in Dino Storm. Tutto quello che dovete sapere su Coelo...\" \/>\n<meta property=\"og:url\" content=\"https:\/\/dinostorm.com\/it\/gioco\/guida-ai-dinosauri\/dinosauri-coelophysis\/\" \/>\n<meta property=\"og:site_name\" content=\"Dino Storm\" \/>\n<meta property=\"article:modified_time\" content=\"2022-04-25T07:55:38+00:00\" \/>\n<script type=\"application\/ld+json\" class=\"yoast-schema-graph\">{\"@context\":\"https:\\\/\\\/schema.org\",\"@graph\":[{\"@type\":\"WebPage\",\"@id\":\"https:\\\/\\\/dinostorm.com\\\/it\\\/gioco\\\/guida-ai-dinosauri\\\/dinosauri-coelophysis\\\/\",\"url\":\"https:\\\/\\\/dinostorm.com\\\/it\\\/gioco\\\/guida-ai-dinosauri\\\/dinosauri-coelophysis\\\/\",\"name\":\"Dinosauri - Coelophysis - Dino Storm\",\"isPartOf\":{\"@id\":\"https:\\\/\\\/dinostorm.com\\\/it\\\/#website\"},\"primaryImageOfPage\":{\"@id\":\"https:\\\/\\\/dinostorm.com\\\/it\\\/gioco\\\/guida-ai-dinosauri\\\/dinosauri-coelophysis\\\/#primaryimage\"},\"image\":{\"@id\":\"https:\\\/\\\/dinostorm.com\\\/it\\\/gioco\\\/guida-ai-dinosauri\\\/dinosauri-coelophysis\\\/#primaryimage\"},\"thumbnailUrl\":\"https:\\\/\\\/dinostorm.com\\\/wp-content\\\/uploads\\\/2012\\\/09\\\/ds_jungle_01.jpg\",\"datePublished\":\"2012-10-18T07:12:00+00:00\",\"dateModified\":\"2022-04-25T07:55:38+00:00\",\"description\":\"Il Coelophysis \u00e8 costruito per la velocit\u00e0. Zampe posteriori forti lo rendono un grande corridore in Dino Storm. Tutto quello che dovete sapere su Coelo...\",\"breadcrumb\":{\"@id\":\"https:\\\/\\\/dinostorm.com\\\/it\\\/gioco\\\/guida-ai-dinosauri\\\/dinosauri-coelophysis\\\/#breadcrumb\"},\"inLanguage\":\"it-IT\",\"potentialAction\":[{\"@type\":\"ReadAction\",\"target\":[\"https:\\\/\\\/dinostorm.com\\\/it\\\/gioco\\\/guida-ai-dinosauri\\\/dinosauri-coelophysis\\\/\"]}]},{\"@type\":\"ImageObject\",\"inLanguage\":\"it-IT\",\"@id\":\"https:\\\/\\\/dinostorm.com\\\/it\\\/gioco\\\/guida-ai-dinosauri\\\/dinosauri-coelophysis\\\/#primaryimage\",\"url\":\"https:\\\/\\\/dinostorm.com\\\/wp-content\\\/uploads\\\/2012\\\/09\\\/ds_jungle_01.jpg\",\"contentUrl\":\"https:\\\/\\\/dinostorm.com\\\/wp-content\\\/uploads\\\/2012\\\/09\\\/ds_jungle_01.jpg\",\"width\":1280,\"height\":720,\"caption\":\"Beware of dangerous bandits in Mokon Woods are everywhere.\"},{\"@type\":\"BreadcrumbList\",\"@id\":\"https:\\\/\\\/dinostorm.com\\\/it\\\/gioco\\\/guida-ai-dinosauri\\\/dinosauri-coelophysis\\\/#breadcrumb\",\"itemListElement\":[{\"@type\":\"ListItem\",\"position\":1,\"name\":\"Home\",\"item\":\"https:\\\/\\\/dinostorm.com\\\/it\\\/\"},{\"@type\":\"ListItem\",\"position\":2,\"name\":\"Gioco\",\"item\":\"https:\\\/\\\/dinostorm.com\\\/it\\\/gioco\\\/\"},{\"@type\":\"ListItem\",\"position\":3,\"name\":\"Guida ai dinosauri\",\"item\":\"https:\\\/\\\/dinostorm.com\\\/it\\\/gioco\\\/guida-ai-dinosauri\\\/\"},{\"@type\":\"ListItem\",\"position\":4,\"name\":\"Dinosauri &#8211; Coelophysis\"}]},{\"@type\":\"WebSite\",\"@id\":\"https:\\\/\\\/dinostorm.com\\\/it\\\/#website\",\"url\":\"https:\\\/\\\/dinostorm.com\\\/it\\\/\",\"name\":\"Dino Storm\",\"description\":\"\",\"potentialAction\":[{\"@type\":\"SearchAction\",\"target\":{\"@type\":\"EntryPoint\",\"urlTemplate\":\"https:\\\/\\\/dinostorm.com\\\/it\\\/?s={search_term_string}\"},\"query-input\":{\"@type\":\"PropertyValueSpecification\",\"valueRequired\":true,\"valueName\":\"search_term_string\"}}],\"inLanguage\":\"it-IT\"}]}<\/script>\n<!-- \/ Yoast SEO plugin. -->","yoast_head_json":{"title":"Dinosauri - Coelophysis - Dino Storm","description":"Il Coelophysis \u00e8 costruito per la velocit\u00e0. Zampe posteriori forti lo rendono un grande corridore in Dino Storm. Tutto quello che dovete sapere su Coelo...","robots":{"index":"index","follow":"follow","max-snippet":"max-snippet:-1","max-image-preview":"max-image-preview:large","max-video-preview":"max-video-preview:-1"},"canonical":"https:\/\/dinostorm.com\/it\/gioco\/guida-ai-dinosauri\/dinosauri-coelophysis\/","og_locale":"it_IT","og_type":"article","og_title":"Dinosauri - Coelophysis - Dino Storm","og_description":"Il Coelophysis \u00e8 costruito per la velocit\u00e0. Zampe posteriori forti lo rendono un grande corridore in Dino Storm. Tutto quello che dovete sapere su Coelo...","og_url":"https:\/\/dinostorm.com\/it\/gioco\/guida-ai-dinosauri\/dinosauri-coelophysis\/","og_site_name":"Dino Storm","article_modified_time":"2022-04-25T07:55:38+00:00","schema":{"@context":"https:\/\/schema.org","@graph":[{"@type":"WebPage","@id":"https:\/\/dinostorm.com\/it\/gioco\/guida-ai-dinosauri\/dinosauri-coelophysis\/","url":"https:\/\/dinostorm.com\/it\/gioco\/guida-ai-dinosauri\/dinosauri-coelophysis\/","name":"Dinosauri - Coelophysis - Dino Storm","isPartOf":{"@id":"https:\/\/dinostorm.com\/it\/#website"},"primaryImageOfPage":{"@id":"https:\/\/dinostorm.com\/it\/gioco\/guida-ai-dinosauri\/dinosauri-coelophysis\/#primaryimage"},"image":{"@id":"https:\/\/dinostorm.com\/it\/gioco\/guida-ai-dinosauri\/dinosauri-coelophysis\/#primaryimage"},"thumbnailUrl":"https:\/\/dinostorm.com\/wp-content\/uploads\/2012\/09\/ds_jungle_01.jpg","datePublished":"2012-10-18T07:12:00+00:00","dateModified":"2022-04-25T07:55:38+00:00","description":"Il Coelophysis \u00e8 costruito per la velocit\u00e0. Zampe posteriori forti lo rendono un grande corridore in Dino Storm. Tutto quello che dovete sapere su Coelo...","breadcrumb":{"@id":"https:\/\/dinostorm.com\/it\/gioco\/guida-ai-dinosauri\/dinosauri-coelophysis\/#breadcrumb"},"inLanguage":"it-IT","potentialAction":[{"@type":"ReadAction","target":["https:\/\/dinostorm.com\/it\/gioco\/guida-ai-dinosauri\/dinosauri-coelophysis\/"]}]},{"@type":"ImageObject","inLanguage":"it-IT","@id":"https:\/\/dinostorm.com\/it\/gioco\/guida-ai-dinosauri\/dinosauri-coelophysis\/#primaryimage","url":"https:\/\/dinostorm.com\/wp-content\/uploads\/2012\/09\/ds_jungle_01.jpg","contentUrl":"https:\/\/dinostorm.com\/wp-content\/uploads\/2012\/09\/ds_jungle_01.jpg","width":1280,"height":720,"caption":"Beware of dangerous bandits in Mokon Woods are everywhere."},{"@type":"BreadcrumbList","@id":"https:\/\/dinostorm.com\/it\/gioco\/guida-ai-dinosauri\/dinosauri-coelophysis\/#breadcrumb","itemListElement":[{"@type":"ListItem","position":1,"name":"Home","item":"https:\/\/dinostorm.com\/it\/"},{"@type":"ListItem","position":2,"name":"Gioco","item":"https:\/\/dinostorm.com\/it\/gioco\/"},{"@type":"ListItem","position":3,"name":"Guida ai dinosauri","item":"https:\/\/dinostorm.com\/it\/gioco\/guida-ai-dinosauri\/"},{"@type":"ListItem","position":4,"name":"Dinosauri &#8211; Coelophysis"}]},{"@type":"WebSite","@id":"https:\/\/dinostorm.com\/it\/#website","url":"https:\/\/dinostorm.com\/it\/","name":"Dino Storm","description":"","potentialAction":[{"@type":"SearchAction","target":{"@type":"EntryPoint","urlTemplate":"https:\/\/dinostorm.com\/it\/?s={search_term_string}"},"query-input":{"@type":"PropertyValueSpecification","valueRequired":true,"valueName":"search_term_string"}}],"inLanguage":"it-IT"}]}},"_links":{"self":[{"href":"https:\/\/dinostorm.com\/it\/wp-json\/wp\/v2\/pages\/3313","targetHints":{"allow":["GET"]}}],"collection":[{"href":"https:\/\/dinostorm.com\/it\/wp-json\/wp\/v2\/pages"}],"about":[{"href":"https:\/\/dinostorm.com\/it\/wp-json\/wp\/v2\/types\/page"}],"author":[{"embeddable":true,"href":"https:\/\/dinostorm.com\/it\/wp-json\/wp\/v2\/users\/26"}],"replies":[{"embeddable":true,"href":"https:\/\/dinostorm.com\/it\/wp-json\/wp\/v2\/comments?post=3313"}],"version-history":[{"count":7,"href":"https:\/\/dinostorm.com\/it\/wp-json\/wp\/v2\/pages\/3313\/revisions"}],"predecessor-version":[{"id":311217,"href":"https:\/\/dinostorm.com\/it\/wp-json\/wp\/v2\/pages\/3313\/revisions\/311217"}],"up":[{"embeddable":true,"href":"https:\/\/dinostorm.com\/it\/wp-json\/wp\/v2\/pages\/3235"}],"wp:featuredmedia":[{"embeddable":true,"href":"https:\/\/dinostorm.com\/it\/wp-json\/wp\/v2\/media\/15052"}],"wp:attachment":[{"href":"https:\/\/dinostorm.com\/it\/wp-json\/wp\/v2\/media?parent=3313"}],"curies":[{"name":"wp","href":"https:\/\/api.w.org\/{rel}","templated":true}]}}