{"id":3242,"date":"2011-02-15T23:52:31","date_gmt":"2011-02-15T21:52:31","guid":{"rendered":"http:\/\/dinostorm.com\/?page_id=3242"},"modified":"2013-09-05T14:26:50","modified_gmt":"2013-09-05T14:26:50","slug":"guida-del-gioco","status":"publish","type":"page","link":"https:\/\/dinostorm.com\/it\/gioco\/guida-del-gioco\/","title":{"rendered":"Guida del gioco"},"content":{"rendered":"<div class=\"teaser\"><\/div>\n<h1 class=\"headline_page width_500\"><span>Guida del gioco Dino Storm<\/span><\/h1>\n<p class=\"back-button back-pos500\"><a class=\"back-block\" href=\"\/it\/gioco#overview\">Indietro<\/a><\/p>\n<div class=\"one_half\">\n<h2>Dino Storm, il gioco 3D Online<\/h2>\n<p>Fama e fortuna attendono i coraggiosi avventurieri a Dino Storm, il gioco 3D gratuito. Con pochi dollari in tasca, un po &#8216; di munizioni, un cannone laser carico e il tuo piccolo dinosauro, fai il tuo ingresso nella citt\u00e0 di Dinoville. Affronta giganteschi branchi di dinosauri e spietate bande di rapinatori nel selvaggio west e inizia la ricerca degli oggetti di valore. Utilizza i campi di approvvigionamento, gli avamposti e miniere d&#8217;oro, difendili da  altri giocatori e guadagna fama e rispetto. Solo i migliori potranno diventare sceriffo.<\/p>\n<p><img class=\"colorbox-3242\"  decoding=\"async\" src=\"\/wp-content\/themes\/arras\/images\/dinostorm\/Dino-Storm-Comic3.png\" alt=\"Dino Storm - Guida del gioco\"><\/p>\n<\/div>\n<div class=\"one_half_last\">\n<h2>Benvenuti al selvaggio west<\/h2>\n<p>Nei suoi primi giorni Dinoville era una tipica, piccola e tranquilla citt\u00e0 del deserto. Per un pugno di dollari e duro lavoro i cowboys allevarono dinosauri, costruirono pistole laser e senza timore fronteggiarono le mandrie selvatiche di dinosauri della prateria. <\/p>\n<p>Lo sceriffo ha mantenuto legge e ordine. Ma poi sono stati trovati enormi giacimenti d&#8217;oro in Dinoville. Fortunati cercatori ostentarono improvvisamente la loro ricchezza nel saloon, e notizie su  abbondanti vene d&#8217;oro a nord della citt\u00e0 si diffusero lontano oltre il deserto. Presto gli avventurieri provenienti da ogni angolo della terra si stabilirono a Dinoville. <\/p>\n<p>Quelli che avevano fiuto per l&#8217;oro accumularono  favolose ricchezze. Ma proprio come i cercatori d&#8217;oro, anche i ladri e i loro clan furono attratti a Dinoville. Difendere le preziose miniere d&#8217;oro \u00e8 diventato un lavoro a tempo pieno per cercatori d&#8217;oro, e chi lo ha fatto bene ha guadagnato grande rispetto in citt\u00e0. Molti nuovi arrivati non in possesso di prori giacimenti hanno guadagnato soldi combattendo i banditi, ma potranno mai resistere alla febbre dell&#8217;oro per cos\u00ec tanto tempo&#8230;<\/p>\n<\/div>\n<div class=\"full3\">\n<p><img class=\"colorbox-3242\"  decoding=\"async\" src=\"\/wp-content\/themes\/arras\/images\/dinostorm\/Dino-Storm-Header-1.png\" alt=\"Dino Storm - FAQ\"><\/p>\n<\/div>\n<div class=\"one_half\">\n<h2>Caratteristiche di Dino Storm<\/h2>\n<h3>Esplora un mondo di gioco 3D online selvaggio e vario<\/h3>\n<p>Un variegato mondo di gioco 3d gratis aspetta coraggiosi avventurieri a Dinoville. Branchi di dinosauri vagano attraverso il canyon, clan di banditi sono a piede libero, e l&#8217;ambiente nasconde oggetti di valore. Il mondo di gioco 3D online non \u00e8 mai lo stesso, e il pericolo si annida ovunque. Ogni spedizione deve essere accuratamente preparata.<\/p>\n<h3>Vendi il tuo bottino per Dino Dollari<\/h3>\n<p>Innumerevoli oggetti possono essere raccolti nel mondo di gioco 3d online. Se potete riportare il vostro bottino a Dinoville con successo, si pu\u00f2 vendere sul mercato in cambio di dollari. Altre attivit\u00e0 vi ricompenseranno con oggetti ancora pi\u00f9 preziosi e monete d&#8217;oro\\!<\/p>\n<h3>Vivi avventure all&#8217;aperto<\/h3>\n<p>Come cowboy a Dinoville, si avranno le mani piene, ma non sarete soli\\: bisogna rendere la vita difficile ai banditi, ai cacciatori di fossili, cercare il cibo e cacciare le orde di dinosauri. Lavora insieme agli altri giocatori per portare a termine i compiti con successo.  <\/p>\n<h3>Controlla edifici contesi<\/h3>\n<p>Edifici come campi di rifornimento, avamposti o miniere d&#8217;oro e possono essere trovati ovunque intorno a Dinoville. Si pu\u00f2 prendere il controllo di questi edifici. Importanti edifici consentono di accumulare enorme fama e fortuna. Ma attenzione, i tuoi edifici dovranno essere regolarmente riforniti e difesi contro altri cowboys che cercheranno di portarteli via. Chiunque voglia mantenere miniere di valore, dovrebbe portare con s\u00e9 un sacco di munizioni.<\/p>\n<\/div>\n<div class=\"one_half_last\">\n<\/br><\/br><\/br><\/p>\n<h3>Trovato il tuo clan<\/h3>\n<p>Insieme siete forti\\! Unitevi ai vostri amici e fondate il vostro clan. In un team, \u00e8 possibile avanzare ancora pi\u00f9 velocemente nel mondo online di Dino Storm e sostenere meglio la difesa dei vostri edifici.<\/p>\n<h3>Ottieni uffici e diventa lo sceriffo della citt\u00e0<\/h3>\n<p>Padroneggiando avventure e gestire con successo gli edifici, si rimedia pi\u00f9 riconoscimento. Questo riconoscimento vi aiuter\u00e0 se ci si candida per un ufficio in citt\u00e0. Qui, si dovr\u00e0 prevalere sugli altri giocatori, e solo i migliori arrivano al top. <\/p>\n<p>Gli uffici offrono privilegi speciali, come ad esempio l&#8217;accesso a <a href=\"\/it\/gioco\/impianti-dinosauro\">dinosauri rari<\/a> e <a href=\"\/it\/gioco\/moduli-arma\">potenti oggetti<\/a>.<\/p>\n<p><\/br><\/br><br \/>\n<center><img class=\"colorbox-3242\"  decoding=\"async\" src=\"\/wp-content\/themes\/arras\/images\/dinostorm\/Dino-Storm-Comic-2.png\" alt=\"Dino Storm - 3D gioco\"><\/center><\/p>\n<\/div>\n<div class=full>\n<img decoding=\"async\" class=\"hr3 colorbox-3242\" src=\"\/wp-content\/themes\/arras\/images\/dinostorm\/Dino-Storm-Header-2.png\"><br \/>\n<img decoding=\"async\" class=\"hr3 colorbox-3242\" src=\"\/wp-content\/themes\/arras\/images\/dinostorm\/seperator_big.png\" alt=\"separator dino storm\" \/>\n<\/div>\n","protected":false},"excerpt":{"rendered":"<p>Guida del gioco Dino Storm Indietro Dino Storm, il gioco 3D Online Fama e fortuna attendono i coraggiosi avventurieri a Dino Storm, il gioco 3D gratuito. Con pochi dollari in tasca, un po &#8216; di [&hellip;]<\/p>\n","protected":false},"author":26,"featured_media":-1,"parent":3197,"menu_order":0,"comment_status":"closed","ping_status":"closed","template":"pagetpl-onecolumn.php","meta":{"footnotes":"","_links_to":"","_links_to_target":""},"class_list":["post-3242","page","type-page","status-publish","has-post-thumbnail","hentry"],"yoast_head":"<!-- This site is optimized with the Yoast SEO plugin v27.4 - https:\/\/yoast.com\/product\/yoast-seo-wordpress\/ -->\n<title>Guida del gioco - Dino Storm<\/title>\n<meta name=\"description\" content=\"Dino Storm \u00e8 un gioco online 3D con cowboy, dinosauri e pistole laser. Ricevete pi\u00f9 informazioni circa il nostro gioco e date un&#039;occhiata alla nostra guida del gioco.\" \/>\n<meta name=\"robots\" content=\"index, follow, max-snippet:-1, max-image-preview:large, max-video-preview:-1\" \/>\n<link rel=\"canonical\" href=\"https:\/\/dinostorm.com\/it\/gioco\/guida-del-gioco\/\" \/>\n<meta property=\"og:locale\" content=\"it_IT\" \/>\n<meta property=\"og:type\" content=\"article\" \/>\n<meta property=\"og:title\" content=\"Guida del gioco - Dino Storm\" \/>\n<meta property=\"og:description\" content=\"Dino Storm \u00e8 un gioco online 3D con cowboy, dinosauri e pistole laser. Ricevete pi\u00f9 informazioni circa il nostro gioco e date un&#039;occhiata alla nostra guida del gioco.\" \/>\n<meta property=\"og:url\" content=\"https:\/\/dinostorm.com\/it\/gioco\/guida-del-gioco\/\" \/>\n<meta property=\"og:site_name\" content=\"Dino Storm\" \/>\n<meta property=\"article:modified_time\" content=\"2013-09-05T14:26:50+00:00\" \/>\n<meta name=\"twitter:label1\" content=\"Tempo di lettura stimato\" \/>\n\t<meta name=\"twitter:data1\" content=\"3 minuti\" \/>\n<script type=\"application\/ld+json\" class=\"yoast-schema-graph\">{\"@context\":\"https:\\\/\\\/schema.org\",\"@graph\":[{\"@type\":\"WebPage\",\"@id\":\"https:\\\/\\\/dinostorm.com\\\/it\\\/gioco\\\/guida-del-gioco\\\/\",\"url\":\"https:\\\/\\\/dinostorm.com\\\/it\\\/gioco\\\/guida-del-gioco\\\/\",\"name\":\"Guida del gioco - Dino Storm\",\"isPartOf\":{\"@id\":\"https:\\\/\\\/dinostorm.com\\\/it\\\/#website\"},\"datePublished\":\"2011-02-15T21:52:31+00:00\",\"dateModified\":\"2013-09-05T14:26:50+00:00\",\"description\":\"Dino Storm \u00e8 un gioco online 3D con cowboy, dinosauri e pistole laser. Ricevete pi\u00f9 informazioni circa il nostro gioco e date un'occhiata alla nostra guida del gioco.\",\"breadcrumb\":{\"@id\":\"https:\\\/\\\/dinostorm.com\\\/it\\\/gioco\\\/guida-del-gioco\\\/#breadcrumb\"},\"inLanguage\":\"it-IT\",\"potentialAction\":[{\"@type\":\"ReadAction\",\"target\":[\"https:\\\/\\\/dinostorm.com\\\/it\\\/gioco\\\/guida-del-gioco\\\/\"]}]},{\"@type\":\"BreadcrumbList\",\"@id\":\"https:\\\/\\\/dinostorm.com\\\/it\\\/gioco\\\/guida-del-gioco\\\/#breadcrumb\",\"itemListElement\":[{\"@type\":\"ListItem\",\"position\":1,\"name\":\"Home\",\"item\":\"https:\\\/\\\/dinostorm.com\\\/it\\\/\"},{\"@type\":\"ListItem\",\"position\":2,\"name\":\"Gioco\",\"item\":\"https:\\\/\\\/dinostorm.com\\\/it\\\/gioco\\\/\"},{\"@type\":\"ListItem\",\"position\":3,\"name\":\"Guida del gioco\"}]},{\"@type\":\"WebSite\",\"@id\":\"https:\\\/\\\/dinostorm.com\\\/it\\\/#website\",\"url\":\"https:\\\/\\\/dinostorm.com\\\/it\\\/\",\"name\":\"Dino Storm\",\"description\":\"\",\"potentialAction\":[{\"@type\":\"SearchAction\",\"target\":{\"@type\":\"EntryPoint\",\"urlTemplate\":\"https:\\\/\\\/dinostorm.com\\\/it\\\/?s={search_term_string}\"},\"query-input\":{\"@type\":\"PropertyValueSpecification\",\"valueRequired\":true,\"valueName\":\"search_term_string\"}}],\"inLanguage\":\"it-IT\"}]}<\/script>\n<!-- \/ Yoast SEO plugin. -->","yoast_head_json":{"title":"Guida del gioco - Dino Storm","description":"Dino Storm \u00e8 un gioco online 3D con cowboy, dinosauri e pistole laser. Ricevete pi\u00f9 informazioni circa il nostro gioco e date un'occhiata alla nostra guida del gioco.","robots":{"index":"index","follow":"follow","max-snippet":"max-snippet:-1","max-image-preview":"max-image-preview:large","max-video-preview":"max-video-preview:-1"},"canonical":"https:\/\/dinostorm.com\/it\/gioco\/guida-del-gioco\/","og_locale":"it_IT","og_type":"article","og_title":"Guida del gioco - Dino Storm","og_description":"Dino Storm \u00e8 un gioco online 3D con cowboy, dinosauri e pistole laser. Ricevete pi\u00f9 informazioni circa il nostro gioco e date un'occhiata alla nostra guida del gioco.","og_url":"https:\/\/dinostorm.com\/it\/gioco\/guida-del-gioco\/","og_site_name":"Dino Storm","article_modified_time":"2013-09-05T14:26:50+00:00","twitter_misc":{"Tempo di lettura stimato":"3 minuti"},"schema":{"@context":"https:\/\/schema.org","@graph":[{"@type":"WebPage","@id":"https:\/\/dinostorm.com\/it\/gioco\/guida-del-gioco\/","url":"https:\/\/dinostorm.com\/it\/gioco\/guida-del-gioco\/","name":"Guida del gioco - Dino Storm","isPartOf":{"@id":"https:\/\/dinostorm.com\/it\/#website"},"datePublished":"2011-02-15T21:52:31+00:00","dateModified":"2013-09-05T14:26:50+00:00","description":"Dino Storm \u00e8 un gioco online 3D con cowboy, dinosauri e pistole laser. Ricevete pi\u00f9 informazioni circa il nostro gioco e date un'occhiata alla nostra guida del gioco.","breadcrumb":{"@id":"https:\/\/dinostorm.com\/it\/gioco\/guida-del-gioco\/#breadcrumb"},"inLanguage":"it-IT","potentialAction":[{"@type":"ReadAction","target":["https:\/\/dinostorm.com\/it\/gioco\/guida-del-gioco\/"]}]},{"@type":"BreadcrumbList","@id":"https:\/\/dinostorm.com\/it\/gioco\/guida-del-gioco\/#breadcrumb","itemListElement":[{"@type":"ListItem","position":1,"name":"Home","item":"https:\/\/dinostorm.com\/it\/"},{"@type":"ListItem","position":2,"name":"Gioco","item":"https:\/\/dinostorm.com\/it\/gioco\/"},{"@type":"ListItem","position":3,"name":"Guida del gioco"}]},{"@type":"WebSite","@id":"https:\/\/dinostorm.com\/it\/#website","url":"https:\/\/dinostorm.com\/it\/","name":"Dino Storm","description":"","potentialAction":[{"@type":"SearchAction","target":{"@type":"EntryPoint","urlTemplate":"https:\/\/dinostorm.com\/it\/?s={search_term_string}"},"query-input":{"@type":"PropertyValueSpecification","valueRequired":true,"valueName":"search_term_string"}}],"inLanguage":"it-IT"}]}},"_links":{"self":[{"href":"https:\/\/dinostorm.com\/it\/wp-json\/wp\/v2\/pages\/3242","targetHints":{"allow":["GET"]}}],"collection":[{"href":"https:\/\/dinostorm.com\/it\/wp-json\/wp\/v2\/pages"}],"about":[{"href":"https:\/\/dinostorm.com\/it\/wp-json\/wp\/v2\/types\/page"}],"author":[{"embeddable":true,"href":"https:\/\/dinostorm.com\/it\/wp-json\/wp\/v2\/users\/26"}],"replies":[{"embeddable":true,"href":"https:\/\/dinostorm.com\/it\/wp-json\/wp\/v2\/comments?post=3242"}],"version-history":[{"count":0,"href":"https:\/\/dinostorm.com\/it\/wp-json\/wp\/v2\/pages\/3242\/revisions"}],"up":[{"embeddable":true,"href":"https:\/\/dinostorm.com\/it\/wp-json\/wp\/v2\/pages\/3197"}],"wp:featuredmedia":[{"embeddable":true,"href":"https:\/\/dinostorm.com\/it\/wp-json\/"}],"wp:attachment":[{"href":"https:\/\/dinostorm.com\/it\/wp-json\/wp\/v2\/media?parent=3242"}],"curies":[{"name":"wp","href":"https:\/\/api.w.org\/{rel}","templated":true}]}}