{"id":3239,"date":"2011-01-12T22:09:13","date_gmt":"2011-01-12T20:09:13","guid":{"rendered":"http:\/\/dinostorm.com\/?page_id=3239"},"modified":"2014-10-22T17:00:07","modified_gmt":"2014-10-22T15:00:07","slug":"domande-frequenti-su","status":"publish","type":"page","link":"https:\/\/dinostorm.com\/it\/gioco\/domande-frequenti-su\/","title":{"rendered":"Domande frequenti su"},"content":{"rendered":"<div class=\"teaser\"><\/div>\n<h1 class=\"headline_page width_500\"><span>Domande frequenti su Dino Storm<\/span><\/h1>\n<p class=\"back-button back-pos500\"><a class=\"back-block\" href=\"\/it\/gioco#overview\">Indietro<\/a><\/p>\n<div class=\"one_half\">\n<h2>Domande generali su Browser Game Dino Storm<\/h2>\n<h3>Che cosa \u00e8 Dino Storm?<\/h3>\n<p>Dino Storm \u00e8 un gioco gratuito, multiplayer, per browser con ricchi effetti visivi 3D. Sei un coraggioso ranger che \u00e8 in partenza per Dinoville, dove sono state scoperte ricchi giacimenti d&#8217;oro. Date un&#8217;occhiata alla nostra guida del gioco per un completo riepilogo e fondamentali consigli per giocare Dino Storm.<\/p>\n<h3>Quanto costa giocare a Dino Storm?<\/h3>\n<p>La registrazione e giocare al gioco per browser \u00e8 completamente gratuito. La registrazione \u00e8 completata in un&#8217;attimo e senza alcun obbligo ed entro secondi siete pronti a giocare. Non chiediamo informazioni personali. Dovete solo concentrarvi sul gioco.<\/p>\n<h3>Cosa ottengo quando gioco gratis?<\/h3>\n<p>Tutto. Accesso al gioco per browser, senza restrizioni, senza limiti. Riceverete tutti gli aggiornamenti, inclusi nuovi contenuti e correzioni (in rari casi abbiamo effettivamente fatto un errore) automaticamente e gratuitamente. Tutti gli elementi del gioco sono disponibili gratuitamente. Naturalmente, il nostro team a volte vorrebbe ordinare qualche birra. Ecco perch\u00e9 per una piccola somma si pu\u00f2 rapidamente e comodamente ricaricare il tuo account, cos\u00ec sarete meglio protetti contro le varie minacce in attesa nel pericoloso mondo di Dino Storm.<\/p>\n<h3>DinoVille? Che \u00e8 una sorta di scherzo?<\/h3>\n<p>Si.<\/p>\n<\/div>\n<div class=\"one_half_last\">\n<h2>Domande generali su Splitscreen Games<\/h2>\n<h3>Quanti Gigabyte devo installare?<\/h3>\n<p>Sentiamo il tuo dolore. Chiunque abbia scaricato un gioco per un giorno e installato per tre ore solo per rendersi conto che non soddisfa le promesse fatte, sarebbe frustrato. Con Dino Storm il gioco basato su browser, sono necessari solo un paio di megabyte, e il tutto vi porter\u00e0 via solo pochi secondi. Per lanciare il vostro browser la prima volta, abbiamo bisogno di circa 10 megabyte. In background, lo streaming usa alcuni MB in pi\u00f9 per il contenuto effettivo del gioco. Inoltre, il gioco online 3D si aggiorner\u00e0 automaticamente, cos\u00ec da minimizzare i tempi anche in caso dell&#8217;ampliamento del mondo o di eventuali ma improbabili bugs.<\/p>\n<h3>I Browser Gamesnon fanno per me\\! Non sono un tipo da fattoria.<\/h3>\n<p>Siamo pienamente consapevoli. Dino Storm non \u00e8 il solito gioco da browser. Esso fornisce un mondo 3D in tempo reale, come nei titoli che conoscete e che costano parecchio. Il gioco \u00e8 un MMO completo delle migliori caratteristiche.<\/p>\n<h3>Quali piattaforme supportate?<\/h3>\n<p>I Dinosauri sono animali complessi e attualmente supportano solo PC Windows.<\/p>\n<p>&nbsp;<\/p>\n<p><img class=\"colorbox-3239\"  decoding=\"async\" alt=\"Domande frequenti su Dino Storm\" src=\"\/wp-content\/themes\/arras\/images\/dinostorm\/Dino-Storm-Comic-4.png\" \/><\/p>\n<\/div>\n<div class=\"full\"><img decoding=\"async\" class=\"hr3 colorbox-3239\" alt=\"Play now the free browser based game\" src=\"\/wp-content\/themes\/arras\/images\/dinostorm\/Dino-Storm-Header-1.png\" \/><br \/>\n<img decoding=\"async\" class=\"hr3 colorbox-3239\" alt=\"separator dino storm\" src=\"\/wp-content\/themes\/arras\/images\/dinostorm\/seperator_big.png\" \/><\/div>\n","protected":false},"excerpt":{"rendered":"<p>Domande frequenti su Dino Storm Indietro Domande generali su Browser Game Dino Storm Che cosa \u00e8 Dino Storm? Dino Storm \u00e8 un gioco gratuito, multiplayer, per browser con ricchi effetti visivi 3D. Sei un coraggioso [&hellip;]<\/p>\n","protected":false},"author":26,"featured_media":-1,"parent":3197,"menu_order":0,"comment_status":"closed","ping_status":"closed","template":"pagetpl-onecolumn.php","meta":{"footnotes":"","_links_to":"","_links_to_target":""},"class_list":["post-3239","page","type-page","status-publish","has-post-thumbnail","hentry"],"yoast_head":"<!-- This site is optimized with the Yoast SEO plugin v27.3 - https:\/\/yoast.com\/product\/yoast-seo-wordpress\/ -->\n<title>Domande frequenti su - Dino Storm<\/title>\n<meta name=\"description\" content=\"Domande frequenti su Dino Storm.\" \/>\n<meta name=\"robots\" content=\"index, follow, max-snippet:-1, max-image-preview:large, max-video-preview:-1\" \/>\n<link rel=\"canonical\" href=\"https:\/\/dinostorm.com\/it\/gioco\/domande-frequenti-su\/\" \/>\n<meta property=\"og:locale\" content=\"it_IT\" \/>\n<meta property=\"og:type\" content=\"article\" \/>\n<meta property=\"og:title\" content=\"Domande frequenti su - Dino Storm\" \/>\n<meta property=\"og:description\" content=\"Domande frequenti su Dino Storm.\" \/>\n<meta property=\"og:url\" content=\"https:\/\/dinostorm.com\/it\/gioco\/domande-frequenti-su\/\" \/>\n<meta property=\"og:site_name\" content=\"Dino Storm\" \/>\n<meta property=\"article:modified_time\" content=\"2014-10-22T15:00:07+00:00\" \/>\n<meta name=\"twitter:label1\" content=\"Tempo di lettura stimato\" \/>\n\t<meta name=\"twitter:data1\" content=\"2 minuti\" \/>\n<script type=\"application\/ld+json\" class=\"yoast-schema-graph\">{\"@context\":\"https:\\\/\\\/schema.org\",\"@graph\":[{\"@type\":\"WebPage\",\"@id\":\"https:\\\/\\\/dinostorm.com\\\/it\\\/gioco\\\/domande-frequenti-su\\\/\",\"url\":\"https:\\\/\\\/dinostorm.com\\\/it\\\/gioco\\\/domande-frequenti-su\\\/\",\"name\":\"Domande frequenti su - Dino Storm\",\"isPartOf\":{\"@id\":\"https:\\\/\\\/dinostorm.com\\\/it\\\/#website\"},\"datePublished\":\"2011-01-12T20:09:13+00:00\",\"dateModified\":\"2014-10-22T15:00:07+00:00\",\"description\":\"Domande frequenti su Dino Storm.\",\"breadcrumb\":{\"@id\":\"https:\\\/\\\/dinostorm.com\\\/it\\\/gioco\\\/domande-frequenti-su\\\/#breadcrumb\"},\"inLanguage\":\"it-IT\",\"potentialAction\":[{\"@type\":\"ReadAction\",\"target\":[\"https:\\\/\\\/dinostorm.com\\\/it\\\/gioco\\\/domande-frequenti-su\\\/\"]}]},{\"@type\":\"BreadcrumbList\",\"@id\":\"https:\\\/\\\/dinostorm.com\\\/it\\\/gioco\\\/domande-frequenti-su\\\/#breadcrumb\",\"itemListElement\":[{\"@type\":\"ListItem\",\"position\":1,\"name\":\"Home\",\"item\":\"https:\\\/\\\/dinostorm.com\\\/it\\\/\"},{\"@type\":\"ListItem\",\"position\":2,\"name\":\"Gioco\",\"item\":\"https:\\\/\\\/dinostorm.com\\\/it\\\/gioco\\\/\"},{\"@type\":\"ListItem\",\"position\":3,\"name\":\"Domande frequenti su\"}]},{\"@type\":\"WebSite\",\"@id\":\"https:\\\/\\\/dinostorm.com\\\/it\\\/#website\",\"url\":\"https:\\\/\\\/dinostorm.com\\\/it\\\/\",\"name\":\"Dino Storm\",\"description\":\"\",\"potentialAction\":[{\"@type\":\"SearchAction\",\"target\":{\"@type\":\"EntryPoint\",\"urlTemplate\":\"https:\\\/\\\/dinostorm.com\\\/it\\\/?s={search_term_string}\"},\"query-input\":{\"@type\":\"PropertyValueSpecification\",\"valueRequired\":true,\"valueName\":\"search_term_string\"}}],\"inLanguage\":\"it-IT\"}]}<\/script>\n<!-- \/ Yoast SEO plugin. -->","yoast_head_json":{"title":"Domande frequenti su - Dino Storm","description":"Domande frequenti su Dino Storm.","robots":{"index":"index","follow":"follow","max-snippet":"max-snippet:-1","max-image-preview":"max-image-preview:large","max-video-preview":"max-video-preview:-1"},"canonical":"https:\/\/dinostorm.com\/it\/gioco\/domande-frequenti-su\/","og_locale":"it_IT","og_type":"article","og_title":"Domande frequenti su - Dino Storm","og_description":"Domande frequenti su Dino Storm.","og_url":"https:\/\/dinostorm.com\/it\/gioco\/domande-frequenti-su\/","og_site_name":"Dino Storm","article_modified_time":"2014-10-22T15:00:07+00:00","twitter_misc":{"Tempo di lettura stimato":"2 minuti"},"schema":{"@context":"https:\/\/schema.org","@graph":[{"@type":"WebPage","@id":"https:\/\/dinostorm.com\/it\/gioco\/domande-frequenti-su\/","url":"https:\/\/dinostorm.com\/it\/gioco\/domande-frequenti-su\/","name":"Domande frequenti su - Dino Storm","isPartOf":{"@id":"https:\/\/dinostorm.com\/it\/#website"},"datePublished":"2011-01-12T20:09:13+00:00","dateModified":"2014-10-22T15:00:07+00:00","description":"Domande frequenti su Dino Storm.","breadcrumb":{"@id":"https:\/\/dinostorm.com\/it\/gioco\/domande-frequenti-su\/#breadcrumb"},"inLanguage":"it-IT","potentialAction":[{"@type":"ReadAction","target":["https:\/\/dinostorm.com\/it\/gioco\/domande-frequenti-su\/"]}]},{"@type":"BreadcrumbList","@id":"https:\/\/dinostorm.com\/it\/gioco\/domande-frequenti-su\/#breadcrumb","itemListElement":[{"@type":"ListItem","position":1,"name":"Home","item":"https:\/\/dinostorm.com\/it\/"},{"@type":"ListItem","position":2,"name":"Gioco","item":"https:\/\/dinostorm.com\/it\/gioco\/"},{"@type":"ListItem","position":3,"name":"Domande frequenti su"}]},{"@type":"WebSite","@id":"https:\/\/dinostorm.com\/it\/#website","url":"https:\/\/dinostorm.com\/it\/","name":"Dino Storm","description":"","potentialAction":[{"@type":"SearchAction","target":{"@type":"EntryPoint","urlTemplate":"https:\/\/dinostorm.com\/it\/?s={search_term_string}"},"query-input":{"@type":"PropertyValueSpecification","valueRequired":true,"valueName":"search_term_string"}}],"inLanguage":"it-IT"}]}},"_links":{"self":[{"href":"https:\/\/dinostorm.com\/it\/wp-json\/wp\/v2\/pages\/3239","targetHints":{"allow":["GET"]}}],"collection":[{"href":"https:\/\/dinostorm.com\/it\/wp-json\/wp\/v2\/pages"}],"about":[{"href":"https:\/\/dinostorm.com\/it\/wp-json\/wp\/v2\/types\/page"}],"author":[{"embeddable":true,"href":"https:\/\/dinostorm.com\/it\/wp-json\/wp\/v2\/users\/26"}],"replies":[{"embeddable":true,"href":"https:\/\/dinostorm.com\/it\/wp-json\/wp\/v2\/comments?post=3239"}],"version-history":[{"count":0,"href":"https:\/\/dinostorm.com\/it\/wp-json\/wp\/v2\/pages\/3239\/revisions"}],"up":[{"embeddable":true,"href":"https:\/\/dinostorm.com\/it\/wp-json\/wp\/v2\/pages\/3197"}],"wp:featuredmedia":[{"embeddable":true,"href":"https:\/\/dinostorm.com\/it\/wp-json\/"}],"wp:attachment":[{"href":"https:\/\/dinostorm.com\/it\/wp-json\/wp\/v2\/media?parent=3239"}],"curies":[{"name":"wp","href":"https:\/\/api.w.org\/{rel}","templated":true}]}}