{"id":3206,"date":"2012-10-18T09:18:05","date_gmt":"2012-10-18T07:18:05","guid":{"rendered":"http:\/\/dinostorm.com\/?page_id=3206"},"modified":"2021-07-09T14:44:42","modified_gmt":"2021-07-09T12:44:42","slug":"impianti-dinosauro","status":"publish","type":"page","link":"https:\/\/dinostorm.com\/it\/gioco\/impianti-dinosauro\/","title":{"rendered":"Impianti dinosauro"},"content":{"rendered":"<div class=\"teaser\"><\/div>\n<h1 class=\"headline_page width_500\"><span>Dino Storm &#8211; Impianti dinosauro<\/span><\/h1>\n<p class=\"back-button back-pos500\"><a class=\"back-block\" href=\"\/it\/gioco#overview\">Indietro<\/a><\/p>\n<div class=\"full\">\n<img decoding=\"async\" class=\"wrapper_image_impl colorbox-3206\" src=\"\/wp-content\/themes\/arras\/images\/dinostorm\/Implantate-Cowboy.png\" alt=\"Dino Storm - Impianti dinosauro\"\/><\/p>\n<div class=\"wrapper_impl\">\n<p class=\"text-impl\">Rimani un passo avanti rispetto alla concorrenza con la nostra biotecnologia ad alte prestazioni per il tuo dino. \\nPunge solo un pochino!<\/p>\n<\/div>\n<div class=\"wrapper_impl2\">\n<div class=\"slot-list\">\n<div class=\"clear-after\">\n                      <span class=\"icon-frame-gloss float-left\"><br \/>\n            <img class=\"colorbox-3206\"  decoding=\"async\" src=\"\/wp-content\/themes\/arras\/images\/dinostorm\/implant_armor.png\" alt=\"Impianto Armatura\"\/><br \/>\n                       <\/span><\/p>\n<div class=\"slot-wrapper\">\n\t\t\t    <span class=\"slot-item-title\">Impianto Armatura<\/span><\/p>\n<p class=\"feature-slot-desc\">Il dinosauro \u00e8 sempre in mezzo alla battaglia? Allora i nostri impianti armatura dovrebbero essere la tua prima scelta. L&#8217;armatura del tuo dinosauro aumenta cos\u00ec da subire meno danni.<\/p>\n<\/p><\/div>\n<p>\t<span class=\"clear\"><!-- --><\/span>\n\t         <\/div>\n<\/p><\/div>\n<\/p><\/div>\n<div class=\"wrapper_impl2\">\n<div class=\"slot-list\">\n<div class=\"clear-after\">\n                      <span class=\"icon-frame-gloss float-left\"><br \/>\n            <img class=\"colorbox-3206\"  decoding=\"async\" src=\"\/wp-content\/themes\/arras\/images\/dinostorm\/implant_vitality.png\" alt=\"Impianto Vitalit\u00e0\"\/><br \/>\n                       <\/span><\/p>\n<div class=\"slot-wrapper\">\n\t\t\t    <span class=\"slot-item-title\">Impianto Vitalit\u00e0<\/span><\/p>\n<p class=\"feature-slot-desc\">Ti preoccupi molto per il tuo <a href=\"\/it\/gioco\/guida-ai-dinosauri\" title=\"Guida ai dinosauri\">dino <\/a> durante lotta? You need a lot of heal potions? Stai usando un sacco di pozioni per guarire? In questo caso, il nostro impianto vitalit\u00e0 potrebbero essere interessante. Acquista il nostro impianto vitalit\u00e0 e aumenta la resistenza ai colpi del tuo dinosauro.<\/p>\n<\/p><\/div>\n<p>\t<span class=\"clear\"><!-- --><\/span>\n\t         <\/div>\n<\/p><\/div>\n<\/p><\/div>\n<div class=\"wrapper_impl2\">\n<div class=\"slot-list\">\n<div class=\"clear-after\">\n                      <span class=\"icon-frame-gloss float-left\"><br \/>\n            <img class=\"colorbox-3206\"  decoding=\"async\" src=\"\/wp-content\/themes\/arras\/images\/dinostorm\/implant_strength.png\" alt=\"Impianto Forza\"\/><br \/>\n                       <\/span><\/p>\n<div class=\"slot-wrapper\">\n\t\t\t    <span class=\"slot-item-title\">Impianto Forza<\/span><\/p>\n<p class=\"feature-slot-desc\">Pi\u00f9 muscoli per il tuo dino, niente altro da dire. S\u00ec, sorprendentemente aumenta il danno che il tuo dinosauro infligge agli obiettivi. Ma sii avvertito, la forza non \u00e8 tutto, cowboy.<\/p>\n<\/p><\/div>\n<p>\t<span class=\"clear\"><!-- --><\/span>\n\t         <\/div>\n<\/p><\/div>\n<\/p><\/div>\n<div class=\"wrapper_impl2\">\n<div class=\"slot-list\">\n<div class=\"clear-after\">\n                      <span class=\"icon-frame-gloss float-left\"><br \/>\n            <img class=\"colorbox-3206\"  decoding=\"async\" src=\"\/wp-content\/themes\/arras\/images\/dinostorm\/implant_recovery.png\" alt=\"Impianto Recupero\"\/><br \/>\n                       <\/span><\/p>\n<div class=\"slot-wrapper\">\n\t\t\t    <span class=\"slot-item-title\">Impianto Recupero<\/span><\/p>\n<p class=\"feature-slot-desc\">Dopo anni di ricerche il nostro medico dino ha finalmente finito. Il nostro nuovo impianto recupero aumenta il tasso di recupero del vostro dinosauro. Prova e vivere pi\u00f9 a lungo, cowboy.<\/p>\n<\/p><\/div>\n<p>\t<span class=\"clear\"><!-- --><\/span>\n\t         <\/div>\n<\/p><\/div>\n<\/p><\/div>\n<div class=\"wrapper_impl2\">\n<div class=\"slot-list\">\n<div class=\"clear-after\">\n                      <span class=\"icon-frame-gloss float-left\"><br \/>\n            <img class=\"colorbox-3206\"  decoding=\"async\" src=\"\/wp-content\/themes\/arras\/images\/dinostorm\/implant_agility.png\" alt=\"Impianto Agilit\u00e0\"\/><br \/>\n                       <\/span><\/p>\n<div class=\"slot-wrapper\">\n\t\t\t    <span class=\"slot-item-title\">Impianto Agilit\u00e0<\/span><\/p>\n<p class=\"feature-slot-desc\">Pensi che il tuo dino reagisca in modo troppo letargico. In questo caso, raccomandiamo il nostro nuovissimo impianto agilit\u00e0 per dinosauri. Questi fantastici impianti aumentano la capacit\u00e0 del dinosauro di schivare gli attacchi.<\/p>\n<\/p><\/div>\n<p>\t<span class=\"clear\"><!-- --><\/span>\n\t         <\/div>\n<\/p><\/div>\n<\/p><\/div>\n<div class=\"wrapper_impl2\">\n<div class=\"slot-list\">\n<div class=\"clear-after\">\n                      <span class=\"icon-frame-gloss float-left\"><br \/>\n            <img class=\"colorbox-3206\"  decoding=\"async\" src=\"\/wp-content\/themes\/arras\/images\/dinostorm\/implant_endurance.png\" alt=\"Impianto Endurance\"\/><br \/>\n                       <\/span><\/p>\n<div class=\"slot-wrapper\">\n\t\t\t    <span class=\"slot-item-title\">Impianto Endurance<\/span><\/p>\n<p class=\"feature-slot-desc\">La velocit\u00e0 pu\u00f2 essere un fattore vitale per ogni dinosauro. Nessuno ti pu\u00f2 prendere se il tuo dino \u00e8 pi\u00f9 veloce di tutti gli altri. Usa l&#8217;impianto endurance resistenza: questo kit aumenta la velocit\u00e0 del tuo dinosauro.<\/p>\n<\/p><\/div>\n<p>\t<span class=\"clear\"><!-- --><\/span>\n\t         <\/div>\n<\/p><\/div>\n<\/p><\/div>\n<div class=\"wrapper_impl2\">\n<div class=\"slot-list\">\n<div class=\"clear-after\">\n                      <span class=\"icon-frame-gloss float-left\"><br \/>\n            <img class=\"colorbox-3206\"  decoding=\"async\" src=\"\/wp-content\/themes\/arras\/images\/dinostorm\/implant_stability.png\" alt=\"Impianto Stabilit\u00e0\"\/><br \/>\n                       <\/span><\/p>\n<div class=\"slot-wrapper\">\n\t\t\t    <span class=\"slot-item-title\">Impianto Stabilit\u00e0<\/span><\/p>\n<p class=\"feature-slot-desc\">Tu e il tuo dino siete sempre di corsa? Prova il nostro impiatno stabilit\u00e0 e nessuno potr\u00e0 fermarvi. Diminuisce la durata delle condizioni di stordimento, confusione e paura.<\/p>\n<\/p><\/div>\n<p>\t<span class=\"clear\"><!-- --><\/span>\n\t         <\/div>\n<\/p><\/div>\n<\/p><\/div>\n<div class=\"wrapper_impl2\">\n<div class=\"slot-list\">\n<div class=\"clear-after\">\n                      <span class=\"icon-frame-gloss float-left\"><br \/>\n            <img class=\"colorbox-3206\"  decoding=\"async\" src=\"\/wp-content\/themes\/arras\/images\/dinostorm\/implant_rage.png\" alt=\"Impianto Rage\"\/><br \/>\n                       <\/span><\/p>\n<div class=\"slot-wrapper\">\n\t\t\t    <span class=\"slot-item-title\">Impianto Rage<\/span><\/p>\n<p class=\"feature-slot-desc\">Aumenta potenza extra guadagnandola dai danni ricevuti. Necessita l&#8217;installazione in uno slot Impianto dinosauro per funzionare.<\/p>\n<\/p><\/div>\n<p>\t<span class=\"clear\"><!-- --><\/span>\n\t         <\/div>\n<\/p><\/div>\n<\/p><\/div>\n<div class=\"wrapper_impl2\">\n<div class=\"slot-list\">\n<div class=\"clear-after\">\n                      <span class=\"icon-frame-gloss float-left\"><br \/>\n            <img class=\"colorbox-3206\"  decoding=\"async\" src=\"\/wp-content\/themes\/arras\/images\/dinostorm\/implant_shield.png\" alt=\"Impianto Scudo\"\/><br \/>\n                       <\/span><\/p>\n<div class=\"slot-wrapper\">\n\t\t\t    <span class=\"slot-item-title\">Impianto Scudo<\/span><\/p>\n<p class=\"feature-slot-desc\">Aumenta la resistenza dei tuoi dinosauri contro il danno da armi. Va installato su un Impianto Dinosauro per funzionare.<\/p>\n<\/p><\/div>\n<p>\t<span class=\"clear\"><!-- --><\/span>\n\t         <\/div>\n<\/p><\/div>\n<\/p><\/div>\n<div class=\"wrapper_impl2\">\n<div class=\"slot-list\">\n<div class=\"clear-after\">\n                      <span class=\"icon-frame-gloss float-left\"><br \/>\n            <img class=\"colorbox-3206\"  decoding=\"async\" src=\"\/wp-content\/themes\/arras\/images\/dinostorm\/implant_claws.png\" alt=\"Impianto di Artigli\"\/><br \/>\n                       <\/span><\/p>\n<div class=\"slot-wrapper\">\n\t\t\t    <span class=\"slot-item-title\">Impianto di Artigli<\/span><\/p>\n<p class=\"feature-slot-desc\">Garantisce una possibilit&#x00e0; per il tuo dinosauro di colpire obiettivi aggiuntivi in un range chiuso. Necessita di essere installato in uno slot Impianto Dinosauro per funzionare.<\/p>\n<\/p><\/div>\n<p>\t<span class=\"clear\"><!-- --><\/span>\n\t         <\/div>\n<\/p><\/div>\n<\/p><\/div>\n<div class=\"wrapper_impl2\">\n<div class=\"slot-list\">\n<div class=\"clear-after\">\n                      <span class=\"icon-frame-gloss float-left\"><br \/>\n            <img class=\"colorbox-3206\"  decoding=\"async\" src=\"\/wp-content\/themes\/arras\/images\/dinostorm\/implant_weaponreflector.png\" alt=\"Impianto Riflettore dell'Arma\"\/><br \/>\n                       <\/span><\/p>\n<div class=\"slot-wrapper\">\n\t\t\t    <span class=\"slot-item-title\">Impianto Riflettore dell&#8217;Arma<\/span><\/p>\n<p class=\"feature-slot-desc\">Fornisce una possibilit&#x00e0; al tuo dinosauro di riflettere temporaneamente alcuni dei danni delle armi in arrivo. Deve essere installato su uno slot Dino Impianto per funzionare.<\/p>\n<\/p><\/div>\n<p>\t<span class=\"clear\"><!-- --><\/span>\n\t         <\/div>\n<\/p><\/div>\n<\/p><\/div>\n<div class=\"wrapper_impl2\">\n<div class=\"slot-list\">\n<div class=\"clear-after\">\n                      <span class=\"icon-frame-gloss float-left\"><br \/>\n            <img class=\"colorbox-3206\"  decoding=\"async\" src=\"\/wp-content\/themes\/arras\/images\/dinostorm\/implant_heatregulator.png\" alt=\"Impianto di Regolazione del Calore\"\/><br \/>\n                       <\/span><\/p>\n<div class=\"slot-wrapper\">\n\t\t\t    <span class=\"slot-item-title\">Impianto di Regolazione del Calore<\/span><\/p>\n<p class=\"feature-slot-desc\">Diminuisce la durata di paralisi e rallentamento. Per funzionare va installato in uno slot Impianto.<\/p>\n<\/p><\/div>\n<p>\t<span class=\"clear\"><!-- --><\/span>\n\t         <\/div>\n<\/p><\/div>\n<\/p><\/div>\n<\/div>\n<\/div>\n<div class=full>\n<img decoding=\"async\" class=\"hr3 colorbox-3206\" src=\"\/wp-content\/themes\/arras\/images\/dinostorm\/seperator_big.png\" alt=\"separator dino storm\" \/>\n<\/div>\n","protected":false},"excerpt":{"rendered":"<p>Dino Storm &#8211; Impianti dinosauro Indietro Rimani un passo avanti rispetto alla concorrenza con la nostra biotecnologia ad alte prestazioni per il tuo dino. \\nPunge solo un pochino! Impianto Armatura Il dinosauro \u00e8 sempre in [&hellip;]<\/p>\n","protected":false},"author":26,"featured_media":15052,"parent":3197,"menu_order":0,"comment_status":"closed","ping_status":"closed","template":"pagetpl-onecolumn.php","meta":{"footnotes":"","_links_to":"","_links_to_target":""},"class_list":["post-3206","page","type-page","status-publish","has-post-thumbnail","hentry"],"yoast_head":"<!-- This site is optimized with the Yoast SEO plugin v27.3 - https:\/\/yoast.com\/product\/yoast-seo-wordpress\/ -->\n<title>Impianti dinosauro - Dino Storm<\/title>\n<meta name=\"description\" content=\"Rimani un passo avanti rispetto alla concorrenza con la nostra biotecnologia ad alte prestazioni per il tuo dino. nPunge solo un pochino!\" \/>\n<meta name=\"robots\" content=\"index, follow, max-snippet:-1, max-image-preview:large, max-video-preview:-1\" \/>\n<link rel=\"canonical\" href=\"https:\/\/dinostorm.com\/it\/gioco\/impianti-dinosauro\/\" \/>\n<meta property=\"og:locale\" content=\"it_IT\" \/>\n<meta property=\"og:type\" content=\"article\" \/>\n<meta property=\"og:title\" content=\"Impianti dinosauro - Dino Storm\" \/>\n<meta property=\"og:description\" content=\"Rimani un passo avanti rispetto alla concorrenza con la nostra biotecnologia ad alte prestazioni per il tuo dino. nPunge solo un pochino!\" \/>\n<meta property=\"og:url\" content=\"https:\/\/dinostorm.com\/it\/gioco\/impianti-dinosauro\/\" \/>\n<meta property=\"og:site_name\" content=\"Dino Storm\" \/>\n<meta property=\"article:modified_time\" content=\"2021-07-09T12:44:42+00:00\" \/>\n<meta property=\"og:image\" content=\"https:\/\/dinostorm.com\/wp-content\/uploads\/2012\/09\/ds_jungle_01.jpg\" \/>\n\t<meta property=\"og:image:width\" content=\"1280\" \/>\n\t<meta property=\"og:image:height\" content=\"720\" \/>\n\t<meta property=\"og:image:type\" content=\"image\/jpeg\" \/>\n<meta name=\"twitter:label1\" content=\"Tempo di lettura stimato\" \/>\n\t<meta name=\"twitter:data1\" content=\"2 minuti\" \/>\n<script type=\"application\/ld+json\" class=\"yoast-schema-graph\">{\"@context\":\"https:\\\/\\\/schema.org\",\"@graph\":[{\"@type\":\"WebPage\",\"@id\":\"https:\\\/\\\/dinostorm.com\\\/it\\\/gioco\\\/impianti-dinosauro\\\/\",\"url\":\"https:\\\/\\\/dinostorm.com\\\/it\\\/gioco\\\/impianti-dinosauro\\\/\",\"name\":\"Impianti dinosauro - Dino Storm\",\"isPartOf\":{\"@id\":\"https:\\\/\\\/dinostorm.com\\\/it\\\/#website\"},\"primaryImageOfPage\":{\"@id\":\"https:\\\/\\\/dinostorm.com\\\/it\\\/gioco\\\/impianti-dinosauro\\\/#primaryimage\"},\"image\":{\"@id\":\"https:\\\/\\\/dinostorm.com\\\/it\\\/gioco\\\/impianti-dinosauro\\\/#primaryimage\"},\"thumbnailUrl\":\"https:\\\/\\\/dinostorm.com\\\/wp-content\\\/uploads\\\/2012\\\/09\\\/ds_jungle_01.jpg\",\"datePublished\":\"2012-10-18T07:18:05+00:00\",\"dateModified\":\"2021-07-09T12:44:42+00:00\",\"description\":\"Rimani un passo avanti rispetto alla concorrenza con la nostra biotecnologia ad alte prestazioni per il tuo dino. \\\\nPunge solo un pochino!\",\"breadcrumb\":{\"@id\":\"https:\\\/\\\/dinostorm.com\\\/it\\\/gioco\\\/impianti-dinosauro\\\/#breadcrumb\"},\"inLanguage\":\"it-IT\",\"potentialAction\":[{\"@type\":\"ReadAction\",\"target\":[\"https:\\\/\\\/dinostorm.com\\\/it\\\/gioco\\\/impianti-dinosauro\\\/\"]}]},{\"@type\":\"ImageObject\",\"inLanguage\":\"it-IT\",\"@id\":\"https:\\\/\\\/dinostorm.com\\\/it\\\/gioco\\\/impianti-dinosauro\\\/#primaryimage\",\"url\":\"https:\\\/\\\/dinostorm.com\\\/wp-content\\\/uploads\\\/2012\\\/09\\\/ds_jungle_01.jpg\",\"contentUrl\":\"https:\\\/\\\/dinostorm.com\\\/wp-content\\\/uploads\\\/2012\\\/09\\\/ds_jungle_01.jpg\",\"width\":1280,\"height\":720,\"caption\":\"Beware of dangerous bandits in Mokon Woods are everywhere.\"},{\"@type\":\"BreadcrumbList\",\"@id\":\"https:\\\/\\\/dinostorm.com\\\/it\\\/gioco\\\/impianti-dinosauro\\\/#breadcrumb\",\"itemListElement\":[{\"@type\":\"ListItem\",\"position\":1,\"name\":\"Home\",\"item\":\"https:\\\/\\\/dinostorm.com\\\/it\\\/\"},{\"@type\":\"ListItem\",\"position\":2,\"name\":\"Gioco\",\"item\":\"https:\\\/\\\/dinostorm.com\\\/it\\\/gioco\\\/\"},{\"@type\":\"ListItem\",\"position\":3,\"name\":\"Impianti dinosauro\"}]},{\"@type\":\"WebSite\",\"@id\":\"https:\\\/\\\/dinostorm.com\\\/it\\\/#website\",\"url\":\"https:\\\/\\\/dinostorm.com\\\/it\\\/\",\"name\":\"Dino Storm\",\"description\":\"\",\"potentialAction\":[{\"@type\":\"SearchAction\",\"target\":{\"@type\":\"EntryPoint\",\"urlTemplate\":\"https:\\\/\\\/dinostorm.com\\\/it\\\/?s={search_term_string}\"},\"query-input\":{\"@type\":\"PropertyValueSpecification\",\"valueRequired\":true,\"valueName\":\"search_term_string\"}}],\"inLanguage\":\"it-IT\"}]}<\/script>\n<!-- \/ Yoast SEO plugin. -->","yoast_head_json":{"title":"Impianti dinosauro - Dino Storm","description":"Rimani un passo avanti rispetto alla concorrenza con la nostra biotecnologia ad alte prestazioni per il tuo dino. nPunge solo un pochino!","robots":{"index":"index","follow":"follow","max-snippet":"max-snippet:-1","max-image-preview":"max-image-preview:large","max-video-preview":"max-video-preview:-1"},"canonical":"https:\/\/dinostorm.com\/it\/gioco\/impianti-dinosauro\/","og_locale":"it_IT","og_type":"article","og_title":"Impianti dinosauro - Dino Storm","og_description":"Rimani un passo avanti rispetto alla concorrenza con la nostra biotecnologia ad alte prestazioni per il tuo dino. nPunge solo un pochino!","og_url":"https:\/\/dinostorm.com\/it\/gioco\/impianti-dinosauro\/","og_site_name":"Dino Storm","article_modified_time":"2021-07-09T12:44:42+00:00","og_image":[{"width":1280,"height":720,"url":"https:\/\/dinostorm.com\/wp-content\/uploads\/2012\/09\/ds_jungle_01.jpg","type":"image\/jpeg"}],"twitter_misc":{"Tempo di lettura stimato":"2 minuti"},"schema":{"@context":"https:\/\/schema.org","@graph":[{"@type":"WebPage","@id":"https:\/\/dinostorm.com\/it\/gioco\/impianti-dinosauro\/","url":"https:\/\/dinostorm.com\/it\/gioco\/impianti-dinosauro\/","name":"Impianti dinosauro - Dino Storm","isPartOf":{"@id":"https:\/\/dinostorm.com\/it\/#website"},"primaryImageOfPage":{"@id":"https:\/\/dinostorm.com\/it\/gioco\/impianti-dinosauro\/#primaryimage"},"image":{"@id":"https:\/\/dinostorm.com\/it\/gioco\/impianti-dinosauro\/#primaryimage"},"thumbnailUrl":"https:\/\/dinostorm.com\/wp-content\/uploads\/2012\/09\/ds_jungle_01.jpg","datePublished":"2012-10-18T07:18:05+00:00","dateModified":"2021-07-09T12:44:42+00:00","description":"Rimani un passo avanti rispetto alla concorrenza con la nostra biotecnologia ad alte prestazioni per il tuo dino. \\nPunge solo un pochino!","breadcrumb":{"@id":"https:\/\/dinostorm.com\/it\/gioco\/impianti-dinosauro\/#breadcrumb"},"inLanguage":"it-IT","potentialAction":[{"@type":"ReadAction","target":["https:\/\/dinostorm.com\/it\/gioco\/impianti-dinosauro\/"]}]},{"@type":"ImageObject","inLanguage":"it-IT","@id":"https:\/\/dinostorm.com\/it\/gioco\/impianti-dinosauro\/#primaryimage","url":"https:\/\/dinostorm.com\/wp-content\/uploads\/2012\/09\/ds_jungle_01.jpg","contentUrl":"https:\/\/dinostorm.com\/wp-content\/uploads\/2012\/09\/ds_jungle_01.jpg","width":1280,"height":720,"caption":"Beware of dangerous bandits in Mokon Woods are everywhere."},{"@type":"BreadcrumbList","@id":"https:\/\/dinostorm.com\/it\/gioco\/impianti-dinosauro\/#breadcrumb","itemListElement":[{"@type":"ListItem","position":1,"name":"Home","item":"https:\/\/dinostorm.com\/it\/"},{"@type":"ListItem","position":2,"name":"Gioco","item":"https:\/\/dinostorm.com\/it\/gioco\/"},{"@type":"ListItem","position":3,"name":"Impianti dinosauro"}]},{"@type":"WebSite","@id":"https:\/\/dinostorm.com\/it\/#website","url":"https:\/\/dinostorm.com\/it\/","name":"Dino Storm","description":"","potentialAction":[{"@type":"SearchAction","target":{"@type":"EntryPoint","urlTemplate":"https:\/\/dinostorm.com\/it\/?s={search_term_string}"},"query-input":{"@type":"PropertyValueSpecification","valueRequired":true,"valueName":"search_term_string"}}],"inLanguage":"it-IT"}]}},"_links":{"self":[{"href":"https:\/\/dinostorm.com\/it\/wp-json\/wp\/v2\/pages\/3206","targetHints":{"allow":["GET"]}}],"collection":[{"href":"https:\/\/dinostorm.com\/it\/wp-json\/wp\/v2\/pages"}],"about":[{"href":"https:\/\/dinostorm.com\/it\/wp-json\/wp\/v2\/types\/page"}],"author":[{"embeddable":true,"href":"https:\/\/dinostorm.com\/it\/wp-json\/wp\/v2\/users\/26"}],"replies":[{"embeddable":true,"href":"https:\/\/dinostorm.com\/it\/wp-json\/wp\/v2\/comments?post=3206"}],"version-history":[{"count":4,"href":"https:\/\/dinostorm.com\/it\/wp-json\/wp\/v2\/pages\/3206\/revisions"}],"predecessor-version":[{"id":238457,"href":"https:\/\/dinostorm.com\/it\/wp-json\/wp\/v2\/pages\/3206\/revisions\/238457"}],"up":[{"embeddable":true,"href":"https:\/\/dinostorm.com\/it\/wp-json\/wp\/v2\/pages\/3197"}],"wp:featuredmedia":[{"embeddable":true,"href":"https:\/\/dinostorm.com\/it\/wp-json\/wp\/v2\/media\/15052"}],"wp:attachment":[{"href":"https:\/\/dinostorm.com\/it\/wp-json\/wp\/v2\/media?parent=3206"}],"curies":[{"name":"wp","href":"https:\/\/api.w.org\/{rel}","templated":true}]}}