{"id":8757,"date":"2013-08-21T14:00:33","date_gmt":"2013-08-21T12:00:33","guid":{"rendered":"http:\/\/dinostorm.com\/le-jeu\/profile"},"modified":"2018-02-01T15:00:48","modified_gmt":"2018-02-01T13:00:48","slug":"profil","status":"publish","type":"page","link":"https:\/\/dinostorm.com\/fr\/le-jeu\/profil\/","title":{"rendered":"Fen\u00eatre de profil"},"content":{"rendered":"<div class=\"teaser\"><\/div>\n<h1 class=\"headline_page width_350\"><span>Fen\u00eatre de profil<\/span><\/h1>\n<p class=\"back-button back-pos350\"><a class=\"back-block\" href=\"http:\/\/dinostorm.com\/fr\/le-jeu\/\">Retour<\/a><\/p>\n<div class=\"full\" style=\"margin-bottom: -64px;\">\n<p><img loading=\"lazy\" decoding=\"async\" class=\"wrapper_image_impl colorbox-8757\" alt=\"Fame: Dino Storm\" src=\"http:\/\/dinostorm.com\/wp-content\/uploads\/2014\/05\/fame-dude.png\" width=\"225\" height=\"140\" \/><\/p>\n<div class=\"wrapper_impl\">\n<p class=\"text-impl\">Tout arrive ensemble dans le Profil Puissant.<br \/>\nTous votre \u00e9quipement, \u00e0 n&rsquo;importe quel moment.<\/p>\n<\/div>\n<\/div>\n<h2 style=\"clear: both; font-size: 27px; padding-top: 20px; margin-left: 39px;\">Profil du Ranger<\/h2>\n<div style=\"margin-left: 46px; float: left; width: 231px; text-align: left;\">\n<div style=\"padding-top: 14px; color: #e18003; font-size: 18px; text-indent: -7px; float: left;\">\u2780<\/div>\n<h3 style=\"padding-left: 17px; color: #888888; line-height: 19px; font-size: 16px;\">Choisissez parmi des douzaines d&rsquo;items \u00e0 la mode afin d&rsquo;am\u00e9liorer l&rsquo;apparence de votre Ranger et devenir encore plus c\u00e9l\u00e8bre.<\/h3>\n<div style=\"padding-top: -3px; color: #e18003; font-size: 18px; text-indent: -7px; float: left;\">\u2781<\/div>\n<h3 style=\"padding-top: 2px; padding-left: 17px; color: #808080; line-height: 19px; font-size: 16px;\">Les raccourcis d&rsquo;acc\u00e8s vous permettent d&rsquo;afficher rapidement votre dinosaure et votre Pistolet actuel<\/h3>\n<div style=\"padding-top: -3px; color: #e18003; font-size: 18px; text-indent: -7px; float: left;\">\u2782<\/div>\n<h3 style=\"padding-top: 2px; padding-left: 17px; color: #737373; line-height: 19px; font-size: 16px;\">Affichez les d\u00e9tails de votre Ranger comme son niveau actuel, sa c\u00f4te de popularit\u00e9, son titre et appartenance \u00e0 un clan.<\/h3>\n<div style=\"padding-top: -3px; color: #e18003; font-size: 18px; text-indent: -7px; float: left;\">\u2783<\/div>\n<h3 style=\"padding-top: 2px; padding-left: 17px; color: #737373; line-height: 19px; font-size: 16px;\">Examinez votre Ranger avec la vue 3D int\u00e9gr\u00e9e.<\/h3>\n<\/div>\n<p><img loading=\"lazy\" decoding=\"async\" class=\"alignright size-full wp-image-8734 colorbox-8757\" style=\"margin-top: -77px; margin-right: 46px;\" alt=\"Dino Storm \u2013 Profil du Ranger\" src=\"http:\/\/dinostorm.com\/wp-content\/uploads\/2014\/05\/dino.storm_.ranger.profile.png\" width=\"612\" height=\"430\" srcset=\"https:\/\/dinostorm.com\/wp-content\/uploads\/2014\/05\/dino.storm_.ranger.profile.png 612w, https:\/\/dinostorm.com\/wp-content\/uploads\/2014\/05\/dino.storm_.ranger.profile-300x211.png 300w\" sizes=\"auto, (max-width: 612px) 100vw, 612px\" \/><\/p>\n<h2 style=\"clear: both; font-size: 25px; padding-top: 20px; margin-right: 46px; text-align: right;\">Profils du Dinosaure &amp; du Pistolet<\/h2>\n<p><img loading=\"lazy\" decoding=\"async\" class=\"alignleft size-full wp-image-8733 colorbox-8757\" style=\"margin-top: -37px; margin-left: 46px;\" alt=\"Dino Storm \u2013 Profils du Dinosaure &amp; du Pistolet\" src=\"http:\/\/dinostorm.com\/wp-content\/uploads\/2014\/05\/dino.storm_.dino_.profile.jpg\" width=\"612\" height=\"440\" srcset=\"https:\/\/dinostorm.com\/wp-content\/uploads\/2014\/05\/dino.storm_.dino_.profile.jpg 612w, https:\/\/dinostorm.com\/wp-content\/uploads\/2014\/05\/dino.storm_.dino_.profile-300x216.jpg 300w\" sizes=\"auto, (max-width: 612px) 100vw, 612px\" \/><\/p>\n<div style=\"margin-right: 46px; float: right; width: 231px; text-align: left;\">\n<div style=\"padding-top: 14px; color: #e18003; font-size: 18px; text-indent: -7px; float: left;\">\u2780<\/div>\n<h3 style=\"padding-left: 17px; color: #737373; line-height: 19px; font-size: 16px;\">Basculez entre tous vos dinos, vos pistolets et vos modules avec facilit\u00e9.<\/h3>\n<div style=\"padding-top: -3px; color: #e18003; font-size: 18px; text-indent: -7px; float: left;\">\u2781<\/div>\n<h3 style=\"padding-top: 2px; padding-left: 17px; color: #737373; line-height: 19px; font-size: 16px;\">G\u00e9rez et comparez tout votre mat\u00e9riel, m\u00eame avec les items non encore d\u00e9bloqu\u00e9s.<\/h3>\n<div style=\"padding-top: -3px; color: #e18003; font-size: 18px; text-indent: -7px; float: left;\">\u2782<\/div>\n<h3 style=\"padding-top: 2px; padding-left: 17px; color: #737373; line-height: 19px; font-size: 16px;\">inspectez les comp\u00e9tences au comba de vos dinosaures et de vos pistolets.<\/h3>\n<div style=\"padding-top: -3px; color: #e18003; font-size: 18px; text-indent: -7px; float: left;\">\u2783<\/div>\n<h3 style=\"padding-top: 2px; padding-left: 17px; color: #737373; line-height: 19px; font-size: 16px;\">Am\u00e9liorez vos dinosaures et vos armes avec de puissants modules.<\/h3>\n<div style=\"padding-top: -3px; color: #e18003; font-size: 18px; text-indent: -7px; float: left;\">\u2784<\/div>\n<h3 style=\"padding-top: 2px; padding-left: 17px; color: #737373; line-height: 19px; font-size: 16px;\">Organisez directement la mise \u00e0 niveau du mat\u00e9riel d\u00e9j\u00e0 install\u00e9 &#8211; Basculez uniquement en vue de mise \u00e0 niveau.<\/h3>\n<\/div>\n<h2 style=\"clear: both; font-size: 27px; padding-top: 20px; margin-left: 39px;\">Aper\u00e7u de la mise \u00e0 niveau<\/h2>\n<div style=\"margin-left: 46px; float: left; width: 231px; text-align: left;\">\n<div style=\"padding-top: 14px; color: #e18003; font-size: 18px; text-indent: -7px; float: left;\">\u2780<\/div>\n<h3 style=\"padding-left: 17px; color: #737373; line-height: 19px; font-size: 16px;\">Parcourrez la liste des n\u00e9cessit\u00e9s pour la mise \u00e0 niveau en cours. Cliquez sur le bouton + \u00e0 c\u00f4t\u00e9 de chaque items pour apprendre o\u00f9 les chercher et les trouver.<\/h3>\n<div style=\"padding-top: -3px; color: #e18003; font-size: 18px; text-indent: -7px; float: left;\">\u2781<\/div>\n<h3 style=\"padding-top: 2px; padding-left: 17px; color: #737373; line-height: 19px; font-size: 16px;\">Regardez la valeur des items am\u00e9lior\u00e9s par la derni\u00e8re mise \u00e0 niveau effectu\u00e9e.<\/h3>\n<div style=\"padding-top: -3px; color: #e18003; font-size: 18px; text-indent: -7px; float: left;\">\u2782<\/div>\n<h3 style=\"padding-top: 2px; padding-left: 17px; color: #737373; line-height: 19px; font-size: 16px;\">D\u00e9butez le processus de mise \u00e0 niveau m\u00eame si vous ne poss\u00e9dez pas tous les ingr\u00e9dients ; les items manquants pourront \u00eatre achet\u00e9s \u00e0 la vol\u00e9e.<\/h3>\n<\/div>\n<p><img loading=\"lazy\" decoding=\"async\" class=\"alignright size-full wp-image-8735 colorbox-8757\" style=\"margin-top: -57px; margin-right: 46px;\" alt=\"Dino Storm \u2013 Aper\u00e7u de la mise \u00e0 niveau\" src=\"http:\/\/dinostorm.com\/wp-content\/uploads\/2014\/05\/dino.storm_.upgrade.window.jpg\" width=\"612\" height=\"440\" srcset=\"https:\/\/dinostorm.com\/wp-content\/uploads\/2014\/05\/dino.storm_.upgrade.window.jpg 612w, https:\/\/dinostorm.com\/wp-content\/uploads\/2014\/05\/dino.storm_.upgrade.window-300x216.jpg 300w\" sizes=\"auto, (max-width: 612px) 100vw, 612px\" \/><\/p>\n<div class=\"full\"><img decoding=\"async\" class=\"hr3 colorbox-8757\" alt=\"separator dino storm\" src=\"\/wp-content\/themes\/arras\/images\/dinostorm\/seperator_big.png\" \/><\/div>\n","protected":false},"excerpt":{"rendered":"<p>Fen\u00eatre de profil Retour Tout arrive ensemble dans le Profil Puissant. Tous votre \u00e9quipement, \u00e0 n&rsquo;importe quel moment. Profil du Ranger \u2780 Choisissez parmi des douzaines d&rsquo;items \u00e0 la mode afin d&rsquo;am\u00e9liorer l&rsquo;apparence de votre [&hellip;]<\/p>\n","protected":false},"author":10,"featured_media":-1,"parent":4941,"menu_order":0,"comment_status":"closed","ping_status":"closed","template":"pagetpl-onecolumn.php","meta":{"footnotes":"","_links_to":"","_links_to_target":""},"class_list":["post-8757","page","type-page","status-publish","has-post-thumbnail","hentry"],"yoast_head":"<!-- This site is optimized with the Yoast SEO plugin v27.3 - https:\/\/yoast.com\/product\/yoast-seo-wordpress\/ -->\n<title>Fen\u00eatre de profil - DinoStorm<\/title>\n<meta name=\"description\" content=\"Tout arrive ensemble dans le Profil Puissant.nTous votre \u00e9quipement, \u00e0 n&#039;importe quel moment.\" \/>\n<meta name=\"robots\" content=\"index, follow, max-snippet:-1, max-image-preview:large, max-video-preview:-1\" \/>\n<link rel=\"canonical\" href=\"https:\/\/dinostorm.com\/fr\/le-jeu\/profil\/\" \/>\n<meta property=\"og:locale\" content=\"fr_FR\" \/>\n<meta property=\"og:type\" content=\"article\" \/>\n<meta property=\"og:title\" content=\"Fen\u00eatre de profil - DinoStorm\" \/>\n<meta property=\"og:description\" content=\"Tout arrive ensemble dans le Profil Puissant.nTous votre \u00e9quipement, \u00e0 n&#039;importe quel moment.\" \/>\n<meta property=\"og:url\" content=\"https:\/\/dinostorm.com\/fr\/le-jeu\/profil\/\" \/>\n<meta property=\"og:site_name\" content=\"DinoStorm\" \/>\n<meta property=\"article:modified_time\" content=\"2018-02-01T13:00:48+00:00\" \/>\n<meta name=\"twitter:label1\" content=\"Dur\u00e9e de lecture estim\u00e9e\" \/>\n\t<meta name=\"twitter:data1\" content=\"1 minute\" \/>\n<script type=\"application\/ld+json\" class=\"yoast-schema-graph\">{\"@context\":\"https:\\\/\\\/schema.org\",\"@graph\":[{\"@type\":\"WebPage\",\"@id\":\"https:\\\/\\\/dinostorm.com\\\/fr\\\/le-jeu\\\/profil\\\/\",\"url\":\"https:\\\/\\\/dinostorm.com\\\/fr\\\/le-jeu\\\/profil\\\/\",\"name\":\"Fen\u00eatre de profil - DinoStorm\",\"isPartOf\":{\"@id\":\"https:\\\/\\\/dinostorm.com\\\/fr\\\/#website\"},\"primaryImageOfPage\":{\"@id\":\"https:\\\/\\\/dinostorm.com\\\/fr\\\/le-jeu\\\/profil\\\/#primaryimage\"},\"image\":{\"@id\":\"https:\\\/\\\/dinostorm.com\\\/fr\\\/le-jeu\\\/profil\\\/#primaryimage\"},\"thumbnailUrl\":\"http:\\\/\\\/dinostorm.com\\\/wp-content\\\/uploads\\\/2014\\\/05\\\/fame-dude.png\",\"datePublished\":\"2013-08-21T12:00:33+00:00\",\"dateModified\":\"2018-02-01T13:00:48+00:00\",\"description\":\"Tout arrive ensemble dans le Profil Puissant.nTous votre \u00e9quipement, \u00e0 n'importe quel moment.\",\"breadcrumb\":{\"@id\":\"https:\\\/\\\/dinostorm.com\\\/fr\\\/le-jeu\\\/profil\\\/#breadcrumb\"},\"inLanguage\":\"fr-FR\",\"potentialAction\":[{\"@type\":\"ReadAction\",\"target\":[\"https:\\\/\\\/dinostorm.com\\\/fr\\\/le-jeu\\\/profil\\\/\"]}]},{\"@type\":\"ImageObject\",\"inLanguage\":\"fr-FR\",\"@id\":\"https:\\\/\\\/dinostorm.com\\\/fr\\\/le-jeu\\\/profil\\\/#primaryimage\",\"url\":\"http:\\\/\\\/dinostorm.com\\\/wp-content\\\/uploads\\\/2014\\\/05\\\/fame-dude.png\",\"contentUrl\":\"http:\\\/\\\/dinostorm.com\\\/wp-content\\\/uploads\\\/2014\\\/05\\\/fame-dude.png\"},{\"@type\":\"BreadcrumbList\",\"@id\":\"https:\\\/\\\/dinostorm.com\\\/fr\\\/le-jeu\\\/profil\\\/#breadcrumb\",\"itemListElement\":[{\"@type\":\"ListItem\",\"position\":1,\"name\":\"Home\",\"item\":\"https:\\\/\\\/dinostorm.com\\\/fr\\\/\"},{\"@type\":\"ListItem\",\"position\":2,\"name\":\"Le jeu\",\"item\":\"https:\\\/\\\/dinostorm.com\\\/fr\\\/le-jeu\\\/\"},{\"@type\":\"ListItem\",\"position\":3,\"name\":\"Fen\u00eatre de profil\"}]},{\"@type\":\"WebSite\",\"@id\":\"https:\\\/\\\/dinostorm.com\\\/fr\\\/#website\",\"url\":\"https:\\\/\\\/dinostorm.com\\\/fr\\\/\",\"name\":\"DinoStorm\",\"description\":\"\",\"potentialAction\":[{\"@type\":\"SearchAction\",\"target\":{\"@type\":\"EntryPoint\",\"urlTemplate\":\"https:\\\/\\\/dinostorm.com\\\/fr\\\/?s={search_term_string}\"},\"query-input\":{\"@type\":\"PropertyValueSpecification\",\"valueRequired\":true,\"valueName\":\"search_term_string\"}}],\"inLanguage\":\"fr-FR\"}]}<\/script>\n<!-- \/ Yoast SEO plugin. -->","yoast_head_json":{"title":"Fen\u00eatre de profil - DinoStorm","description":"Tout arrive ensemble dans le Profil Puissant.nTous votre \u00e9quipement, \u00e0 n'importe quel moment.","robots":{"index":"index","follow":"follow","max-snippet":"max-snippet:-1","max-image-preview":"max-image-preview:large","max-video-preview":"max-video-preview:-1"},"canonical":"https:\/\/dinostorm.com\/fr\/le-jeu\/profil\/","og_locale":"fr_FR","og_type":"article","og_title":"Fen\u00eatre de profil - DinoStorm","og_description":"Tout arrive ensemble dans le Profil Puissant.nTous votre \u00e9quipement, \u00e0 n'importe quel moment.","og_url":"https:\/\/dinostorm.com\/fr\/le-jeu\/profil\/","og_site_name":"DinoStorm","article_modified_time":"2018-02-01T13:00:48+00:00","twitter_misc":{"Dur\u00e9e de lecture estim\u00e9e":"1 minute"},"schema":{"@context":"https:\/\/schema.org","@graph":[{"@type":"WebPage","@id":"https:\/\/dinostorm.com\/fr\/le-jeu\/profil\/","url":"https:\/\/dinostorm.com\/fr\/le-jeu\/profil\/","name":"Fen\u00eatre de profil - DinoStorm","isPartOf":{"@id":"https:\/\/dinostorm.com\/fr\/#website"},"primaryImageOfPage":{"@id":"https:\/\/dinostorm.com\/fr\/le-jeu\/profil\/#primaryimage"},"image":{"@id":"https:\/\/dinostorm.com\/fr\/le-jeu\/profil\/#primaryimage"},"thumbnailUrl":"http:\/\/dinostorm.com\/wp-content\/uploads\/2014\/05\/fame-dude.png","datePublished":"2013-08-21T12:00:33+00:00","dateModified":"2018-02-01T13:00:48+00:00","description":"Tout arrive ensemble dans le Profil Puissant.nTous votre \u00e9quipement, \u00e0 n'importe quel moment.","breadcrumb":{"@id":"https:\/\/dinostorm.com\/fr\/le-jeu\/profil\/#breadcrumb"},"inLanguage":"fr-FR","potentialAction":[{"@type":"ReadAction","target":["https:\/\/dinostorm.com\/fr\/le-jeu\/profil\/"]}]},{"@type":"ImageObject","inLanguage":"fr-FR","@id":"https:\/\/dinostorm.com\/fr\/le-jeu\/profil\/#primaryimage","url":"http:\/\/dinostorm.com\/wp-content\/uploads\/2014\/05\/fame-dude.png","contentUrl":"http:\/\/dinostorm.com\/wp-content\/uploads\/2014\/05\/fame-dude.png"},{"@type":"BreadcrumbList","@id":"https:\/\/dinostorm.com\/fr\/le-jeu\/profil\/#breadcrumb","itemListElement":[{"@type":"ListItem","position":1,"name":"Home","item":"https:\/\/dinostorm.com\/fr\/"},{"@type":"ListItem","position":2,"name":"Le jeu","item":"https:\/\/dinostorm.com\/fr\/le-jeu\/"},{"@type":"ListItem","position":3,"name":"Fen\u00eatre de profil"}]},{"@type":"WebSite","@id":"https:\/\/dinostorm.com\/fr\/#website","url":"https:\/\/dinostorm.com\/fr\/","name":"DinoStorm","description":"","potentialAction":[{"@type":"SearchAction","target":{"@type":"EntryPoint","urlTemplate":"https:\/\/dinostorm.com\/fr\/?s={search_term_string}"},"query-input":{"@type":"PropertyValueSpecification","valueRequired":true,"valueName":"search_term_string"}}],"inLanguage":"fr-FR"}]}},"_links":{"self":[{"href":"https:\/\/dinostorm.com\/fr\/wp-json\/wp\/v2\/pages\/8757","targetHints":{"allow":["GET"]}}],"collection":[{"href":"https:\/\/dinostorm.com\/fr\/wp-json\/wp\/v2\/pages"}],"about":[{"href":"https:\/\/dinostorm.com\/fr\/wp-json\/wp\/v2\/types\/page"}],"author":[{"embeddable":true,"href":"https:\/\/dinostorm.com\/fr\/wp-json\/wp\/v2\/users\/10"}],"replies":[{"embeddable":true,"href":"https:\/\/dinostorm.com\/fr\/wp-json\/wp\/v2\/comments?post=8757"}],"version-history":[{"count":0,"href":"https:\/\/dinostorm.com\/fr\/wp-json\/wp\/v2\/pages\/8757\/revisions"}],"up":[{"embeddable":true,"href":"https:\/\/dinostorm.com\/fr\/wp-json\/wp\/v2\/pages\/4941"}],"wp:featuredmedia":[{"embeddable":true,"href":"https:\/\/dinostorm.com\/fr\/wp-json\/"}],"wp:attachment":[{"href":"https:\/\/dinostorm.com\/fr\/wp-json\/wp\/v2\/media?parent=8757"}],"curies":[{"name":"wp","href":"https:\/\/api.w.org\/{rel}","templated":true}]}}