{"id":8739,"date":"2013-08-21T13:00:14","date_gmt":"2013-08-21T11:00:14","guid":{"rendered":"http:\/\/dinostorm.com\/le-jeu\/fame"},"modified":"2014-02-18T18:56:06","modified_gmt":"2014-02-18T16:56:06","slug":"renommee","status":"publish","type":"page","link":"https:\/\/dinostorm.com\/fr\/le-jeu\/renommee\/","title":{"rendered":"Renomm\u00e9e"},"content":{"rendered":"<div class=\"teaser\"><\/div>\n<h1 class=\"headline_page width_350\"><span>Votre Renomm\u00e9e<\/span><\/h1>\n<p class=\"back-button back-pos350\"><a class=\"back-block\" href=\"\/fr\/le-jeu#overview\">Retour<\/a><\/p>\n<div class=\"full\">\n<p><img loading=\"lazy\" decoding=\"async\" class=\"wrapper_image_impl colorbox-8739\" alt=\"Fame: Dino Storm\" src=\"http:\/\/dinostorm.com\/wp-content\/uploads\/2014\/05\/fame-dude.png\" width=\"225\" height=\"140\" \/><\/p>\n<div class=\"wrapper_impl\">\n<p class=\"text-impl\">Continuez d&rsquo;accroitre votre Renomm\u00e9e jusqu&rsquo;\u00e0 devenir le plus grand h\u00e9ro de la ville : Le Sh\u00e9rif de Dinoville !<\/p>\n<\/div>\n<\/div>\n<div class=\"wrapper_dinolex\" style=\"float: left; width: 414px; max-height: 220px; margin-left: 40px; margin-right: 10px;\">\n<p><img loading=\"lazy\" decoding=\"async\" class=\"alignnone size-full wp-image-8725 colorbox-8739\" style=\"float: left; margin-right: 21px;\" alt=\"Dino Storm \u2013 Qu'est-ce que la Renomm\u00e9e ?\" src=\"http:\/\/dinostorm.com\/wp-content\/uploads\/2014\/05\/dino.storm_.what_.is_.fame_.png\" width=\"140\" height=\"140\" srcset=\"https:\/\/dinostorm.com\/wp-content\/uploads\/2014\/05\/dino.storm_.what_.is_.fame_.png 140w, https:\/\/dinostorm.com\/wp-content\/uploads\/2014\/05\/dino.storm_.what_.is_.fame_-36x36.png 36w\" sizes=\"auto, (max-width: 140px) 100vw, 140px\" \/><\/p>\n<h3 style=\"margin-bottom: 6px; margin-top: -24px; font-size: 17px;\">Qu&rsquo;est-ce que la Renomm\u00e9e ?<\/h3>\n<p><span style=\"line-height: 17px;\">La Renomm\u00e9e est la ran\u00e7on de l&rsquo;Honneur et de la Gloire \u00e0 Dinoville. Montrez \u00e0 tous \u00e0 quel point vous \u00eates honorable, important(e) et c\u00e9l\u00e8bre !<\/span><\/p>\n<\/div>\n<div class=\"wrapper_dinolex\" style=\"width: 414px; max-height: 220px;\">\n<p><img loading=\"lazy\" decoding=\"async\" class=\"alignnone size-full wp-image-8724 colorbox-8739\" style=\"float: left; margin-right: 21px;\" alt=\"Dino Storm \u2013 Comment puis-je obtenir de la Renomm\u00e9e ?\" src=\"http:\/\/dinostorm.com\/wp-content\/uploads\/2014\/05\/dino.storm_.how_.do_.i.earn_.fame_.png\" width=\"140\" height=\"140\" srcset=\"https:\/\/dinostorm.com\/wp-content\/uploads\/2014\/05\/dino.storm_.how_.do_.i.earn_.fame_.png 140w, https:\/\/dinostorm.com\/wp-content\/uploads\/2014\/05\/dino.storm_.how_.do_.i.earn_.fame_-36x36.png 36w\" sizes=\"auto, (max-width: 140px) 100vw, 140px\" \/><\/p>\n<h3 style=\"margin-bottom: 6px; margin-top: -24px; font-size: 15px;\">Comment puis-je obtenir de la Renomm\u00e9e ?<\/h3>\n<p><span style=\"line-height: 17px;\">Gagnez de la Renomm\u00e9e en portant des items \u00e0 la mode, offrant un bonus quotidien. Achevez des succ\u00e8s pour vous octroyer \u00e9galement de la Renomm\u00e9e. Exploitez les Camps de R\u00e9surrection, les Portes de T\u00e9l\u00e9-<br \/>\nportation ou les Bureaux de R\u00e9clamations qui produiront des items que vous pourrez marchander pour votre Renomm\u00e9e.<\/span><\/p>\n<\/div>\n<div class=\"wrapper_dinolex\" style=\"float: left; width: 414px; max-height: 160px; margin-left: 40px; margin-right: 10px;\">\n<p><img loading=\"lazy\" decoding=\"async\" class=\"alignnone size-full wp-image-8723 colorbox-8739\" style=\"float: left; margin-right: 21px;\" alt=\"Dino Storm \u2013 Pourquoi ma Renomm\u00e9e descend-elle ?\" src=\"http:\/\/dinostorm.com\/wp-content\/uploads\/2014\/05\/dino.storm_.why_.am_.i.losing.fame_.png\" width=\"140\" height=\"140\" srcset=\"https:\/\/dinostorm.com\/wp-content\/uploads\/2014\/05\/dino.storm_.why_.am_.i.losing.fame_.png 140w, https:\/\/dinostorm.com\/wp-content\/uploads\/2014\/05\/dino.storm_.why_.am_.i.losing.fame_-36x36.png 36w\" sizes=\"auto, (max-width: 140px) 100vw, 140px\" \/><\/p>\n<h3 style=\"margin-bottom: 6px; margin-top: -24px; font-size: 17px;\">Pourquoi ma Renomm\u00e9e descend-elle ?<\/h3>\n<p><span style=\"line-height: 17px;\">La Renomm\u00e9e est une vertu \u00e9ph\u00e9m\u00e8re et chacun perd un peu de gloire chaque jour. Plus vous gagnez de la Renomm\u00e9e, plus vous en perdrez. Vous devrez travailler dur pour compenser cette perte et continuer d&rsquo;\u00eatre de plus en plus c\u00e9l\u00e8bre !<\/span><\/p>\n<\/div>\n<div class=\"wrapper_dinolex\" style=\"width: 414px; max-height: 160px;\">\n<p><img loading=\"lazy\" decoding=\"async\" class=\"alignnone size-full wp-image-8722 colorbox-8739\" style=\"float: left; margin-right: 21px;\" alt=\"Dino Storm \u2013 Que puis-je faire avec la Renomm\u00e9e ?\" src=\"http:\/\/dinostorm.com\/wp-content\/uploads\/2014\/05\/dino.storm_.what_.can_.i.do_.with_.fame_.png\" width=\"140\" height=\"140\" srcset=\"https:\/\/dinostorm.com\/wp-content\/uploads\/2014\/05\/dino.storm_.what_.can_.i.do_.with_.fame_.png 140w, https:\/\/dinostorm.com\/wp-content\/uploads\/2014\/05\/dino.storm_.what_.can_.i.do_.with_.fame_-36x36.png 36w\" sizes=\"auto, (max-width: 140px) 100vw, 140px\" \/><\/p>\n<h3 style=\"margin-bottom: 6px; margin-top: -24px; font-size: 17px;\">Que puis-je faire avec la Renomm\u00e9e ?<\/h3>\n<p><span style=\"line-height: 17px;\">Les \u00e9lections \u00e0 la Mairie sont dict\u00e9es par la Renomm\u00e9e : le candidat le plus c\u00e9l\u00e8bre \u00e0 un poste remporte le si\u00e8ge. Et c&rsquo;est uniquement en obtenant le si\u00e8ge de Sh\u00e9rif que vous d\u00e9bloquerez le T-Rex !<\/span><\/p>\n<\/div>\n<div class=\"full\"><img decoding=\"async\" class=\"hr3 colorbox-8739\" alt=\"separator dino storm\" src=\"\/wp-content\/themes\/arras\/images\/dinostorm\/seperator_big.png\" \/><\/div>\n","protected":false},"excerpt":{"rendered":"<p>Votre Renomm\u00e9e Retour Continuez d&rsquo;accroitre votre Renomm\u00e9e jusqu&rsquo;\u00e0 devenir le plus grand h\u00e9ro de la ville : Le Sh\u00e9rif de Dinoville ! Qu&rsquo;est-ce que la Renomm\u00e9e ? La Renomm\u00e9e est la ran\u00e7on de l&rsquo;Honneur et [&hellip;]<\/p>\n","protected":false},"author":10,"featured_media":-1,"parent":4941,"menu_order":0,"comment_status":"closed","ping_status":"closed","template":"pagetpl-onecolumn.php","meta":{"footnotes":"","_links_to":"","_links_to_target":""},"class_list":["post-8739","page","type-page","status-publish","has-post-thumbnail","hentry"],"yoast_head":"<!-- This site is optimized with the Yoast SEO plugin v27.4 - https:\/\/yoast.com\/product\/yoast-seo-wordpress\/ -->\n<title>Votre Renomm\u00e9e - Dino Storm<\/title>\n<meta name=\"description\" content=\"Continuez d&#039;accroitre votre Renomm\u00e9e jusqu&#039;\u00e0 devenir le plus grand h\u00e9ro de la ville : Le Sh\u00e9rif de Dinoville !\" \/>\n<meta name=\"robots\" content=\"index, follow, max-snippet:-1, max-image-preview:large, max-video-preview:-1\" \/>\n<link rel=\"canonical\" href=\"https:\/\/dinostorm.com\/fr\/le-jeu\/renommee\/\" \/>\n<meta property=\"og:locale\" content=\"fr_FR\" \/>\n<meta property=\"og:type\" content=\"article\" \/>\n<meta property=\"og:title\" content=\"Votre Renomm\u00e9e - Dino Storm\" \/>\n<meta property=\"og:description\" content=\"Continuez d&#039;accroitre votre Renomm\u00e9e jusqu&#039;\u00e0 devenir le plus grand h\u00e9ro de la ville : Le Sh\u00e9rif de Dinoville !\" \/>\n<meta property=\"og:url\" content=\"https:\/\/dinostorm.com\/fr\/le-jeu\/renommee\/\" \/>\n<meta property=\"og:site_name\" content=\"DinoStorm\" \/>\n<meta property=\"article:modified_time\" content=\"2014-02-18T16:56:06+00:00\" \/>\n<meta name=\"twitter:label1\" content=\"Dur\u00e9e de lecture estim\u00e9e\" \/>\n\t<meta name=\"twitter:data1\" content=\"1 minute\" \/>\n<script type=\"application\/ld+json\" class=\"yoast-schema-graph\">{\"@context\":\"https:\\\/\\\/schema.org\",\"@graph\":[{\"@type\":\"WebPage\",\"@id\":\"https:\\\/\\\/dinostorm.com\\\/fr\\\/le-jeu\\\/renommee\\\/\",\"url\":\"https:\\\/\\\/dinostorm.com\\\/fr\\\/le-jeu\\\/renommee\\\/\",\"name\":\"Votre Renomm\u00e9e - Dino Storm\",\"isPartOf\":{\"@id\":\"https:\\\/\\\/dinostorm.com\\\/fr\\\/#website\"},\"primaryImageOfPage\":{\"@id\":\"https:\\\/\\\/dinostorm.com\\\/fr\\\/le-jeu\\\/renommee\\\/#primaryimage\"},\"image\":{\"@id\":\"https:\\\/\\\/dinostorm.com\\\/fr\\\/le-jeu\\\/renommee\\\/#primaryimage\"},\"thumbnailUrl\":\"http:\\\/\\\/dinostorm.com\\\/wp-content\\\/uploads\\\/2014\\\/05\\\/fame-dude.png\",\"datePublished\":\"2013-08-21T11:00:14+00:00\",\"dateModified\":\"2014-02-18T16:56:06+00:00\",\"description\":\"Continuez d'accroitre votre Renomm\u00e9e jusqu'\u00e0 devenir le plus grand h\u00e9ro de la ville : Le Sh\u00e9rif de Dinoville !\",\"breadcrumb\":{\"@id\":\"https:\\\/\\\/dinostorm.com\\\/fr\\\/le-jeu\\\/renommee\\\/#breadcrumb\"},\"inLanguage\":\"fr-FR\",\"potentialAction\":[{\"@type\":\"ReadAction\",\"target\":[\"https:\\\/\\\/dinostorm.com\\\/fr\\\/le-jeu\\\/renommee\\\/\"]}]},{\"@type\":\"ImageObject\",\"inLanguage\":\"fr-FR\",\"@id\":\"https:\\\/\\\/dinostorm.com\\\/fr\\\/le-jeu\\\/renommee\\\/#primaryimage\",\"url\":\"http:\\\/\\\/dinostorm.com\\\/wp-content\\\/uploads\\\/2014\\\/05\\\/fame-dude.png\",\"contentUrl\":\"http:\\\/\\\/dinostorm.com\\\/wp-content\\\/uploads\\\/2014\\\/05\\\/fame-dude.png\"},{\"@type\":\"BreadcrumbList\",\"@id\":\"https:\\\/\\\/dinostorm.com\\\/fr\\\/le-jeu\\\/renommee\\\/#breadcrumb\",\"itemListElement\":[{\"@type\":\"ListItem\",\"position\":1,\"name\":\"Home\",\"item\":\"https:\\\/\\\/dinostorm.com\\\/fr\\\/\"},{\"@type\":\"ListItem\",\"position\":2,\"name\":\"Le jeu\",\"item\":\"https:\\\/\\\/dinostorm.com\\\/fr\\\/le-jeu\\\/\"},{\"@type\":\"ListItem\",\"position\":3,\"name\":\"Renomm\u00e9e\"}]},{\"@type\":\"WebSite\",\"@id\":\"https:\\\/\\\/dinostorm.com\\\/fr\\\/#website\",\"url\":\"https:\\\/\\\/dinostorm.com\\\/fr\\\/\",\"name\":\"DinoStorm\",\"description\":\"\",\"potentialAction\":[{\"@type\":\"SearchAction\",\"target\":{\"@type\":\"EntryPoint\",\"urlTemplate\":\"https:\\\/\\\/dinostorm.com\\\/fr\\\/?s={search_term_string}\"},\"query-input\":{\"@type\":\"PropertyValueSpecification\",\"valueRequired\":true,\"valueName\":\"search_term_string\"}}],\"inLanguage\":\"fr-FR\"}]}<\/script>\n<!-- \/ Yoast SEO plugin. -->","yoast_head_json":{"title":"Votre Renomm\u00e9e - Dino Storm","description":"Continuez d'accroitre votre Renomm\u00e9e jusqu'\u00e0 devenir le plus grand h\u00e9ro de la ville : Le Sh\u00e9rif de Dinoville !","robots":{"index":"index","follow":"follow","max-snippet":"max-snippet:-1","max-image-preview":"max-image-preview:large","max-video-preview":"max-video-preview:-1"},"canonical":"https:\/\/dinostorm.com\/fr\/le-jeu\/renommee\/","og_locale":"fr_FR","og_type":"article","og_title":"Votre Renomm\u00e9e - Dino Storm","og_description":"Continuez d'accroitre votre Renomm\u00e9e jusqu'\u00e0 devenir le plus grand h\u00e9ro de la ville : Le Sh\u00e9rif de Dinoville !","og_url":"https:\/\/dinostorm.com\/fr\/le-jeu\/renommee\/","og_site_name":"DinoStorm","article_modified_time":"2014-02-18T16:56:06+00:00","twitter_misc":{"Dur\u00e9e de lecture estim\u00e9e":"1 minute"},"schema":{"@context":"https:\/\/schema.org","@graph":[{"@type":"WebPage","@id":"https:\/\/dinostorm.com\/fr\/le-jeu\/renommee\/","url":"https:\/\/dinostorm.com\/fr\/le-jeu\/renommee\/","name":"Votre Renomm\u00e9e - Dino Storm","isPartOf":{"@id":"https:\/\/dinostorm.com\/fr\/#website"},"primaryImageOfPage":{"@id":"https:\/\/dinostorm.com\/fr\/le-jeu\/renommee\/#primaryimage"},"image":{"@id":"https:\/\/dinostorm.com\/fr\/le-jeu\/renommee\/#primaryimage"},"thumbnailUrl":"http:\/\/dinostorm.com\/wp-content\/uploads\/2014\/05\/fame-dude.png","datePublished":"2013-08-21T11:00:14+00:00","dateModified":"2014-02-18T16:56:06+00:00","description":"Continuez d'accroitre votre Renomm\u00e9e jusqu'\u00e0 devenir le plus grand h\u00e9ro de la ville : Le Sh\u00e9rif de Dinoville !","breadcrumb":{"@id":"https:\/\/dinostorm.com\/fr\/le-jeu\/renommee\/#breadcrumb"},"inLanguage":"fr-FR","potentialAction":[{"@type":"ReadAction","target":["https:\/\/dinostorm.com\/fr\/le-jeu\/renommee\/"]}]},{"@type":"ImageObject","inLanguage":"fr-FR","@id":"https:\/\/dinostorm.com\/fr\/le-jeu\/renommee\/#primaryimage","url":"http:\/\/dinostorm.com\/wp-content\/uploads\/2014\/05\/fame-dude.png","contentUrl":"http:\/\/dinostorm.com\/wp-content\/uploads\/2014\/05\/fame-dude.png"},{"@type":"BreadcrumbList","@id":"https:\/\/dinostorm.com\/fr\/le-jeu\/renommee\/#breadcrumb","itemListElement":[{"@type":"ListItem","position":1,"name":"Home","item":"https:\/\/dinostorm.com\/fr\/"},{"@type":"ListItem","position":2,"name":"Le jeu","item":"https:\/\/dinostorm.com\/fr\/le-jeu\/"},{"@type":"ListItem","position":3,"name":"Renomm\u00e9e"}]},{"@type":"WebSite","@id":"https:\/\/dinostorm.com\/fr\/#website","url":"https:\/\/dinostorm.com\/fr\/","name":"DinoStorm","description":"","potentialAction":[{"@type":"SearchAction","target":{"@type":"EntryPoint","urlTemplate":"https:\/\/dinostorm.com\/fr\/?s={search_term_string}"},"query-input":{"@type":"PropertyValueSpecification","valueRequired":true,"valueName":"search_term_string"}}],"inLanguage":"fr-FR"}]}},"_links":{"self":[{"href":"https:\/\/dinostorm.com\/fr\/wp-json\/wp\/v2\/pages\/8739","targetHints":{"allow":["GET"]}}],"collection":[{"href":"https:\/\/dinostorm.com\/fr\/wp-json\/wp\/v2\/pages"}],"about":[{"href":"https:\/\/dinostorm.com\/fr\/wp-json\/wp\/v2\/types\/page"}],"author":[{"embeddable":true,"href":"https:\/\/dinostorm.com\/fr\/wp-json\/wp\/v2\/users\/10"}],"replies":[{"embeddable":true,"href":"https:\/\/dinostorm.com\/fr\/wp-json\/wp\/v2\/comments?post=8739"}],"version-history":[{"count":0,"href":"https:\/\/dinostorm.com\/fr\/wp-json\/wp\/v2\/pages\/8739\/revisions"}],"up":[{"embeddable":true,"href":"https:\/\/dinostorm.com\/fr\/wp-json\/wp\/v2\/pages\/4941"}],"wp:featuredmedia":[{"embeddable":true,"href":"https:\/\/dinostorm.com\/fr\/wp-json\/"}],"wp:attachment":[{"href":"https:\/\/dinostorm.com\/fr\/wp-json\/wp\/v2\/media?parent=8739"}],"curies":[{"name":"wp","href":"https:\/\/api.w.org\/{rel}","templated":true}]}}