{"id":5065,"date":"2012-10-18T09:18:35","date_gmt":"2012-10-18T07:18:35","guid":{"rendered":"http:\/\/dinostorm.com\/?page_id=5065"},"modified":"2021-07-23T14:21:53","modified_gmt":"2021-07-23T12:21:53","slug":"modules-de-technologie-des-armes","status":"publish","type":"page","link":"https:\/\/dinostorm.com\/fr\/le-jeu\/modules-de-technologie-des-armes\/","title":{"rendered":"Modules de technologie des armes"},"content":{"rendered":"<div class=\"teaser\"><\/div>\n<h1 class=\"headline_page width_500\"><span>Modules sur les pistolets laser<\/span><\/h1>\n<p class=\"back-button back-pos500\"><a class=\"back-block\" href=\"\/fr\/le-jeu#overview\">Retour<\/a><\/p>\n<div class=\"full\">\n<img decoding=\"async\" class=\"wrapper_image_impl colorbox-5065\" src=\"\/wp-content\/themes\/arras\/images\/dinostorm\/tech-Cowboy.png\" alt=\"Les cowboys parlent des modules d'armes pour pistolets laser sur Dino Storm\"\/><\/p>\n<div class=\"wrapper_impl\">\n<p class=\"text-impl\">Reste en avance sur la concurrence gr&#x00e2;ce &#x00e0; nos modules haute-performance de technologie de pointe pour tes pistolets lasers. Facile &#x00e0; assembler, fonctionne imm&#x00e9;diatement.<\/p>\n<\/div>\n<div class=\"wrapper_impl2\">\n<div class=\"slot-list\">\n<div class=\"clear-after\">\n                      <span class=\"icon-frame-gloss float-left\"><br \/>\n            <img class=\"colorbox-5065\"  decoding=\"async\" src=\"\/wp-content\/themes\/arras\/images\/dinostorm\/module_damage.png\" alt=\"Modules de technologie des armes: Technologie des d&#x00e9;g&#x00e2;ts\"\/><br \/>\n                       <\/span><\/p>\n<div class=\"slot-wrapper\">\n\t\t\t    <span class=\"slot-item-title\">Technologie des d&#x00e9;g&#x00e2;ts<\/span><\/p>\n<p class=\"feature-slot-desc\">Qu&rsquo;est-ce qu&rsquo;un pistolet laser s&rsquo;il n&rsquo;a aucun pouvoir? Frappe fort, cowboy, ne laisse pas &#x00e0; tes ennemis la chance de s&rsquo;en tirer. Procure-toi le module \u00ab\u00a0technique des d&#x00e9;g&#x00e2;ts\u00a0\u00bb et augmente les d&#x00e9;g&#x00e2;ts caus&#x00e9;s par ton pistolet laser.<\/p>\n<\/p><\/div>\n<p>\t<span class=\"clear\"><!-- --><\/span>\n\t         <\/div>\n<\/p><\/div>\n<\/p><\/div>\n<div class=\"wrapper_impl2\">\n<div class=\"slot-list\">\n<div class=\"clear-after\">\n                      <span class=\"icon-frame-gloss float-left\"><br \/>\n            <img class=\"colorbox-5065\"  decoding=\"async\" src=\"\/wp-content\/themes\/arras\/images\/dinostorm\/module_focus.png\" alt=\"Modules de technologie des armes: Technologie  de concentration\"\/><br \/>\n                       <\/span><\/p>\n<div class=\"slot-wrapper\">\n\t\t\t    <span class=\"slot-item-title\">Technologie de concentration<\/span><\/p>\n<p class=\"feature-slot-desc\">Concentration, cowboy, concentration. Touche ta cible &#x00e0; tous les coups. Irr&#x00e9;aliste? Pas avec notre incroyable module de concentration pour cowboys dans Dino Storm. Ce module augmente le taux de r&#x00e9;ussite de ton dinosaure et ton pistolet laser.<\/p>\n<\/p><\/div>\n<p>\t<span class=\"clear\"><!-- --><\/span>\n\t         <\/div>\n<\/p><\/div>\n<\/p><\/div>\n<div class=\"wrapper_impl2\">\n<div class=\"slot-list\">\n<div class=\"clear-after\">\n                      <span class=\"icon-frame-gloss float-left\"><br \/>\n            <img class=\"colorbox-5065\"  decoding=\"async\" src=\"\/wp-content\/themes\/arras\/images\/dinostorm\/module_frequency.png\" alt=\"Modules de technologie des armes: Technologie de temps\/de cadence\"\/><br \/>\n                       <\/span><\/p>\n<div class=\"slot-wrapper\">\n\t\t\t    <span class=\"slot-item-title\">Technologie de temps\/de cadence<\/span><\/p>\n<p class=\"feature-slot-desc\">Tu penses que la puissance ne fait pas tout? Tu as tout &#x00e0; fait raison. Les ing&#x00e9;nieurs en armement de Dino Storm ont invent&#x00e9; un module de technologie de temps afin d&rsquo;augmenter la cadence de tir de ton arme. Essaye-le tout de suite cowboy!<\/p>\n<\/p><\/div>\n<p>\t<span class=\"clear\"><!-- --><\/span>\n\t         <\/div>\n<\/p><\/div>\n<\/p><\/div>\n<div class=\"wrapper_impl2\">\n<div class=\"slot-list\">\n<div class=\"clear-after\">\n                      <span class=\"icon-frame-gloss float-left\"><br \/>\n            <img class=\"colorbox-5065\"  decoding=\"async\" src=\"\/wp-content\/themes\/arras\/images\/dinostorm\/module_penetration.png\" alt=\"Modules de technologie des armes: Technologie de perforation\"\/><br \/>\n                       <\/span><\/p>\n<div class=\"slot-wrapper\">\n\t\t\t    <span class=\"slot-item-title\">Technologie de perforation<\/span><\/p>\n<p class=\"feature-slot-desc\">Touche s&#x00e9;v&#x00e8;rement ton ennemi avec ce module \u00ab\u00a0technique de perforation\u00a0\u00bb dans Dino Storm. Pourquoi est-il appel&#x00e9; technique de perforation? Car ce module pour armes te permet de percer l&rsquo;armure de ta cible plus efficacement.<\/p>\n<\/p><\/div>\n<p>\t<span class=\"clear\"><!-- --><\/span>\n\t         <\/div>\n<\/p><\/div>\n<\/p><\/div>\n<div class=\"wrapper_impl2\">\n<div class=\"slot-list\">\n<div class=\"clear-after\">\n                      <span class=\"icon-frame-gloss float-left\"><br \/>\n            <img class=\"colorbox-5065\"  decoding=\"async\" src=\"\/wp-content\/themes\/arras\/images\/dinostorm\/module_precision.png\" alt=\"Modules de technologie des armes: Technologie de pr&#x00e9;cision\"\/><br \/>\n                       <\/span><\/p>\n<div class=\"slot-wrapper\">\n\t\t\t    <span class=\"slot-item-title\">Technologie de pr&#x00e9;cision<\/span><\/p>\n<p class=\"feature-slot-desc\">Tu souhaites mettre fin &#x00e0; un combat alors qu&rsquo;il a &#x00e0; peine commenc&#x00e9; ? Voici ta chance cowboy: procure-toi le module de technologie de pr&#x00e9;cision et augmente tes chances de faire des coups fatals avec ton dinosaure et ton pistolet laser.<\/p>\n<\/p><\/div>\n<p>\t<span class=\"clear\"><!-- --><\/span>\n\t         <\/div>\n<\/p><\/div>\n<\/p><\/div>\n<div class=\"wrapper_impl2\">\n<div class=\"slot-list\">\n<div class=\"clear-after\">\n                      <span class=\"icon-frame-gloss float-left\"><br \/>\n            <img class=\"colorbox-5065\"  decoding=\"async\" src=\"\/wp-content\/themes\/arras\/images\/dinostorm\/module_range.png\" alt=\"Modules de technologie des armes: Technologie de port&#x00e9;e\"\/><br \/>\n                       <\/span><\/p>\n<div class=\"slot-wrapper\">\n\t\t\t    <span class=\"slot-item-title\">Technologie de port&#x00e9;e<\/span><\/p>\n<p class=\"feature-slot-desc\">Le module de tech de port&#x00e9;e est le choix id&#x00e9;al pour tous tes tirs mortels lointains. Ce module de technologie augmente la port&#x00e9;e d&rsquo;attaque maximal de ton pistolet laser. Surpris? Rien d&rsquo;autre &#x00e0; ajouter, cowboy!<\/p>\n<\/p><\/div>\n<p>\t<span class=\"clear\"><!-- --><\/span>\n\t         <\/div>\n<\/p><\/div>\n<\/div>\n<div class=\"wrapper_impl2\">\n<div class=\"slot-list\">\n<div class=\"clear-after\">\n                      <span class=\"icon-frame-gloss float-left\"><br \/>\n            <img class=\"colorbox-5065\"  decoding=\"async\" src=\"\/wp-content\/themes\/arras\/images\/dinostorm\/module_aim.png\" alt=\"Technologie de Ciblage\"\/><br \/>\n                       <\/span><\/p>\n<div class=\"slot-wrapper\">\n\t\t\t    <span class=\"slot-item-title\">Technologie de Ciblage<\/span><\/p>\n<p class=\"feature-slot-desc\">Augmente les d&#x00e9;g&#x00e2;ts de votre arme plus vous &#x00ea;tes loin de votre cible. Doit &#x00ea;tre install&#x00e9; sur un emplacement Tech Arme pour fonctionner.<\/p>\n<\/p><\/div>\n<p>\t<span class=\"clear\"><!-- --><\/span>\n\t         <\/div>\n<\/p><\/div>\n<\/div>\n<div class=\"wrapper_impl2\">\n<div class=\"slot-list\">\n<div class=\"clear-after\">\n                      <span class=\"icon-frame-gloss float-left\"><br \/>\n            <img class=\"colorbox-5065\"  decoding=\"async\" src=\"\/wp-content\/themes\/arras\/images\/dinostorm\/module_dinodefense.png\" alt=\"Technologie Dino D&#x00e9;fense\"\/><br \/>\n                       <\/span><\/p>\n<div class=\"slot-wrapper\">\n\t\t\t    <span class=\"slot-item-title\">Technologie Dino D&#x00e9;fense<\/span><\/p>\n<p class=\"feature-slot-desc\">Augmentez votre r&#x00e9;sistance contre les dommages de dino. Doit &#x00ea;tre install&#x00e9; sur un emplacement de Tech Arme pour fonctionner.<\/p>\n<\/p><\/div>\n<p>\t<span class=\"clear\"><!-- --><\/span>\n\t         <\/div>\n<\/p><\/div>\n<\/div>\n<div class=\"wrapper_impl2\">\n<div class=\"slot-list\">\n<div class=\"clear-after\">\n                      <span class=\"icon-frame-gloss float-left\"><br \/>\n            <img class=\"colorbox-5065\"  decoding=\"async\" src=\"\/wp-content\/themes\/arras\/images\/dinostorm\/module_shock.png\" alt=\"Technologie Choc\"\/><br \/>\n                       <\/span><\/p>\n<div class=\"slot-wrapper\">\n\t\t\t    <span class=\"slot-item-title\">Technologie Choc<\/span><\/p>\n<p class=\"feature-slot-desc\">Fournit une chance de diminuer la barre de surpuissance du joueur adverse lorsqu&rsquo;il est touch&#x00e9;. Doit &#x00ea;tre install&#x00e9; sur un emplacement de Tech Arme pour fonctionner.<\/p>\n<\/p><\/div>\n<p>\t<span class=\"clear\"><!-- --><\/span>\n\t         <\/div>\n<\/p><\/div>\n<\/div>\n<div class=\"wrapper_impl2\">\n<div class=\"slot-list\">\n<div class=\"clear-after\">\n                      <span class=\"icon-frame-gloss float-left\"><br \/>\n            <img class=\"colorbox-5065\"  decoding=\"async\" src=\"\/wp-content\/themes\/arras\/images\/dinostorm\/module_dinoreflector.png\" alt=\"Technologie  R&#x00e9;flexion de D&#x00e9;g&#x00e2;ts\"\/><br \/>\n                       <\/span><\/p>\n<div class=\"slot-wrapper\">\n\t\t\t    <span class=\"slot-item-title\">Technologie R&#x00e9;flexion de D&#x00e9;g&#x00e2;ts<\/span><\/p>\n<p class=\"feature-slot-desc\">Permet de refl&#x00e9;ter temporairement certains dommages caus&#x00e9;s par des dinos. Doit &#x00ea;tre install&#x00e9; sur un emplacement Tech Arme pour fonctionner.<\/p>\n<\/p><\/div>\n<p>\t<span class=\"clear\"><!-- --><\/span>\n\t         <\/div>\n<\/p><\/div>\n<\/div>\n<div class=\"wrapper_impl2\">\n<div class=\"slot-list\">\n<div class=\"clear-after\">\n                      <span class=\"icon-frame-gloss float-left\"><br \/>\n            <img class=\"colorbox-5065\"  decoding=\"async\" src=\"\/wp-content\/themes\/arras\/images\/dinostorm\/module_freezer.png\" alt=\"Technologie de Cong&#x00e9;lation\"\/><br \/>\n                       <\/span><\/p>\n<div class=\"slot-wrapper\">\n\t\t\t    <span class=\"slot-item-title\">Technologie de Cong&#x00e9;lation<\/span><\/p>\n<p class=\"feature-slot-desc\">Fournit une chance d&rsquo;appliquer un effet de ralentissement &#x00e0; votre cible si elle est touch&#x00e9;e. Doit &#x00ea;tre install&#x00e9; sur un emplacement Tech Arme pour fonctionner.<\/p>\n<\/p><\/div>\n<p>\t<span class=\"clear\"><!-- --><\/span>\n\t         <\/div>\n<\/p><\/div>\n<\/div>\n<\/div>\n<\/div>\n<div class=full>\n<img decoding=\"async\" class=\"hr3 margin35 colorbox-5065\" src=\"\/wp-content\/themes\/arras\/images\/dinostorm\/seperator_big.png\" alt=\"separator dino storm\" \/>\n<\/div>\n","protected":false},"excerpt":{"rendered":"<p>Modules sur les pistolets laser Retour Reste en avance sur la concurrence gr&#x00e2;ce &#x00e0; nos modules haute-performance de technologie de pointe pour tes pistolets lasers. Facile &#x00e0; assembler, fonctionne imm&#x00e9;diatement. Technologie des d&#x00e9;g&#x00e2;ts Qu&rsquo;est-ce qu&rsquo;un [&hellip;]<\/p>\n","protected":false},"author":26,"featured_media":15052,"parent":4941,"menu_order":0,"comment_status":"closed","ping_status":"closed","template":"pagetpl-onecolumn.php","meta":{"footnotes":"","_links_to":"","_links_to_target":""},"class_list":["post-5065","page","type-page","status-publish","has-post-thumbnail","hentry"],"yoast_head":"<!-- This site is optimized with the Yoast SEO plugin v27.3 - https:\/\/yoast.com\/product\/yoast-seo-wordpress\/ -->\n<title>Modules de technologie des armes - DinoStorm<\/title>\n<meta name=\"description\" content=\"Devance la concurrence gr\u00e2ce \u00e0 nos modules haute performance de technologie de pointe (pour tes pistolets lasers). Facile \u00e0 assembler, fonctionne imm\u00e9diatement.\" \/>\n<meta name=\"robots\" content=\"index, follow, max-snippet:-1, max-image-preview:large, max-video-preview:-1\" \/>\n<link rel=\"canonical\" href=\"https:\/\/dinostorm.com\/fr\/le-jeu\/modules-de-technologie-des-armes\/\" \/>\n<meta property=\"og:locale\" content=\"fr_FR\" \/>\n<meta property=\"og:type\" content=\"article\" \/>\n<meta property=\"og:title\" content=\"Modules de technologie des armes - DinoStorm\" \/>\n<meta property=\"og:description\" content=\"Devance la concurrence gr\u00e2ce \u00e0 nos modules haute performance de technologie de pointe (pour tes pistolets lasers). Facile \u00e0 assembler, fonctionne imm\u00e9diatement.\" \/>\n<meta property=\"og:url\" content=\"https:\/\/dinostorm.com\/fr\/le-jeu\/modules-de-technologie-des-armes\/\" \/>\n<meta property=\"og:site_name\" content=\"DinoStorm\" \/>\n<meta property=\"article:modified_time\" content=\"2021-07-23T12:21:53+00:00\" \/>\n<meta property=\"og:image\" content=\"https:\/\/dinostorm.com\/wp-content\/uploads\/2012\/09\/ds_jungle_01.jpg\" \/>\n\t<meta property=\"og:image:width\" content=\"1280\" \/>\n\t<meta property=\"og:image:height\" content=\"720\" \/>\n\t<meta property=\"og:image:type\" content=\"image\/jpeg\" \/>\n<meta name=\"twitter:label1\" content=\"Dur\u00e9e de lecture estim\u00e9e\" \/>\n\t<meta name=\"twitter:data1\" content=\"3 minutes\" \/>\n<script type=\"application\/ld+json\" class=\"yoast-schema-graph\">{\"@context\":\"https:\\\/\\\/schema.org\",\"@graph\":[{\"@type\":\"WebPage\",\"@id\":\"https:\\\/\\\/dinostorm.com\\\/fr\\\/le-jeu\\\/modules-de-technologie-des-armes\\\/\",\"url\":\"https:\\\/\\\/dinostorm.com\\\/fr\\\/le-jeu\\\/modules-de-technologie-des-armes\\\/\",\"name\":\"Modules de technologie des armes - DinoStorm\",\"isPartOf\":{\"@id\":\"https:\\\/\\\/dinostorm.com\\\/fr\\\/#website\"},\"primaryImageOfPage\":{\"@id\":\"https:\\\/\\\/dinostorm.com\\\/fr\\\/le-jeu\\\/modules-de-technologie-des-armes\\\/#primaryimage\"},\"image\":{\"@id\":\"https:\\\/\\\/dinostorm.com\\\/fr\\\/le-jeu\\\/modules-de-technologie-des-armes\\\/#primaryimage\"},\"thumbnailUrl\":\"https:\\\/\\\/dinostorm.com\\\/wp-content\\\/uploads\\\/2012\\\/09\\\/ds_jungle_01.jpg\",\"datePublished\":\"2012-10-18T07:18:35+00:00\",\"dateModified\":\"2021-07-23T12:21:53+00:00\",\"description\":\"Devance la concurrence gr\u00e2ce \u00e0 nos modules haute performance de technologie de pointe (pour tes pistolets lasers). Facile \u00e0 assembler, fonctionne imm\u00e9diatement.\",\"breadcrumb\":{\"@id\":\"https:\\\/\\\/dinostorm.com\\\/fr\\\/le-jeu\\\/modules-de-technologie-des-armes\\\/#breadcrumb\"},\"inLanguage\":\"fr-FR\",\"potentialAction\":[{\"@type\":\"ReadAction\",\"target\":[\"https:\\\/\\\/dinostorm.com\\\/fr\\\/le-jeu\\\/modules-de-technologie-des-armes\\\/\"]}]},{\"@type\":\"ImageObject\",\"inLanguage\":\"fr-FR\",\"@id\":\"https:\\\/\\\/dinostorm.com\\\/fr\\\/le-jeu\\\/modules-de-technologie-des-armes\\\/#primaryimage\",\"url\":\"https:\\\/\\\/dinostorm.com\\\/wp-content\\\/uploads\\\/2012\\\/09\\\/ds_jungle_01.jpg\",\"contentUrl\":\"https:\\\/\\\/dinostorm.com\\\/wp-content\\\/uploads\\\/2012\\\/09\\\/ds_jungle_01.jpg\",\"width\":1280,\"height\":720,\"caption\":\"Beware of dangerous bandits in Mokon Woods are everywhere.\"},{\"@type\":\"BreadcrumbList\",\"@id\":\"https:\\\/\\\/dinostorm.com\\\/fr\\\/le-jeu\\\/modules-de-technologie-des-armes\\\/#breadcrumb\",\"itemListElement\":[{\"@type\":\"ListItem\",\"position\":1,\"name\":\"Home\",\"item\":\"https:\\\/\\\/dinostorm.com\\\/fr\\\/\"},{\"@type\":\"ListItem\",\"position\":2,\"name\":\"Le jeu\",\"item\":\"https:\\\/\\\/dinostorm.com\\\/fr\\\/le-jeu\\\/\"},{\"@type\":\"ListItem\",\"position\":3,\"name\":\"Modules de technologie des armes\"}]},{\"@type\":\"WebSite\",\"@id\":\"https:\\\/\\\/dinostorm.com\\\/fr\\\/#website\",\"url\":\"https:\\\/\\\/dinostorm.com\\\/fr\\\/\",\"name\":\"DinoStorm\",\"description\":\"\",\"potentialAction\":[{\"@type\":\"SearchAction\",\"target\":{\"@type\":\"EntryPoint\",\"urlTemplate\":\"https:\\\/\\\/dinostorm.com\\\/fr\\\/?s={search_term_string}\"},\"query-input\":{\"@type\":\"PropertyValueSpecification\",\"valueRequired\":true,\"valueName\":\"search_term_string\"}}],\"inLanguage\":\"fr-FR\"}]}<\/script>\n<!-- \/ Yoast SEO plugin. -->","yoast_head_json":{"title":"Modules de technologie des armes - DinoStorm","description":"Devance la concurrence gr\u00e2ce \u00e0 nos modules haute performance de technologie de pointe (pour tes pistolets lasers). Facile \u00e0 assembler, fonctionne imm\u00e9diatement.","robots":{"index":"index","follow":"follow","max-snippet":"max-snippet:-1","max-image-preview":"max-image-preview:large","max-video-preview":"max-video-preview:-1"},"canonical":"https:\/\/dinostorm.com\/fr\/le-jeu\/modules-de-technologie-des-armes\/","og_locale":"fr_FR","og_type":"article","og_title":"Modules de technologie des armes - DinoStorm","og_description":"Devance la concurrence gr\u00e2ce \u00e0 nos modules haute performance de technologie de pointe (pour tes pistolets lasers). Facile \u00e0 assembler, fonctionne imm\u00e9diatement.","og_url":"https:\/\/dinostorm.com\/fr\/le-jeu\/modules-de-technologie-des-armes\/","og_site_name":"DinoStorm","article_modified_time":"2021-07-23T12:21:53+00:00","og_image":[{"width":1280,"height":720,"url":"https:\/\/dinostorm.com\/wp-content\/uploads\/2012\/09\/ds_jungle_01.jpg","type":"image\/jpeg"}],"twitter_misc":{"Dur\u00e9e de lecture estim\u00e9e":"3 minutes"},"schema":{"@context":"https:\/\/schema.org","@graph":[{"@type":"WebPage","@id":"https:\/\/dinostorm.com\/fr\/le-jeu\/modules-de-technologie-des-armes\/","url":"https:\/\/dinostorm.com\/fr\/le-jeu\/modules-de-technologie-des-armes\/","name":"Modules de technologie des armes - DinoStorm","isPartOf":{"@id":"https:\/\/dinostorm.com\/fr\/#website"},"primaryImageOfPage":{"@id":"https:\/\/dinostorm.com\/fr\/le-jeu\/modules-de-technologie-des-armes\/#primaryimage"},"image":{"@id":"https:\/\/dinostorm.com\/fr\/le-jeu\/modules-de-technologie-des-armes\/#primaryimage"},"thumbnailUrl":"https:\/\/dinostorm.com\/wp-content\/uploads\/2012\/09\/ds_jungle_01.jpg","datePublished":"2012-10-18T07:18:35+00:00","dateModified":"2021-07-23T12:21:53+00:00","description":"Devance la concurrence gr\u00e2ce \u00e0 nos modules haute performance de technologie de pointe (pour tes pistolets lasers). Facile \u00e0 assembler, fonctionne imm\u00e9diatement.","breadcrumb":{"@id":"https:\/\/dinostorm.com\/fr\/le-jeu\/modules-de-technologie-des-armes\/#breadcrumb"},"inLanguage":"fr-FR","potentialAction":[{"@type":"ReadAction","target":["https:\/\/dinostorm.com\/fr\/le-jeu\/modules-de-technologie-des-armes\/"]}]},{"@type":"ImageObject","inLanguage":"fr-FR","@id":"https:\/\/dinostorm.com\/fr\/le-jeu\/modules-de-technologie-des-armes\/#primaryimage","url":"https:\/\/dinostorm.com\/wp-content\/uploads\/2012\/09\/ds_jungle_01.jpg","contentUrl":"https:\/\/dinostorm.com\/wp-content\/uploads\/2012\/09\/ds_jungle_01.jpg","width":1280,"height":720,"caption":"Beware of dangerous bandits in Mokon Woods are everywhere."},{"@type":"BreadcrumbList","@id":"https:\/\/dinostorm.com\/fr\/le-jeu\/modules-de-technologie-des-armes\/#breadcrumb","itemListElement":[{"@type":"ListItem","position":1,"name":"Home","item":"https:\/\/dinostorm.com\/fr\/"},{"@type":"ListItem","position":2,"name":"Le jeu","item":"https:\/\/dinostorm.com\/fr\/le-jeu\/"},{"@type":"ListItem","position":3,"name":"Modules de technologie des armes"}]},{"@type":"WebSite","@id":"https:\/\/dinostorm.com\/fr\/#website","url":"https:\/\/dinostorm.com\/fr\/","name":"DinoStorm","description":"","potentialAction":[{"@type":"SearchAction","target":{"@type":"EntryPoint","urlTemplate":"https:\/\/dinostorm.com\/fr\/?s={search_term_string}"},"query-input":{"@type":"PropertyValueSpecification","valueRequired":true,"valueName":"search_term_string"}}],"inLanguage":"fr-FR"}]}},"_links":{"self":[{"href":"https:\/\/dinostorm.com\/fr\/wp-json\/wp\/v2\/pages\/5065","targetHints":{"allow":["GET"]}}],"collection":[{"href":"https:\/\/dinostorm.com\/fr\/wp-json\/wp\/v2\/pages"}],"about":[{"href":"https:\/\/dinostorm.com\/fr\/wp-json\/wp\/v2\/types\/page"}],"author":[{"embeddable":true,"href":"https:\/\/dinostorm.com\/fr\/wp-json\/wp\/v2\/users\/26"}],"replies":[{"embeddable":true,"href":"https:\/\/dinostorm.com\/fr\/wp-json\/wp\/v2\/comments?post=5065"}],"version-history":[{"count":4,"href":"https:\/\/dinostorm.com\/fr\/wp-json\/wp\/v2\/pages\/5065\/revisions"}],"predecessor-version":[{"id":242119,"href":"https:\/\/dinostorm.com\/fr\/wp-json\/wp\/v2\/pages\/5065\/revisions\/242119"}],"up":[{"embeddable":true,"href":"https:\/\/dinostorm.com\/fr\/wp-json\/wp\/v2\/pages\/4941"}],"wp:featuredmedia":[{"embeddable":true,"href":"https:\/\/dinostorm.com\/fr\/wp-json\/wp\/v2\/media\/15052"}],"wp:attachment":[{"href":"https:\/\/dinostorm.com\/fr\/wp-json\/wp\/v2\/media?parent=5065"}],"curies":[{"name":"wp","href":"https:\/\/api.w.org\/{rel}","templated":true}]}}