{"id":5053,"date":"2012-10-18T09:14:03","date_gmt":"2012-10-18T07:14:03","guid":{"rendered":"http:\/\/dinostorm.com\/?page_id=5053"},"modified":"2021-06-17T14:48:33","modified_gmt":"2021-06-17T12:48:33","slug":"pacificateur","status":"publish","type":"page","link":"https:\/\/dinostorm.com\/fr\/le-jeu\/lexique-des-armes\/pacificateur\/","title":{"rendered":"Arme &#8211; Pacificateur"},"content":{"rendered":"<div class=\"teaser\"><\/div>\n<h1 class=\"headline_page width_500\"><span>Arme \u2014 Pacificateur<\/span><\/h1>\n<p class=\"back-button back-pos500\"><a class=\"back-block\" href=\"http:\/\/dinostorm.com\/fr\/le-jeu\/lexique-des-armes\/\">Retour<\/a><\/p>\n<div class=\"two_thirds\">\n<h2 class=\"headline-lex\"><span>Dino Storm &#8211; Pacificateur<\/span><\/h2>\n<div class=\"banner_lex\">\n<p class=\"banner_text_lex text_lex\">Le pacificateur est une arme laser longue port\u00e9e. Son avantage en port\u00e9e devient de plus en plus prononc\u00e9 au fil des niveaux.<\/p>\n<div style=\"margin-right: 29px; float: left; width: 10px; text-align: left; position: relative; top: 40px; left: 30px\">\n<strong class=\"text_lex\" style=\"position: relative; top: 12px\">D\u00e9g\u00e2ts:<\/strong><br \/>\n<strong class=\"text_lex\" style=\"position: relative; top: 30px\">Cadence&nbsp;de&nbsp;tir:<\/strong><br \/>\n<strong class=\"text_lex\" style=\"position: relative; top: 50px\">Port\u00e9e:<\/strong>\n<\/div>\n<div style=\"margin-right: 20px; float: left; width: 118px; text-align: left; position: relative; top: 70px; left: 10px\">\n<img decoding=\"async\" class=\"skill_image_lex colorbox-5053\" title=\"D\u00e9g\u00e2ts: 3\" alt=\"Pacificateur - D\u00e9g\u00e2ts: 3.\" src=\"\/wp-content\/themes\/arras\/images\/dinostorm\/Dinos\/bar_strength_3.png\" \/><br \/>\n<img decoding=\"async\" class=\"skill_image_lex colorbox-5053\" title=\"Cadence de tir: 3\" alt=\"Pacificateur - Cadence de tir: 3.\" src=\"\/wp-content\/themes\/arras\/images\/dinostorm\/Dinos\/bar_endurance_3.png\" \/><br \/>\n<img decoding=\"async\" class=\"skill_image_lex colorbox-5053\" title=\"Port\u00e9e: 5\" alt=\"Pacificateur - Port\u00e9e: 5.\" src=\"\/wp-content\/themes\/arras\/images\/dinostorm\/Dinos\/bar_health_5.png\" \/>\n<\/div>\n<\/div>\n<div class=\"one_third\">\n<img decoding=\"async\" class=\"weapon_lex_2 colorbox-5053\" alt=\"Dino Storm: Pacificateur\" src=\"\/wp-content\/themes\/arras\/images\/dinostorm\/peacemaker.png\" \/>\n<\/div>\n<\/div>\n<div class=\"clear\"><\/div>\n<div class=\"one_third\">\n<h3 class=\"headlinelex2_1\">Caract\u00e9ristiques du pistolet laser : Pacificateur<\/h3>\n<div class=\"banner_lex2\"><span class=\"icon_skill_top float-left\"><img class=\"colorbox-5053\"  decoding=\"async\" title=\"Comp\u00e9tence :: Rayon du canyon\" alt=\"Le pacificateur est une arme laser longue port\u00e9e. Son avantage en port\u00e9e devient de plus en plus prononc\u00e9 au fil des niveaux. - capacit\u00e9 sp\u00e9ciale: Rayon du canyon\" src=\"\/wp-content\/themes\/arras\/images\/dinostorm\/skill_peacemaker_01.png\" \/><\/span><\/p>\n<div class=\"skill-wrapper\"><span class=\"icon_skill_title\">Rayon du canyon<\/span><\/p>\n<p class=\"icon_skill_text\">Attaque \u00e0 distance. <span style=\"color: #ff7200;\">Super&nbsp;Puissance :<\/span> Augmente la port\u00e9e.<\/p>\n<\/div>\n<p><span class=\"clear\"><!-- --><\/span><span class=\"icon_skill_top float-left\"><img class=\"colorbox-5053\"  decoding=\"async\" title=\"Comp\u00e9tence :: Marqueur de proies\" alt=\"Le pacificateur est une arme laser longue port\u00e9e. Son avantage en port\u00e9e devient de plus en plus prononc\u00e9 au fil des niveaux. - capacit\u00e9 sp\u00e9ciale: Marqueur de proies\" src=\"\/wp-content\/themes\/arras\/images\/dinostorm\/skill_peacemaker_02.png\" \/><\/span><\/p>\n<div class=\"skill-wrapper-bottom\"><span class=\"icon_skill_title\">Marqueur de proies<\/span><\/p>\n<p class=\"icon_skill_text\">Attaque de moyenne \u00e0 longue port\u00e9e. <span style=\"color: #ff7200;\">Super&nbsp;Puissance :<\/span> Paralyse la cible.<\/p>\n<\/div>\n<\/div>\n<p><span class=\"clear\"><!-- --><\/span><\/p>\n<\/div>\n<div class=\"two_thirds\">\n<h3 class=\"headlinelex2_2\">Donn\u00e9es sur le pistolet laser: Pacificateur<\/h3>\n<div class=\"fact_lex\">\n<p>Ces fusils de pr\u00e9cision remontent aux fusils de chasse que les premiers colons utilisaient avec succ\u00e8s lors de leurs p\u00e9riples. Le pacificateur a \u00e9t\u00e9 d\u00e9velopp\u00e9 pour toucher des cibles \u00e0 longue distance. Son pouvoir p\u00e9n\u00e9trant permet d&rsquo;affaiblir les cibles avec quelques coups de feu efficaces. Quand il a \u00e9t\u00e9 utilis\u00e9 pour la premi\u00e8re fois lors de la bataille de Dinoville Canyon, le pacificateur a donn\u00e9 l&rsquo;avantage aux colons et est depuis solidement ancr\u00e9 dans l&rsquo;histoire de Dinoville.nAujourd&rsquo;hui, ce pistolet laser est l&rsquo;option pr\u00e9f\u00e9r\u00e9e pour les actions arm\u00e9es, et il joue \u00e9galement un r\u00f4le important dans les guerres de clan.<\/p>\n<p>Le pacificateur a \u00e9t\u00e9 d\u00e9velopp\u00e9 pour toucher des cibles \u00e0 longue distance. Son pouvoir p\u00e9n\u00e9trant permet d&rsquo;affaiblir les cibles avec quelques coups de feu efficaces. Quand il a \u00e9t\u00e9 utilis\u00e9 pour la premi\u00e8re fois lors de la bataille de Dinoville Canyon, le pacificateur a donn\u00e9 l&rsquo;avantage aux colons et est depuis solidement ancr\u00e9 dans l&rsquo;histoire de Dinoville.<\/p>\n<p>Aujourd&rsquo;hui, ce pistolet laser est l&rsquo;option pr\u00e9f\u00e9r\u00e9e pour les actions arm\u00e9es, et il joue \u00e9galement un r\u00f4le important dans les guerres de clan.<\/p>\n<\/div>\n<\/div>\n<div class=\"full\"><img decoding=\"async\" class=\"hr3 margin35 colorbox-5053\" alt=\"separator dino storm\" src=\"\/wp-content\/themes\/arras\/images\/dinostorm\/seperator_big.png\" \/><\/div>\n","protected":false},"excerpt":{"rendered":"<p>Arme \u2014 Pacificateur Retour Dino Storm &#8211; Pacificateur Le pacificateur est une arme laser longue port\u00e9e. Son avantage en port\u00e9e devient de plus en plus prononc\u00e9 au fil des niveaux. D\u00e9g\u00e2ts: Cadence&nbsp;de&nbsp;tir: Port\u00e9e: Caract\u00e9ristiques du [&hellip;]<\/p>\n","protected":false},"author":26,"featured_media":15052,"parent":5048,"menu_order":0,"comment_status":"closed","ping_status":"closed","template":"pagetpl-onecolumn.php","meta":{"footnotes":"","_links_to":"","_links_to_target":""},"class_list":["post-5053","page","type-page","status-publish","has-post-thumbnail","hentry"],"yoast_head":"<!-- This site is optimized with the Yoast SEO plugin v27.3 - https:\/\/yoast.com\/product\/yoast-seo-wordpress\/ -->\n<title>Arme - Pacificateur - DinoStorm<\/title>\n<meta name=\"description\" content=\"Le pacificateur est une arme laser \u00e0 longue port\u00e9e. Tu trouves ici tous les informations utiles \u00e0 propos de cette arme, comme certains faits et ses comp\u00e9tences.\" \/>\n<meta name=\"robots\" content=\"index, follow, max-snippet:-1, max-image-preview:large, max-video-preview:-1\" \/>\n<link rel=\"canonical\" href=\"https:\/\/dinostorm.com\/fr\/le-jeu\/lexique-des-armes\/pacificateur\/\" \/>\n<meta property=\"og:locale\" content=\"fr_FR\" \/>\n<meta property=\"og:type\" content=\"article\" \/>\n<meta property=\"og:title\" content=\"Arme - Pacificateur - DinoStorm\" \/>\n<meta property=\"og:description\" content=\"Le pacificateur est une arme laser \u00e0 longue port\u00e9e. Tu trouves ici tous les informations utiles \u00e0 propos de cette arme, comme certains faits et ses comp\u00e9tences.\" \/>\n<meta property=\"og:url\" content=\"https:\/\/dinostorm.com\/fr\/le-jeu\/lexique-des-armes\/pacificateur\/\" \/>\n<meta property=\"og:site_name\" content=\"DinoStorm\" \/>\n<meta property=\"article:modified_time\" content=\"2021-06-17T12:48:33+00:00\" \/>\n<meta property=\"og:image\" content=\"https:\/\/dinostorm.com\/wp-content\/uploads\/2012\/09\/ds_jungle_01.jpg\" \/>\n\t<meta property=\"og:image:width\" content=\"1280\" \/>\n\t<meta property=\"og:image:height\" content=\"720\" \/>\n\t<meta property=\"og:image:type\" content=\"image\/jpeg\" \/>\n<meta name=\"twitter:label1\" content=\"Dur\u00e9e de lecture estim\u00e9e\" \/>\n\t<meta name=\"twitter:data1\" content=\"1 minute\" \/>\n<script type=\"application\/ld+json\" class=\"yoast-schema-graph\">{\"@context\":\"https:\\\/\\\/schema.org\",\"@graph\":[{\"@type\":\"WebPage\",\"@id\":\"https:\\\/\\\/dinostorm.com\\\/fr\\\/le-jeu\\\/lexique-des-armes\\\/pacificateur\\\/\",\"url\":\"https:\\\/\\\/dinostorm.com\\\/fr\\\/le-jeu\\\/lexique-des-armes\\\/pacificateur\\\/\",\"name\":\"Arme - Pacificateur - DinoStorm\",\"isPartOf\":{\"@id\":\"https:\\\/\\\/dinostorm.com\\\/fr\\\/#website\"},\"primaryImageOfPage\":{\"@id\":\"https:\\\/\\\/dinostorm.com\\\/fr\\\/le-jeu\\\/lexique-des-armes\\\/pacificateur\\\/#primaryimage\"},\"image\":{\"@id\":\"https:\\\/\\\/dinostorm.com\\\/fr\\\/le-jeu\\\/lexique-des-armes\\\/pacificateur\\\/#primaryimage\"},\"thumbnailUrl\":\"https:\\\/\\\/dinostorm.com\\\/wp-content\\\/uploads\\\/2012\\\/09\\\/ds_jungle_01.jpg\",\"datePublished\":\"2012-10-18T07:14:03+00:00\",\"dateModified\":\"2021-06-17T12:48:33+00:00\",\"description\":\"Le pacificateur est une arme laser \u00e0 longue port\u00e9e. Tu trouves ici tous les informations utiles \u00e0 propos de cette arme, comme certains faits et ses comp\u00e9tences.\",\"breadcrumb\":{\"@id\":\"https:\\\/\\\/dinostorm.com\\\/fr\\\/le-jeu\\\/lexique-des-armes\\\/pacificateur\\\/#breadcrumb\"},\"inLanguage\":\"fr-FR\",\"potentialAction\":[{\"@type\":\"ReadAction\",\"target\":[\"https:\\\/\\\/dinostorm.com\\\/fr\\\/le-jeu\\\/lexique-des-armes\\\/pacificateur\\\/\"]}]},{\"@type\":\"ImageObject\",\"inLanguage\":\"fr-FR\",\"@id\":\"https:\\\/\\\/dinostorm.com\\\/fr\\\/le-jeu\\\/lexique-des-armes\\\/pacificateur\\\/#primaryimage\",\"url\":\"https:\\\/\\\/dinostorm.com\\\/wp-content\\\/uploads\\\/2012\\\/09\\\/ds_jungle_01.jpg\",\"contentUrl\":\"https:\\\/\\\/dinostorm.com\\\/wp-content\\\/uploads\\\/2012\\\/09\\\/ds_jungle_01.jpg\",\"width\":1280,\"height\":720,\"caption\":\"Beware of dangerous bandits in Mokon Woods are everywhere.\"},{\"@type\":\"BreadcrumbList\",\"@id\":\"https:\\\/\\\/dinostorm.com\\\/fr\\\/le-jeu\\\/lexique-des-armes\\\/pacificateur\\\/#breadcrumb\",\"itemListElement\":[{\"@type\":\"ListItem\",\"position\":1,\"name\":\"Home\",\"item\":\"https:\\\/\\\/dinostorm.com\\\/fr\\\/\"},{\"@type\":\"ListItem\",\"position\":2,\"name\":\"Le jeu\",\"item\":\"https:\\\/\\\/dinostorm.com\\\/fr\\\/le-jeu\\\/\"},{\"@type\":\"ListItem\",\"position\":3,\"name\":\"Lexique des armes\",\"item\":\"https:\\\/\\\/dinostorm.com\\\/fr\\\/le-jeu\\\/lexique-des-armes\\\/\"},{\"@type\":\"ListItem\",\"position\":4,\"name\":\"Arme &#8211; Pacificateur\"}]},{\"@type\":\"WebSite\",\"@id\":\"https:\\\/\\\/dinostorm.com\\\/fr\\\/#website\",\"url\":\"https:\\\/\\\/dinostorm.com\\\/fr\\\/\",\"name\":\"DinoStorm\",\"description\":\"\",\"potentialAction\":[{\"@type\":\"SearchAction\",\"target\":{\"@type\":\"EntryPoint\",\"urlTemplate\":\"https:\\\/\\\/dinostorm.com\\\/fr\\\/?s={search_term_string}\"},\"query-input\":{\"@type\":\"PropertyValueSpecification\",\"valueRequired\":true,\"valueName\":\"search_term_string\"}}],\"inLanguage\":\"fr-FR\"}]}<\/script>\n<!-- \/ Yoast SEO plugin. -->","yoast_head_json":{"title":"Arme - Pacificateur - DinoStorm","description":"Le pacificateur est une arme laser \u00e0 longue port\u00e9e. Tu trouves ici tous les informations utiles \u00e0 propos de cette arme, comme certains faits et ses comp\u00e9tences.","robots":{"index":"index","follow":"follow","max-snippet":"max-snippet:-1","max-image-preview":"max-image-preview:large","max-video-preview":"max-video-preview:-1"},"canonical":"https:\/\/dinostorm.com\/fr\/le-jeu\/lexique-des-armes\/pacificateur\/","og_locale":"fr_FR","og_type":"article","og_title":"Arme - Pacificateur - DinoStorm","og_description":"Le pacificateur est une arme laser \u00e0 longue port\u00e9e. Tu trouves ici tous les informations utiles \u00e0 propos de cette arme, comme certains faits et ses comp\u00e9tences.","og_url":"https:\/\/dinostorm.com\/fr\/le-jeu\/lexique-des-armes\/pacificateur\/","og_site_name":"DinoStorm","article_modified_time":"2021-06-17T12:48:33+00:00","og_image":[{"width":1280,"height":720,"url":"https:\/\/dinostorm.com\/wp-content\/uploads\/2012\/09\/ds_jungle_01.jpg","type":"image\/jpeg"}],"twitter_misc":{"Dur\u00e9e de lecture estim\u00e9e":"1 minute"},"schema":{"@context":"https:\/\/schema.org","@graph":[{"@type":"WebPage","@id":"https:\/\/dinostorm.com\/fr\/le-jeu\/lexique-des-armes\/pacificateur\/","url":"https:\/\/dinostorm.com\/fr\/le-jeu\/lexique-des-armes\/pacificateur\/","name":"Arme - Pacificateur - DinoStorm","isPartOf":{"@id":"https:\/\/dinostorm.com\/fr\/#website"},"primaryImageOfPage":{"@id":"https:\/\/dinostorm.com\/fr\/le-jeu\/lexique-des-armes\/pacificateur\/#primaryimage"},"image":{"@id":"https:\/\/dinostorm.com\/fr\/le-jeu\/lexique-des-armes\/pacificateur\/#primaryimage"},"thumbnailUrl":"https:\/\/dinostorm.com\/wp-content\/uploads\/2012\/09\/ds_jungle_01.jpg","datePublished":"2012-10-18T07:14:03+00:00","dateModified":"2021-06-17T12:48:33+00:00","description":"Le pacificateur est une arme laser \u00e0 longue port\u00e9e. Tu trouves ici tous les informations utiles \u00e0 propos de cette arme, comme certains faits et ses comp\u00e9tences.","breadcrumb":{"@id":"https:\/\/dinostorm.com\/fr\/le-jeu\/lexique-des-armes\/pacificateur\/#breadcrumb"},"inLanguage":"fr-FR","potentialAction":[{"@type":"ReadAction","target":["https:\/\/dinostorm.com\/fr\/le-jeu\/lexique-des-armes\/pacificateur\/"]}]},{"@type":"ImageObject","inLanguage":"fr-FR","@id":"https:\/\/dinostorm.com\/fr\/le-jeu\/lexique-des-armes\/pacificateur\/#primaryimage","url":"https:\/\/dinostorm.com\/wp-content\/uploads\/2012\/09\/ds_jungle_01.jpg","contentUrl":"https:\/\/dinostorm.com\/wp-content\/uploads\/2012\/09\/ds_jungle_01.jpg","width":1280,"height":720,"caption":"Beware of dangerous bandits in Mokon Woods are everywhere."},{"@type":"BreadcrumbList","@id":"https:\/\/dinostorm.com\/fr\/le-jeu\/lexique-des-armes\/pacificateur\/#breadcrumb","itemListElement":[{"@type":"ListItem","position":1,"name":"Home","item":"https:\/\/dinostorm.com\/fr\/"},{"@type":"ListItem","position":2,"name":"Le jeu","item":"https:\/\/dinostorm.com\/fr\/le-jeu\/"},{"@type":"ListItem","position":3,"name":"Lexique des armes","item":"https:\/\/dinostorm.com\/fr\/le-jeu\/lexique-des-armes\/"},{"@type":"ListItem","position":4,"name":"Arme &#8211; Pacificateur"}]},{"@type":"WebSite","@id":"https:\/\/dinostorm.com\/fr\/#website","url":"https:\/\/dinostorm.com\/fr\/","name":"DinoStorm","description":"","potentialAction":[{"@type":"SearchAction","target":{"@type":"EntryPoint","urlTemplate":"https:\/\/dinostorm.com\/fr\/?s={search_term_string}"},"query-input":{"@type":"PropertyValueSpecification","valueRequired":true,"valueName":"search_term_string"}}],"inLanguage":"fr-FR"}]}},"_links":{"self":[{"href":"https:\/\/dinostorm.com\/fr\/wp-json\/wp\/v2\/pages\/5053","targetHints":{"allow":["GET"]}}],"collection":[{"href":"https:\/\/dinostorm.com\/fr\/wp-json\/wp\/v2\/pages"}],"about":[{"href":"https:\/\/dinostorm.com\/fr\/wp-json\/wp\/v2\/types\/page"}],"author":[{"embeddable":true,"href":"https:\/\/dinostorm.com\/fr\/wp-json\/wp\/v2\/users\/26"}],"replies":[{"embeddable":true,"href":"https:\/\/dinostorm.com\/fr\/wp-json\/wp\/v2\/comments?post=5053"}],"version-history":[{"count":2,"href":"https:\/\/dinostorm.com\/fr\/wp-json\/wp\/v2\/pages\/5053\/revisions"}],"predecessor-version":[{"id":230149,"href":"https:\/\/dinostorm.com\/fr\/wp-json\/wp\/v2\/pages\/5053\/revisions\/230149"}],"up":[{"embeddable":true,"href":"https:\/\/dinostorm.com\/fr\/wp-json\/wp\/v2\/pages\/5048"}],"wp:featuredmedia":[{"embeddable":true,"href":"https:\/\/dinostorm.com\/fr\/wp-json\/wp\/v2\/media\/15052"}],"wp:attachment":[{"href":"https:\/\/dinostorm.com\/fr\/wp-json\/wp\/v2\/media?parent=5053"}],"curies":[{"name":"wp","href":"https:\/\/api.w.org\/{rel}","templated":true}]}}