{"id":5052,"date":"2012-10-18T09:13:55","date_gmt":"2012-10-18T07:13:55","guid":{"rendered":"http:\/\/dinostorm.com\/?page_id=5052"},"modified":"2021-06-24T14:09:50","modified_gmt":"2021-06-24T12:09:50","slug":"marteaur","status":"publish","type":"page","link":"https:\/\/dinostorm.com\/fr\/le-jeu\/lexique-des-armes\/marteaur\/","title":{"rendered":"Arme &#8211; Marteaur"},"content":{"rendered":"<div class=\"teaser\"><\/div>\n<h1 class=\"headline_page width_350\"><span>Arme \u2014 Marteaur<\/span><\/h1>\n<p class=\"back-button back-pos350\"><a class=\"back-block\" href=\"\/fr\/le-jeu\/lexique-des-armes\">Retour<\/a><\/p>\n<div class=\"two_thirds\">\n<h2 class=\"headline-lex\"><span>Dino Storm &#8211; Marteau<\/span><\/h2>\n<div class=\"banner_lex\">\n<p class=\"banner_text_lex text_lex\">Le marteau est un lance-roquette, assez petit pour &#x00ea;tre manipul&#x00e9; par une seule personne. Le marteau n&rsquo;a pas besoin d&rsquo;une cadence &#x00e9;lev&#x00e9;e de tir pour engendrer beaucoup de dommages &#x00e0; moyenne et &#x00e0; longue port&#x00e9;e.<\/p>\n<div style=\"margin-right: 29px; float: left; width: 10px; text-align: left; position: relative; top: 40px; left: 30px\">\n<strong class=\"text_lex\" style=\"position: relative; top: 12px\">D\u00e9g\u00e2ts:<\/strong><br \/>\n<strong class=\"text_lex\" style=\"position: relative; top: 30px\">Cadence&nbsp;De&nbsp;Tir:<\/strong><br \/>\n<strong class=\"text_lex\" style=\"position: relative; top: 50px\">Port\u00e9e:<\/strong>\n<\/div>\n<div style=\"margin-right: 20px; float: left; width: 118px; text-align: left; position: relative; top: 70px; left: 10px\">\n<img decoding=\"async\" class=\"skill_image_lex colorbox-5052\" src=\"\/wp-content\/themes\/arras\/images\/dinostorm\/Dinos\/bar_strength_5.png\" alt=\"Marteau - D\u00e9g\u00e2ts: 5.\" title=\"D\u00e9g\u00e2ts: 5\"\/><br \/>\n<img decoding=\"async\" class=\"skill_image_lex colorbox-5052\" src=\"\/wp-content\/themes\/arras\/images\/dinostorm\/Dinos\/bar_endurance_1.png\" alt=\"Marteau - Cadence de tir: 1.\" title=\"Cadence de tir: 1\"\/><br \/>\n<img decoding=\"async\" class=\"skill_image_lex colorbox-5052\" src=\"\/wp-content\/themes\/arras\/images\/dinostorm\/Dinos\/bar_health_2.png\" alt=\"Marteau - Port\u00e9e: 2.\" title=\"Port\u00e9e: 2\"\/>\n<\/div>\n<\/div>\n<div class=\"one_third\">\n<img decoding=\"async\" class=\"weapon_lex_2 colorbox-5052\" src=\"\/wp-content\/themes\/arras\/images\/dinostorm\/hammer.png\" alt=\"Dino Storm: Marteau\"\/>\n<\/div>\n<\/div>\n<div class=\"clear\"><\/div>\n<div class=\"one_third\">\n<h3 class=\"headlinelex2_1\">Caract&#x00e9;ristiques du pistolet laser : Marteau<\/h3>\n<div class=\"banner_lex2\">\n<span class=\"icon_skill_top float-left\"><img class=\"colorbox-5052\"  decoding=\"async\" src=\"\/wp-content\/themes\/arras\/images\/dinostorm\/skill_hammer_01.png\" alt=\"Le marteau est un lance-roquette, assez petit pour &#x00ea;tre manipul&#x00e9; par une seule personne. Le marteau n'a pas besoin d'une cadence &#x00e9;lev&#x00e9;e de tir pour engendrer beaucoup de dommages &#x00e0; moyenne et &#x00e0; longue port&#x00e9;e. - capacit&#x00e9; sp&#x00e9;ciale: Lance-roquette\" title=\"Comp&#x00e9;tence :: Lance-roquette\"\/><\/span><\/p>\n<div class=\"skill-wrapper\"><span class=\"icon_skill_title\">Lance-roquette<\/span><\/p>\n<p class=\"icon_skill_text\">Attaque de moyenne port\u00e9e. <span style=\"color: #ff7200;\">Super&nbsp;Puissance :<\/span> am\u00e9liore les chances de toucher.<\/p>\n<\/p>\n<\/div>\n<p><span class=\"clear\"><!-- --><\/span><span class=\"icon_skill_top float-left\"><img class=\"colorbox-5052\"  decoding=\"async\" src=\"\/wp-content\/themes\/arras\/images\/dinostorm\/skill_hammer_02.png\" alt=\"Le marteau est un lance-roquette, assez petit pour &#x00ea;tre manipul&#x00e9; par une seule personne. Le marteau n'a pas besoin d'une cadence &#x00e9;lev&#x00e9;e de tir pour engendrer beaucoup de dommages &#x00e0; moyenne et &#x00e0; longue port&#x00e9;e. - capacit&#x00e9; sp&#x00e9;ciale: Faible spotfire\" title=\"Comp&#x00e9;tence :: Faible spotfire\"\/><\/span><\/p>\n<div class=\"skill-wrapper-bottom\"><span class=\"icon_skill_title\">Faible spotfire<\/span><\/p>\n<p class=\"icon_skill_text\">Attaque de proximit\u00e9 \u00e0 moyenne port\u00e9e. <span style=\"color: #ff7200;\">Super&nbsp;Puissance :<\/span> R\u00e9duit les d\u00e9g\u00e2ts de la cible.<\/p>\n<\/p>\n<\/div>\n<p><span class=\"clear\"><!-- --><\/span><\/p>\n<\/div>\n<\/div>\n<div class=\"two_thirds\">\n<h3 class=\"headlinelex2_2\">Donn&#x00e9;es sur le pistolet laser: Marteau<\/h3>\n<div class=\"fact_lex\">\n<p>Sur le march&#x00e9; il y a plus de 40 ans, le marteau est rapidement devenu une des armes favorites des cowboys, et sa popularit&#x00e9; continue encore aujourd&rsquo;hui. &#x00c0; cette &#x00e9;poque, sa construction modulaire est une nouveaut&#x00e9; absolue et les premiers propri&#x00e9;taires rajout&#x00e8;rent les kits les plus extravagants sur leurs marteaux. En raison d&rsquo;un grand nombre d&rsquo;accidents relatifs &#x00e0; ces rajouts, des contraintes strictes de mise &#x00e0; niveau ont d&#x00fb; &#x00ea;tre mises en place peu de temps apr&#x00e8;s, conduisant aujourd&rsquo;hui &#x00e0; normaliser les kits de mise &#x00e0; niveau des armes pour les pistolets lasers. Cependant, &#x00e0; cause du processus d&rsquo;enregistrement obligatoire mis en place des ann&#x00e9;es plus tard, ces contraintes pouvaient facilement &#x00ea;tre contourn&#x00e9;es: le pistolet laser de l&rsquo;aventurier l&#x00e9;gendaire Saul \u00ab\u00a0La Menace\u00a0\u00bb Jackson en est un exemple. Depuis sa disparition, il y a 5 ans, beaucoup de personnes recherchent toujours les traces de ce marteau extraordinaire dans Mokon Woods.<\/p>\n<p>&#x00c0; cette &#x00e9;poque, sa construction modulaire est une nouveaut&#x00e9; absolue et les premiers propri&#x00e9;taires rajout&#x00e8;rent les kits les plus extravagants sur leurs marteaux. En raison d&rsquo;un grand nombre d&rsquo;accidents relatifs &#x00e0; ces rajouts, des contraintes strictes de mise &#x00e0; niveau ont d&#x00fb; &#x00ea;tre mises en place peu de temps apr&#x00e8;s, conduisant aujourd&rsquo;hui &#x00e0; normaliser les kits de mise &#x00e0; niveau des armes pour les pistolets lasers.<\/p>\n<p>Cependant, &#x00e0; cause du processus d&rsquo;enregistrement obligatoire mis en place des ann&#x00e9;es plus tard, ces contraintes pouvaient facilement &#x00ea;tre contourn&#x00e9;es: le pistolet laser de l&rsquo;aventurier l&#x00e9;gendaire Saul \u00ab\u00a0La Menace\u00a0\u00bb Jackson en est un exemple. Depuis sa disparition, il y a 5 ans, beaucoup de personnes recherchent toujours les traces de ce marteau extraordinaire dans Mokon Woods.<\/p>\n<\/div>\n<\/div>\n<div class=\"full\">\n<img decoding=\"async\" class=\"hr3 margin35 colorbox-5052\" src=\"\/wp-content\/themes\/arras\/images\/dinostorm\/seperator_big.png\" alt=\"separator dino storm\" \/>\n<\/div>\n","protected":false},"excerpt":{"rendered":"<p>Arme \u2014 Marteaur Retour Dino Storm &#8211; Marteau Le marteau est un lance-roquette, assez petit pour &#x00ea;tre manipul&#x00e9; par une seule personne. Le marteau n&rsquo;a pas besoin d&rsquo;une cadence &#x00e9;lev&#x00e9;e de tir pour engendrer beaucoup [&hellip;]<\/p>\n","protected":false},"author":26,"featured_media":15052,"parent":5048,"menu_order":0,"comment_status":"closed","ping_status":"closed","template":"pagetpl-onecolumn.php","meta":{"footnotes":"","_links_to":"","_links_to_target":""},"class_list":["post-5052","page","type-page","status-publish","has-post-thumbnail","hentry"],"yoast_head":"<!-- This site is optimized with the Yoast SEO plugin v27.3 - https:\/\/yoast.com\/product\/yoast-seo-wordpress\/ -->\n<title>Arme - Marteaur - DinoStorm<\/title>\n<meta name=\"description\" content=\"Le marteau est un lance-roquette assez petit et qui peut donc \u00eatre manipul\u00e9 par une seule personne.\" \/>\n<meta name=\"robots\" content=\"index, follow, max-snippet:-1, max-image-preview:large, max-video-preview:-1\" \/>\n<link rel=\"canonical\" href=\"https:\/\/dinostorm.com\/fr\/le-jeu\/lexique-des-armes\/marteaur\/\" \/>\n<meta property=\"og:locale\" content=\"fr_FR\" \/>\n<meta property=\"og:type\" content=\"article\" \/>\n<meta property=\"og:title\" content=\"Arme - Marteaur - DinoStorm\" \/>\n<meta property=\"og:description\" content=\"Le marteau est un lance-roquette assez petit et qui peut donc \u00eatre manipul\u00e9 par une seule personne.\" \/>\n<meta property=\"og:url\" content=\"https:\/\/dinostorm.com\/fr\/le-jeu\/lexique-des-armes\/marteaur\/\" \/>\n<meta property=\"og:site_name\" content=\"DinoStorm\" \/>\n<meta property=\"article:modified_time\" content=\"2021-06-24T12:09:50+00:00\" \/>\n<meta property=\"og:image\" content=\"https:\/\/dinostorm.com\/wp-content\/uploads\/2012\/09\/ds_jungle_01.jpg\" \/>\n\t<meta property=\"og:image:width\" content=\"1280\" \/>\n\t<meta property=\"og:image:height\" content=\"720\" \/>\n\t<meta property=\"og:image:type\" content=\"image\/jpeg\" \/>\n<meta name=\"twitter:label1\" content=\"Dur\u00e9e de lecture estim\u00e9e\" \/>\n\t<meta name=\"twitter:data1\" content=\"2 minutes\" \/>\n<script type=\"application\/ld+json\" class=\"yoast-schema-graph\">{\"@context\":\"https:\\\/\\\/schema.org\",\"@graph\":[{\"@type\":\"WebPage\",\"@id\":\"https:\\\/\\\/dinostorm.com\\\/fr\\\/le-jeu\\\/lexique-des-armes\\\/marteaur\\\/\",\"url\":\"https:\\\/\\\/dinostorm.com\\\/fr\\\/le-jeu\\\/lexique-des-armes\\\/marteaur\\\/\",\"name\":\"Arme - Marteaur - DinoStorm\",\"isPartOf\":{\"@id\":\"https:\\\/\\\/dinostorm.com\\\/fr\\\/#website\"},\"primaryImageOfPage\":{\"@id\":\"https:\\\/\\\/dinostorm.com\\\/fr\\\/le-jeu\\\/lexique-des-armes\\\/marteaur\\\/#primaryimage\"},\"image\":{\"@id\":\"https:\\\/\\\/dinostorm.com\\\/fr\\\/le-jeu\\\/lexique-des-armes\\\/marteaur\\\/#primaryimage\"},\"thumbnailUrl\":\"https:\\\/\\\/dinostorm.com\\\/wp-content\\\/uploads\\\/2012\\\/09\\\/ds_jungle_01.jpg\",\"datePublished\":\"2012-10-18T07:13:55+00:00\",\"dateModified\":\"2021-06-24T12:09:50+00:00\",\"description\":\"Le marteau est un lance-roquette assez petit et qui peut donc \u00eatre manipul\u00e9 par une seule personne.\",\"breadcrumb\":{\"@id\":\"https:\\\/\\\/dinostorm.com\\\/fr\\\/le-jeu\\\/lexique-des-armes\\\/marteaur\\\/#breadcrumb\"},\"inLanguage\":\"fr-FR\",\"potentialAction\":[{\"@type\":\"ReadAction\",\"target\":[\"https:\\\/\\\/dinostorm.com\\\/fr\\\/le-jeu\\\/lexique-des-armes\\\/marteaur\\\/\"]}]},{\"@type\":\"ImageObject\",\"inLanguage\":\"fr-FR\",\"@id\":\"https:\\\/\\\/dinostorm.com\\\/fr\\\/le-jeu\\\/lexique-des-armes\\\/marteaur\\\/#primaryimage\",\"url\":\"https:\\\/\\\/dinostorm.com\\\/wp-content\\\/uploads\\\/2012\\\/09\\\/ds_jungle_01.jpg\",\"contentUrl\":\"https:\\\/\\\/dinostorm.com\\\/wp-content\\\/uploads\\\/2012\\\/09\\\/ds_jungle_01.jpg\",\"width\":1280,\"height\":720,\"caption\":\"Beware of dangerous bandits in Mokon Woods are everywhere.\"},{\"@type\":\"BreadcrumbList\",\"@id\":\"https:\\\/\\\/dinostorm.com\\\/fr\\\/le-jeu\\\/lexique-des-armes\\\/marteaur\\\/#breadcrumb\",\"itemListElement\":[{\"@type\":\"ListItem\",\"position\":1,\"name\":\"Home\",\"item\":\"https:\\\/\\\/dinostorm.com\\\/fr\\\/\"},{\"@type\":\"ListItem\",\"position\":2,\"name\":\"Le jeu\",\"item\":\"https:\\\/\\\/dinostorm.com\\\/fr\\\/le-jeu\\\/\"},{\"@type\":\"ListItem\",\"position\":3,\"name\":\"Lexique des armes\",\"item\":\"https:\\\/\\\/dinostorm.com\\\/fr\\\/le-jeu\\\/lexique-des-armes\\\/\"},{\"@type\":\"ListItem\",\"position\":4,\"name\":\"Arme &#8211; Marteaur\"}]},{\"@type\":\"WebSite\",\"@id\":\"https:\\\/\\\/dinostorm.com\\\/fr\\\/#website\",\"url\":\"https:\\\/\\\/dinostorm.com\\\/fr\\\/\",\"name\":\"DinoStorm\",\"description\":\"\",\"potentialAction\":[{\"@type\":\"SearchAction\",\"target\":{\"@type\":\"EntryPoint\",\"urlTemplate\":\"https:\\\/\\\/dinostorm.com\\\/fr\\\/?s={search_term_string}\"},\"query-input\":{\"@type\":\"PropertyValueSpecification\",\"valueRequired\":true,\"valueName\":\"search_term_string\"}}],\"inLanguage\":\"fr-FR\"}]}<\/script>\n<!-- \/ Yoast SEO plugin. -->","yoast_head_json":{"title":"Arme - Marteaur - DinoStorm","description":"Le marteau est un lance-roquette assez petit et qui peut donc \u00eatre manipul\u00e9 par une seule personne.","robots":{"index":"index","follow":"follow","max-snippet":"max-snippet:-1","max-image-preview":"max-image-preview:large","max-video-preview":"max-video-preview:-1"},"canonical":"https:\/\/dinostorm.com\/fr\/le-jeu\/lexique-des-armes\/marteaur\/","og_locale":"fr_FR","og_type":"article","og_title":"Arme - Marteaur - DinoStorm","og_description":"Le marteau est un lance-roquette assez petit et qui peut donc \u00eatre manipul\u00e9 par une seule personne.","og_url":"https:\/\/dinostorm.com\/fr\/le-jeu\/lexique-des-armes\/marteaur\/","og_site_name":"DinoStorm","article_modified_time":"2021-06-24T12:09:50+00:00","og_image":[{"width":1280,"height":720,"url":"https:\/\/dinostorm.com\/wp-content\/uploads\/2012\/09\/ds_jungle_01.jpg","type":"image\/jpeg"}],"twitter_misc":{"Dur\u00e9e de lecture estim\u00e9e":"2 minutes"},"schema":{"@context":"https:\/\/schema.org","@graph":[{"@type":"WebPage","@id":"https:\/\/dinostorm.com\/fr\/le-jeu\/lexique-des-armes\/marteaur\/","url":"https:\/\/dinostorm.com\/fr\/le-jeu\/lexique-des-armes\/marteaur\/","name":"Arme - Marteaur - DinoStorm","isPartOf":{"@id":"https:\/\/dinostorm.com\/fr\/#website"},"primaryImageOfPage":{"@id":"https:\/\/dinostorm.com\/fr\/le-jeu\/lexique-des-armes\/marteaur\/#primaryimage"},"image":{"@id":"https:\/\/dinostorm.com\/fr\/le-jeu\/lexique-des-armes\/marteaur\/#primaryimage"},"thumbnailUrl":"https:\/\/dinostorm.com\/wp-content\/uploads\/2012\/09\/ds_jungle_01.jpg","datePublished":"2012-10-18T07:13:55+00:00","dateModified":"2021-06-24T12:09:50+00:00","description":"Le marteau est un lance-roquette assez petit et qui peut donc \u00eatre manipul\u00e9 par une seule personne.","breadcrumb":{"@id":"https:\/\/dinostorm.com\/fr\/le-jeu\/lexique-des-armes\/marteaur\/#breadcrumb"},"inLanguage":"fr-FR","potentialAction":[{"@type":"ReadAction","target":["https:\/\/dinostorm.com\/fr\/le-jeu\/lexique-des-armes\/marteaur\/"]}]},{"@type":"ImageObject","inLanguage":"fr-FR","@id":"https:\/\/dinostorm.com\/fr\/le-jeu\/lexique-des-armes\/marteaur\/#primaryimage","url":"https:\/\/dinostorm.com\/wp-content\/uploads\/2012\/09\/ds_jungle_01.jpg","contentUrl":"https:\/\/dinostorm.com\/wp-content\/uploads\/2012\/09\/ds_jungle_01.jpg","width":1280,"height":720,"caption":"Beware of dangerous bandits in Mokon Woods are everywhere."},{"@type":"BreadcrumbList","@id":"https:\/\/dinostorm.com\/fr\/le-jeu\/lexique-des-armes\/marteaur\/#breadcrumb","itemListElement":[{"@type":"ListItem","position":1,"name":"Home","item":"https:\/\/dinostorm.com\/fr\/"},{"@type":"ListItem","position":2,"name":"Le jeu","item":"https:\/\/dinostorm.com\/fr\/le-jeu\/"},{"@type":"ListItem","position":3,"name":"Lexique des armes","item":"https:\/\/dinostorm.com\/fr\/le-jeu\/lexique-des-armes\/"},{"@type":"ListItem","position":4,"name":"Arme &#8211; Marteaur"}]},{"@type":"WebSite","@id":"https:\/\/dinostorm.com\/fr\/#website","url":"https:\/\/dinostorm.com\/fr\/","name":"DinoStorm","description":"","potentialAction":[{"@type":"SearchAction","target":{"@type":"EntryPoint","urlTemplate":"https:\/\/dinostorm.com\/fr\/?s={search_term_string}"},"query-input":{"@type":"PropertyValueSpecification","valueRequired":true,"valueName":"search_term_string"}}],"inLanguage":"fr-FR"}]}},"_links":{"self":[{"href":"https:\/\/dinostorm.com\/fr\/wp-json\/wp\/v2\/pages\/5052","targetHints":{"allow":["GET"]}}],"collection":[{"href":"https:\/\/dinostorm.com\/fr\/wp-json\/wp\/v2\/pages"}],"about":[{"href":"https:\/\/dinostorm.com\/fr\/wp-json\/wp\/v2\/types\/page"}],"author":[{"embeddable":true,"href":"https:\/\/dinostorm.com\/fr\/wp-json\/wp\/v2\/users\/26"}],"replies":[{"embeddable":true,"href":"https:\/\/dinostorm.com\/fr\/wp-json\/wp\/v2\/comments?post=5052"}],"version-history":[{"count":3,"href":"https:\/\/dinostorm.com\/fr\/wp-json\/wp\/v2\/pages\/5052\/revisions"}],"predecessor-version":[{"id":232708,"href":"https:\/\/dinostorm.com\/fr\/wp-json\/wp\/v2\/pages\/5052\/revisions\/232708"}],"up":[{"embeddable":true,"href":"https:\/\/dinostorm.com\/fr\/wp-json\/wp\/v2\/pages\/5048"}],"wp:featuredmedia":[{"embeddable":true,"href":"https:\/\/dinostorm.com\/fr\/wp-json\/wp\/v2\/media\/15052"}],"wp:attachment":[{"href":"https:\/\/dinostorm.com\/fr\/wp-json\/wp\/v2\/media?parent=5052"}],"curies":[{"name":"wp","href":"https:\/\/api.w.org\/{rel}","templated":true}]}}