{"id":5051,"date":"2012-10-18T09:13:48","date_gmt":"2012-10-18T07:13:48","guid":{"rendered":"http:\/\/dinostorm.com\/?page_id=5051"},"modified":"2021-06-17T13:59:29","modified_gmt":"2021-06-17T11:59:29","slug":"pistolet-colt-combustible","status":"publish","type":"page","link":"https:\/\/dinostorm.com\/fr\/le-jeu\/lexique-des-armes\/pistolet-colt-combustible\/","title":{"rendered":"Arme \u2014 pistolet Colt \u00e0 combustible"},"content":{"rendered":"<div class=\"teaser\"><\/div>\n<h1 class=\"headline_page width_500\"><span>Arme \u2014 pistolet Colt \u00e0 combustible<\/span><\/h1>\n<p class=\"back-button back-pos500\"><a class=\"back-block\" href=\"http:\/\/dinostorm.com\/fr\/le-jeu\/lexique-des-armes\/\">Retour<\/a><\/p>\n<div class=\"two_thirds\">\n<h2 class=\"headline-lex\"><span>Dino Storm &#8211; pistolet Colt \u00e0 combustible<\/span><\/h2>\n<div class=\"banner_lex\">\n<p class=\"banner_text_lex text_lex\">Le Colt \u00e0 combustible est con\u00e7u pour g\u00e9n\u00e9rer un courant de feu contr\u00f4lable. Son avantage par rapport \u00e0 la cadence de tir vis \u00e0 vis des autres armes \u00e0 feu augmente de plus en plus au fil des niveaux.<\/p>\n<div style=\"margin-right: 29px; float: left; width: 10px; text-align: left; position: relative; top: 40px; left: 30px\">\n<strong class=\"text_lex\" style=\"position: relative; top: 12px\">D\u00e9g\u00e2ts:<\/strong><br \/>\n<strong class=\"text_lex\" style=\"position: relative; top: 30px\">Cadence&nbsp;de&nbsp;tir:<\/strong><br \/>\n<strong class=\"text_lex\" style=\"position: relative; top: 50px\">Port\u00e9e:<\/strong>\n<\/div>\n<div style=\"margin-right: 20px; float: left; width: 118px; text-align: left; position: relative; top: 70px; left: 10px\">\n<img decoding=\"async\" class=\"skill_image_lex colorbox-5051\" title=\"D\u00e9g\u00e2ts: 2\" alt=\"pistolet Colt \u00e0 combustible - D\u00e9g\u00e2ts: 2.\" src=\"\/wp-content\/themes\/arras\/images\/dinostorm\/Dinos\/bar_strength_2.png\" \/><br \/>\n<img decoding=\"async\" class=\"skill_image_lex colorbox-5051\" title=\"Cadence de tir: 4\" alt=\"pistolet Colt \u00e0 combustible - Cadence de tir: 4.\" src=\"\/wp-content\/themes\/arras\/images\/dinostorm\/Dinos\/bar_endurance_4.png\" \/><br \/>\n<img decoding=\"async\" class=\"skill_image_lex colorbox-5051\" title=\"Port\u00e9e: 2\" alt=\"pistolet Colt \u00e0 combustible - Port\u00e9e: 2\" src=\"\/wp-content\/themes\/arras\/images\/dinostorm\/Dinos\/bar_health_2.png\" \/>\n<\/div>\n<\/div>\n<div class=\"one_third\">\n<img decoding=\"async\" class=\"weapon_lex_2 colorbox-5051\" alt=\"Dino Storm: pistolet Colt \u00e0 combustible\" src=\"\/wp-content\/themes\/arras\/images\/dinostorm\/burningcolt.png\" \/>\n<\/div>\n<\/div>\n<div class=\"clear\"><\/div>\n<div class=\"one_third\">\n<h3 class=\"headlinelex2_1\">Caract\u00e9ristiques du pistolet laser : pistolet Colt \u00e0 combustible<\/h3>\n<div class=\"banner_lex2\"><span class=\"icon_skill_top float-left\"><img class=\"colorbox-5051\"  decoding=\"async\" title=\"Comp\u00e9tence :: Rafale de feu\" alt=\"Le Colt \u00e0 combustible est con\u00e7u pour g\u00e9n\u00e9rer un courant de feu contr\u00f4lable. Son avantage par rapport \u00e0 la cadence de tir vis \u00e0 vis des autres armes \u00e0 feu augmente de plus en plus au fil des niveaux. - capacit\u00e9 sp\u00e9ciale: Rafale de feu\" src=\"\/wp-content\/themes\/arras\/images\/dinostorm\/skill_colt_01.png\" \/><\/span><\/p>\n<div class=\"skill-wrapper\"><span class=\"icon_skill_title\">Rafale de feu<\/span><\/p>\n<p class=\"icon_skill_text\">Attaque \u00e0 distance rapproch\u00e9e. <span style=\"color: #ff7200;\">Super Puissance :<\/span> P\u00e9n\u00e8tre les armures.<\/p>\n<\/div>\n<p><span class=\"clear\"><!-- --><\/span><span class=\"icon_skill_top float-left\"><img class=\"colorbox-5051\"  decoding=\"async\" title=\"Comp\u00e9tence :: D\u00e9tonateur de feu\" alt=\"Le Colt \u00e0 combustible est con\u00e7u pour g\u00e9n\u00e9rer un courant de feu contr\u00f4lable. Son avantage par rapport \u00e0 la cadence de tir vis \u00e0 vis des autres armes \u00e0 feu augmente de plus en plus au fil des niveaux. - capacit\u00e9 sp\u00e9ciale: D\u00e9tonateur de feu\" src=\"\/wp-content\/themes\/arras\/images\/dinostorm\/skill_colt_02.png\" \/><\/span><\/p>\n<div class=\"skill-wrapper-bottom\"><span class=\"icon_skill_title\">D\u00e9tonateur de feu<\/span><\/p>\n<p class=\"icon_skill_text\">Attaque \u00e0 courte et moyenne port\u00e9e. <span style=\"color: #ff7200;\">Super Puissance :<\/span> Inflige des br\u00fblures.<\/p>\n<\/div>\n<\/div>\n<p><span class=\"clear\"><!-- --><\/span><\/p>\n<\/div>\n<div class=\"two_thirds\">\n<h3 class=\"headlinelex2_2\">Donn\u00e9es sur le pistolet laser: pistolet Colt \u00e0 combustible<\/h3>\n<div class=\"fact_lex\">\n<p>Le Colt \u00e0 combustiblenApr\u00e8s l&rsquo;avoir invent\u00e9 afin d&rsquo;ouvrir de profondes all\u00e9es \u00e0 travers les \u00e9paisses broussailles de Mokon Woods, il est rapidement devenu l&rsquo;arme de courte port\u00e9e de choix parmi les cowboys en raison de son extraordinaire cadence de tir. Le secret du Colt \u00e0 combustible r\u00e9side dans la pression extr\u00eamement \u00e9lev\u00e9e d&rsquo;un m\u00e9lange secret de substances inflammables lors de ses tirs sur les cibles. Certains utilisent de la graisse de dinosaure \u00e0 bon march\u00e9 pour remplir le r\u00e9servoir, mais son inventeur d\u00e9conseille fortement cette pratique car il peut boucher le conduit diffuseur. Le syst\u00e8me brevet\u00e9 de la technologie haute pression offre un avantage clair au Colt \u00e0 combustible par rapport aux \u00e9normes r\u00e9servoirs de carburant requis par les lance-flammes classiques. C&rsquo;est donc sans surprise que le Colt \u00e0 combustible s&rsquo;est vendu comme des petits pains depuis son introduction sur le march\u00e9.<\/p>\n<p>Le secret du Colt \u00e0 combustible r\u00e9side dans la pression extr\u00eamement \u00e9lev\u00e9e d&rsquo;un m\u00e9lange secret de substances inflammables lors de ses tirs sur les cibles. Certains utilisent de la graisse de dinosaure \u00e0 bon march\u00e9 pour remplir le r\u00e9servoir, mais son inventeur d\u00e9conseille fortement cette pratique car il peut boucher le conduit diffuseur.<\/p>\n<p>Le syst\u00e8me brevet\u00e9 de la technologie haute pression offre un avantage clair au Colt \u00e0 combustible par rapport aux \u00e9normes r\u00e9servoirs de carburant requis par les lance-flammes classiques. C&rsquo;est donc sans surprise que le Colt \u00e0 combustible s&rsquo;est vendu comme des petits pains depuis son introduction sur le march\u00e9.<\/p>\n<\/div>\n<\/div>\n<div class=\"full\"><img decoding=\"async\" class=\"hr3 margin35 colorbox-5051\" alt=\"separator dino storm\" src=\"\/wp-content\/themes\/arras\/images\/dinostorm\/seperator_big.png\" \/><\/div>\n","protected":false},"excerpt":{"rendered":"<p>Arme \u2014 pistolet Colt \u00e0 combustible Retour Dino Storm &#8211; pistolet Colt \u00e0 combustible Le Colt \u00e0 combustible est con\u00e7u pour g\u00e9n\u00e9rer un courant de feu contr\u00f4lable. Son avantage par rapport \u00e0 la cadence de [&hellip;]<\/p>\n","protected":false},"author":26,"featured_media":15052,"parent":5048,"menu_order":0,"comment_status":"closed","ping_status":"closed","template":"pagetpl-onecolumn.php","meta":{"footnotes":"","_links_to":"","_links_to_target":""},"class_list":["post-5051","page","type-page","status-publish","has-post-thumbnail","hentry"],"yoast_head":"<!-- This site is optimized with the Yoast SEO plugin v27.3 - https:\/\/yoast.com\/product\/yoast-seo-wordpress\/ -->\n<title>Arme \u2014 pistolet Colt \u00e0 combustible - DinoStorm<\/title>\n<meta name=\"description\" content=\"Le pistolet Colt \u00e0 combustible est con\u00e7u pour \u00e9tablir un flux contr\u00f4l\u00e9 de feu. Tu trouveras ici toutes les informations utiles sur cette arme, ses donn\u00e9es..\" \/>\n<meta name=\"robots\" content=\"index, follow, max-snippet:-1, max-image-preview:large, max-video-preview:-1\" \/>\n<link rel=\"canonical\" href=\"https:\/\/dinostorm.com\/fr\/le-jeu\/lexique-des-armes\/pistolet-colt-combustible\/\" \/>\n<meta property=\"og:locale\" content=\"fr_FR\" \/>\n<meta property=\"og:type\" content=\"article\" \/>\n<meta property=\"og:title\" content=\"Arme \u2014 pistolet Colt \u00e0 combustible - DinoStorm\" \/>\n<meta property=\"og:description\" content=\"Le pistolet Colt \u00e0 combustible est con\u00e7u pour \u00e9tablir un flux contr\u00f4l\u00e9 de feu. Tu trouveras ici toutes les informations utiles sur cette arme, ses donn\u00e9es..\" \/>\n<meta property=\"og:url\" content=\"https:\/\/dinostorm.com\/fr\/le-jeu\/lexique-des-armes\/pistolet-colt-combustible\/\" \/>\n<meta property=\"og:site_name\" content=\"DinoStorm\" \/>\n<meta property=\"article:modified_time\" content=\"2021-06-17T11:59:29+00:00\" \/>\n<meta property=\"og:image\" content=\"https:\/\/dinostorm.com\/wp-content\/uploads\/2012\/09\/ds_jungle_01.jpg\" \/>\n\t<meta property=\"og:image:width\" content=\"1280\" \/>\n\t<meta property=\"og:image:height\" content=\"720\" \/>\n\t<meta property=\"og:image:type\" content=\"image\/jpeg\" \/>\n<meta name=\"twitter:label1\" content=\"Dur\u00e9e de lecture estim\u00e9e\" \/>\n\t<meta name=\"twitter:data1\" content=\"2 minutes\" \/>\n<script type=\"application\/ld+json\" class=\"yoast-schema-graph\">{\"@context\":\"https:\\\/\\\/schema.org\",\"@graph\":[{\"@type\":\"WebPage\",\"@id\":\"https:\\\/\\\/dinostorm.com\\\/fr\\\/le-jeu\\\/lexique-des-armes\\\/pistolet-colt-combustible\\\/\",\"url\":\"https:\\\/\\\/dinostorm.com\\\/fr\\\/le-jeu\\\/lexique-des-armes\\\/pistolet-colt-combustible\\\/\",\"name\":\"Arme \u2014 pistolet Colt \u00e0 combustible - DinoStorm\",\"isPartOf\":{\"@id\":\"https:\\\/\\\/dinostorm.com\\\/fr\\\/#website\"},\"primaryImageOfPage\":{\"@id\":\"https:\\\/\\\/dinostorm.com\\\/fr\\\/le-jeu\\\/lexique-des-armes\\\/pistolet-colt-combustible\\\/#primaryimage\"},\"image\":{\"@id\":\"https:\\\/\\\/dinostorm.com\\\/fr\\\/le-jeu\\\/lexique-des-armes\\\/pistolet-colt-combustible\\\/#primaryimage\"},\"thumbnailUrl\":\"https:\\\/\\\/dinostorm.com\\\/wp-content\\\/uploads\\\/2012\\\/09\\\/ds_jungle_01.jpg\",\"datePublished\":\"2012-10-18T07:13:48+00:00\",\"dateModified\":\"2021-06-17T11:59:29+00:00\",\"description\":\"Le pistolet Colt \u00e0 combustible est con\u00e7u pour \u00e9tablir un flux contr\u00f4l\u00e9 de feu. Tu trouveras ici toutes les informations utiles sur cette arme, ses donn\u00e9es..\",\"breadcrumb\":{\"@id\":\"https:\\\/\\\/dinostorm.com\\\/fr\\\/le-jeu\\\/lexique-des-armes\\\/pistolet-colt-combustible\\\/#breadcrumb\"},\"inLanguage\":\"fr-FR\",\"potentialAction\":[{\"@type\":\"ReadAction\",\"target\":[\"https:\\\/\\\/dinostorm.com\\\/fr\\\/le-jeu\\\/lexique-des-armes\\\/pistolet-colt-combustible\\\/\"]}]},{\"@type\":\"ImageObject\",\"inLanguage\":\"fr-FR\",\"@id\":\"https:\\\/\\\/dinostorm.com\\\/fr\\\/le-jeu\\\/lexique-des-armes\\\/pistolet-colt-combustible\\\/#primaryimage\",\"url\":\"https:\\\/\\\/dinostorm.com\\\/wp-content\\\/uploads\\\/2012\\\/09\\\/ds_jungle_01.jpg\",\"contentUrl\":\"https:\\\/\\\/dinostorm.com\\\/wp-content\\\/uploads\\\/2012\\\/09\\\/ds_jungle_01.jpg\",\"width\":1280,\"height\":720,\"caption\":\"Beware of dangerous bandits in Mokon Woods are everywhere.\"},{\"@type\":\"BreadcrumbList\",\"@id\":\"https:\\\/\\\/dinostorm.com\\\/fr\\\/le-jeu\\\/lexique-des-armes\\\/pistolet-colt-combustible\\\/#breadcrumb\",\"itemListElement\":[{\"@type\":\"ListItem\",\"position\":1,\"name\":\"Home\",\"item\":\"https:\\\/\\\/dinostorm.com\\\/fr\\\/\"},{\"@type\":\"ListItem\",\"position\":2,\"name\":\"Le jeu\",\"item\":\"https:\\\/\\\/dinostorm.com\\\/fr\\\/le-jeu\\\/\"},{\"@type\":\"ListItem\",\"position\":3,\"name\":\"Lexique des armes\",\"item\":\"https:\\\/\\\/dinostorm.com\\\/fr\\\/le-jeu\\\/lexique-des-armes\\\/\"},{\"@type\":\"ListItem\",\"position\":4,\"name\":\"Arme \u2014 pistolet Colt \u00e0 combustible\"}]},{\"@type\":\"WebSite\",\"@id\":\"https:\\\/\\\/dinostorm.com\\\/fr\\\/#website\",\"url\":\"https:\\\/\\\/dinostorm.com\\\/fr\\\/\",\"name\":\"DinoStorm\",\"description\":\"\",\"potentialAction\":[{\"@type\":\"SearchAction\",\"target\":{\"@type\":\"EntryPoint\",\"urlTemplate\":\"https:\\\/\\\/dinostorm.com\\\/fr\\\/?s={search_term_string}\"},\"query-input\":{\"@type\":\"PropertyValueSpecification\",\"valueRequired\":true,\"valueName\":\"search_term_string\"}}],\"inLanguage\":\"fr-FR\"}]}<\/script>\n<!-- \/ Yoast SEO plugin. -->","yoast_head_json":{"title":"Arme \u2014 pistolet Colt \u00e0 combustible - DinoStorm","description":"Le pistolet Colt \u00e0 combustible est con\u00e7u pour \u00e9tablir un flux contr\u00f4l\u00e9 de feu. Tu trouveras ici toutes les informations utiles sur cette arme, ses donn\u00e9es..","robots":{"index":"index","follow":"follow","max-snippet":"max-snippet:-1","max-image-preview":"max-image-preview:large","max-video-preview":"max-video-preview:-1"},"canonical":"https:\/\/dinostorm.com\/fr\/le-jeu\/lexique-des-armes\/pistolet-colt-combustible\/","og_locale":"fr_FR","og_type":"article","og_title":"Arme \u2014 pistolet Colt \u00e0 combustible - DinoStorm","og_description":"Le pistolet Colt \u00e0 combustible est con\u00e7u pour \u00e9tablir un flux contr\u00f4l\u00e9 de feu. Tu trouveras ici toutes les informations utiles sur cette arme, ses donn\u00e9es..","og_url":"https:\/\/dinostorm.com\/fr\/le-jeu\/lexique-des-armes\/pistolet-colt-combustible\/","og_site_name":"DinoStorm","article_modified_time":"2021-06-17T11:59:29+00:00","og_image":[{"width":1280,"height":720,"url":"https:\/\/dinostorm.com\/wp-content\/uploads\/2012\/09\/ds_jungle_01.jpg","type":"image\/jpeg"}],"twitter_misc":{"Dur\u00e9e de lecture estim\u00e9e":"2 minutes"},"schema":{"@context":"https:\/\/schema.org","@graph":[{"@type":"WebPage","@id":"https:\/\/dinostorm.com\/fr\/le-jeu\/lexique-des-armes\/pistolet-colt-combustible\/","url":"https:\/\/dinostorm.com\/fr\/le-jeu\/lexique-des-armes\/pistolet-colt-combustible\/","name":"Arme \u2014 pistolet Colt \u00e0 combustible - DinoStorm","isPartOf":{"@id":"https:\/\/dinostorm.com\/fr\/#website"},"primaryImageOfPage":{"@id":"https:\/\/dinostorm.com\/fr\/le-jeu\/lexique-des-armes\/pistolet-colt-combustible\/#primaryimage"},"image":{"@id":"https:\/\/dinostorm.com\/fr\/le-jeu\/lexique-des-armes\/pistolet-colt-combustible\/#primaryimage"},"thumbnailUrl":"https:\/\/dinostorm.com\/wp-content\/uploads\/2012\/09\/ds_jungle_01.jpg","datePublished":"2012-10-18T07:13:48+00:00","dateModified":"2021-06-17T11:59:29+00:00","description":"Le pistolet Colt \u00e0 combustible est con\u00e7u pour \u00e9tablir un flux contr\u00f4l\u00e9 de feu. Tu trouveras ici toutes les informations utiles sur cette arme, ses donn\u00e9es..","breadcrumb":{"@id":"https:\/\/dinostorm.com\/fr\/le-jeu\/lexique-des-armes\/pistolet-colt-combustible\/#breadcrumb"},"inLanguage":"fr-FR","potentialAction":[{"@type":"ReadAction","target":["https:\/\/dinostorm.com\/fr\/le-jeu\/lexique-des-armes\/pistolet-colt-combustible\/"]}]},{"@type":"ImageObject","inLanguage":"fr-FR","@id":"https:\/\/dinostorm.com\/fr\/le-jeu\/lexique-des-armes\/pistolet-colt-combustible\/#primaryimage","url":"https:\/\/dinostorm.com\/wp-content\/uploads\/2012\/09\/ds_jungle_01.jpg","contentUrl":"https:\/\/dinostorm.com\/wp-content\/uploads\/2012\/09\/ds_jungle_01.jpg","width":1280,"height":720,"caption":"Beware of dangerous bandits in Mokon Woods are everywhere."},{"@type":"BreadcrumbList","@id":"https:\/\/dinostorm.com\/fr\/le-jeu\/lexique-des-armes\/pistolet-colt-combustible\/#breadcrumb","itemListElement":[{"@type":"ListItem","position":1,"name":"Home","item":"https:\/\/dinostorm.com\/fr\/"},{"@type":"ListItem","position":2,"name":"Le jeu","item":"https:\/\/dinostorm.com\/fr\/le-jeu\/"},{"@type":"ListItem","position":3,"name":"Lexique des armes","item":"https:\/\/dinostorm.com\/fr\/le-jeu\/lexique-des-armes\/"},{"@type":"ListItem","position":4,"name":"Arme \u2014 pistolet Colt \u00e0 combustible"}]},{"@type":"WebSite","@id":"https:\/\/dinostorm.com\/fr\/#website","url":"https:\/\/dinostorm.com\/fr\/","name":"DinoStorm","description":"","potentialAction":[{"@type":"SearchAction","target":{"@type":"EntryPoint","urlTemplate":"https:\/\/dinostorm.com\/fr\/?s={search_term_string}"},"query-input":{"@type":"PropertyValueSpecification","valueRequired":true,"valueName":"search_term_string"}}],"inLanguage":"fr-FR"}]}},"_links":{"self":[{"href":"https:\/\/dinostorm.com\/fr\/wp-json\/wp\/v2\/pages\/5051","targetHints":{"allow":["GET"]}}],"collection":[{"href":"https:\/\/dinostorm.com\/fr\/wp-json\/wp\/v2\/pages"}],"about":[{"href":"https:\/\/dinostorm.com\/fr\/wp-json\/wp\/v2\/types\/page"}],"author":[{"embeddable":true,"href":"https:\/\/dinostorm.com\/fr\/wp-json\/wp\/v2\/users\/26"}],"replies":[{"embeddable":true,"href":"https:\/\/dinostorm.com\/fr\/wp-json\/wp\/v2\/comments?post=5051"}],"version-history":[{"count":3,"href":"https:\/\/dinostorm.com\/fr\/wp-json\/wp\/v2\/pages\/5051\/revisions"}],"predecessor-version":[{"id":230084,"href":"https:\/\/dinostorm.com\/fr\/wp-json\/wp\/v2\/pages\/5051\/revisions\/230084"}],"up":[{"embeddable":true,"href":"https:\/\/dinostorm.com\/fr\/wp-json\/wp\/v2\/pages\/5048"}],"wp:featuredmedia":[{"embeddable":true,"href":"https:\/\/dinostorm.com\/fr\/wp-json\/wp\/v2\/media\/15052"}],"wp:attachment":[{"href":"https:\/\/dinostorm.com\/fr\/wp-json\/wp\/v2\/media?parent=5051"}],"curies":[{"name":"wp","href":"https:\/\/api.w.org\/{rel}","templated":true}]}}