{"id":5041,"date":"2011-01-12T22:09:13","date_gmt":"2011-01-12T20:09:13","guid":{"rendered":"http:\/\/dinostorm.com\/?page_id=5041"},"modified":"2019-03-07T15:23:44","modified_gmt":"2019-03-07T13:23:44","slug":"faq","status":"publish","type":"page","link":"https:\/\/dinostorm.com\/fr\/le-jeu\/faq\/","title":{"rendered":"FAQ"},"content":{"rendered":"<div class=\"teaser\"><\/div>\n<h1 class=\"headline_page width_350\"><span>Dino Storm &#8211; FAQ<\/span><\/h1>\n<p class=\"back-button back-pos350\"><a class=\"back-block\" href=\"\/fr\/le-jeu#overview\">Retour<\/a><\/p>\n<div class=\"one_half\">\n<h2>Questions g\u00e9n\u00e9rales concernant le jeu Dino Storm sur ton navigateur<\/h2>\n<h3>Qu&rsquo;est-ce que Dino Storm ?<\/h3>\n<p>Dino Storm est un jeu gratuit multijoueurs avec de nombreux effets 3D, accessible sur ton navigateur. Tu es un brave ranger qui se rend \u00e0 Dinoville, o\u00f9 de riches filons d&rsquo;or ont \u00e9t\u00e9 d\u00e9couverts. Jette un \u0153il \u00e0 notre guide du jeu pour un r\u00e9sum\u00e9 complet et pour avoir des conseils qui seront alors le point de d\u00e9part pour jouer \u00e0 Dino Storm.<\/p>\n<h3>Combien \u00e7a co\u00fbte pour jouer \u00e0 Dino Storm?<\/h3>\n<p>L&rsquo;inscription et le jeu sont compl\u00e8tement gratuits. Tu t&rsquo;inscris en un clin de \u0153il, sans aucune obligation et tu seras alors imm\u00e9diatement pr\u00eat \u00e0 jouer . Nous ne demandons pas de renseignements personnels. Tu devras juste te concentrer pour jouer le mieux possible.<\/p>\n<h2>Comment Dino Storm a commenc\u00e9 ?<\/h2>\n<p>Bon, Dino Storm n&rsquo;est pas exactement le projet type que les entreprises de jeu d\u00e9veloppent habituellement. En fait, tout a commenc\u00e9 avec un dessin tir\u00e9 d&rsquo;un film d&rsquo;animation que l&rsquo;on utilisait comme fond d&rsquo;\u00e9cran: des hommes ayant comme monture des dinosaures se tiraient dessus. On trouvait cette image tellement cool que l&rsquo;on a finalement d\u00e9cid\u00e9 de s&rsquo;asseoir tous ensemble pendant quelques jours, avec de nombreuses pizza et du coca z\u00e9ro, afin de transformer ce dessin en jeu. Quelques levers de soleil plus tard, on avait r\u00e9ussi \u00e0 cr\u00e9er un prototype entier, ce qui nous a enthousiasm\u00e9. On a alors d\u00e9cid\u00e9, apr\u00e8s avoir r\u00e9cup\u00e9r\u00e9 un peu d&rsquo;heures de sommeil quand m\u00eame, de construire une \u00e9quipe et un jeu MMO complet \u00e0 partir de cette petite image.<\/p>\n<h3>Qu&rsquo;est-ce que j&rsquo;obtiens quand je joue gratuitement?<\/h3>\n<p>Tout. L&rsquo;acc\u00e8s \u00e0 l&rsquo;ensemble du jeu depuis ton navigateur, sans aucune restriction, aucune limite d&rsquo;essai. Tu recevras toutes les mises \u00e0 jour, y compris les nouveaut\u00e9s et les corrections de bugs (dans les rares cas o\u00f9 nous avons effectivement fait une erreur) automatiquement et gratuitement. Tous les \u00e9l\u00e9ments du jeu sont disponibles gratuitement. Bien s\u00fbr, notre \u00e9quipe aimerait parfois se commander quelques bi\u00e8res. C&rsquo;est pourquoi, pour une somme modique, tu pourras rapidement et confortablement recharger ton compte, comme \u00e7a tu ne seras jamais sans protection contre les diff\u00e9rentes menaces qui t&rsquo;attendent dans le monde dangereux de Dino Storm.<\/p>\n<h3>DinoVille ? Est-ce une sorte de blague ?<\/h3>\n<p>Oui.<\/p>\n<\/div>\n<div class=\"one_half_last\">\n<h2>Questions g\u00e9n\u00e9rales au sujet de Splitscreen Games<\/h2>\n<h3>Combien de gigaoctets dois-je installer ?<\/h3>\n<p>Nous connaissons tes craintes. Toute personne ayant t\u00e9l\u00e9charg\u00e9 un jeu pendant des heures, qui l&rsquo;installe ensuite et qui, finalement, se rend compte que le jeu ne tient pas toutes ses promesses est frustr\u00e9e. Avec le jeu Dino Storm, tu n&rsquo;utiliseras que quelques m\u00e9gaoctets, et ceci en seulement quelques secondes. Lors du premier lancement, nous utilisons environ 10 m\u00e9gaoctets seulement. En toile de fond, le jeu utilisera le contenu r\u00e9el du jeu. En outre, le jeu en ligne 3D se met automatiquement \u00e0 jour, tu n&rsquo;auras donc pas du tout besoin d&rsquo;attendre, m\u00eame si nous \u00e9largissons le monde en ligne ou si nous le modifions, m\u00eame si, ce qui est absolument improbable, il y a des bugs.<\/p>\n<h3>Quel syst\u00e8me d&rsquo;exploitation supportes-tu?<\/h3>\n<p>Les dinosaures sont des animaux complexes et nous ne pouvons donc, pour le moment, que les utiliser sur \u200bles PC Windows.<\/p>\n<p>&nbsp;<\/p>\n<p><img class=\"colorbox-5041\"  decoding=\"async\" alt=\"Dino Storm\" src=\"\/wp-content\/themes\/arras\/images\/dinostorm\/Dino-Storm-Comic-4.png\" style=\"display:none\"\/><\/p>\n<\/div>\n<div class=\"full\"><img decoding=\"async\" class=\"hr3 margin35 colorbox-5041\" alt=\"separator dino storm\" src=\"\/wp-content\/themes\/arras\/images\/dinostorm\/seperator_big.png\" \/><\/div>\n","protected":false},"excerpt":{"rendered":"<p>Dino Storm &#8211; FAQ Retour Questions g\u00e9n\u00e9rales concernant le jeu Dino Storm sur ton navigateur Qu&rsquo;est-ce que Dino Storm ? Dino Storm est un jeu gratuit multijoueurs avec de nombreux effets 3D, accessible sur ton [&hellip;]<\/p>\n","protected":false},"author":26,"featured_media":-1,"parent":4941,"menu_order":0,"comment_status":"closed","ping_status":"closed","template":"pagetpl-onecolumn.php","meta":{"footnotes":"","_links_to":"","_links_to_target":""},"class_list":["post-5041","page","type-page","status-publish","has-post-thumbnail","hentry"],"yoast_head":"<!-- This site is optimized with the Yoast SEO plugin v27.3 - https:\/\/yoast.com\/product\/yoast-seo-wordpress\/ -->\n<title>FAQ - DinoStorm<\/title>\n<meta name=\"description\" content=\"Questions fr\u00e9quentes \u00e0 propos de Dino Storm.\" \/>\n<meta name=\"robots\" content=\"index, follow, max-snippet:-1, max-image-preview:large, max-video-preview:-1\" \/>\n<link rel=\"canonical\" href=\"https:\/\/dinostorm.com\/fr\/le-jeu\/faq\/\" \/>\n<meta property=\"og:locale\" content=\"fr_FR\" \/>\n<meta property=\"og:type\" content=\"article\" \/>\n<meta property=\"og:title\" content=\"FAQ - DinoStorm\" \/>\n<meta property=\"og:description\" content=\"Questions fr\u00e9quentes \u00e0 propos de Dino Storm.\" \/>\n<meta property=\"og:url\" content=\"https:\/\/dinostorm.com\/fr\/le-jeu\/faq\/\" \/>\n<meta property=\"og:site_name\" content=\"DinoStorm\" \/>\n<meta property=\"article:modified_time\" content=\"2019-03-07T13:23:44+00:00\" \/>\n<meta name=\"twitter:label1\" content=\"Dur\u00e9e de lecture estim\u00e9e\" \/>\n\t<meta name=\"twitter:data1\" content=\"3 minutes\" \/>\n<script type=\"application\/ld+json\" class=\"yoast-schema-graph\">{\"@context\":\"https:\\\/\\\/schema.org\",\"@graph\":[{\"@type\":\"WebPage\",\"@id\":\"https:\\\/\\\/dinostorm.com\\\/fr\\\/le-jeu\\\/faq\\\/\",\"url\":\"https:\\\/\\\/dinostorm.com\\\/fr\\\/le-jeu\\\/faq\\\/\",\"name\":\"FAQ - DinoStorm\",\"isPartOf\":{\"@id\":\"https:\\\/\\\/dinostorm.com\\\/fr\\\/#website\"},\"datePublished\":\"2011-01-12T20:09:13+00:00\",\"dateModified\":\"2019-03-07T13:23:44+00:00\",\"description\":\"Questions fr\u00e9quentes \u00e0 propos de Dino Storm.\",\"breadcrumb\":{\"@id\":\"https:\\\/\\\/dinostorm.com\\\/fr\\\/le-jeu\\\/faq\\\/#breadcrumb\"},\"inLanguage\":\"fr-FR\",\"potentialAction\":[{\"@type\":\"ReadAction\",\"target\":[\"https:\\\/\\\/dinostorm.com\\\/fr\\\/le-jeu\\\/faq\\\/\"]}]},{\"@type\":\"BreadcrumbList\",\"@id\":\"https:\\\/\\\/dinostorm.com\\\/fr\\\/le-jeu\\\/faq\\\/#breadcrumb\",\"itemListElement\":[{\"@type\":\"ListItem\",\"position\":1,\"name\":\"Home\",\"item\":\"https:\\\/\\\/dinostorm.com\\\/fr\\\/\"},{\"@type\":\"ListItem\",\"position\":2,\"name\":\"Le jeu\",\"item\":\"https:\\\/\\\/dinostorm.com\\\/fr\\\/le-jeu\\\/\"},{\"@type\":\"ListItem\",\"position\":3,\"name\":\"FAQ\"}]},{\"@type\":\"WebSite\",\"@id\":\"https:\\\/\\\/dinostorm.com\\\/fr\\\/#website\",\"url\":\"https:\\\/\\\/dinostorm.com\\\/fr\\\/\",\"name\":\"DinoStorm\",\"description\":\"\",\"potentialAction\":[{\"@type\":\"SearchAction\",\"target\":{\"@type\":\"EntryPoint\",\"urlTemplate\":\"https:\\\/\\\/dinostorm.com\\\/fr\\\/?s={search_term_string}\"},\"query-input\":{\"@type\":\"PropertyValueSpecification\",\"valueRequired\":true,\"valueName\":\"search_term_string\"}}],\"inLanguage\":\"fr-FR\"}]}<\/script>\n<!-- \/ Yoast SEO plugin. -->","yoast_head_json":{"title":"FAQ - DinoStorm","description":"Questions fr\u00e9quentes \u00e0 propos de Dino Storm.","robots":{"index":"index","follow":"follow","max-snippet":"max-snippet:-1","max-image-preview":"max-image-preview:large","max-video-preview":"max-video-preview:-1"},"canonical":"https:\/\/dinostorm.com\/fr\/le-jeu\/faq\/","og_locale":"fr_FR","og_type":"article","og_title":"FAQ - DinoStorm","og_description":"Questions fr\u00e9quentes \u00e0 propos de Dino Storm.","og_url":"https:\/\/dinostorm.com\/fr\/le-jeu\/faq\/","og_site_name":"DinoStorm","article_modified_time":"2019-03-07T13:23:44+00:00","twitter_misc":{"Dur\u00e9e de lecture estim\u00e9e":"3 minutes"},"schema":{"@context":"https:\/\/schema.org","@graph":[{"@type":"WebPage","@id":"https:\/\/dinostorm.com\/fr\/le-jeu\/faq\/","url":"https:\/\/dinostorm.com\/fr\/le-jeu\/faq\/","name":"FAQ - DinoStorm","isPartOf":{"@id":"https:\/\/dinostorm.com\/fr\/#website"},"datePublished":"2011-01-12T20:09:13+00:00","dateModified":"2019-03-07T13:23:44+00:00","description":"Questions fr\u00e9quentes \u00e0 propos de Dino Storm.","breadcrumb":{"@id":"https:\/\/dinostorm.com\/fr\/le-jeu\/faq\/#breadcrumb"},"inLanguage":"fr-FR","potentialAction":[{"@type":"ReadAction","target":["https:\/\/dinostorm.com\/fr\/le-jeu\/faq\/"]}]},{"@type":"BreadcrumbList","@id":"https:\/\/dinostorm.com\/fr\/le-jeu\/faq\/#breadcrumb","itemListElement":[{"@type":"ListItem","position":1,"name":"Home","item":"https:\/\/dinostorm.com\/fr\/"},{"@type":"ListItem","position":2,"name":"Le jeu","item":"https:\/\/dinostorm.com\/fr\/le-jeu\/"},{"@type":"ListItem","position":3,"name":"FAQ"}]},{"@type":"WebSite","@id":"https:\/\/dinostorm.com\/fr\/#website","url":"https:\/\/dinostorm.com\/fr\/","name":"DinoStorm","description":"","potentialAction":[{"@type":"SearchAction","target":{"@type":"EntryPoint","urlTemplate":"https:\/\/dinostorm.com\/fr\/?s={search_term_string}"},"query-input":{"@type":"PropertyValueSpecification","valueRequired":true,"valueName":"search_term_string"}}],"inLanguage":"fr-FR"}]}},"_links":{"self":[{"href":"https:\/\/dinostorm.com\/fr\/wp-json\/wp\/v2\/pages\/5041","targetHints":{"allow":["GET"]}}],"collection":[{"href":"https:\/\/dinostorm.com\/fr\/wp-json\/wp\/v2\/pages"}],"about":[{"href":"https:\/\/dinostorm.com\/fr\/wp-json\/wp\/v2\/types\/page"}],"author":[{"embeddable":true,"href":"https:\/\/dinostorm.com\/fr\/wp-json\/wp\/v2\/users\/26"}],"replies":[{"embeddable":true,"href":"https:\/\/dinostorm.com\/fr\/wp-json\/wp\/v2\/comments?post=5041"}],"version-history":[{"count":0,"href":"https:\/\/dinostorm.com\/fr\/wp-json\/wp\/v2\/pages\/5041\/revisions"}],"up":[{"embeddable":true,"href":"https:\/\/dinostorm.com\/fr\/wp-json\/wp\/v2\/pages\/4941"}],"wp:featuredmedia":[{"embeddable":true,"href":"https:\/\/dinostorm.com\/fr\/wp-json\/"}],"wp:attachment":[{"href":"https:\/\/dinostorm.com\/fr\/wp-json\/wp\/v2\/media?parent=5041"}],"curies":[{"name":"wp","href":"https:\/\/api.w.org\/{rel}","templated":true}]}}