{"id":5036,"date":"2012-10-18T09:12:31","date_gmt":"2012-10-18T07:12:31","guid":{"rendered":"http:\/\/dinostorm.com\/?page_id=5036"},"modified":"2021-07-08T11:25:10","modified_gmt":"2021-07-08T09:25:10","slug":"tyrannosaure","status":"publish","type":"page","link":"https:\/\/dinostorm.com\/fr\/le-jeu\/lexique-des-dinosaures\/tyrannosaure\/","title":{"rendered":"Dinosaure \u2014 Le tyrannosaure"},"content":{"rendered":"<div class=\"teaser\"><\/div>\n<h1 class=\"headline_page width_500\"><span>Dinosaure \u2014 Le tyrannosaure<\/span><\/h1>\n<p class=\"back-button back-pos500\"><a class=\"back-block\" href=\"http:\/\/dinostorm.com\/fr\/le-jeu\/lexique-des-dinosaures\/\">Retour<\/a><\/p>\n<div class=\"two_thirds\">\n<h2 class=\"headline-lex\"><span>Dino Storm &#8211; Le tyrannosaure<\/span><\/h2>\n<div class=\"banner_lex\">\n<p class=\"banner_text_lex text_lex\">Le <strong>tyrannosaure<\/strong> est exceptionnellement fort et, en tant que tel, se classe parmi les distributeurs de d\u00e9g\u00e2ts. Ce carnivore peut courir rapidement et fera trembler de peur et de terreur tous les autres dinosaures &#8211; litt\u00e9ralement !<\/p>\n<div style=\"margin-right: 29px; float: left; width: 10px; text-align: left; position: relative; top: 40px; left: 30px\">\n<strong class=\"text_lex\" style=\"position: relative; top: 12px\">Vitalit&#x00e9;:<\/strong><br \/>\n<strong class=\"text_lex\" style=\"position: relative; top: 30px\">Force:<\/strong><br \/>\n<strong class=\"text_lex\" style=\"position: relative; top: 50px\">Endurance:<\/strong>\n<\/div>\n<div style=\"margin-right: 20px; float: left; width: 118px; text-align: left; position: relative; top: 70px; left: 10px\">\n<img decoding=\"async\" class=\"skill_image_lex colorbox-5036\" src=\"\/wp-content\/themes\/arras\/images\/dinostorm\/Dinos\/bar_health_1.png\" alt=\"Le tyrannosaure - Vitalit&#x00e9; de Base: 1.\" title=\"Vitalit&#x00e9; de Base: 1\"\/><br \/>\n<img decoding=\"async\" class=\"skill_image_lex colorbox-5036\" src=\"\/wp-content\/themes\/arras\/images\/dinostorm\/Dinos\/bar_strength_5.png\" alt=\"Le tyrannosaure - Force de base: 5.\" title=\"Force de base: 5\"\/><br \/>\n<img decoding=\"async\" class=\"skill_image_lex colorbox-5036\" src=\"\/wp-content\/themes\/arras\/images\/dinostorm\/Dinos\/bar_endurance_4.png\" alt=\"Le tyrannosaure - Endurance de base: 4.\" title=\"Endurance de base: 4\"\/>\n<\/div>\n<div class=\"icc_scale\">\n<img class=\"colorbox-5036\"  decoding=\"async\" src=\"\/wp-content\/themes\/arras\/images\/dinostorm\/Dinos\/icc_scale_pnn.png\" alt=\"\" title=\"\"\/><br \/>\n<a href=\"\/fr\/le-jeu\/lexique-des-dinosaures\/carnotaure\/\"><img decoding=\"async\" class=\"icc_dino colorbox-5036\" src=\"\/wp-content\/themes\/arras\/images\/dinostorm\/Dinos\/carnotaurus_icon.png\" alt=\"\" title=\"\"\/><\/a><\/p>\n<div class=\"icc_text\">Alternative au distributeur de d\u00e9g\u00e2ts :<br \/>\n<strong>Le carnotaure<\/strong>\n<\/div>\n<\/div>\n<\/div>\n<div class=\"one_third\">\n<img decoding=\"async\" class=\"dino_lex_2 colorbox-5036\" src=\"\/wp-content\/themes\/arras\/images\/dinostorm\/Dinos\/Tyrannosaurus Rex.png\" alt=\"Dino Storm: Le tyrannosaure\"\/>\n<\/div>\n<\/div>\n<div class=\"clear\"><\/div>\n<div class=\"one_third\">\n<h3 class=\"headlinelex2_1\">Le tyrannosaure \u2014 Les comp&#x00e9;tences du dinosaure<\/h3>\n<div class=\"banner_lex2\">\n<span class=\"icon_skill_top float-left\"><br \/>\n<img class=\"colorbox-5036\"  decoding=\"async\" src=\"\/wp-content\/themes\/arras\/images\/dinostorm\/Dinos\/Trex_skill_01.png\" \nonmouseover=\"for (let el of document.querySelectorAll('.trex_idle')) el.style.visibility = 'hidden'; for (let el of document.querySelectorAll('.trex_skill1')) el.style.visibility = 'visible';\"\nonmouseout=\"for (let el of document.querySelectorAll('.trex_idle')) el.style.visibility = 'visible'; for (let el of document.querySelectorAll('.trex_skill1')) el.style.visibility = 'hidden';\"\"\nalt=\"Le tyrannosaure Capacit&#x00e9; Sp&#x00e9;ciale \u2014 Morsure violente\" title=\"Capacit&#x00e9; Sp&#x00e9;ciale: Morsure violente\"\/><\/span><\/p>\n<div class=\"skill-wrapper\"><span class=\"icon_skill_title\">Morsure violente<\/span><\/p>\n<p class=\"icon_skill_text\">\n<\/div>\n<p><span class=\"clear\"><!-- --><\/span><span class=\"icon_skill_top float-left\"><br \/>\n<img class=\"colorbox-5036\"  decoding=\"async\" src=\"\/wp-content\/themes\/arras\/images\/dinostorm\/Dinos\/Trex_skill_02.png\" \nonmouseover=\"for (let el of document.querySelectorAll('.trex_idle')) el.style.visibility = 'hidden'; for (let el of document.querySelectorAll('.trex_skill2')) el.style.visibility = 'visible';\"\nonmouseout=\"for (let el of document.querySelectorAll('.trex_idle')) el.style.visibility = 'visible'; for (let el of document.querySelectorAll('.trex_skill2')) el.style.visibility = 'hidden';\"\"\nalt=\"Le tyrannosaure Capacit&#x00e9; Sp&#x00e9;ciale \u2014 Cri de guerre\" title=\"Capacit&#x00e9; Sp&#x00e9;ciale: Cri de guerre\"\/><\/span><\/p>\n<div class=\"skill-wrapper-bottom\"><span class=\"icon_skill_title\">Cri de guerre<\/span><\/p>\n<p class=\"icon_skill_text\">\n<\/div>\n<p><span class=\"clear\"><!-- --><\/span><\/p>\n<\/div>\n<\/div>\n<div class=\"one_third\">\n<h3 class=\"headlinelex2_2\">Le tyrannosaure \u2014 Les donn&#x00e9;es du dinosaure<\/h3>\n<div class=\"fact_lex\">\n<p>Le tyrannosaure Rex, qui vient du latin et signifie \u00ab\u00a0roi des sauriens tyranniques\u00a0\u00bb, est l&rsquo;un des plus grands carnivores de l&rsquo;histoire. Ce dinosaure vivait &#x00e0; l&rsquo;&#x00e8;re du Cr&#x00e9;tac&#x00e9; sup&#x00e9;rieur dans ce qui est maintenant l&rsquo;Am&#x00e9;rique du nord.<\/p>\n<p>Le tyrannosaure marchait sur deux jambes et poss&#x00e9;dait une t&#x00ea;te massive. La queue de ce dinosaure lui permettait de rester en &#x00e9;quilibre. Les dents du tyrannosaure Rex faisaient environ 20 cm (~ 8 pouces) de long et &#x00e9;taient extr&#x00ea;mement ac&#x00e9;r&#x00e9;es. Les chercheurs pensent que la morsure de ce dinosaure pouvait exercer une force allant jusqu&rsquo;&#x00e0; 52.000 newtons, ce qui correspond &#x00e0; 5 tonnes par dent.<\/p>\n<\/div>\n<\/div>\n<div class=\"dino_animations\">\n<img decoding=\"async\" class=\"trex_idle colorbox-5036\" src=\"\/wp-content\/themes\/arras\/images\/dinostorm\/Dinos\/tyrannosaurus_idle.gif\"\/><br \/>\n<img decoding=\"async\" class=\"trex_skill1 colorbox-5036\" style=\"bottom:217px\" src=\"\/wp-content\/themes\/arras\/images\/dinostorm\/Dinos\/tyrannosaurus_skill_01.gif\"\/><br \/>\n<img decoding=\"async\" class=\"trex_skill2 colorbox-5036\" style=\"bottom:539px\" src=\"\/wp-content\/themes\/arras\/images\/dinostorm\/Dinos\/tyrannosaurus_skill_02.gif\"\/>\n<\/div>\n<div class=\"full\">\n<img decoding=\"async\" class=\"hr3 margin35 colorbox-5036\" src=\"\/wp-content\/themes\/arras\/images\/dinostorm\/seperator_big.png\" alt=\"separator dino storm\" \/>\n<\/div>\n","protected":false},"excerpt":{"rendered":"<p>Dinosaure \u2014 Le tyrannosaure Retour Dino Storm &#8211; Le tyrannosaure Le tyrannosaure est exceptionnellement fort et, en tant que tel, se classe parmi les distributeurs de d\u00e9g\u00e2ts. Ce carnivore peut courir rapidement et fera trembler [&hellip;]<\/p>\n","protected":false},"author":26,"featured_media":15052,"parent":5017,"menu_order":0,"comment_status":"closed","ping_status":"closed","template":"pagetpl-onecolumn.php","meta":{"footnotes":"","_links_to":"","_links_to_target":""},"class_list":["post-5036","page","type-page","status-publish","has-post-thumbnail","hentry"],"yoast_head":"<!-- This site is optimized with the Yoast SEO plugin v27.4 - https:\/\/yoast.com\/product\/yoast-seo-wordpress\/ -->\n<title>Dinosaure \u2014 Le tyrannosaure - DinoStorm<\/title>\n<meta name=\"description\" content=\"Le tyrannosaure Rex est un carnivore extr\u00eamement fort qui r\u00e9pand la peur et la terreur dans Dino Storm. Tout ce que tu as besoin de savoir \u00e0 propos du T-Rex ...\" \/>\n<meta name=\"robots\" content=\"index, follow, max-snippet:-1, max-image-preview:large, max-video-preview:-1\" \/>\n<link rel=\"canonical\" href=\"https:\/\/dinostorm.com\/fr\/le-jeu\/lexique-des-dinosaures\/tyrannosaure\/\" \/>\n<meta property=\"og:locale\" content=\"fr_FR\" \/>\n<meta property=\"og:type\" content=\"article\" \/>\n<meta property=\"og:title\" content=\"Dinosaure \u2014 Le tyrannosaure - DinoStorm\" \/>\n<meta property=\"og:description\" content=\"Le tyrannosaure Rex est un carnivore extr\u00eamement fort qui r\u00e9pand la peur et la terreur dans Dino Storm. Tout ce que tu as besoin de savoir \u00e0 propos du T-Rex ...\" \/>\n<meta property=\"og:url\" content=\"https:\/\/dinostorm.com\/fr\/le-jeu\/lexique-des-dinosaures\/tyrannosaure\/\" \/>\n<meta property=\"og:site_name\" content=\"DinoStorm\" \/>\n<meta property=\"article:modified_time\" content=\"2021-07-08T09:25:10+00:00\" \/>\n<meta property=\"og:image\" content=\"https:\/\/dinostorm.com\/wp-content\/uploads\/2012\/09\/ds_jungle_01.jpg\" \/>\n\t<meta property=\"og:image:width\" content=\"1280\" \/>\n\t<meta property=\"og:image:height\" content=\"720\" \/>\n\t<meta property=\"og:image:type\" content=\"image\/jpeg\" \/>\n<script type=\"application\/ld+json\" class=\"yoast-schema-graph\">{\"@context\":\"https:\\\/\\\/schema.org\",\"@graph\":[{\"@type\":\"WebPage\",\"@id\":\"https:\\\/\\\/dinostorm.com\\\/fr\\\/le-jeu\\\/lexique-des-dinosaures\\\/tyrannosaure\\\/\",\"url\":\"https:\\\/\\\/dinostorm.com\\\/fr\\\/le-jeu\\\/lexique-des-dinosaures\\\/tyrannosaure\\\/\",\"name\":\"Dinosaure \u2014 Le tyrannosaure - DinoStorm\",\"isPartOf\":{\"@id\":\"https:\\\/\\\/dinostorm.com\\\/fr\\\/#website\"},\"primaryImageOfPage\":{\"@id\":\"https:\\\/\\\/dinostorm.com\\\/fr\\\/le-jeu\\\/lexique-des-dinosaures\\\/tyrannosaure\\\/#primaryimage\"},\"image\":{\"@id\":\"https:\\\/\\\/dinostorm.com\\\/fr\\\/le-jeu\\\/lexique-des-dinosaures\\\/tyrannosaure\\\/#primaryimage\"},\"thumbnailUrl\":\"https:\\\/\\\/dinostorm.com\\\/wp-content\\\/uploads\\\/2012\\\/09\\\/ds_jungle_01.jpg\",\"datePublished\":\"2012-10-18T07:12:31+00:00\",\"dateModified\":\"2021-07-08T09:25:10+00:00\",\"description\":\"Le tyrannosaure Rex est un carnivore extr\u00eamement fort qui r\u00e9pand la peur et la terreur dans Dino Storm. Tout ce que tu as besoin de savoir \u00e0 propos du T-Rex ...\",\"breadcrumb\":{\"@id\":\"https:\\\/\\\/dinostorm.com\\\/fr\\\/le-jeu\\\/lexique-des-dinosaures\\\/tyrannosaure\\\/#breadcrumb\"},\"inLanguage\":\"fr-FR\",\"potentialAction\":[{\"@type\":\"ReadAction\",\"target\":[\"https:\\\/\\\/dinostorm.com\\\/fr\\\/le-jeu\\\/lexique-des-dinosaures\\\/tyrannosaure\\\/\"]}]},{\"@type\":\"ImageObject\",\"inLanguage\":\"fr-FR\",\"@id\":\"https:\\\/\\\/dinostorm.com\\\/fr\\\/le-jeu\\\/lexique-des-dinosaures\\\/tyrannosaure\\\/#primaryimage\",\"url\":\"https:\\\/\\\/dinostorm.com\\\/wp-content\\\/uploads\\\/2012\\\/09\\\/ds_jungle_01.jpg\",\"contentUrl\":\"https:\\\/\\\/dinostorm.com\\\/wp-content\\\/uploads\\\/2012\\\/09\\\/ds_jungle_01.jpg\",\"width\":1280,\"height\":720,\"caption\":\"Beware of dangerous bandits in Mokon Woods are everywhere.\"},{\"@type\":\"BreadcrumbList\",\"@id\":\"https:\\\/\\\/dinostorm.com\\\/fr\\\/le-jeu\\\/lexique-des-dinosaures\\\/tyrannosaure\\\/#breadcrumb\",\"itemListElement\":[{\"@type\":\"ListItem\",\"position\":1,\"name\":\"Home\",\"item\":\"https:\\\/\\\/dinostorm.com\\\/fr\\\/\"},{\"@type\":\"ListItem\",\"position\":2,\"name\":\"Le jeu\",\"item\":\"https:\\\/\\\/dinostorm.com\\\/fr\\\/le-jeu\\\/\"},{\"@type\":\"ListItem\",\"position\":3,\"name\":\"Lexique des dinosaures\",\"item\":\"https:\\\/\\\/dinostorm.com\\\/fr\\\/le-jeu\\\/lexique-des-dinosaures\\\/\"},{\"@type\":\"ListItem\",\"position\":4,\"name\":\"Dinosaure \u2014 Le tyrannosaure\"}]},{\"@type\":\"WebSite\",\"@id\":\"https:\\\/\\\/dinostorm.com\\\/fr\\\/#website\",\"url\":\"https:\\\/\\\/dinostorm.com\\\/fr\\\/\",\"name\":\"DinoStorm\",\"description\":\"\",\"potentialAction\":[{\"@type\":\"SearchAction\",\"target\":{\"@type\":\"EntryPoint\",\"urlTemplate\":\"https:\\\/\\\/dinostorm.com\\\/fr\\\/?s={search_term_string}\"},\"query-input\":{\"@type\":\"PropertyValueSpecification\",\"valueRequired\":true,\"valueName\":\"search_term_string\"}}],\"inLanguage\":\"fr-FR\"}]}<\/script>\n<!-- \/ Yoast SEO plugin. -->","yoast_head_json":{"title":"Dinosaure \u2014 Le tyrannosaure - DinoStorm","description":"Le tyrannosaure Rex est un carnivore extr\u00eamement fort qui r\u00e9pand la peur et la terreur dans Dino Storm. Tout ce que tu as besoin de savoir \u00e0 propos du T-Rex ...","robots":{"index":"index","follow":"follow","max-snippet":"max-snippet:-1","max-image-preview":"max-image-preview:large","max-video-preview":"max-video-preview:-1"},"canonical":"https:\/\/dinostorm.com\/fr\/le-jeu\/lexique-des-dinosaures\/tyrannosaure\/","og_locale":"fr_FR","og_type":"article","og_title":"Dinosaure \u2014 Le tyrannosaure - DinoStorm","og_description":"Le tyrannosaure Rex est un carnivore extr\u00eamement fort qui r\u00e9pand la peur et la terreur dans Dino Storm. Tout ce que tu as besoin de savoir \u00e0 propos du T-Rex ...","og_url":"https:\/\/dinostorm.com\/fr\/le-jeu\/lexique-des-dinosaures\/tyrannosaure\/","og_site_name":"DinoStorm","article_modified_time":"2021-07-08T09:25:10+00:00","og_image":[{"width":1280,"height":720,"url":"https:\/\/dinostorm.com\/wp-content\/uploads\/2012\/09\/ds_jungle_01.jpg","type":"image\/jpeg"}],"schema":{"@context":"https:\/\/schema.org","@graph":[{"@type":"WebPage","@id":"https:\/\/dinostorm.com\/fr\/le-jeu\/lexique-des-dinosaures\/tyrannosaure\/","url":"https:\/\/dinostorm.com\/fr\/le-jeu\/lexique-des-dinosaures\/tyrannosaure\/","name":"Dinosaure \u2014 Le tyrannosaure - DinoStorm","isPartOf":{"@id":"https:\/\/dinostorm.com\/fr\/#website"},"primaryImageOfPage":{"@id":"https:\/\/dinostorm.com\/fr\/le-jeu\/lexique-des-dinosaures\/tyrannosaure\/#primaryimage"},"image":{"@id":"https:\/\/dinostorm.com\/fr\/le-jeu\/lexique-des-dinosaures\/tyrannosaure\/#primaryimage"},"thumbnailUrl":"https:\/\/dinostorm.com\/wp-content\/uploads\/2012\/09\/ds_jungle_01.jpg","datePublished":"2012-10-18T07:12:31+00:00","dateModified":"2021-07-08T09:25:10+00:00","description":"Le tyrannosaure Rex est un carnivore extr\u00eamement fort qui r\u00e9pand la peur et la terreur dans Dino Storm. Tout ce que tu as besoin de savoir \u00e0 propos du T-Rex ...","breadcrumb":{"@id":"https:\/\/dinostorm.com\/fr\/le-jeu\/lexique-des-dinosaures\/tyrannosaure\/#breadcrumb"},"inLanguage":"fr-FR","potentialAction":[{"@type":"ReadAction","target":["https:\/\/dinostorm.com\/fr\/le-jeu\/lexique-des-dinosaures\/tyrannosaure\/"]}]},{"@type":"ImageObject","inLanguage":"fr-FR","@id":"https:\/\/dinostorm.com\/fr\/le-jeu\/lexique-des-dinosaures\/tyrannosaure\/#primaryimage","url":"https:\/\/dinostorm.com\/wp-content\/uploads\/2012\/09\/ds_jungle_01.jpg","contentUrl":"https:\/\/dinostorm.com\/wp-content\/uploads\/2012\/09\/ds_jungle_01.jpg","width":1280,"height":720,"caption":"Beware of dangerous bandits in Mokon Woods are everywhere."},{"@type":"BreadcrumbList","@id":"https:\/\/dinostorm.com\/fr\/le-jeu\/lexique-des-dinosaures\/tyrannosaure\/#breadcrumb","itemListElement":[{"@type":"ListItem","position":1,"name":"Home","item":"https:\/\/dinostorm.com\/fr\/"},{"@type":"ListItem","position":2,"name":"Le jeu","item":"https:\/\/dinostorm.com\/fr\/le-jeu\/"},{"@type":"ListItem","position":3,"name":"Lexique des dinosaures","item":"https:\/\/dinostorm.com\/fr\/le-jeu\/lexique-des-dinosaures\/"},{"@type":"ListItem","position":4,"name":"Dinosaure \u2014 Le tyrannosaure"}]},{"@type":"WebSite","@id":"https:\/\/dinostorm.com\/fr\/#website","url":"https:\/\/dinostorm.com\/fr\/","name":"DinoStorm","description":"","potentialAction":[{"@type":"SearchAction","target":{"@type":"EntryPoint","urlTemplate":"https:\/\/dinostorm.com\/fr\/?s={search_term_string}"},"query-input":{"@type":"PropertyValueSpecification","valueRequired":true,"valueName":"search_term_string"}}],"inLanguage":"fr-FR"}]}},"_links":{"self":[{"href":"https:\/\/dinostorm.com\/fr\/wp-json\/wp\/v2\/pages\/5036","targetHints":{"allow":["GET"]}}],"collection":[{"href":"https:\/\/dinostorm.com\/fr\/wp-json\/wp\/v2\/pages"}],"about":[{"href":"https:\/\/dinostorm.com\/fr\/wp-json\/wp\/v2\/types\/page"}],"author":[{"embeddable":true,"href":"https:\/\/dinostorm.com\/fr\/wp-json\/wp\/v2\/users\/26"}],"replies":[{"embeddable":true,"href":"https:\/\/dinostorm.com\/fr\/wp-json\/wp\/v2\/comments?post=5036"}],"version-history":[{"count":4,"href":"https:\/\/dinostorm.com\/fr\/wp-json\/wp\/v2\/pages\/5036\/revisions"}],"predecessor-version":[{"id":237853,"href":"https:\/\/dinostorm.com\/fr\/wp-json\/wp\/v2\/pages\/5036\/revisions\/237853"}],"up":[{"embeddable":true,"href":"https:\/\/dinostorm.com\/fr\/wp-json\/wp\/v2\/pages\/5017"}],"wp:featuredmedia":[{"embeddable":true,"href":"https:\/\/dinostorm.com\/fr\/wp-json\/wp\/v2\/media\/15052"}],"wp:attachment":[{"href":"https:\/\/dinostorm.com\/fr\/wp-json\/wp\/v2\/media?parent=5036"}],"curies":[{"name":"wp","href":"https:\/\/api.w.org\/{rel}","templated":true}]}}