{"id":5035,"date":"2012-10-18T09:12:27","date_gmt":"2012-10-18T07:12:27","guid":{"rendered":"http:\/\/dinostorm.com\/?page_id=5035"},"modified":"2021-07-08T10:21:30","modified_gmt":"2021-07-08T08:21:30","slug":"parasaurolophus","status":"publish","type":"page","link":"https:\/\/dinostorm.com\/fr\/le-jeu\/lexique-des-dinosaures\/parasaurolophus\/","title":{"rendered":"Dinosaure \u2014 Parasaurolophus"},"content":{"rendered":"<div class=\"teaser\"><\/div>\n<h1 class=\"headline_page width_500\"><span>Dinosaure \u2014 Parasaurolophus<\/span><\/h1>\n<p class=\"back-button back-pos500\"><a class=\"back-block\" href=\"http:\/\/dinostorm.com\/fr\/le-jeu\/lexique-des-dinosaures\/\">Retour<\/a><\/p>\n<div class=\"two_thirds\">\n<h2 class=\"headline-lex\"><span>Dino Storm &#8211; Parasaurolophus<\/span><\/h2>\n<div class=\"banner_lex\">\n<p class=\"banner_text_lex text_lex\">Le <strong>Parasaurolophus<\/strong> se classe parmi les animaux polyvalents ; il a des forces uniform\u00e9ment r\u00e9parties et aucune v\u00e9ritable faiblesse. Sa vitesse de course est un peu plus \u00e9lev\u00e9e que la moyenne, et il a quelques tours dans son sac.<\/p>\n<div style=\"margin-right: 29px; float: left; width: 10px; text-align: left; position: relative; top: 40px; left: 30px\">\n<strong class=\"text_lex\" style=\"position: relative; top: 12px\">Vitalit&#x00e9;:<\/strong><br \/>\n<strong class=\"text_lex\" style=\"position: relative; top: 30px\">Force:<\/strong><br \/>\n<strong class=\"text_lex\" style=\"position: relative; top: 50px\">Endurance:<\/strong>\n<\/div>\n<div style=\"margin-right: 20px; float: left; width: 118px; text-align: left; position: relative; top: 70px; left: 10px\">\n<img decoding=\"async\" class=\"skill_image_lex colorbox-5035\" src=\"\/wp-content\/themes\/arras\/images\/dinostorm\/Dinos\/bar_health_3.png\" alt=\"Parasaurolophus - Vitalit&#x00e9; de Base: 3.\" title=\"Vitalit&#x00e9; de Base: 3\"\/><br \/>\n<img decoding=\"async\" class=\"skill_image_lex colorbox-5035\" src=\"\/wp-content\/themes\/arras\/images\/dinostorm\/Dinos\/bar_strength_3.png\" alt=\"Parasaurolophus - Force de base: 3.\" title=\"Force de base: 3\"\/><br \/>\n<img decoding=\"async\" class=\"skill_image_lex colorbox-5035\" src=\"\/wp-content\/themes\/arras\/images\/dinostorm\/Dinos\/bar_endurance_2.png\" alt=\"Parasaurolophus - Endurance de base: 2.\" title=\"Endurance de base: 2\"\/>\n<\/div>\n<div class=\"icc_scale\">\n<img class=\"colorbox-5035\"  decoding=\"async\" src=\"\/wp-content\/themes\/arras\/images\/dinostorm\/Dinos\/icc_scale_pnn.png\" alt=\"\" title=\"\"\/><br \/>\n<a href=\"\/fr\/le-jeu\/lexique-des-dinosaures\/centrosaure\/\"><img decoding=\"async\" class=\"icc_dino colorbox-5035\" src=\"\/wp-content\/themes\/arras\/images\/dinostorm\/Dinos\/centrosaurus_icon.png\" alt=\"\" title=\"\"\/><\/a><\/p>\n<div class=\"icc_text\">Une alternative polyvalente :<br \/>\n<strong>Centrosaure<\/strong>\n<\/div>\n<\/div>\n<\/div>\n<div class=\"one_third\">\n<img decoding=\"async\" class=\"dino_lex_2 colorbox-5035\" src=\"\/wp-content\/themes\/arras\/images\/dinostorm\/Dinos\/Parasaurolophus.png\" alt=\"Dino Storm: Parasaurolophus\"\/>\n<\/div>\n<\/div>\n<div class=\"clear\"><\/div>\n<div class=\"one_third\">\n<h3 class=\"headlinelex2_1\">Parasaurolophus \u2014 Les comp&#x00e9;tences du dinosaure<\/h3>\n<div class=\"banner_lex2\">\n<span class=\"icon_skill_top float-left\"><br \/>\n<img class=\"colorbox-5035\"  decoding=\"async\" src=\"\/wp-content\/themes\/arras\/images\/dinostorm\/Dinos\/Parasaurolophus_skill_01.png\" \nonmouseover=\"for (let el of document.querySelectorAll('.para_idle')) el.style.visibility = 'hidden'; for (let el of document.querySelectorAll('.para_skill1')) el.style.visibility = 'visible';\"\nonmouseout=\"for (let el of document.querySelectorAll('.para_idle')) el.style.visibility = 'visible'; for (let el of document.querySelectorAll('.para_skill1')) el.style.visibility = 'hidden';\"\"\nalt=\"Parasaurolophus Capacit&#x00e9; Sp&#x00e9;ciale \u2014 Attaque de la queue tournante\" title=\"Capacit&#x00e9; Sp&#x00e9;ciale: Attaque de la queue tournante\"\/><\/span><\/p>\n<div class=\"skill-wrapper\"><span class=\"icon_skill_title\">Attaque de la queue tournante<\/span><\/p>\n<p class=\"icon_skill_text\">\n<\/div>\n<p><span class=\"clear\"><!-- --><\/span><span class=\"icon_skill_top float-left\"><br \/>\n<img class=\"colorbox-5035\"  decoding=\"async\" src=\"\/wp-content\/themes\/arras\/images\/dinostorm\/Dinos\/Parasaurolophus_skill_02.png\" \nonmouseover=\"for (let el of document.querySelectorAll('.para_idle')) el.style.visibility = 'hidden'; for (let el of document.querySelectorAll('.para_skill2')) el.style.visibility = 'visible';\"\nonmouseout=\"for (let el of document.querySelectorAll('.para_idle')) el.style.visibility = 'visible'; for (let el of document.querySelectorAll('.para_skill2')) el.style.visibility = 'hidden';\"\"\nalt=\"Parasaurolophus Capacit&#x00e9; Sp&#x00e9;ciale \u2014 Coup d'attaque\" title=\"Capacit&#x00e9; Sp&#x00e9;ciale: Coup d'attaque\"\/><\/span><\/p>\n<div class=\"skill-wrapper-bottom\"><span class=\"icon_skill_title\">Coup d&rsquo;attaque<\/span><\/p>\n<p class=\"icon_skill_text\">\n<\/div>\n<p><span class=\"clear\"><!-- --><\/span><\/p>\n<\/div>\n<\/div>\n<div class=\"one_third\">\n<h3 class=\"headlinelex2_2\">Parasaurolophus \u2014 Les donn&#x00e9;es du dinosaure<\/h3>\n<div class=\"fact_lex\">\n<p>Le parasaurolophus a v&#x00e9;cu pendant l&rsquo;&#x00e8;re du Cr&#x00e9;tac&#x00e9; sup&#x00e9;rieur dans ce qui est aujourd&rsquo;hui l&rsquo;Am&#x00e9;rique du nord. C&rsquo;&#x00e9;tait il y a aujourd&rsquo;hui 68 millions d&rsquo;ann&#x00e9;es. Ce dinosaure appartient au groupe des hadrosaures.<\/p>\n<p>La caract&#x00e9;ristique du parasaurolophus est sa corne osseuse sur l&rsquo;arri&#x00e8;re de son cr&#x00e2;ne. On pense que ce dinosaure &#x00e9;tait capable de se d&#x00e9;placer sur deux jambes. Le parasaurolophus &#x00e9;tait un animal gr&#x00e9;gaire, qui vivait en groupes de plusieurs dizaines de dinosaures.<\/p>\n<\/div>\n<\/div>\n<div class=\"dino_animations\">\n<img decoding=\"async\" class=\"para_idle colorbox-5035\" src=\"\/wp-content\/themes\/arras\/images\/dinostorm\/Dinos\/parasaurolophus_idle.gif\"\/><br \/>\n<img decoding=\"async\" class=\"para_skill1 colorbox-5035\" src=\"\/wp-content\/themes\/arras\/images\/dinostorm\/Dinos\/parasaurolophus_skill_01.gif\"\/><br \/>\n<img decoding=\"async\" class=\"para_skill2 colorbox-5035\" src=\"\/wp-content\/themes\/arras\/images\/dinostorm\/Dinos\/parasaurolophus_skill_02.gif\"\/>\n<\/div>\n<div class=\"full\">\n<img decoding=\"async\" class=\"hr3 margin35 colorbox-5035\" src=\"\/wp-content\/themes\/arras\/images\/dinostorm\/seperator_big.png\" alt=\"separator dino storm\" \/>\n<\/div>\n","protected":false},"excerpt":{"rendered":"<p>Dinosaure \u2014 Parasaurolophus Retour Dino Storm &#8211; Parasaurolophus Le Parasaurolophus se classe parmi les animaux polyvalents ; il a des forces uniform\u00e9ment r\u00e9parties et aucune v\u00e9ritable faiblesse. Sa vitesse de course est un peu plus [&hellip;]<\/p>\n","protected":false},"author":26,"featured_media":15052,"parent":5017,"menu_order":0,"comment_status":"closed","ping_status":"closed","template":"pagetpl-onecolumn.php","meta":{"footnotes":"","_links_to":"","_links_to_target":""},"class_list":["post-5035","page","type-page","status-publish","has-post-thumbnail","hentry"],"yoast_head":"<!-- This site is optimized with the Yoast SEO plugin v27.3 - https:\/\/yoast.com\/product\/yoast-seo-wordpress\/ -->\n<title>Dinosaure \u2014 Parasaurolophus - DinoStorm<\/title>\n<meta name=\"description\" content=\"Le parasaurolophus est plus grand et plus fort que les autres herbivores bip\u00e8des de Dino Storm. Tout ce que tu dois savoir \u00e0 propos du parasaurolophus ...\" \/>\n<meta name=\"robots\" content=\"index, follow, max-snippet:-1, max-image-preview:large, max-video-preview:-1\" \/>\n<link rel=\"canonical\" href=\"https:\/\/dinostorm.com\/fr\/le-jeu\/lexique-des-dinosaures\/parasaurolophus\/\" \/>\n<meta property=\"og:locale\" content=\"fr_FR\" \/>\n<meta property=\"og:type\" content=\"article\" \/>\n<meta property=\"og:title\" content=\"Dinosaure \u2014 Parasaurolophus - DinoStorm\" \/>\n<meta property=\"og:description\" content=\"Le parasaurolophus est plus grand et plus fort que les autres herbivores bip\u00e8des de Dino Storm. Tout ce que tu dois savoir \u00e0 propos du parasaurolophus ...\" \/>\n<meta property=\"og:url\" content=\"https:\/\/dinostorm.com\/fr\/le-jeu\/lexique-des-dinosaures\/parasaurolophus\/\" \/>\n<meta property=\"og:site_name\" content=\"DinoStorm\" \/>\n<meta property=\"article:modified_time\" content=\"2021-07-08T08:21:30+00:00\" \/>\n<meta property=\"og:image\" content=\"https:\/\/dinostorm.com\/wp-content\/uploads\/2012\/09\/ds_jungle_01.jpg\" \/>\n\t<meta property=\"og:image:width\" content=\"1280\" \/>\n\t<meta property=\"og:image:height\" content=\"720\" \/>\n\t<meta property=\"og:image:type\" content=\"image\/jpeg\" \/>\n<script type=\"application\/ld+json\" class=\"yoast-schema-graph\">{\"@context\":\"https:\\\/\\\/schema.org\",\"@graph\":[{\"@type\":\"WebPage\",\"@id\":\"https:\\\/\\\/dinostorm.com\\\/fr\\\/le-jeu\\\/lexique-des-dinosaures\\\/parasaurolophus\\\/\",\"url\":\"https:\\\/\\\/dinostorm.com\\\/fr\\\/le-jeu\\\/lexique-des-dinosaures\\\/parasaurolophus\\\/\",\"name\":\"Dinosaure \u2014 Parasaurolophus - DinoStorm\",\"isPartOf\":{\"@id\":\"https:\\\/\\\/dinostorm.com\\\/fr\\\/#website\"},\"primaryImageOfPage\":{\"@id\":\"https:\\\/\\\/dinostorm.com\\\/fr\\\/le-jeu\\\/lexique-des-dinosaures\\\/parasaurolophus\\\/#primaryimage\"},\"image\":{\"@id\":\"https:\\\/\\\/dinostorm.com\\\/fr\\\/le-jeu\\\/lexique-des-dinosaures\\\/parasaurolophus\\\/#primaryimage\"},\"thumbnailUrl\":\"https:\\\/\\\/dinostorm.com\\\/wp-content\\\/uploads\\\/2012\\\/09\\\/ds_jungle_01.jpg\",\"datePublished\":\"2012-10-18T07:12:27+00:00\",\"dateModified\":\"2021-07-08T08:21:30+00:00\",\"description\":\"Le parasaurolophus est plus grand et plus fort que les autres herbivores bip\u00e8des de Dino Storm. Tout ce que tu dois savoir \u00e0 propos du parasaurolophus ...\",\"breadcrumb\":{\"@id\":\"https:\\\/\\\/dinostorm.com\\\/fr\\\/le-jeu\\\/lexique-des-dinosaures\\\/parasaurolophus\\\/#breadcrumb\"},\"inLanguage\":\"fr-FR\",\"potentialAction\":[{\"@type\":\"ReadAction\",\"target\":[\"https:\\\/\\\/dinostorm.com\\\/fr\\\/le-jeu\\\/lexique-des-dinosaures\\\/parasaurolophus\\\/\"]}]},{\"@type\":\"ImageObject\",\"inLanguage\":\"fr-FR\",\"@id\":\"https:\\\/\\\/dinostorm.com\\\/fr\\\/le-jeu\\\/lexique-des-dinosaures\\\/parasaurolophus\\\/#primaryimage\",\"url\":\"https:\\\/\\\/dinostorm.com\\\/wp-content\\\/uploads\\\/2012\\\/09\\\/ds_jungle_01.jpg\",\"contentUrl\":\"https:\\\/\\\/dinostorm.com\\\/wp-content\\\/uploads\\\/2012\\\/09\\\/ds_jungle_01.jpg\",\"width\":1280,\"height\":720,\"caption\":\"Beware of dangerous bandits in Mokon Woods are everywhere.\"},{\"@type\":\"BreadcrumbList\",\"@id\":\"https:\\\/\\\/dinostorm.com\\\/fr\\\/le-jeu\\\/lexique-des-dinosaures\\\/parasaurolophus\\\/#breadcrumb\",\"itemListElement\":[{\"@type\":\"ListItem\",\"position\":1,\"name\":\"Home\",\"item\":\"https:\\\/\\\/dinostorm.com\\\/fr\\\/\"},{\"@type\":\"ListItem\",\"position\":2,\"name\":\"Le jeu\",\"item\":\"https:\\\/\\\/dinostorm.com\\\/fr\\\/le-jeu\\\/\"},{\"@type\":\"ListItem\",\"position\":3,\"name\":\"Lexique des dinosaures\",\"item\":\"https:\\\/\\\/dinostorm.com\\\/fr\\\/le-jeu\\\/lexique-des-dinosaures\\\/\"},{\"@type\":\"ListItem\",\"position\":4,\"name\":\"Dinosaure \u2014 Parasaurolophus\"}]},{\"@type\":\"WebSite\",\"@id\":\"https:\\\/\\\/dinostorm.com\\\/fr\\\/#website\",\"url\":\"https:\\\/\\\/dinostorm.com\\\/fr\\\/\",\"name\":\"DinoStorm\",\"description\":\"\",\"potentialAction\":[{\"@type\":\"SearchAction\",\"target\":{\"@type\":\"EntryPoint\",\"urlTemplate\":\"https:\\\/\\\/dinostorm.com\\\/fr\\\/?s={search_term_string}\"},\"query-input\":{\"@type\":\"PropertyValueSpecification\",\"valueRequired\":true,\"valueName\":\"search_term_string\"}}],\"inLanguage\":\"fr-FR\"}]}<\/script>\n<!-- \/ Yoast SEO plugin. -->","yoast_head_json":{"title":"Dinosaure \u2014 Parasaurolophus - DinoStorm","description":"Le parasaurolophus est plus grand et plus fort que les autres herbivores bip\u00e8des de Dino Storm. Tout ce que tu dois savoir \u00e0 propos du parasaurolophus ...","robots":{"index":"index","follow":"follow","max-snippet":"max-snippet:-1","max-image-preview":"max-image-preview:large","max-video-preview":"max-video-preview:-1"},"canonical":"https:\/\/dinostorm.com\/fr\/le-jeu\/lexique-des-dinosaures\/parasaurolophus\/","og_locale":"fr_FR","og_type":"article","og_title":"Dinosaure \u2014 Parasaurolophus - DinoStorm","og_description":"Le parasaurolophus est plus grand et plus fort que les autres herbivores bip\u00e8des de Dino Storm. Tout ce que tu dois savoir \u00e0 propos du parasaurolophus ...","og_url":"https:\/\/dinostorm.com\/fr\/le-jeu\/lexique-des-dinosaures\/parasaurolophus\/","og_site_name":"DinoStorm","article_modified_time":"2021-07-08T08:21:30+00:00","og_image":[{"width":1280,"height":720,"url":"https:\/\/dinostorm.com\/wp-content\/uploads\/2012\/09\/ds_jungle_01.jpg","type":"image\/jpeg"}],"schema":{"@context":"https:\/\/schema.org","@graph":[{"@type":"WebPage","@id":"https:\/\/dinostorm.com\/fr\/le-jeu\/lexique-des-dinosaures\/parasaurolophus\/","url":"https:\/\/dinostorm.com\/fr\/le-jeu\/lexique-des-dinosaures\/parasaurolophus\/","name":"Dinosaure \u2014 Parasaurolophus - DinoStorm","isPartOf":{"@id":"https:\/\/dinostorm.com\/fr\/#website"},"primaryImageOfPage":{"@id":"https:\/\/dinostorm.com\/fr\/le-jeu\/lexique-des-dinosaures\/parasaurolophus\/#primaryimage"},"image":{"@id":"https:\/\/dinostorm.com\/fr\/le-jeu\/lexique-des-dinosaures\/parasaurolophus\/#primaryimage"},"thumbnailUrl":"https:\/\/dinostorm.com\/wp-content\/uploads\/2012\/09\/ds_jungle_01.jpg","datePublished":"2012-10-18T07:12:27+00:00","dateModified":"2021-07-08T08:21:30+00:00","description":"Le parasaurolophus est plus grand et plus fort que les autres herbivores bip\u00e8des de Dino Storm. Tout ce que tu dois savoir \u00e0 propos du parasaurolophus ...","breadcrumb":{"@id":"https:\/\/dinostorm.com\/fr\/le-jeu\/lexique-des-dinosaures\/parasaurolophus\/#breadcrumb"},"inLanguage":"fr-FR","potentialAction":[{"@type":"ReadAction","target":["https:\/\/dinostorm.com\/fr\/le-jeu\/lexique-des-dinosaures\/parasaurolophus\/"]}]},{"@type":"ImageObject","inLanguage":"fr-FR","@id":"https:\/\/dinostorm.com\/fr\/le-jeu\/lexique-des-dinosaures\/parasaurolophus\/#primaryimage","url":"https:\/\/dinostorm.com\/wp-content\/uploads\/2012\/09\/ds_jungle_01.jpg","contentUrl":"https:\/\/dinostorm.com\/wp-content\/uploads\/2012\/09\/ds_jungle_01.jpg","width":1280,"height":720,"caption":"Beware of dangerous bandits in Mokon Woods are everywhere."},{"@type":"BreadcrumbList","@id":"https:\/\/dinostorm.com\/fr\/le-jeu\/lexique-des-dinosaures\/parasaurolophus\/#breadcrumb","itemListElement":[{"@type":"ListItem","position":1,"name":"Home","item":"https:\/\/dinostorm.com\/fr\/"},{"@type":"ListItem","position":2,"name":"Le jeu","item":"https:\/\/dinostorm.com\/fr\/le-jeu\/"},{"@type":"ListItem","position":3,"name":"Lexique des dinosaures","item":"https:\/\/dinostorm.com\/fr\/le-jeu\/lexique-des-dinosaures\/"},{"@type":"ListItem","position":4,"name":"Dinosaure \u2014 Parasaurolophus"}]},{"@type":"WebSite","@id":"https:\/\/dinostorm.com\/fr\/#website","url":"https:\/\/dinostorm.com\/fr\/","name":"DinoStorm","description":"","potentialAction":[{"@type":"SearchAction","target":{"@type":"EntryPoint","urlTemplate":"https:\/\/dinostorm.com\/fr\/?s={search_term_string}"},"query-input":{"@type":"PropertyValueSpecification","valueRequired":true,"valueName":"search_term_string"}}],"inLanguage":"fr-FR"}]}},"_links":{"self":[{"href":"https:\/\/dinostorm.com\/fr\/wp-json\/wp\/v2\/pages\/5035","targetHints":{"allow":["GET"]}}],"collection":[{"href":"https:\/\/dinostorm.com\/fr\/wp-json\/wp\/v2\/pages"}],"about":[{"href":"https:\/\/dinostorm.com\/fr\/wp-json\/wp\/v2\/types\/page"}],"author":[{"embeddable":true,"href":"https:\/\/dinostorm.com\/fr\/wp-json\/wp\/v2\/users\/26"}],"replies":[{"embeddable":true,"href":"https:\/\/dinostorm.com\/fr\/wp-json\/wp\/v2\/comments?post=5035"}],"version-history":[{"count":4,"href":"https:\/\/dinostorm.com\/fr\/wp-json\/wp\/v2\/pages\/5035\/revisions"}],"predecessor-version":[{"id":237783,"href":"https:\/\/dinostorm.com\/fr\/wp-json\/wp\/v2\/pages\/5035\/revisions\/237783"}],"up":[{"embeddable":true,"href":"https:\/\/dinostorm.com\/fr\/wp-json\/wp\/v2\/pages\/5017"}],"wp:featuredmedia":[{"embeddable":true,"href":"https:\/\/dinostorm.com\/fr\/wp-json\/wp\/v2\/media\/15052"}],"wp:attachment":[{"href":"https:\/\/dinostorm.com\/fr\/wp-json\/wp\/v2\/media?parent=5035"}],"curies":[{"name":"wp","href":"https:\/\/api.w.org\/{rel}","templated":true}]}}