{"id":5032,"date":"2012-10-18T09:12:22","date_gmt":"2012-10-18T07:12:22","guid":{"rendered":"http:\/\/dinostorm.com\/?page_id=5032"},"modified":"2021-07-08T09:50:30","modified_gmt":"2021-07-08T07:50:30","slug":"pachycephalosaure","status":"publish","type":"page","link":"https:\/\/dinostorm.com\/fr\/le-jeu\/lexique-des-dinosaures\/pachycephalosaure\/","title":{"rendered":"Dinosaure \u2014 Le pachycephalosaure"},"content":{"rendered":"<div class=\"teaser\"><\/div>\n<h1 class=\"headline_page width_600\"><span>Dinosaure \u2014 Le pachycephalosaure<\/span><\/h1>\n<p class=\"back-button back-pos600\"><a class=\"back-block\" href=\"http:\/\/dinostorm.com\/fr\/le-jeu\/lexique-des-dinosaures\/\">Retour<\/a><\/p>\n<div class=\"two_thirds\">\n<h2 class=\"headline-lex\"><span>Dino Storm &#8211; Le pachycephalosaure<\/span><\/h2>\n<div class=\"banner_lex\">\n<p class=\"banner_text_lex text_lex\">Le <strong>Pachycephalosaure<\/strong> est l&rsquo;un des dinosaures les plus rapides qui soient et est bien adapt\u00e9 au combat de type \u00ab\u00a0hit and run\u00a0\u00bb. Il arrivera comme une boule de d\u00e9molition, mais il est pr\u00e9f\u00e9rable de ne pas passer trop de temps en combat rapproch\u00e9.<\/p>\n<div style=\"margin-right: 29px; float: left; width: 10px; text-align: left; position: relative; top: 40px; left: 30px\">\n<strong class=\"text_lex\" style=\"position: relative; top: 12px\">Vitalit&#x00e9;:<\/strong><br \/>\n<strong class=\"text_lex\" style=\"position: relative; top: 30px\">Force:<\/strong><br \/>\n<strong class=\"text_lex\" style=\"position: relative; top: 50px\">Endurance:<\/strong>\n<\/div>\n<div style=\"margin-right: 20px; float: left; width: 118px; text-align: left; position: relative; top: 70px; left: 10px\">\n<img decoding=\"async\" class=\"skill_image_lex colorbox-5032\" src=\"\/wp-content\/themes\/arras\/images\/dinostorm\/Dinos\/bar_health_2.png\" alt=\"Le pachycephalosaure - Vitalit&#x00e9; de Base: 2.\" title=\"Vitalit&#x00e9; de Base: 2\"\/><br \/>\n<img decoding=\"async\" class=\"skill_image_lex colorbox-5032\" src=\"\/wp-content\/themes\/arras\/images\/dinostorm\/Dinos\/bar_strength_4.png\" alt=\"Le pachycephalosaure - Force de base: 4.\" title=\"Force de base: 4\"\/><br \/>\n<img decoding=\"async\" class=\"skill_image_lex colorbox-5032\" src=\"\/wp-content\/themes\/arras\/images\/dinostorm\/Dinos\/bar_endurance_5.png\" alt=\"Le pachycephalosaure - Endurance de base: 5.\" title=\"Endurance de base: 5\"\/>\n<\/div>\n<div class=\"icc_scale\">\n<img class=\"colorbox-5032\"  decoding=\"async\" src=\"\/wp-content\/themes\/arras\/images\/dinostorm\/Dinos\/icc_scale_npp.png\" alt=\"\" title=\"\"\/><br \/>\n<a href=\"\/fr\/le-jeu\/lexique-des-dinosaures\/coelophysis\/\"><img decoding=\"async\" class=\"icc_dino colorbox-5032\" src=\"\/wp-content\/themes\/arras\/images\/dinostorm\/Dinos\/coelophysis_icon.png\" alt=\"\" title=\"\"\/><\/a><\/p>\n<div class=\"icc_text\">L\u2019alternative \u201chit and run\u201d :<br \/>\n<strong>Le Coelophysis<\/strong>\n<\/div>\n<\/div>\n<\/div>\n<div class=\"one_third\">\n<img decoding=\"async\" class=\"dino_lex_2 colorbox-5032\" src=\"\/wp-content\/themes\/arras\/images\/dinostorm\/Dinos\/Pachycephalosaurus.png\" alt=\"Dino Storm: Le pachycephalosaure\"\/>\n<\/div>\n<\/div>\n<div class=\"clear\"><\/div>\n<div class=\"one_third\">\n<h3 class=\"headlinelex2_1\">Le pachycephalosaure \u2014 Les comp&#x00e9;tences du dinosaure<\/h3>\n<div class=\"banner_lex2\">\n<span class=\"icon_skill_top float-left\"><br \/>\n<img class=\"colorbox-5032\"  decoding=\"async\" src=\"\/wp-content\/themes\/arras\/images\/dinostorm\/Dinos\/Pachycephalosaurus_skill_01.png\" \nonmouseover=\"for (let el of document.querySelectorAll('.patchy_idle')) el.style.visibility = 'hidden'; for (let el of document.querySelectorAll('.patchy_skill1')) el.style.visibility = 'visible';\"\nonmouseout=\"for (let el of document.querySelectorAll('.patchy_idle')) el.style.visibility = 'visible'; for (let el of document.querySelectorAll('.patchy_skill1')) el.style.visibility = 'hidden';\"\"\nalt=\"Le pachycephalosaure Capacit&#x00e9; Sp&#x00e9;ciale \u2014 Coup de t&#x00ea;te volant\" title=\"Capacit&#x00e9; Sp&#x00e9;ciale: Coup de t&#x00ea;te volant\"\/><\/span><\/p>\n<div class=\"skill-wrapper\"><span class=\"icon_skill_title\">Coup de t&#x00ea;te volant<\/span><\/p>\n<p class=\"icon_skill_text\">\n<\/div>\n<p><span class=\"clear\"><!-- --><\/span><span class=\"icon_skill_top float-left\"><br \/>\n<img class=\"colorbox-5032\"  decoding=\"async\" src=\"\/wp-content\/themes\/arras\/images\/dinostorm\/Dinos\/Pachycephalosaurus_skill_02.png\" \nonmouseover=\"for (let el of document.querySelectorAll('.patchy_idle')) el.style.visibility = 'hidden'; for (let el of document.querySelectorAll('.patchy_skill2')) el.style.visibility = 'visible';\"\nonmouseout=\"for (let el of document.querySelectorAll('.patchy_idle')) el.style.visibility = 'visible'; for (let el of document.querySelectorAll('.patchy_skill2')) el.style.visibility = 'hidden';\"\"\nalt=\"Le pachycephalosaure Capacit&#x00e9; Sp&#x00e9;ciale \u2014 Esquive d'attaque\" title=\"Capacit&#x00e9; Sp&#x00e9;ciale: Esquive d'attaque\"\/><\/span><\/p>\n<div class=\"skill-wrapper-bottom\"><span class=\"icon_skill_title\">Esquive d&rsquo;attaque<\/span><\/p>\n<p class=\"icon_skill_text\">\n<\/div>\n<p><span class=\"clear\"><!-- --><\/span><\/p>\n<\/div>\n<\/div>\n<div class=\"one_third\">\n<h3 class=\"headlinelex2_2\">Le pachycephalosaure \u2014 Les donn&#x00e9;es du dinosaure<\/h3>\n<div class=\"fact_lex\">\n<p>Le pachyc&#x00e9;phalosaure a v&#x00e9;cu dans l&rsquo;&#x00e8;re du Cr&#x00e9;tac&#x00e9; sup&#x00e9;rieur, il y a 68 millions d&rsquo;ann&#x00e9;es, dans la r&#x00e9;gion de l&rsquo;Am&#x00e9;rique du Nord. Ce dinosaure appartenait au genre des ornithischia du groupe des pachycephalosauriens.<\/p>\n<p>Ce qui est particulier chez ce dinosaure, c&rsquo;est surtout la structure de son cr&#x00e2;ne. La plaque osseuse de la t&#x00ea;te du pachyc&#x00e9;phalosaure pouvait atteindre une &#x00e9;paisseur de 25 cm (~ 10 pouces). Il &#x00e9;tait capable de r&#x00e9;sister &#x00e0; d&rsquo;&#x00e9;normes chocs, particuli&#x00e8;rement lors de batailles contre d&rsquo;autres m&#x00e2;les. On suppose &#x00e9;galement que ce dinosaure utilisait sa t&#x00ea;te pour se d&#x00e9;fendre contre les autres dinosaures.<\/p>\n<\/div>\n<\/div>\n<div class=\"dino_animations\">\n<img decoding=\"async\" class=\"patchy_idle colorbox-5032\" src=\"\/wp-content\/themes\/arras\/images\/dinostorm\/Dinos\/pachycephalosaurus_idle.gif\"\/><br \/>\n<img decoding=\"async\" class=\"patchy_skill1 colorbox-5032\" src=\"\/wp-content\/themes\/arras\/images\/dinostorm\/Dinos\/pachycephalosaurus_skill_01.gif\"\/><br \/>\n<img decoding=\"async\" class=\"patchy_skill2 colorbox-5032\" src=\"\/wp-content\/themes\/arras\/images\/dinostorm\/Dinos\/pachycephalosaurus_skill_02.gif\"\/>\n<\/div>\n<div class=\"full\">\n<img decoding=\"async\" class=\"hr3 margin35 colorbox-5032\" src=\"\/wp-content\/themes\/arras\/images\/dinostorm\/seperator_big.png\" alt=\"separator dino storm\" \/>\n<\/div>\n","protected":false},"excerpt":{"rendered":"<p>Dinosaure \u2014 Le pachycephalosaure Retour Dino Storm &#8211; Le pachycephalosaure Le Pachycephalosaure est l&rsquo;un des dinosaures les plus rapides qui soient et est bien adapt\u00e9 au combat de type \u00ab\u00a0hit and run\u00a0\u00bb. Il arrivera comme [&hellip;]<\/p>\n","protected":false},"author":26,"featured_media":15052,"parent":5017,"menu_order":0,"comment_status":"closed","ping_status":"closed","template":"pagetpl-onecolumn.php","meta":{"footnotes":"","_links_to":"","_links_to_target":""},"class_list":["post-5032","page","type-page","status-publish","has-post-thumbnail","hentry"],"yoast_head":"<!-- This site is optimized with the Yoast SEO plugin v27.3 - https:\/\/yoast.com\/product\/yoast-seo-wordpress\/ -->\n<title>Dinosaure \u2014 Le pachycephalosaure - DinoStorm<\/title>\n<meta name=\"description\" content=\"Le pachyc\u00e9phalosaure n&#039;est pas seulement plus rapide que la plupart des dinosaures de Dino Storm, il peut \u00e9galement \u00e9tourdir un adversaire.\" \/>\n<meta name=\"robots\" content=\"index, follow, max-snippet:-1, max-image-preview:large, max-video-preview:-1\" \/>\n<link rel=\"canonical\" href=\"https:\/\/dinostorm.com\/fr\/le-jeu\/lexique-des-dinosaures\/pachycephalosaure\/\" \/>\n<meta property=\"og:locale\" content=\"fr_FR\" \/>\n<meta property=\"og:type\" content=\"article\" \/>\n<meta property=\"og:title\" content=\"Dinosaure \u2014 Le pachycephalosaure - DinoStorm\" \/>\n<meta property=\"og:description\" content=\"Le pachyc\u00e9phalosaure n&#039;est pas seulement plus rapide que la plupart des dinosaures de Dino Storm, il peut \u00e9galement \u00e9tourdir un adversaire.\" \/>\n<meta property=\"og:url\" content=\"https:\/\/dinostorm.com\/fr\/le-jeu\/lexique-des-dinosaures\/pachycephalosaure\/\" \/>\n<meta property=\"og:site_name\" content=\"DinoStorm\" \/>\n<meta property=\"article:modified_time\" content=\"2021-07-08T07:50:30+00:00\" \/>\n<meta property=\"og:image\" content=\"https:\/\/dinostorm.com\/wp-content\/uploads\/2012\/09\/ds_jungle_01.jpg\" \/>\n\t<meta property=\"og:image:width\" content=\"1280\" \/>\n\t<meta property=\"og:image:height\" content=\"720\" \/>\n\t<meta property=\"og:image:type\" content=\"image\/jpeg\" \/>\n<script type=\"application\/ld+json\" class=\"yoast-schema-graph\">{\"@context\":\"https:\\\/\\\/schema.org\",\"@graph\":[{\"@type\":\"WebPage\",\"@id\":\"https:\\\/\\\/dinostorm.com\\\/fr\\\/le-jeu\\\/lexique-des-dinosaures\\\/pachycephalosaure\\\/\",\"url\":\"https:\\\/\\\/dinostorm.com\\\/fr\\\/le-jeu\\\/lexique-des-dinosaures\\\/pachycephalosaure\\\/\",\"name\":\"Dinosaure \u2014 Le pachycephalosaure - DinoStorm\",\"isPartOf\":{\"@id\":\"https:\\\/\\\/dinostorm.com\\\/fr\\\/#website\"},\"primaryImageOfPage\":{\"@id\":\"https:\\\/\\\/dinostorm.com\\\/fr\\\/le-jeu\\\/lexique-des-dinosaures\\\/pachycephalosaure\\\/#primaryimage\"},\"image\":{\"@id\":\"https:\\\/\\\/dinostorm.com\\\/fr\\\/le-jeu\\\/lexique-des-dinosaures\\\/pachycephalosaure\\\/#primaryimage\"},\"thumbnailUrl\":\"https:\\\/\\\/dinostorm.com\\\/wp-content\\\/uploads\\\/2012\\\/09\\\/ds_jungle_01.jpg\",\"datePublished\":\"2012-10-18T07:12:22+00:00\",\"dateModified\":\"2021-07-08T07:50:30+00:00\",\"description\":\"Le pachyc\u00e9phalosaure n'est pas seulement plus rapide que la plupart des dinosaures de Dino Storm, il peut \u00e9galement \u00e9tourdir un adversaire.\",\"breadcrumb\":{\"@id\":\"https:\\\/\\\/dinostorm.com\\\/fr\\\/le-jeu\\\/lexique-des-dinosaures\\\/pachycephalosaure\\\/#breadcrumb\"},\"inLanguage\":\"fr-FR\",\"potentialAction\":[{\"@type\":\"ReadAction\",\"target\":[\"https:\\\/\\\/dinostorm.com\\\/fr\\\/le-jeu\\\/lexique-des-dinosaures\\\/pachycephalosaure\\\/\"]}]},{\"@type\":\"ImageObject\",\"inLanguage\":\"fr-FR\",\"@id\":\"https:\\\/\\\/dinostorm.com\\\/fr\\\/le-jeu\\\/lexique-des-dinosaures\\\/pachycephalosaure\\\/#primaryimage\",\"url\":\"https:\\\/\\\/dinostorm.com\\\/wp-content\\\/uploads\\\/2012\\\/09\\\/ds_jungle_01.jpg\",\"contentUrl\":\"https:\\\/\\\/dinostorm.com\\\/wp-content\\\/uploads\\\/2012\\\/09\\\/ds_jungle_01.jpg\",\"width\":1280,\"height\":720,\"caption\":\"Beware of dangerous bandits in Mokon Woods are everywhere.\"},{\"@type\":\"BreadcrumbList\",\"@id\":\"https:\\\/\\\/dinostorm.com\\\/fr\\\/le-jeu\\\/lexique-des-dinosaures\\\/pachycephalosaure\\\/#breadcrumb\",\"itemListElement\":[{\"@type\":\"ListItem\",\"position\":1,\"name\":\"Home\",\"item\":\"https:\\\/\\\/dinostorm.com\\\/fr\\\/\"},{\"@type\":\"ListItem\",\"position\":2,\"name\":\"Le jeu\",\"item\":\"https:\\\/\\\/dinostorm.com\\\/fr\\\/le-jeu\\\/\"},{\"@type\":\"ListItem\",\"position\":3,\"name\":\"Lexique des dinosaures\",\"item\":\"https:\\\/\\\/dinostorm.com\\\/fr\\\/le-jeu\\\/lexique-des-dinosaures\\\/\"},{\"@type\":\"ListItem\",\"position\":4,\"name\":\"Dinosaure \u2014 Le pachycephalosaure\"}]},{\"@type\":\"WebSite\",\"@id\":\"https:\\\/\\\/dinostorm.com\\\/fr\\\/#website\",\"url\":\"https:\\\/\\\/dinostorm.com\\\/fr\\\/\",\"name\":\"DinoStorm\",\"description\":\"\",\"potentialAction\":[{\"@type\":\"SearchAction\",\"target\":{\"@type\":\"EntryPoint\",\"urlTemplate\":\"https:\\\/\\\/dinostorm.com\\\/fr\\\/?s={search_term_string}\"},\"query-input\":{\"@type\":\"PropertyValueSpecification\",\"valueRequired\":true,\"valueName\":\"search_term_string\"}}],\"inLanguage\":\"fr-FR\"}]}<\/script>\n<!-- \/ Yoast SEO plugin. -->","yoast_head_json":{"title":"Dinosaure \u2014 Le pachycephalosaure - DinoStorm","description":"Le pachyc\u00e9phalosaure n'est pas seulement plus rapide que la plupart des dinosaures de Dino Storm, il peut \u00e9galement \u00e9tourdir un adversaire.","robots":{"index":"index","follow":"follow","max-snippet":"max-snippet:-1","max-image-preview":"max-image-preview:large","max-video-preview":"max-video-preview:-1"},"canonical":"https:\/\/dinostorm.com\/fr\/le-jeu\/lexique-des-dinosaures\/pachycephalosaure\/","og_locale":"fr_FR","og_type":"article","og_title":"Dinosaure \u2014 Le pachycephalosaure - DinoStorm","og_description":"Le pachyc\u00e9phalosaure n'est pas seulement plus rapide que la plupart des dinosaures de Dino Storm, il peut \u00e9galement \u00e9tourdir un adversaire.","og_url":"https:\/\/dinostorm.com\/fr\/le-jeu\/lexique-des-dinosaures\/pachycephalosaure\/","og_site_name":"DinoStorm","article_modified_time":"2021-07-08T07:50:30+00:00","og_image":[{"width":1280,"height":720,"url":"https:\/\/dinostorm.com\/wp-content\/uploads\/2012\/09\/ds_jungle_01.jpg","type":"image\/jpeg"}],"schema":{"@context":"https:\/\/schema.org","@graph":[{"@type":"WebPage","@id":"https:\/\/dinostorm.com\/fr\/le-jeu\/lexique-des-dinosaures\/pachycephalosaure\/","url":"https:\/\/dinostorm.com\/fr\/le-jeu\/lexique-des-dinosaures\/pachycephalosaure\/","name":"Dinosaure \u2014 Le pachycephalosaure - DinoStorm","isPartOf":{"@id":"https:\/\/dinostorm.com\/fr\/#website"},"primaryImageOfPage":{"@id":"https:\/\/dinostorm.com\/fr\/le-jeu\/lexique-des-dinosaures\/pachycephalosaure\/#primaryimage"},"image":{"@id":"https:\/\/dinostorm.com\/fr\/le-jeu\/lexique-des-dinosaures\/pachycephalosaure\/#primaryimage"},"thumbnailUrl":"https:\/\/dinostorm.com\/wp-content\/uploads\/2012\/09\/ds_jungle_01.jpg","datePublished":"2012-10-18T07:12:22+00:00","dateModified":"2021-07-08T07:50:30+00:00","description":"Le pachyc\u00e9phalosaure n'est pas seulement plus rapide que la plupart des dinosaures de Dino Storm, il peut \u00e9galement \u00e9tourdir un adversaire.","breadcrumb":{"@id":"https:\/\/dinostorm.com\/fr\/le-jeu\/lexique-des-dinosaures\/pachycephalosaure\/#breadcrumb"},"inLanguage":"fr-FR","potentialAction":[{"@type":"ReadAction","target":["https:\/\/dinostorm.com\/fr\/le-jeu\/lexique-des-dinosaures\/pachycephalosaure\/"]}]},{"@type":"ImageObject","inLanguage":"fr-FR","@id":"https:\/\/dinostorm.com\/fr\/le-jeu\/lexique-des-dinosaures\/pachycephalosaure\/#primaryimage","url":"https:\/\/dinostorm.com\/wp-content\/uploads\/2012\/09\/ds_jungle_01.jpg","contentUrl":"https:\/\/dinostorm.com\/wp-content\/uploads\/2012\/09\/ds_jungle_01.jpg","width":1280,"height":720,"caption":"Beware of dangerous bandits in Mokon Woods are everywhere."},{"@type":"BreadcrumbList","@id":"https:\/\/dinostorm.com\/fr\/le-jeu\/lexique-des-dinosaures\/pachycephalosaure\/#breadcrumb","itemListElement":[{"@type":"ListItem","position":1,"name":"Home","item":"https:\/\/dinostorm.com\/fr\/"},{"@type":"ListItem","position":2,"name":"Le jeu","item":"https:\/\/dinostorm.com\/fr\/le-jeu\/"},{"@type":"ListItem","position":3,"name":"Lexique des dinosaures","item":"https:\/\/dinostorm.com\/fr\/le-jeu\/lexique-des-dinosaures\/"},{"@type":"ListItem","position":4,"name":"Dinosaure \u2014 Le pachycephalosaure"}]},{"@type":"WebSite","@id":"https:\/\/dinostorm.com\/fr\/#website","url":"https:\/\/dinostorm.com\/fr\/","name":"DinoStorm","description":"","potentialAction":[{"@type":"SearchAction","target":{"@type":"EntryPoint","urlTemplate":"https:\/\/dinostorm.com\/fr\/?s={search_term_string}"},"query-input":{"@type":"PropertyValueSpecification","valueRequired":true,"valueName":"search_term_string"}}],"inLanguage":"fr-FR"}]}},"_links":{"self":[{"href":"https:\/\/dinostorm.com\/fr\/wp-json\/wp\/v2\/pages\/5032","targetHints":{"allow":["GET"]}}],"collection":[{"href":"https:\/\/dinostorm.com\/fr\/wp-json\/wp\/v2\/pages"}],"about":[{"href":"https:\/\/dinostorm.com\/fr\/wp-json\/wp\/v2\/types\/page"}],"author":[{"embeddable":true,"href":"https:\/\/dinostorm.com\/fr\/wp-json\/wp\/v2\/users\/26"}],"replies":[{"embeddable":true,"href":"https:\/\/dinostorm.com\/fr\/wp-json\/wp\/v2\/comments?post=5032"}],"version-history":[{"count":4,"href":"https:\/\/dinostorm.com\/fr\/wp-json\/wp\/v2\/pages\/5032\/revisions"}],"predecessor-version":[{"id":237752,"href":"https:\/\/dinostorm.com\/fr\/wp-json\/wp\/v2\/pages\/5032\/revisions\/237752"}],"up":[{"embeddable":true,"href":"https:\/\/dinostorm.com\/fr\/wp-json\/wp\/v2\/pages\/5017"}],"wp:featuredmedia":[{"embeddable":true,"href":"https:\/\/dinostorm.com\/fr\/wp-json\/wp\/v2\/media\/15052"}],"wp:attachment":[{"href":"https:\/\/dinostorm.com\/fr\/wp-json\/wp\/v2\/media?parent=5032"}],"curies":[{"name":"wp","href":"https:\/\/api.w.org\/{rel}","templated":true}]}}