{"id":5029,"date":"2012-10-18T09:12:00","date_gmt":"2012-10-18T07:12:00","guid":{"rendered":"http:\/\/dinostorm.com\/?page_id=5029"},"modified":"2022-04-25T09:54:59","modified_gmt":"2022-04-25T07:54:59","slug":"coelophysis","status":"publish","type":"page","link":"https:\/\/dinostorm.com\/fr\/le-jeu\/lexique-des-dinosaures\/coelophysis\/","title":{"rendered":"Dinosaure \u2014 Coelophysis"},"content":{"rendered":"<div class=\"teaser\"><\/div>\n<h1 class=\"headline_page width_500\"><span>Dinosaure \u2014 Coelophysis<\/span><\/h1>\n<p class=\"back-button back-pos500\"><a class=\"back-block\" href=\"\/fr\/le-jeu\/lexique-des-dinosaures\/\">Retour<\/a><\/p>\n<div class=\"two_thirds\">\n<h2 class=\"headline-lex\"><span>Dino Storm &#8211; Coelophysis<\/span><\/h2>\n<div class=\"banner_lex\">\n<p class=\"banner_text_lex text_lex\">Le <strong>Coelophysis<\/strong> est fait pour la vitesse, favorisant un style de combat \u00ab\u00a0hit and run\u00a0\u00bb. Il n&rsquo;encaissera pas beaucoup de coups en combat rapproch\u00e9, il est donc d&rsquo;une importance vitale d&rsquo;utiliser ses capacit\u00e9s de course in\u00e9gal\u00e9es !<\/p>\n<div style=\"margin-right: 29px; float: left; width: 10px; text-align: left; position: relative; top: 40px; left: 30px\">\n<strong class=\"text_lex\" style=\"position: relative; top: 12px\">Vitalit&#x00e9;:<\/strong><br \/>\n<strong class=\"text_lex\" style=\"position: relative; top: 30px\">Force:<\/strong><br \/>\n<strong class=\"text_lex\" style=\"position: relative; top: 50px\">Endurance:<\/strong>\n<\/div>\n<div style=\"margin-right: 20px; float: left; width: 118px; text-align: left; position: relative; top: 70px; left: 10px\">\n<img decoding=\"async\" class=\"skill_image_lex colorbox-5029\" src=\"\/wp-content\/themes\/arras\/images\/dinostorm\/Dinos\/bar_health_2.png\" alt=\"Coelophysis - Vitalit&#x00e9; de Base: 2.\" title=\"Vitalit&#x00e9; de Base: 2\"\/><br \/>\n<img decoding=\"async\" class=\"skill_image_lex colorbox-5029\" src=\"\/wp-content\/themes\/arras\/images\/dinostorm\/Dinos\/bar_strength_4.png\" alt=\"Coelophysis - Force de base: 4.\" title=\"Force de base: 4\"\/><br \/>\n<img decoding=\"async\" class=\"skill_image_lex colorbox-5029\" src=\"\/wp-content\/themes\/arras\/images\/dinostorm\/Dinos\/bar_endurance_5.png\" alt=\"Coelophysis - Endurance de base: 5.\" title=\"Endurance de base: 5\"\/>\n<\/div>\n<div class=\"icc_scale\">\n<img class=\"colorbox-5029\"  decoding=\"async\" src=\"\/wp-content\/themes\/arras\/images\/dinostorm\/Dinos\/icc_scale_pnn.png\" alt=\"\" title=\"\"\/><br \/>\n<a href=\"\/fr\/le-jeu\/lexique-des-dinosaures\/pachycephalosaure\/\"><img decoding=\"async\" class=\"icc_dino colorbox-5029\" src=\"\/wp-content\/themes\/arras\/images\/dinostorm\/Dinos\/pachycephalosaurus_icon.png\" alt=\"\" title=\"\"\/><\/a><\/p>\n<div class=\"icc_text\">L&rsquo;alternative \u00ab\u00a0hit and run\u00a0\u00bb :<br \/>\n<strong>Le Pachycephalosaure<\/strong>\n<\/div>\n<\/div>\n<\/div>\n<div class=\"one_third\">\n<img decoding=\"async\" class=\"dino_lex_2 colorbox-5029\" src=\"\/wp-content\/themes\/arras\/images\/dinostorm\/Dinos\/Coelophysis.png\" alt=\"Dino Storm: Coelophysis\"\/>\n<\/div>\n<\/div>\n<div class=\"clear\"><\/div>\n<div class=\"one_third\">\n<h3 class=\"headlinelex2_1\">Coelophysis \u2014 Les comp&#x00e9;tences du dinosaure<\/h3>\n<div class=\"banner_lex2\">\n<span class=\"icon_skill_top float-left\"><br \/>\n<img class=\"colorbox-5029\"  decoding=\"async\" src=\"\/wp-content\/themes\/arras\/images\/dinostorm\/Dinos\/coelophysis_skill_01.png\" \nonmouseover=\"for (let el of document.querySelectorAll('.dino_idle')) el.style.visibility = 'hidden'; for (let el of document.querySelectorAll('.dino_skill1')) el.style.visibility = 'visible';\"\nonmouseout=\"for (let el of document.querySelectorAll('.dino_idle')) el.style.visibility = 'visible'; for (let el of document.querySelectorAll('.dino_skill1')) el.style.visibility = 'hidden';\"\"\nalt=\"Coelophysis Capacit&#x00e9; Sp&#x00e9;ciale \u2014 Frappes rapides\" title=\"Capacit&#x00e9; Sp&#x00e9;ciale: Frappes rapides\"\/><\/span><\/p>\n<div class=\"skill-wrapper\"><span class=\"icon_skill_title\">Frappes rapides<\/span><\/p>\n<p class=\"icon_skill_text\">\n<\/div>\n<p><span class=\"clear\"><!-- --><\/span><span class=\"icon_skill_top float-left\"><br \/>\n<img class=\"colorbox-5029\"  decoding=\"async\" src=\"\/wp-content\/themes\/arras\/images\/dinostorm\/Dinos\/coelophysis_skill_02.png\" \nonmouseover=\"for (let el of document.querySelectorAll('.dino_idle')) el.style.visibility = 'hidden'; for (let el of document.querySelectorAll('.dino_skill2')) el.style.visibility = 'visible';\"\nonmouseout=\"for (let el of document.querySelectorAll('.dino_idle')) el.style.visibility = 'visible'; for (let el of document.querySelectorAll('.dino_skill2')) el.style.visibility = 'hidden';\"\"\nalt=\"Coelophysis Capacit&#x00e9; Sp&#x00e9;ciale \u2014 Attaque du saut\" title=\"Capacit&#x00e9; Sp&#x00e9;ciale: Attaque du saut\"\/><\/span><\/p>\n<div class=\"skill-wrapper-bottom\"><span class=\"icon_skill_title\">Attaque du saut<\/span><\/p>\n<p class=\"icon_skill_text\">\n<\/div>\n<p><span class=\"clear\"><!-- --><\/span><\/p>\n<\/div>\n<\/div>\n<div class=\"one_third\">\n<h3 class=\"headlinelex2_2\">Coelophysis \u2014 Les donn&#x00e9;es du dinosaure<\/h3>\n<div class=\"fact_lex\">\n<p>Le coelophysis a v&#x00e9;cu &#x00e0; la fin de l&rsquo;&#x00e8;re du Trias, dans ce qui est maintenant le sud-ouest de l&rsquo;Am&#x00e9;rique du Nord. Il appartient au groupe des th&#x00e9;ropodes, une esp&#x00e8;ce de dinosaure ancien.<\/p>\n<p>Le physique de ce dinosaure &#x00e9;tait extr&#x00ea;mement efficace et con&#x00e7;u pour des vitesses &#x00e9;lev&#x00e9;es. Les os du coelophysis &#x00e9;taient creux, longs et &#x00e9;troits. Il avait des dents ac&#x00e9;r&#x00e9;es et ses orteils se terminaient par de griffes &#x00e9;galement ac&#x00e9;r&#x00e9;es.<\/p>\n<\/div>\n<\/div>\n<div class=\"dino_animations\">\n<img decoding=\"async\" class=\"dino_idle colorbox-5029\" src=\"\/wp-content\/themes\/arras\/images\/dinostorm\/Dinos\/coelophysis_idle.gif\"\/><br \/>\n<img decoding=\"async\" class=\"dino_skill1 colorbox-5029\" src=\"\/wp-content\/themes\/arras\/images\/dinostorm\/Dinos\/coelophysis_skill_01.gif\"\/><br \/>\n<img decoding=\"async\" class=\"dino_skill2 colorbox-5029\" src=\"\/wp-content\/themes\/arras\/images\/dinostorm\/Dinos\/coelophysis_skill_02.gif\"\/>\n<\/div>\n<div class=full>\n<img decoding=\"async\" class=\"hr3 colorbox-5029\" src=\"\/wp-content\/themes\/arras\/images\/dinostorm\/seperator_big.png\" alt=\"separator dino storm\" \/>\n<\/div>\n","protected":false},"excerpt":{"rendered":"<p>Dinosaure \u2014 Coelophysis Retour Dino Storm &#8211; Coelophysis Le Coelophysis est fait pour la vitesse, favorisant un style de combat \u00ab\u00a0hit and run\u00a0\u00bb. Il n&rsquo;encaissera pas beaucoup de coups en combat rapproch\u00e9, il est donc [&hellip;]<\/p>\n","protected":false},"author":26,"featured_media":15052,"parent":5017,"menu_order":0,"comment_status":"closed","ping_status":"closed","template":"pagetpl-onecolumn.php","meta":{"footnotes":"","_links_to":"","_links_to_target":""},"class_list":["post-5029","page","type-page","status-publish","has-post-thumbnail","hentry"],"yoast_head":"<!-- This site is optimized with the Yoast SEO plugin v27.3 - https:\/\/yoast.com\/product\/yoast-seo-wordpress\/ -->\n<title>Dinosaure \u2014 Coelophysis - DinoStorm<\/title>\n<meta name=\"description\" content=\"Le c\u0153lophysis est fait pour la vitesse. Ses pattes puissantes en font un grand coureur dans Dino Storm. Tout ce que tu dois savoir \u00e0 propos du c\u0153lophysis...\" \/>\n<meta name=\"robots\" content=\"index, follow, max-snippet:-1, max-image-preview:large, max-video-preview:-1\" \/>\n<link rel=\"canonical\" href=\"https:\/\/dinostorm.com\/fr\/le-jeu\/lexique-des-dinosaures\/coelophysis\/\" \/>\n<meta property=\"og:locale\" content=\"fr_FR\" \/>\n<meta property=\"og:type\" content=\"article\" \/>\n<meta property=\"og:title\" content=\"Dinosaure \u2014 Coelophysis - DinoStorm\" \/>\n<meta property=\"og:description\" content=\"Le c\u0153lophysis est fait pour la vitesse. Ses pattes puissantes en font un grand coureur dans Dino Storm. Tout ce que tu dois savoir \u00e0 propos du c\u0153lophysis...\" \/>\n<meta property=\"og:url\" content=\"https:\/\/dinostorm.com\/fr\/le-jeu\/lexique-des-dinosaures\/coelophysis\/\" \/>\n<meta property=\"og:site_name\" content=\"DinoStorm\" \/>\n<meta property=\"article:modified_time\" content=\"2022-04-25T07:54:59+00:00\" \/>\n<script type=\"application\/ld+json\" class=\"yoast-schema-graph\">{\"@context\":\"https:\\\/\\\/schema.org\",\"@graph\":[{\"@type\":\"WebPage\",\"@id\":\"https:\\\/\\\/dinostorm.com\\\/fr\\\/le-jeu\\\/lexique-des-dinosaures\\\/coelophysis\\\/\",\"url\":\"https:\\\/\\\/dinostorm.com\\\/fr\\\/le-jeu\\\/lexique-des-dinosaures\\\/coelophysis\\\/\",\"name\":\"Dinosaure \u2014 Coelophysis - DinoStorm\",\"isPartOf\":{\"@id\":\"https:\\\/\\\/dinostorm.com\\\/fr\\\/#website\"},\"primaryImageOfPage\":{\"@id\":\"https:\\\/\\\/dinostorm.com\\\/fr\\\/le-jeu\\\/lexique-des-dinosaures\\\/coelophysis\\\/#primaryimage\"},\"image\":{\"@id\":\"https:\\\/\\\/dinostorm.com\\\/fr\\\/le-jeu\\\/lexique-des-dinosaures\\\/coelophysis\\\/#primaryimage\"},\"thumbnailUrl\":\"https:\\\/\\\/dinostorm.com\\\/wp-content\\\/uploads\\\/2012\\\/09\\\/ds_jungle_01.jpg\",\"datePublished\":\"2012-10-18T07:12:00+00:00\",\"dateModified\":\"2022-04-25T07:54:59+00:00\",\"description\":\"Le c\u0153lophysis est fait pour la vitesse. Ses pattes puissantes en font un grand coureur dans Dino Storm. Tout ce que tu dois savoir \u00e0 propos du c\u0153lophysis...\",\"breadcrumb\":{\"@id\":\"https:\\\/\\\/dinostorm.com\\\/fr\\\/le-jeu\\\/lexique-des-dinosaures\\\/coelophysis\\\/#breadcrumb\"},\"inLanguage\":\"fr-FR\",\"potentialAction\":[{\"@type\":\"ReadAction\",\"target\":[\"https:\\\/\\\/dinostorm.com\\\/fr\\\/le-jeu\\\/lexique-des-dinosaures\\\/coelophysis\\\/\"]}]},{\"@type\":\"ImageObject\",\"inLanguage\":\"fr-FR\",\"@id\":\"https:\\\/\\\/dinostorm.com\\\/fr\\\/le-jeu\\\/lexique-des-dinosaures\\\/coelophysis\\\/#primaryimage\",\"url\":\"https:\\\/\\\/dinostorm.com\\\/wp-content\\\/uploads\\\/2012\\\/09\\\/ds_jungle_01.jpg\",\"contentUrl\":\"https:\\\/\\\/dinostorm.com\\\/wp-content\\\/uploads\\\/2012\\\/09\\\/ds_jungle_01.jpg\",\"width\":1280,\"height\":720,\"caption\":\"Beware of dangerous bandits in Mokon Woods are everywhere.\"},{\"@type\":\"BreadcrumbList\",\"@id\":\"https:\\\/\\\/dinostorm.com\\\/fr\\\/le-jeu\\\/lexique-des-dinosaures\\\/coelophysis\\\/#breadcrumb\",\"itemListElement\":[{\"@type\":\"ListItem\",\"position\":1,\"name\":\"Home\",\"item\":\"https:\\\/\\\/dinostorm.com\\\/fr\\\/\"},{\"@type\":\"ListItem\",\"position\":2,\"name\":\"Le jeu\",\"item\":\"https:\\\/\\\/dinostorm.com\\\/fr\\\/le-jeu\\\/\"},{\"@type\":\"ListItem\",\"position\":3,\"name\":\"Lexique des dinosaures\",\"item\":\"https:\\\/\\\/dinostorm.com\\\/fr\\\/le-jeu\\\/lexique-des-dinosaures\\\/\"},{\"@type\":\"ListItem\",\"position\":4,\"name\":\"Dinosaure \u2014 Coelophysis\"}]},{\"@type\":\"WebSite\",\"@id\":\"https:\\\/\\\/dinostorm.com\\\/fr\\\/#website\",\"url\":\"https:\\\/\\\/dinostorm.com\\\/fr\\\/\",\"name\":\"DinoStorm\",\"description\":\"\",\"potentialAction\":[{\"@type\":\"SearchAction\",\"target\":{\"@type\":\"EntryPoint\",\"urlTemplate\":\"https:\\\/\\\/dinostorm.com\\\/fr\\\/?s={search_term_string}\"},\"query-input\":{\"@type\":\"PropertyValueSpecification\",\"valueRequired\":true,\"valueName\":\"search_term_string\"}}],\"inLanguage\":\"fr-FR\"}]}<\/script>\n<!-- \/ Yoast SEO plugin. -->","yoast_head_json":{"title":"Dinosaure \u2014 Coelophysis - DinoStorm","description":"Le c\u0153lophysis est fait pour la vitesse. Ses pattes puissantes en font un grand coureur dans Dino Storm. Tout ce que tu dois savoir \u00e0 propos du c\u0153lophysis...","robots":{"index":"index","follow":"follow","max-snippet":"max-snippet:-1","max-image-preview":"max-image-preview:large","max-video-preview":"max-video-preview:-1"},"canonical":"https:\/\/dinostorm.com\/fr\/le-jeu\/lexique-des-dinosaures\/coelophysis\/","og_locale":"fr_FR","og_type":"article","og_title":"Dinosaure \u2014 Coelophysis - DinoStorm","og_description":"Le c\u0153lophysis est fait pour la vitesse. Ses pattes puissantes en font un grand coureur dans Dino Storm. Tout ce que tu dois savoir \u00e0 propos du c\u0153lophysis...","og_url":"https:\/\/dinostorm.com\/fr\/le-jeu\/lexique-des-dinosaures\/coelophysis\/","og_site_name":"DinoStorm","article_modified_time":"2022-04-25T07:54:59+00:00","schema":{"@context":"https:\/\/schema.org","@graph":[{"@type":"WebPage","@id":"https:\/\/dinostorm.com\/fr\/le-jeu\/lexique-des-dinosaures\/coelophysis\/","url":"https:\/\/dinostorm.com\/fr\/le-jeu\/lexique-des-dinosaures\/coelophysis\/","name":"Dinosaure \u2014 Coelophysis - DinoStorm","isPartOf":{"@id":"https:\/\/dinostorm.com\/fr\/#website"},"primaryImageOfPage":{"@id":"https:\/\/dinostorm.com\/fr\/le-jeu\/lexique-des-dinosaures\/coelophysis\/#primaryimage"},"image":{"@id":"https:\/\/dinostorm.com\/fr\/le-jeu\/lexique-des-dinosaures\/coelophysis\/#primaryimage"},"thumbnailUrl":"https:\/\/dinostorm.com\/wp-content\/uploads\/2012\/09\/ds_jungle_01.jpg","datePublished":"2012-10-18T07:12:00+00:00","dateModified":"2022-04-25T07:54:59+00:00","description":"Le c\u0153lophysis est fait pour la vitesse. Ses pattes puissantes en font un grand coureur dans Dino Storm. Tout ce que tu dois savoir \u00e0 propos du c\u0153lophysis...","breadcrumb":{"@id":"https:\/\/dinostorm.com\/fr\/le-jeu\/lexique-des-dinosaures\/coelophysis\/#breadcrumb"},"inLanguage":"fr-FR","potentialAction":[{"@type":"ReadAction","target":["https:\/\/dinostorm.com\/fr\/le-jeu\/lexique-des-dinosaures\/coelophysis\/"]}]},{"@type":"ImageObject","inLanguage":"fr-FR","@id":"https:\/\/dinostorm.com\/fr\/le-jeu\/lexique-des-dinosaures\/coelophysis\/#primaryimage","url":"https:\/\/dinostorm.com\/wp-content\/uploads\/2012\/09\/ds_jungle_01.jpg","contentUrl":"https:\/\/dinostorm.com\/wp-content\/uploads\/2012\/09\/ds_jungle_01.jpg","width":1280,"height":720,"caption":"Beware of dangerous bandits in Mokon Woods are everywhere."},{"@type":"BreadcrumbList","@id":"https:\/\/dinostorm.com\/fr\/le-jeu\/lexique-des-dinosaures\/coelophysis\/#breadcrumb","itemListElement":[{"@type":"ListItem","position":1,"name":"Home","item":"https:\/\/dinostorm.com\/fr\/"},{"@type":"ListItem","position":2,"name":"Le jeu","item":"https:\/\/dinostorm.com\/fr\/le-jeu\/"},{"@type":"ListItem","position":3,"name":"Lexique des dinosaures","item":"https:\/\/dinostorm.com\/fr\/le-jeu\/lexique-des-dinosaures\/"},{"@type":"ListItem","position":4,"name":"Dinosaure \u2014 Coelophysis"}]},{"@type":"WebSite","@id":"https:\/\/dinostorm.com\/fr\/#website","url":"https:\/\/dinostorm.com\/fr\/","name":"DinoStorm","description":"","potentialAction":[{"@type":"SearchAction","target":{"@type":"EntryPoint","urlTemplate":"https:\/\/dinostorm.com\/fr\/?s={search_term_string}"},"query-input":{"@type":"PropertyValueSpecification","valueRequired":true,"valueName":"search_term_string"}}],"inLanguage":"fr-FR"}]}},"_links":{"self":[{"href":"https:\/\/dinostorm.com\/fr\/wp-json\/wp\/v2\/pages\/5029","targetHints":{"allow":["GET"]}}],"collection":[{"href":"https:\/\/dinostorm.com\/fr\/wp-json\/wp\/v2\/pages"}],"about":[{"href":"https:\/\/dinostorm.com\/fr\/wp-json\/wp\/v2\/types\/page"}],"author":[{"embeddable":true,"href":"https:\/\/dinostorm.com\/fr\/wp-json\/wp\/v2\/users\/26"}],"replies":[{"embeddable":true,"href":"https:\/\/dinostorm.com\/fr\/wp-json\/wp\/v2\/comments?post=5029"}],"version-history":[{"count":11,"href":"https:\/\/dinostorm.com\/fr\/wp-json\/wp\/v2\/pages\/5029\/revisions"}],"predecessor-version":[{"id":311215,"href":"https:\/\/dinostorm.com\/fr\/wp-json\/wp\/v2\/pages\/5029\/revisions\/311215"}],"up":[{"embeddable":true,"href":"https:\/\/dinostorm.com\/fr\/wp-json\/wp\/v2\/pages\/5017"}],"wp:featuredmedia":[{"embeddable":true,"href":"https:\/\/dinostorm.com\/fr\/wp-json\/wp\/v2\/media\/15052"}],"wp:attachment":[{"href":"https:\/\/dinostorm.com\/fr\/wp-json\/wp\/v2\/media?parent=5029"}],"curies":[{"name":"wp","href":"https:\/\/api.w.org\/{rel}","templated":true}]}}