{"id":5023,"date":"2012-10-18T09:11:53","date_gmt":"2012-10-18T07:11:53","guid":{"rendered":"http:\/\/dinostorm.com\/?page_id=5023"},"modified":"2021-07-08T11:03:58","modified_gmt":"2021-07-08T09:03:58","slug":"carnotaure","status":"publish","type":"page","link":"https:\/\/dinostorm.com\/fr\/le-jeu\/lexique-des-dinosaures\/carnotaure\/","title":{"rendered":"Dinosaure &#8211; Le carnotaure"},"content":{"rendered":"<div class=\"teaser\"><\/div>\n<h1 class=\"headline_page width_500\"><span>Dinosaure \u2014 Le carnotaure<\/span><\/h1>\n<p class=\"back-button back-pos500\"><a class=\"back-block\" href=\"http:\/\/dinostorm.com\/fr\/le-jeu\/lexique-des-dinosaures\/\">Retour<\/a><\/p>\n<div class=\"two_thirds\">\n<h2 class=\"headline-lex\"><span>Dino Storm &#8211; Le carnotaure<\/span><\/h2>\n<div class=\"banner_lex\">\n<p class=\"banner_text_lex text_lex\">Le <strong>Carnotaure<\/strong> est un carnivore \u00e0 l&rsquo;allure f\u00e9roce qui se classe parmi les distributeurs de d\u00e9g\u00e2ts. Il est plus rapide que la moyenne des dinosaures, et une fois au corps \u00e0 corps, son avantage consid\u00e9rable en force paye tr\u00e8s cher.<\/p>\n<div style=\"margin-right: 29px; float: left; width: 10px; text-align: left; position: relative; top: 40px; left: 30px\">\n<strong class=\"text_lex\" style=\"position: relative; top: 12px\">Vitalit&#x00e9;:<\/strong><br \/>\n<strong class=\"text_lex\" style=\"position: relative; top: 30px\">Force:<\/strong><br \/>\n<strong class=\"text_lex\" style=\"position: relative; top: 50px\">Endurance:<\/strong>\n<\/div>\n<div style=\"margin-right: 20px; float: left; width: 118px; text-align: left; position: relative; top: 70px; left: 10px\">\n<img decoding=\"async\" class=\"skill_image_lex colorbox-5023\" src=\"\/wp-content\/themes\/arras\/images\/dinostorm\/Dinos\/bar_health_1.png\" alt=\"Le carnotaure - Vitalit&#x00e9; de Base: 1.\" title=\"Vitalit&#x00e9; de Base: 1\"\/><br \/>\n<img decoding=\"async\" class=\"skill_image_lex colorbox-5023\" src=\"\/wp-content\/themes\/arras\/images\/dinostorm\/Dinos\/bar_strength_5.png\" alt=\"Le carnotaure - Force de base: 5.\" title=\"Force de base: 5\"\/><br \/>\n<img decoding=\"async\" class=\"skill_image_lex colorbox-5023\" src=\"\/wp-content\/themes\/arras\/images\/dinostorm\/Dinos\/bar_endurance_4.png\" alt=\"Le carnotaure - Endurance de base: 4.\" title=\"Endurance de base: 4\"\/>\n<\/div>\n<div class=\"icc_scale\">\n<img class=\"colorbox-5023\"  decoding=\"async\" src=\"\/wp-content\/themes\/arras\/images\/dinostorm\/Dinos\/icc_scale_npp.png\" alt=\"\" title=\"\"\/><br \/>\n<a href=\"\/fr\/le-jeu\/lexique-des-dinosaures\/tyrannosaure\/\"><img decoding=\"async\" class=\"icc_dino colorbox-5023\" src=\"\/wp-content\/themes\/arras\/images\/dinostorm\/Dinos\/tyrannosaurus_icon.png\" alt=\"\" title=\"\"\/><\/a><\/p>\n<div class=\"icc_text\">Alternative au distributeur de d\u00e9g\u00e2ts :<br \/>\n<strong>Le tyrannosaure<\/strong>\n<\/div>\n<\/div>\n<\/div>\n<div class=\"one_third\">\n<img decoding=\"async\" class=\"dino_lex_2 colorbox-5023\" src=\"\/wp-content\/themes\/arras\/images\/dinostorm\/Dinos\/Carnotaurus.png\" alt=\"Dino Storm: Le carnotaure\"\/>\n<\/div>\n<\/div>\n<div class=\"clear\"><\/div>\n<div class=\"one_third\">\n<h3 class=\"headlinelex2_1\">Le carnotaure \u2014 Les comp&#x00e9;tences du dinosaure<\/h3>\n<div class=\"banner_lex2\">\n<span class=\"icon_skill_top float-left\"><br \/>\n<img class=\"colorbox-5023\"  decoding=\"async\" src=\"\/wp-content\/themes\/arras\/images\/dinostorm\/Dinos\/Carnotaurus_skill_01.png\" \nonmouseover=\"for (let el of document.querySelectorAll('.carno_idle')) el.style.visibility = 'hidden'; for (let el of document.querySelectorAll('.carno_skill1')) el.style.visibility = 'visible';\"\nonmouseout=\"for (let el of document.querySelectorAll('.carno_idle')) el.style.visibility = 'visible'; for (let el of document.querySelectorAll('.carno_skill1')) el.style.visibility = 'hidden';\"\"\nalt=\"Le carnotaure Capacit&#x00e9; Sp&#x00e9;ciale \u2014 Attaque de chair\" title=\"Capacit&#x00e9; Sp&#x00e9;ciale: Attaque de chair\"\/><\/span><\/p>\n<div class=\"skill-wrapper\"><span class=\"icon_skill_title\">Attaque de chair<\/span><\/p>\n<p class=\"icon_skill_text\">\n<\/div>\n<p><span class=\"clear\"><!-- --><\/span><span class=\"icon_skill_top float-left\"><br \/>\n<img class=\"colorbox-5023\"  decoding=\"async\" src=\"\/wp-content\/themes\/arras\/images\/dinostorm\/Dinos\/Carnotaurus_skill_02.png\" \nonmouseover=\"for (let el of document.querySelectorAll('.carno_idle')) el.style.visibility = 'hidden'; for (let el of document.querySelectorAll('.carno_skill2')) el.style.visibility = 'visible';\"\nonmouseout=\"for (let el of document.querySelectorAll('.carno_idle')) el.style.visibility = 'visible'; for (let el of document.querySelectorAll('.carno_skill2')) el.style.visibility = 'hidden';\"\"\nalt=\"Le carnotaure Capacit&#x00e9; Sp&#x00e9;ciale \u2014 Attaque du carnage\" title=\"Capacit&#x00e9; Sp&#x00e9;ciale: Attaque du carnage\"\/><\/span><\/p>\n<div class=\"skill-wrapper-bottom\"><span class=\"icon_skill_title\">Attaque du carnage<\/span><\/p>\n<p class=\"icon_skill_text\">\n<\/div>\n<p><span class=\"clear\"><!-- --><\/span><\/p>\n<\/div>\n<\/div>\n<div class=\"one_third\">\n<h3 class=\"headlinelex2_2\">Le carnotaure \u2014 Les donn&#x00e9;es du dinosaure<\/h3>\n<div class=\"fact_lex\">\n<p>Le carnotaure &#x00e9;tait un grand pr&#x00e9;dateur vivant dans ce qui est maintenant l&rsquo;Am&#x00e9;rique du sud. Ses caract&#x00e9;ristiques &#x00e9;taient deux cornes larges sur son front, un cr&#x00e2;ne profond et court ainsi que deux pattes avant extr&#x00ea;mement petites. Elles &#x00e9;taient encore plus petites que les pattes avant d&#x00e9;j&#x00e0; courtes du Tyrannosaure Rex.<\/p>\n<p>Ce qui &#x00e9;tait atypique chez ces dinosaures &#x00e9;taient leurs yeux orient&#x00e9;s vers l&rsquo;avant. Ce qui indiquerait que le carnotaure avait une vision pr&#x00e9;cise de l&rsquo;espace qui l&rsquo;entourait. En outre, des empreintes de peau de ce dinosaure ont &#x00e9;t&#x00e9; d&#x00e9;couvertes, ce qui nous a permis d&rsquo;apprendre que sa peau &#x00e9;tait principalement compos&#x00e9;e d&rsquo;&#x00e9;cailles en forme de soucoupe.<\/p>\n<\/div>\n<\/div>\n<div class=\"dino_animations\">\n<img decoding=\"async\" class=\"carno_idle colorbox-5023\" src=\"\/wp-content\/themes\/arras\/images\/dinostorm\/Dinos\/carnotaurus_idle.gif\"\/><br \/>\n<img decoding=\"async\" class=\"carno_skill1 colorbox-5023\" src=\"\/wp-content\/themes\/arras\/images\/dinostorm\/Dinos\/carnotaurus_skill_01.gif\"\/><br \/>\n<img decoding=\"async\" class=\"carno_skill2 colorbox-5023\" src=\"\/wp-content\/themes\/arras\/images\/dinostorm\/Dinos\/carnotaurus_skill_02.gif\"\/>\n<\/div>\n<div class=\"full\">\n<img decoding=\"async\" class=\"hr3 margin35 colorbox-5023\" src=\"\/wp-content\/themes\/arras\/images\/dinostorm\/seperator_big.png\" alt=\"separator dino storm\" \/>\n<\/div>\n","protected":false},"excerpt":{"rendered":"<p>Dinosaure \u2014 Le carnotaure Retour Dino Storm &#8211; Le carnotaure Le Carnotaure est un carnivore \u00e0 l&rsquo;allure f\u00e9roce qui se classe parmi les distributeurs de d\u00e9g\u00e2ts. Il est plus rapide que la moyenne des dinosaures, [&hellip;]<\/p>\n","protected":false},"author":26,"featured_media":15052,"parent":5017,"menu_order":0,"comment_status":"closed","ping_status":"closed","template":"pagetpl-onecolumn.php","meta":{"footnotes":"","_links_to":"","_links_to_target":""},"class_list":["post-5023","page","type-page","status-publish","has-post-thumbnail","hentry"],"yoast_head":"<!-- This site is optimized with the Yoast SEO plugin v27.3 - https:\/\/yoast.com\/product\/yoast-seo-wordpress\/ -->\n<title>Dinosaure - Le carnotaure - DinoStorm<\/title>\n<meta name=\"description\" content=\"Le carnotaurus est un carnivore \u00e0 l&#039;aspect f\u00e9roce. Tout ce que tu dois savoir \u00e0 propos du carnotaurus : faits, donn\u00e9es, comp\u00e9tences, aptitudes...\" \/>\n<meta name=\"robots\" content=\"index, follow, max-snippet:-1, max-image-preview:large, max-video-preview:-1\" \/>\n<link rel=\"canonical\" href=\"https:\/\/dinostorm.com\/fr\/le-jeu\/lexique-des-dinosaures\/carnotaure\/\" \/>\n<meta property=\"og:locale\" content=\"fr_FR\" \/>\n<meta property=\"og:type\" content=\"article\" \/>\n<meta property=\"og:title\" content=\"Dinosaure - Le carnotaure - DinoStorm\" \/>\n<meta property=\"og:description\" content=\"Le carnotaurus est un carnivore \u00e0 l&#039;aspect f\u00e9roce. Tout ce que tu dois savoir \u00e0 propos du carnotaurus : faits, donn\u00e9es, comp\u00e9tences, aptitudes...\" \/>\n<meta property=\"og:url\" content=\"https:\/\/dinostorm.com\/fr\/le-jeu\/lexique-des-dinosaures\/carnotaure\/\" \/>\n<meta property=\"og:site_name\" content=\"DinoStorm\" \/>\n<meta property=\"article:modified_time\" content=\"2021-07-08T09:03:58+00:00\" \/>\n<meta property=\"og:image\" content=\"https:\/\/dinostorm.com\/wp-content\/uploads\/2012\/09\/ds_jungle_01.jpg\" \/>\n\t<meta property=\"og:image:width\" content=\"1280\" \/>\n\t<meta property=\"og:image:height\" content=\"720\" \/>\n\t<meta property=\"og:image:type\" content=\"image\/jpeg\" \/>\n<script type=\"application\/ld+json\" class=\"yoast-schema-graph\">{\"@context\":\"https:\\\/\\\/schema.org\",\"@graph\":[{\"@type\":\"WebPage\",\"@id\":\"https:\\\/\\\/dinostorm.com\\\/fr\\\/le-jeu\\\/lexique-des-dinosaures\\\/carnotaure\\\/\",\"url\":\"https:\\\/\\\/dinostorm.com\\\/fr\\\/le-jeu\\\/lexique-des-dinosaures\\\/carnotaure\\\/\",\"name\":\"Dinosaure - Le carnotaure - DinoStorm\",\"isPartOf\":{\"@id\":\"https:\\\/\\\/dinostorm.com\\\/fr\\\/#website\"},\"primaryImageOfPage\":{\"@id\":\"https:\\\/\\\/dinostorm.com\\\/fr\\\/le-jeu\\\/lexique-des-dinosaures\\\/carnotaure\\\/#primaryimage\"},\"image\":{\"@id\":\"https:\\\/\\\/dinostorm.com\\\/fr\\\/le-jeu\\\/lexique-des-dinosaures\\\/carnotaure\\\/#primaryimage\"},\"thumbnailUrl\":\"https:\\\/\\\/dinostorm.com\\\/wp-content\\\/uploads\\\/2012\\\/09\\\/ds_jungle_01.jpg\",\"datePublished\":\"2012-10-18T07:11:53+00:00\",\"dateModified\":\"2021-07-08T09:03:58+00:00\",\"description\":\"Le carnotaurus est un carnivore \u00e0 l'aspect f\u00e9roce. Tout ce que tu dois savoir \u00e0 propos du carnotaurus \\\\: faits, donn\u00e9es, comp\u00e9tences, aptitudes...\",\"breadcrumb\":{\"@id\":\"https:\\\/\\\/dinostorm.com\\\/fr\\\/le-jeu\\\/lexique-des-dinosaures\\\/carnotaure\\\/#breadcrumb\"},\"inLanguage\":\"fr-FR\",\"potentialAction\":[{\"@type\":\"ReadAction\",\"target\":[\"https:\\\/\\\/dinostorm.com\\\/fr\\\/le-jeu\\\/lexique-des-dinosaures\\\/carnotaure\\\/\"]}]},{\"@type\":\"ImageObject\",\"inLanguage\":\"fr-FR\",\"@id\":\"https:\\\/\\\/dinostorm.com\\\/fr\\\/le-jeu\\\/lexique-des-dinosaures\\\/carnotaure\\\/#primaryimage\",\"url\":\"https:\\\/\\\/dinostorm.com\\\/wp-content\\\/uploads\\\/2012\\\/09\\\/ds_jungle_01.jpg\",\"contentUrl\":\"https:\\\/\\\/dinostorm.com\\\/wp-content\\\/uploads\\\/2012\\\/09\\\/ds_jungle_01.jpg\",\"width\":1280,\"height\":720,\"caption\":\"Beware of dangerous bandits in Mokon Woods are everywhere.\"},{\"@type\":\"BreadcrumbList\",\"@id\":\"https:\\\/\\\/dinostorm.com\\\/fr\\\/le-jeu\\\/lexique-des-dinosaures\\\/carnotaure\\\/#breadcrumb\",\"itemListElement\":[{\"@type\":\"ListItem\",\"position\":1,\"name\":\"Home\",\"item\":\"https:\\\/\\\/dinostorm.com\\\/fr\\\/\"},{\"@type\":\"ListItem\",\"position\":2,\"name\":\"Le jeu\",\"item\":\"https:\\\/\\\/dinostorm.com\\\/fr\\\/le-jeu\\\/\"},{\"@type\":\"ListItem\",\"position\":3,\"name\":\"Lexique des dinosaures\",\"item\":\"https:\\\/\\\/dinostorm.com\\\/fr\\\/le-jeu\\\/lexique-des-dinosaures\\\/\"},{\"@type\":\"ListItem\",\"position\":4,\"name\":\"Dinosaure &#8211; Le carnotaure\"}]},{\"@type\":\"WebSite\",\"@id\":\"https:\\\/\\\/dinostorm.com\\\/fr\\\/#website\",\"url\":\"https:\\\/\\\/dinostorm.com\\\/fr\\\/\",\"name\":\"DinoStorm\",\"description\":\"\",\"potentialAction\":[{\"@type\":\"SearchAction\",\"target\":{\"@type\":\"EntryPoint\",\"urlTemplate\":\"https:\\\/\\\/dinostorm.com\\\/fr\\\/?s={search_term_string}\"},\"query-input\":{\"@type\":\"PropertyValueSpecification\",\"valueRequired\":true,\"valueName\":\"search_term_string\"}}],\"inLanguage\":\"fr-FR\"}]}<\/script>\n<!-- \/ Yoast SEO plugin. -->","yoast_head_json":{"title":"Dinosaure - Le carnotaure - DinoStorm","description":"Le carnotaurus est un carnivore \u00e0 l'aspect f\u00e9roce. Tout ce que tu dois savoir \u00e0 propos du carnotaurus : faits, donn\u00e9es, comp\u00e9tences, aptitudes...","robots":{"index":"index","follow":"follow","max-snippet":"max-snippet:-1","max-image-preview":"max-image-preview:large","max-video-preview":"max-video-preview:-1"},"canonical":"https:\/\/dinostorm.com\/fr\/le-jeu\/lexique-des-dinosaures\/carnotaure\/","og_locale":"fr_FR","og_type":"article","og_title":"Dinosaure - Le carnotaure - DinoStorm","og_description":"Le carnotaurus est un carnivore \u00e0 l'aspect f\u00e9roce. Tout ce que tu dois savoir \u00e0 propos du carnotaurus : faits, donn\u00e9es, comp\u00e9tences, aptitudes...","og_url":"https:\/\/dinostorm.com\/fr\/le-jeu\/lexique-des-dinosaures\/carnotaure\/","og_site_name":"DinoStorm","article_modified_time":"2021-07-08T09:03:58+00:00","og_image":[{"width":1280,"height":720,"url":"https:\/\/dinostorm.com\/wp-content\/uploads\/2012\/09\/ds_jungle_01.jpg","type":"image\/jpeg"}],"schema":{"@context":"https:\/\/schema.org","@graph":[{"@type":"WebPage","@id":"https:\/\/dinostorm.com\/fr\/le-jeu\/lexique-des-dinosaures\/carnotaure\/","url":"https:\/\/dinostorm.com\/fr\/le-jeu\/lexique-des-dinosaures\/carnotaure\/","name":"Dinosaure - Le carnotaure - DinoStorm","isPartOf":{"@id":"https:\/\/dinostorm.com\/fr\/#website"},"primaryImageOfPage":{"@id":"https:\/\/dinostorm.com\/fr\/le-jeu\/lexique-des-dinosaures\/carnotaure\/#primaryimage"},"image":{"@id":"https:\/\/dinostorm.com\/fr\/le-jeu\/lexique-des-dinosaures\/carnotaure\/#primaryimage"},"thumbnailUrl":"https:\/\/dinostorm.com\/wp-content\/uploads\/2012\/09\/ds_jungle_01.jpg","datePublished":"2012-10-18T07:11:53+00:00","dateModified":"2021-07-08T09:03:58+00:00","description":"Le carnotaurus est un carnivore \u00e0 l'aspect f\u00e9roce. Tout ce que tu dois savoir \u00e0 propos du carnotaurus \\: faits, donn\u00e9es, comp\u00e9tences, aptitudes...","breadcrumb":{"@id":"https:\/\/dinostorm.com\/fr\/le-jeu\/lexique-des-dinosaures\/carnotaure\/#breadcrumb"},"inLanguage":"fr-FR","potentialAction":[{"@type":"ReadAction","target":["https:\/\/dinostorm.com\/fr\/le-jeu\/lexique-des-dinosaures\/carnotaure\/"]}]},{"@type":"ImageObject","inLanguage":"fr-FR","@id":"https:\/\/dinostorm.com\/fr\/le-jeu\/lexique-des-dinosaures\/carnotaure\/#primaryimage","url":"https:\/\/dinostorm.com\/wp-content\/uploads\/2012\/09\/ds_jungle_01.jpg","contentUrl":"https:\/\/dinostorm.com\/wp-content\/uploads\/2012\/09\/ds_jungle_01.jpg","width":1280,"height":720,"caption":"Beware of dangerous bandits in Mokon Woods are everywhere."},{"@type":"BreadcrumbList","@id":"https:\/\/dinostorm.com\/fr\/le-jeu\/lexique-des-dinosaures\/carnotaure\/#breadcrumb","itemListElement":[{"@type":"ListItem","position":1,"name":"Home","item":"https:\/\/dinostorm.com\/fr\/"},{"@type":"ListItem","position":2,"name":"Le jeu","item":"https:\/\/dinostorm.com\/fr\/le-jeu\/"},{"@type":"ListItem","position":3,"name":"Lexique des dinosaures","item":"https:\/\/dinostorm.com\/fr\/le-jeu\/lexique-des-dinosaures\/"},{"@type":"ListItem","position":4,"name":"Dinosaure &#8211; Le carnotaure"}]},{"@type":"WebSite","@id":"https:\/\/dinostorm.com\/fr\/#website","url":"https:\/\/dinostorm.com\/fr\/","name":"DinoStorm","description":"","potentialAction":[{"@type":"SearchAction","target":{"@type":"EntryPoint","urlTemplate":"https:\/\/dinostorm.com\/fr\/?s={search_term_string}"},"query-input":{"@type":"PropertyValueSpecification","valueRequired":true,"valueName":"search_term_string"}}],"inLanguage":"fr-FR"}]}},"_links":{"self":[{"href":"https:\/\/dinostorm.com\/fr\/wp-json\/wp\/v2\/pages\/5023","targetHints":{"allow":["GET"]}}],"collection":[{"href":"https:\/\/dinostorm.com\/fr\/wp-json\/wp\/v2\/pages"}],"about":[{"href":"https:\/\/dinostorm.com\/fr\/wp-json\/wp\/v2\/types\/page"}],"author":[{"embeddable":true,"href":"https:\/\/dinostorm.com\/fr\/wp-json\/wp\/v2\/users\/26"}],"replies":[{"embeddable":true,"href":"https:\/\/dinostorm.com\/fr\/wp-json\/wp\/v2\/comments?post=5023"}],"version-history":[{"count":4,"href":"https:\/\/dinostorm.com\/fr\/wp-json\/wp\/v2\/pages\/5023\/revisions"}],"predecessor-version":[{"id":237829,"href":"https:\/\/dinostorm.com\/fr\/wp-json\/wp\/v2\/pages\/5023\/revisions\/237829"}],"up":[{"embeddable":true,"href":"https:\/\/dinostorm.com\/fr\/wp-json\/wp\/v2\/pages\/5017"}],"wp:featuredmedia":[{"embeddable":true,"href":"https:\/\/dinostorm.com\/fr\/wp-json\/wp\/v2\/media\/15052"}],"wp:attachment":[{"href":"https:\/\/dinostorm.com\/fr\/wp-json\/wp\/v2\/media?parent=5023"}],"curies":[{"name":"wp","href":"https:\/\/api.w.org\/{rel}","templated":true}]}}