{"id":5020,"date":"2012-10-18T09:09:45","date_gmt":"2012-10-18T07:09:45","guid":{"rendered":"http:\/\/dinostorm.com\/?page_id=5020"},"modified":"2021-07-08T13:54:07","modified_gmt":"2021-07-08T11:54:07","slug":"brachiosaure","status":"publish","type":"page","link":"https:\/\/dinostorm.com\/fr\/le-jeu\/lexique-des-dinosaures\/brachiosaure\/","title":{"rendered":"Dinosaure &#8211; Brachiosaure"},"content":{"rendered":"<div class=\"teaser\"><\/div>\n<h1 class=\"headline_page width_500\"><span>Dinosaure \u2014 Brachiosaure<\/span><\/h1>\n<p class=\"back-button back-pos500\"><a class=\"back-block\" href=\"http:\/\/dinostorm.com\/fr\/le-jeu\/lexique-des-dinosaures\/\">Retour<\/a><\/p>\n<div class=\"two_thirds\">\n<h2 class=\"headline-lex\"><span>Dino Storm &#8211; Brachiosaure<\/span><\/h2>\n<div class=\"banner_lex\">\n<p class=\"banner_text_lex text_lex\">Le <strong>Brachiosaure<\/strong> est un dinosaure tr\u00e8s robuste qui se classe parmi les tanks. Sa corpulence l&rsquo;aide \u00e0 survivre m\u00eame aux plus longues batailles, et il peut \u00e9galement se d\u00e9fendre en combat rapproch\u00e9. Sa vitesse de course est assez faible.<\/p>\n<div style=\"margin-right: 29px; float: left; width: 10px; text-align: left; position: relative; top: 40px; left: 30px\">\n<strong class=\"text_lex\" style=\"position: relative; top: 12px\">Vitalit&#x00e9;:<\/strong><br \/>\n<strong <strong class=\"text_lex\" style=\"position: relative; top: 30px\">Force:<\/strong><br \/>\n<strong <strong class=\"text_lex\" style=\"position: relative; top: 50px\">Endurance:<\/strong>\n<\/div>\n<div style=\"margin-right: 20px; float: left; width: 118px; text-align: left; position: relative; top: 70px; left: 10px\">\n<img decoding=\"async\" class=\"skill_image_lex colorbox-5020\" title=\"Vitalit&#x00e9; de Base: 5\" src=\"\/wp-content\/themes\/arras\/images\/dinostorm\/Dinos\/bar_health_5.png\" alt=\"Brachiosaure - Vitalit&#x00e9; de Base: 5.\" \/><br \/>\n<img decoding=\"async\" class=\"skill_image_lex colorbox-5020\" title=\"Force de base: 2\" src=\"\/wp-content\/themes\/arras\/images\/dinostorm\/Dinos\/bar_strength_2.png\" alt=\"Brachiosaure - Force de base: 2.\" \/><br \/>\n<img decoding=\"async\" class=\"skill_image_lex colorbox-5020\" title=\"Endurance de base: 1\" src=\"\/wp-content\/themes\/arras\/images\/dinostorm\/Dinos\/bar_endurance_1.png\" alt=\"Brachiosaure - Endurance de base: 1.\" \/>\n<\/div>\n<div class=\"icc_scale\">\n<img class=\"colorbox-5020\"  decoding=\"async\" src=\"\/wp-content\/themes\/arras\/images\/dinostorm\/Dinos\/icc_scale_npp.png\" alt=\"\" title=\"\"\/><br \/>\n<a href=\"\/fr\/le-jeu\/lexique-des-dinosaures\/ankylosaurus\/\"><img decoding=\"async\" class=\"icc_dino colorbox-5020\" src=\"\/wp-content\/themes\/arras\/images\/dinostorm\/Dinos\/ankylosaurus_icon.png\" alt=\"\" title=\"\"\/><\/a><\/p>\n<div class=\"icc_text\">Tank alternatif :<br \/>\n<strong>Ankylosaure<\/strong>\n<\/div>\n<\/div>\n<\/div>\n<div class=\"one_third\">\n<img decoding=\"async\" class=\"dino_lex_2 colorbox-5020\" src=\"\/wp-content\/themes\/arras\/images\/dinostorm\/Dinos\/Brachiosaurus.png\" alt=\"Dino Storm: Brachiosaure\" \/>\n<\/div>\n<\/div>\n<div class=\"clear\"><\/div>\n<div class=\"one_third\">\n<h3 class=\"headlinelex2_1\">Brachiosaure \u2014 Les comp&#x00e9;tences du dinosaure<\/h3>\n<div class=\"banner_lex2\">\n<span class=\"icon_skill_top float-left\"><br \/>\n<img class=\"colorbox-5020\"  decoding=\"async\" src=\"\/wp-content\/themes\/arras\/images\/dinostorm\/Dinos\/Brachiosaurus_skill_01.png\" \nonmouseover=\"for (let el of document.querySelectorAll('.brachi_idle')) el.style.visibility = 'hidden'; for (let el of document.querySelectorAll('.brachi_skill1')) el.style.visibility = 'visible';\"\nonmouseout=\"for (let el of document.querySelectorAll('.brachi_idle')) el.style.visibility = 'visible'; for (let el of document.querySelectorAll('.brachi_skill1')) el.style.visibility = 'hidden';\"\"\nalt=\"Brachiosaure Capacit&#x00e9; Sp&#x00e9;ciale \u2014 Attaque de la poitrine\" title=\"Capacit&#x00e9; Sp&#x00e9;ciale: Attaque de la poitrine\"\/><\/span><\/p>\n<div class=\"skill-wrapper\"><span class=\"icon_skill_title\">Attaque de la poitrine<\/span><\/p>\n<p class=\"icon_skill_text\">\n<\/div>\n<p><span class=\"clear\"><!-- --><\/span><span class=\"icon_skill_top float-left\"><br \/>\n<img class=\"colorbox-5020\"  decoding=\"async\" src=\"\/wp-content\/themes\/arras\/images\/dinostorm\/Dinos\/Brachiosaurus_skill_02.png\"  \nonmouseover=\"for (let el of document.querySelectorAll('.brachi_idle')) el.style.visibility = 'hidden'; for (let el of document.querySelectorAll('.brachi_skill2')) el.style.visibility = 'visible';\"\nonmouseout=\"for (let el of document.querySelectorAll('.brachi_idle')) el.style.visibility = 'visible'; for (let el of document.querySelectorAll('.brachi_skill2')) el.style.visibility = 'hidden';\"\"\nalt=\"Brachiosaure Capacit&#x00e9; Sp&#x00e9;ciale \u2014 Coup de pied au sol\" title=\"Capacit&#x00e9; Sp&#x00e9;ciale: Coup de pied au sol\"\/><\/span><\/p>\n<div class=\"skill-wrapper-bottom\"><span class=\"icon_skill_title\">Coup de pied au sol<\/span><\/p>\n<p class=\"icon_skill_text\">\n<\/div>\n<p><span class=\"clear\"><!-- --><\/span><\/p>\n<\/div>\n<\/div>\n<div class=\"one_third\">\n<h3 class=\"headlinelex2_2\">Brachiosaure \u2014 Les donn&#x00e9;es du dinosaure<\/h3>\n<div class=\"fact_lex\">\n<p>Le brachiosaure a v&#x00e9;cu au cours de la fin de l&rsquo;&#x00e8;re jurassique, dans ce qui est l&rsquo;Am&#x00e9;rique du nord aujourd&rsquo;hui. Ce dinosaure, ainsi que de nombreux autres sauropodes, est connu pour &#x00ea;tre un des plus gros animaux qui n&rsquo;ait jamais march&#x00e9; sur Terre.<\/p>\n<p>La caract&#x00e9;ristique du brachiosaure est bien s&#x00fb;r son long cou, qui repr&#x00e9;sentait plus de la moiti&#x00e9; de la longueur de son corps. Ce qui est &#x00e9;tonnant c&rsquo;est que ses vert&#x00e8;bres cervicales n&rsquo;&#x00e9;taient pas plus nombreuses que chez les autres sauropodes, mais trois fois plus longues qu&rsquo;une vert&#x00e8;bre de taille standard. En comparaison avec son long cou, la t&#x00ea;te du brachiosaure &#x00e9;tait presque minuscule.<\/p>\n<\/div>\n<\/div>\n<div class=\"dino_animations\">\n<img decoding=\"async\" class=\"brachi_idle colorbox-5020\" src=\"\/wp-content\/themes\/arras\/images\/dinostorm\/Dinos\/brachiosaurus_idle.gif\"\/><br \/>\n<img decoding=\"async\" class=\"brachi_skill1 colorbox-5020\" src=\"\/wp-content\/themes\/arras\/images\/dinostorm\/Dinos\/brachiosaurus_skill_01.gif\"\/><br \/>\n<img decoding=\"async\" class=\"brachi_skill2 colorbox-5020\" src=\"\/wp-content\/themes\/arras\/images\/dinostorm\/Dinos\/brachiosaurus_skill_02.gif\"\/>\n<\/div>\n<div class=\"full\"><img decoding=\"async\" class=\"hr3 margin35 colorbox-5020\" src=\"\/wp-content\/themes\/arras\/images\/dinostorm\/seperator_big.png\" alt=\"separator dino storm\" \/><\/div>\n","protected":false},"excerpt":{"rendered":"<p>Dinosaure \u2014 Brachiosaure Retour Dino Storm &#8211; Brachiosaure Le Brachiosaure est un dinosaure tr\u00e8s robuste qui se classe parmi les tanks. Sa corpulence l&rsquo;aide \u00e0 survivre m\u00eame aux plus longues batailles, et il peut \u00e9galement [&hellip;]<\/p>\n","protected":false},"author":26,"featured_media":15052,"parent":5017,"menu_order":0,"comment_status":"closed","ping_status":"closed","template":"pagetpl-onecolumn.php","meta":{"footnotes":"","_links_to":"","_links_to_target":""},"class_list":["post-5020","page","type-page","status-publish","has-post-thumbnail","hentry"],"yoast_head":"<!-- This site is optimized with the Yoast SEO plugin v27.4 - https:\/\/yoast.com\/product\/yoast-seo-wordpress\/ -->\n<title>Dinosaure - Brachiosaure - DinoStorm<\/title>\n<meta name=\"description\" content=\"Le brachiosaure a une peau \u00e9paisse et est b\u00e2ti massivement. Il est donc tr\u00e8s robuste, mais un peu lent. Tout ce que tu dois savoir \u00e0 propos du brachiosaure\" \/>\n<meta name=\"robots\" content=\"index, follow, max-snippet:-1, max-image-preview:large, max-video-preview:-1\" \/>\n<link rel=\"canonical\" href=\"https:\/\/dinostorm.com\/fr\/le-jeu\/lexique-des-dinosaures\/brachiosaure\/\" \/>\n<meta property=\"og:locale\" content=\"fr_FR\" \/>\n<meta property=\"og:type\" content=\"article\" \/>\n<meta property=\"og:title\" content=\"Dinosaure - Brachiosaure - DinoStorm\" \/>\n<meta property=\"og:description\" content=\"Le brachiosaure a une peau \u00e9paisse et est b\u00e2ti massivement. Il est donc tr\u00e8s robuste, mais un peu lent. Tout ce que tu dois savoir \u00e0 propos du brachiosaure\" \/>\n<meta property=\"og:url\" content=\"https:\/\/dinostorm.com\/fr\/le-jeu\/lexique-des-dinosaures\/brachiosaure\/\" \/>\n<meta property=\"og:site_name\" content=\"DinoStorm\" \/>\n<meta property=\"article:modified_time\" content=\"2021-07-08T11:54:07+00:00\" \/>\n<meta property=\"og:image\" content=\"https:\/\/dinostorm.com\/wp-content\/uploads\/2012\/09\/ds_jungle_01.jpg\" \/>\n\t<meta property=\"og:image:width\" content=\"1280\" \/>\n\t<meta property=\"og:image:height\" content=\"720\" \/>\n\t<meta property=\"og:image:type\" content=\"image\/jpeg\" \/>\n<script type=\"application\/ld+json\" class=\"yoast-schema-graph\">{\"@context\":\"https:\\\/\\\/schema.org\",\"@graph\":[{\"@type\":\"WebPage\",\"@id\":\"https:\\\/\\\/dinostorm.com\\\/fr\\\/le-jeu\\\/lexique-des-dinosaures\\\/brachiosaure\\\/\",\"url\":\"https:\\\/\\\/dinostorm.com\\\/fr\\\/le-jeu\\\/lexique-des-dinosaures\\\/brachiosaure\\\/\",\"name\":\"Dinosaure - Brachiosaure - DinoStorm\",\"isPartOf\":{\"@id\":\"https:\\\/\\\/dinostorm.com\\\/fr\\\/#website\"},\"primaryImageOfPage\":{\"@id\":\"https:\\\/\\\/dinostorm.com\\\/fr\\\/le-jeu\\\/lexique-des-dinosaures\\\/brachiosaure\\\/#primaryimage\"},\"image\":{\"@id\":\"https:\\\/\\\/dinostorm.com\\\/fr\\\/le-jeu\\\/lexique-des-dinosaures\\\/brachiosaure\\\/#primaryimage\"},\"thumbnailUrl\":\"https:\\\/\\\/dinostorm.com\\\/wp-content\\\/uploads\\\/2012\\\/09\\\/ds_jungle_01.jpg\",\"datePublished\":\"2012-10-18T07:09:45+00:00\",\"dateModified\":\"2021-07-08T11:54:07+00:00\",\"description\":\"Le brachiosaure a une peau \u00e9paisse et est b\u00e2ti massivement. Il est donc tr\u00e8s robuste, mais un peu lent. Tout ce que tu dois savoir \u00e0 propos du brachiosaure\",\"breadcrumb\":{\"@id\":\"https:\\\/\\\/dinostorm.com\\\/fr\\\/le-jeu\\\/lexique-des-dinosaures\\\/brachiosaure\\\/#breadcrumb\"},\"inLanguage\":\"fr-FR\",\"potentialAction\":[{\"@type\":\"ReadAction\",\"target\":[\"https:\\\/\\\/dinostorm.com\\\/fr\\\/le-jeu\\\/lexique-des-dinosaures\\\/brachiosaure\\\/\"]}]},{\"@type\":\"ImageObject\",\"inLanguage\":\"fr-FR\",\"@id\":\"https:\\\/\\\/dinostorm.com\\\/fr\\\/le-jeu\\\/lexique-des-dinosaures\\\/brachiosaure\\\/#primaryimage\",\"url\":\"https:\\\/\\\/dinostorm.com\\\/wp-content\\\/uploads\\\/2012\\\/09\\\/ds_jungle_01.jpg\",\"contentUrl\":\"https:\\\/\\\/dinostorm.com\\\/wp-content\\\/uploads\\\/2012\\\/09\\\/ds_jungle_01.jpg\",\"width\":1280,\"height\":720,\"caption\":\"Beware of dangerous bandits in Mokon Woods are everywhere.\"},{\"@type\":\"BreadcrumbList\",\"@id\":\"https:\\\/\\\/dinostorm.com\\\/fr\\\/le-jeu\\\/lexique-des-dinosaures\\\/brachiosaure\\\/#breadcrumb\",\"itemListElement\":[{\"@type\":\"ListItem\",\"position\":1,\"name\":\"Home\",\"item\":\"https:\\\/\\\/dinostorm.com\\\/fr\\\/\"},{\"@type\":\"ListItem\",\"position\":2,\"name\":\"Le jeu\",\"item\":\"https:\\\/\\\/dinostorm.com\\\/fr\\\/le-jeu\\\/\"},{\"@type\":\"ListItem\",\"position\":3,\"name\":\"Lexique des dinosaures\",\"item\":\"https:\\\/\\\/dinostorm.com\\\/fr\\\/le-jeu\\\/lexique-des-dinosaures\\\/\"},{\"@type\":\"ListItem\",\"position\":4,\"name\":\"Dinosaure &#8211; Brachiosaure\"}]},{\"@type\":\"WebSite\",\"@id\":\"https:\\\/\\\/dinostorm.com\\\/fr\\\/#website\",\"url\":\"https:\\\/\\\/dinostorm.com\\\/fr\\\/\",\"name\":\"DinoStorm\",\"description\":\"\",\"potentialAction\":[{\"@type\":\"SearchAction\",\"target\":{\"@type\":\"EntryPoint\",\"urlTemplate\":\"https:\\\/\\\/dinostorm.com\\\/fr\\\/?s={search_term_string}\"},\"query-input\":{\"@type\":\"PropertyValueSpecification\",\"valueRequired\":true,\"valueName\":\"search_term_string\"}}],\"inLanguage\":\"fr-FR\"}]}<\/script>\n<!-- \/ Yoast SEO plugin. -->","yoast_head_json":{"title":"Dinosaure - Brachiosaure - DinoStorm","description":"Le brachiosaure a une peau \u00e9paisse et est b\u00e2ti massivement. Il est donc tr\u00e8s robuste, mais un peu lent. Tout ce que tu dois savoir \u00e0 propos du brachiosaure","robots":{"index":"index","follow":"follow","max-snippet":"max-snippet:-1","max-image-preview":"max-image-preview:large","max-video-preview":"max-video-preview:-1"},"canonical":"https:\/\/dinostorm.com\/fr\/le-jeu\/lexique-des-dinosaures\/brachiosaure\/","og_locale":"fr_FR","og_type":"article","og_title":"Dinosaure - Brachiosaure - DinoStorm","og_description":"Le brachiosaure a une peau \u00e9paisse et est b\u00e2ti massivement. Il est donc tr\u00e8s robuste, mais un peu lent. Tout ce que tu dois savoir \u00e0 propos du brachiosaure","og_url":"https:\/\/dinostorm.com\/fr\/le-jeu\/lexique-des-dinosaures\/brachiosaure\/","og_site_name":"DinoStorm","article_modified_time":"2021-07-08T11:54:07+00:00","og_image":[{"width":1280,"height":720,"url":"https:\/\/dinostorm.com\/wp-content\/uploads\/2012\/09\/ds_jungle_01.jpg","type":"image\/jpeg"}],"schema":{"@context":"https:\/\/schema.org","@graph":[{"@type":"WebPage","@id":"https:\/\/dinostorm.com\/fr\/le-jeu\/lexique-des-dinosaures\/brachiosaure\/","url":"https:\/\/dinostorm.com\/fr\/le-jeu\/lexique-des-dinosaures\/brachiosaure\/","name":"Dinosaure - Brachiosaure - DinoStorm","isPartOf":{"@id":"https:\/\/dinostorm.com\/fr\/#website"},"primaryImageOfPage":{"@id":"https:\/\/dinostorm.com\/fr\/le-jeu\/lexique-des-dinosaures\/brachiosaure\/#primaryimage"},"image":{"@id":"https:\/\/dinostorm.com\/fr\/le-jeu\/lexique-des-dinosaures\/brachiosaure\/#primaryimage"},"thumbnailUrl":"https:\/\/dinostorm.com\/wp-content\/uploads\/2012\/09\/ds_jungle_01.jpg","datePublished":"2012-10-18T07:09:45+00:00","dateModified":"2021-07-08T11:54:07+00:00","description":"Le brachiosaure a une peau \u00e9paisse et est b\u00e2ti massivement. Il est donc tr\u00e8s robuste, mais un peu lent. Tout ce que tu dois savoir \u00e0 propos du brachiosaure","breadcrumb":{"@id":"https:\/\/dinostorm.com\/fr\/le-jeu\/lexique-des-dinosaures\/brachiosaure\/#breadcrumb"},"inLanguage":"fr-FR","potentialAction":[{"@type":"ReadAction","target":["https:\/\/dinostorm.com\/fr\/le-jeu\/lexique-des-dinosaures\/brachiosaure\/"]}]},{"@type":"ImageObject","inLanguage":"fr-FR","@id":"https:\/\/dinostorm.com\/fr\/le-jeu\/lexique-des-dinosaures\/brachiosaure\/#primaryimage","url":"https:\/\/dinostorm.com\/wp-content\/uploads\/2012\/09\/ds_jungle_01.jpg","contentUrl":"https:\/\/dinostorm.com\/wp-content\/uploads\/2012\/09\/ds_jungle_01.jpg","width":1280,"height":720,"caption":"Beware of dangerous bandits in Mokon Woods are everywhere."},{"@type":"BreadcrumbList","@id":"https:\/\/dinostorm.com\/fr\/le-jeu\/lexique-des-dinosaures\/brachiosaure\/#breadcrumb","itemListElement":[{"@type":"ListItem","position":1,"name":"Home","item":"https:\/\/dinostorm.com\/fr\/"},{"@type":"ListItem","position":2,"name":"Le jeu","item":"https:\/\/dinostorm.com\/fr\/le-jeu\/"},{"@type":"ListItem","position":3,"name":"Lexique des dinosaures","item":"https:\/\/dinostorm.com\/fr\/le-jeu\/lexique-des-dinosaures\/"},{"@type":"ListItem","position":4,"name":"Dinosaure &#8211; Brachiosaure"}]},{"@type":"WebSite","@id":"https:\/\/dinostorm.com\/fr\/#website","url":"https:\/\/dinostorm.com\/fr\/","name":"DinoStorm","description":"","potentialAction":[{"@type":"SearchAction","target":{"@type":"EntryPoint","urlTemplate":"https:\/\/dinostorm.com\/fr\/?s={search_term_string}"},"query-input":{"@type":"PropertyValueSpecification","valueRequired":true,"valueName":"search_term_string"}}],"inLanguage":"fr-FR"}]}},"_links":{"self":[{"href":"https:\/\/dinostorm.com\/fr\/wp-json\/wp\/v2\/pages\/5020","targetHints":{"allow":["GET"]}}],"collection":[{"href":"https:\/\/dinostorm.com\/fr\/wp-json\/wp\/v2\/pages"}],"about":[{"href":"https:\/\/dinostorm.com\/fr\/wp-json\/wp\/v2\/types\/page"}],"author":[{"embeddable":true,"href":"https:\/\/dinostorm.com\/fr\/wp-json\/wp\/v2\/users\/26"}],"replies":[{"embeddable":true,"href":"https:\/\/dinostorm.com\/fr\/wp-json\/wp\/v2\/comments?post=5020"}],"version-history":[{"count":5,"href":"https:\/\/dinostorm.com\/fr\/wp-json\/wp\/v2\/pages\/5020\/revisions"}],"predecessor-version":[{"id":237962,"href":"https:\/\/dinostorm.com\/fr\/wp-json\/wp\/v2\/pages\/5020\/revisions\/237962"}],"up":[{"embeddable":true,"href":"https:\/\/dinostorm.com\/fr\/wp-json\/wp\/v2\/pages\/5017"}],"wp:featuredmedia":[{"embeddable":true,"href":"https:\/\/dinostorm.com\/fr\/wp-json\/wp\/v2\/media\/15052"}],"wp:attachment":[{"href":"https:\/\/dinostorm.com\/fr\/wp-json\/wp\/v2\/media?parent=5020"}],"curies":[{"name":"wp","href":"https:\/\/api.w.org\/{rel}","templated":true}]}}