{"id":5017,"date":"2012-09-10T16:23:12","date_gmt":"2012-09-10T14:23:12","guid":{"rendered":"http:\/\/dinostorm.com\/?page_id=5017"},"modified":"2021-07-08T13:43:47","modified_gmt":"2021-07-08T11:43:47","slug":"lexique-des-dinosaures","status":"publish","type":"page","link":"https:\/\/dinostorm.com\/fr\/le-jeu\/lexique-des-dinosaures\/","title":{"rendered":"Lexique des dinosaures"},"content":{"rendered":"<div class=\"teaser\"><\/div>\n<h1 class=\"headline_page width_350\"><span>Lexique des dinosaures<\/span><\/h1>\n<p class=\"back-button back-pos350\"><a class=\"back-block\" href=\"\/fr\/le-jeu#overview\">Retour<\/a><\/p>\n<div class=\"full\">\n<img decoding=\"async\" class=\"wrapper_image_impl colorbox-5017\" src=\"\/wp-content\/themes\/arras\/images\/dinostorm\/dinosaur-cowboy.png\" alt=\"Dino Storm - Dinosaures dans Dino Storm\"\/><\/p>\n<div class=\"wrapper_impl\">\n<p class=\"text-impl\">Pures carnivores et herbivores ! Chaque dinosaure unique a &#x00e9;t&#x00e9; soulev&#x00e9;e au meilleur &#x00e9;tat de sant&#x00e9; et assez docile &#x00e0; manipuler.<\/p>\n<\/div>\n<\/div>\n<div class=\"full\">\n<div class=\"wrapper_dinolex\">\n<center><\/p>\n<h2>Coelophysis<\/h2>\n<div class=\"dino_lex\">\n<a class=\"dino_lex_uber\" href=\"\/fr\/le-jeu\/lexique-des-dinosaures\/coelophysis\"><img class=\"colorbox-5017\"  decoding=\"async\" width=\"248\" src=\"\/wp-content\/themes\/arras\/images\/dinostorm\/Dinos\/Coelophysis.png\"  onmouseover=\"this.width=268\" onmouseout=\"this.width=248\"><\/a>\n<\/div>\n<p><\/center>\n<\/div>\n<div class=\"wrapper_dinolex\">\n<center><\/p>\n<h2>Le pachycephalosaure<\/h2>\n<div class=\"dino_lex\">\n<a class=\"dino_lex_uber\" href=\"\/fr\/le-jeu\/lexique-des-dinosaures\/pachycephalosaure\"><img class=\"colorbox-5017\"  decoding=\"async\" width=\"248\" src=\"\/wp-content\/themes\/arras\/images\/dinostorm\/Dinos\/Pachycephalosaurus.png\"  onmouseover=\"this.width=268\" onmouseout=\"this.width=248\"><\/a>\n<\/div>\n<p><\/center>\n<\/div>\n<div class=\"wrapper_dinolex\">\n<center><\/p>\n<h2>Parasaurolophus<\/h2>\n<div class=\"dino_lex\">\n<a class=\"dino_lex_uber\" href=\"\/fr\/le-jeu\/lexique-des-dinosaures\/parasaurolophus\"><img class=\"colorbox-5017\"  decoding=\"async\" width=\"248\" src=\"\/wp-content\/themes\/arras\/images\/dinostorm\/Dinos\/Parasaurolophus.png\"  onmouseover=\"this.width=268\" onmouseout=\"this.width=248\"><\/a>\n<\/div>\n<p><\/center>\n<\/div>\n<div class=\"wrapper_dinolex\">\n<center><\/p>\n<h2>Centrosaure<\/h2>\n<div class=\"dino_lex\">\n<a class=\"dino_lex_uber\" href=\"\/fr\/le-jeu\/lexique-des-dinosaures\/centrosaure\"><img class=\"colorbox-5017\"  decoding=\"async\" width=\"248\" src=\"\/wp-content\/themes\/arras\/images\/dinostorm\/Dinos\/Centrosaurus.png\"  onmouseover=\"this.width=268\" onmouseout=\"this.width=248\"><\/a>\n<\/div>\n<p><\/center>\n<\/div>\n<div class=\"wrapper_dinolex\">\n<center><\/p>\n<h2>Brachiosaure<\/h2>\n<p><a class=\"dino_lex_uber\" href=\"\/fr\/le-jeu\/lexique-des-dinosaures\/brachiosaure\"><img class=\"colorbox-5017\"  decoding=\"async\" width=\"248\" src=\"\/wp-content\/themes\/arras\/images\/dinostorm\/Dinos\/Brachiosaurus.png\"  onmouseover=\"this.width=268\" onmouseout=\"this.width=248\"><\/a><br \/>\n<\/center>\n<\/div>\n<div class=\"wrapper_dinolex\">\n<center><\/p>\n<h2>Ankylosaure<\/h2>\n<p><a class=\"dino_lex_uber\" href=\"\/fr\/le-jeu\/lexique-des-dinosaures\/ankylosaurus\"><img class=\"colorbox-5017\"  decoding=\"async\" width=\"248\" src=\"\/wp-content\/themes\/arras\/images\/dinostorm\/Dinos\/Ankylosaurus.png\"  onmouseover=\"this.width=268\" onmouseout=\"this.width=248\"><\/a><br \/>\n<\/center>\n<\/div>\n<div class=\"wrapper_dinolex\">\n<center><\/p>\n<h2>Le carnotaure<\/h2>\n<p><a class=\"dino_lex_uber\" href=\"\/fr\/le-jeu\/lexique-des-dinosaures\/carnotaure\"><img class=\"colorbox-5017\"  decoding=\"async\" width=\"248\" src=\"\/wp-content\/themes\/arras\/images\/dinostorm\/Dinos\/Carnotaurus.png\"  onmouseover=\"this.width=268\" onmouseout=\"this.width=248\"><\/a><br \/>\n<\/center>\n<\/div>\n<div class=\"wrapper_dinolex\">\n<center><\/p>\n<h2>Le tyrannosaure<\/h2>\n<p><a class=\"dino_lex_uber\" href=\"\/fr\/le-jeu\/lexique-des-dinosaures\/tyrannosaure\"><img class=\"colorbox-5017\"  decoding=\"async\" width=\"248\" src=\"\/wp-content\/themes\/arras\/images\/dinostorm\/Dinos\/Tyrannosaurus Rex.png\"  onmouseover=\"this.width=268\" onmouseout=\"this.width=248\"><\/a><br \/>\n<\/center>\n<\/div>\n<\/div>\n<div class=full>\n<img decoding=\"async\" class=\"hr3 colorbox-5017\" src=\"\/wp-content\/themes\/arras\/images\/dinostorm\/seperator_big.png\" alt=\"separator dino storm\" \/>\n<\/div>\n","protected":false},"excerpt":{"rendered":"<p>Lexique des dinosaures Retour Pures carnivores et herbivores ! Chaque dinosaure unique a &#x00e9;t&#x00e9; soulev&#x00e9;e au meilleur &#x00e9;tat de sant&#x00e9; et assez docile &#x00e0; manipuler. Coelophysis Le pachycephalosaure Parasaurolophus Centrosaure Brachiosaure Ankylosaure Le carnotaure Le [&hellip;]<\/p>\n","protected":false},"author":26,"featured_media":15052,"parent":4941,"menu_order":0,"comment_status":"closed","ping_status":"closed","template":"pagetpl-onecolumn.php","meta":{"footnotes":"","_links_to":"","_links_to_target":""},"class_list":["post-5017","page","type-page","status-publish","has-post-thumbnail","hentry"],"yoast_head":"<!-- This site is optimized with the Yoast SEO plugin v27.4 - https:\/\/yoast.com\/product\/yoast-seo-wordpress\/ -->\n<title>Lexique des dinosaures - DinoStorm<\/title>\n<meta name=\"description\" content=\"Es-tu familier avec les dinosaures de Dino Storm? Jette un \u0153il \u00e0 notre lexique des dinosaures. Faits, donn\u00e9es, comp\u00e9tences, aptitudes et bien plus encore...\" \/>\n<meta name=\"robots\" content=\"index, follow, max-snippet:-1, max-image-preview:large, max-video-preview:-1\" \/>\n<link rel=\"canonical\" href=\"https:\/\/dinostorm.com\/fr\/le-jeu\/lexique-des-dinosaures\/\" \/>\n<meta property=\"og:locale\" content=\"fr_FR\" \/>\n<meta property=\"og:type\" content=\"article\" \/>\n<meta property=\"og:title\" content=\"Lexique des dinosaures - DinoStorm\" \/>\n<meta property=\"og:description\" content=\"Es-tu familier avec les dinosaures de Dino Storm? Jette un \u0153il \u00e0 notre lexique des dinosaures. Faits, donn\u00e9es, comp\u00e9tences, aptitudes et bien plus encore...\" \/>\n<meta property=\"og:url\" content=\"https:\/\/dinostorm.com\/fr\/le-jeu\/lexique-des-dinosaures\/\" \/>\n<meta property=\"og:site_name\" content=\"DinoStorm\" \/>\n<meta property=\"article:modified_time\" content=\"2021-07-08T11:43:47+00:00\" \/>\n<meta property=\"og:image\" content=\"https:\/\/dinostorm.com\/wp-content\/uploads\/2012\/09\/ds_jungle_01.jpg\" \/>\n\t<meta property=\"og:image:width\" content=\"1280\" \/>\n\t<meta property=\"og:image:height\" content=\"720\" \/>\n\t<meta property=\"og:image:type\" content=\"image\/jpeg\" \/>\n<script type=\"application\/ld+json\" class=\"yoast-schema-graph\">{\"@context\":\"https:\\\/\\\/schema.org\",\"@graph\":[{\"@type\":\"WebPage\",\"@id\":\"https:\\\/\\\/dinostorm.com\\\/fr\\\/le-jeu\\\/lexique-des-dinosaures\\\/\",\"url\":\"https:\\\/\\\/dinostorm.com\\\/fr\\\/le-jeu\\\/lexique-des-dinosaures\\\/\",\"name\":\"Lexique des dinosaures - DinoStorm\",\"isPartOf\":{\"@id\":\"https:\\\/\\\/dinostorm.com\\\/fr\\\/#website\"},\"primaryImageOfPage\":{\"@id\":\"https:\\\/\\\/dinostorm.com\\\/fr\\\/le-jeu\\\/lexique-des-dinosaures\\\/#primaryimage\"},\"image\":{\"@id\":\"https:\\\/\\\/dinostorm.com\\\/fr\\\/le-jeu\\\/lexique-des-dinosaures\\\/#primaryimage\"},\"thumbnailUrl\":\"https:\\\/\\\/dinostorm.com\\\/wp-content\\\/uploads\\\/2012\\\/09\\\/ds_jungle_01.jpg\",\"datePublished\":\"2012-09-10T14:23:12+00:00\",\"dateModified\":\"2021-07-08T11:43:47+00:00\",\"description\":\"Es-tu familier avec les dinosaures de Dino Storm? Jette un \u0153il \u00e0 notre lexique des dinosaures. Faits, donn\u00e9es, comp\u00e9tences, aptitudes et bien plus encore...\",\"breadcrumb\":{\"@id\":\"https:\\\/\\\/dinostorm.com\\\/fr\\\/le-jeu\\\/lexique-des-dinosaures\\\/#breadcrumb\"},\"inLanguage\":\"fr-FR\",\"potentialAction\":[{\"@type\":\"ReadAction\",\"target\":[\"https:\\\/\\\/dinostorm.com\\\/fr\\\/le-jeu\\\/lexique-des-dinosaures\\\/\"]}]},{\"@type\":\"ImageObject\",\"inLanguage\":\"fr-FR\",\"@id\":\"https:\\\/\\\/dinostorm.com\\\/fr\\\/le-jeu\\\/lexique-des-dinosaures\\\/#primaryimage\",\"url\":\"https:\\\/\\\/dinostorm.com\\\/wp-content\\\/uploads\\\/2012\\\/09\\\/ds_jungle_01.jpg\",\"contentUrl\":\"https:\\\/\\\/dinostorm.com\\\/wp-content\\\/uploads\\\/2012\\\/09\\\/ds_jungle_01.jpg\",\"width\":1280,\"height\":720,\"caption\":\"Beware of dangerous bandits in Mokon Woods are everywhere.\"},{\"@type\":\"BreadcrumbList\",\"@id\":\"https:\\\/\\\/dinostorm.com\\\/fr\\\/le-jeu\\\/lexique-des-dinosaures\\\/#breadcrumb\",\"itemListElement\":[{\"@type\":\"ListItem\",\"position\":1,\"name\":\"Home\",\"item\":\"https:\\\/\\\/dinostorm.com\\\/fr\\\/\"},{\"@type\":\"ListItem\",\"position\":2,\"name\":\"Le jeu\",\"item\":\"https:\\\/\\\/dinostorm.com\\\/fr\\\/le-jeu\\\/\"},{\"@type\":\"ListItem\",\"position\":3,\"name\":\"Lexique des dinosaures\"}]},{\"@type\":\"WebSite\",\"@id\":\"https:\\\/\\\/dinostorm.com\\\/fr\\\/#website\",\"url\":\"https:\\\/\\\/dinostorm.com\\\/fr\\\/\",\"name\":\"DinoStorm\",\"description\":\"\",\"potentialAction\":[{\"@type\":\"SearchAction\",\"target\":{\"@type\":\"EntryPoint\",\"urlTemplate\":\"https:\\\/\\\/dinostorm.com\\\/fr\\\/?s={search_term_string}\"},\"query-input\":{\"@type\":\"PropertyValueSpecification\",\"valueRequired\":true,\"valueName\":\"search_term_string\"}}],\"inLanguage\":\"fr-FR\"}]}<\/script>\n<!-- \/ Yoast SEO plugin. -->","yoast_head_json":{"title":"Lexique des dinosaures - DinoStorm","description":"Es-tu familier avec les dinosaures de Dino Storm? Jette un \u0153il \u00e0 notre lexique des dinosaures. Faits, donn\u00e9es, comp\u00e9tences, aptitudes et bien plus encore...","robots":{"index":"index","follow":"follow","max-snippet":"max-snippet:-1","max-image-preview":"max-image-preview:large","max-video-preview":"max-video-preview:-1"},"canonical":"https:\/\/dinostorm.com\/fr\/le-jeu\/lexique-des-dinosaures\/","og_locale":"fr_FR","og_type":"article","og_title":"Lexique des dinosaures - DinoStorm","og_description":"Es-tu familier avec les dinosaures de Dino Storm? Jette un \u0153il \u00e0 notre lexique des dinosaures. Faits, donn\u00e9es, comp\u00e9tences, aptitudes et bien plus encore...","og_url":"https:\/\/dinostorm.com\/fr\/le-jeu\/lexique-des-dinosaures\/","og_site_name":"DinoStorm","article_modified_time":"2021-07-08T11:43:47+00:00","og_image":[{"width":1280,"height":720,"url":"https:\/\/dinostorm.com\/wp-content\/uploads\/2012\/09\/ds_jungle_01.jpg","type":"image\/jpeg"}],"schema":{"@context":"https:\/\/schema.org","@graph":[{"@type":"WebPage","@id":"https:\/\/dinostorm.com\/fr\/le-jeu\/lexique-des-dinosaures\/","url":"https:\/\/dinostorm.com\/fr\/le-jeu\/lexique-des-dinosaures\/","name":"Lexique des dinosaures - DinoStorm","isPartOf":{"@id":"https:\/\/dinostorm.com\/fr\/#website"},"primaryImageOfPage":{"@id":"https:\/\/dinostorm.com\/fr\/le-jeu\/lexique-des-dinosaures\/#primaryimage"},"image":{"@id":"https:\/\/dinostorm.com\/fr\/le-jeu\/lexique-des-dinosaures\/#primaryimage"},"thumbnailUrl":"https:\/\/dinostorm.com\/wp-content\/uploads\/2012\/09\/ds_jungle_01.jpg","datePublished":"2012-09-10T14:23:12+00:00","dateModified":"2021-07-08T11:43:47+00:00","description":"Es-tu familier avec les dinosaures de Dino Storm? Jette un \u0153il \u00e0 notre lexique des dinosaures. Faits, donn\u00e9es, comp\u00e9tences, aptitudes et bien plus encore...","breadcrumb":{"@id":"https:\/\/dinostorm.com\/fr\/le-jeu\/lexique-des-dinosaures\/#breadcrumb"},"inLanguage":"fr-FR","potentialAction":[{"@type":"ReadAction","target":["https:\/\/dinostorm.com\/fr\/le-jeu\/lexique-des-dinosaures\/"]}]},{"@type":"ImageObject","inLanguage":"fr-FR","@id":"https:\/\/dinostorm.com\/fr\/le-jeu\/lexique-des-dinosaures\/#primaryimage","url":"https:\/\/dinostorm.com\/wp-content\/uploads\/2012\/09\/ds_jungle_01.jpg","contentUrl":"https:\/\/dinostorm.com\/wp-content\/uploads\/2012\/09\/ds_jungle_01.jpg","width":1280,"height":720,"caption":"Beware of dangerous bandits in Mokon Woods are everywhere."},{"@type":"BreadcrumbList","@id":"https:\/\/dinostorm.com\/fr\/le-jeu\/lexique-des-dinosaures\/#breadcrumb","itemListElement":[{"@type":"ListItem","position":1,"name":"Home","item":"https:\/\/dinostorm.com\/fr\/"},{"@type":"ListItem","position":2,"name":"Le jeu","item":"https:\/\/dinostorm.com\/fr\/le-jeu\/"},{"@type":"ListItem","position":3,"name":"Lexique des dinosaures"}]},{"@type":"WebSite","@id":"https:\/\/dinostorm.com\/fr\/#website","url":"https:\/\/dinostorm.com\/fr\/","name":"DinoStorm","description":"","potentialAction":[{"@type":"SearchAction","target":{"@type":"EntryPoint","urlTemplate":"https:\/\/dinostorm.com\/fr\/?s={search_term_string}"},"query-input":{"@type":"PropertyValueSpecification","valueRequired":true,"valueName":"search_term_string"}}],"inLanguage":"fr-FR"}]}},"_links":{"self":[{"href":"https:\/\/dinostorm.com\/fr\/wp-json\/wp\/v2\/pages\/5017","targetHints":{"allow":["GET"]}}],"collection":[{"href":"https:\/\/dinostorm.com\/fr\/wp-json\/wp\/v2\/pages"}],"about":[{"href":"https:\/\/dinostorm.com\/fr\/wp-json\/wp\/v2\/types\/page"}],"author":[{"embeddable":true,"href":"https:\/\/dinostorm.com\/fr\/wp-json\/wp\/v2\/users\/26"}],"replies":[{"embeddable":true,"href":"https:\/\/dinostorm.com\/fr\/wp-json\/wp\/v2\/comments?post=5017"}],"version-history":[{"count":2,"href":"https:\/\/dinostorm.com\/fr\/wp-json\/wp\/v2\/pages\/5017\/revisions"}],"predecessor-version":[{"id":237940,"href":"https:\/\/dinostorm.com\/fr\/wp-json\/wp\/v2\/pages\/5017\/revisions\/237940"}],"up":[{"embeddable":true,"href":"https:\/\/dinostorm.com\/fr\/wp-json\/wp\/v2\/pages\/4941"}],"wp:featuredmedia":[{"embeddable":true,"href":"https:\/\/dinostorm.com\/fr\/wp-json\/wp\/v2\/media\/15052"}],"wp:attachment":[{"href":"https:\/\/dinostorm.com\/fr\/wp-json\/wp\/v2\/media?parent=5017"}],"curies":[{"name":"wp","href":"https:\/\/api.w.org\/{rel}","templated":true}]}}