{"id":5014,"date":"2012-10-18T09:18:05","date_gmt":"2012-10-18T07:18:05","guid":{"rendered":"http:\/\/dinostorm.com\/?page_id=5014"},"modified":"2021-07-09T14:44:07","modified_gmt":"2021-07-09T12:44:07","slug":"implants-de-dinosaure","status":"publish","type":"page","link":"https:\/\/dinostorm.com\/fr\/le-jeu\/implants-de-dinosaure\/","title":{"rendered":"Implants pour tes dinosaures"},"content":{"rendered":"<div class=\"teaser\"><\/div>\n<h1 class=\"headline_page width_500\"><span>Implants pour tes dinosaures<\/span><\/h1>\n<p class=\"back-button back-pos500\"><a class=\"back-block\" href=\"\/fr\/le-jeu#overview\">Retour<\/a><\/p>\n<div class=\"full\">\n<img decoding=\"async\" class=\"wrapper_image_impl colorbox-5014\" src=\"\/wp-content\/themes\/arras\/images\/dinostorm\/Implantate-Cowboy.png\" alt=\"Les cowboys parlent des implants de dinosaure dans Dino Storm\"\/><\/p>\n<div class=\"wrapper_impl\">\n<p class=\"text-impl\">Reste en avance sur la concurrence gr&#x00e2;ce &#x00e0; la biotechnologie et &#x00e0; nos implants haute-performance pour ton Dino. &#x00c7;a pique juste un tout petit peu!<\/p>\n<\/div>\n<div class=\"wrapper_impl2\">\n<div class=\"slot-list\">\n<div class=\"clear-after\">\n                      <span class=\"icon-frame-gloss float-left\"><br \/>\n            <img class=\"colorbox-5014\"  decoding=\"async\" src=\"\/wp-content\/themes\/arras\/images\/dinostorm\/implant_armor.png\" alt=\"Implants de dinosaure: Implant d'armure\"\/><br \/>\n                       <\/span><\/p>\n<div class=\"slot-wrapper\">\n\t\t\t    <span class=\"slot-item-title\">Implant d&rsquo;armure<\/span><\/p>\n<p class=\"feature-slot-desc\">Ton dinosaure est toujours au centre des batailles? Alors nos implants d&rsquo;armure devraient &#x00ea;tre ton premier choix. Augmente l&rsquo;armure de ton dinosaure, il subira ainsi moins de d&#x00e9;g&#x00e2;ts.<\/p>\n<\/p><\/div>\n<p>\t<span class=\"clear\"><!-- --><\/span>\n\t         <\/div>\n<\/p><\/div>\n<\/p><\/div>\n<div class=\"wrapper_impl2\">\n<div class=\"slot-list\">\n<div class=\"clear-after\">\n                      <span class=\"icon-frame-gloss float-left\"><br \/>\n            <img class=\"colorbox-5014\"  decoding=\"async\" src=\"\/wp-content\/themes\/arras\/images\/dinostorm\/implant_vitality.png\" alt=\"Implants de dinosaure: Implant de vitalit&#x00e9;\"\/><br \/>\n                       <\/span><\/p>\n<div class=\"slot-wrapper\">\n\t\t\t    <span class=\"slot-item-title\">Implant de vitalit&#x00e9;<\/span><\/p>\n<p class=\"feature-slot-desc\">Tu t&rsquo;inqui&#x00e8;tes pour ton dino qui combat beaucoup? Et qui utilise beaucoup de potions de gu&#x00e9;rison? Dans ce cas, nos implants de vitalit&#x00e9; peuvent &#x00ea;tre int&#x00e9;ressants pour toi. Ach&#x00e8;te nos implants de vitalit&#x00e9; et augmente alors les points de vie de ton dinosaure.<\/p>\n<\/p><\/div>\n<p>\t<span class=\"clear\"><!-- --><\/span>\n\t         <\/div>\n<\/p><\/div>\n<\/p><\/div>\n<div class=\"wrapper_impl2\">\n<div class=\"slot-list\">\n<div class=\"clear-after\">\n                      <span class=\"icon-frame-gloss float-left\"><br \/>\n            <img class=\"colorbox-5014\"  decoding=\"async\" src=\"\/wp-content\/themes\/arras\/images\/dinostorm\/implant_strength.png\" alt=\"Implants de dinosaure: Implant de force\"\/><br \/>\n                       <\/span><\/p>\n<div class=\"slot-wrapper\">\n\t\t\t    <span class=\"slot-item-title\">Implant de force<\/span><\/p>\n<p class=\"feature-slot-desc\">Plus de muscle pour ton dino, rien de plus &#x00e0; ajouter. Oui, &#x00e9;tonnamment, &#x00e7;a augmente les d&#x00e9;g&#x00e2;ts que ton dinosaure inflige aux cibles. Mais sache-le, la force ne fait pas tout, cowboy&#8230;<\/p>\n<\/p><\/div>\n<p>\t<span class=\"clear\"><!-- --><\/span>\n\t         <\/div>\n<\/p><\/div>\n<\/p><\/div>\n<div class=\"wrapper_impl2\">\n<div class=\"slot-list\">\n<div class=\"clear-after\">\n                      <span class=\"icon-frame-gloss float-left\"><br \/>\n            <img class=\"colorbox-5014\"  decoding=\"async\" src=\"\/wp-content\/themes\/arras\/images\/dinostorm\/implant_recovery.png\" alt=\"Implants de dinosaure: Implant de r&#x00e9;cup&#x00e9;ration\"\/><br \/>\n                       <\/span><\/p>\n<div class=\"slot-wrapper\">\n\t\t\t    <span class=\"slot-item-title\">Implant de r&#x00e9;cup&#x00e9;ration<\/span><\/p>\n<p class=\"feature-slot-desc\">Apr&#x00e8;s des ann&#x00e9;es de recherche nos m&#x00e9;decins de dinosaures l&rsquo;ont finalement fait. Notre tout nouvel implant de r&#x00e9;cup&#x00e9;ration augmente le taux de points de r&#x00e9;cup&#x00e9;ration de ton dinosaure. Essaye-le et vis plus longtemps, cowboy.<\/p>\n<\/p><\/div>\n<p>\t<span class=\"clear\"><!-- --><\/span>\n\t         <\/div>\n<\/p><\/div>\n<\/p><\/div>\n<div class=\"wrapper_impl2\">\n<div class=\"slot-list\">\n<div class=\"clear-after\">\n                      <span class=\"icon-frame-gloss float-left\"><br \/>\n            <img class=\"colorbox-5014\"  decoding=\"async\" src=\"\/wp-content\/themes\/arras\/images\/dinostorm\/implant_agility.png\" alt=\"Implants de dinosaure: Implant d'agilit&#x00e9;\"\/><br \/>\n                       <\/span><\/p>\n<div class=\"slot-wrapper\">\n\t\t\t    <span class=\"slot-item-title\">Implant d&rsquo;agilit&#x00e9;<\/span><\/p>\n<p class=\"feature-slot-desc\">Tu penses que ton dino est trop l&#x00e9;thargique? Dans ce cas, nous te recommandons notre tout nouvel implant d&rsquo;agilit&#x00e9; pour dinosaures. Ces fantastiques implants augmentent la capacit&#x00e9; du dinosaure &#x00e0; esquiver les attaques.<\/p>\n<\/p><\/div>\n<p>\t<span class=\"clear\"><!-- --><\/span>\n\t         <\/div>\n<\/p><\/div>\n<\/p><\/div>\n<div class=\"wrapper_impl2\">\n<div class=\"slot-list\">\n<div class=\"clear-after\">\n                      <span class=\"icon-frame-gloss float-left\"><br \/>\n            <img class=\"colorbox-5014\"  decoding=\"async\" src=\"\/wp-content\/themes\/arras\/images\/dinostorm\/implant_endurance.png\" alt=\"Implants de dinosaure: Implant d'endurance\"\/><br \/>\n                       <\/span><\/p>\n<div class=\"slot-wrapper\">\n\t\t\t    <span class=\"slot-item-title\">Implant d&rsquo;endurance<\/span><\/p>\n<p class=\"feature-slot-desc\">La vitesse peut &#x00ea;tre un facteur vital pour chaque dinosaure. Personne ne pourra t&rsquo;attraper si ton dino est plus rapide que les autres. Ajoute l&rsquo;implant d&rsquo;endurance : ce super &#x00e9;l&#x00e9;ment augmente la vitesse de ton dinosaure.<\/p>\n<\/p><\/div>\n<p>\t<span class=\"clear\"><!-- --><\/span>\n\t         <\/div>\n<\/p><\/div>\n<\/p><\/div>\n<div class=\"wrapper_impl2\">\n<div class=\"slot-list\">\n<div class=\"clear-after\">\n                      <span class=\"icon-frame-gloss float-left\"><br \/>\n            <img class=\"colorbox-5014\"  decoding=\"async\" src=\"\/wp-content\/themes\/arras\/images\/dinostorm\/implant_stability.png\" alt=\"Implants de dinosaure: Implant de stabilit&#x00e9;\"\/><br \/>\n                       <\/span><\/p>\n<div class=\"slot-wrapper\">\n\t\t\t    <span class=\"slot-item-title\">Implant de stabilit&#x00e9;<\/span><\/p>\n<p class=\"feature-slot-desc\">Ton dinosaure et toi &#x00ea;tes toujours en train de courir? Essaye nos implants de stabilit&#x00e9; et personne ne pourra plus t&rsquo;arr&#x00ea;ter. Diminue la dur&eacute;e des effets d&rsquo;&eacute;tourdissement, de confusion et de peur.<\/p>\n<\/p><\/div>\n<p>\t<span class=\"clear\"><!-- --><\/span>\n\t         <\/div>\n<\/p><\/div>\n<\/p><\/div>\n<div class=\"wrapper_impl2\">\n<div class=\"slot-list\">\n<div class=\"clear-after\">\n                      <span class=\"icon-frame-gloss float-left\"><br \/>\n            <img class=\"colorbox-5014\"  decoding=\"async\" src=\"\/wp-content\/themes\/arras\/images\/dinostorm\/implant_rage.png\" alt=\"Implant Rage\"\/><br \/>\n                       <\/span><\/p>\n<div class=\"slot-wrapper\">\n\t\t\t    <span class=\"slot-item-title\">Implant Rage<\/span><\/p>\n<p class=\"feature-slot-desc\">Augmente le gain de surpuissance &#x00e0; chaque d&#x00e9;g&#x00e2;t re&#x00e7;u. Doit &#x00ea;tre install&#x00e9; sur un emplacement d&rsquo;implant Dino pour fonctionner.<\/p>\n<\/p><\/div>\n<p>\t<span class=\"clear\"><!-- --><\/span>\n\t         <\/div>\n<\/p><\/div>\n<\/p><\/div>\n<div class=\"wrapper_impl2\">\n<div class=\"slot-list\">\n<div class=\"clear-after\">\n                      <span class=\"icon-frame-gloss float-left\"><br \/>\n            <img class=\"colorbox-5014\"  decoding=\"async\" src=\"\/wp-content\/themes\/arras\/images\/dinostorm\/implant_shield.png\" alt=\"Implant Bouclier\"\/><br \/>\n                       <\/span><\/p>\n<div class=\"slot-wrapper\">\n\t\t\t    <span class=\"slot-item-title\">Implant Bouclier<\/span><\/p>\n<p class=\"feature-slot-desc\">Augmente la r&#x00e9;sistance de votre dinosaure contre les d&#x00e9;g&#x00e2;ts re&#x00e7;us d&rsquo;une arme. Doit &#x00ea;tre install&#x00e9; sur un emplacement d&rsquo;implant Dino pour fonctionner.<\/p>\n<\/p><\/div>\n<p>\t<span class=\"clear\"><!-- --><\/span>\n\t         <\/div>\n<\/p><\/div>\n<\/p><\/div>\n<div class=\"wrapper_impl2\">\n<div class=\"slot-list\">\n<div class=\"clear-after\">\n                      <span class=\"icon-frame-gloss float-left\"><br \/>\n            <img class=\"colorbox-5014\"  decoding=\"async\" src=\"\/wp-content\/themes\/arras\/images\/dinostorm\/implant_claws.png\" alt=\"Implant Griffes\"\/><br \/>\n                       <\/span><\/p>\n<div class=\"slot-wrapper\">\n\t\t\t    <span class=\"slot-item-title\">Implant Griffes<\/span><\/p>\n<p class=\"feature-slot-desc\">Donne la possibilit&#x00e9; &#x00e0; votre dinosaure de frapper des cibles suppl&#x00e9;mentaires &#x00e0; courte port&#x00e9;e. Doit &#x00ea;tre install&#x00e9; sur un emplacement d&rsquo;implant Dino pour fonctionner.<\/p>\n<\/p><\/div>\n<p>\t<span class=\"clear\"><!-- --><\/span>\n\t         <\/div>\n<\/p><\/div>\n<\/p><\/div>\n<div class=\"wrapper_impl2\">\n<div class=\"slot-list\">\n<div class=\"clear-after\">\n                      <span class=\"icon-frame-gloss float-left\"><br \/>\n            <img class=\"colorbox-5014\"  decoding=\"async\" src=\"\/wp-content\/themes\/arras\/images\/dinostorm\/implant_weaponreflector.png\" alt=\"Implant R&#x00e9;flecteur de D&#x00e9;g&#x00e2;ts\"\/><br \/>\n                       <\/span><\/p>\n<div class=\"slot-wrapper\">\n\t\t\t    <span class=\"slot-item-title\">Implant R&#x00e9;flecteur de D&#x00e9;g&#x00e2;ts<\/span><\/p>\n<p class=\"feature-slot-desc\">Accorde &#x00e0; votre dinosaure une chance de renvoyer temporairement les d&#x00e9;g&#x00e2;ts caus&#x00e9;s par une arme. Doit &#x00ea;tre install&#x00e9; sur un emplacement d&rsquo;implant Dino pour fonctionner.<\/p>\n<\/p><\/div>\n<p>\t<span class=\"clear\"><!-- --><\/span>\n\t         <\/div>\n<\/p><\/div>\n<\/p><\/div>\n<div class=\"wrapper_impl2\">\n<div class=\"slot-list\">\n<div class=\"clear-after\">\n                      <span class=\"icon-frame-gloss float-left\"><br \/>\n            <img class=\"colorbox-5014\"  decoding=\"async\" src=\"\/wp-content\/themes\/arras\/images\/dinostorm\/implant_heatregulator.png\" alt=\"Implant R&#x00e9;gulateur de Chaleur\"\/><br \/>\n                       <\/span><\/p>\n<div class=\"slot-wrapper\">\n\t\t\t    <span class=\"slot-item-title\">Implant R&#x00e9;gulateur de Chaleur<\/span><\/p>\n<p class=\"feature-slot-desc\">Diminue la dur&#x00e9;e des conditions de paralysie et de ralentissement. Doit &#x00ea;tre install&#x00e9; dans un emplacement d&rsquo;Implant Dino pour fonctionner.<\/p>\n<\/p><\/div>\n<p>\t<span class=\"clear\"><!-- --><\/span>\n\t         <\/div>\n<\/p><\/div>\n<\/p><\/div>\n<\/div>\n<\/div>\n<div class=full>\n<img decoding=\"async\" class=\"hr3 margin35 colorbox-5014\" src=\"\/wp-content\/themes\/arras\/images\/dinostorm\/seperator_big.png\" alt=\"separator dino storm\" \/>\n<\/div>\n","protected":false},"excerpt":{"rendered":"<p>Implants pour tes dinosaures Retour Reste en avance sur la concurrence gr&#x00e2;ce &#x00e0; la biotechnologie et &#x00e0; nos implants haute-performance pour ton Dino. &#x00c7;a pique juste un tout petit peu! Implant d&rsquo;armure Ton dinosaure est [&hellip;]<\/p>\n","protected":false},"author":26,"featured_media":15052,"parent":4941,"menu_order":0,"comment_status":"closed","ping_status":"closed","template":"pagetpl-onecolumn.php","meta":{"footnotes":"","_links_to":"","_links_to_target":""},"class_list":["post-5014","page","type-page","status-publish","has-post-thumbnail","hentry"],"yoast_head":"<!-- This site is optimized with the Yoast SEO plugin v27.4 - https:\/\/yoast.com\/product\/yoast-seo-wordpress\/ -->\n<title>Implants pour tes dinosaures - DinoStorm<\/title>\n<meta name=\"description\" content=\"Reste en avance sur la concurrence gr\u00e2ce \u00e0 la biotechnologie et \u00e0 nos implants haute-performance pour ton dinosaure. \u00c7a pique juste un tout petit peu!\" \/>\n<meta name=\"robots\" content=\"index, follow, max-snippet:-1, max-image-preview:large, max-video-preview:-1\" \/>\n<link rel=\"canonical\" href=\"https:\/\/dinostorm.com\/fr\/le-jeu\/implants-de-dinosaure\/\" \/>\n<meta property=\"og:locale\" content=\"fr_FR\" \/>\n<meta property=\"og:type\" content=\"article\" \/>\n<meta property=\"og:title\" content=\"Implants pour tes dinosaures - DinoStorm\" \/>\n<meta property=\"og:description\" content=\"Reste en avance sur la concurrence gr\u00e2ce \u00e0 la biotechnologie et \u00e0 nos implants haute-performance pour ton dinosaure. \u00c7a pique juste un tout petit peu!\" \/>\n<meta property=\"og:url\" content=\"https:\/\/dinostorm.com\/fr\/le-jeu\/implants-de-dinosaure\/\" \/>\n<meta property=\"og:site_name\" content=\"DinoStorm\" \/>\n<meta property=\"article:modified_time\" content=\"2021-07-09T12:44:07+00:00\" \/>\n<meta property=\"og:image\" content=\"https:\/\/dinostorm.com\/wp-content\/uploads\/2012\/09\/ds_jungle_01.jpg\" \/>\n\t<meta property=\"og:image:width\" content=\"1280\" \/>\n\t<meta property=\"og:image:height\" content=\"720\" \/>\n\t<meta property=\"og:image:type\" content=\"image\/jpeg\" \/>\n<meta name=\"twitter:label1\" content=\"Dur\u00e9e de lecture estim\u00e9e\" \/>\n\t<meta name=\"twitter:data1\" content=\"3 minutes\" \/>\n<script type=\"application\/ld+json\" class=\"yoast-schema-graph\">{\"@context\":\"https:\\\/\\\/schema.org\",\"@graph\":[{\"@type\":\"WebPage\",\"@id\":\"https:\\\/\\\/dinostorm.com\\\/fr\\\/le-jeu\\\/implants-de-dinosaure\\\/\",\"url\":\"https:\\\/\\\/dinostorm.com\\\/fr\\\/le-jeu\\\/implants-de-dinosaure\\\/\",\"name\":\"Implants pour tes dinosaures - DinoStorm\",\"isPartOf\":{\"@id\":\"https:\\\/\\\/dinostorm.com\\\/fr\\\/#website\"},\"primaryImageOfPage\":{\"@id\":\"https:\\\/\\\/dinostorm.com\\\/fr\\\/le-jeu\\\/implants-de-dinosaure\\\/#primaryimage\"},\"image\":{\"@id\":\"https:\\\/\\\/dinostorm.com\\\/fr\\\/le-jeu\\\/implants-de-dinosaure\\\/#primaryimage\"},\"thumbnailUrl\":\"https:\\\/\\\/dinostorm.com\\\/wp-content\\\/uploads\\\/2012\\\/09\\\/ds_jungle_01.jpg\",\"datePublished\":\"2012-10-18T07:18:05+00:00\",\"dateModified\":\"2021-07-09T12:44:07+00:00\",\"description\":\"Reste en avance sur la concurrence gr\u00e2ce \u00e0 la biotechnologie et \u00e0 nos implants haute-performance pour ton dinosaure. \u00c7a pique juste un tout petit peu!\",\"breadcrumb\":{\"@id\":\"https:\\\/\\\/dinostorm.com\\\/fr\\\/le-jeu\\\/implants-de-dinosaure\\\/#breadcrumb\"},\"inLanguage\":\"fr-FR\",\"potentialAction\":[{\"@type\":\"ReadAction\",\"target\":[\"https:\\\/\\\/dinostorm.com\\\/fr\\\/le-jeu\\\/implants-de-dinosaure\\\/\"]}]},{\"@type\":\"ImageObject\",\"inLanguage\":\"fr-FR\",\"@id\":\"https:\\\/\\\/dinostorm.com\\\/fr\\\/le-jeu\\\/implants-de-dinosaure\\\/#primaryimage\",\"url\":\"https:\\\/\\\/dinostorm.com\\\/wp-content\\\/uploads\\\/2012\\\/09\\\/ds_jungle_01.jpg\",\"contentUrl\":\"https:\\\/\\\/dinostorm.com\\\/wp-content\\\/uploads\\\/2012\\\/09\\\/ds_jungle_01.jpg\",\"width\":1280,\"height\":720,\"caption\":\"Beware of dangerous bandits in Mokon Woods are everywhere.\"},{\"@type\":\"BreadcrumbList\",\"@id\":\"https:\\\/\\\/dinostorm.com\\\/fr\\\/le-jeu\\\/implants-de-dinosaure\\\/#breadcrumb\",\"itemListElement\":[{\"@type\":\"ListItem\",\"position\":1,\"name\":\"Home\",\"item\":\"https:\\\/\\\/dinostorm.com\\\/fr\\\/\"},{\"@type\":\"ListItem\",\"position\":2,\"name\":\"Le jeu\",\"item\":\"https:\\\/\\\/dinostorm.com\\\/fr\\\/le-jeu\\\/\"},{\"@type\":\"ListItem\",\"position\":3,\"name\":\"Implants pour tes dinosaures\"}]},{\"@type\":\"WebSite\",\"@id\":\"https:\\\/\\\/dinostorm.com\\\/fr\\\/#website\",\"url\":\"https:\\\/\\\/dinostorm.com\\\/fr\\\/\",\"name\":\"DinoStorm\",\"description\":\"\",\"potentialAction\":[{\"@type\":\"SearchAction\",\"target\":{\"@type\":\"EntryPoint\",\"urlTemplate\":\"https:\\\/\\\/dinostorm.com\\\/fr\\\/?s={search_term_string}\"},\"query-input\":{\"@type\":\"PropertyValueSpecification\",\"valueRequired\":true,\"valueName\":\"search_term_string\"}}],\"inLanguage\":\"fr-FR\"}]}<\/script>\n<!-- \/ Yoast SEO plugin. -->","yoast_head_json":{"title":"Implants pour tes dinosaures - DinoStorm","description":"Reste en avance sur la concurrence gr\u00e2ce \u00e0 la biotechnologie et \u00e0 nos implants haute-performance pour ton dinosaure. \u00c7a pique juste un tout petit peu!","robots":{"index":"index","follow":"follow","max-snippet":"max-snippet:-1","max-image-preview":"max-image-preview:large","max-video-preview":"max-video-preview:-1"},"canonical":"https:\/\/dinostorm.com\/fr\/le-jeu\/implants-de-dinosaure\/","og_locale":"fr_FR","og_type":"article","og_title":"Implants pour tes dinosaures - DinoStorm","og_description":"Reste en avance sur la concurrence gr\u00e2ce \u00e0 la biotechnologie et \u00e0 nos implants haute-performance pour ton dinosaure. \u00c7a pique juste un tout petit peu!","og_url":"https:\/\/dinostorm.com\/fr\/le-jeu\/implants-de-dinosaure\/","og_site_name":"DinoStorm","article_modified_time":"2021-07-09T12:44:07+00:00","og_image":[{"width":1280,"height":720,"url":"https:\/\/dinostorm.com\/wp-content\/uploads\/2012\/09\/ds_jungle_01.jpg","type":"image\/jpeg"}],"twitter_misc":{"Dur\u00e9e de lecture estim\u00e9e":"3 minutes"},"schema":{"@context":"https:\/\/schema.org","@graph":[{"@type":"WebPage","@id":"https:\/\/dinostorm.com\/fr\/le-jeu\/implants-de-dinosaure\/","url":"https:\/\/dinostorm.com\/fr\/le-jeu\/implants-de-dinosaure\/","name":"Implants pour tes dinosaures - DinoStorm","isPartOf":{"@id":"https:\/\/dinostorm.com\/fr\/#website"},"primaryImageOfPage":{"@id":"https:\/\/dinostorm.com\/fr\/le-jeu\/implants-de-dinosaure\/#primaryimage"},"image":{"@id":"https:\/\/dinostorm.com\/fr\/le-jeu\/implants-de-dinosaure\/#primaryimage"},"thumbnailUrl":"https:\/\/dinostorm.com\/wp-content\/uploads\/2012\/09\/ds_jungle_01.jpg","datePublished":"2012-10-18T07:18:05+00:00","dateModified":"2021-07-09T12:44:07+00:00","description":"Reste en avance sur la concurrence gr\u00e2ce \u00e0 la biotechnologie et \u00e0 nos implants haute-performance pour ton dinosaure. \u00c7a pique juste un tout petit peu!","breadcrumb":{"@id":"https:\/\/dinostorm.com\/fr\/le-jeu\/implants-de-dinosaure\/#breadcrumb"},"inLanguage":"fr-FR","potentialAction":[{"@type":"ReadAction","target":["https:\/\/dinostorm.com\/fr\/le-jeu\/implants-de-dinosaure\/"]}]},{"@type":"ImageObject","inLanguage":"fr-FR","@id":"https:\/\/dinostorm.com\/fr\/le-jeu\/implants-de-dinosaure\/#primaryimage","url":"https:\/\/dinostorm.com\/wp-content\/uploads\/2012\/09\/ds_jungle_01.jpg","contentUrl":"https:\/\/dinostorm.com\/wp-content\/uploads\/2012\/09\/ds_jungle_01.jpg","width":1280,"height":720,"caption":"Beware of dangerous bandits in Mokon Woods are everywhere."},{"@type":"BreadcrumbList","@id":"https:\/\/dinostorm.com\/fr\/le-jeu\/implants-de-dinosaure\/#breadcrumb","itemListElement":[{"@type":"ListItem","position":1,"name":"Home","item":"https:\/\/dinostorm.com\/fr\/"},{"@type":"ListItem","position":2,"name":"Le jeu","item":"https:\/\/dinostorm.com\/fr\/le-jeu\/"},{"@type":"ListItem","position":3,"name":"Implants pour tes dinosaures"}]},{"@type":"WebSite","@id":"https:\/\/dinostorm.com\/fr\/#website","url":"https:\/\/dinostorm.com\/fr\/","name":"DinoStorm","description":"","potentialAction":[{"@type":"SearchAction","target":{"@type":"EntryPoint","urlTemplate":"https:\/\/dinostorm.com\/fr\/?s={search_term_string}"},"query-input":{"@type":"PropertyValueSpecification","valueRequired":true,"valueName":"search_term_string"}}],"inLanguage":"fr-FR"}]}},"_links":{"self":[{"href":"https:\/\/dinostorm.com\/fr\/wp-json\/wp\/v2\/pages\/5014","targetHints":{"allow":["GET"]}}],"collection":[{"href":"https:\/\/dinostorm.com\/fr\/wp-json\/wp\/v2\/pages"}],"about":[{"href":"https:\/\/dinostorm.com\/fr\/wp-json\/wp\/v2\/types\/page"}],"author":[{"embeddable":true,"href":"https:\/\/dinostorm.com\/fr\/wp-json\/wp\/v2\/users\/26"}],"replies":[{"embeddable":true,"href":"https:\/\/dinostorm.com\/fr\/wp-json\/wp\/v2\/comments?post=5014"}],"version-history":[{"count":4,"href":"https:\/\/dinostorm.com\/fr\/wp-json\/wp\/v2\/pages\/5014\/revisions"}],"predecessor-version":[{"id":238456,"href":"https:\/\/dinostorm.com\/fr\/wp-json\/wp\/v2\/pages\/5014\/revisions\/238456"}],"up":[{"embeddable":true,"href":"https:\/\/dinostorm.com\/fr\/wp-json\/wp\/v2\/pages\/4941"}],"wp:featuredmedia":[{"embeddable":true,"href":"https:\/\/dinostorm.com\/fr\/wp-json\/wp\/v2\/media\/15052"}],"wp:attachment":[{"href":"https:\/\/dinostorm.com\/fr\/wp-json\/wp\/v2\/media?parent=5014"}],"curies":[{"name":"wp","href":"https:\/\/api.w.org\/{rel}","templated":true}]}}