{"id":4943,"date":"2012-09-05T14:50:11","date_gmt":"2012-09-05T12:50:11","guid":{"rendered":"http:\/\/dinostorm.com\/?page_id=4943"},"modified":"2022-11-24T17:18:22","modified_gmt":"2022-11-24T15:18:22","slug":"accueil","status":"publish","type":"page","link":"https:\/\/dinostorm.com\/fr\/","title":{"rendered":"Accueil"},"content":{"rendered":"<div class=\"teaser-home\">&nbsp;<\/div>\n<!-- Start vSlider options -->\r\n<script type=\"text\/javascript\">\r\nvar $jq = jQuery.noConflict(); $jq(document).ready(function() { \r\n    $jq('#Homefr').coinslider({ width: 960,     height: 389, spw: 3, sph: 2, delay: 6000, sDelay: 60, opacity: 0.7, titleSpeed: 0, effect: 'fade', navigation: false, links : true, stickynav: false, hoverPause: 0 }); }); \r\n    <\/script>\r\n<!-- Begin vSlider options -->\r\n<style type=\"text\/css\" media=\"screen\">\r\n#Homefrcontainer {\r\n    margin: 0px -5px -5px 4px;\r\n    float:none;\r\n    }\r\n#Homefr { \r\n    width: 960px; \r\n    height: 389px;\r\n    overflow: hidden; \r\n    position: relative; \r\n    }\r\n    \r\n\r\n    #Homefr a, #Homefr a img {\r\n        border: none !important; \r\n        text-decoration: none !important; \r\n        outline: none !important;\r\n        } \r\n        \r\n    #Homefr h4 {\r\n        color: #FFFFFF !important;\r\n        margin: 0px !important;padding: 0px !important;\r\n        font-family: Arial, Helvetica, sans-serif !important;\r\n        font-size: 16px !important;}\r\n        \r\n    #Homefr .cs-title {\r\n        background: #000000;\r\n        color: #FFFFFF  !important;\r\n        font-family: Arial, Helvetica, sans-serif !important;\r\n        font-size: 12px !important;\r\n        letter-spacing: normal !important;line-height: normal !important;}\r\n        \r\n    #Homefr .cs-title{ position:absolute;\r\n    width: 949px; padding: 10px;        }\r\n        #Homefrcontainer .cs-buttons {clear:both; font-size: 0px; margin: ; float: left; }\r\n       #cs-button-Homefr{ z-index:999;outline:none;}\r\n                #Homefrcontainer .cs-buttons { font-size: 0px; padding: 10px; float: left; outline: none !important;}\r\n           #Homefrcontainer .cs-buttons a { margin-left: 5px; height: 15px; width: 15px; float: left; \r\n                            background: url('https:\/\/dinostorm.com\/wp-content\/plugins\/vslider\/images\/default_style.png') no-repeat;background-position:top;\r\n                                                text-indent: -1000px;\r\n                                                outline: none !important;\r\n                             }\r\n             #Homefrcontainer .cs-buttons a:hover  { background: url('https:\/\/dinostorm.com\/wp-content\/plugins\/vslider\/images\/default_style.png') no-repeat;background-position: bottom;top:15px;outline: none !important;}\r\n            #Homefrcontainer  a.cs-active { background: url('https:\/\/dinostorm.com\/wp-content\/plugins\/vslider\/images\/default_style.png') no-repeat;background-position:bottom;outline: none !important;}          \r\n                                \r\n        \r\n                 #Homefr  .cs-prev,#Homefr  .cs-next { outline:none; }\r\n           #Homefr  .cs-prev {margin-left:8px; line-height: 30px;width: 30px;height:30px; background: url('https:\/\/dinostorm.com\/wp-content\/plugins\/vslider\/images\/nav_style2_arrows-prev.png')no-repeat; text-indent: -999px;}\r\n      #Homefr  .cs-next {margin-right: 5px; line-height: 30px;width: 30px;height:30px; background: url('https:\/\/dinostorm.com\/wp-content\/plugins\/vslider\/images\/nav_style2_arrows-next.png')no-repeat; text-indent: -999px;}\r\n         \r\n       #Homefr,#Homefr img {\r\n        border:1px solid #000; \r\n        border-radius:1px;\r\n        -moz-border-radius:1px;\r\n        -webkit-border-radius:1px;\r\n        }\r\n<\/style>\r\n<!-- End vSlider options -->\r\n    <div id=\"Homefrcontainer\">\r\n    <div id=\"Homefr\">       <a href=\"\/fr\/le-jeu\" style=\"background:#fff;\" target=\"\">\r\n              <img class=\"colorbox-4943\"  decoding=\"async\" src=\"https:\/\/dinostorm.com\/wp-content\/plugins\/vslider\/timthumb.php?src=http%3A%2F%2Fdinostorm.com%2Fwp-content%2Fuploads%2F2012%2F10%2FDinoville.jpg&amp;w=960&amp;h=389&amp;zc=1&amp;q=80\" style=\"width:960px;height:389px;\" alt=\"Bienvenue \u00e0 Dinoville\" \/>\r\n                    <span><h4>Bienvenue \u00e0 Dinoville<\/h4>D\u00e9couvre un jeu d'action et de dinosaure en 3D. C'est gratuit et accessible directement sur ton navigateur<\/span>\r\n                <\/a>\r\n           <a href=\"\/fr\/le-jeu\" style=\"background:#fff;\" target=\"\">\r\n              <img class=\"colorbox-4943\"  decoding=\"async\" src=\"https:\/\/dinostorm.com\/wp-content\/plugins\/vslider\/timthumb.php?src=http%3A%2F%2Fdinostorm.com%2Fwp-content%2Fuploads%2F2012%2F10%2Ffemale_rider.jpg&amp;w=960&amp;h=389&amp;zc=1&amp;q=80\" style=\"width:960px;height:389px;\" alt=\"Le danger r\u00f4de partout\" \/>\r\n                    <span><h4>Le danger r\u00f4de partout<\/h4>Explore ce vaste monde de jeu avec tes amis<\/span>\r\n                <\/a>\r\n           <a href=\"\/fr\/le-jeu\" style=\"background:#fff;\" target=\"\">\r\n              <img class=\"colorbox-4943\"  decoding=\"async\" src=\"https:\/\/dinostorm.com\/wp-content\/plugins\/vslider\/timthumb.php?src=http%3A%2F%2Fdinostorm.com%2Fwp-content%2Fuploads%2F2012%2F10%2Fbadguy.jpg&amp;w=960&amp;h=389&amp;zc=1&amp;q=80\" style=\"width:960px;height:389px;\" alt=\"D\u00e9fends la ville contre les bandits\" \/>\r\n                    <span><h4>D\u00e9fends la ville contre les bandits<\/h4>Fais mordre la poussi\u00e8re aux bandes de brigands et gagne de l'argent liquide lors d'aventures palpitantes<\/span>\r\n                <\/a>\r\n    <\/div><\/div>\n<h1 class=\"headline-home\"><span style=\"font-size: 17px; margin-right: 10px;\">Dino Storm \u2013 Le jeu en ligne avec des cowboys, des dinosaures et des pistolets lasers.<\/span><\/h1>\n<div class=\"one_third\">\n<div class=\"Banner\">\n<div class=\"BannerInn\">\n<p class=\"BannerHead\">Caract\u00e9ristiques<\/p>\n<h2 class=\"BannerH\"><strong>Dino Storm &#8211; le premier jeu MMO avec des cowboys, des dinosaures et des pistolets lasers<\/strong><\/h2>\n<div class=\"BannerText2\">\n<ul>\n<li>Graphismes 3D de la prochaine g\u00e9n\u00e9ration dans ton navigateur<\/li>\n<li>Des centaines de qu\u00eates<\/li>\n<li>\u00c9l\u00e8ve ton propre dinosaure<\/li>\n<li>Teste-toi contre les hors-la-loi<\/li>\n<li>Syst\u00e8me innovant de renomm\u00e9e<\/li>\n<\/ul>\n<\/div>\n<\/div>\n<\/div>\n<\/div>\n<div class=\"one_third_m\">\n<p class=\"headline-home2 headline-home2-pos\">Bande-annonce<\/p>\n<div class=\"lyte-wrapper fourthree\" style=\"width:480px;max-width:100%;margin:5px;\"><div class=\"lyMe\" id=\"WYL_gQCBOCoQhM4\"><div id=\"lyte_gQCBOCoQhM4\" data-src=\"https:\/\/dinostorm.com\/wp-content\/plugins\/wp-youtube-lyte\/lyteCache.php?origThumbUrl=%2F%2Fi.ytimg.com%2Fvi%2FgQCBOCoQhM4%2Fhqdefault.jpg\" class=\"pL\"><div class=\"tC\"><div class=\"tT\"><\/div><\/div><div class=\"play\"><\/div><div class=\"ctrl\"><div class=\"Lctrl\"><\/div><div class=\"Rctrl\"><\/div><\/div><\/div><noscript><a href=\"https:\/\/youtu.be\/gQCBOCoQhM4\" rel=\"nofollow\"><img class=\"colorbox-4943\"  loading=\"lazy\" decoding=\"async\" src=\"https:\/\/dinostorm.com\/wp-content\/plugins\/wp-youtube-lyte\/lyteCache.php?origThumbUrl=https%3A%2F%2Fi.ytimg.com%2Fvi%2FgQCBOCoQhM4%2F0.jpg\" alt=\"YouTube video thumbnail\" width=\"480\" height=\"340\" \/><br \/>Lire cette vid\u00e9o sur YouTube<\/a><\/noscript><\/div><\/div><div class=\"lL\" style=\"max-width:100%;width:480px;margin:5px;\"><\/div><\/p>\n<\/div>\n<div class=\"one_third_last\">\n<div class=\"image7\"><a class=\"image-link\" href=\"http:\/\/dinostorm.com\/fr\/lexique-des-dinosaures\">Lexique des dinosaures<\/a><\/div>\n<\/div>\n<div class=\"full\"><img decoding=\"async\" class=\"hr-home colorbox-4943\" src=\"\/wp-content\/themes\/arras\/images\/dinostorm\/seperator_small.png\" alt=\"separator dino storm\"><\/div>\n<div class=\"one_third\">\n<p class=\"headline-home2 headline-home2-pos\">Captures d&rsquo;\u00e9cran<\/p>\n<div class=\"gallery\"><dl class='gallery-item'>\n\t\t\t<dt class='gallery-icon landscape'>\n\t\t\t\t<a href='https:\/\/dinostorm.com\/wp-content\/uploads\/2012\/09\/dinostorm_08.jpg'><img loading=\"lazy\" decoding=\"async\" width=\"130\" height=\"80\" src=\"https:\/\/dinostorm.com\/wp-content\/uploads\/2012\/09\/dinostorm_08-130x80.jpg\" class=\"attachment-gallery_thumbnail size-gallery_thumbnail colorbox-4943 \" alt=\"Dino Storm - Dinoville\" aria-describedby=\"gallery-1-15049\" \/><\/a>\n\t\t\t<\/dt>\n\t\t\t\t<dd class='wp-caption-text gallery-caption' id='gallery-1-15049'>\n\t\t\t\tBeautiful panorama of the western town Dinoville.\n\t\t\t\t<\/dd><\/dl><dl class='gallery-item'>\n\t\t\t<dt class='gallery-icon landscape'>\n\t\t\t\t<a href='https:\/\/dinostorm.com\/wp-content\/uploads\/2012\/09\/dinostorm_09.jpg'><img loading=\"lazy\" decoding=\"async\" width=\"130\" height=\"80\" src=\"https:\/\/dinostorm.com\/wp-content\/uploads\/2012\/09\/dinostorm_09-130x80.jpg\" class=\"attachment-gallery_thumbnail size-gallery_thumbnail colorbox-4943 \" alt=\"Dino Storm - River of Dinoville\" aria-describedby=\"gallery-1-15050\" \/><\/a>\n\t\t\t<\/dt>\n\t\t\t\t<dd class='wp-caption-text gallery-caption' id='gallery-1-15050'>\n\t\t\t\tWhat a view &#8211;  The  major river running through Dinoville.\n\t\t\t\t<\/dd><\/dl><br style=\"clear: both\" \/><dl class='gallery-item'>\n\t\t\t<dt class='gallery-icon landscape'>\n\t\t\t\t<a href='https:\/\/dinostorm.com\/wp-content\/uploads\/2012\/09\/dinostorm_11.jpg'><img loading=\"lazy\" decoding=\"async\" width=\"130\" height=\"80\" src=\"https:\/\/dinostorm.com\/wp-content\/uploads\/2012\/09\/dinostorm_11-130x80.jpg\" class=\"attachment-gallery_thumbnail size-gallery_thumbnail colorbox-4943 \" alt=\"Dino Storm - Dinosaurs in Dinoville\" aria-describedby=\"gallery-1-15051\" \/><\/a>\n\t\t\t<\/dt>\n\t\t\t\t<dd class='wp-caption-text gallery-caption' id='gallery-1-15051'>\n\t\t\t\tBack from your goldmine the saloon in Dinoville is the right place to be.\n\t\t\t\t<\/dd><\/dl><dl class='gallery-item'>\n\t\t\t<dt class='gallery-icon landscape'>\n\t\t\t\t<a href='https:\/\/dinostorm.com\/wp-content\/uploads\/2012\/09\/ds_jungle_01.jpg'><img loading=\"lazy\" decoding=\"async\" width=\"130\" height=\"80\" src=\"https:\/\/dinostorm.com\/wp-content\/uploads\/2012\/09\/ds_jungle_01-130x80.jpg\" class=\"attachment-gallery_thumbnail size-gallery_thumbnail colorbox-4943 \" alt=\"Dino Storm - Bandit in Mokon Woods\" aria-describedby=\"gallery-1-15052\" \/><\/a>\n\t\t\t<\/dt>\n\t\t\t\t<dd class='wp-caption-text gallery-caption' id='gallery-1-15052'>\n\t\t\t\tBeware of dangerous bandits in Mokon Woods are everywhere.\n\t\t\t\t<\/dd><\/dl><br style=\"clear: both\" \/><dl class='gallery-item'>\n\t\t\t<dt class='gallery-icon landscape'>\n\t\t\t\t<a href='https:\/\/dinostorm.com\/wp-content\/uploads\/2012\/09\/dinostorm_mokonwoods_01.jpg'><img loading=\"lazy\" decoding=\"async\" width=\"130\" height=\"80\" src=\"https:\/\/dinostorm.com\/wp-content\/uploads\/2012\/09\/dinostorm_mokonwoods_01-130x80.jpg\" class=\"attachment-gallery_thumbnail size-gallery_thumbnail colorbox-4943 \" alt=\"Dino Storm - Trouble in Mokon Woods\" aria-describedby=\"gallery-1-15053\" \/><\/a>\n\t\t\t<\/dt>\n\t\t\t\t<dd class='wp-caption-text gallery-caption' id='gallery-1-15053'>\n\t\t\t\tBrave Cowboys of Dinoville don\u00b4t run away &#8211; tey fight till the end.\n\t\t\t\t<\/dd><\/dl><dl class='gallery-item'>\n\t\t\t<dt class='gallery-icon landscape'>\n\t\t\t\t<a href='https:\/\/dinostorm.com\/wp-content\/uploads\/2012\/09\/dinostorm_mokonwoods_02.jpg'><img loading=\"lazy\" decoding=\"async\" width=\"130\" height=\"80\" src=\"https:\/\/dinostorm.com\/wp-content\/uploads\/2012\/09\/dinostorm_mokonwoods_02-130x80.jpg\" class=\"attachment-gallery_thumbnail size-gallery_thumbnail colorbox-4943 \" alt=\"Dino Storm - Beware dangerous creatures\" aria-describedby=\"gallery-1-15054\" \/><\/a>\n\t\t\t<\/dt>\n\t\t\t\t<dd class='wp-caption-text gallery-caption' id='gallery-1-15054'>\n\t\t\t\tBeware of dangerous creatures in Dino Storm.\n\t\t\t\t<\/dd><\/dl><br style=\"clear: both\" \/>\n\t\t<\/div>\n\n<\/div>\n<div class=\"two_thirds\">\n<p class=\"headline-home2 headline-home2-pos\">Histoire<\/p>\n<h2 class=\"Texth2\">Dino Storm &#8211; le jeu de dinosaure pour cowboys<\/h2>\n<p>D\u00e9couvre Dino Storm, notre nouveau jeu de dinosaure, le plus grand jeu d&rsquo;action sur les dinosaures de l&rsquo;Histoire. Dino Storm &#8211; notre nouveau jeu en ligne avec des cowboys, des dinosaures et des pistolets lasers. Seuls les meilleurs r\u00e9ussiront \u00e0 devenir sh\u00e9rif de la ville.<\/p>\n<h2 class=\"Texth2\">Dino Storm : Deviens le glorieux sh\u00e9rif de Dinoville<\/h2>\n<p>C&rsquo;est la ru\u00e9e vers l&rsquo;or \u00e0 Dino Storm! Tout le monde veut \u00eatre le plus grand cowboy de la ville dans ce grand jeu d&rsquo;influence et de r\u00e9putation. Seuls les meilleurs r\u00e9ussiront \u00e0 devenir le sh\u00e9rif de la ville dans Dino Storm, le jeu gratuit de dinosaure. A cheval sur ton dinosaure et arm\u00e9 d&rsquo;un pistolet laser, tu dois tester ta valeur contre les gigantesques troupeaux de dinosaures et les bandes de voleurs sans piti\u00e9. R\u00e9clame ta part du butin dans le jeu de dinosaures Dino Storm et emm\u00e8ne ton \u00e9quipe vers les sommets des clans les plus puissants. Exploite les mines d&rsquo;or g\u00e9antes, gagne la gloire, la reconnaissance et la c\u00e9l\u00e9brit\u00e9 dans notre jeu de dinosaure gratuit. Fais progresser ton propre dinosaure g\u00e9ant et am\u00e9liore ton pistolet laser dans notre grand MMO Dino Storm.<\/p>\n<h2 class=\"Texth2\">Dino Storm : Joue gratuitement d\u00e8s maintenant<\/h2>\n<p>Gagne renomm\u00e9e et respect et deviens ainsi le sh\u00e9rif dans le jeu par navigateur Dino Storm. Dino Storm est un fantastique jeu de dinosaures, multijoueurs et en 3D sur ton navigateur (MMO). Joue gratuitement d\u00e8s maintenant.<\/p>\n<div style=\"left: 5px; position: relative; top: 15px; height: 75px;\"><a id=\"playnow\" class=\"colorbox-link cboxElement\" href=\"https:\/\/api.dinostorm.com\/account.php\/start\/dinostorm?lang=fr&amp;affiliateId=0&amp;campaignId=0&amp;referrer=\"><img class=\"colorbox-4943\"  decoding=\"async\" src=\"\/wp-content\/themes\/arras\/images\/dinostorm\/playnow\/fr\/cta_playnow.gif\" alt=\"\"><\/a><\/div>\n<\/div>\n<div class=\"full\"><img decoding=\"async\" class=\"hr-home2 colorbox-4943\" src=\"\/wp-content\/themes\/arras\/images\/dinostorm\/seperator_small.png\" alt=\"separator dino storm\"><\/div>\n<div class=\"full\">\n<p class=\"headline-home2 headline-home2-ab headline-home2-ab2\">Nouvelles<\/p>\n<div class=\"home-newshr\">&nbsp;<\/div>\n<div class=\"news-home\"><a class=\"news-button\" href=\"\/fr\/nouvelles\"><span style=\"font-size: 16px;\">Archive des nouvelles<\/span><\/a><\/div>\n<\/div>\n<div class=\"full\"><img decoding=\"async\" class=\"hr-home2 colorbox-4943\" src=\"\/wp-content\/themes\/arras\/images\/dinostorm\/seperator_small.png\" alt=\"separator dino storm\"><\/div>\n<div class=\"one_fifth\">\n<h3 class=\"news home-buttons\"><a class=\"home-block\" href=\"\/fr\/le-jeu\">Introduction<\/a><\/h3>\n<div class=\"FooterTextNews\">Dino Storm est un jeu multijoueurs 3D gratuit. Tout tourne autour de dinosaures, de cowboys et de pistolets lasers.<\/div>\n<\/div>\n<div class=\"one_fifth\">\n<h3 class=\"dinos home-buttons\"><a class=\"home-block\" href=\"\/fr\/le-jeu\/lexique-des-dinosaures\">Dinos<\/a><\/h3>\n<div class=\"FooterText\">Es-tu familier avec nos dinosaures? Jette un \u0153il \u00e0 notre lexique sur les dinosaures.<\/div>\n<\/div>\n<div class=\"one_fifth\">\n<h3 class=\"weapons home-buttons\"><a class=\"home-block\" href=\"\/fr\/le-jeu\/lexique-des-armes\">Armes<\/a><\/h3>\n<div class=\"FooterText\">Tu veux en savoir plus sur les pistolets lasers de Dino Storm ? Alors jette un \u0153il \u00e0 notre lexique sur les armes.<\/div>\n<\/div>\n<div class=\"one_fifth\">\n<h3 class=\"java home-buttons\"><a class=\"home-block\" href=\"http:\/\/forum.dinostorm.com\/viewforum.php?f=107\" target=\"_blank\" rel=\"noopener noreferrer\">Java<\/a><\/h3>\n<div class=\"FooterText\">Tu ne sais pas comment obtenir Java sur ton navigateur? On t&rsquo;offre ici un guide d\u00e9taill\u00e9.<\/div>\n<\/div>\n<div class=\"one_fifth\">\n<h3 class=\"games home-buttons\"><a class=\"home-block\" href=\"http:\/\/splitscreen-games.com\/en\/games\" target=\"_blank\" rel=\"noopener noreferrer\">Plus de jeux<\/a><\/h3>\n<div class=\"FooterText\">En plus de Dino Storm, Splitscreen Games propose un certain nombre d&rsquo;autres super jeux multijoueurs en ligne.<\/div>\n<\/div>\n<div class=\"full\"><img decoding=\"async\" class=\"hr2_2 colorbox-4943\" src=\"\/wp-content\/themes\/arras\/images\/dinostorm\/seperator_big.png\" alt=\"separator dino storm\"><\/div>\n","protected":false},"excerpt":{"rendered":"<p>&nbsp; Dino Storm \u2013 Le jeu en ligne avec des cowboys, des dinosaures et des pistolets lasers. Caract\u00e9ristiques Dino Storm &#8211; le premier jeu MMO avec des cowboys, des dinosaures et des pistolets lasers Graphismes [&hellip;]<\/p>\n","protected":false},"author":26,"featured_media":15052,"parent":0,"menu_order":0,"comment_status":"closed","ping_status":"closed","template":"pagetpl-onecolumn-home-ds2.php","meta":{"footnotes":"","_links_to":"","_links_to_target":""},"class_list":["post-4943","page","type-page","status-publish","has-post-thumbnail","hentry"],"yoast_head":"<!-- This site is optimized with the Yoast SEO plugin v27.4 - https:\/\/yoast.com\/product\/yoast-seo-wordpress\/ -->\n<title>Dino Storm - Le jeu 3D en ligne avec des cowboys et des dinosaures<\/title>\n<meta name=\"description\" content=\"Dino Storm, le jeu en ligne 3D multijoueurs. Selle ton dinosaure, charge ton pistolet laser et deviens sh\u00e9rif de Dinoville. Joue gratuitement d\u00e8s maintenant\" \/>\n<meta name=\"robots\" content=\"index, follow, max-snippet:-1, max-image-preview:large, max-video-preview:-1\" \/>\n<link rel=\"canonical\" href=\"https:\/\/dinostorm.com\/fr\/\" \/>\n<meta property=\"og:locale\" content=\"fr_FR\" \/>\n<meta property=\"og:type\" content=\"article\" \/>\n<meta property=\"og:title\" content=\"Dino Storm - Le jeu 3D en ligne avec des cowboys et des dinosaures\" \/>\n<meta property=\"og:description\" content=\"Dino Storm, le jeu en ligne 3D multijoueurs. Selle ton dinosaure, charge ton pistolet laser et deviens sh\u00e9rif de Dinoville. Joue gratuitement d\u00e8s maintenant\" \/>\n<meta property=\"og:url\" content=\"https:\/\/dinostorm.com\/fr\/\" \/>\n<meta property=\"og:site_name\" content=\"DinoStorm\" \/>\n<meta property=\"article:modified_time\" content=\"2022-11-24T15:18:22+00:00\" \/>\n<meta property=\"og:image\" content=\"https:\/\/dinostorm.com\/wp-content\/uploads\/2012\/09\/dinostorm_08-130x80.jpg\" \/>\n<meta name=\"twitter:label1\" content=\"Dur\u00e9e de lecture estim\u00e9e\" \/>\n\t<meta name=\"twitter:data1\" content=\"3 minutes\" \/>\n<script type=\"application\/ld+json\" class=\"yoast-schema-graph\">{\"@context\":\"https:\\\/\\\/schema.org\",\"@graph\":[{\"@type\":\"WebPage\",\"@id\":\"https:\\\/\\\/dinostorm.com\\\/fr\\\/\",\"url\":\"https:\\\/\\\/dinostorm.com\\\/fr\\\/\",\"name\":\"Dino Storm - Le jeu 3D en ligne avec des cowboys et des dinosaures\",\"isPartOf\":{\"@id\":\"https:\\\/\\\/dinostorm.com\\\/fr\\\/#website\"},\"primaryImageOfPage\":{\"@id\":\"https:\\\/\\\/dinostorm.com\\\/fr\\\/#primaryimage\"},\"image\":{\"@id\":\"https:\\\/\\\/dinostorm.com\\\/fr\\\/#primaryimage\"},\"thumbnailUrl\":\"https:\\\/\\\/dinostorm.com\\\/wp-content\\\/uploads\\\/2012\\\/09\\\/ds_jungle_01.jpg\",\"datePublished\":\"2012-09-05T12:50:11+00:00\",\"dateModified\":\"2022-11-24T15:18:22+00:00\",\"description\":\"Dino Storm, le jeu en ligne 3D multijoueurs. Selle ton dinosaure, charge ton pistolet laser et deviens sh\u00e9rif de Dinoville. Joue gratuitement d\u00e8s maintenant\",\"breadcrumb\":{\"@id\":\"https:\\\/\\\/dinostorm.com\\\/fr\\\/#breadcrumb\"},\"inLanguage\":\"fr-FR\",\"potentialAction\":[{\"@type\":\"ReadAction\",\"target\":[\"https:\\\/\\\/dinostorm.com\\\/fr\\\/\"]}]},{\"@type\":\"ImageObject\",\"inLanguage\":\"fr-FR\",\"@id\":\"https:\\\/\\\/dinostorm.com\\\/fr\\\/#primaryimage\",\"url\":\"https:\\\/\\\/dinostorm.com\\\/wp-content\\\/uploads\\\/2012\\\/09\\\/ds_jungle_01.jpg\",\"contentUrl\":\"https:\\\/\\\/dinostorm.com\\\/wp-content\\\/uploads\\\/2012\\\/09\\\/ds_jungle_01.jpg\",\"width\":1280,\"height\":720,\"caption\":\"Beware of dangerous bandits in Mokon Woods are everywhere.\"},{\"@type\":\"BreadcrumbList\",\"@id\":\"https:\\\/\\\/dinostorm.com\\\/fr\\\/#breadcrumb\",\"itemListElement\":[{\"@type\":\"ListItem\",\"position\":1,\"name\":\"Home\",\"item\":\"https:\\\/\\\/dinostorm.com\\\/fr\\\/\"},{\"@type\":\"ListItem\",\"position\":2,\"name\":\"Accueil\"}]},{\"@type\":\"WebSite\",\"@id\":\"https:\\\/\\\/dinostorm.com\\\/fr\\\/#website\",\"url\":\"https:\\\/\\\/dinostorm.com\\\/fr\\\/\",\"name\":\"DinoStorm\",\"description\":\"\",\"potentialAction\":[{\"@type\":\"SearchAction\",\"target\":{\"@type\":\"EntryPoint\",\"urlTemplate\":\"https:\\\/\\\/dinostorm.com\\\/fr\\\/?s={search_term_string}\"},\"query-input\":{\"@type\":\"PropertyValueSpecification\",\"valueRequired\":true,\"valueName\":\"search_term_string\"}}],\"inLanguage\":\"fr-FR\"}]}<\/script>\n<!-- \/ Yoast SEO plugin. -->","yoast_head_json":{"title":"Dino Storm - Le jeu 3D en ligne avec des cowboys et des dinosaures","description":"Dino Storm, le jeu en ligne 3D multijoueurs. Selle ton dinosaure, charge ton pistolet laser et deviens sh\u00e9rif de Dinoville. Joue gratuitement d\u00e8s maintenant","robots":{"index":"index","follow":"follow","max-snippet":"max-snippet:-1","max-image-preview":"max-image-preview:large","max-video-preview":"max-video-preview:-1"},"canonical":"https:\/\/dinostorm.com\/fr\/","og_locale":"fr_FR","og_type":"article","og_title":"Dino Storm - Le jeu 3D en ligne avec des cowboys et des dinosaures","og_description":"Dino Storm, le jeu en ligne 3D multijoueurs. Selle ton dinosaure, charge ton pistolet laser et deviens sh\u00e9rif de Dinoville. Joue gratuitement d\u00e8s maintenant","og_url":"https:\/\/dinostorm.com\/fr\/","og_site_name":"DinoStorm","article_modified_time":"2022-11-24T15:18:22+00:00","og_image":[{"url":"https:\/\/dinostorm.com\/wp-content\/uploads\/2012\/09\/dinostorm_08-130x80.jpg","type":"","width":"","height":""}],"twitter_misc":{"Dur\u00e9e de lecture estim\u00e9e":"3 minutes"},"schema":{"@context":"https:\/\/schema.org","@graph":[{"@type":"WebPage","@id":"https:\/\/dinostorm.com\/fr\/","url":"https:\/\/dinostorm.com\/fr\/","name":"Dino Storm - Le jeu 3D en ligne avec des cowboys et des dinosaures","isPartOf":{"@id":"https:\/\/dinostorm.com\/fr\/#website"},"primaryImageOfPage":{"@id":"https:\/\/dinostorm.com\/fr\/#primaryimage"},"image":{"@id":"https:\/\/dinostorm.com\/fr\/#primaryimage"},"thumbnailUrl":"https:\/\/dinostorm.com\/wp-content\/uploads\/2012\/09\/ds_jungle_01.jpg","datePublished":"2012-09-05T12:50:11+00:00","dateModified":"2022-11-24T15:18:22+00:00","description":"Dino Storm, le jeu en ligne 3D multijoueurs. Selle ton dinosaure, charge ton pistolet laser et deviens sh\u00e9rif de Dinoville. Joue gratuitement d\u00e8s maintenant","breadcrumb":{"@id":"https:\/\/dinostorm.com\/fr\/#breadcrumb"},"inLanguage":"fr-FR","potentialAction":[{"@type":"ReadAction","target":["https:\/\/dinostorm.com\/fr\/"]}]},{"@type":"ImageObject","inLanguage":"fr-FR","@id":"https:\/\/dinostorm.com\/fr\/#primaryimage","url":"https:\/\/dinostorm.com\/wp-content\/uploads\/2012\/09\/ds_jungle_01.jpg","contentUrl":"https:\/\/dinostorm.com\/wp-content\/uploads\/2012\/09\/ds_jungle_01.jpg","width":1280,"height":720,"caption":"Beware of dangerous bandits in Mokon Woods are everywhere."},{"@type":"BreadcrumbList","@id":"https:\/\/dinostorm.com\/fr\/#breadcrumb","itemListElement":[{"@type":"ListItem","position":1,"name":"Home","item":"https:\/\/dinostorm.com\/fr\/"},{"@type":"ListItem","position":2,"name":"Accueil"}]},{"@type":"WebSite","@id":"https:\/\/dinostorm.com\/fr\/#website","url":"https:\/\/dinostorm.com\/fr\/","name":"DinoStorm","description":"","potentialAction":[{"@type":"SearchAction","target":{"@type":"EntryPoint","urlTemplate":"https:\/\/dinostorm.com\/fr\/?s={search_term_string}"},"query-input":{"@type":"PropertyValueSpecification","valueRequired":true,"valueName":"search_term_string"}}],"inLanguage":"fr-FR"}]}},"_links":{"self":[{"href":"https:\/\/dinostorm.com\/fr\/wp-json\/wp\/v2\/pages\/4943","targetHints":{"allow":["GET"]}}],"collection":[{"href":"https:\/\/dinostorm.com\/fr\/wp-json\/wp\/v2\/pages"}],"about":[{"href":"https:\/\/dinostorm.com\/fr\/wp-json\/wp\/v2\/types\/page"}],"author":[{"embeddable":true,"href":"https:\/\/dinostorm.com\/fr\/wp-json\/wp\/v2\/users\/26"}],"replies":[{"embeddable":true,"href":"https:\/\/dinostorm.com\/fr\/wp-json\/wp\/v2\/comments?post=4943"}],"version-history":[{"count":3,"href":"https:\/\/dinostorm.com\/fr\/wp-json\/wp\/v2\/pages\/4943\/revisions"}],"predecessor-version":[{"id":362179,"href":"https:\/\/dinostorm.com\/fr\/wp-json\/wp\/v2\/pages\/4943\/revisions\/362179"}],"wp:featuredmedia":[{"embeddable":true,"href":"https:\/\/dinostorm.com\/fr\/wp-json\/wp\/v2\/media\/15052"}],"wp:attachment":[{"href":"https:\/\/dinostorm.com\/fr\/wp-json\/wp\/v2\/media?parent=4943"}],"curies":[{"name":"wp","href":"https:\/\/api.w.org\/{rel}","templated":true}]}}