{"id":4941,"date":"2012-10-18T09:05:45","date_gmt":"2012-10-18T07:05:45","guid":{"rendered":"http:\/\/dinostorm.com\/?page_id=4941"},"modified":"2018-02-01T15:08:00","modified_gmt":"2018-02-01T13:08:00","slug":"le-jeu","status":"publish","type":"page","link":"https:\/\/dinostorm.com\/fr\/le-jeu\/","title":{"rendered":"Le jeu"},"content":{"rendered":"<div class=\"teaser\"><\/div>\n<h1 class=\"headline_page width_500\"><span>Introduction &#x00e0; Dino Storm<\/span><\/h1>\n<p class=\"back-button back-pos500\"><a class=\"back-block\" href=\"http:\/\/dinostorm.com\/fr\/\">Retour<\/a><\/p>\n<div class=\"one_half\">\n<p><img class=\"colorbox-4941\"  decoding=\"async\" src=\"\/wp-content\/themes\/arras\/images\/dinostorm\/Dino-Storm-Comic-1.png\" alt=\"The 3D multiplayer game DINO STORM\"><\/p>\n<h2>Le jeu multijoueur 3D avec des cowboys, des dinosaures et des pistolets lasers<\/h2>\n<p>Dino Storm est un jeu multijoueurs 3D gratuit. Tout tourne autour de dinosaures, de cowboys et de pistolets lasers. Jette un &#x0153;il &#x00e0; notre lexique des dinosaures, &#x00e0; nos modules techniques sur les armes &#x00e0; feu ou visite notre page FAQ pour trouver de pr&#x00e9;cieux conseils et des astuces importantes. Tu trouveras toutes les r&#x00e9;ponses &#x00e0; tes questions sur Dino Storm ci-dessous. Amuse-toi bien.<\/p>\n<\/div>\n<div class=\"one_half_last\">\n<p class=\"padding_left30\">\n<object width=\"400\" height=\"255\"><param name=\"movie\" value=\"http:\/\/www.youtube.com\/v\/li7edRhcBWQ&#038;hl=en&#038;fs=1&#038;showinfo=0\"><\/param><param name=\"allowFullScreen\" value=\"true\"><\/param><param name=\"allowscriptaccess\" value=\"always\"><\/param><embed src=\"http:\/\/www.youtube.com\/v\/li7edRhcBWQ&#038;hl=en&#038;fs=1&#038;showinfo=0\" type=\"application\/x-shockwave-flash\" allowscriptaccess=\"always\" allowfullscreen=\"true\" width=\"400\" height=\"255\"><\/embed><\/object>\n<\/p>\n<\/div>\n<div class=\"full\">\n<img decoding=\"async\" class=\"hr3 margin35 colorbox-4941\" src=\"\/wp-content\/themes\/arras\/images\/dinostorm\/seperator_small.png\" alt=\"separator dino storm\"><br \/>\n<a name=\"overview\"><\/a>\n<\/div>\n<div class=\"games_auswahl\">\n<a class=\"button1\" href=\"http:\/\/dinostorm.com\/fr\/le-jeu\/guide-du-jeu\/\"><span>Guide du jeu Dino Storm<\/span><\/a> <a class=\"button4\" href=\"http:\/\/dinostorm.com\/fr\/le-jeu\/lexique-des-dinosaures\/\"><span>Lexique des dinosaures<\/span><\/a> <a class=\"button3\" href=\"http:\/\/dinostorm.com\/fr\/le-jeu\/implants-de-dinosaure\/\"><span>Implants de dinosaure<\/span><\/a><a class=\"button2\" href=\"\/fr\/le-jeu\/faq\"><span>FAQ<\/span><\/a><a class=\"button5\" href=\"http:\/\/dinostorm.com\/fr\/le-jeu\/lexique-des-armes\/\"><span>Lexique des armes<\/span><\/a><a class=\"button6\" href=\"http:\/\/dinostorm.com\/fr\/le-jeu\/modules-de-technologie-des-armes\/\"><span>Modules des armes<\/span><\/a>\n<\/div>\n<div class=full>\n<img decoding=\"async\" class=\"hr3 margin35 colorbox-4941\" src=\"\/wp-content\/themes\/arras\/images\/dinostorm\/seperator_big.png\" alt=\"separator dino storm\" \/>\n<\/div>\n","protected":false},"excerpt":{"rendered":"<p>Introduction &#x00e0; Dino Storm Retour Le jeu multijoueur 3D avec des cowboys, des dinosaures et des pistolets lasers Dino Storm est un jeu multijoueurs 3D gratuit. Tout tourne autour de dinosaures, de cowboys et de [&hellip;]<\/p>\n","protected":false},"author":26,"featured_media":-1,"parent":0,"menu_order":0,"comment_status":"closed","ping_status":"closed","template":"pagetpl-onecolumn.php","meta":{"footnotes":"","_links_to":"","_links_to_target":""},"class_list":["post-4941","page","type-page","status-publish","has-post-thumbnail","hentry"],"yoast_head":"<!-- This site is optimized with the Yoast SEO plugin v27.4 - https:\/\/yoast.com\/product\/yoast-seo-wordpress\/ -->\n<title>Dino Storm - aper\u00e7u g\u00e9n\u00e9ral de notre jeu en ligne gratuit<\/title>\n<meta name=\"description\" content=\"Tout tourne autour de dinosaures, de cowboys et de pistolets lasers. Jette un \u0153il \u00e0 notre lexique des dinosaures, \u00e0 nos modules de technologie ...\" \/>\n<meta name=\"robots\" content=\"index, follow, max-snippet:-1, max-image-preview:large, max-video-preview:-1\" \/>\n<link rel=\"canonical\" href=\"https:\/\/dinostorm.com\/fr\/le-jeu\/\" \/>\n<meta property=\"og:locale\" content=\"fr_FR\" \/>\n<meta property=\"og:type\" content=\"article\" \/>\n<meta property=\"og:title\" content=\"Dino Storm - aper\u00e7u g\u00e9n\u00e9ral de notre jeu en ligne gratuit\" \/>\n<meta property=\"og:description\" content=\"Tout tourne autour de dinosaures, de cowboys et de pistolets lasers. Jette un \u0153il \u00e0 notre lexique des dinosaures, \u00e0 nos modules de technologie ...\" \/>\n<meta property=\"og:url\" content=\"https:\/\/dinostorm.com\/fr\/le-jeu\/\" \/>\n<meta property=\"og:site_name\" content=\"DinoStorm\" \/>\n<meta property=\"article:modified_time\" content=\"2018-02-01T13:08:00+00:00\" \/>\n<meta name=\"twitter:label1\" content=\"Dur\u00e9e de lecture estim\u00e9e\" \/>\n\t<meta name=\"twitter:data1\" content=\"1 minute\" \/>\n<script type=\"application\/ld+json\" class=\"yoast-schema-graph\">{\"@context\":\"https:\\\/\\\/schema.org\",\"@graph\":[{\"@type\":\"WebPage\",\"@id\":\"https:\\\/\\\/dinostorm.com\\\/fr\\\/le-jeu\\\/\",\"url\":\"https:\\\/\\\/dinostorm.com\\\/fr\\\/le-jeu\\\/\",\"name\":\"Dino Storm - aper\u00e7u g\u00e9n\u00e9ral de notre jeu en ligne gratuit\",\"isPartOf\":{\"@id\":\"https:\\\/\\\/dinostorm.com\\\/fr\\\/#website\"},\"datePublished\":\"2012-10-18T07:05:45+00:00\",\"dateModified\":\"2018-02-01T13:08:00+00:00\",\"description\":\"Tout tourne autour de dinosaures, de cowboys et de pistolets lasers. Jette un \u0153il \u00e0 notre lexique des dinosaures, \u00e0 nos modules de technologie ...\",\"breadcrumb\":{\"@id\":\"https:\\\/\\\/dinostorm.com\\\/fr\\\/le-jeu\\\/#breadcrumb\"},\"inLanguage\":\"fr-FR\",\"potentialAction\":[{\"@type\":\"ReadAction\",\"target\":[\"https:\\\/\\\/dinostorm.com\\\/fr\\\/le-jeu\\\/\"]}]},{\"@type\":\"BreadcrumbList\",\"@id\":\"https:\\\/\\\/dinostorm.com\\\/fr\\\/le-jeu\\\/#breadcrumb\",\"itemListElement\":[{\"@type\":\"ListItem\",\"position\":1,\"name\":\"Home\",\"item\":\"https:\\\/\\\/dinostorm.com\\\/fr\\\/\"},{\"@type\":\"ListItem\",\"position\":2,\"name\":\"Le jeu\"}]},{\"@type\":\"WebSite\",\"@id\":\"https:\\\/\\\/dinostorm.com\\\/fr\\\/#website\",\"url\":\"https:\\\/\\\/dinostorm.com\\\/fr\\\/\",\"name\":\"DinoStorm\",\"description\":\"\",\"potentialAction\":[{\"@type\":\"SearchAction\",\"target\":{\"@type\":\"EntryPoint\",\"urlTemplate\":\"https:\\\/\\\/dinostorm.com\\\/fr\\\/?s={search_term_string}\"},\"query-input\":{\"@type\":\"PropertyValueSpecification\",\"valueRequired\":true,\"valueName\":\"search_term_string\"}}],\"inLanguage\":\"fr-FR\"}]}<\/script>\n<!-- \/ Yoast SEO plugin. -->","yoast_head_json":{"title":"Dino Storm - aper\u00e7u g\u00e9n\u00e9ral de notre jeu en ligne gratuit","description":"Tout tourne autour de dinosaures, de cowboys et de pistolets lasers. Jette un \u0153il \u00e0 notre lexique des dinosaures, \u00e0 nos modules de technologie ...","robots":{"index":"index","follow":"follow","max-snippet":"max-snippet:-1","max-image-preview":"max-image-preview:large","max-video-preview":"max-video-preview:-1"},"canonical":"https:\/\/dinostorm.com\/fr\/le-jeu\/","og_locale":"fr_FR","og_type":"article","og_title":"Dino Storm - aper\u00e7u g\u00e9n\u00e9ral de notre jeu en ligne gratuit","og_description":"Tout tourne autour de dinosaures, de cowboys et de pistolets lasers. Jette un \u0153il \u00e0 notre lexique des dinosaures, \u00e0 nos modules de technologie ...","og_url":"https:\/\/dinostorm.com\/fr\/le-jeu\/","og_site_name":"DinoStorm","article_modified_time":"2018-02-01T13:08:00+00:00","twitter_misc":{"Dur\u00e9e de lecture estim\u00e9e":"1 minute"},"schema":{"@context":"https:\/\/schema.org","@graph":[{"@type":"WebPage","@id":"https:\/\/dinostorm.com\/fr\/le-jeu\/","url":"https:\/\/dinostorm.com\/fr\/le-jeu\/","name":"Dino Storm - aper\u00e7u g\u00e9n\u00e9ral de notre jeu en ligne gratuit","isPartOf":{"@id":"https:\/\/dinostorm.com\/fr\/#website"},"datePublished":"2012-10-18T07:05:45+00:00","dateModified":"2018-02-01T13:08:00+00:00","description":"Tout tourne autour de dinosaures, de cowboys et de pistolets lasers. Jette un \u0153il \u00e0 notre lexique des dinosaures, \u00e0 nos modules de technologie ...","breadcrumb":{"@id":"https:\/\/dinostorm.com\/fr\/le-jeu\/#breadcrumb"},"inLanguage":"fr-FR","potentialAction":[{"@type":"ReadAction","target":["https:\/\/dinostorm.com\/fr\/le-jeu\/"]}]},{"@type":"BreadcrumbList","@id":"https:\/\/dinostorm.com\/fr\/le-jeu\/#breadcrumb","itemListElement":[{"@type":"ListItem","position":1,"name":"Home","item":"https:\/\/dinostorm.com\/fr\/"},{"@type":"ListItem","position":2,"name":"Le jeu"}]},{"@type":"WebSite","@id":"https:\/\/dinostorm.com\/fr\/#website","url":"https:\/\/dinostorm.com\/fr\/","name":"DinoStorm","description":"","potentialAction":[{"@type":"SearchAction","target":{"@type":"EntryPoint","urlTemplate":"https:\/\/dinostorm.com\/fr\/?s={search_term_string}"},"query-input":{"@type":"PropertyValueSpecification","valueRequired":true,"valueName":"search_term_string"}}],"inLanguage":"fr-FR"}]}},"_links":{"self":[{"href":"https:\/\/dinostorm.com\/fr\/wp-json\/wp\/v2\/pages\/4941","targetHints":{"allow":["GET"]}}],"collection":[{"href":"https:\/\/dinostorm.com\/fr\/wp-json\/wp\/v2\/pages"}],"about":[{"href":"https:\/\/dinostorm.com\/fr\/wp-json\/wp\/v2\/types\/page"}],"author":[{"embeddable":true,"href":"https:\/\/dinostorm.com\/fr\/wp-json\/wp\/v2\/users\/26"}],"replies":[{"embeddable":true,"href":"https:\/\/dinostorm.com\/fr\/wp-json\/wp\/v2\/comments?post=4941"}],"version-history":[{"count":0,"href":"https:\/\/dinostorm.com\/fr\/wp-json\/wp\/v2\/pages\/4941\/revisions"}],"wp:featuredmedia":[{"embeddable":true,"href":"https:\/\/dinostorm.com\/fr\/wp-json\/"}],"wp:attachment":[{"href":"https:\/\/dinostorm.com\/fr\/wp-json\/wp\/v2\/media?parent=4941"}],"curies":[{"name":"wp","href":"https:\/\/api.w.org\/{rel}","templated":true}]}}