{"id":4937,"date":"2012-02-29T15:16:35","date_gmt":"2012-02-29T13:16:35","guid":{"rendered":"http:\/\/dinostorm.com\/?page_id=4937"},"modified":"2018-02-01T13:49:10","modified_gmt":"2018-02-01T11:49:10","slug":"outil-de-diagnostic","status":"publish","type":"page","link":"https:\/\/dinostorm.com\/fr\/outil-de-diagnostic\/","title":{"rendered":"Outil de diagnostic"},"content":{"rendered":"<div class=\"teaser\"><\/div>\n<h1 class=\"headline_page width_350\"><span>Outil de diagnostic<\/span><\/h1>\n<p class=\"back-button back-pos350\"><a class=\"back-block\" href=\"http:\/\/dinostorm.com\/fr\/\">Retour<\/a><\/p>\n<p><iframe src=\"http:\/\/medic.splitscreenstudios.com\/\" style=\"position: relative; left:173px\"width='615px' height='600px' frameborder=0 scrolling='no'><\/iframe><\/p>\n<div class=full>\n<img decoding=\"async\" class=\"hr3 colorbox-4937\" src=\"\/wp-content\/themes\/arras\/images\/dinostorm\/seperator_big.png\" alt=\"separator dino storm\" \/>\n<\/div>\n","protected":false},"excerpt":{"rendered":"<p>Outil de diagnostic Retour<\/p>\n","protected":false},"author":26,"featured_media":-1,"parent":0,"menu_order":0,"comment_status":"closed","ping_status":"closed","template":"pagetpl-onecolumn.php","meta":{"footnotes":"","_links_to":"","_links_to_target":""},"class_list":["post-4937","page","type-page","status-publish","has-post-thumbnail","hentry"],"yoast_head":"<!-- This site is optimized with the Yoast SEO plugin v27.3 - https:\/\/yoast.com\/product\/yoast-seo-wordpress\/ -->\n<title>Outil de diagnostic - DinoStorm<\/title>\n<meta name=\"description\" content=\"Consulte notre outil de diagnostic si quelque chose se passe mal. Quand tu as \u00e9t\u00e9 vir\u00e9 du jeu par exemple.\" \/>\n<meta name=\"robots\" content=\"index, follow, max-snippet:-1, max-image-preview:large, max-video-preview:-1\" \/>\n<link rel=\"canonical\" href=\"https:\/\/dinostorm.com\/fr\/outil-de-diagnostic\/\" \/>\n<meta property=\"og:locale\" content=\"fr_FR\" \/>\n<meta property=\"og:type\" content=\"article\" \/>\n<meta property=\"og:title\" content=\"Outil de diagnostic - DinoStorm\" \/>\n<meta property=\"og:description\" content=\"Consulte notre outil de diagnostic si quelque chose se passe mal. Quand tu as \u00e9t\u00e9 vir\u00e9 du jeu par exemple.\" \/>\n<meta property=\"og:url\" content=\"https:\/\/dinostorm.com\/fr\/outil-de-diagnostic\/\" \/>\n<meta property=\"og:site_name\" content=\"DinoStorm\" \/>\n<meta property=\"article:modified_time\" content=\"2018-02-01T11:49:10+00:00\" \/>\n<script type=\"application\/ld+json\" class=\"yoast-schema-graph\">{\"@context\":\"https:\\\/\\\/schema.org\",\"@graph\":[{\"@type\":\"WebPage\",\"@id\":\"https:\\\/\\\/dinostorm.com\\\/fr\\\/outil-de-diagnostic\\\/\",\"url\":\"https:\\\/\\\/dinostorm.com\\\/fr\\\/outil-de-diagnostic\\\/\",\"name\":\"Outil de diagnostic - DinoStorm\",\"isPartOf\":{\"@id\":\"https:\\\/\\\/dinostorm.com\\\/fr\\\/#website\"},\"datePublished\":\"2012-02-29T13:16:35+00:00\",\"dateModified\":\"2018-02-01T11:49:10+00:00\",\"description\":\"Consulte notre outil de diagnostic si quelque chose se passe mal. Quand tu as \u00e9t\u00e9 vir\u00e9 du jeu par exemple.\",\"breadcrumb\":{\"@id\":\"https:\\\/\\\/dinostorm.com\\\/fr\\\/outil-de-diagnostic\\\/#breadcrumb\"},\"inLanguage\":\"fr-FR\",\"potentialAction\":[{\"@type\":\"ReadAction\",\"target\":[\"https:\\\/\\\/dinostorm.com\\\/fr\\\/outil-de-diagnostic\\\/\"]}]},{\"@type\":\"BreadcrumbList\",\"@id\":\"https:\\\/\\\/dinostorm.com\\\/fr\\\/outil-de-diagnostic\\\/#breadcrumb\",\"itemListElement\":[{\"@type\":\"ListItem\",\"position\":1,\"name\":\"Home\",\"item\":\"https:\\\/\\\/dinostorm.com\\\/fr\\\/\"},{\"@type\":\"ListItem\",\"position\":2,\"name\":\"Outil de diagnostic\"}]},{\"@type\":\"WebSite\",\"@id\":\"https:\\\/\\\/dinostorm.com\\\/fr\\\/#website\",\"url\":\"https:\\\/\\\/dinostorm.com\\\/fr\\\/\",\"name\":\"DinoStorm\",\"description\":\"\",\"potentialAction\":[{\"@type\":\"SearchAction\",\"target\":{\"@type\":\"EntryPoint\",\"urlTemplate\":\"https:\\\/\\\/dinostorm.com\\\/fr\\\/?s={search_term_string}\"},\"query-input\":{\"@type\":\"PropertyValueSpecification\",\"valueRequired\":true,\"valueName\":\"search_term_string\"}}],\"inLanguage\":\"fr-FR\"}]}<\/script>\n<!-- \/ Yoast SEO plugin. -->","yoast_head_json":{"title":"Outil de diagnostic - DinoStorm","description":"Consulte notre outil de diagnostic si quelque chose se passe mal. Quand tu as \u00e9t\u00e9 vir\u00e9 du jeu par exemple.","robots":{"index":"index","follow":"follow","max-snippet":"max-snippet:-1","max-image-preview":"max-image-preview:large","max-video-preview":"max-video-preview:-1"},"canonical":"https:\/\/dinostorm.com\/fr\/outil-de-diagnostic\/","og_locale":"fr_FR","og_type":"article","og_title":"Outil de diagnostic - DinoStorm","og_description":"Consulte notre outil de diagnostic si quelque chose se passe mal. Quand tu as \u00e9t\u00e9 vir\u00e9 du jeu par exemple.","og_url":"https:\/\/dinostorm.com\/fr\/outil-de-diagnostic\/","og_site_name":"DinoStorm","article_modified_time":"2018-02-01T11:49:10+00:00","schema":{"@context":"https:\/\/schema.org","@graph":[{"@type":"WebPage","@id":"https:\/\/dinostorm.com\/fr\/outil-de-diagnostic\/","url":"https:\/\/dinostorm.com\/fr\/outil-de-diagnostic\/","name":"Outil de diagnostic - DinoStorm","isPartOf":{"@id":"https:\/\/dinostorm.com\/fr\/#website"},"datePublished":"2012-02-29T13:16:35+00:00","dateModified":"2018-02-01T11:49:10+00:00","description":"Consulte notre outil de diagnostic si quelque chose se passe mal. Quand tu as \u00e9t\u00e9 vir\u00e9 du jeu par exemple.","breadcrumb":{"@id":"https:\/\/dinostorm.com\/fr\/outil-de-diagnostic\/#breadcrumb"},"inLanguage":"fr-FR","potentialAction":[{"@type":"ReadAction","target":["https:\/\/dinostorm.com\/fr\/outil-de-diagnostic\/"]}]},{"@type":"BreadcrumbList","@id":"https:\/\/dinostorm.com\/fr\/outil-de-diagnostic\/#breadcrumb","itemListElement":[{"@type":"ListItem","position":1,"name":"Home","item":"https:\/\/dinostorm.com\/fr\/"},{"@type":"ListItem","position":2,"name":"Outil de diagnostic"}]},{"@type":"WebSite","@id":"https:\/\/dinostorm.com\/fr\/#website","url":"https:\/\/dinostorm.com\/fr\/","name":"DinoStorm","description":"","potentialAction":[{"@type":"SearchAction","target":{"@type":"EntryPoint","urlTemplate":"https:\/\/dinostorm.com\/fr\/?s={search_term_string}"},"query-input":{"@type":"PropertyValueSpecification","valueRequired":true,"valueName":"search_term_string"}}],"inLanguage":"fr-FR"}]}},"_links":{"self":[{"href":"https:\/\/dinostorm.com\/fr\/wp-json\/wp\/v2\/pages\/4937","targetHints":{"allow":["GET"]}}],"collection":[{"href":"https:\/\/dinostorm.com\/fr\/wp-json\/wp\/v2\/pages"}],"about":[{"href":"https:\/\/dinostorm.com\/fr\/wp-json\/wp\/v2\/types\/page"}],"author":[{"embeddable":true,"href":"https:\/\/dinostorm.com\/fr\/wp-json\/wp\/v2\/users\/26"}],"replies":[{"embeddable":true,"href":"https:\/\/dinostorm.com\/fr\/wp-json\/wp\/v2\/comments?post=4937"}],"version-history":[{"count":0,"href":"https:\/\/dinostorm.com\/fr\/wp-json\/wp\/v2\/pages\/4937\/revisions"}],"wp:featuredmedia":[{"embeddable":true,"href":"https:\/\/dinostorm.com\/fr\/wp-json\/"}],"wp:attachment":[{"href":"https:\/\/dinostorm.com\/fr\/wp-json\/wp\/v2\/media?parent=4937"}],"curies":[{"name":"wp","href":"https:\/\/api.w.org\/{rel}","templated":true}]}}