{"id":8761,"date":"2013-08-21T14:00:33","date_gmt":"2013-08-21T12:00:33","guid":{"rendered":"http:\/\/dinostorm.com\/juego\/profile"},"modified":"2018-02-01T14:44:43","modified_gmt":"2018-02-01T12:44:43","slug":"perfil","status":"publish","type":"page","link":"https:\/\/dinostorm.com\/es\/juego\/perfil\/","title":{"rendered":"Perfil"},"content":{"rendered":"<div class=\"teaser\"><\/div>\n<h1 class=\"headline_page width_350\"><span>Ventana de Perfil<\/span><\/h1>\n<p class=\"back-button back-pos350\"><a class=\"back-block\" href=\"http:\/\/dinostorm.com\/es\/juego\/\">Atr\u00e1s<\/a>><\/p>\n<div class=\"full\" style=\"margin-bottom: -64px;\">\n<p><img loading=\"lazy\" decoding=\"async\" class=\"wrapper_image_impl colorbox-8761\" alt=\"Fame: Dino Storm\" src=\"http:\/\/dinostorm.com\/wp-content\/uploads\/2014\/05\/fame-dude.png\" width=\"225\" height=\"140\" \/><\/p>\n<div class=\"wrapper_impl\">\n<p class=\"text-impl\">Todo se est\u00e1 junto en el Potente Perfil.<br \/>\nTodo tu equipamiento, en cualquier momento.<\/p>\n<\/div>\n<\/div>\n<h2 style=\"clear: both; font-size: 27px; padding-top: 20px; margin-left: 39px;\">Perfil de Ranger<\/h2>\n<div style=\"margin-left: 46px; float: left; width: 231px; text-align: left;\">\n<div style=\"padding-top: 14px; color: #e18003; font-size: 18px; text-indent: -7px; float: left;\">\u2780<\/div>\n<h3 style=\"padding-left: 17px; color: #888888; line-height: 19px; font-size: 16px;\">Elije entre docenas de objetos de prendas de moda para mejorar el aspecto de tu ranger y hacerlo m\u00e1s famoso.<\/h3>\n<div style=\"padding-top: -3px; color: #e18003; font-size: 18px; text-indent: -7px; float: left;\">\u2781<\/div>\n<h3 style=\"padding-top: 2px; padding-left: 17px; color: #808080; line-height: 19px; font-size: 16px;\">Usa los accesos directos r\u00e1pidos para ver tu dinosaurio y arma actuales.<\/h3>\n<div style=\"padding-top: -3px; color: #e18003; font-size: 18px; text-indent: -7px; float: left;\">\u2782<\/div>\n<h3 style=\"padding-top: 2px; padding-left: 17px; color: #737373; line-height: 19px; font-size: 16px;\">Vista de los detalles de tu ranger tales como el nivel actual, acumulaci\u00f3n de fama, t\u00edtulo y pertenencia a alg\u00fan clan.<\/h3>\n<div style=\"padding-top: -3px; color: #e18003; font-size: 18px; text-indent: -7px; float: left;\">\u2783<\/div>\n<h3 style=\"padding-top: 2px; padding-left: 17px; color: #737373; line-height: 19px; font-size: 16px;\">Examina tu ranger en la vista 3D incorporada.<\/h3>\n<\/div>\n<p><img loading=\"lazy\" decoding=\"async\" class=\"alignright size-full wp-image-8734 colorbox-8761\" style=\"margin-top: -77px; margin-right: 46px;\" alt=\"Dino Storm \u2013 Perfil de Ranger\" src=\"http:\/\/dinostorm.com\/wp-content\/uploads\/2014\/05\/dino.storm_.ranger.profile.png\" width=\"612\" height=\"430\" srcset=\"https:\/\/dinostorm.com\/wp-content\/uploads\/2014\/05\/dino.storm_.ranger.profile.png 612w, https:\/\/dinostorm.com\/wp-content\/uploads\/2014\/05\/dino.storm_.ranger.profile-300x211.png 300w\" sizes=\"auto, (max-width: 612px) 100vw, 612px\" \/><\/p>\n<h2 style=\"clear: both; font-size: 25px; padding-top: 20px; margin-right: 46px; text-align: right;\">Perfiles de Arma y Dinosaurio<\/h2>\n<p><img loading=\"lazy\" decoding=\"async\" class=\"alignleft size-full wp-image-8733 colorbox-8761\" style=\"margin-top: -37px; margin-left: 46px;\" alt=\"Dino Storm \u2013 Perfiles de Arma y Dinosaurio\" src=\"http:\/\/dinostorm.com\/wp-content\/uploads\/2014\/05\/dino.storm_.dino_.profile.jpg\" width=\"612\" height=\"440\" srcset=\"https:\/\/dinostorm.com\/wp-content\/uploads\/2014\/05\/dino.storm_.dino_.profile.jpg 612w, https:\/\/dinostorm.com\/wp-content\/uploads\/2014\/05\/dino.storm_.dino_.profile-300x216.jpg 300w\" sizes=\"auto, (max-width: 612px) 100vw, 612px\" \/><\/p>\n<div style=\"margin-right: 46px; float: right; width: 231px; text-align: left;\">\n<div style=\"padding-top: 14px; color: #e18003; font-size: 18px; text-indent: -7px; float: left;\">\u2780<\/div>\n<h3 style=\"padding-left: 17px; color: #737373; line-height: 19px; font-size: 16px;\">Alterna entre todos tus dinos, armas y complementos con facilidad.<\/h3>\n<div style=\"padding-top: -3px; color: #e18003; font-size: 18px; text-indent: -7px; float: left;\">\u2781<\/div>\n<h3 style=\"padding-top: 2px; padding-left: 17px; color: #737373; line-height: 19px; font-size: 16px;\">Gestiona y compara todo tu equipamiento, incluso con objetos que todav\u00eda no hayas desbloqueado.<\/h3>\n<div style=\"padding-top: -3px; color: #e18003; font-size: 18px; text-indent: -7px; float: left;\">\u2782<\/div>\n<h3 style=\"padding-top: 2px; padding-left: 17px; color: #737373; line-height: 19px; font-size: 16px;\">Inspecciona las habilidades de combate de tus dinosaurios y armas.<\/h3>\n<div style=\"padding-top: -3px; color: #e18003; font-size: 18px; text-indent: -7px; float: left;\">\u2783<\/div>\n<h3 style=\"padding-top: 2px; padding-left: 17px; color: #737373; line-height: 19px; font-size: 16px;\">Mejora tus dinosaurios y armas con poderosos complementos.<\/h3>\n<div style=\"padding-top: -3px; color: #e18003; font-size: 18px; text-indent: -7px; float: left;\">\u2784<\/div>\n<h3 style=\"padding-top: 2px; padding-left: 17px; color: #737373; line-height: 19px; font-size: 16px;\">Organiza todas las mejoras de tu equipamiento en un mismo sitio \u2014 s\u00edmplemente cambia a la vista de mejora.<\/h3>\n<\/div>\n<h2 style=\"clear: both; font-size: 27px; padding-top: 20px; margin-left: 39px;\">Vista de Mejoras<\/h2>\n<div style=\"margin-left: 46px; float: left; width: 231px; text-align: left;\">\n<div style=\"padding-top: 14px; color: #e18003; font-size: 18px; text-indent: -7px; float: left;\">\u2780<\/div>\n<h3 style=\"padding-left: 17px; color: #737373; line-height: 19px; font-size: 16px;\">Revisa la lista de ingredientes para la mejora actual. Presiona el bot\u00f3n + al lado de cada objeto para recibir indicaciones de c\u00f3mo encontrarlos.<\/h3>\n<div style=\"padding-top: -3px; color: #e18003; font-size: 18px; text-indent: -7px; float: left;\">\u2781<\/div>\n<h3 style=\"padding-top: 2px; padding-left: 17px; color: #737373; line-height: 19px; font-size: 16px;\">Observa los valores mejorados de cada atributo que proporciona la mejora actual.<\/h3>\n<div style=\"padding-top: -3px; color: #e18003; font-size: 18px; text-indent: -7px; float: left;\">\u2782<\/div>\n<h3 style=\"padding-top: 2px; padding-left: 17px; color: #737373; line-height: 19px; font-size: 16px;\">Iniciar el proceso de mejora incluso cuando todav\u00eda necesitas ingredientes; los objetos necesarios pueden ser comprados sobre la marcha.<\/h3>\n<\/div>\n<p><img loading=\"lazy\" decoding=\"async\" class=\"alignright size-full wp-image-8735 colorbox-8761\" style=\"margin-top: -57px; margin-right: 46px;\" alt=\"Dino Storm \u2013 Vista de Mejoras\" src=\"http:\/\/dinostorm.com\/wp-content\/uploads\/2014\/05\/dino.storm_.upgrade.window.jpg\" width=\"612\" height=\"440\" srcset=\"https:\/\/dinostorm.com\/wp-content\/uploads\/2014\/05\/dino.storm_.upgrade.window.jpg 612w, https:\/\/dinostorm.com\/wp-content\/uploads\/2014\/05\/dino.storm_.upgrade.window-300x216.jpg 300w\" sizes=\"auto, (max-width: 612px) 100vw, 612px\" \/><\/p>\n<div class=\"full\"><img decoding=\"async\" class=\"hr3 colorbox-8761\" alt=\"separator dino storm\" src=\"\/wp-content\/themes\/arras\/images\/dinostorm\/seperator_big.png\" \/><\/div>\n","protected":false},"excerpt":{"rendered":"<p>Ventana de Perfil Atr\u00e1s> Todo se est\u00e1 junto en el Potente Perfil. Todo tu equipamiento, en cualquier momento. Perfil de Ranger \u2780 Elije entre docenas de objetos de prendas de moda para mejorar el aspecto [&hellip;]<\/p>\n","protected":false},"author":10,"featured_media":-1,"parent":4842,"menu_order":0,"comment_status":"closed","ping_status":"closed","template":"pagetpl-onecolumn.php","meta":{"footnotes":"","_links_to":"","_links_to_target":""},"class_list":["post-8761","page","type-page","status-publish","has-post-thumbnail","hentry"],"yoast_head":"<!-- This site is optimized with the Yoast SEO plugin v27.4 - https:\/\/yoast.com\/product\/yoast-seo-wordpress\/ -->\n<title>Ventana de Perfil - Dino Storm<\/title>\n<meta name=\"description\" content=\"Todo se est\u00e1 junto en el Potente Perfil. Todo tu equipamiento, en cualquier momento.\" \/>\n<meta name=\"robots\" content=\"index, follow, max-snippet:-1, max-image-preview:large, max-video-preview:-1\" \/>\n<link rel=\"canonical\" href=\"https:\/\/dinostorm.com\/es\/juego\/perfil\/\" \/>\n<meta property=\"og:locale\" content=\"es_ES\" \/>\n<meta property=\"og:type\" content=\"article\" \/>\n<meta property=\"og:title\" content=\"Ventana de Perfil - Dino Storm\" \/>\n<meta property=\"og:description\" content=\"Todo se est\u00e1 junto en el Potente Perfil. Todo tu equipamiento, en cualquier momento.\" \/>\n<meta property=\"og:url\" content=\"https:\/\/dinostorm.com\/es\/juego\/perfil\/\" \/>\n<meta property=\"og:site_name\" content=\"DinoStorm\" \/>\n<meta property=\"article:modified_time\" content=\"2018-02-01T12:44:43+00:00\" \/>\n<meta name=\"twitter:label1\" content=\"Tiempo de lectura\" \/>\n\t<meta name=\"twitter:data1\" content=\"1 minute\" \/>\n<script type=\"application\/ld+json\" class=\"yoast-schema-graph\">{\"@context\":\"https:\\\/\\\/schema.org\",\"@graph\":[{\"@type\":\"WebPage\",\"@id\":\"https:\\\/\\\/dinostorm.com\\\/es\\\/juego\\\/perfil\\\/\",\"url\":\"https:\\\/\\\/dinostorm.com\\\/es\\\/juego\\\/perfil\\\/\",\"name\":\"Ventana de Perfil - Dino Storm\",\"isPartOf\":{\"@id\":\"https:\\\/\\\/dinostorm.com\\\/es\\\/#website\"},\"primaryImageOfPage\":{\"@id\":\"https:\\\/\\\/dinostorm.com\\\/es\\\/juego\\\/perfil\\\/#primaryimage\"},\"image\":{\"@id\":\"https:\\\/\\\/dinostorm.com\\\/es\\\/juego\\\/perfil\\\/#primaryimage\"},\"thumbnailUrl\":\"http:\\\/\\\/dinostorm.com\\\/wp-content\\\/uploads\\\/2014\\\/05\\\/fame-dude.png\",\"datePublished\":\"2013-08-21T12:00:33+00:00\",\"dateModified\":\"2018-02-01T12:44:43+00:00\",\"description\":\"Todo se est\u00e1 junto en el Potente Perfil. Todo tu equipamiento, en cualquier momento.\",\"breadcrumb\":{\"@id\":\"https:\\\/\\\/dinostorm.com\\\/es\\\/juego\\\/perfil\\\/#breadcrumb\"},\"inLanguage\":\"es-ES\",\"potentialAction\":[{\"@type\":\"ReadAction\",\"target\":[\"https:\\\/\\\/dinostorm.com\\\/es\\\/juego\\\/perfil\\\/\"]}]},{\"@type\":\"ImageObject\",\"inLanguage\":\"es-ES\",\"@id\":\"https:\\\/\\\/dinostorm.com\\\/es\\\/juego\\\/perfil\\\/#primaryimage\",\"url\":\"http:\\\/\\\/dinostorm.com\\\/wp-content\\\/uploads\\\/2014\\\/05\\\/fame-dude.png\",\"contentUrl\":\"http:\\\/\\\/dinostorm.com\\\/wp-content\\\/uploads\\\/2014\\\/05\\\/fame-dude.png\"},{\"@type\":\"BreadcrumbList\",\"@id\":\"https:\\\/\\\/dinostorm.com\\\/es\\\/juego\\\/perfil\\\/#breadcrumb\",\"itemListElement\":[{\"@type\":\"ListItem\",\"position\":1,\"name\":\"Home\",\"item\":\"https:\\\/\\\/dinostorm.com\\\/es\\\/\"},{\"@type\":\"ListItem\",\"position\":2,\"name\":\"Juego\",\"item\":\"https:\\\/\\\/dinostorm.com\\\/es\\\/juego\\\/\"},{\"@type\":\"ListItem\",\"position\":3,\"name\":\"Perfil\"}]},{\"@type\":\"WebSite\",\"@id\":\"https:\\\/\\\/dinostorm.com\\\/es\\\/#website\",\"url\":\"https:\\\/\\\/dinostorm.com\\\/es\\\/\",\"name\":\"DinoStorm\",\"description\":\"\",\"potentialAction\":[{\"@type\":\"SearchAction\",\"target\":{\"@type\":\"EntryPoint\",\"urlTemplate\":\"https:\\\/\\\/dinostorm.com\\\/es\\\/?s={search_term_string}\"},\"query-input\":{\"@type\":\"PropertyValueSpecification\",\"valueRequired\":true,\"valueName\":\"search_term_string\"}}],\"inLanguage\":\"es-ES\"}]}<\/script>\n<!-- \/ Yoast SEO plugin. -->","yoast_head_json":{"title":"Ventana de Perfil - Dino Storm","description":"Todo se est\u00e1 junto en el Potente Perfil. Todo tu equipamiento, en cualquier momento.","robots":{"index":"index","follow":"follow","max-snippet":"max-snippet:-1","max-image-preview":"max-image-preview:large","max-video-preview":"max-video-preview:-1"},"canonical":"https:\/\/dinostorm.com\/es\/juego\/perfil\/","og_locale":"es_ES","og_type":"article","og_title":"Ventana de Perfil - Dino Storm","og_description":"Todo se est\u00e1 junto en el Potente Perfil. Todo tu equipamiento, en cualquier momento.","og_url":"https:\/\/dinostorm.com\/es\/juego\/perfil\/","og_site_name":"DinoStorm","article_modified_time":"2018-02-01T12:44:43+00:00","twitter_misc":{"Tiempo de lectura":"1 minute"},"schema":{"@context":"https:\/\/schema.org","@graph":[{"@type":"WebPage","@id":"https:\/\/dinostorm.com\/es\/juego\/perfil\/","url":"https:\/\/dinostorm.com\/es\/juego\/perfil\/","name":"Ventana de Perfil - Dino Storm","isPartOf":{"@id":"https:\/\/dinostorm.com\/es\/#website"},"primaryImageOfPage":{"@id":"https:\/\/dinostorm.com\/es\/juego\/perfil\/#primaryimage"},"image":{"@id":"https:\/\/dinostorm.com\/es\/juego\/perfil\/#primaryimage"},"thumbnailUrl":"http:\/\/dinostorm.com\/wp-content\/uploads\/2014\/05\/fame-dude.png","datePublished":"2013-08-21T12:00:33+00:00","dateModified":"2018-02-01T12:44:43+00:00","description":"Todo se est\u00e1 junto en el Potente Perfil. Todo tu equipamiento, en cualquier momento.","breadcrumb":{"@id":"https:\/\/dinostorm.com\/es\/juego\/perfil\/#breadcrumb"},"inLanguage":"es-ES","potentialAction":[{"@type":"ReadAction","target":["https:\/\/dinostorm.com\/es\/juego\/perfil\/"]}]},{"@type":"ImageObject","inLanguage":"es-ES","@id":"https:\/\/dinostorm.com\/es\/juego\/perfil\/#primaryimage","url":"http:\/\/dinostorm.com\/wp-content\/uploads\/2014\/05\/fame-dude.png","contentUrl":"http:\/\/dinostorm.com\/wp-content\/uploads\/2014\/05\/fame-dude.png"},{"@type":"BreadcrumbList","@id":"https:\/\/dinostorm.com\/es\/juego\/perfil\/#breadcrumb","itemListElement":[{"@type":"ListItem","position":1,"name":"Home","item":"https:\/\/dinostorm.com\/es\/"},{"@type":"ListItem","position":2,"name":"Juego","item":"https:\/\/dinostorm.com\/es\/juego\/"},{"@type":"ListItem","position":3,"name":"Perfil"}]},{"@type":"WebSite","@id":"https:\/\/dinostorm.com\/es\/#website","url":"https:\/\/dinostorm.com\/es\/","name":"DinoStorm","description":"","potentialAction":[{"@type":"SearchAction","target":{"@type":"EntryPoint","urlTemplate":"https:\/\/dinostorm.com\/es\/?s={search_term_string}"},"query-input":{"@type":"PropertyValueSpecification","valueRequired":true,"valueName":"search_term_string"}}],"inLanguage":"es-ES"}]}},"_links":{"self":[{"href":"https:\/\/dinostorm.com\/es\/wp-json\/wp\/v2\/pages\/8761","targetHints":{"allow":["GET"]}}],"collection":[{"href":"https:\/\/dinostorm.com\/es\/wp-json\/wp\/v2\/pages"}],"about":[{"href":"https:\/\/dinostorm.com\/es\/wp-json\/wp\/v2\/types\/page"}],"author":[{"embeddable":true,"href":"https:\/\/dinostorm.com\/es\/wp-json\/wp\/v2\/users\/10"}],"replies":[{"embeddable":true,"href":"https:\/\/dinostorm.com\/es\/wp-json\/wp\/v2\/comments?post=8761"}],"version-history":[{"count":0,"href":"https:\/\/dinostorm.com\/es\/wp-json\/wp\/v2\/pages\/8761\/revisions"}],"up":[{"embeddable":true,"href":"https:\/\/dinostorm.com\/es\/wp-json\/wp\/v2\/pages\/4842"}],"wp:featuredmedia":[{"embeddable":true,"href":"https:\/\/dinostorm.com\/es\/wp-json\/"}],"wp:attachment":[{"href":"https:\/\/dinostorm.com\/es\/wp-json\/wp\/v2\/media?parent=8761"}],"curies":[{"name":"wp","href":"https:\/\/api.w.org\/{rel}","templated":true}]}}