{"id":4910,"date":"2012-10-18T09:18:35","date_gmt":"2012-10-18T07:18:35","guid":{"rendered":"http:\/\/dinostorm.com\/?page_id=4910"},"modified":"2021-07-23T14:30:07","modified_gmt":"2021-07-23T12:30:07","slug":"modulos-de-armas","status":"publish","type":"page","link":"https:\/\/dinostorm.com\/es\/juego\/modulos-de-armas\/","title":{"rendered":"M\u00f3dulos de Armas"},"content":{"rendered":"<div class=\"teaser\"><\/div>\n<h1 class=\"headline_page width_350\"><span>M\u00f3dulos para Armas<\/span><\/h1>\n<p class=\"back-button back-pos350\"><a class=\"back-block\" href=\"\/es\/juego#overview\">Atr&#x00e1;s<\/a><\/p>\n<div class=\"full\">\n<img decoding=\"async\" class=\"wrapper_image_impl colorbox-4910\" src=\"\/wp-content\/themes\/arras\/images\/dinostorm\/tech-Cowboy.png\" alt=\"Vaqueros hablan sobre M&#x00f3;dulos en Dino Storm\"\/><\/p>\n<div class=\"wrapper_impl\">\n<p class=\"text-impl\">Ponte en cabeza con los m&#x00f3;dulos para armas l&#x00e1;ser de &#x00fa;ltima generaci&#x00f3;n. F&#x00e1;ciles de montar, funcionan a la perfecci&#x00f3;n.<\/p>\n<\/div>\n<div class=\"wrapper_impl2\">\n<div class=\"slot-list\">\n<div class=\"clear-after\">\n                      <span class=\"icon-frame-gloss float-left\"><br \/>\n            <img class=\"colorbox-4910\"  decoding=\"async\" src=\"\/wp-content\/themes\/arras\/images\/dinostorm\/module_damage.png\" alt=\"M&#x00f3;dulos de Armas: Tecnolog&#x00ed;a de Da&#x00f1;os\"\/><br \/>\n                       <\/span><\/p>\n<div class=\"slot-wrapper\">\n\t\t\t    <span class=\"slot-item-title\">Tecnolog&#x00ed;a de Da&#x00f1;os<\/span><\/p>\n<p class=\"feature-slot-desc\">&#x00bf;Qu&#x00e9; es un <a href=\"\/es\/juego\/lista-de-armas\/\">arma<\/a> l&#x00e1;ser sin potencia? No les des oportunidad alguna a tus enemigos. Consigue realizar da&#x00f1;o extra con tu arma l&#x00e1;ser.<\/p>\n<\/p><\/div>\n<p>\t<span class=\"clear\"><!-- --><\/span>\n\t         <\/div>\n<\/p><\/div>\n<\/p><\/div>\n<div class=\"wrapper_impl2\">\n<div class=\"slot-list\">\n<div class=\"clear-after\">\n                      <span class=\"icon-frame-gloss float-left\"><br \/>\n            <img class=\"colorbox-4910\"  decoding=\"async\" src=\"\/wp-content\/themes\/arras\/images\/dinostorm\/module_focus.png\" alt=\"M&#x00f3;dulos de Armas: Tecnolog&#x00ed;a de Enfoque\"\/><br \/>\n                       <\/span><\/p>\n<div class=\"slot-wrapper\">\n\t\t\t    <span class=\"slot-item-title\">Tecnolog&#x00ed;a de Enfoque<\/span><\/p>\n<p class=\"feature-slot-desc\">Con esta tecnolog&#x00ed;a aumenta las posibilidades de acierto de tu arma y su dinosaurio.<\/p>\n<\/p><\/div>\n<p>\t<span class=\"clear\"><!-- --><\/span>\n\t         <\/div>\n<\/p><\/div>\n<\/p><\/div>\n<div class=\"wrapper_impl2\">\n<div class=\"slot-list\">\n<div class=\"clear-after\">\n                      <span class=\"icon-frame-gloss float-left\"><br \/>\n            <img class=\"colorbox-4910\"  decoding=\"async\" src=\"\/wp-content\/themes\/arras\/images\/dinostorm\/module_frequency.png\" alt=\"M&#x00f3;dulos de Armas: Tecnolog&#x00ed;a Cadencia\"\/><br \/>\n                       <\/span><\/p>\n<div class=\"slot-wrapper\">\n\t\t\t    <span class=\"slot-item-title\">Tecnolog&#x00ed;a Cadencia<\/span><\/p>\n<p class=\"feature-slot-desc\">&#x00bf;La potencia no lo es todo? Tienes raz&#x00f3;n. Usa una mayor velocidad de recarga para causar m&#x00e1;s da&#x00f1;o por segundo con tu arma.<\/p>\n<\/p><\/div>\n<p>\t<span class=\"clear\"><!-- --><\/span>\n\t         <\/div>\n<\/p><\/div>\n<\/p><\/div>\n<div class=\"wrapper_impl2\">\n<div class=\"slot-list\">\n<div class=\"clear-after\">\n                      <span class=\"icon-frame-gloss float-left\"><br \/>\n            <img class=\"colorbox-4910\"  decoding=\"async\" src=\"\/wp-content\/themes\/arras\/images\/dinostorm\/module_penetration.png\" alt=\"M&#x00f3;dulos de Armas: Tecnolog&#x00ed;a de Perforaci&#x00f3;n\"\/><br \/>\n                       <\/span><\/p>\n<div class=\"slot-wrapper\">\n\t\t\t    <span class=\"slot-item-title\">Tecnolog&#x00ed;a de Perforaci&#x00f3;n<\/span><\/p>\n<p class=\"feature-slot-desc\">Causa m&#x00e1;s da&#x00f1;o con esta tecnolog&#x00ed;a. Esta tecnolog&#x00ed;a hace que tus disparos traspasen las armaduras.<\/p>\n<\/p><\/div>\n<p>\t<span class=\"clear\"><!-- --><\/span>\n\t         <\/div>\n<\/p><\/div>\n<\/p><\/div>\n<div class=\"wrapper_impl2\">\n<div class=\"slot-list\">\n<div class=\"clear-after\">\n                      <span class=\"icon-frame-gloss float-left\"><br \/>\n            <img class=\"colorbox-4910\"  decoding=\"async\" src=\"\/wp-content\/themes\/arras\/images\/dinostorm\/module_precision.png\" alt=\"M&#x00f3;dulos de Armas: Tecnolog&#x00ed;a de Precisi&#x00f3;n\"\/><br \/>\n                       <\/span><\/p>\n<div class=\"slot-wrapper\">\n\t\t\t    <span class=\"slot-item-title\">Tecnolog&#x00ed;a de Precisi&#x00f3;n<\/span><\/p>\n<p class=\"feature-slot-desc\">&#x00bf;Quieres ganar una batalla antes de comenzarla? Con la tecnolog&#x00ed;a de precisi&#x00f3;n aumenta tus posibilidades de cr&#x00ed;tico.<\/p>\n<\/p><\/div>\n<p>\t<span class=\"clear\"><!-- --><\/span>\n\t         <\/div>\n<\/p><\/div>\n<\/p><\/div>\n<div class=\"wrapper_impl2\">\n<div class=\"slot-list\">\n<div class=\"clear-after\">\n                      <span class=\"icon-frame-gloss float-left\"><br \/>\n            <img class=\"colorbox-4910\"  decoding=\"async\" src=\"\/wp-content\/themes\/arras\/images\/dinostorm\/module_range.png\" alt=\"M&#x00f3;dulos de Armas: Tecnolog&#x00ed;a de Alcance\"\/><br \/>\n                       <\/span><\/p>\n<div class=\"slot-wrapper\">\n\t\t\t    <span class=\"slot-item-title\">Tecnolog&#x00ed;a de Alcance<\/span><\/p>\n<p class=\"feature-slot-desc\">A todos los que les gusta disparar de distancias prudentes les gustar&#x00e1; esto. Esta tecnolog&#x00ed;a aumenta el rango m&#x00e1;ximo de tu arma.<\/p>\n<\/p><\/div>\n<p>\t<span class=\"clear\"><!-- --><\/span>\n\t         <\/div>\n<\/p><\/div>\n<\/div>\n<div class=\"wrapper_impl2\">\n<div class=\"slot-list\">\n<div class=\"clear-after\">\n                      <span class=\"icon-frame-gloss float-left\"><br \/>\n            <img class=\"colorbox-4910\"  decoding=\"async\" src=\"\/wp-content\/themes\/arras\/images\/dinostorm\/module_aim.png\" alt=\"Tecnolog&#x00ed;a de punter&#x00ed;a\"\/><br \/>\n                       <\/span><\/p>\n<div class=\"slot-wrapper\">\n\t\t\t    <span class=\"slot-item-title\">Tecnolog&#x00ed;a de punter&#x00ed;a<\/span><\/p>\n<p class=\"feature-slot-desc\">Aumenta el da&#x00f1;o infligido por el arma cuanto m&#x00e1;s lejos se encuentre el objetivo. Debe instalarse en una ranura de Tecnolog&#x00ed;a Armament&#x00ed;stica para que funcione.<\/p>\n<\/p><\/div>\n<p>\t<span class=\"clear\"><!-- --><\/span>\n\t         <\/div>\n<\/p><\/div>\n<\/div>\n<div class=\"wrapper_impl2\">\n<div class=\"slot-list\">\n<div class=\"clear-after\">\n                      <span class=\"icon-frame-gloss float-left\"><br \/>\n            <img class=\"colorbox-4910\"  decoding=\"async\" src=\"\/wp-content\/themes\/arras\/images\/dinostorm\/module_dinodefense.png\" alt=\"Tecnolog&#x00ed;a de Dino Defensa\"\/><br \/>\n                       <\/span><\/p>\n<div class=\"slot-wrapper\">\n\t\t\t    <span class=\"slot-item-title\">Tecnolog&#x00ed;a de Dino Defensa<\/span><\/p>\n<p class=\"feature-slot-desc\">Aumenta la resistencia al da&#x00f1;o recibido de dinosaurios. Necesita ser instalado en una ranura de Tecnolog&#x00ed;a Armament&#x00ed;stica para funcionar.<\/p>\n<\/p><\/div>\n<p>\t<span class=\"clear\"><!-- --><\/span>\n\t         <\/div>\n<\/p><\/div>\n<\/div>\n<div class=\"wrapper_impl2\">\n<div class=\"slot-list\">\n<div class=\"clear-after\">\n                      <span class=\"icon-frame-gloss float-left\"><br \/>\n            <img class=\"colorbox-4910\"  decoding=\"async\" src=\"\/wp-content\/themes\/arras\/images\/dinostorm\/module_shock.png\" alt=\"Tecnolog&#x00ed;a de Paralizaci&#x00f3;n\"\/><br \/>\n                       <\/span><\/p>\n<div class=\"slot-wrapper\">\n\t\t\t    <span class=\"slot-item-title\">Tecnolog&#x00ed;a de Paralizaci&#x00f3;n<\/span><\/p>\n<p class=\"feature-slot-desc\">Proporciona una oportunidad de vaciar la barra de potencia extra del jugador objetivo en un golpe exitoso. Debe instalarse en una ranura de Tecnolog&#x00ed;a Armament&#x00ed;stica para funcionar.<\/p>\n<\/p><\/div>\n<p>\t<span class=\"clear\"><!-- --><\/span>\n\t         <\/div>\n<\/p><\/div>\n<\/div>\n<div class=\"wrapper_impl2\">\n<div class=\"slot-list\">\n<div class=\"clear-after\">\n                      <span class=\"icon-frame-gloss float-left\"><br \/>\n            <img class=\"colorbox-4910\"  decoding=\"async\" src=\"\/wp-content\/themes\/arras\/images\/dinostorm\/module_dinoreflector.png\" alt=\"Tecnolog&#x00ed;a de Reflexi&#x00f3;n de Dino\"\/><br \/>\n                       <\/span><\/p>\n<div class=\"slot-wrapper\">\n\t\t\t    <span class=\"slot-item-title\">Tecnolog&#x00ed;a de Reflexi&#x00f3;n de Dino<\/span><\/p>\n<p class=\"feature-slot-desc\">Otorga probabilidad de reflejar temporalmente un poco del da&#x00f1;o recibido de dinos. Debe instalarse en una ranura de Tecnolog&#x00ed;a Armament&#x00ed;stica para que funcione.<\/p>\n<\/p><\/div>\n<p>\t<span class=\"clear\"><!-- --><\/span>\n\t         <\/div>\n<\/p><\/div>\n<\/div>\n<div class=\"wrapper_impl2\">\n<div class=\"slot-list\">\n<div class=\"clear-after\">\n                      <span class=\"icon-frame-gloss float-left\"><br \/>\n            <img class=\"colorbox-4910\"  decoding=\"async\" src=\"\/wp-content\/themes\/arras\/images\/dinostorm\/module_freezer.png\" alt=\"Tecnolog&#x00ed;a de Congelaci&#x00f3;n\"\/><br \/>\n                       <\/span><\/p>\n<div class=\"slot-wrapper\">\n\t\t\t    <span class=\"slot-item-title\">Tecnolog&#x00ed;a de Congelaci&#x00f3;n<\/span><\/p>\n<p class=\"feature-slot-desc\">Proporciona una oportunidad de aplicar un efecto de ralentizaci&#x00f3;n a tu objetivo en un golpe exitoso. Debe instalarse en una ranura de Tecnolog&#x00ed;a Armament&#x00ed;stica  para que funcione.<\/p>\n<\/p><\/div>\n<p>\t<span class=\"clear\"><!-- --><\/span>\n\t         <\/div>\n<\/p><\/div>\n<\/div>\n<\/div>\n<\/div>\n<div class=full>\n<img decoding=\"async\" class=\"hr3 margin35 colorbox-4910\" src=\"\/wp-content\/themes\/arras\/images\/dinostorm\/seperator_big.png\" alt=\"separator dino storm\" \/>\n<\/div>\n","protected":false},"excerpt":{"rendered":"<p>M\u00f3dulos para Armas Atr&#x00e1;s Ponte en cabeza con los m&#x00f3;dulos para armas l&#x00e1;ser de &#x00fa;ltima generaci&#x00f3;n. F&#x00e1;ciles de montar, funcionan a la perfecci&#x00f3;n. Tecnolog&#x00ed;a de Da&#x00f1;os &#x00bf;Qu&#x00e9; es un arma l&#x00e1;ser sin potencia? No les [&hellip;]<\/p>\n","protected":false},"author":26,"featured_media":15052,"parent":4842,"menu_order":0,"comment_status":"closed","ping_status":"closed","template":"pagetpl-onecolumn.php","meta":{"footnotes":"","_links_to":"","_links_to_target":""},"class_list":["post-4910","page","type-page","status-publish","has-post-thumbnail","hentry"],"yoast_head":"<!-- This site is optimized with the Yoast SEO plugin v27.4 - https:\/\/yoast.com\/product\/yoast-seo-wordpress\/ -->\n<title>M\u00f3dulos de Armas - DinoStorm<\/title>\n<meta name=\"description\" content=\"Ponte en cabeza con los m\u00f3dulos para armas l\u00e1ser de \u00faltima generaci\u00f3n. F\u00e1ciles de montar, funcionan a la perfecci\u00f3n.\" \/>\n<meta name=\"robots\" content=\"index, follow, max-snippet:-1, max-image-preview:large, max-video-preview:-1\" \/>\n<link rel=\"canonical\" href=\"https:\/\/dinostorm.com\/es\/juego\/modulos-de-armas\/\" \/>\n<meta property=\"og:locale\" content=\"es_ES\" \/>\n<meta property=\"og:type\" content=\"article\" \/>\n<meta property=\"og:title\" content=\"M\u00f3dulos de Armas - DinoStorm\" \/>\n<meta property=\"og:description\" content=\"Ponte en cabeza con los m\u00f3dulos para armas l\u00e1ser de \u00faltima generaci\u00f3n. F\u00e1ciles de montar, funcionan a la perfecci\u00f3n.\" \/>\n<meta property=\"og:url\" content=\"https:\/\/dinostorm.com\/es\/juego\/modulos-de-armas\/\" \/>\n<meta property=\"og:site_name\" content=\"DinoStorm\" \/>\n<meta property=\"article:modified_time\" content=\"2021-07-23T12:30:07+00:00\" \/>\n<meta property=\"og:image\" content=\"https:\/\/dinostorm.com\/wp-content\/uploads\/2012\/09\/ds_jungle_01.jpg\" \/>\n\t<meta property=\"og:image:width\" content=\"1280\" \/>\n\t<meta property=\"og:image:height\" content=\"720\" \/>\n\t<meta property=\"og:image:type\" content=\"image\/jpeg\" \/>\n<meta name=\"twitter:label1\" content=\"Tiempo de lectura\" \/>\n\t<meta name=\"twitter:data1\" content=\"2 minutes\" \/>\n<script type=\"application\/ld+json\" class=\"yoast-schema-graph\">{\"@context\":\"https:\\\/\\\/schema.org\",\"@graph\":[{\"@type\":\"WebPage\",\"@id\":\"https:\\\/\\\/dinostorm.com\\\/es\\\/juego\\\/modulos-de-armas\\\/\",\"url\":\"https:\\\/\\\/dinostorm.com\\\/es\\\/juego\\\/modulos-de-armas\\\/\",\"name\":\"M\u00f3dulos de Armas - DinoStorm\",\"isPartOf\":{\"@id\":\"https:\\\/\\\/dinostorm.com\\\/es\\\/#website\"},\"primaryImageOfPage\":{\"@id\":\"https:\\\/\\\/dinostorm.com\\\/es\\\/juego\\\/modulos-de-armas\\\/#primaryimage\"},\"image\":{\"@id\":\"https:\\\/\\\/dinostorm.com\\\/es\\\/juego\\\/modulos-de-armas\\\/#primaryimage\"},\"thumbnailUrl\":\"https:\\\/\\\/dinostorm.com\\\/wp-content\\\/uploads\\\/2012\\\/09\\\/ds_jungle_01.jpg\",\"datePublished\":\"2012-10-18T07:18:35+00:00\",\"dateModified\":\"2021-07-23T12:30:07+00:00\",\"description\":\"Ponte en cabeza con los m\u00f3dulos para armas l\u00e1ser de \u00faltima generaci\u00f3n. F\u00e1ciles de montar, funcionan a la perfecci\u00f3n.\",\"breadcrumb\":{\"@id\":\"https:\\\/\\\/dinostorm.com\\\/es\\\/juego\\\/modulos-de-armas\\\/#breadcrumb\"},\"inLanguage\":\"es-ES\",\"potentialAction\":[{\"@type\":\"ReadAction\",\"target\":[\"https:\\\/\\\/dinostorm.com\\\/es\\\/juego\\\/modulos-de-armas\\\/\"]}]},{\"@type\":\"ImageObject\",\"inLanguage\":\"es-ES\",\"@id\":\"https:\\\/\\\/dinostorm.com\\\/es\\\/juego\\\/modulos-de-armas\\\/#primaryimage\",\"url\":\"https:\\\/\\\/dinostorm.com\\\/wp-content\\\/uploads\\\/2012\\\/09\\\/ds_jungle_01.jpg\",\"contentUrl\":\"https:\\\/\\\/dinostorm.com\\\/wp-content\\\/uploads\\\/2012\\\/09\\\/ds_jungle_01.jpg\",\"width\":1280,\"height\":720,\"caption\":\"Beware of dangerous bandits in Mokon Woods are everywhere.\"},{\"@type\":\"BreadcrumbList\",\"@id\":\"https:\\\/\\\/dinostorm.com\\\/es\\\/juego\\\/modulos-de-armas\\\/#breadcrumb\",\"itemListElement\":[{\"@type\":\"ListItem\",\"position\":1,\"name\":\"Home\",\"item\":\"https:\\\/\\\/dinostorm.com\\\/es\\\/\"},{\"@type\":\"ListItem\",\"position\":2,\"name\":\"Juego\",\"item\":\"https:\\\/\\\/dinostorm.com\\\/es\\\/juego\\\/\"},{\"@type\":\"ListItem\",\"position\":3,\"name\":\"M\u00f3dulos de Armas\"}]},{\"@type\":\"WebSite\",\"@id\":\"https:\\\/\\\/dinostorm.com\\\/es\\\/#website\",\"url\":\"https:\\\/\\\/dinostorm.com\\\/es\\\/\",\"name\":\"DinoStorm\",\"description\":\"\",\"potentialAction\":[{\"@type\":\"SearchAction\",\"target\":{\"@type\":\"EntryPoint\",\"urlTemplate\":\"https:\\\/\\\/dinostorm.com\\\/es\\\/?s={search_term_string}\"},\"query-input\":{\"@type\":\"PropertyValueSpecification\",\"valueRequired\":true,\"valueName\":\"search_term_string\"}}],\"inLanguage\":\"es-ES\"}]}<\/script>\n<!-- \/ Yoast SEO plugin. -->","yoast_head_json":{"title":"M\u00f3dulos de Armas - DinoStorm","description":"Ponte en cabeza con los m\u00f3dulos para armas l\u00e1ser de \u00faltima generaci\u00f3n. F\u00e1ciles de montar, funcionan a la perfecci\u00f3n.","robots":{"index":"index","follow":"follow","max-snippet":"max-snippet:-1","max-image-preview":"max-image-preview:large","max-video-preview":"max-video-preview:-1"},"canonical":"https:\/\/dinostorm.com\/es\/juego\/modulos-de-armas\/","og_locale":"es_ES","og_type":"article","og_title":"M\u00f3dulos de Armas - DinoStorm","og_description":"Ponte en cabeza con los m\u00f3dulos para armas l\u00e1ser de \u00faltima generaci\u00f3n. F\u00e1ciles de montar, funcionan a la perfecci\u00f3n.","og_url":"https:\/\/dinostorm.com\/es\/juego\/modulos-de-armas\/","og_site_name":"DinoStorm","article_modified_time":"2021-07-23T12:30:07+00:00","og_image":[{"width":1280,"height":720,"url":"https:\/\/dinostorm.com\/wp-content\/uploads\/2012\/09\/ds_jungle_01.jpg","type":"image\/jpeg"}],"twitter_misc":{"Tiempo de lectura":"2 minutes"},"schema":{"@context":"https:\/\/schema.org","@graph":[{"@type":"WebPage","@id":"https:\/\/dinostorm.com\/es\/juego\/modulos-de-armas\/","url":"https:\/\/dinostorm.com\/es\/juego\/modulos-de-armas\/","name":"M\u00f3dulos de Armas - DinoStorm","isPartOf":{"@id":"https:\/\/dinostorm.com\/es\/#website"},"primaryImageOfPage":{"@id":"https:\/\/dinostorm.com\/es\/juego\/modulos-de-armas\/#primaryimage"},"image":{"@id":"https:\/\/dinostorm.com\/es\/juego\/modulos-de-armas\/#primaryimage"},"thumbnailUrl":"https:\/\/dinostorm.com\/wp-content\/uploads\/2012\/09\/ds_jungle_01.jpg","datePublished":"2012-10-18T07:18:35+00:00","dateModified":"2021-07-23T12:30:07+00:00","description":"Ponte en cabeza con los m\u00f3dulos para armas l\u00e1ser de \u00faltima generaci\u00f3n. F\u00e1ciles de montar, funcionan a la perfecci\u00f3n.","breadcrumb":{"@id":"https:\/\/dinostorm.com\/es\/juego\/modulos-de-armas\/#breadcrumb"},"inLanguage":"es-ES","potentialAction":[{"@type":"ReadAction","target":["https:\/\/dinostorm.com\/es\/juego\/modulos-de-armas\/"]}]},{"@type":"ImageObject","inLanguage":"es-ES","@id":"https:\/\/dinostorm.com\/es\/juego\/modulos-de-armas\/#primaryimage","url":"https:\/\/dinostorm.com\/wp-content\/uploads\/2012\/09\/ds_jungle_01.jpg","contentUrl":"https:\/\/dinostorm.com\/wp-content\/uploads\/2012\/09\/ds_jungle_01.jpg","width":1280,"height":720,"caption":"Beware of dangerous bandits in Mokon Woods are everywhere."},{"@type":"BreadcrumbList","@id":"https:\/\/dinostorm.com\/es\/juego\/modulos-de-armas\/#breadcrumb","itemListElement":[{"@type":"ListItem","position":1,"name":"Home","item":"https:\/\/dinostorm.com\/es\/"},{"@type":"ListItem","position":2,"name":"Juego","item":"https:\/\/dinostorm.com\/es\/juego\/"},{"@type":"ListItem","position":3,"name":"M\u00f3dulos de Armas"}]},{"@type":"WebSite","@id":"https:\/\/dinostorm.com\/es\/#website","url":"https:\/\/dinostorm.com\/es\/","name":"DinoStorm","description":"","potentialAction":[{"@type":"SearchAction","target":{"@type":"EntryPoint","urlTemplate":"https:\/\/dinostorm.com\/es\/?s={search_term_string}"},"query-input":{"@type":"PropertyValueSpecification","valueRequired":true,"valueName":"search_term_string"}}],"inLanguage":"es-ES"}]}},"_links":{"self":[{"href":"https:\/\/dinostorm.com\/es\/wp-json\/wp\/v2\/pages\/4910","targetHints":{"allow":["GET"]}}],"collection":[{"href":"https:\/\/dinostorm.com\/es\/wp-json\/wp\/v2\/pages"}],"about":[{"href":"https:\/\/dinostorm.com\/es\/wp-json\/wp\/v2\/types\/page"}],"author":[{"embeddable":true,"href":"https:\/\/dinostorm.com\/es\/wp-json\/wp\/v2\/users\/26"}],"replies":[{"embeddable":true,"href":"https:\/\/dinostorm.com\/es\/wp-json\/wp\/v2\/comments?post=4910"}],"version-history":[{"count":4,"href":"https:\/\/dinostorm.com\/es\/wp-json\/wp\/v2\/pages\/4910\/revisions"}],"predecessor-version":[{"id":242123,"href":"https:\/\/dinostorm.com\/es\/wp-json\/wp\/v2\/pages\/4910\/revisions\/242123"}],"up":[{"embeddable":true,"href":"https:\/\/dinostorm.com\/es\/wp-json\/wp\/v2\/pages\/4842"}],"wp:featuredmedia":[{"embeddable":true,"href":"https:\/\/dinostorm.com\/es\/wp-json\/wp\/v2\/media\/15052"}],"wp:attachment":[{"href":"https:\/\/dinostorm.com\/es\/wp-json\/wp\/v2\/media?parent=4910"}],"curies":[{"name":"wp","href":"https:\/\/api.w.org\/{rel}","templated":true}]}}