{"id":4899,"date":"2012-10-18T09:13:55","date_gmt":"2012-10-18T07:13:55","guid":{"rendered":"http:\/\/dinostorm.com\/?page_id=4899"},"modified":"2021-06-17T14:32:42","modified_gmt":"2021-06-17T12:32:42","slug":"martillo","status":"publish","type":"page","link":"https:\/\/dinostorm.com\/es\/juego\/lista-de-armas\/martillo\/","title":{"rendered":"Arma &#8211; Martillo"},"content":{"rendered":"<div class=\"teaser\"><\/div>\n<h1 class=\"headline_page width_350\"><span>Arma \u2014 Martillo<\/span><\/h1>\n<p class=\"back-button back-pos350\"><a class=\"back-block\" href=\"\/es\/juego\/lista-de-armas\">Atr&#x00e1;s<\/a><\/p>\n<div class=\"two_thirds\">\n<h2 class=\"headline-lex\"><span>Dino Storm &#8211; Martillo<\/span><\/h2>\n<div class=\"banner_lex\">\n<p class=\"banner_text_lex text_lex\">El Martillo es un lanzamisiles lo suficiente peque&#x00f1;o para usarlo con una sola mano. No necesita de una recarga r&#x00e1;pida para realizar grandes da&#x00f1;os.<\/p>\n<div style=\"margin-right: 29px; float: left; width: 10px; text-align: left; position: relative; top: 40px; left: 30px\">\n<strong class=\"text_lex\" style=\"position: relative; top: 12px\">Damage:<\/strong><br \/>\n<strong class=\"text_lex\" style=\"position: relative; top: 30px\">Frequency:<\/strong><br \/>\n<strong class=\"text_lex\" style=\"position: relative; top: 50px\">Range:<\/strong>\n<\/div>\n<div style=\"margin-right: 20px; float: left; width: 118px; text-align: left; position: relative; top: 70px; left: 10px\">\n<img decoding=\"async\" class=\"skill_image_lex colorbox-4899\" src=\"\/wp-content\/themes\/arras\/images\/dinostorm\/Dinos\/bar_strength_5.png\" alt=\"Martillo - Vitalidad Base: 5.\" title=\"Vitalidad Base: 5\"\/><br \/>\n<img decoding=\"async\" class=\"skill_image_lex colorbox-4899\" src=\"\/wp-content\/themes\/arras\/images\/dinostorm\/Dinos\/bar_endurance_1.png\" alt=\"Martillo - Fuerza Base: 1.\" title=\"Fuerza Base: 1\"\/><br \/>\n<img decoding=\"async\" class=\"skill_image_lex colorbox-4899\" src=\"\/wp-content\/themes\/arras\/images\/dinostorm\/Dinos\/bar_health_2.png\" alt=\"Martillo - Resistencia Base: 2.\" title=\"Resistencia Base: 2\"\/>\n<\/div>\n<\/div>\n<div class=\"one_third\">\n<img decoding=\"async\" class=\"weapon_lex_2 colorbox-4899\" src=\"\/wp-content\/themes\/arras\/images\/dinostorm\/hammer.png\" alt=\"Dino Storm: Martillo\"\/>\n<\/div>\n<\/div>\n<div class=\"clear\"><\/div>\n<div class=\"one_third\">\n<h3 class=\"headlinelex2_1\">Propiedades del Arma: Martillo<\/h3>\n<div class=\"banner_lex2\">\n<span class=\"icon_skill_top float-left\"><img class=\"colorbox-4899\"  decoding=\"async\" src=\"\/wp-content\/themes\/arras\/images\/dinostorm\/skill_hammer_01.png\" alt=\"El Martillo es un lanzamisiles lo suficiente peque&#x00f1;o para usarlo con una sola mano. No necesita de una recarga r&#x00e1;pida para realizar grandes da&#x00f1;os. - Habilidad Especial: Lanzacohetes\" title=\"Habilidades:: Lanzacohetes\"\/><\/span><\/p>\n<div class=\"skill-wrapper\"><span class=\"icon_skill_title\">Lanzacohetes<\/span><\/p>\n<p class=\"icon_skill_text\">Ataque de medio alcance. <span style=\"color: #ff7200;\">Potencia&nbsp;extra:<\/span> mejora la probabilidad de impacto.<\/p>\n<\/p>\n<\/div>\n<p><span class=\"clear\"><!-- --><\/span><span class=\"icon_skill_top float-left\"><img class=\"colorbox-4899\"  decoding=\"async\" src=\"\/wp-content\/themes\/arras\/images\/dinostorm\/skill_hammer_02.png\" alt=\"El Martillo es un lanzamisiles lo suficiente peque&#x00f1;o para usarlo con una sola mano. No necesita de una recarga r&#x00e1;pida para realizar grandes da&#x00f1;os. - Habilidad Especial: Tiro de Gracia\" title=\"Habilidades:: Tiro de Gracia\"\/><\/span><\/p>\n<div class=\"skill-wrapper-bottom\"><span class=\"icon_skill_title\">Tiro de Gracia<\/span><\/p>\n<p class=\"icon_skill_text\">Ataque a corta y media distancia. <span style=\"color: #ff7200;\">Potencia&nbsp;extra:<\/span> Reduce el da\u00f1o del objetivo.<\/p>\n<\/p>\n<\/div>\n<p><span class=\"clear\"><!-- --><\/span><\/p>\n<\/div>\n<\/div>\n<div class=\"two_thirds\">\n<h3 class=\"headlinelex2_2\">Sobre el Arma: Martillo<\/h3>\n<div class=\"fact_lex\">\n<p>Sobre el MartillonSali&#x00f3; al mercado hace 40 a&#x00f1;os y pronto se convirti&#x00f3; en una de las &#x00e1;rmas favoritas de muchos.nEn aquel entonces su construcci&#x00f3;n modular era toda una novedad. Muchos montaron equipamientos bastante extravagantes lo que di&#x00f3; lugar a varios accidentes. Pronto se sacaron mejoras Estandard que son las que hoy existen.nA&#x00fa;n as&#x00ed; muchos siguieron montando sus armas con objetos especiales. El legendario Aventurero Saul &#8220;Amenaza&#8221; Jackson pose&#x00ed;a un arma &#x00fa;nica. Muchos la buscan hoy en d&#x00ed;a desde que &#x00e9;l desapareci&#x00f3; en Selva Mokon.<\/p>\n<p>En aquel entonces su construcci&#x00f3;n modular era toda una novedad. Muchos montaron equipamientos bastante extravagantes lo que di&#x00f3; lugar a varios accidentes. Pronto se sacaron mejoras Estandard que son las que hoy existen.<\/p>\n<p>A&#x00fa;n as&#x00ed; muchos siguieron montando sus armas con objetos especiales. El legendario Aventurero Saul &#8220;Amenaza&#8221; Jackson pose&#x00ed;a un arma &#x00fa;nica. Muchos la buscan hoy en d&#x00ed;a desde que &#x00e9;l desapareci&#x00f3; en Selva Mokon.<\/p>\n<\/div>\n<\/div>\n<div class=\"full\">\n<img decoding=\"async\" class=\"hr3 margin35 colorbox-4899\" src=\"\/wp-content\/themes\/arras\/images\/dinostorm\/seperator_big.png\" alt=\"separator dino storm\" \/>\n<\/div>\n","protected":false},"excerpt":{"rendered":"<p>Arma \u2014 Martillo Atr&#x00e1;s Dino Storm &#8211; Martillo El Martillo es un lanzamisiles lo suficiente peque&#x00f1;o para usarlo con una sola mano. No necesita de una recarga r&#x00e1;pida para realizar grandes da&#x00f1;os. Damage: Frequency: Range: [&hellip;]<\/p>\n","protected":false},"author":26,"featured_media":15052,"parent":1742,"menu_order":0,"comment_status":"closed","ping_status":"closed","template":"pagetpl-onecolumn.php","meta":{"footnotes":"","_links_to":"","_links_to_target":""},"class_list":["post-4899","page","type-page","status-publish","has-post-thumbnail","hentry"],"yoast_head":"<!-- This site is optimized with the Yoast SEO plugin v27.4 - https:\/\/yoast.com\/product\/yoast-seo-wordpress\/ -->\n<title>Arma - Martillo - DinoStorm<\/title>\n<meta name=\"description\" content=\"El Martillo es un lanzamisiles lo suficiente peque\u00f1o para ser manejado con una sola mana. Aqu\u00ed encontrar\u00e1s todo sobre este arma de Dino Storm.\" \/>\n<meta name=\"robots\" content=\"index, follow, max-snippet:-1, max-image-preview:large, max-video-preview:-1\" \/>\n<link rel=\"canonical\" href=\"https:\/\/dinostorm.com\/es\/juego\/lista-de-armas\/martillo\/\" \/>\n<meta property=\"og:locale\" content=\"es_ES\" \/>\n<meta property=\"og:type\" content=\"article\" \/>\n<meta property=\"og:title\" content=\"Arma - Martillo - DinoStorm\" \/>\n<meta property=\"og:description\" content=\"El Martillo es un lanzamisiles lo suficiente peque\u00f1o para ser manejado con una sola mana. Aqu\u00ed encontrar\u00e1s todo sobre este arma de Dino Storm.\" \/>\n<meta property=\"og:url\" content=\"https:\/\/dinostorm.com\/es\/juego\/lista-de-armas\/martillo\/\" \/>\n<meta property=\"og:site_name\" content=\"DinoStorm\" \/>\n<meta property=\"article:modified_time\" content=\"2021-06-17T12:32:42+00:00\" \/>\n<meta property=\"og:image\" content=\"https:\/\/dinostorm.com\/wp-content\/uploads\/2012\/09\/ds_jungle_01.jpg\" \/>\n\t<meta property=\"og:image:width\" content=\"1280\" \/>\n\t<meta property=\"og:image:height\" content=\"720\" \/>\n\t<meta property=\"og:image:type\" content=\"image\/jpeg\" \/>\n<meta name=\"twitter:label1\" content=\"Tiempo de lectura\" \/>\n\t<meta name=\"twitter:data1\" content=\"1 minute\" \/>\n<script type=\"application\/ld+json\" class=\"yoast-schema-graph\">{\"@context\":\"https:\\\/\\\/schema.org\",\"@graph\":[{\"@type\":\"WebPage\",\"@id\":\"https:\\\/\\\/dinostorm.com\\\/es\\\/juego\\\/lista-de-armas\\\/martillo\\\/\",\"url\":\"https:\\\/\\\/dinostorm.com\\\/es\\\/juego\\\/lista-de-armas\\\/martillo\\\/\",\"name\":\"Arma - Martillo - DinoStorm\",\"isPartOf\":{\"@id\":\"https:\\\/\\\/dinostorm.com\\\/es\\\/#website\"},\"primaryImageOfPage\":{\"@id\":\"https:\\\/\\\/dinostorm.com\\\/es\\\/juego\\\/lista-de-armas\\\/martillo\\\/#primaryimage\"},\"image\":{\"@id\":\"https:\\\/\\\/dinostorm.com\\\/es\\\/juego\\\/lista-de-armas\\\/martillo\\\/#primaryimage\"},\"thumbnailUrl\":\"https:\\\/\\\/dinostorm.com\\\/wp-content\\\/uploads\\\/2012\\\/09\\\/ds_jungle_01.jpg\",\"datePublished\":\"2012-10-18T07:13:55+00:00\",\"dateModified\":\"2021-06-17T12:32:42+00:00\",\"description\":\"El Martillo es un lanzamisiles lo suficiente peque\u00f1o para ser manejado con una sola mana. Aqu\u00ed encontrar\u00e1s todo sobre este arma de Dino Storm.\",\"breadcrumb\":{\"@id\":\"https:\\\/\\\/dinostorm.com\\\/es\\\/juego\\\/lista-de-armas\\\/martillo\\\/#breadcrumb\"},\"inLanguage\":\"es-ES\",\"potentialAction\":[{\"@type\":\"ReadAction\",\"target\":[\"https:\\\/\\\/dinostorm.com\\\/es\\\/juego\\\/lista-de-armas\\\/martillo\\\/\"]}]},{\"@type\":\"ImageObject\",\"inLanguage\":\"es-ES\",\"@id\":\"https:\\\/\\\/dinostorm.com\\\/es\\\/juego\\\/lista-de-armas\\\/martillo\\\/#primaryimage\",\"url\":\"https:\\\/\\\/dinostorm.com\\\/wp-content\\\/uploads\\\/2012\\\/09\\\/ds_jungle_01.jpg\",\"contentUrl\":\"https:\\\/\\\/dinostorm.com\\\/wp-content\\\/uploads\\\/2012\\\/09\\\/ds_jungle_01.jpg\",\"width\":1280,\"height\":720,\"caption\":\"Beware of dangerous bandits in Mokon Woods are everywhere.\"},{\"@type\":\"BreadcrumbList\",\"@id\":\"https:\\\/\\\/dinostorm.com\\\/es\\\/juego\\\/lista-de-armas\\\/martillo\\\/#breadcrumb\",\"itemListElement\":[{\"@type\":\"ListItem\",\"position\":1,\"name\":\"Home\",\"item\":\"https:\\\/\\\/dinostorm.com\\\/es\\\/\"},{\"@type\":\"ListItem\",\"position\":2,\"name\":\"Juego\",\"item\":\"https:\\\/\\\/dinostorm.com\\\/es\\\/juego\\\/\"},{\"@type\":\"ListItem\",\"position\":3,\"name\":\"Lista de Armas\",\"item\":\"https:\\\/\\\/dinostorm.com\\\/es\\\/juego\\\/lista-de-armas\\\/\"},{\"@type\":\"ListItem\",\"position\":4,\"name\":\"Arma &#8211; Martillo\"}]},{\"@type\":\"WebSite\",\"@id\":\"https:\\\/\\\/dinostorm.com\\\/es\\\/#website\",\"url\":\"https:\\\/\\\/dinostorm.com\\\/es\\\/\",\"name\":\"DinoStorm\",\"description\":\"\",\"potentialAction\":[{\"@type\":\"SearchAction\",\"target\":{\"@type\":\"EntryPoint\",\"urlTemplate\":\"https:\\\/\\\/dinostorm.com\\\/es\\\/?s={search_term_string}\"},\"query-input\":{\"@type\":\"PropertyValueSpecification\",\"valueRequired\":true,\"valueName\":\"search_term_string\"}}],\"inLanguage\":\"es-ES\"}]}<\/script>\n<!-- \/ Yoast SEO plugin. -->","yoast_head_json":{"title":"Arma - Martillo - DinoStorm","description":"El Martillo es un lanzamisiles lo suficiente peque\u00f1o para ser manejado con una sola mana. Aqu\u00ed encontrar\u00e1s todo sobre este arma de Dino Storm.","robots":{"index":"index","follow":"follow","max-snippet":"max-snippet:-1","max-image-preview":"max-image-preview:large","max-video-preview":"max-video-preview:-1"},"canonical":"https:\/\/dinostorm.com\/es\/juego\/lista-de-armas\/martillo\/","og_locale":"es_ES","og_type":"article","og_title":"Arma - Martillo - DinoStorm","og_description":"El Martillo es un lanzamisiles lo suficiente peque\u00f1o para ser manejado con una sola mana. Aqu\u00ed encontrar\u00e1s todo sobre este arma de Dino Storm.","og_url":"https:\/\/dinostorm.com\/es\/juego\/lista-de-armas\/martillo\/","og_site_name":"DinoStorm","article_modified_time":"2021-06-17T12:32:42+00:00","og_image":[{"width":1280,"height":720,"url":"https:\/\/dinostorm.com\/wp-content\/uploads\/2012\/09\/ds_jungle_01.jpg","type":"image\/jpeg"}],"twitter_misc":{"Tiempo de lectura":"1 minute"},"schema":{"@context":"https:\/\/schema.org","@graph":[{"@type":"WebPage","@id":"https:\/\/dinostorm.com\/es\/juego\/lista-de-armas\/martillo\/","url":"https:\/\/dinostorm.com\/es\/juego\/lista-de-armas\/martillo\/","name":"Arma - Martillo - DinoStorm","isPartOf":{"@id":"https:\/\/dinostorm.com\/es\/#website"},"primaryImageOfPage":{"@id":"https:\/\/dinostorm.com\/es\/juego\/lista-de-armas\/martillo\/#primaryimage"},"image":{"@id":"https:\/\/dinostorm.com\/es\/juego\/lista-de-armas\/martillo\/#primaryimage"},"thumbnailUrl":"https:\/\/dinostorm.com\/wp-content\/uploads\/2012\/09\/ds_jungle_01.jpg","datePublished":"2012-10-18T07:13:55+00:00","dateModified":"2021-06-17T12:32:42+00:00","description":"El Martillo es un lanzamisiles lo suficiente peque\u00f1o para ser manejado con una sola mana. Aqu\u00ed encontrar\u00e1s todo sobre este arma de Dino Storm.","breadcrumb":{"@id":"https:\/\/dinostorm.com\/es\/juego\/lista-de-armas\/martillo\/#breadcrumb"},"inLanguage":"es-ES","potentialAction":[{"@type":"ReadAction","target":["https:\/\/dinostorm.com\/es\/juego\/lista-de-armas\/martillo\/"]}]},{"@type":"ImageObject","inLanguage":"es-ES","@id":"https:\/\/dinostorm.com\/es\/juego\/lista-de-armas\/martillo\/#primaryimage","url":"https:\/\/dinostorm.com\/wp-content\/uploads\/2012\/09\/ds_jungle_01.jpg","contentUrl":"https:\/\/dinostorm.com\/wp-content\/uploads\/2012\/09\/ds_jungle_01.jpg","width":1280,"height":720,"caption":"Beware of dangerous bandits in Mokon Woods are everywhere."},{"@type":"BreadcrumbList","@id":"https:\/\/dinostorm.com\/es\/juego\/lista-de-armas\/martillo\/#breadcrumb","itemListElement":[{"@type":"ListItem","position":1,"name":"Home","item":"https:\/\/dinostorm.com\/es\/"},{"@type":"ListItem","position":2,"name":"Juego","item":"https:\/\/dinostorm.com\/es\/juego\/"},{"@type":"ListItem","position":3,"name":"Lista de Armas","item":"https:\/\/dinostorm.com\/es\/juego\/lista-de-armas\/"},{"@type":"ListItem","position":4,"name":"Arma &#8211; Martillo"}]},{"@type":"WebSite","@id":"https:\/\/dinostorm.com\/es\/#website","url":"https:\/\/dinostorm.com\/es\/","name":"DinoStorm","description":"","potentialAction":[{"@type":"SearchAction","target":{"@type":"EntryPoint","urlTemplate":"https:\/\/dinostorm.com\/es\/?s={search_term_string}"},"query-input":{"@type":"PropertyValueSpecification","valueRequired":true,"valueName":"search_term_string"}}],"inLanguage":"es-ES"}]}},"_links":{"self":[{"href":"https:\/\/dinostorm.com\/es\/wp-json\/wp\/v2\/pages\/4899","targetHints":{"allow":["GET"]}}],"collection":[{"href":"https:\/\/dinostorm.com\/es\/wp-json\/wp\/v2\/pages"}],"about":[{"href":"https:\/\/dinostorm.com\/es\/wp-json\/wp\/v2\/types\/page"}],"author":[{"embeddable":true,"href":"https:\/\/dinostorm.com\/es\/wp-json\/wp\/v2\/users\/26"}],"replies":[{"embeddable":true,"href":"https:\/\/dinostorm.com\/es\/wp-json\/wp\/v2\/comments?post=4899"}],"version-history":[{"count":2,"href":"https:\/\/dinostorm.com\/es\/wp-json\/wp\/v2\/pages\/4899\/revisions"}],"predecessor-version":[{"id":230129,"href":"https:\/\/dinostorm.com\/es\/wp-json\/wp\/v2\/pages\/4899\/revisions\/230129"}],"up":[{"embeddable":true,"href":"https:\/\/dinostorm.com\/es\/wp-json\/wp\/v2\/pages\/1742"}],"wp:featuredmedia":[{"embeddable":true,"href":"https:\/\/dinostorm.com\/es\/wp-json\/wp\/v2\/media\/15052"}],"wp:attachment":[{"href":"https:\/\/dinostorm.com\/es\/wp-json\/wp\/v2\/media?parent=4899"}],"curies":[{"name":"wp","href":"https:\/\/api.w.org\/{rel}","templated":true}]}}