{"id":4880,"date":"2012-10-18T09:12:31","date_gmt":"2012-10-18T07:12:31","guid":{"rendered":"http:\/\/dinostorm.com\/?page_id=4880"},"modified":"2021-07-08T11:33:54","modified_gmt":"2021-07-08T09:33:54","slug":"dinosaurio-tyrannosaurus","status":"publish","type":"page","link":"https:\/\/dinostorm.com\/es\/juego\/lista-de-dinos\/dinosaurio-tyrannosaurus\/","title":{"rendered":"Dinosaurio &#8211; Tyrannosaurus"},"content":{"rendered":"<div class=\"teaser\"><\/div>\n<h1 class=\"headline_page width_500\"><span>Dinosaurio \u2014 Tyrannosaurus<\/span><\/h1>\n<p class=\"back-button back-pos500\"><a class=\"back-block\" href=\"\/es\/juego\/lista-de-dinos\">Atr&#x00e1;s<\/a><\/p>\n<div class=\"two_thirds\">\n<h2 class=\"headline-lex\"><span>Dino Storm &#8211; Tyrannosaurus<\/span><\/h2>\n<div class=\"banner_lex\">\n<p class=\"banner_text_lex text_lex\">El <strong>Tyrannosaurus<\/strong> es excepcionalmente fuerte y como tal, es clasificado como un &#8220;atacante&#8221;. \u00a1Este carn\u00edvoro puede correr muy r\u00e1pido y har\u00e1 que todos los otros dinos tiemblen con miedo y terror, literalmente!<\/p>\n<div style=\"margin-right: 29px; float: left; width: 10px; text-align: left; position: relative; top: 40px; left: 30px\">\n<strong class=\"text_lex\" style=\"position: relative; top: 12px\">Vitalidad:<\/strong><br \/>\n<strong class=\"text_lex\" style=\"position: relative; top: 30px\">Fuerza:<\/strong><br \/>\n<strong class=\"text_lex\" style=\"position: relative; top: 50px\">Resistencia:<\/strong>\n<\/div>\n<div style=\"margin-right: 20px; float: left; width: 118px; text-align: left; position: relative; top: 70px; left: 10px\">\n<img decoding=\"async\" class=\"skill_image_lex colorbox-4880\" src=\"\/wp-content\/themes\/arras\/images\/dinostorm\/Dinos\/bar_health_1.png\" alt=\"Tyrannosaurus - Vitalidad Base: 1.\" title=\"Vitalidad Base: 1\"\/><br \/>\n<img decoding=\"async\" class=\"skill_image_lex colorbox-4880\" src=\"\/wp-content\/themes\/arras\/images\/dinostorm\/Dinos\/bar_strength_5.png\" alt=\"Tyrannosaurus - Fuerza Base: 5.\" title=\"Fuerza Base: 5\"\/><br \/>\n<img decoding=\"async\" class=\"skill_image_lex colorbox-4880\" src=\"\/wp-content\/themes\/arras\/images\/dinostorm\/Dinos\/bar_endurance_4.png\" alt=\"Tyrannosaurus - Resistencia Base: 4.\" title=\"Resistencia Base: 4\"\/>\n<\/div>\n<div class=\"icc_scale\">\n<img class=\"colorbox-4880\"  decoding=\"async\" src=\"\/wp-content\/themes\/arras\/images\/dinostorm\/Dinos\/icc_scale_pnn.png\" alt=\"\" title=\"\"\/><br \/>\n<a href=\"\/es\/juego\/lista-de-dinos\/dinosaurio-carnotaurus\/\"><img decoding=\"async\" class=\"icc_dino colorbox-4880\" src=\"\/wp-content\/themes\/arras\/images\/dinostorm\/Dinos\/carnotaurus_icon.png\" alt=\"\" title=\"\"\/><\/a><\/p>\n<div class=\"icc_text\">Atacante alternativo:<br \/>\n<strong>Carnotaurus<\/strong>\n<\/div>\n<\/div>\n<\/div>\n<div class=\"one_third\">\n<img decoding=\"async\" class=\"dino_lex_2 colorbox-4880\" src=\"\/wp-content\/themes\/arras\/images\/dinostorm\/Dinos\/Tyrannosaurus Rex.png\" alt=\"Dino Storm: Tyrannosaurus\"\/>\n<\/div>\n<\/div>\n<div class=\"clear\"><\/div>\n<div class=\"one_third\">\n<h3 class=\"headlinelex2_1\">Tyrannosaurus \u2014 Habilidades<\/h3>\n<div class=\"banner_lex2\">\n<span class=\"icon_skill_top float-left\"><br \/>\n<img class=\"colorbox-4880\"  decoding=\"async\" src=\"\/wp-content\/themes\/arras\/images\/dinostorm\/Dinos\/Trex_skill_01.png\" \nonmouseover=\"for (let el of document.querySelectorAll('.trex_idle')) el.style.visibility = 'hidden'; for (let el of document.querySelectorAll('.trex_skill1')) el.style.visibility = 'visible';\"\nonmouseout=\"for (let el of document.querySelectorAll('.trex_idle')) el.style.visibility = 'visible'; for (let el of document.querySelectorAll('.trex_skill1')) el.style.visibility = 'hidden';\"\"\nalt=\"Tyrannosaurus Habilidad Especial \u2014 Mordisco Brutal\" title=\"Habilidad Especial: Mordisco Brutal\"\/><\/span><\/p>\n<div class=\"skill-wrapper\"><span class=\"icon_skill_title\">Mordisco Brutal<\/span><\/p>\n<p class=\"icon_skill_text\">\n<\/div>\n<p><span class=\"clear\"><!-- --><\/span><span class=\"icon_skill_top float-left\"><br \/>\n<img class=\"colorbox-4880\"  decoding=\"async\" src=\"\/wp-content\/themes\/arras\/images\/dinostorm\/Dinos\/Trex_skill_02.png\" \nonmouseover=\"for (let el of document.querySelectorAll('.trex_idle')) el.style.visibility = 'hidden'; for (let el of document.querySelectorAll('.trex_skill2')) el.style.visibility = 'visible';\"\nonmouseout=\"for (let el of document.querySelectorAll('.trex_idle')) el.style.visibility = 'visible'; for (let el of document.querySelectorAll('.trex_skill2')) el.style.visibility = 'hidden';\"\"\nalt=\"Tyrannosaurus Habilidad Especial \u2014 Rugido\" title=\"Habilidad Especial: Rugido\"\/><\/span><\/p>\n<div class=\"skill-wrapper-bottom\"><span class=\"icon_skill_title\">Rugido<\/span><\/p>\n<p class=\"icon_skill_text\">\n<\/div>\n<p><span class=\"clear\"><!-- --><\/span><\/p>\n<\/div>\n<\/div>\n<div class=\"one_third\">\n<h3 class=\"headlinelex2_2\">Tyrannosaurus \u2014 Sobre el Dinosaurio<\/h3>\n<div class=\"fact_lex\">\n<p>Tyrannosaurus Rex quiere decir el Rey Tirano de los dinosaurios. Es uno de los carn&#x00ed;voros m&#x00e1;s grande de la historia. Este dinosaurio vivi&#x00f3; durante el Cret&#x00e1;cico Superior en la regi&#x00f3;n de Norte Am&#x00e9;rica.<\/p>\n<p>Los Tyrannosaurus eran b&#x00ed;pedos y ten&#x00ed;an una cabeza enorme. La cola la utilizaban para mantener el equilibrio, los dientes ten&#x00ed;an 20 cent&#x00ed;metros de longitud y eran muy afilados. Se cree que pod&#x00ed;a ejercer una fuerza de mordisco de 5 toneladas por diente.<\/p>\n<\/div>\n<\/div>\n<div class=\"dino_animations\">\n<img decoding=\"async\" class=\"trex_idle colorbox-4880\" src=\"\/wp-content\/themes\/arras\/images\/dinostorm\/Dinos\/tyrannosaurus_idle.gif\"\/><br \/>\n<img decoding=\"async\" class=\"trex_skill1 colorbox-4880\" style=\"bottom:144px\" src=\"\/wp-content\/themes\/arras\/images\/dinostorm\/Dinos\/tyrannosaurus_skill_01.gif\"\/><br \/>\n<img decoding=\"async\" class=\"trex_skill2 colorbox-4880\" style=\"bottom:461px\" src=\"\/wp-content\/themes\/arras\/images\/dinostorm\/Dinos\/tyrannosaurus_skill_02.gif\"\/>\n<\/div>\n<div class=\"full\">\n<img decoding=\"async\" class=\"hr3 margin35 colorbox-4880\" src=\"\/wp-content\/themes\/arras\/images\/dinostorm\/seperator_big.png\" alt=\"separator dino storm\" \/>\n<\/div>\n","protected":false},"excerpt":{"rendered":"<p>Dinosaurio \u2014 Tyrannosaurus Atr&#x00e1;s Dino Storm &#8211; Tyrannosaurus El Tyrannosaurus es excepcionalmente fuerte y como tal, es clasificado como un &#8220;atacante&#8221;. \u00a1Este carn\u00edvoro puede correr muy r\u00e1pido y har\u00e1 que todos los otros dinos tiemblen [&hellip;]<\/p>\n","protected":false},"author":26,"featured_media":15052,"parent":1733,"menu_order":0,"comment_status":"closed","ping_status":"closed","template":"pagetpl-onecolumn.php","meta":{"footnotes":"","_links_to":"","_links_to_target":""},"class_list":["post-4880","page","type-page","status-publish","has-post-thumbnail","hentry"],"yoast_head":"<!-- This site is optimized with the Yoast SEO plugin v27.3 - https:\/\/yoast.com\/product\/yoast-seo-wordpress\/ -->\n<title>Dinosaurio - Tyrannosaurus - DinoStorm<\/title>\n<meta name=\"description\" content=\"El Tyrannosaurus Rex es un carn\u00edvoro excepcionalmente grande que inspira terror en Dino Storm. Todo lo que necesitas saber sobre el T-Rex aqu\u00ed ...\" \/>\n<meta name=\"robots\" content=\"index, follow, max-snippet:-1, max-image-preview:large, max-video-preview:-1\" \/>\n<link rel=\"canonical\" href=\"https:\/\/dinostorm.com\/es\/juego\/lista-de-dinos\/dinosaurio-tyrannosaurus\/\" \/>\n<meta property=\"og:locale\" content=\"es_ES\" \/>\n<meta property=\"og:type\" content=\"article\" \/>\n<meta property=\"og:title\" content=\"Dinosaurio - Tyrannosaurus - DinoStorm\" \/>\n<meta property=\"og:description\" content=\"El Tyrannosaurus Rex es un carn\u00edvoro excepcionalmente grande que inspira terror en Dino Storm. Todo lo que necesitas saber sobre el T-Rex aqu\u00ed ...\" \/>\n<meta property=\"og:url\" content=\"https:\/\/dinostorm.com\/es\/juego\/lista-de-dinos\/dinosaurio-tyrannosaurus\/\" \/>\n<meta property=\"og:site_name\" content=\"DinoStorm\" \/>\n<meta property=\"article:modified_time\" content=\"2021-07-08T09:33:54+00:00\" \/>\n<meta property=\"og:image\" content=\"https:\/\/dinostorm.com\/wp-content\/uploads\/2012\/09\/ds_jungle_01.jpg\" \/>\n\t<meta property=\"og:image:width\" content=\"1280\" \/>\n\t<meta property=\"og:image:height\" content=\"720\" \/>\n\t<meta property=\"og:image:type\" content=\"image\/jpeg\" \/>\n<script type=\"application\/ld+json\" class=\"yoast-schema-graph\">{\"@context\":\"https:\\\/\\\/schema.org\",\"@graph\":[{\"@type\":\"WebPage\",\"@id\":\"https:\\\/\\\/dinostorm.com\\\/es\\\/juego\\\/lista-de-dinos\\\/dinosaurio-tyrannosaurus\\\/\",\"url\":\"https:\\\/\\\/dinostorm.com\\\/es\\\/juego\\\/lista-de-dinos\\\/dinosaurio-tyrannosaurus\\\/\",\"name\":\"Dinosaurio - Tyrannosaurus - DinoStorm\",\"isPartOf\":{\"@id\":\"https:\\\/\\\/dinostorm.com\\\/es\\\/#website\"},\"primaryImageOfPage\":{\"@id\":\"https:\\\/\\\/dinostorm.com\\\/es\\\/juego\\\/lista-de-dinos\\\/dinosaurio-tyrannosaurus\\\/#primaryimage\"},\"image\":{\"@id\":\"https:\\\/\\\/dinostorm.com\\\/es\\\/juego\\\/lista-de-dinos\\\/dinosaurio-tyrannosaurus\\\/#primaryimage\"},\"thumbnailUrl\":\"https:\\\/\\\/dinostorm.com\\\/wp-content\\\/uploads\\\/2012\\\/09\\\/ds_jungle_01.jpg\",\"datePublished\":\"2012-10-18T07:12:31+00:00\",\"dateModified\":\"2021-07-08T09:33:54+00:00\",\"description\":\"El Tyrannosaurus Rex es un carn\u00edvoro excepcionalmente grande que inspira terror en Dino Storm. Todo lo que necesitas saber sobre el T-Rex aqu\u00ed ...\",\"breadcrumb\":{\"@id\":\"https:\\\/\\\/dinostorm.com\\\/es\\\/juego\\\/lista-de-dinos\\\/dinosaurio-tyrannosaurus\\\/#breadcrumb\"},\"inLanguage\":\"es-ES\",\"potentialAction\":[{\"@type\":\"ReadAction\",\"target\":[\"https:\\\/\\\/dinostorm.com\\\/es\\\/juego\\\/lista-de-dinos\\\/dinosaurio-tyrannosaurus\\\/\"]}]},{\"@type\":\"ImageObject\",\"inLanguage\":\"es-ES\",\"@id\":\"https:\\\/\\\/dinostorm.com\\\/es\\\/juego\\\/lista-de-dinos\\\/dinosaurio-tyrannosaurus\\\/#primaryimage\",\"url\":\"https:\\\/\\\/dinostorm.com\\\/wp-content\\\/uploads\\\/2012\\\/09\\\/ds_jungle_01.jpg\",\"contentUrl\":\"https:\\\/\\\/dinostorm.com\\\/wp-content\\\/uploads\\\/2012\\\/09\\\/ds_jungle_01.jpg\",\"width\":1280,\"height\":720,\"caption\":\"Beware of dangerous bandits in Mokon Woods are everywhere.\"},{\"@type\":\"BreadcrumbList\",\"@id\":\"https:\\\/\\\/dinostorm.com\\\/es\\\/juego\\\/lista-de-dinos\\\/dinosaurio-tyrannosaurus\\\/#breadcrumb\",\"itemListElement\":[{\"@type\":\"ListItem\",\"position\":1,\"name\":\"Home\",\"item\":\"https:\\\/\\\/dinostorm.com\\\/es\\\/\"},{\"@type\":\"ListItem\",\"position\":2,\"name\":\"Juego\",\"item\":\"https:\\\/\\\/dinostorm.com\\\/es\\\/juego\\\/\"},{\"@type\":\"ListItem\",\"position\":3,\"name\":\"Lista de Dinos\",\"item\":\"https:\\\/\\\/dinostorm.com\\\/es\\\/juego\\\/lista-de-dinos\\\/\"},{\"@type\":\"ListItem\",\"position\":4,\"name\":\"Dinosaurio &#8211; Tyrannosaurus\"}]},{\"@type\":\"WebSite\",\"@id\":\"https:\\\/\\\/dinostorm.com\\\/es\\\/#website\",\"url\":\"https:\\\/\\\/dinostorm.com\\\/es\\\/\",\"name\":\"DinoStorm\",\"description\":\"\",\"potentialAction\":[{\"@type\":\"SearchAction\",\"target\":{\"@type\":\"EntryPoint\",\"urlTemplate\":\"https:\\\/\\\/dinostorm.com\\\/es\\\/?s={search_term_string}\"},\"query-input\":{\"@type\":\"PropertyValueSpecification\",\"valueRequired\":true,\"valueName\":\"search_term_string\"}}],\"inLanguage\":\"es-ES\"}]}<\/script>\n<!-- \/ Yoast SEO plugin. -->","yoast_head_json":{"title":"Dinosaurio - Tyrannosaurus - DinoStorm","description":"El Tyrannosaurus Rex es un carn\u00edvoro excepcionalmente grande que inspira terror en Dino Storm. Todo lo que necesitas saber sobre el T-Rex aqu\u00ed ...","robots":{"index":"index","follow":"follow","max-snippet":"max-snippet:-1","max-image-preview":"max-image-preview:large","max-video-preview":"max-video-preview:-1"},"canonical":"https:\/\/dinostorm.com\/es\/juego\/lista-de-dinos\/dinosaurio-tyrannosaurus\/","og_locale":"es_ES","og_type":"article","og_title":"Dinosaurio - Tyrannosaurus - DinoStorm","og_description":"El Tyrannosaurus Rex es un carn\u00edvoro excepcionalmente grande que inspira terror en Dino Storm. Todo lo que necesitas saber sobre el T-Rex aqu\u00ed ...","og_url":"https:\/\/dinostorm.com\/es\/juego\/lista-de-dinos\/dinosaurio-tyrannosaurus\/","og_site_name":"DinoStorm","article_modified_time":"2021-07-08T09:33:54+00:00","og_image":[{"width":1280,"height":720,"url":"https:\/\/dinostorm.com\/wp-content\/uploads\/2012\/09\/ds_jungle_01.jpg","type":"image\/jpeg"}],"schema":{"@context":"https:\/\/schema.org","@graph":[{"@type":"WebPage","@id":"https:\/\/dinostorm.com\/es\/juego\/lista-de-dinos\/dinosaurio-tyrannosaurus\/","url":"https:\/\/dinostorm.com\/es\/juego\/lista-de-dinos\/dinosaurio-tyrannosaurus\/","name":"Dinosaurio - Tyrannosaurus - DinoStorm","isPartOf":{"@id":"https:\/\/dinostorm.com\/es\/#website"},"primaryImageOfPage":{"@id":"https:\/\/dinostorm.com\/es\/juego\/lista-de-dinos\/dinosaurio-tyrannosaurus\/#primaryimage"},"image":{"@id":"https:\/\/dinostorm.com\/es\/juego\/lista-de-dinos\/dinosaurio-tyrannosaurus\/#primaryimage"},"thumbnailUrl":"https:\/\/dinostorm.com\/wp-content\/uploads\/2012\/09\/ds_jungle_01.jpg","datePublished":"2012-10-18T07:12:31+00:00","dateModified":"2021-07-08T09:33:54+00:00","description":"El Tyrannosaurus Rex es un carn\u00edvoro excepcionalmente grande que inspira terror en Dino Storm. Todo lo que necesitas saber sobre el T-Rex aqu\u00ed ...","breadcrumb":{"@id":"https:\/\/dinostorm.com\/es\/juego\/lista-de-dinos\/dinosaurio-tyrannosaurus\/#breadcrumb"},"inLanguage":"es-ES","potentialAction":[{"@type":"ReadAction","target":["https:\/\/dinostorm.com\/es\/juego\/lista-de-dinos\/dinosaurio-tyrannosaurus\/"]}]},{"@type":"ImageObject","inLanguage":"es-ES","@id":"https:\/\/dinostorm.com\/es\/juego\/lista-de-dinos\/dinosaurio-tyrannosaurus\/#primaryimage","url":"https:\/\/dinostorm.com\/wp-content\/uploads\/2012\/09\/ds_jungle_01.jpg","contentUrl":"https:\/\/dinostorm.com\/wp-content\/uploads\/2012\/09\/ds_jungle_01.jpg","width":1280,"height":720,"caption":"Beware of dangerous bandits in Mokon Woods are everywhere."},{"@type":"BreadcrumbList","@id":"https:\/\/dinostorm.com\/es\/juego\/lista-de-dinos\/dinosaurio-tyrannosaurus\/#breadcrumb","itemListElement":[{"@type":"ListItem","position":1,"name":"Home","item":"https:\/\/dinostorm.com\/es\/"},{"@type":"ListItem","position":2,"name":"Juego","item":"https:\/\/dinostorm.com\/es\/juego\/"},{"@type":"ListItem","position":3,"name":"Lista de Dinos","item":"https:\/\/dinostorm.com\/es\/juego\/lista-de-dinos\/"},{"@type":"ListItem","position":4,"name":"Dinosaurio &#8211; Tyrannosaurus"}]},{"@type":"WebSite","@id":"https:\/\/dinostorm.com\/es\/#website","url":"https:\/\/dinostorm.com\/es\/","name":"DinoStorm","description":"","potentialAction":[{"@type":"SearchAction","target":{"@type":"EntryPoint","urlTemplate":"https:\/\/dinostorm.com\/es\/?s={search_term_string}"},"query-input":{"@type":"PropertyValueSpecification","valueRequired":true,"valueName":"search_term_string"}}],"inLanguage":"es-ES"}]}},"_links":{"self":[{"href":"https:\/\/dinostorm.com\/es\/wp-json\/wp\/v2\/pages\/4880","targetHints":{"allow":["GET"]}}],"collection":[{"href":"https:\/\/dinostorm.com\/es\/wp-json\/wp\/v2\/pages"}],"about":[{"href":"https:\/\/dinostorm.com\/es\/wp-json\/wp\/v2\/types\/page"}],"author":[{"embeddable":true,"href":"https:\/\/dinostorm.com\/es\/wp-json\/wp\/v2\/users\/26"}],"replies":[{"embeddable":true,"href":"https:\/\/dinostorm.com\/es\/wp-json\/wp\/v2\/comments?post=4880"}],"version-history":[{"count":6,"href":"https:\/\/dinostorm.com\/es\/wp-json\/wp\/v2\/pages\/4880\/revisions"}],"predecessor-version":[{"id":237865,"href":"https:\/\/dinostorm.com\/es\/wp-json\/wp\/v2\/pages\/4880\/revisions\/237865"}],"up":[{"embeddable":true,"href":"https:\/\/dinostorm.com\/es\/wp-json\/wp\/v2\/pages\/1733"}],"wp:featuredmedia":[{"embeddable":true,"href":"https:\/\/dinostorm.com\/es\/wp-json\/wp\/v2\/media\/15052"}],"wp:attachment":[{"href":"https:\/\/dinostorm.com\/es\/wp-json\/wp\/v2\/media?parent=4880"}],"curies":[{"name":"wp","href":"https:\/\/api.w.org\/{rel}","templated":true}]}}