{"id":4877,"date":"2012-10-18T09:12:27","date_gmt":"2012-10-18T07:12:27","guid":{"rendered":"http:\/\/dinostorm.com\/?page_id=4877"},"modified":"2021-07-08T10:34:59","modified_gmt":"2021-07-08T08:34:59","slug":"dinosaurio-parasaurolophus","status":"publish","type":"page","link":"https:\/\/dinostorm.com\/es\/juego\/lista-de-dinos\/dinosaurio-parasaurolophus\/","title":{"rendered":"Dinosaurio &#8211; Parasaurolophus"},"content":{"rendered":"<div class=\"teaser\"><\/div>\n<h1 class=\"headline_page width_500\"><span>Dinosaurio \u2014 Parasaurolophus<\/span><\/h1>\n<p class=\"back-button back-pos500\"><a class=\"back-block\" href=\"\/es\/juego\/lista-de-dinos\">Atr&#x00e1;s<\/a><\/p>\n<div class=\"two_thirds\">\n<h2 class=\"headline-lex\"><span>Dino Storm &#8211; Parasaurolophus<\/span><\/h2>\n<div class=\"banner_lex\">\n<p class=\"banner_text_lex text_lex\">El <strong>Parasaurolophus<\/strong> es clasificado como un &#8220;todoterreno&#8221;; Posee fortalezas uniformemente distribuidas y ninguna debilidad real. Su velocidad de correr es un poco mas alta que la promedio, y posee algunos trucos bajo su manga.<\/p>\n<div style=\"margin-right: 29px; float: left; width: 10px; text-align: left; position: relative; top: 40px; left: 30px\">\n<strong class=\"text_lex\" style=\"position: relative; top: 12px\">Vitalidad:<\/strong><br \/>\n<strong class=\"text_lex\" style=\"position: relative; top: 30px\">Fuerza:<\/strong><br \/>\n<strong class=\"text_lex\" style=\"position: relative; top: 50px\">Resistencia:<\/strong>\n<\/div>\n<div style=\"margin-right: 20px; float: left; width: 118px; text-align: left; position: relative; top: 70px; left: 10px\">\n<img decoding=\"async\" class=\"skill_image_lex colorbox-4877\" src=\"\/wp-content\/themes\/arras\/images\/dinostorm\/Dinos\/bar_health_3.png\" alt=\"Parasaurolophus - Vitalidad Base: 3.\" title=\"Vitalidad Base: 3\"\/><br \/>\n<img decoding=\"async\" class=\"skill_image_lex colorbox-4877\" src=\"\/wp-content\/themes\/arras\/images\/dinostorm\/Dinos\/bar_strength_3.png\" alt=\"Parasaurolophus - Fuerza Base: 3.\" title=\"Fuerza Base: 3\"\/><br \/>\n<img decoding=\"async\" class=\"skill_image_lex colorbox-4877\" src=\"\/wp-content\/themes\/arras\/images\/dinostorm\/Dinos\/bar_endurance_2.png\" alt=\"Parasaurolophus - Resistencia Base: 2.\" title=\"Resistencia Base: 2\"\/>\n<\/div>\n<div class=\"icc_scale\">\n<img class=\"colorbox-4877\"  decoding=\"async\" src=\"\/wp-content\/themes\/arras\/images\/dinostorm\/Dinos\/icc_scale_pnn.png\" alt=\"\" title=\"\"\/><br \/>\n<a href=\"\/es\/juego\/lista-de-dinos\/dinosaurio-centrosaurus\/\"><img decoding=\"async\" class=\"icc_dino colorbox-4877\" src=\"\/wp-content\/themes\/arras\/images\/dinostorm\/Dinos\/centrosaurus_icon.png\" alt=\"\" title=\"\"\/><\/a><\/p>\n<div class=\"icc_text\">Alternativa todoterreno:<br \/>\n<strong>Centrosaurus<\/strong>\n<\/div>\n<\/div>\n<\/div>\n<div class=\"one_third\">\n<img decoding=\"async\" class=\"dino_lex_2 colorbox-4877\" src=\"\/wp-content\/themes\/arras\/images\/dinostorm\/Dinos\/Parasaurolophus.png\" alt=\"Dino Storm: Parasaurolophus\"\/>\n<\/div>\n<\/div>\n<div class=\"clear\"><\/div>\n<div class=\"one_third\">\n<h3 class=\"headlinelex2_1\">Parasaurolophus \u2014 Habilidades<\/h3>\n<div class=\"banner_lex2\">\n<span class=\"icon_skill_top float-left\"><br \/>\n<img class=\"colorbox-4877\"  decoding=\"async\" src=\"\/wp-content\/themes\/arras\/images\/dinostorm\/Dinos\/Parasaurolophus_skill_01.png\" \nonmouseover=\"for (let el of document.querySelectorAll('.para_idle')) el.style.visibility = 'hidden'; for (let el of document.querySelectorAll('.para_skill1')) el.style.visibility = 'visible';\"\nonmouseout=\"for (let el of document.querySelectorAll('.para_idle')) el.style.visibility = 'visible'; for (let el of document.querySelectorAll('.para_skill1')) el.style.visibility = 'hidden';\"\"\nalt=\"Parasaurolophus Habilidad Especial \u2014 Coletazo\" title=\"Habilidad Especial: Coletazo\"\/><\/span><\/p>\n<div class=\"skill-wrapper\"><span class=\"icon_skill_title\">Coletazo<\/span><\/p>\n<p class=\"icon_skill_text\">\n<\/div>\n<p><span class=\"clear\"><!-- --><\/span><span class=\"icon_skill_top float-left\"><br \/>\n<img class=\"colorbox-4877\"  decoding=\"async\" src=\"\/wp-content\/themes\/arras\/images\/dinostorm\/Dinos\/Parasaurolophus_skill_02.png\" \nonmouseover=\"for (let el of document.querySelectorAll('.para_idle')) el.style.visibility = 'hidden'; for (let el of document.querySelectorAll('.para_skill2')) el.style.visibility = 'visible';\"\nonmouseout=\"for (let el of document.querySelectorAll('.para_idle')) el.style.visibility = 'visible'; for (let el of document.querySelectorAll('.para_skill2')) el.style.visibility = 'hidden';\"\"\nalt=\"Parasaurolophus Habilidad Especial \u2014 Patada\" title=\"Habilidad Especial: Patada\"\/><\/span><\/p>\n<div class=\"skill-wrapper-bottom\"><span class=\"icon_skill_title\">Patada<\/span><\/p>\n<p class=\"icon_skill_text\">\n<\/div>\n<p><span class=\"clear\"><!-- --><\/span><\/p>\n<\/div>\n<\/div>\n<div class=\"one_third\">\n<h3 class=\"headlinelex2_2\">Parasaurolophus \u2014 Sobre el Dinosaurio<\/h3>\n<div class=\"fact_lex\">\n<p>Los Parasaurolophus vivieron durante el Cret&#x00e1;cico Superior en Norte Am&#x00e9;rica hace unos 65 millones de a&#x00f1;os. Pertenece al grupo de los hadrosaurus.<\/p>\n<p>Es caracter&#x00ed;stico de este dinosaurio su hueso craneal trasero. Se cree que era capaz de correr de forma b&#x00ed;peda. Se trataba de un animal gregario que viv&#x00ed;a en grupos peque&#x00f1;os.<\/p>\n<\/div>\n<\/div>\n<div class=\"dino_animations\">\n<img decoding=\"async\" class=\"para_idle colorbox-4877\" src=\"\/wp-content\/themes\/arras\/images\/dinostorm\/Dinos\/parasaurolophus_idle.gif\"\/><br \/>\n<img decoding=\"async\" class=\"para_skill1 colorbox-4877\" src=\"\/wp-content\/themes\/arras\/images\/dinostorm\/Dinos\/parasaurolophus_skill_01.gif\"\/><br \/>\n<img decoding=\"async\" class=\"para_skill2 colorbox-4877\" src=\"\/wp-content\/themes\/arras\/images\/dinostorm\/Dinos\/parasaurolophus_skill_02.gif\"\/>\n<\/div>\n<div class=\"full\">\n<img decoding=\"async\" class=\"hr3 margin35 colorbox-4877\" src=\"\/wp-content\/themes\/arras\/images\/dinostorm\/seperator_big.png\" alt=\"separator dino storm\" \/>\n<\/div>\n","protected":false},"excerpt":{"rendered":"<p>Dinosaurio \u2014 Parasaurolophus Atr&#x00e1;s Dino Storm &#8211; Parasaurolophus El Parasaurolophus es clasificado como un &#8220;todoterreno&#8221;; Posee fortalezas uniformemente distribuidas y ninguna debilidad real. Su velocidad de correr es un poco mas alta que la promedio, [&hellip;]<\/p>\n","protected":false},"author":26,"featured_media":15052,"parent":1733,"menu_order":0,"comment_status":"closed","ping_status":"closed","template":"pagetpl-onecolumn.php","meta":{"footnotes":"","_links_to":"","_links_to_target":""},"class_list":["post-4877","page","type-page","status-publish","has-post-thumbnail","hentry"],"yoast_head":"<!-- This site is optimized with the Yoast SEO plugin v27.4 - https:\/\/yoast.com\/product\/yoast-seo-wordpress\/ -->\n<title>Dinosaurio - Parasaurolophus - DinoStorm<\/title>\n<meta name=\"description\" content=\"El Parasaurolophus es m\u00e1s grande y fuerte que otros herb\u00edvoros de Dino Storm. Caracter\u00edsticas y habilidades del Parasaurolophus...\" \/>\n<meta name=\"robots\" content=\"index, follow, max-snippet:-1, max-image-preview:large, max-video-preview:-1\" \/>\n<link rel=\"canonical\" href=\"https:\/\/dinostorm.com\/es\/juego\/lista-de-dinos\/dinosaurio-parasaurolophus\/\" \/>\n<meta property=\"og:locale\" content=\"es_ES\" \/>\n<meta property=\"og:type\" content=\"article\" \/>\n<meta property=\"og:title\" content=\"Dinosaurio - Parasaurolophus - DinoStorm\" \/>\n<meta property=\"og:description\" content=\"El Parasaurolophus es m\u00e1s grande y fuerte que otros herb\u00edvoros de Dino Storm. Caracter\u00edsticas y habilidades del Parasaurolophus...\" \/>\n<meta property=\"og:url\" content=\"https:\/\/dinostorm.com\/es\/juego\/lista-de-dinos\/dinosaurio-parasaurolophus\/\" \/>\n<meta property=\"og:site_name\" content=\"DinoStorm\" \/>\n<meta property=\"article:modified_time\" content=\"2021-07-08T08:34:59+00:00\" \/>\n<meta property=\"og:image\" content=\"https:\/\/dinostorm.com\/wp-content\/uploads\/2012\/09\/ds_jungle_01.jpg\" \/>\n\t<meta property=\"og:image:width\" content=\"1280\" \/>\n\t<meta property=\"og:image:height\" content=\"720\" \/>\n\t<meta property=\"og:image:type\" content=\"image\/jpeg\" \/>\n<script type=\"application\/ld+json\" class=\"yoast-schema-graph\">{\"@context\":\"https:\\\/\\\/schema.org\",\"@graph\":[{\"@type\":\"WebPage\",\"@id\":\"https:\\\/\\\/dinostorm.com\\\/es\\\/juego\\\/lista-de-dinos\\\/dinosaurio-parasaurolophus\\\/\",\"url\":\"https:\\\/\\\/dinostorm.com\\\/es\\\/juego\\\/lista-de-dinos\\\/dinosaurio-parasaurolophus\\\/\",\"name\":\"Dinosaurio - Parasaurolophus - DinoStorm\",\"isPartOf\":{\"@id\":\"https:\\\/\\\/dinostorm.com\\\/es\\\/#website\"},\"primaryImageOfPage\":{\"@id\":\"https:\\\/\\\/dinostorm.com\\\/es\\\/juego\\\/lista-de-dinos\\\/dinosaurio-parasaurolophus\\\/#primaryimage\"},\"image\":{\"@id\":\"https:\\\/\\\/dinostorm.com\\\/es\\\/juego\\\/lista-de-dinos\\\/dinosaurio-parasaurolophus\\\/#primaryimage\"},\"thumbnailUrl\":\"https:\\\/\\\/dinostorm.com\\\/wp-content\\\/uploads\\\/2012\\\/09\\\/ds_jungle_01.jpg\",\"datePublished\":\"2012-10-18T07:12:27+00:00\",\"dateModified\":\"2021-07-08T08:34:59+00:00\",\"description\":\"El Parasaurolophus es m\u00e1s grande y fuerte que otros herb\u00edvoros de Dino Storm. Caracter\u00edsticas y habilidades del Parasaurolophus...\",\"breadcrumb\":{\"@id\":\"https:\\\/\\\/dinostorm.com\\\/es\\\/juego\\\/lista-de-dinos\\\/dinosaurio-parasaurolophus\\\/#breadcrumb\"},\"inLanguage\":\"es-ES\",\"potentialAction\":[{\"@type\":\"ReadAction\",\"target\":[\"https:\\\/\\\/dinostorm.com\\\/es\\\/juego\\\/lista-de-dinos\\\/dinosaurio-parasaurolophus\\\/\"]}]},{\"@type\":\"ImageObject\",\"inLanguage\":\"es-ES\",\"@id\":\"https:\\\/\\\/dinostorm.com\\\/es\\\/juego\\\/lista-de-dinos\\\/dinosaurio-parasaurolophus\\\/#primaryimage\",\"url\":\"https:\\\/\\\/dinostorm.com\\\/wp-content\\\/uploads\\\/2012\\\/09\\\/ds_jungle_01.jpg\",\"contentUrl\":\"https:\\\/\\\/dinostorm.com\\\/wp-content\\\/uploads\\\/2012\\\/09\\\/ds_jungle_01.jpg\",\"width\":1280,\"height\":720,\"caption\":\"Beware of dangerous bandits in Mokon Woods are everywhere.\"},{\"@type\":\"BreadcrumbList\",\"@id\":\"https:\\\/\\\/dinostorm.com\\\/es\\\/juego\\\/lista-de-dinos\\\/dinosaurio-parasaurolophus\\\/#breadcrumb\",\"itemListElement\":[{\"@type\":\"ListItem\",\"position\":1,\"name\":\"Home\",\"item\":\"https:\\\/\\\/dinostorm.com\\\/es\\\/\"},{\"@type\":\"ListItem\",\"position\":2,\"name\":\"Juego\",\"item\":\"https:\\\/\\\/dinostorm.com\\\/es\\\/juego\\\/\"},{\"@type\":\"ListItem\",\"position\":3,\"name\":\"Lista de Dinos\",\"item\":\"https:\\\/\\\/dinostorm.com\\\/es\\\/juego\\\/lista-de-dinos\\\/\"},{\"@type\":\"ListItem\",\"position\":4,\"name\":\"Dinosaurio &#8211; Parasaurolophus\"}]},{\"@type\":\"WebSite\",\"@id\":\"https:\\\/\\\/dinostorm.com\\\/es\\\/#website\",\"url\":\"https:\\\/\\\/dinostorm.com\\\/es\\\/\",\"name\":\"DinoStorm\",\"description\":\"\",\"potentialAction\":[{\"@type\":\"SearchAction\",\"target\":{\"@type\":\"EntryPoint\",\"urlTemplate\":\"https:\\\/\\\/dinostorm.com\\\/es\\\/?s={search_term_string}\"},\"query-input\":{\"@type\":\"PropertyValueSpecification\",\"valueRequired\":true,\"valueName\":\"search_term_string\"}}],\"inLanguage\":\"es-ES\"}]}<\/script>\n<!-- \/ Yoast SEO plugin. -->","yoast_head_json":{"title":"Dinosaurio - Parasaurolophus - DinoStorm","description":"El Parasaurolophus es m\u00e1s grande y fuerte que otros herb\u00edvoros de Dino Storm. Caracter\u00edsticas y habilidades del Parasaurolophus...","robots":{"index":"index","follow":"follow","max-snippet":"max-snippet:-1","max-image-preview":"max-image-preview:large","max-video-preview":"max-video-preview:-1"},"canonical":"https:\/\/dinostorm.com\/es\/juego\/lista-de-dinos\/dinosaurio-parasaurolophus\/","og_locale":"es_ES","og_type":"article","og_title":"Dinosaurio - Parasaurolophus - DinoStorm","og_description":"El Parasaurolophus es m\u00e1s grande y fuerte que otros herb\u00edvoros de Dino Storm. Caracter\u00edsticas y habilidades del Parasaurolophus...","og_url":"https:\/\/dinostorm.com\/es\/juego\/lista-de-dinos\/dinosaurio-parasaurolophus\/","og_site_name":"DinoStorm","article_modified_time":"2021-07-08T08:34:59+00:00","og_image":[{"width":1280,"height":720,"url":"https:\/\/dinostorm.com\/wp-content\/uploads\/2012\/09\/ds_jungle_01.jpg","type":"image\/jpeg"}],"schema":{"@context":"https:\/\/schema.org","@graph":[{"@type":"WebPage","@id":"https:\/\/dinostorm.com\/es\/juego\/lista-de-dinos\/dinosaurio-parasaurolophus\/","url":"https:\/\/dinostorm.com\/es\/juego\/lista-de-dinos\/dinosaurio-parasaurolophus\/","name":"Dinosaurio - Parasaurolophus - DinoStorm","isPartOf":{"@id":"https:\/\/dinostorm.com\/es\/#website"},"primaryImageOfPage":{"@id":"https:\/\/dinostorm.com\/es\/juego\/lista-de-dinos\/dinosaurio-parasaurolophus\/#primaryimage"},"image":{"@id":"https:\/\/dinostorm.com\/es\/juego\/lista-de-dinos\/dinosaurio-parasaurolophus\/#primaryimage"},"thumbnailUrl":"https:\/\/dinostorm.com\/wp-content\/uploads\/2012\/09\/ds_jungle_01.jpg","datePublished":"2012-10-18T07:12:27+00:00","dateModified":"2021-07-08T08:34:59+00:00","description":"El Parasaurolophus es m\u00e1s grande y fuerte que otros herb\u00edvoros de Dino Storm. Caracter\u00edsticas y habilidades del Parasaurolophus...","breadcrumb":{"@id":"https:\/\/dinostorm.com\/es\/juego\/lista-de-dinos\/dinosaurio-parasaurolophus\/#breadcrumb"},"inLanguage":"es-ES","potentialAction":[{"@type":"ReadAction","target":["https:\/\/dinostorm.com\/es\/juego\/lista-de-dinos\/dinosaurio-parasaurolophus\/"]}]},{"@type":"ImageObject","inLanguage":"es-ES","@id":"https:\/\/dinostorm.com\/es\/juego\/lista-de-dinos\/dinosaurio-parasaurolophus\/#primaryimage","url":"https:\/\/dinostorm.com\/wp-content\/uploads\/2012\/09\/ds_jungle_01.jpg","contentUrl":"https:\/\/dinostorm.com\/wp-content\/uploads\/2012\/09\/ds_jungle_01.jpg","width":1280,"height":720,"caption":"Beware of dangerous bandits in Mokon Woods are everywhere."},{"@type":"BreadcrumbList","@id":"https:\/\/dinostorm.com\/es\/juego\/lista-de-dinos\/dinosaurio-parasaurolophus\/#breadcrumb","itemListElement":[{"@type":"ListItem","position":1,"name":"Home","item":"https:\/\/dinostorm.com\/es\/"},{"@type":"ListItem","position":2,"name":"Juego","item":"https:\/\/dinostorm.com\/es\/juego\/"},{"@type":"ListItem","position":3,"name":"Lista de Dinos","item":"https:\/\/dinostorm.com\/es\/juego\/lista-de-dinos\/"},{"@type":"ListItem","position":4,"name":"Dinosaurio &#8211; Parasaurolophus"}]},{"@type":"WebSite","@id":"https:\/\/dinostorm.com\/es\/#website","url":"https:\/\/dinostorm.com\/es\/","name":"DinoStorm","description":"","potentialAction":[{"@type":"SearchAction","target":{"@type":"EntryPoint","urlTemplate":"https:\/\/dinostorm.com\/es\/?s={search_term_string}"},"query-input":{"@type":"PropertyValueSpecification","valueRequired":true,"valueName":"search_term_string"}}],"inLanguage":"es-ES"}]}},"_links":{"self":[{"href":"https:\/\/dinostorm.com\/es\/wp-json\/wp\/v2\/pages\/4877","targetHints":{"allow":["GET"]}}],"collection":[{"href":"https:\/\/dinostorm.com\/es\/wp-json\/wp\/v2\/pages"}],"about":[{"href":"https:\/\/dinostorm.com\/es\/wp-json\/wp\/v2\/types\/page"}],"author":[{"embeddable":true,"href":"https:\/\/dinostorm.com\/es\/wp-json\/wp\/v2\/users\/26"}],"replies":[{"embeddable":true,"href":"https:\/\/dinostorm.com\/es\/wp-json\/wp\/v2\/comments?post=4877"}],"version-history":[{"count":4,"href":"https:\/\/dinostorm.com\/es\/wp-json\/wp\/v2\/pages\/4877\/revisions"}],"predecessor-version":[{"id":237795,"href":"https:\/\/dinostorm.com\/es\/wp-json\/wp\/v2\/pages\/4877\/revisions\/237795"}],"up":[{"embeddable":true,"href":"https:\/\/dinostorm.com\/es\/wp-json\/wp\/v2\/pages\/1733"}],"wp:featuredmedia":[{"embeddable":true,"href":"https:\/\/dinostorm.com\/es\/wp-json\/wp\/v2\/media\/15052"}],"wp:attachment":[{"href":"https:\/\/dinostorm.com\/es\/wp-json\/wp\/v2\/media?parent=4877"}],"curies":[{"name":"wp","href":"https:\/\/api.w.org\/{rel}","templated":true}]}}