{"id":4842,"date":"2012-10-18T09:05:45","date_gmt":"2012-10-18T07:05:45","guid":{"rendered":"http:\/\/dinostorm.com\/?page_id=4842"},"modified":"2018-02-01T14:19:25","modified_gmt":"2018-02-01T12:19:25","slug":"juego","status":"publish","type":"page","link":"https:\/\/dinostorm.com\/es\/juego\/","title":{"rendered":"Juego"},"content":{"rendered":"<div class=\"teaser\"><\/div>\n<h1 class=\"headline_page width_500\"><span>Introducci&#x00f3;n a Dinostorm<\/span><\/h1>\n<p class=\"back-button back-pos500\"><a class=\"back-block\" href=\"http:\/\/dinostorm.com\/es\/\">Atr&#x00e1;s<\/a><\/p>\n<div class=\"one_half\">\n<p><img class=\"colorbox-4842\"  decoding=\"async\" src=\"\/wp-content\/themes\/arras\/images\/dinostorm\/Dino-Storm-Comic-1.png\" alt=\"The 3D multiplayer game DINO STORM\"><\/p>\n<h2>El juego 3D multijugador con Dinos, Vaqueros y Armas L&#x00e1;ser<\/h2>\n<p>Dino Storm es un juego 3D gratuito multijugador. Tiene Dinosaurios, Vaqueros y Armas L&#x00e1;ser. Echa un vistazo a nuestras wikis de dinos, armas y tecnolog&#x00ed;as o visita las FAQ para conocerlo mejor. Abajo encontrar&#x00e1;s toda la informaci&#x00f3;n de inter&#x00e9;s. &#x00a1;P&#x00e1;salo bien!<\/p>\n<\/div>\n<div class=\"one_half_last\">\n<p class=\"padding_left30\">\n<object width=\"400\" height=\"255\"><param name=\"movie\" value=\"http:\/\/www.youtube.com\/v\/li7edRhcBWQ&#038;hl=en&#038;fs=1&#038;showinfo=0\"><\/param><param name=\"allowFullScreen\" value=\"true\"><\/param><param name=\"allowscriptaccess\" value=\"always\"><\/param><embed src=\"http:\/\/www.youtube.com\/v\/li7edRhcBWQ&#038;hl=en&#038;fs=1&#038;showinfo=0\" type=\"application\/x-shockwave-flash\" allowscriptaccess=\"always\" allowfullscreen=\"true\" width=\"400\" height=\"255\"><\/embed><\/object>\n<\/p>\n<\/div>\n<div class=\"full\">\n<img decoding=\"async\" class=\"hr3 margin35 colorbox-4842\" src=\"\/wp-content\/themes\/arras\/images\/dinostorm\/seperator_small.png\" alt=\"separator dino storm\"><br \/>\n<a name=\"overview\"><\/a>\n<\/div>\n<div class=\"games_auswahl\">\n<a class=\"button1\" href=\"http:\/\/dinostorm.com\/es\/juego\/sobre-dino-storm\/\"><span>Gu&#x00ed;a de Dino Storm<\/span><\/a> <a class=\"button4\" href=\"http:\/\/dinostorm.com\/es\/juego\/lista-de-dinos\/\"><span>Lista de Dinos<\/span><\/a> <a class=\"button3\" href=\"http:\/\/dinostorm.com\/es\/juego\/dino-implantes\/\"><span>Dino Implantes<\/span><\/a><a class=\"button2\" href=\"http:\/\/dinostorm.com\/es\/juego\/faq-3\/\"><span>FAQ<\/span><\/a><a class=\"button5\" href=\"http:\/\/dinostorm.com\/es\/juego\/lista-de-armas\/\"><span>Lista de Armas<\/span><\/a><a class=\"button6\" href=\"http:\/\/dinostorm.com\/es\/juego\/modulos-de-armas\/\"><span>M&#x00f3;dulos de Armas<\/span><\/a>\n<\/div>\n<div class=full>\n<img decoding=\"async\" class=\"hr3 margin35 colorbox-4842\" src=\"\/wp-content\/themes\/arras\/images\/dinostorm\/seperator_big.png\" alt=\"separator dino storm\" \/>\n<\/div>\n","protected":false},"excerpt":{"rendered":"<p>Introducci&#x00f3;n a Dinostorm Atr&#x00e1;s El juego 3D multijugador con Dinos, Vaqueros y Armas L&#x00e1;ser Dino Storm es un juego 3D gratuito multijugador. Tiene Dinosaurios, Vaqueros y Armas L&#x00e1;ser. Echa un vistazo a nuestras wikis de [&hellip;]<\/p>\n","protected":false},"author":26,"featured_media":-1,"parent":0,"menu_order":0,"comment_status":"closed","ping_status":"closed","template":"pagetpl-onecolumn.php","meta":{"footnotes":"","_links_to":"","_links_to_target":""},"class_list":["post-4842","page","type-page","status-publish","has-post-thumbnail","hentry"],"yoast_head":"<!-- This site is optimized with the Yoast SEO plugin v27.4 - https:\/\/yoast.com\/product\/yoast-seo-wordpress\/ -->\n<title>Dino Storm - Vista general del juego online<\/title>\n<meta name=\"description\" content=\"Echa un vistazo a nuestro l\u00e9xico de dinosaurio, m\u00f3dulos de tecnolog\u00eda de la pistola de l\u00e1ser o visite nuestra ...\" \/>\n<meta name=\"robots\" content=\"index, follow, max-snippet:-1, max-image-preview:large, max-video-preview:-1\" \/>\n<link rel=\"canonical\" href=\"https:\/\/dinostorm.com\/es\/juego\/\" \/>\n<meta property=\"og:locale\" content=\"es_ES\" \/>\n<meta property=\"og:type\" content=\"article\" \/>\n<meta property=\"og:title\" content=\"Dino Storm - Vista general del juego online\" \/>\n<meta property=\"og:description\" content=\"Echa un vistazo a nuestro l\u00e9xico de dinosaurio, m\u00f3dulos de tecnolog\u00eda de la pistola de l\u00e1ser o visite nuestra ...\" \/>\n<meta property=\"og:url\" content=\"https:\/\/dinostorm.com\/es\/juego\/\" \/>\n<meta property=\"og:site_name\" content=\"DinoStorm\" \/>\n<meta property=\"article:modified_time\" content=\"2018-02-01T12:19:25+00:00\" \/>\n<meta name=\"twitter:label1\" content=\"Tiempo de lectura\" \/>\n\t<meta name=\"twitter:data1\" content=\"1 minute\" \/>\n<script type=\"application\/ld+json\" class=\"yoast-schema-graph\">{\"@context\":\"https:\\\/\\\/schema.org\",\"@graph\":[{\"@type\":\"WebPage\",\"@id\":\"https:\\\/\\\/dinostorm.com\\\/es\\\/juego\\\/\",\"url\":\"https:\\\/\\\/dinostorm.com\\\/es\\\/juego\\\/\",\"name\":\"Dino Storm - Vista general del juego online\",\"isPartOf\":{\"@id\":\"https:\\\/\\\/dinostorm.com\\\/es\\\/#website\"},\"datePublished\":\"2012-10-18T07:05:45+00:00\",\"dateModified\":\"2018-02-01T12:19:25+00:00\",\"description\":\"Echa un vistazo a nuestro l\u00e9xico de dinosaurio, m\u00f3dulos de tecnolog\u00eda de la pistola de l\u00e1ser o visite nuestra ...\",\"breadcrumb\":{\"@id\":\"https:\\\/\\\/dinostorm.com\\\/es\\\/juego\\\/#breadcrumb\"},\"inLanguage\":\"es-ES\",\"potentialAction\":[{\"@type\":\"ReadAction\",\"target\":[\"https:\\\/\\\/dinostorm.com\\\/es\\\/juego\\\/\"]}]},{\"@type\":\"BreadcrumbList\",\"@id\":\"https:\\\/\\\/dinostorm.com\\\/es\\\/juego\\\/#breadcrumb\",\"itemListElement\":[{\"@type\":\"ListItem\",\"position\":1,\"name\":\"Home\",\"item\":\"https:\\\/\\\/dinostorm.com\\\/es\\\/\"},{\"@type\":\"ListItem\",\"position\":2,\"name\":\"Juego\"}]},{\"@type\":\"WebSite\",\"@id\":\"https:\\\/\\\/dinostorm.com\\\/es\\\/#website\",\"url\":\"https:\\\/\\\/dinostorm.com\\\/es\\\/\",\"name\":\"DinoStorm\",\"description\":\"\",\"potentialAction\":[{\"@type\":\"SearchAction\",\"target\":{\"@type\":\"EntryPoint\",\"urlTemplate\":\"https:\\\/\\\/dinostorm.com\\\/es\\\/?s={search_term_string}\"},\"query-input\":{\"@type\":\"PropertyValueSpecification\",\"valueRequired\":true,\"valueName\":\"search_term_string\"}}],\"inLanguage\":\"es-ES\"}]}<\/script>\n<!-- \/ Yoast SEO plugin. -->","yoast_head_json":{"title":"Dino Storm - Vista general del juego online","description":"Echa un vistazo a nuestro l\u00e9xico de dinosaurio, m\u00f3dulos de tecnolog\u00eda de la pistola de l\u00e1ser o visite nuestra ...","robots":{"index":"index","follow":"follow","max-snippet":"max-snippet:-1","max-image-preview":"max-image-preview:large","max-video-preview":"max-video-preview:-1"},"canonical":"https:\/\/dinostorm.com\/es\/juego\/","og_locale":"es_ES","og_type":"article","og_title":"Dino Storm - Vista general del juego online","og_description":"Echa un vistazo a nuestro l\u00e9xico de dinosaurio, m\u00f3dulos de tecnolog\u00eda de la pistola de l\u00e1ser o visite nuestra ...","og_url":"https:\/\/dinostorm.com\/es\/juego\/","og_site_name":"DinoStorm","article_modified_time":"2018-02-01T12:19:25+00:00","twitter_misc":{"Tiempo de lectura":"1 minute"},"schema":{"@context":"https:\/\/schema.org","@graph":[{"@type":"WebPage","@id":"https:\/\/dinostorm.com\/es\/juego\/","url":"https:\/\/dinostorm.com\/es\/juego\/","name":"Dino Storm - Vista general del juego online","isPartOf":{"@id":"https:\/\/dinostorm.com\/es\/#website"},"datePublished":"2012-10-18T07:05:45+00:00","dateModified":"2018-02-01T12:19:25+00:00","description":"Echa un vistazo a nuestro l\u00e9xico de dinosaurio, m\u00f3dulos de tecnolog\u00eda de la pistola de l\u00e1ser o visite nuestra ...","breadcrumb":{"@id":"https:\/\/dinostorm.com\/es\/juego\/#breadcrumb"},"inLanguage":"es-ES","potentialAction":[{"@type":"ReadAction","target":["https:\/\/dinostorm.com\/es\/juego\/"]}]},{"@type":"BreadcrumbList","@id":"https:\/\/dinostorm.com\/es\/juego\/#breadcrumb","itemListElement":[{"@type":"ListItem","position":1,"name":"Home","item":"https:\/\/dinostorm.com\/es\/"},{"@type":"ListItem","position":2,"name":"Juego"}]},{"@type":"WebSite","@id":"https:\/\/dinostorm.com\/es\/#website","url":"https:\/\/dinostorm.com\/es\/","name":"DinoStorm","description":"","potentialAction":[{"@type":"SearchAction","target":{"@type":"EntryPoint","urlTemplate":"https:\/\/dinostorm.com\/es\/?s={search_term_string}"},"query-input":{"@type":"PropertyValueSpecification","valueRequired":true,"valueName":"search_term_string"}}],"inLanguage":"es-ES"}]}},"_links":{"self":[{"href":"https:\/\/dinostorm.com\/es\/wp-json\/wp\/v2\/pages\/4842","targetHints":{"allow":["GET"]}}],"collection":[{"href":"https:\/\/dinostorm.com\/es\/wp-json\/wp\/v2\/pages"}],"about":[{"href":"https:\/\/dinostorm.com\/es\/wp-json\/wp\/v2\/types\/page"}],"author":[{"embeddable":true,"href":"https:\/\/dinostorm.com\/es\/wp-json\/wp\/v2\/users\/26"}],"replies":[{"embeddable":true,"href":"https:\/\/dinostorm.com\/es\/wp-json\/wp\/v2\/comments?post=4842"}],"version-history":[{"count":0,"href":"https:\/\/dinostorm.com\/es\/wp-json\/wp\/v2\/pages\/4842\/revisions"}],"wp:featuredmedia":[{"embeddable":true,"href":"https:\/\/dinostorm.com\/es\/wp-json\/"}],"wp:attachment":[{"href":"https:\/\/dinostorm.com\/es\/wp-json\/wp\/v2\/media?parent=4842"}],"curies":[{"name":"wp","href":"https:\/\/api.w.org\/{rel}","templated":true}]}}