{"id":1742,"date":"2012-09-10T16:23:26","date_gmt":"2012-09-10T14:23:26","guid":{"rendered":"http:\/\/dinostorm.com\/?page_id=1742"},"modified":"2021-07-01T13:20:02","modified_gmt":"2021-07-01T11:20:02","slug":"lista-de-armas","status":"publish","type":"page","link":"https:\/\/dinostorm.com\/es\/juego\/lista-de-armas\/","title":{"rendered":"Lista de Armas"},"content":{"rendered":"<div class=\"teaser\"><\/div>\n<h1 class=\"headline_page width_350\"><span>Lista de Armas<\/span><\/h1>\n<p class=\"back-button back-pos350\"><a class=\"back-block\" href=\"\/es\/juego#overview\">Atr&#x00e1;s<\/a><\/p>\n<div class=\"full\">\n<img decoding=\"async\" class=\"wrapper_image_impl colorbox-1742\" src=\"\/wp-content\/themes\/arras\/images\/dinostorm\/laser-gun-cowgirl.png\" alt=\"Dino Storm: Lista de Armas\"\/><\/p>\n<div class=\"wrapper_impl\">\n<p class=\"text-impl\">La &#x00fa;ltima tecnolog&#x00ed;a en defensa. &#x00a1;Se siempre el mejor equipado!<\/p>\n<\/div>\n<\/div>\n<div class=\"full\">\n<div class=\"wrapper_dinolex\">\n<center><\/p>\n<h2>Cold Ardiente<\/h2>\n<div class=\"dino_lex\">\n<a href=\"\/es\/juego\/lista-de-armas\/cold-ardiente\"><img class=\"colorbox-1742\"  decoding=\"async\" width=\"248\" src=\"\/wp-content\/themes\/arras\/images\/dinostorm\/burningcolt.png\"  onmouseover=\"this.width=268\" onmouseout=\"this.width=248\"><\/a>\n<\/div>\n<p><\/center>\n<\/div>\n<div class=\"wrapper_dinolex\">\n<center><\/p>\n<h2>Martillo<\/h2>\n<p><a href=\"\/es\/juego\/lista-de-armas\/martillo\"><img class=\"colorbox-1742\"  decoding=\"async\" width=\"248\" src=\"\/wp-content\/themes\/arras\/images\/dinostorm\/hammer.png\"  onmouseover=\"this.width=268\" onmouseout=\"this.width=248\"><\/a><br \/>\n<\/center>\n<\/div>\n<div class=\"wrapper_dinolex\">\n<center><\/p>\n<h2>Pacificador<\/h2>\n<p><a href=\"\/es\/juego\/lista-de-armas\/pacificador\"><img class=\"colorbox-1742\"  decoding=\"async\" width=\"248\" src=\"\/wp-content\/themes\/arras\/images\/dinostorm\/peacemaker.png\"  onmouseover=\"this.width=268\" onmouseout=\"this.width=248\"><\/a><br \/>\n<\/center>\n<\/div>\n<div class=\"wrapper_dinolex\">\n<center><\/p>\n<h2>Gatling<\/h2>\n<p><a href=\"\/es\/juego\/lista-de-armas\/gatling\"><img class=\"colorbox-1742\"  decoding=\"async\" onmouseover=\"this.width=268\" onmouseout=\"this.width=248\" alt=\"\" src=\"\/wp-content\/themes\/arras\/images\/dinostorm\/gatling.png\" width=\"248\" \/><\/a><br \/>\n<\/center>\n<\/div>\n<div class=\"wrapper_dinolex\">\n<center><\/p>\n<h2>Rifle Yager<\/h2>\n<p><a href=\"\/es\/juego\/lista-de-armas\/yager-rifle\"><img class=\"colorbox-1742\"  decoding=\"async\" onmouseover=\"this.width=268\" onmouseout=\"this.width=248\" alt=\"\" src=\"\/wp-content\/themes\/arras\/images\/dinostorm\/yagerrifle.png\" width=\"248\" \/><\/a><br \/>\n<\/center>\n<\/div>\n<div class=\"wrapper_dinolex\">\n<center><\/p>\n<h2>Cortarollos<\/h2>\n<p><a href=\"\/es\/juego\/lista-de-armas\/showstopper\"><img class=\"colorbox-1742\"  decoding=\"async\" onmouseover=\"this.width=268\" onmouseout=\"this.width=248\" alt=\"\" src=\"\/wp-content\/themes\/arras\/images\/dinostorm\/showstopper.png\" width=\"248\" \/><\/a><br \/>\n<\/center>\n<\/div>\n<\/div>\n<div class=full>\n<img decoding=\"async\" class=\"hr3 colorbox-1742\" src=\"\/wp-content\/themes\/arras\/images\/dinostorm\/seperator_big.png\" alt=\"separator dino storm\" \/>\n<\/div>\n","protected":false},"excerpt":{"rendered":"<p>Lista de Armas Atr&#x00e1;s La &#x00fa;ltima tecnolog&#x00ed;a en defensa. &#x00a1;Se siempre el mejor equipado! Cold Ardiente Martillo Pacificador Gatling Rifle Yager Cortarollos<\/p>\n","protected":false},"author":26,"featured_media":15052,"parent":4842,"menu_order":0,"comment_status":"closed","ping_status":"closed","template":"pagetpl-onecolumn.php","meta":{"footnotes":"","_links_to":"","_links_to_target":""},"class_list":["post-1742","page","type-page","status-publish","has-post-thumbnail","hentry"],"yoast_head":"<!-- This site is optimized with the Yoast SEO plugin v27.5 - https:\/\/yoast.com\/product\/yoast-seo-wordpress\/ -->\n<title>Lista de Armas - DinoStorm<\/title>\n<meta name=\"description\" content=\"\u00bfQuieres saber m\u00e1s sobre Dino Storm? Encontrar\u00e1s toda la informaci\u00f3n en nuestra enciclopedia.\" \/>\n<meta name=\"robots\" content=\"index, follow, max-snippet:-1, max-image-preview:large, max-video-preview:-1\" \/>\n<link rel=\"canonical\" href=\"https:\/\/dinostorm.com\/es\/juego\/lista-de-armas\/\" \/>\n<meta property=\"og:locale\" content=\"es_ES\" \/>\n<meta property=\"og:type\" content=\"article\" \/>\n<meta property=\"og:title\" content=\"Lista de Armas - DinoStorm\" \/>\n<meta property=\"og:description\" content=\"\u00bfQuieres saber m\u00e1s sobre Dino Storm? Encontrar\u00e1s toda la informaci\u00f3n en nuestra enciclopedia.\" \/>\n<meta property=\"og:url\" content=\"https:\/\/dinostorm.com\/es\/juego\/lista-de-armas\/\" \/>\n<meta property=\"og:site_name\" content=\"DinoStorm\" \/>\n<meta property=\"article:modified_time\" content=\"2021-07-01T11:20:02+00:00\" \/>\n<meta property=\"og:image\" content=\"https:\/\/dinostorm.com\/wp-content\/uploads\/2012\/09\/ds_jungle_01.jpg\" \/>\n\t<meta property=\"og:image:width\" content=\"1280\" \/>\n\t<meta property=\"og:image:height\" content=\"720\" \/>\n\t<meta property=\"og:image:type\" content=\"image\/jpeg\" \/>\n<script type=\"application\/ld+json\" class=\"yoast-schema-graph\">{\"@context\":\"https:\\\/\\\/schema.org\",\"@graph\":[{\"@type\":\"WebPage\",\"@id\":\"https:\\\/\\\/dinostorm.com\\\/es\\\/juego\\\/lista-de-armas\\\/\",\"url\":\"https:\\\/\\\/dinostorm.com\\\/es\\\/juego\\\/lista-de-armas\\\/\",\"name\":\"Lista de Armas - DinoStorm\",\"isPartOf\":{\"@id\":\"https:\\\/\\\/dinostorm.com\\\/es\\\/#website\"},\"primaryImageOfPage\":{\"@id\":\"https:\\\/\\\/dinostorm.com\\\/es\\\/juego\\\/lista-de-armas\\\/#primaryimage\"},\"image\":{\"@id\":\"https:\\\/\\\/dinostorm.com\\\/es\\\/juego\\\/lista-de-armas\\\/#primaryimage\"},\"thumbnailUrl\":\"https:\\\/\\\/dinostorm.com\\\/wp-content\\\/uploads\\\/2012\\\/09\\\/ds_jungle_01.jpg\",\"datePublished\":\"2012-09-10T14:23:26+00:00\",\"dateModified\":\"2021-07-01T11:20:02+00:00\",\"description\":\"\u00bfQuieres saber m\u00e1s sobre Dino Storm? Encontrar\u00e1s toda la informaci\u00f3n en nuestra enciclopedia.\",\"breadcrumb\":{\"@id\":\"https:\\\/\\\/dinostorm.com\\\/es\\\/juego\\\/lista-de-armas\\\/#breadcrumb\"},\"inLanguage\":\"es-ES\",\"potentialAction\":[{\"@type\":\"ReadAction\",\"target\":[\"https:\\\/\\\/dinostorm.com\\\/es\\\/juego\\\/lista-de-armas\\\/\"]}]},{\"@type\":\"ImageObject\",\"inLanguage\":\"es-ES\",\"@id\":\"https:\\\/\\\/dinostorm.com\\\/es\\\/juego\\\/lista-de-armas\\\/#primaryimage\",\"url\":\"https:\\\/\\\/dinostorm.com\\\/wp-content\\\/uploads\\\/2012\\\/09\\\/ds_jungle_01.jpg\",\"contentUrl\":\"https:\\\/\\\/dinostorm.com\\\/wp-content\\\/uploads\\\/2012\\\/09\\\/ds_jungle_01.jpg\",\"width\":1280,\"height\":720,\"caption\":\"Beware of dangerous bandits in Mokon Woods are everywhere.\"},{\"@type\":\"BreadcrumbList\",\"@id\":\"https:\\\/\\\/dinostorm.com\\\/es\\\/juego\\\/lista-de-armas\\\/#breadcrumb\",\"itemListElement\":[{\"@type\":\"ListItem\",\"position\":1,\"name\":\"Home\",\"item\":\"https:\\\/\\\/dinostorm.com\\\/es\\\/\"},{\"@type\":\"ListItem\",\"position\":2,\"name\":\"Juego\",\"item\":\"https:\\\/\\\/dinostorm.com\\\/es\\\/juego\\\/\"},{\"@type\":\"ListItem\",\"position\":3,\"name\":\"Lista de Armas\"}]},{\"@type\":\"WebSite\",\"@id\":\"https:\\\/\\\/dinostorm.com\\\/es\\\/#website\",\"url\":\"https:\\\/\\\/dinostorm.com\\\/es\\\/\",\"name\":\"DinoStorm\",\"description\":\"\",\"potentialAction\":[{\"@type\":\"SearchAction\",\"target\":{\"@type\":\"EntryPoint\",\"urlTemplate\":\"https:\\\/\\\/dinostorm.com\\\/es\\\/?s={search_term_string}\"},\"query-input\":{\"@type\":\"PropertyValueSpecification\",\"valueRequired\":true,\"valueName\":\"search_term_string\"}}],\"inLanguage\":\"es-ES\"}]}<\/script>\n<!-- \/ Yoast SEO plugin. -->","yoast_head_json":{"title":"Lista de Armas - DinoStorm","description":"\u00bfQuieres saber m\u00e1s sobre Dino Storm? Encontrar\u00e1s toda la informaci\u00f3n en nuestra enciclopedia.","robots":{"index":"index","follow":"follow","max-snippet":"max-snippet:-1","max-image-preview":"max-image-preview:large","max-video-preview":"max-video-preview:-1"},"canonical":"https:\/\/dinostorm.com\/es\/juego\/lista-de-armas\/","og_locale":"es_ES","og_type":"article","og_title":"Lista de Armas - DinoStorm","og_description":"\u00bfQuieres saber m\u00e1s sobre Dino Storm? Encontrar\u00e1s toda la informaci\u00f3n en nuestra enciclopedia.","og_url":"https:\/\/dinostorm.com\/es\/juego\/lista-de-armas\/","og_site_name":"DinoStorm","article_modified_time":"2021-07-01T11:20:02+00:00","og_image":[{"width":1280,"height":720,"url":"https:\/\/dinostorm.com\/wp-content\/uploads\/2012\/09\/ds_jungle_01.jpg","type":"image\/jpeg"}],"schema":{"@context":"https:\/\/schema.org","@graph":[{"@type":"WebPage","@id":"https:\/\/dinostorm.com\/es\/juego\/lista-de-armas\/","url":"https:\/\/dinostorm.com\/es\/juego\/lista-de-armas\/","name":"Lista de Armas - DinoStorm","isPartOf":{"@id":"https:\/\/dinostorm.com\/es\/#website"},"primaryImageOfPage":{"@id":"https:\/\/dinostorm.com\/es\/juego\/lista-de-armas\/#primaryimage"},"image":{"@id":"https:\/\/dinostorm.com\/es\/juego\/lista-de-armas\/#primaryimage"},"thumbnailUrl":"https:\/\/dinostorm.com\/wp-content\/uploads\/2012\/09\/ds_jungle_01.jpg","datePublished":"2012-09-10T14:23:26+00:00","dateModified":"2021-07-01T11:20:02+00:00","description":"\u00bfQuieres saber m\u00e1s sobre Dino Storm? Encontrar\u00e1s toda la informaci\u00f3n en nuestra enciclopedia.","breadcrumb":{"@id":"https:\/\/dinostorm.com\/es\/juego\/lista-de-armas\/#breadcrumb"},"inLanguage":"es-ES","potentialAction":[{"@type":"ReadAction","target":["https:\/\/dinostorm.com\/es\/juego\/lista-de-armas\/"]}]},{"@type":"ImageObject","inLanguage":"es-ES","@id":"https:\/\/dinostorm.com\/es\/juego\/lista-de-armas\/#primaryimage","url":"https:\/\/dinostorm.com\/wp-content\/uploads\/2012\/09\/ds_jungle_01.jpg","contentUrl":"https:\/\/dinostorm.com\/wp-content\/uploads\/2012\/09\/ds_jungle_01.jpg","width":1280,"height":720,"caption":"Beware of dangerous bandits in Mokon Woods are everywhere."},{"@type":"BreadcrumbList","@id":"https:\/\/dinostorm.com\/es\/juego\/lista-de-armas\/#breadcrumb","itemListElement":[{"@type":"ListItem","position":1,"name":"Home","item":"https:\/\/dinostorm.com\/es\/"},{"@type":"ListItem","position":2,"name":"Juego","item":"https:\/\/dinostorm.com\/es\/juego\/"},{"@type":"ListItem","position":3,"name":"Lista de Armas"}]},{"@type":"WebSite","@id":"https:\/\/dinostorm.com\/es\/#website","url":"https:\/\/dinostorm.com\/es\/","name":"DinoStorm","description":"","potentialAction":[{"@type":"SearchAction","target":{"@type":"EntryPoint","urlTemplate":"https:\/\/dinostorm.com\/es\/?s={search_term_string}"},"query-input":{"@type":"PropertyValueSpecification","valueRequired":true,"valueName":"search_term_string"}}],"inLanguage":"es-ES"}]}},"_links":{"self":[{"href":"https:\/\/dinostorm.com\/es\/wp-json\/wp\/v2\/pages\/1742","targetHints":{"allow":["GET"]}}],"collection":[{"href":"https:\/\/dinostorm.com\/es\/wp-json\/wp\/v2\/pages"}],"about":[{"href":"https:\/\/dinostorm.com\/es\/wp-json\/wp\/v2\/types\/page"}],"author":[{"embeddable":true,"href":"https:\/\/dinostorm.com\/es\/wp-json\/wp\/v2\/users\/26"}],"replies":[{"embeddable":true,"href":"https:\/\/dinostorm.com\/es\/wp-json\/wp\/v2\/comments?post=1742"}],"version-history":[{"count":4,"href":"https:\/\/dinostorm.com\/es\/wp-json\/wp\/v2\/pages\/1742\/revisions"}],"predecessor-version":[{"id":235328,"href":"https:\/\/dinostorm.com\/es\/wp-json\/wp\/v2\/pages\/1742\/revisions\/235328"}],"up":[{"embeddable":true,"href":"https:\/\/dinostorm.com\/es\/wp-json\/wp\/v2\/pages\/4842"}],"wp:featuredmedia":[{"embeddable":true,"href":"https:\/\/dinostorm.com\/es\/wp-json\/wp\/v2\/media\/15052"}],"wp:attachment":[{"href":"https:\/\/dinostorm.com\/es\/wp-json\/wp\/v2\/media?parent=1742"}],"curies":[{"name":"wp","href":"https:\/\/api.w.org\/{rel}","templated":true}]}}