{"id":1639,"date":"2012-09-05T14:50:11","date_gmt":"2012-09-05T12:50:11","guid":{"rendered":"http:\/\/dinostorm.com\/?page_id=1639"},"modified":"2022-11-24T17:20:41","modified_gmt":"2022-11-24T15:20:41","slug":"home","status":"publish","type":"page","link":"https:\/\/dinostorm.com\/es\/","title":{"rendered":"Home"},"content":{"rendered":"<div class=\"teaser-home\"><\/div>\n<!-- Start vSlider options -->\r\n<script type=\"text\/javascript\">\r\nvar $jq = jQuery.noConflict(); $jq(document).ready(function() { \r\n    $jq('#HomeSpanisch').coinslider({ width: 960,     height: 389, spw: 3, sph: 2, delay: 6000, sDelay: 60, opacity: 0.7, titleSpeed: 0, effect: 'fade', navigation: false, links : true, stickynav: false, hoverPause: 0 }); }); \r\n    <\/script>\r\n<!-- Begin vSlider options -->\r\n<style type=\"text\/css\" media=\"screen\">\r\n#HomeSpanischcontainer {\r\n    margin: 0px -5px -5px 4px;\r\n    float:none;\r\n    }\r\n#HomeSpanisch { \r\n    width: 960px; \r\n    height: 389px;\r\n    overflow: hidden; \r\n    position: relative; \r\n    }\r\n    \r\n\r\n    #HomeSpanisch a, #HomeSpanisch a img {\r\n        border: none !important; \r\n        text-decoration: none !important; \r\n        outline: none !important;\r\n        } \r\n        \r\n    #HomeSpanisch h4 {\r\n        color: #FFFFFF !important;\r\n        margin: 0px !important;padding: 0px !important;\r\n        font-family: Arial, Helvetica, sans-serif !important;\r\n        font-size: 16px !important;}\r\n        \r\n    #HomeSpanisch .cs-title {\r\n        background: #000;\r\n        color: #FFFFFF  !important;\r\n        font-family: Arial, Helvetica, sans-serif !important;\r\n        font-size: 12px !important;\r\n        letter-spacing: normal !important;line-height: normal !important;}\r\n        \r\n    #HomeSpanisch .cs-title{ position:absolute;\r\n    width: 949px; padding: 10px;        }\r\n        #HomeSpanischcontainer .cs-buttons {clear:both; font-size: 0px; margin: ; float: left; }\r\n       #cs-button-HomeSpanisch{ z-index:999;outline:none;}\r\n                #HomeSpanischcontainer .cs-buttons { font-size: 0px; padding: 10px; float: left; outline: none !important;}\r\n           #HomeSpanischcontainer .cs-buttons a { margin-left: 5px; height: 15px; width: 15px; float: left; \r\n                            background: url('https:\/\/dinostorm.com\/wp-content\/plugins\/vslider\/images\/default_style.png') no-repeat;background-position:top;\r\n                                                text-indent: -1000px;\r\n                                                outline: none !important;\r\n                             }\r\n             #HomeSpanischcontainer .cs-buttons a:hover  { background: url('https:\/\/dinostorm.com\/wp-content\/plugins\/vslider\/images\/default_style.png') no-repeat;background-position: bottom;top:15px;outline: none !important;}\r\n            #HomeSpanischcontainer  a.cs-active { background: url('https:\/\/dinostorm.com\/wp-content\/plugins\/vslider\/images\/default_style.png') no-repeat;background-position:bottom;outline: none !important;}          \r\n                                \r\n        \r\n                 #HomeSpanisch  .cs-prev,#HomeSpanisch  .cs-next { outline:none; }\r\n           #HomeSpanisch  .cs-prev {margin-left:8px; line-height: 30px;width: 30px;height:30px; background: url('https:\/\/dinostorm.com\/wp-content\/plugins\/vslider\/images\/nav_style2_arrows-prev.png')no-repeat; text-indent: -999px;}\r\n      #HomeSpanisch  .cs-next {margin-right: 5px; line-height: 30px;width: 30px;height:30px; background: url('https:\/\/dinostorm.com\/wp-content\/plugins\/vslider\/images\/nav_style2_arrows-next.png')no-repeat; text-indent: -999px;}\r\n         \r\n       #HomeSpanisch,#HomeSpanisch img {\r\n        border:1px solid #000; \r\n        border-radius:1px;\r\n        -moz-border-radius:1px;\r\n        -webkit-border-radius:1px;\r\n        }\r\n<\/style>\r\n<!-- End vSlider options -->\r\n    <div id=\"HomeSpanischcontainer\">\r\n    <div id=\"HomeSpanisch\">       <a href=\"\" style=\"background:#fff;\" target=\"\">\r\n              <img class=\"colorbox-1639\"  decoding=\"async\" src=\"https:\/\/dinostorm.com\/wp-content\/plugins\/vslider\/timthumb.php?src=http%3A%2F%2Fdinostorm.com%2Fwp-content%2Fuploads%2F2012%2F10%2FDinoville.jpg&amp;w=960&amp;h=389&amp;zc=1&amp;q=80\" style=\"width:960px;height:389px;\" alt=\"Bienvenido a Dinoville \" \/>\r\n                    <span><h4>Bienvenido a Dinoville <\/h4>Disfruta de la acci\u00f3n 3D con tu dinosaurio, gratis en tu navegador.<\/span>\r\n                <\/a>\r\n           <a href=\"\" style=\"background:#fff;\" target=\"\">\r\n              <img class=\"colorbox-1639\"  decoding=\"async\" src=\"https:\/\/dinostorm.com\/wp-content\/plugins\/vslider\/timthumb.php?src=http%3A%2F%2Fdinostorm.com%2Fwp-content%2Fuploads%2F2012%2F10%2Ffemale_rider.jpg&amp;w=960&amp;h=389&amp;zc=1&amp;q=80\" style=\"width:960px;height:389px;\" alt=\"El Peligro Acecha\" \/>\r\n                    <span><h4>El Peligro Acecha<\/h4>Explora el enorme mundo del juego con tus amigos.<\/span>\r\n                <\/a>\r\n           <a href=\"\" style=\"background:#fff;\" target=\"\">\r\n              <img class=\"colorbox-1639\"  decoding=\"async\" src=\"https:\/\/dinostorm.com\/wp-content\/plugins\/vslider\/timthumb.php?src=http%3A%2F%2Fdinostorm.com%2Fwp-content%2Fuploads%2F2012%2F10%2Fbadguy.jpg&amp;w=960&amp;h=389&amp;zc=1&amp;q=80\" style=\"width:960px;height:389px;\" alt=\"Defiende la Ciudad de Villanos\" \/>\r\n                    <span><h4>Defiende la Ciudad de Villanos<\/h4>Enfr\u00e9ntate a despiadados bandidos y consigue tu duramente trabajado dinero en emocionantes aventuras.<\/span>\r\n                <\/a>\r\n    <\/div><\/div>\n<h1 class=\"headline-home\"><span>GRATUITO. CON DINOSAURIOS. Y ARMAS L\u00c1SER. \u2014 EL JUEGO 3D MULTIJUGADOR ONLINE.<\/span><\/h1>\n<div class=\"one_third\">\n<div class=\"Banner\">\n<div class=\"BannerInn\">\n<p class=\"BannerHead\">CARACTER\u00cdSTICAS<\/p>\n<h2 class=\"BannerH\"><strong>Dino Storm &#8211; El primer MMO con Vaqueros, Dinos y Armas L\u00e1ser<\/strong><\/h2>\n<div class=\"BannerText2\">\n<ul>\n<li>Gr\u00e1ficos 3D de nueva generaci\u00f3n en tu navegador<\/li>\n<li>Cientos de Quests<\/li>\n<li>Mejora tu propio Dinosaurio<\/li>\n<li>Muestra tu val\u00eda contra los forajidos<\/li>\n<li>Innovador Sistema de Fama<\/li>\n<\/ul>\n<\/div>\n<\/div>\n<\/div>\n<\/div>\n<div class=\"one_third_m\">\n<p class=\"headline-home2 headline-home2-pos\">TR\u00c1ILER<\/p>\n<div class=\"lyte-wrapper fourthree\" style=\"width:480px;max-width:100%;margin:5px;\"><div class=\"lyMe\" id=\"WYL_gQCBOCoQhM4\"><div id=\"lyte_gQCBOCoQhM4\" data-src=\"https:\/\/dinostorm.com\/wp-content\/plugins\/wp-youtube-lyte\/lyteCache.php?origThumbUrl=%2F%2Fi.ytimg.com%2Fvi%2FgQCBOCoQhM4%2Fhqdefault.jpg\" class=\"pL\"><div class=\"tC\"><div class=\"tT\"><\/div><\/div><div class=\"play\"><\/div><div class=\"ctrl\"><div class=\"Lctrl\"><\/div><div class=\"Rctrl\"><\/div><\/div><\/div><noscript><a href=\"https:\/\/youtu.be\/gQCBOCoQhM4\" rel=\"nofollow\"><img class=\"colorbox-1639\"  loading=\"lazy\" decoding=\"async\" src=\"https:\/\/dinostorm.com\/wp-content\/plugins\/wp-youtube-lyte\/lyteCache.php?origThumbUrl=https%3A%2F%2Fi.ytimg.com%2Fvi%2FgQCBOCoQhM4%2F0.jpg\" alt=\"YouTube video thumbnail\" width=\"480\" height=\"340\" \/><br \/>Ver este v\u00eddeo en YouTube<\/a><\/noscript><\/div><\/div><div class=\"lL\" style=\"max-width:100%;width:480px;margin:5px;\"><\/div><\/p>\n<\/div>\n<div class=\"one_third_last\">\n<div class=\"image7\">\n<a class=\"image-link\" href=\"\/es\/juego\/lista-de-dinos\">Lista de Dinos<\/a><\/div>\n<\/div>\n<div class=\"full\">\n<img decoding=\"async\" class=\"hr-home2 colorbox-1639\" src=\"\/wp-content\/themes\/arras\/images\/dinostorm\/seperator_small.png\" alt=\"separator dino storm\"><\/div>\n<div class=\"one_third\">\n<p class=\"headline-home2 headline-home2-pos\">IM\u00c1GENES<\/p>\n<div class=\"gallery\"><dl class='gallery-item'>\n\t\t\t<dt class='gallery-icon landscape'>\n\t\t\t\t<a href='https:\/\/dinostorm.com\/wp-content\/uploads\/2012\/09\/dinostorm_08.jpg'><img loading=\"lazy\" decoding=\"async\" width=\"130\" height=\"80\" src=\"https:\/\/dinostorm.com\/wp-content\/uploads\/2012\/09\/dinostorm_08-130x80.jpg\" class=\"attachment-gallery_thumbnail size-gallery_thumbnail colorbox-1639 \" alt=\"Dino Storm - Dinoville\" aria-describedby=\"gallery-1-15049\" \/><\/a>\n\t\t\t<\/dt>\n\t\t\t\t<dd class='wp-caption-text gallery-caption' id='gallery-1-15049'>\n\t\t\t\tBeautiful panorama of the western town Dinoville.\n\t\t\t\t<\/dd><\/dl><dl class='gallery-item'>\n\t\t\t<dt class='gallery-icon landscape'>\n\t\t\t\t<a href='https:\/\/dinostorm.com\/wp-content\/uploads\/2012\/09\/dinostorm_09.jpg'><img loading=\"lazy\" decoding=\"async\" width=\"130\" height=\"80\" src=\"https:\/\/dinostorm.com\/wp-content\/uploads\/2012\/09\/dinostorm_09-130x80.jpg\" class=\"attachment-gallery_thumbnail size-gallery_thumbnail colorbox-1639 \" alt=\"Dino Storm - River of Dinoville\" aria-describedby=\"gallery-1-15050\" \/><\/a>\n\t\t\t<\/dt>\n\t\t\t\t<dd class='wp-caption-text gallery-caption' id='gallery-1-15050'>\n\t\t\t\tWhat a view &#8211;  The  major river running through Dinoville.\n\t\t\t\t<\/dd><\/dl><br style=\"clear: both\" \/><dl class='gallery-item'>\n\t\t\t<dt class='gallery-icon landscape'>\n\t\t\t\t<a href='https:\/\/dinostorm.com\/wp-content\/uploads\/2012\/09\/dinostorm_11.jpg'><img loading=\"lazy\" decoding=\"async\" width=\"130\" height=\"80\" src=\"https:\/\/dinostorm.com\/wp-content\/uploads\/2012\/09\/dinostorm_11-130x80.jpg\" class=\"attachment-gallery_thumbnail size-gallery_thumbnail colorbox-1639 \" alt=\"Dino Storm - Dinosaurs in Dinoville\" aria-describedby=\"gallery-1-15051\" \/><\/a>\n\t\t\t<\/dt>\n\t\t\t\t<dd class='wp-caption-text gallery-caption' id='gallery-1-15051'>\n\t\t\t\tBack from your goldmine the saloon in Dinoville is the right place to be.\n\t\t\t\t<\/dd><\/dl><dl class='gallery-item'>\n\t\t\t<dt class='gallery-icon landscape'>\n\t\t\t\t<a href='https:\/\/dinostorm.com\/wp-content\/uploads\/2012\/09\/ds_jungle_01.jpg'><img loading=\"lazy\" decoding=\"async\" width=\"130\" height=\"80\" src=\"https:\/\/dinostorm.com\/wp-content\/uploads\/2012\/09\/ds_jungle_01-130x80.jpg\" class=\"attachment-gallery_thumbnail size-gallery_thumbnail colorbox-1639 \" alt=\"Dino Storm - Bandit in Mokon Woods\" aria-describedby=\"gallery-1-15052\" \/><\/a>\n\t\t\t<\/dt>\n\t\t\t\t<dd class='wp-caption-text gallery-caption' id='gallery-1-15052'>\n\t\t\t\tBeware of dangerous bandits in Mokon Woods are everywhere.\n\t\t\t\t<\/dd><\/dl><br style=\"clear: both\" \/><dl class='gallery-item'>\n\t\t\t<dt class='gallery-icon landscape'>\n\t\t\t\t<a href='https:\/\/dinostorm.com\/wp-content\/uploads\/2012\/09\/dinostorm_mokonwoods_01.jpg'><img loading=\"lazy\" decoding=\"async\" width=\"130\" height=\"80\" src=\"https:\/\/dinostorm.com\/wp-content\/uploads\/2012\/09\/dinostorm_mokonwoods_01-130x80.jpg\" class=\"attachment-gallery_thumbnail size-gallery_thumbnail colorbox-1639 \" alt=\"Dino Storm - Trouble in Mokon Woods\" aria-describedby=\"gallery-1-15053\" \/><\/a>\n\t\t\t<\/dt>\n\t\t\t\t<dd class='wp-caption-text gallery-caption' id='gallery-1-15053'>\n\t\t\t\tBrave Cowboys of Dinoville don\u00b4t run away &#8211; tey fight till the end.\n\t\t\t\t<\/dd><\/dl><dl class='gallery-item'>\n\t\t\t<dt class='gallery-icon landscape'>\n\t\t\t\t<a href='https:\/\/dinostorm.com\/wp-content\/uploads\/2012\/09\/dinostorm_mokonwoods_02.jpg'><img loading=\"lazy\" decoding=\"async\" width=\"130\" height=\"80\" src=\"https:\/\/dinostorm.com\/wp-content\/uploads\/2012\/09\/dinostorm_mokonwoods_02-130x80.jpg\" class=\"attachment-gallery_thumbnail size-gallery_thumbnail colorbox-1639 \" alt=\"Dino Storm - Beware dangerous creatures\" aria-describedby=\"gallery-1-15054\" \/><\/a>\n\t\t\t<\/dt>\n\t\t\t\t<dd class='wp-caption-text gallery-caption' id='gallery-1-15054'>\n\t\t\t\tBeware of dangerous creatures in Dino Storm.\n\t\t\t\t<\/dd><\/dl><br style=\"clear: both\" \/>\n\t\t<\/div>\n\n<\/div>\n<div class=\"two_thirds\">\n<p class=\"headline-home2 headline-home2-pos\">HISTORIA<\/p>\n<h2 class=\"Texth2\">Dino Storm &#8211; El juego de dinosauros para vaqueros<\/h2>\n<p>Explora nuestro nuevo juego de dinosaurios Dino Storm, el mayor juego de acci\u00f3n con dinosaurios de la historia. Dinostorm es nuestro \u00faltimo juego, el cual tiene dinosaurios, vaqueros y armas l\u00e1ser. El mejor se convertir\u00e1 en el Sheriff de la ciudad.<\/p>\n<h2 class=\"Texth2\">Dino Storm: Convi\u00e9rtete en el grandioso Sheriff de Dino Ville.<\/h2>\n<p>\u00a1Fiebre del Oro en Dino Storm! Todo el mundo quiere ser el mejor vaquero de la ciudad en este estupendo juego de dinosaurios sobre reputaci\u00f3n e influencia. Solo los mejores conseguir\u00e1n llegar a sheriff de la ciudad en el juego de dinosaurios Dino Storm. Montando tu dinosaurio y armado con tus armas l\u00e1ser deber\u00e1s probar tu val\u00eda frente a hordas de dinosaurios y bandidos despiadados. Toma edificios en el juego de dinosaurios Dino Storm y forma equipo con poderosos clanes. Explota las minas de oro y consigue fama y gloria en este juego de dinosaurios gratuito. Mejora tu propio dinosaurio gigante y tu arma laser es el gran juego de dinosaurios mmo Dino Storm.<\/p>\n<p>Consigue respeto y fama y convi\u00e9rtete en el Sheriff en el juego de navegador Dino Storm. Dino Storm es un fat\u00e1stico juego 3D multijugador online de dinosaurios. Ju\u00e9galo ahora gratis.<\/p>\n<div style=\"left: 5px; relative; top: 15px; height: 75px\"><a id=\"playnow\" class=\"colorbox-link cboxElement\" href=\"https:\/\/api.dinostorm.com\/account.php\/start\/dinostorm?lang=es&amp;affiliateId=0&amp;campaignId=0&amp;referrer=\"><img class=\"colorbox-1639\"  decoding=\"async\" src=\"\/wp-content\/themes\/arras\/images\/dinostorm\/playnow\/es\/cta_playnow.gif\" alt=\"\"><\/a><\/div>\n<\/div>\n<div class=\"full\">\n<img decoding=\"async\" class=\"hr-home2 colorbox-1639\" src=\"\/wp-content\/themes\/arras\/images\/dinostorm\/seperator_small.png\" alt=\"separator dino storm\"><\/div>\n<div class=\"full\">\n<p class=\"headline-home2 headline-home2-ab headline-home2-ab2\">\u00faltimas Noticias<\/p>\n<div class=\"home-newshr\"><\/div>\n<div class=\"news-home\"><a class=\"news-button\" href=\"\/es\/noticias\"><span>NOTICIAS<\/span><\/a><\/div>\n<\/div>\n<div class=\"full\">\n<img decoding=\"async\" class=\"hr-home colorbox-1639\" src=\"\/wp-content\/themes\/arras\/images\/dinostorm\/seperator_small.png\" alt=\"separator dino storm\"><\/div>\n<div class=\"one_fifth\">\n<h3 class=\"news home-buttons\"><a class=\"home-block\" href=\"\/es\/juego\">INTRODUCCI\u00d3N<\/a><\/h3>\n<div class=\"FooterTextNews\">\nDino Storm es un juego 3D gratuito multijugador. Tiene Dinosaurios, Vaqueros y Armas L\u00e1ser.<\/div>\n<\/div>\n<div class=\"one_fifth\">\n<h3 class=\"dinos home-buttons\"><a class=\"home-block\" href=\"\/es\/juego\/lista-de-dinos\">DINOS<\/a><\/h3>\n<div class=\"FooterText\">\n\u00bfConoces nuestros dinosaurios? Echa un vistazo a nuestro fichero. Aqu\u00ed podr\u00e1s obtener una descripci\u00f3n de cada dinosaurio de Dino Storm.<\/div>\n<\/div>\n<div class=\"one_fifth\">\n<h3 class=\"weapons home-buttons\"><a class=\"home-block\" href=\"\/es\/juego\/lista-de-armas\">ARMAS<\/a><\/h3>\n<div class=\"FooterText\">\nSi quieres saber m\u00e1s sobre las armas l\u00e1ser del juego de navegador echa un vistazo en nuestro fichero.<\/div>\n<\/div>\n<div class=\"one_fifth\">\n<h3 class=\"java home-buttons\"><a class=\"home-block\" href=\"http:\/\/forum.dinostorm.com\/viewforum.php?f=111\" target=\"_blank\" rel=\"noopener noreferrer\">JAVA<\/a><\/h3>\n<div class=\"FooterText\">\n\u00bfS\u00e1bes c\u00f3mo instalar Java en tu navegador? <a href=\"http:\/\/forum.dinostorm.com\/viewforum.php?f=111\" target=\"_blank\" rel=\"noopener noreferrer\">Aqu\u00ed<\/a> te ofrecemos algo de ayuda.<\/div>\n<\/div>\n<div class=\"one_fifth\">\n<h3 class=\"games home-buttons\"><a class=\"home-block\" href=\"http:\/\/splitscreen-games.com\/en\/games\" target=\"_blank\" rel=\"noopener noreferrer\">M\u00c1S JUEGOS<\/a><\/h3>\n<div class=\"FooterText\">\nSplitscreen puede continuar ofreci\u00e9ndote fant\u00e1sticos juegos 3D multijugador online adem\u00e1s de Dino Storm.<\/div>\n<\/div>\n<div class=\"full\">\n<img decoding=\"async\" class=\"hr2_2 colorbox-1639\" src=\"\/wp-content\/themes\/arras\/images\/dinostorm\/seperator_big.png\" alt=\"separator dino storm\"><\/div>\n","protected":false},"excerpt":{"rendered":"<p>GRATUITO. CON DINOSAURIOS. Y ARMAS L\u00c1SER. \u2014 EL JUEGO 3D MULTIJUGADOR ONLINE. CARACTER\u00cdSTICAS Dino Storm &#8211; El primer MMO con Vaqueros, Dinos y Armas L\u00e1ser Gr\u00e1ficos 3D de nueva generaci\u00f3n en tu navegador Cientos de [&hellip;]<\/p>\n","protected":false},"author":26,"featured_media":15052,"parent":0,"menu_order":0,"comment_status":"closed","ping_status":"closed","template":"pagetpl-onecolumn-home-ds2.php","meta":{"footnotes":"","_links_to":"","_links_to_target":""},"class_list":["post-1639","page","type-page","status-publish","has-post-thumbnail","hentry"],"yoast_head":"<!-- This site is optimized with the Yoast SEO plugin v27.3 - https:\/\/yoast.com\/product\/yoast-seo-wordpress\/ -->\n<title>Dino Storm - El Juego 3D con Gratuito con Dinosaurios y armas l\u00e1ser.<\/title>\n<meta name=\"description\" content=\"Explora nuestro nuevo juego de dinosaurios Dino Storm. Dino Storm es un fat\u00e1stico juego 3D multijugador online de dinosaurios. Ju\u00e9galo ahora gratis.\" \/>\n<meta name=\"robots\" content=\"index, follow, max-snippet:-1, max-image-preview:large, max-video-preview:-1\" \/>\n<link rel=\"canonical\" href=\"https:\/\/dinostorm.com\/es\/\" \/>\n<meta property=\"og:locale\" content=\"es_ES\" \/>\n<meta property=\"og:type\" content=\"article\" \/>\n<meta property=\"og:title\" content=\"Dino Storm - El Juego 3D con Gratuito con Dinosaurios y armas l\u00e1ser.\" \/>\n<meta property=\"og:description\" content=\"Explora nuestro nuevo juego de dinosaurios Dino Storm. Dino Storm es un fat\u00e1stico juego 3D multijugador online de dinosaurios. Ju\u00e9galo ahora gratis.\" \/>\n<meta property=\"og:url\" content=\"https:\/\/dinostorm.com\/es\/\" \/>\n<meta property=\"og:site_name\" content=\"DinoStorm\" \/>\n<meta property=\"article:modified_time\" content=\"2022-11-24T15:20:41+00:00\" \/>\n<meta property=\"og:image\" content=\"https:\/\/dinostorm.com\/wp-content\/uploads\/2012\/09\/dinostorm_08-130x80.jpg\" \/>\n<meta name=\"twitter:label1\" content=\"Tiempo de lectura\" \/>\n\t<meta name=\"twitter:data1\" content=\"3 minutes\" \/>\n<script type=\"application\/ld+json\" class=\"yoast-schema-graph\">{\"@context\":\"https:\\\/\\\/schema.org\",\"@graph\":[{\"@type\":\"WebPage\",\"@id\":\"https:\\\/\\\/dinostorm.com\\\/es\\\/\",\"url\":\"https:\\\/\\\/dinostorm.com\\\/es\\\/\",\"name\":\"Dino Storm - El Juego 3D con Gratuito con Dinosaurios y armas l\u00e1ser.\",\"isPartOf\":{\"@id\":\"https:\\\/\\\/dinostorm.com\\\/es\\\/#website\"},\"primaryImageOfPage\":{\"@id\":\"https:\\\/\\\/dinostorm.com\\\/es\\\/#primaryimage\"},\"image\":{\"@id\":\"https:\\\/\\\/dinostorm.com\\\/es\\\/#primaryimage\"},\"thumbnailUrl\":\"https:\\\/\\\/dinostorm.com\\\/wp-content\\\/uploads\\\/2012\\\/09\\\/ds_jungle_01.jpg\",\"datePublished\":\"2012-09-05T12:50:11+00:00\",\"dateModified\":\"2022-11-24T15:20:41+00:00\",\"description\":\"Explora nuestro nuevo juego de dinosaurios Dino Storm. Dino Storm es un fat\u00e1stico juego 3D multijugador online de dinosaurios. Ju\u00e9galo ahora gratis.\",\"breadcrumb\":{\"@id\":\"https:\\\/\\\/dinostorm.com\\\/es\\\/#breadcrumb\"},\"inLanguage\":\"es-ES\",\"potentialAction\":[{\"@type\":\"ReadAction\",\"target\":[\"https:\\\/\\\/dinostorm.com\\\/es\\\/\"]}]},{\"@type\":\"ImageObject\",\"inLanguage\":\"es-ES\",\"@id\":\"https:\\\/\\\/dinostorm.com\\\/es\\\/#primaryimage\",\"url\":\"https:\\\/\\\/dinostorm.com\\\/wp-content\\\/uploads\\\/2012\\\/09\\\/ds_jungle_01.jpg\",\"contentUrl\":\"https:\\\/\\\/dinostorm.com\\\/wp-content\\\/uploads\\\/2012\\\/09\\\/ds_jungle_01.jpg\",\"width\":1280,\"height\":720,\"caption\":\"Beware of dangerous bandits in Mokon Woods are everywhere.\"},{\"@type\":\"BreadcrumbList\",\"@id\":\"https:\\\/\\\/dinostorm.com\\\/es\\\/#breadcrumb\",\"itemListElement\":[{\"@type\":\"ListItem\",\"position\":1,\"name\":\"Home\",\"item\":\"https:\\\/\\\/dinostorm.com\\\/es\\\/\"},{\"@type\":\"ListItem\",\"position\":2,\"name\":\"Home\"}]},{\"@type\":\"WebSite\",\"@id\":\"https:\\\/\\\/dinostorm.com\\\/es\\\/#website\",\"url\":\"https:\\\/\\\/dinostorm.com\\\/es\\\/\",\"name\":\"DinoStorm\",\"description\":\"\",\"potentialAction\":[{\"@type\":\"SearchAction\",\"target\":{\"@type\":\"EntryPoint\",\"urlTemplate\":\"https:\\\/\\\/dinostorm.com\\\/es\\\/?s={search_term_string}\"},\"query-input\":{\"@type\":\"PropertyValueSpecification\",\"valueRequired\":true,\"valueName\":\"search_term_string\"}}],\"inLanguage\":\"es-ES\"}]}<\/script>\n<!-- \/ Yoast SEO plugin. -->","yoast_head_json":{"title":"Dino Storm - El Juego 3D con Gratuito con Dinosaurios y armas l\u00e1ser.","description":"Explora nuestro nuevo juego de dinosaurios Dino Storm. Dino Storm es un fat\u00e1stico juego 3D multijugador online de dinosaurios. Ju\u00e9galo ahora gratis.","robots":{"index":"index","follow":"follow","max-snippet":"max-snippet:-1","max-image-preview":"max-image-preview:large","max-video-preview":"max-video-preview:-1"},"canonical":"https:\/\/dinostorm.com\/es\/","og_locale":"es_ES","og_type":"article","og_title":"Dino Storm - El Juego 3D con Gratuito con Dinosaurios y armas l\u00e1ser.","og_description":"Explora nuestro nuevo juego de dinosaurios Dino Storm. Dino Storm es un fat\u00e1stico juego 3D multijugador online de dinosaurios. Ju\u00e9galo ahora gratis.","og_url":"https:\/\/dinostorm.com\/es\/","og_site_name":"DinoStorm","article_modified_time":"2022-11-24T15:20:41+00:00","og_image":[{"url":"https:\/\/dinostorm.com\/wp-content\/uploads\/2012\/09\/dinostorm_08-130x80.jpg","type":"","width":"","height":""}],"twitter_misc":{"Tiempo de lectura":"3 minutes"},"schema":{"@context":"https:\/\/schema.org","@graph":[{"@type":"WebPage","@id":"https:\/\/dinostorm.com\/es\/","url":"https:\/\/dinostorm.com\/es\/","name":"Dino Storm - El Juego 3D con Gratuito con Dinosaurios y armas l\u00e1ser.","isPartOf":{"@id":"https:\/\/dinostorm.com\/es\/#website"},"primaryImageOfPage":{"@id":"https:\/\/dinostorm.com\/es\/#primaryimage"},"image":{"@id":"https:\/\/dinostorm.com\/es\/#primaryimage"},"thumbnailUrl":"https:\/\/dinostorm.com\/wp-content\/uploads\/2012\/09\/ds_jungle_01.jpg","datePublished":"2012-09-05T12:50:11+00:00","dateModified":"2022-11-24T15:20:41+00:00","description":"Explora nuestro nuevo juego de dinosaurios Dino Storm. Dino Storm es un fat\u00e1stico juego 3D multijugador online de dinosaurios. Ju\u00e9galo ahora gratis.","breadcrumb":{"@id":"https:\/\/dinostorm.com\/es\/#breadcrumb"},"inLanguage":"es-ES","potentialAction":[{"@type":"ReadAction","target":["https:\/\/dinostorm.com\/es\/"]}]},{"@type":"ImageObject","inLanguage":"es-ES","@id":"https:\/\/dinostorm.com\/es\/#primaryimage","url":"https:\/\/dinostorm.com\/wp-content\/uploads\/2012\/09\/ds_jungle_01.jpg","contentUrl":"https:\/\/dinostorm.com\/wp-content\/uploads\/2012\/09\/ds_jungle_01.jpg","width":1280,"height":720,"caption":"Beware of dangerous bandits in Mokon Woods are everywhere."},{"@type":"BreadcrumbList","@id":"https:\/\/dinostorm.com\/es\/#breadcrumb","itemListElement":[{"@type":"ListItem","position":1,"name":"Home","item":"https:\/\/dinostorm.com\/es\/"},{"@type":"ListItem","position":2,"name":"Home"}]},{"@type":"WebSite","@id":"https:\/\/dinostorm.com\/es\/#website","url":"https:\/\/dinostorm.com\/es\/","name":"DinoStorm","description":"","potentialAction":[{"@type":"SearchAction","target":{"@type":"EntryPoint","urlTemplate":"https:\/\/dinostorm.com\/es\/?s={search_term_string}"},"query-input":{"@type":"PropertyValueSpecification","valueRequired":true,"valueName":"search_term_string"}}],"inLanguage":"es-ES"}]}},"_links":{"self":[{"href":"https:\/\/dinostorm.com\/es\/wp-json\/wp\/v2\/pages\/1639","targetHints":{"allow":["GET"]}}],"collection":[{"href":"https:\/\/dinostorm.com\/es\/wp-json\/wp\/v2\/pages"}],"about":[{"href":"https:\/\/dinostorm.com\/es\/wp-json\/wp\/v2\/types\/page"}],"author":[{"embeddable":true,"href":"https:\/\/dinostorm.com\/es\/wp-json\/wp\/v2\/users\/26"}],"replies":[{"embeddable":true,"href":"https:\/\/dinostorm.com\/es\/wp-json\/wp\/v2\/comments?post=1639"}],"version-history":[{"count":4,"href":"https:\/\/dinostorm.com\/es\/wp-json\/wp\/v2\/pages\/1639\/revisions"}],"predecessor-version":[{"id":362191,"href":"https:\/\/dinostorm.com\/es\/wp-json\/wp\/v2\/pages\/1639\/revisions\/362191"}],"wp:featuredmedia":[{"embeddable":true,"href":"https:\/\/dinostorm.com\/es\/wp-json\/wp\/v2\/media\/15052"}],"wp:attachment":[{"href":"https:\/\/dinostorm.com\/es\/wp-json\/wp\/v2\/media?parent=1639"}],"curies":[{"name":"wp","href":"https:\/\/api.w.org\/{rel}","templated":true}]}}