{"id":1296,"date":"2011-02-15T23:52:31","date_gmt":"2011-02-15T21:52:31","guid":{"rendered":"http:\/\/dinostorm.com\/sobre-dino-storm"},"modified":"2013-09-05T14:31:43","modified_gmt":"2013-09-05T14:31:43","slug":"sobre-dino-storm","status":"publish","type":"page","link":"https:\/\/dinostorm.com\/es\/juego\/sobre-dino-storm\/","title":{"rendered":"Sobre Dino Storm"},"content":{"rendered":"<div class=\"teaser\"><\/div>\n<h1 class=\"headline_page width_350\"><span>Sobre Dino Storm<\/span><\/h1>\n<p class=\"back-button back-pos350\"><a class=\"back-block\" href=\"\/es\/juego#overview\">Atr&#x00e1;s<\/a><\/p>\n<div class=\"one_half\">\n<h2>El Juego<\/h2>\n<p>Fama y fortuna esperan a los valientes aventureros en el juego multijugador 3D gratuito Dino Storm. Con solo un pu\u00f1ado de d\u00f3lares en tus bolsillos, algo de munici\u00f3n un arma l\u00e1ser cargada y tu peque\u00f1o dinosaurio sigues tu camino hasta Dinoville. Enfr\u00e9ntate a enormes hordas de dinosaurios y bandidos despiadados y comienza la b\u00fasqueda de objetos de valor. Maneja y controla distintos tipos de edificios, fuertes y minas, defi\u00e9ndelos de otros jugadores y consigue fama y respeto. Solo los mejores conseguir\u00e1n convertirse en Sheriffs de Dinoville.<\/p>\n<p><img class=\"colorbox-1296\"  decoding=\"async\" src=\"\/wp-content\/themes\/arras\/images\/dinostorm\/Dino-Storm-Comic3.png\" alt=\"The online 3d games Dino Storm\"><\/p>\n<\/div>\n<div class=\"one_half_last\">\n<h2>Bienvenido a Dinoville<\/h2>\n<p>En un principio Dinoville era la t\u00edpica ciudad peque\u00f1a y tranquila del Salvaje Oeste. Por un pu\u00f1ado de d\u00f3lares algunos trabajadores hac\u00edan las veces de Rangers montando dinosaurios, desarrollando armas ultra modernas y enfrent\u00e1ndose a hordas salvajes de dinosaurios en la pradera. El Sheriff manten\u00eda la paz y ten\u00eda la ley y el orden de su lado.<br \/>\nPero enormes dep\u00f3sitos de oro fueron encontrados en Dinoville. Buscadores con suerte comenzaron a gastar su riqueza en el sal\u00f3n y los rumores de la riqueza de la ciudad se extendieron r\u00e1pido c\u00f3mo la p\u00f3lvora. No tardaron mucho en aparecer los primeros aventureros en Dinoville reclamando tierras y minas queri\u00e9ndose hacer con el oro encontrado.<br \/>\nPero junto con los aventureros honrados tambi\u00e9n aparecieron bandas organizadas de ladrones y asaltantes. Los due\u00f1os de las minas las defendieron con ayuda del respeto ganado entre sus amigos. Muchos reci\u00e9n llegados tienen la posibilidad de ganar algunos d\u00f3lares combatiendo los bandidos, pero no todos pueden resistir la atracci\u00f3n por el oro.<\/p>\n<\/div>\n<div class=\"full3\">\n<p><img class=\"colorbox-1296\"  decoding=\"async\" src=\"\/wp-content\/themes\/arras\/images\/dinostorm\/Dino-Storm-Header-1.png\" alt=\"Free 3d game Dino Storm\"><\/p>\n<\/div>\n<div class=\"one_half\">\n<h2>Caracter\u00edsticas<\/h2>\n<h3>Explora el Mundo del Juego<\/h3>\n<p>Un mundo variado espera a los aventureros alrededor de Dinoville. Hordas de dinosaurios se mueven entre los ca\u00f1ones, los bandidos acechan en cualquier lugar y se pueden encontrar valiosos objetos si se sabe buscar. El mundo del juego nunca es igual, el peligro es constante. Cualquier expedici\u00f3n debe prepararse adecuadamente.<\/p>\n<h3>Vende tu Bot\u00edn<\/h3>\n<p>Incontables objetos pueden ser conseguidos en el mundo del juego. Si llevas tu bot\u00edn a la ciudad puedes venderlo en el Mercado por Dino D\u00f3lares. As\u00ed mismo ser\u00e1s recompensado con oro por las tareas que realices diariamente.<\/p>\n<h3>Experiencia de Aventura Abierta<\/h3>\n<p>C\u00f3mo Ranger en Dinoville siempre estar\u00e1s ocupado. Desde acabar con los villanos que incordian a los habitantes de la ciudad, b\u00fasqueda de f\u00f3siles, recolecci\u00f3n de comida hasta manejar ganado y luchar contra bestias, todos los jugadores tienen un mont\u00f3n de cosas que hacer  juntos. Conseguir\u00e1s d\u00f3lares y reconocimiento como recompensa por tu ayuda.<\/p>\n<h3>Controla Edificios en Disputa<\/h3>\n<p>Los edificios como las minas, avanzadas o teleportadores pueden encontrarse alrededor de Dinoville. Puedes tomar el control de esos edificios. Los m\u00e1s importantes de permitir\u00e1n acumular cantidades enormes de fama y fortuna. Pero atenci\u00f3n, debes abastecer tus edificios de forma regular y defenderlos de otros jugadores que quieran tomarlos. Todo el que quiera poseer las minas de oro debe estar bien preparado para el combate.<\/p>\n<\/div>\n<div class=\"one_half_last\">\n<\/br><\/br><\/br><\/p>\n<h3>Crea tu Banda<\/h3>\n<p>\u00a1La uni\u00f3n hace la fuerza! \u00danete a tus amigos y crea una banda.  En equipo puedes avanzar mejor en el mundo de Dino Storm y defender de manera eficiente tus edificios.<\/p>\n<h3>Consigue Cargos y Convi\u00e9rtete en Sheriff.<\/h3>\n<p>Teniendo \u00e9xito en aventuras y operando edificios conseguir\u00e1s cada vez m\u00e1s reconocimiento. Este reconocimiento te ayudar\u00e1 al presentarte para un cargo en la ciudad. Debes prevalecer sobre otros jugadores, solamente los mejores conseguir\u00e1n hacerse con los cargos de mayor importancia.<\/p>\n<p>Los cargos dan privilegios especiales, como el acceso a dinosaurios especiales y objetos poderosos.<br \/>\n<\/br><\/br><br \/>\n<center><img class=\"colorbox-1296\"  decoding=\"async\" src=\"\/wp-content\/themes\/arras\/images\/dinostorm\/Dino-Storm-Comic-2.png\" alt=\"The 3d online game Dino Storm, play now for free\"><\/center><\/p>\n<\/div>\n<div class=full>\n<img decoding=\"async\" class=\"hr3 colorbox-1296\" src=\"\/wp-content\/themes\/arras\/images\/dinostorm\/Dino-Storm-Header-2.png\" alt=\"Dino Storm, 3d game online\"><br \/>\n<img decoding=\"async\" class=\"hr3 colorbox-1296\" src=\"\/wp-content\/themes\/arras\/images\/dinostorm\/seperator_big.png\" alt=\"separator dino storm\" \/>\n<\/div>\n","protected":false},"excerpt":{"rendered":"<p>Sobre Dino Storm Atr&#x00e1;s El Juego Fama y fortuna esperan a los valientes aventureros en el juego multijugador 3D gratuito Dino Storm. Con solo un pu\u00f1ado de d\u00f3lares en tus bolsillos, algo de munici\u00f3n un [&hellip;]<\/p>\n","protected":false},"author":26,"featured_media":-1,"parent":4842,"menu_order":0,"comment_status":"closed","ping_status":"closed","template":"pagetpl-onecolumn.php","meta":{"footnotes":"","_links_to":"","_links_to_target":""},"class_list":["post-1296","page","type-page","status-publish","has-post-thumbnail","hentry"],"yoast_head":"<!-- This site is optimized with the Yoast SEO plugin v27.4 - https:\/\/yoast.com\/product\/yoast-seo-wordpress\/ -->\n<title>Sobre Dino Storm - DinoStorm<\/title>\n<meta name=\"robots\" content=\"index, follow, max-snippet:-1, max-image-preview:large, max-video-preview:-1\" \/>\n<link rel=\"canonical\" href=\"https:\/\/dinostorm.com\/es\/juego\/sobre-dino-storm\/\" \/>\n<meta property=\"og:locale\" content=\"es_ES\" \/>\n<meta property=\"og:type\" content=\"article\" \/>\n<meta property=\"og:title\" content=\"Sobre Dino Storm - DinoStorm\" \/>\n<meta property=\"og:description\" content=\"Sobre Dino Storm Atr&#xe1;s El Juego Fama y fortuna esperan a los valientes aventureros en el juego multijugador 3D gratuito Dino Storm. Con solo un pu\u00f1ado de d\u00f3lares en tus bolsillos, algo de munici\u00f3n un [&hellip;]\" \/>\n<meta property=\"og:url\" content=\"https:\/\/dinostorm.com\/es\/juego\/sobre-dino-storm\/\" \/>\n<meta property=\"og:site_name\" content=\"DinoStorm\" \/>\n<meta property=\"article:modified_time\" content=\"2013-09-05T14:31:43+00:00\" \/>\n<meta name=\"twitter:label1\" content=\"Tiempo de lectura\" \/>\n\t<meta name=\"twitter:data1\" content=\"3 minutes\" \/>\n<script type=\"application\/ld+json\" class=\"yoast-schema-graph\">{\"@context\":\"https:\\\/\\\/schema.org\",\"@graph\":[{\"@type\":\"WebPage\",\"@id\":\"https:\\\/\\\/dinostorm.com\\\/es\\\/juego\\\/sobre-dino-storm\\\/\",\"url\":\"https:\\\/\\\/dinostorm.com\\\/es\\\/juego\\\/sobre-dino-storm\\\/\",\"name\":\"Sobre Dino Storm - DinoStorm\",\"isPartOf\":{\"@id\":\"https:\\\/\\\/dinostorm.com\\\/es\\\/#website\"},\"datePublished\":\"2011-02-15T21:52:31+00:00\",\"dateModified\":\"2013-09-05T14:31:43+00:00\",\"breadcrumb\":{\"@id\":\"https:\\\/\\\/dinostorm.com\\\/es\\\/juego\\\/sobre-dino-storm\\\/#breadcrumb\"},\"inLanguage\":\"es-ES\",\"potentialAction\":[{\"@type\":\"ReadAction\",\"target\":[\"https:\\\/\\\/dinostorm.com\\\/es\\\/juego\\\/sobre-dino-storm\\\/\"]}]},{\"@type\":\"BreadcrumbList\",\"@id\":\"https:\\\/\\\/dinostorm.com\\\/es\\\/juego\\\/sobre-dino-storm\\\/#breadcrumb\",\"itemListElement\":[{\"@type\":\"ListItem\",\"position\":1,\"name\":\"Home\",\"item\":\"https:\\\/\\\/dinostorm.com\\\/es\\\/\"},{\"@type\":\"ListItem\",\"position\":2,\"name\":\"Juego\",\"item\":\"https:\\\/\\\/dinostorm.com\\\/es\\\/juego\\\/\"},{\"@type\":\"ListItem\",\"position\":3,\"name\":\"Sobre Dino Storm\"}]},{\"@type\":\"WebSite\",\"@id\":\"https:\\\/\\\/dinostorm.com\\\/es\\\/#website\",\"url\":\"https:\\\/\\\/dinostorm.com\\\/es\\\/\",\"name\":\"DinoStorm\",\"description\":\"\",\"potentialAction\":[{\"@type\":\"SearchAction\",\"target\":{\"@type\":\"EntryPoint\",\"urlTemplate\":\"https:\\\/\\\/dinostorm.com\\\/es\\\/?s={search_term_string}\"},\"query-input\":{\"@type\":\"PropertyValueSpecification\",\"valueRequired\":true,\"valueName\":\"search_term_string\"}}],\"inLanguage\":\"es-ES\"}]}<\/script>\n<!-- \/ Yoast SEO plugin. -->","yoast_head_json":{"title":"Sobre Dino Storm - DinoStorm","robots":{"index":"index","follow":"follow","max-snippet":"max-snippet:-1","max-image-preview":"max-image-preview:large","max-video-preview":"max-video-preview:-1"},"canonical":"https:\/\/dinostorm.com\/es\/juego\/sobre-dino-storm\/","og_locale":"es_ES","og_type":"article","og_title":"Sobre Dino Storm - DinoStorm","og_description":"Sobre Dino Storm Atr&#x00e1;s El Juego Fama y fortuna esperan a los valientes aventureros en el juego multijugador 3D gratuito Dino Storm. Con solo un pu\u00f1ado de d\u00f3lares en tus bolsillos, algo de munici\u00f3n un [&hellip;]","og_url":"https:\/\/dinostorm.com\/es\/juego\/sobre-dino-storm\/","og_site_name":"DinoStorm","article_modified_time":"2013-09-05T14:31:43+00:00","twitter_misc":{"Tiempo de lectura":"3 minutes"},"schema":{"@context":"https:\/\/schema.org","@graph":[{"@type":"WebPage","@id":"https:\/\/dinostorm.com\/es\/juego\/sobre-dino-storm\/","url":"https:\/\/dinostorm.com\/es\/juego\/sobre-dino-storm\/","name":"Sobre Dino Storm - DinoStorm","isPartOf":{"@id":"https:\/\/dinostorm.com\/es\/#website"},"datePublished":"2011-02-15T21:52:31+00:00","dateModified":"2013-09-05T14:31:43+00:00","breadcrumb":{"@id":"https:\/\/dinostorm.com\/es\/juego\/sobre-dino-storm\/#breadcrumb"},"inLanguage":"es-ES","potentialAction":[{"@type":"ReadAction","target":["https:\/\/dinostorm.com\/es\/juego\/sobre-dino-storm\/"]}]},{"@type":"BreadcrumbList","@id":"https:\/\/dinostorm.com\/es\/juego\/sobre-dino-storm\/#breadcrumb","itemListElement":[{"@type":"ListItem","position":1,"name":"Home","item":"https:\/\/dinostorm.com\/es\/"},{"@type":"ListItem","position":2,"name":"Juego","item":"https:\/\/dinostorm.com\/es\/juego\/"},{"@type":"ListItem","position":3,"name":"Sobre Dino Storm"}]},{"@type":"WebSite","@id":"https:\/\/dinostorm.com\/es\/#website","url":"https:\/\/dinostorm.com\/es\/","name":"DinoStorm","description":"","potentialAction":[{"@type":"SearchAction","target":{"@type":"EntryPoint","urlTemplate":"https:\/\/dinostorm.com\/es\/?s={search_term_string}"},"query-input":{"@type":"PropertyValueSpecification","valueRequired":true,"valueName":"search_term_string"}}],"inLanguage":"es-ES"}]}},"_links":{"self":[{"href":"https:\/\/dinostorm.com\/es\/wp-json\/wp\/v2\/pages\/1296","targetHints":{"allow":["GET"]}}],"collection":[{"href":"https:\/\/dinostorm.com\/es\/wp-json\/wp\/v2\/pages"}],"about":[{"href":"https:\/\/dinostorm.com\/es\/wp-json\/wp\/v2\/types\/page"}],"author":[{"embeddable":true,"href":"https:\/\/dinostorm.com\/es\/wp-json\/wp\/v2\/users\/26"}],"replies":[{"embeddable":true,"href":"https:\/\/dinostorm.com\/es\/wp-json\/wp\/v2\/comments?post=1296"}],"version-history":[{"count":0,"href":"https:\/\/dinostorm.com\/es\/wp-json\/wp\/v2\/pages\/1296\/revisions"}],"up":[{"embeddable":true,"href":"https:\/\/dinostorm.com\/es\/wp-json\/wp\/v2\/pages\/4842"}],"wp:featuredmedia":[{"embeddable":true,"href":"https:\/\/dinostorm.com\/es\/wp-json\/"}],"wp:attachment":[{"href":"https:\/\/dinostorm.com\/es\/wp-json\/wp\/v2\/media?parent=1296"}],"curies":[{"name":"wp","href":"https:\/\/api.w.org\/{rel}","templated":true}]}}