{"id":1284,"date":"2011-01-12T22:09:13","date_gmt":"2011-01-12T20:09:13","guid":{"rendered":"http:\/\/dinostorm.com\/faq-3"},"modified":"2014-10-22T17:00:44","modified_gmt":"2014-10-22T15:00:44","slug":"faq-3","status":"publish","type":"page","link":"https:\/\/dinostorm.com\/es\/juego\/faq-3\/","title":{"rendered":"FAQ"},"content":{"rendered":"<div class=\"teaser\"><\/div>\n<h1 class=\"headline_page width_350\"><span>Dino Storm &#8211; FAQ<\/span><\/h1>\n<p class=\"back-button back-pos350\"><a class=\"back-block\" href=\"\/es\/juego#overview\">Atr\u00e1s<\/a><\/p>\n<div class=\"one_half\">\n<h2>\u00bfQu\u00e9 es Dino Storm?<\/h2>\n<p>Dino Storm es un juego online gratuito con magn\u00edficos gr\u00e1ficos 3D. T\u00fa eres un valiente ranger que se dirige a Dinoville, lugar donde se ha encontrado oro en abundancia. Con solo un pu\u00f1ado de d\u00f3lares en tus bolsillos, algo de munici\u00f3n y tu peque\u00f1o dinosaurio has llegado a la una vez tranquila ciudad del oeste. Enfr\u00e9ntate a enormes hordas de dinosaurios y bandidos despiadados y comienza una emocionante b\u00fasqueda de objetos valiosos. Hazte con campos de suministro, avanzadas y minas de oro, defi\u00e9ndelos de otros jugadores y consigue fama y respeto. Solo los mejores lograr\u00e1n convertirse en el Sheriff de la ciudad.<\/p>\n<h2>\u00bfCuanto cuesta jugar a Dino Storm?<\/h2>\n<p>Registrarse y jugar es gratis. El registro se completa en un momento, sin ninguna oblicaci\u00f3n, y en pocos segundos ya est\u00e1s en el juego montando tu primer dinosaurio. No pedimos informaci\u00f3n personal, solo que juegues.<\/p>\n<h2>\u00bfQue consigo jugnado gratis?<\/h2>\n<p>Todo. Acceso a todos los contenidos del juego sin restricciones de ning\u00fan tipo. Tendr\u00e1s todas las actualizaciones incluido nuevo contenido y solventaci\u00f3n de problemas (en el extraordinario caso de que hayan fallos) de forma autom\u00e1tica y gratuita. Todo es gratis. Por supuesto nuestro equipo necesitar\u00e1 eventualmente una nueva caja de cervezas. Es por eso que por peque\u00f1as cantidades de dinero podr\u00e1s llenar tu cuenta con algunos objetos especiales y ventajas, de manera que nunca te veas desbordado por las amenazas que te esperan en Dino Storm.<\/p>\n<h2>\u00bfDe donde viene la idea de Dino Storm?<\/h2>\n<p>Dino Storm no es el t\u00edpico proyecto que las compa\u00f1\u00edas suelen llevar a cabo. Todo comenz\u00f3 por el recuerdo de una serie de dibujos de finales de los ochenta en la que algunos hombres montaban dinosaurios y se disparaban unos a otros. Simplemente somos fans de eso. Tanta que decidimos gastar d\u00edas y noches durante una marat\u00f3n de m\u00e1s de 24 horas, montones de pizza y refrescos para convertirlo en un videojuego. Unos d\u00edas despu\u00e9s conseguimos un prototipo prometedor. Unos d\u00edas despu\u00e9s decidimos hacer de esto un aut\u00e9ntico y gran MMO que todos pudieran disfrutar.<\/p>\n<h2>\u00bfDinoville? \u00bfEs esto una broma?<\/h2>\n<p>Si.<\/p>\n<\/div>\n<div class=\"one_half_last\">\n<h2>\u00bfDe cuantos Megas es la instalaci\u00f3n?<\/h2>\n<p>Sabemos lo que te preocupa. Utilizar un d\u00eda para descargar un juego y luego tres horas de instalaci\u00f3n para finalmente descubrir que no es lo que te esperabas es frustrante. \u00a1Tambi\u00e9n nos ha pasado! Dino Storm solo ocupa unos pocos Megas de manera que la instalaci\u00f3n solo dura segundos. El lanzamiento en tu navegador la primera vez requiere de 10 Megas. Despu\u00e9s el juego ir\u00e1 cargando datos seg\u00fan vayas necesitando, adem\u00e1s las actualizaciones se realizar\u00e1n de forma r\u00e1pida y autom\u00e1tica de manera que no tengas que esperar ni un solo minuto para poder jugar.<\/p>\n<h2>Los juegos de navegador no son para mi. \u00a1Odio las granjas!<\/h2>\n<p>Recibido. A nosotros si que nos gustan las granjas, pero no tanto para hacer otra m\u00e1s. Dino Storm no es un juego de navegador normal. Es un juego 3D de calidad excepcional, un aut\u00e9ntico MMO con todas las caracter\u00edsticas.<\/p>\n<h2>\u00bfQue plataformas lo soportan?<\/h2>\n<p>Los dinosaurios son criaturas complejas, y de momento solo es soportado en PCs con Windows.<\/p>\n<p>&nbsp;<\/p>\n<p><img class=\"colorbox-1284\"  decoding=\"async\" alt=\"The browser based game Dino Storm\" src=\"\/wp-content\/themes\/arras\/images\/dinostorm\/Dino-Storm-Comic-4.png\" \/><\/p>\n<\/div>\n<div class=\"full\"><img decoding=\"async\" class=\"hr3 colorbox-1284\" alt=\"Play now the free browser based game\" src=\"\/wp-content\/themes\/arras\/images\/dinostorm\/Dino-Storm-Header-1.png\" \/><br \/>\n<img decoding=\"async\" class=\"hr3 colorbox-1284\" alt=\"separator dino storm\" src=\"\/wp-content\/themes\/arras\/images\/dinostorm\/seperator_big.png\" \/><\/div>\n","protected":false},"excerpt":{"rendered":"<p>Dino Storm &#8211; FAQ Atr\u00e1s \u00bfQu\u00e9 es Dino Storm? Dino Storm es un juego online gratuito con magn\u00edficos gr\u00e1ficos 3D. T\u00fa eres un valiente ranger que se dirige a Dinoville, lugar donde se ha encontrado [&hellip;]<\/p>\n","protected":false},"author":26,"featured_media":-1,"parent":4842,"menu_order":0,"comment_status":"closed","ping_status":"closed","template":"pagetpl-onecolumn.php","meta":{"footnotes":"","_links_to":"","_links_to_target":""},"class_list":["post-1284","page","type-page","status-publish","has-post-thumbnail","hentry"],"yoast_head":"<!-- This site is optimized with the Yoast SEO plugin v27.4 - https:\/\/yoast.com\/product\/yoast-seo-wordpress\/ -->\n<title>FAQ - DinoStorm<\/title>\n<meta name=\"description\" content=\"Preguntas Frecuentes Sobre Dino Storm.\" \/>\n<meta name=\"robots\" content=\"index, follow, max-snippet:-1, max-image-preview:large, max-video-preview:-1\" \/>\n<link rel=\"canonical\" href=\"https:\/\/dinostorm.com\/es\/juego\/faq-3\/\" \/>\n<meta property=\"og:locale\" content=\"es_ES\" \/>\n<meta property=\"og:type\" content=\"article\" \/>\n<meta property=\"og:title\" content=\"FAQ - DinoStorm\" \/>\n<meta property=\"og:description\" content=\"Preguntas Frecuentes Sobre Dino Storm.\" \/>\n<meta property=\"og:url\" content=\"https:\/\/dinostorm.com\/es\/juego\/faq-3\/\" \/>\n<meta property=\"og:site_name\" content=\"DinoStorm\" \/>\n<meta property=\"article:modified_time\" content=\"2014-10-22T15:00:44+00:00\" \/>\n<meta name=\"twitter:label1\" content=\"Tiempo de lectura\" \/>\n\t<meta name=\"twitter:data1\" content=\"3 minutes\" \/>\n<script type=\"application\/ld+json\" class=\"yoast-schema-graph\">{\"@context\":\"https:\\\/\\\/schema.org\",\"@graph\":[{\"@type\":\"WebPage\",\"@id\":\"https:\\\/\\\/dinostorm.com\\\/es\\\/juego\\\/faq-3\\\/\",\"url\":\"https:\\\/\\\/dinostorm.com\\\/es\\\/juego\\\/faq-3\\\/\",\"name\":\"FAQ - DinoStorm\",\"isPartOf\":{\"@id\":\"https:\\\/\\\/dinostorm.com\\\/es\\\/#website\"},\"datePublished\":\"2011-01-12T20:09:13+00:00\",\"dateModified\":\"2014-10-22T15:00:44+00:00\",\"description\":\"Preguntas Frecuentes Sobre Dino Storm.\",\"breadcrumb\":{\"@id\":\"https:\\\/\\\/dinostorm.com\\\/es\\\/juego\\\/faq-3\\\/#breadcrumb\"},\"inLanguage\":\"es-ES\",\"potentialAction\":[{\"@type\":\"ReadAction\",\"target\":[\"https:\\\/\\\/dinostorm.com\\\/es\\\/juego\\\/faq-3\\\/\"]}]},{\"@type\":\"BreadcrumbList\",\"@id\":\"https:\\\/\\\/dinostorm.com\\\/es\\\/juego\\\/faq-3\\\/#breadcrumb\",\"itemListElement\":[{\"@type\":\"ListItem\",\"position\":1,\"name\":\"Home\",\"item\":\"https:\\\/\\\/dinostorm.com\\\/es\\\/\"},{\"@type\":\"ListItem\",\"position\":2,\"name\":\"Juego\",\"item\":\"https:\\\/\\\/dinostorm.com\\\/es\\\/juego\\\/\"},{\"@type\":\"ListItem\",\"position\":3,\"name\":\"FAQ\"}]},{\"@type\":\"WebSite\",\"@id\":\"https:\\\/\\\/dinostorm.com\\\/es\\\/#website\",\"url\":\"https:\\\/\\\/dinostorm.com\\\/es\\\/\",\"name\":\"DinoStorm\",\"description\":\"\",\"potentialAction\":[{\"@type\":\"SearchAction\",\"target\":{\"@type\":\"EntryPoint\",\"urlTemplate\":\"https:\\\/\\\/dinostorm.com\\\/es\\\/?s={search_term_string}\"},\"query-input\":{\"@type\":\"PropertyValueSpecification\",\"valueRequired\":true,\"valueName\":\"search_term_string\"}}],\"inLanguage\":\"es-ES\"}]}<\/script>\n<!-- \/ Yoast SEO plugin. -->","yoast_head_json":{"title":"FAQ - DinoStorm","description":"Preguntas Frecuentes Sobre Dino Storm.","robots":{"index":"index","follow":"follow","max-snippet":"max-snippet:-1","max-image-preview":"max-image-preview:large","max-video-preview":"max-video-preview:-1"},"canonical":"https:\/\/dinostorm.com\/es\/juego\/faq-3\/","og_locale":"es_ES","og_type":"article","og_title":"FAQ - DinoStorm","og_description":"Preguntas Frecuentes Sobre Dino Storm.","og_url":"https:\/\/dinostorm.com\/es\/juego\/faq-3\/","og_site_name":"DinoStorm","article_modified_time":"2014-10-22T15:00:44+00:00","twitter_misc":{"Tiempo de lectura":"3 minutes"},"schema":{"@context":"https:\/\/schema.org","@graph":[{"@type":"WebPage","@id":"https:\/\/dinostorm.com\/es\/juego\/faq-3\/","url":"https:\/\/dinostorm.com\/es\/juego\/faq-3\/","name":"FAQ - DinoStorm","isPartOf":{"@id":"https:\/\/dinostorm.com\/es\/#website"},"datePublished":"2011-01-12T20:09:13+00:00","dateModified":"2014-10-22T15:00:44+00:00","description":"Preguntas Frecuentes Sobre Dino Storm.","breadcrumb":{"@id":"https:\/\/dinostorm.com\/es\/juego\/faq-3\/#breadcrumb"},"inLanguage":"es-ES","potentialAction":[{"@type":"ReadAction","target":["https:\/\/dinostorm.com\/es\/juego\/faq-3\/"]}]},{"@type":"BreadcrumbList","@id":"https:\/\/dinostorm.com\/es\/juego\/faq-3\/#breadcrumb","itemListElement":[{"@type":"ListItem","position":1,"name":"Home","item":"https:\/\/dinostorm.com\/es\/"},{"@type":"ListItem","position":2,"name":"Juego","item":"https:\/\/dinostorm.com\/es\/juego\/"},{"@type":"ListItem","position":3,"name":"FAQ"}]},{"@type":"WebSite","@id":"https:\/\/dinostorm.com\/es\/#website","url":"https:\/\/dinostorm.com\/es\/","name":"DinoStorm","description":"","potentialAction":[{"@type":"SearchAction","target":{"@type":"EntryPoint","urlTemplate":"https:\/\/dinostorm.com\/es\/?s={search_term_string}"},"query-input":{"@type":"PropertyValueSpecification","valueRequired":true,"valueName":"search_term_string"}}],"inLanguage":"es-ES"}]}},"_links":{"self":[{"href":"https:\/\/dinostorm.com\/es\/wp-json\/wp\/v2\/pages\/1284","targetHints":{"allow":["GET"]}}],"collection":[{"href":"https:\/\/dinostorm.com\/es\/wp-json\/wp\/v2\/pages"}],"about":[{"href":"https:\/\/dinostorm.com\/es\/wp-json\/wp\/v2\/types\/page"}],"author":[{"embeddable":true,"href":"https:\/\/dinostorm.com\/es\/wp-json\/wp\/v2\/users\/26"}],"replies":[{"embeddable":true,"href":"https:\/\/dinostorm.com\/es\/wp-json\/wp\/v2\/comments?post=1284"}],"version-history":[{"count":0,"href":"https:\/\/dinostorm.com\/es\/wp-json\/wp\/v2\/pages\/1284\/revisions"}],"up":[{"embeddable":true,"href":"https:\/\/dinostorm.com\/es\/wp-json\/wp\/v2\/pages\/4842"}],"wp:featuredmedia":[{"embeddable":true,"href":"https:\/\/dinostorm.com\/es\/wp-json\/"}],"wp:attachment":[{"href":"https:\/\/dinostorm.com\/es\/wp-json\/wp\/v2\/media?parent=1284"}],"curies":[{"name":"wp","href":"https:\/\/api.w.org\/{rel}","templated":true}]}}