{"id":8758,"date":"2013-08-21T14:00:33","date_gmt":"2013-08-21T12:00:33","guid":{"rendered":"http:\/\/dinostorm.com\/online-3d-spiel\/profile"},"modified":"2013-08-21T15:18:29","modified_gmt":"2013-08-21T15:18:29","slug":"profil","status":"publish","type":"page","link":"https:\/\/dinostorm.com\/de\/online-3d-spiel\/profil\/","title":{"rendered":"Dein Profil"},"content":{"rendered":"<div class=\"teaser\"><\/div>\n<h1 class=\"headline_page width_350\"><span>Das Profilfenster<\/span><\/h1>\n<p class=\"back-button back-pos350\"><a class=\"back-block\" href=\"\/de\/online-3d-spiel#\u00fcbersicht\">Zur\u00fcck<\/a><\/p>\n<div class=\"full\" style=\"margin-bottom: -64px;\">\n<p><img loading=\"lazy\" decoding=\"async\" class=\"wrapper_image_impl colorbox-8758\" alt=\"Fame: Dino Storm\" src=\"http:\/\/dinostorm.com\/wp-content\/uploads\/2014\/05\/fame-dude.png\" width=\"225\" height=\"140\" \/><\/p>\n<div class=\"wrapper_impl\">\n<p class=\"text-impl\">Im m\u00e4chtigen Profil kommt alles zusammen.<br \/>\nDeine komplette Ausr\u00fcstung, zu jeder Zeit.<\/p>\n<\/div>\n<\/div>\n<h2 style=\"clear: both; font-size: 27px; padding-top: 20px; margin-left: 39px;\">Das Rangerprofil<\/h2>\n<div style=\"margin-left: 46px; float: left; width: 231px; text-align: left;\">\n<div style=\"padding-top: 14px; color: #e18003; font-size: 18px; text-indent: -7px; float: left;\">\u2780<\/div>\n<h3 style=\"padding-left: 17px; color: #888888; line-height: 19px; font-size: 16px;\">W\u00e4hle aus Dutzenden von modischen Gegenst\u00e4nden, um Aussehen und Ruf Deines Rangers zu verbessern.<\/h3>\n<div style=\"padding-top: -3px; color: #e18003; font-size: 18px; text-indent: -7px; float: left;\">\u2781<\/div>\n<h3 style=\"padding-top: 2px; padding-left: 17px; color: #808080; line-height: 19px; font-size: 16px;\">Nutze den Schnellzugriff auf Deinen aktuellen Dino und die Waffe.<\/h3>\n<div style=\"padding-top: -3px; color: #e18003; font-size: 18px; text-indent: -7px; float: left;\">\u2782<\/div>\n<h3 style=\"padding-top: 2px; padding-left: 17px; color: #737373; line-height: 19px; font-size: 16px;\">Behalte die Eigenschaften Deines Rangers im Blick, z.B. Stufe, Rufmenge, Titel und Clanmitgliedschaft.<\/h3>\n<div style=\"padding-top: -3px; color: #e18003; font-size: 18px; text-indent: -7px; float: left;\">\u2783<\/div>\n<h3 style=\"padding-top: 2px; padding-left: 17px; color: #737373; line-height: 19px; font-size: 16px;\">Betrachte Deinen Ranger in der integrierten 3D-Ansicht.<\/h3>\n<\/div>\n<p><img loading=\"lazy\" decoding=\"async\" class=\"alignright size-full wp-image-8734 colorbox-8758\" style=\"margin-top: -77px; margin-right: 46px;\" alt=\"Dino Storm \u2013 Das Rangerprofil\" src=\"http:\/\/dinostorm.com\/wp-content\/uploads\/2014\/05\/dino.storm_.ranger.profile.png\" width=\"612\" height=\"430\" srcset=\"https:\/\/dinostorm.com\/wp-content\/uploads\/2014\/05\/dino.storm_.ranger.profile.png 612w, https:\/\/dinostorm.com\/wp-content\/uploads\/2014\/05\/dino.storm_.ranger.profile-300x211.png 300w\" sizes=\"auto, (max-width: 612px) 100vw, 612px\" \/><\/p>\n<h2 style=\"clear: both; font-size: 25px; padding-top: 20px; margin-right: 46px; text-align: right;\">Die Dino- &amp; Waffenprofile<\/h2>\n<p><img loading=\"lazy\" decoding=\"async\" class=\"alignleft size-full wp-image-8733 colorbox-8758\" style=\"margin-top: -37px; margin-left: 46px;\" alt=\"Dino Storm \u2013 Die Dino- &amp; Waffenprofile\" src=\"http:\/\/dinostorm.com\/wp-content\/uploads\/2014\/05\/dino.storm_.dino_.profile.jpg\" width=\"612\" height=\"440\" srcset=\"https:\/\/dinostorm.com\/wp-content\/uploads\/2014\/05\/dino.storm_.dino_.profile.jpg 612w, https:\/\/dinostorm.com\/wp-content\/uploads\/2014\/05\/dino.storm_.dino_.profile-300x216.jpg 300w\" sizes=\"auto, (max-width: 612px) 100vw, 612px\" \/><\/p>\n<div style=\"margin-right: 46px; float: right; width: 231px; text-align: left;\">\n<div style=\"padding-top: 14px; color: #e18003; font-size: 18px; text-indent: -7px; float: left;\">\u2780<\/div>\n<h3 style=\"padding-left: 17px; color: #737373; line-height: 19px; font-size: 16px;\">Schneller Wechsel zwischen Dinos, Waffen und Add-Ons.<\/h3>\n<div style=\"padding-top: -3px; color: #e18003; font-size: 18px; text-indent: -7px; float: left;\">\u2781<\/div>\n<h3 style=\"padding-top: 2px; padding-left: 17px; color: #737373; line-height: 19px; font-size: 16px;\">Vergleiche Deine Ausr\u00fcstung auch mit noch nicht freigeschalteten Gegenst\u00e4nden.<\/h3>\n<div style=\"padding-top: -3px; color: #e18003; font-size: 18px; text-indent: -7px; float: left;\">\u2782<\/div>\n<h3 style=\"padding-top: 2px; padding-left: 17px; color: #737373; line-height: 19px; font-size: 16px;\">Informiere Dich \u00fcber die Kampffertigkeiten Deiner Dinos und Waffen.<\/h3>\n<div style=\"padding-top: -3px; color: #e18003; font-size: 18px; text-indent: -7px; float: left;\">\u2783<\/div>\n<h3 style=\"padding-top: 2px; padding-left: 17px; color: #737373; line-height: 19px; font-size: 16px;\">Statte Deine Dinos und Waffen mit m\u00e4chtigen Erweiterungen aus.<\/h3>\n<div style=\"padding-top: -3px; color: #e18003; font-size: 18px; text-indent: -7px; float: left;\">\u2784<\/div>\n<h3 style=\"padding-top: 2px; padding-left: 17px; color: #737373; line-height: 19px; font-size: 16px;\">Organisiere Verbesserungen Deiner Ausr\u00fcstung an Ort und Stelle \u2014 wechsle einfach zur Verbesserungsansicht.<\/h3>\n<\/div>\n<h2 style=\"clear: both; font-size: 27px; padding-top: 20px; margin-left: 39px;\">Die Verbesserungsansicht<\/h2>\n<div style=\"margin-left: 46px; float: left; width: 231px; text-align: left;\">\n<div style=\"padding-top: 14px; color: #e18003; font-size: 18px; text-indent: -7px; float: left;\">\u2780<\/div>\n<h3 style=\"padding-left: 17px; color: #737373; line-height: 19px; font-size: 16px;\">Gehe die Liste an Zutaten f\u00fcr eine Verbesserung durch. Klicke die Schaltfl\u00e4che + neben den Zutaten, um herauszufinden, wie sie zu beschaffen sind.<\/h3>\n<div style=\"padding-top: -3px; color: #e18003; font-size: 18px; text-indent: -7px; float: left;\">\u2781<\/div>\n<h3 style=\"padding-top: 2px; padding-left: 17px; color: #737373; line-height: 19px; font-size: 16px;\">Schau Dir die durch die Verbesserung beeinflussten Attributwerte an.<\/h3>\n<div style=\"padding-top: -3px; color: #e18003; font-size: 18px; text-indent: -7px; float: left;\">\u2782<\/div>\n<h3 style=\"padding-top: 2px; padding-left: 17px; color: #737373; line-height: 19px; font-size: 16px;\">Starte Verbesserungen, auch wenn noch Zutaten fehlen; Du kannst diese dann bequem unterwegs erwerben.<\/h3>\n<\/div>\n<p><img loading=\"lazy\" decoding=\"async\" class=\"alignright size-full wp-image-8735 colorbox-8758\" style=\"margin-top: -57px; margin-right: 46px;\" alt=\"Dino Storm \u2013 Die Verbesserungsansicht\" src=\"http:\/\/dinostorm.com\/wp-content\/uploads\/2014\/05\/dino.storm_.upgrade.window.jpg\" width=\"612\" height=\"440\" srcset=\"https:\/\/dinostorm.com\/wp-content\/uploads\/2014\/05\/dino.storm_.upgrade.window.jpg 612w, https:\/\/dinostorm.com\/wp-content\/uploads\/2014\/05\/dino.storm_.upgrade.window-300x216.jpg 300w\" sizes=\"auto, (max-width: 612px) 100vw, 612px\" \/><\/p>\n<div class=\"full\"><img decoding=\"async\" class=\"hr3 colorbox-8758\" alt=\"separator dino storm\" src=\"\/wp-content\/themes\/arras\/images\/dinostorm\/seperator_big.png\" \/><\/div>\n","protected":false},"excerpt":{"rendered":"<p>Das Profilfenster Zur\u00fcck Im m\u00e4chtigen Profil kommt alles zusammen. Deine komplette Ausr\u00fcstung, zu jeder Zeit. Das Rangerprofil \u2780 W\u00e4hle aus Dutzenden von modischen Gegenst\u00e4nden, um Aussehen und Ruf Deines Rangers zu verbessern. \u2781 Nutze den [&hellip;]<\/p>\n","protected":false},"author":10,"featured_media":-1,"parent":2213,"menu_order":0,"comment_status":"closed","ping_status":"closed","template":"pagetpl-onecolumn.php","meta":{"footnotes":"","_links_to":"","_links_to_target":""},"class_list":["post-8758","page","type-page","status-publish","has-post-thumbnail","hentry"],"yoast_head":"<!-- This site is optimized with the Yoast SEO plugin v27.4 - https:\/\/yoast.com\/product\/yoast-seo-wordpress\/ -->\n<title>Das Profilfenster - Dino Storm<\/title>\n<meta name=\"description\" content=\"Im m\u00e4chtigen Profil kommt alles zusammen. Deine komplette Ausr\u00fcstung, zu jeder Zeit.\" \/>\n<meta name=\"robots\" content=\"index, follow, max-snippet:-1, max-image-preview:large, max-video-preview:-1\" \/>\n<link rel=\"canonical\" href=\"https:\/\/dinostorm.com\/de\/online-3d-spiel\/profil\/\" \/>\n<meta property=\"og:locale\" content=\"de_DE\" \/>\n<meta property=\"og:type\" content=\"article\" \/>\n<meta property=\"og:title\" content=\"Das Profilfenster - Dino Storm\" \/>\n<meta property=\"og:description\" content=\"Im m\u00e4chtigen Profil kommt alles zusammen. Deine komplette Ausr\u00fcstung, zu jeder Zeit.\" \/>\n<meta property=\"og:url\" content=\"https:\/\/dinostorm.com\/de\/online-3d-spiel\/profil\/\" \/>\n<meta property=\"og:site_name\" content=\"DinoStorm\" \/>\n<meta property=\"article:modified_time\" content=\"2013-08-21T15:18:29+00:00\" \/>\n<meta name=\"twitter:label1\" content=\"Gesch\u00e4tzte Lesezeit\" \/>\n\t<meta name=\"twitter:data1\" content=\"1 minute\" \/>\n<script type=\"application\/ld+json\" class=\"yoast-schema-graph\">{\"@context\":\"https:\\\/\\\/schema.org\",\"@graph\":[{\"@type\":\"WebPage\",\"@id\":\"https:\\\/\\\/dinostorm.com\\\/de\\\/online-3d-spiel\\\/profil\\\/\",\"url\":\"https:\\\/\\\/dinostorm.com\\\/de\\\/online-3d-spiel\\\/profil\\\/\",\"name\":\"Das Profilfenster - Dino Storm\",\"isPartOf\":{\"@id\":\"https:\\\/\\\/dinostorm.com\\\/de\\\/#website\"},\"primaryImageOfPage\":{\"@id\":\"https:\\\/\\\/dinostorm.com\\\/de\\\/online-3d-spiel\\\/profil\\\/#primaryimage\"},\"image\":{\"@id\":\"https:\\\/\\\/dinostorm.com\\\/de\\\/online-3d-spiel\\\/profil\\\/#primaryimage\"},\"thumbnailUrl\":\"http:\\\/\\\/dinostorm.com\\\/wp-content\\\/uploads\\\/2014\\\/05\\\/fame-dude.png\",\"datePublished\":\"2013-08-21T12:00:33+00:00\",\"dateModified\":\"2013-08-21T15:18:29+00:00\",\"description\":\"Im m\u00e4chtigen Profil kommt alles zusammen. Deine komplette Ausr\u00fcstung, zu jeder Zeit.\",\"breadcrumb\":{\"@id\":\"https:\\\/\\\/dinostorm.com\\\/de\\\/online-3d-spiel\\\/profil\\\/#breadcrumb\"},\"inLanguage\":\"de-DE\",\"potentialAction\":[{\"@type\":\"ReadAction\",\"target\":[\"https:\\\/\\\/dinostorm.com\\\/de\\\/online-3d-spiel\\\/profil\\\/\"]}]},{\"@type\":\"ImageObject\",\"inLanguage\":\"de-DE\",\"@id\":\"https:\\\/\\\/dinostorm.com\\\/de\\\/online-3d-spiel\\\/profil\\\/#primaryimage\",\"url\":\"http:\\\/\\\/dinostorm.com\\\/wp-content\\\/uploads\\\/2014\\\/05\\\/fame-dude.png\",\"contentUrl\":\"http:\\\/\\\/dinostorm.com\\\/wp-content\\\/uploads\\\/2014\\\/05\\\/fame-dude.png\"},{\"@type\":\"BreadcrumbList\",\"@id\":\"https:\\\/\\\/dinostorm.com\\\/de\\\/online-3d-spiel\\\/profil\\\/#breadcrumb\",\"itemListElement\":[{\"@type\":\"ListItem\",\"position\":1,\"name\":\"Home\",\"item\":\"https:\\\/\\\/dinostorm.com\\\/de\\\/\"},{\"@type\":\"ListItem\",\"position\":2,\"name\":\"Spiel\",\"item\":\"https:\\\/\\\/dinostorm.com\\\/de\\\/online-3d-spiel\\\/\"},{\"@type\":\"ListItem\",\"position\":3,\"name\":\"Dein Profil\"}]},{\"@type\":\"WebSite\",\"@id\":\"https:\\\/\\\/dinostorm.com\\\/de\\\/#website\",\"url\":\"https:\\\/\\\/dinostorm.com\\\/de\\\/\",\"name\":\"DinoStorm\",\"description\":\"\",\"potentialAction\":[{\"@type\":\"SearchAction\",\"target\":{\"@type\":\"EntryPoint\",\"urlTemplate\":\"https:\\\/\\\/dinostorm.com\\\/de\\\/?s={search_term_string}\"},\"query-input\":{\"@type\":\"PropertyValueSpecification\",\"valueRequired\":true,\"valueName\":\"search_term_string\"}}],\"inLanguage\":\"de-DE\"}]}<\/script>\n<!-- \/ Yoast SEO plugin. -->","yoast_head_json":{"title":"Das Profilfenster - Dino Storm","description":"Im m\u00e4chtigen Profil kommt alles zusammen. Deine komplette Ausr\u00fcstung, zu jeder Zeit.","robots":{"index":"index","follow":"follow","max-snippet":"max-snippet:-1","max-image-preview":"max-image-preview:large","max-video-preview":"max-video-preview:-1"},"canonical":"https:\/\/dinostorm.com\/de\/online-3d-spiel\/profil\/","og_locale":"de_DE","og_type":"article","og_title":"Das Profilfenster - Dino Storm","og_description":"Im m\u00e4chtigen Profil kommt alles zusammen. Deine komplette Ausr\u00fcstung, zu jeder Zeit.","og_url":"https:\/\/dinostorm.com\/de\/online-3d-spiel\/profil\/","og_site_name":"DinoStorm","article_modified_time":"2013-08-21T15:18:29+00:00","twitter_misc":{"Gesch\u00e4tzte Lesezeit":"1 minute"},"schema":{"@context":"https:\/\/schema.org","@graph":[{"@type":"WebPage","@id":"https:\/\/dinostorm.com\/de\/online-3d-spiel\/profil\/","url":"https:\/\/dinostorm.com\/de\/online-3d-spiel\/profil\/","name":"Das Profilfenster - Dino Storm","isPartOf":{"@id":"https:\/\/dinostorm.com\/de\/#website"},"primaryImageOfPage":{"@id":"https:\/\/dinostorm.com\/de\/online-3d-spiel\/profil\/#primaryimage"},"image":{"@id":"https:\/\/dinostorm.com\/de\/online-3d-spiel\/profil\/#primaryimage"},"thumbnailUrl":"http:\/\/dinostorm.com\/wp-content\/uploads\/2014\/05\/fame-dude.png","datePublished":"2013-08-21T12:00:33+00:00","dateModified":"2013-08-21T15:18:29+00:00","description":"Im m\u00e4chtigen Profil kommt alles zusammen. Deine komplette Ausr\u00fcstung, zu jeder Zeit.","breadcrumb":{"@id":"https:\/\/dinostorm.com\/de\/online-3d-spiel\/profil\/#breadcrumb"},"inLanguage":"de-DE","potentialAction":[{"@type":"ReadAction","target":["https:\/\/dinostorm.com\/de\/online-3d-spiel\/profil\/"]}]},{"@type":"ImageObject","inLanguage":"de-DE","@id":"https:\/\/dinostorm.com\/de\/online-3d-spiel\/profil\/#primaryimage","url":"http:\/\/dinostorm.com\/wp-content\/uploads\/2014\/05\/fame-dude.png","contentUrl":"http:\/\/dinostorm.com\/wp-content\/uploads\/2014\/05\/fame-dude.png"},{"@type":"BreadcrumbList","@id":"https:\/\/dinostorm.com\/de\/online-3d-spiel\/profil\/#breadcrumb","itemListElement":[{"@type":"ListItem","position":1,"name":"Home","item":"https:\/\/dinostorm.com\/de\/"},{"@type":"ListItem","position":2,"name":"Spiel","item":"https:\/\/dinostorm.com\/de\/online-3d-spiel\/"},{"@type":"ListItem","position":3,"name":"Dein Profil"}]},{"@type":"WebSite","@id":"https:\/\/dinostorm.com\/de\/#website","url":"https:\/\/dinostorm.com\/de\/","name":"DinoStorm","description":"","potentialAction":[{"@type":"SearchAction","target":{"@type":"EntryPoint","urlTemplate":"https:\/\/dinostorm.com\/de\/?s={search_term_string}"},"query-input":{"@type":"PropertyValueSpecification","valueRequired":true,"valueName":"search_term_string"}}],"inLanguage":"de-DE"}]}},"_links":{"self":[{"href":"https:\/\/dinostorm.com\/de\/wp-json\/wp\/v2\/pages\/8758","targetHints":{"allow":["GET"]}}],"collection":[{"href":"https:\/\/dinostorm.com\/de\/wp-json\/wp\/v2\/pages"}],"about":[{"href":"https:\/\/dinostorm.com\/de\/wp-json\/wp\/v2\/types\/page"}],"author":[{"embeddable":true,"href":"https:\/\/dinostorm.com\/de\/wp-json\/wp\/v2\/users\/10"}],"replies":[{"embeddable":true,"href":"https:\/\/dinostorm.com\/de\/wp-json\/wp\/v2\/comments?post=8758"}],"version-history":[{"count":0,"href":"https:\/\/dinostorm.com\/de\/wp-json\/wp\/v2\/pages\/8758\/revisions"}],"up":[{"embeddable":true,"href":"https:\/\/dinostorm.com\/de\/wp-json\/wp\/v2\/pages\/2213"}],"wp:featuredmedia":[{"embeddable":true,"href":"https:\/\/dinostorm.com\/de\/wp-json\/"}],"wp:attachment":[{"href":"https:\/\/dinostorm.com\/de\/wp-json\/wp\/v2\/media?parent=8758"}],"curies":[{"name":"wp","href":"https:\/\/api.w.org\/{rel}","templated":true}]}}