{"id":8740,"date":"2013-08-21T13:00:14","date_gmt":"2013-08-21T11:00:14","guid":{"rendered":"http:\/\/dinostorm.com\/online-3d-spiel\/fame"},"modified":"2014-02-18T18:56:33","modified_gmt":"2014-02-18T16:56:33","slug":"ruf","status":"publish","type":"page","link":"https:\/\/dinostorm.com\/de\/online-3d-spiel\/ruf\/","title":{"rendered":"Ruf"},"content":{"rendered":"<div class=\"teaser\"><\/div>\n<h1 class=\"headline_page width_200\"><span>Dein Ruf<\/span><\/h1>\n<p class=\"back-button back-pos200\"><a class=\"back-block\" href=\"\/de\/online-3d-spiel#\u00fcbersicht\">Zur\u00fcck<\/a><\/p>\n<div class=\"full\">\n<p><img loading=\"lazy\" decoding=\"async\" class=\"wrapper_image_impl colorbox-8740\" alt=\"Fame: Dino Storm\" src=\"http:\/\/dinostorm.com\/wp-content\/uploads\/2014\/05\/fame-dude.png\" width=\"225\" height=\"140\" \/><\/p>\n<div class=\"wrapper_impl\">\n<p class=\"text-impl\">Verbessere Deinen Ruf, bis Du zum gr\u00f6\u00dften Helden der Stadt wirst: Dem Sheriff von Dinoville!<\/p>\n<\/div>\n<\/div>\n<div class=\"wrapper_dinolex\" style=\"float: left; width: 414px; max-height: 220px; margin-left: 40px; margin-right: 10px;\">\n<p><img loading=\"lazy\" decoding=\"async\" class=\"alignnone size-full wp-image-8725 colorbox-8740\" style=\"float: left; margin-right: 21px;\" alt=\"Dino Storm \u2013 Was ist der Ruf?\" src=\"http:\/\/dinostorm.com\/wp-content\/uploads\/2014\/05\/dino.storm_.what_.is_.fame_.png\" width=\"140\" height=\"140\" srcset=\"https:\/\/dinostorm.com\/wp-content\/uploads\/2014\/05\/dino.storm_.what_.is_.fame_.png 140w, https:\/\/dinostorm.com\/wp-content\/uploads\/2014\/05\/dino.storm_.what_.is_.fame_-36x36.png 36w\" sizes=\"auto, (max-width: 140px) 100vw, 140px\" \/><\/p>\n<h3 style=\"margin-bottom: 6px; margin-top: -24px;\">Was ist der Ruf?<\/h3>\n<p><span style=\"line-height: 18px;\">Dein Ruf ist wie eine W\u00e4hrung f\u00fcr Ehre und Einfluss in Dinoville. Zeige allen, wie ehrbar, wichtig und ber\u00fchmt Du bist!<\/span><\/p>\n<\/div>\n<div class=\"wrapper_dinolex\" style=\"width: 414px; max-height: 220px;\">\n<p><img loading=\"lazy\" decoding=\"async\" class=\"alignnone size-full wp-image-8724 colorbox-8740\" style=\"float: left; margin-right: 21px;\" alt=\"Dino Storm \u2013 Wie verbessere ich meinen Ruf?\" src=\"http:\/\/dinostorm.com\/wp-content\/uploads\/2014\/05\/dino.storm_.how_.do_.i.earn_.fame_.png\" width=\"140\" height=\"140\" srcset=\"https:\/\/dinostorm.com\/wp-content\/uploads\/2014\/05\/dino.storm_.how_.do_.i.earn_.fame_.png 140w, https:\/\/dinostorm.com\/wp-content\/uploads\/2014\/05\/dino.storm_.how_.do_.i.earn_.fame_-36x36.png 36w\" sizes=\"auto, (max-width: 140px) 100vw, 140px\" \/><\/p>\n<h3 style=\"margin-bottom: 6px; margin-top: -24px;\">Wie verbessere ich meinen Ruf?<\/h3>\n<p><span style=\"line-height: 18px;\">Verdiene Rufpunkte durch das Tragen modischer Gegenst\u00e4nde, die einen t\u00e4glichen Rufbonus haben. Das Abschlie\u00dfen von Errun-<br \/>\ngenschaften verbessert ebenfalls Deinen Ruf. Oder betreibe R\u00fcckzugslager, Teleporter oder Claims, die Gegenst\u00e4nde produzieren, die Du gegen Rufpunkte eintauschen kannst.<\/span><\/p>\n<\/div>\n<div class=\"wrapper_dinolex\" style=\"float: left; width: 414px; max-height: 160px; margin-left: 40px; margin-right: 10px;\">\n<p><img loading=\"lazy\" decoding=\"async\" class=\"alignnone size-full wp-image-8723 colorbox-8740\" style=\"float: left; margin-right: 21px;\" alt=\"Dino Storm \u2013 Warum verringert sich mein Ruf?\" src=\"http:\/\/dinostorm.com\/wp-content\/uploads\/2014\/05\/dino.storm_.why_.am_.i.losing.fame_.png\" width=\"140\" height=\"140\" srcset=\"https:\/\/dinostorm.com\/wp-content\/uploads\/2014\/05\/dino.storm_.why_.am_.i.losing.fame_.png 140w, https:\/\/dinostorm.com\/wp-content\/uploads\/2014\/05\/dino.storm_.why_.am_.i.losing.fame_-36x36.png 36w\" sizes=\"auto, (max-width: 140px) 100vw, 140px\" \/><\/p>\n<h3 style=\"margin-bottom: 6px; margin-top: -24px;\">Warum verringert sich mein Ruf?<\/h3>\n<p><span style=\"line-height: 18px;\">Auch ein guter Ruf verfliegt, daher verliert jeder Ranger t\u00e4glich Rufpunkte. Je besser der Ruf, desto gr\u00f6\u00dfer der Verlust, aber wer etwas f\u00fcr seinen guten Ruf tut, der wird ihn auch immer verbessern k\u00f6nnen!<\/span><\/p>\n<\/div>\n<div class=\"wrapper_dinolex\" style=\"width: 414px; max-height: 160px;\">\n<p><img loading=\"lazy\" decoding=\"async\" class=\"alignnone size-full wp-image-8722 colorbox-8740\" style=\"float: left; margin-right: 21px;\" alt=\"Dino Storm \u2013 Was bringt mir mein Ruf?\" src=\"http:\/\/dinostorm.com\/wp-content\/uploads\/2014\/05\/dino.storm_.what_.can_.i.do_.with_.fame_.png\" width=\"140\" height=\"140\" srcset=\"https:\/\/dinostorm.com\/wp-content\/uploads\/2014\/05\/dino.storm_.what_.can_.i.do_.with_.fame_.png 140w, https:\/\/dinostorm.com\/wp-content\/uploads\/2014\/05\/dino.storm_.what_.can_.i.do_.with_.fame_-36x36.png 36w\" sizes=\"auto, (max-width: 140px) 100vw, 140px\" \/><\/p>\n<h3 style=\"margin-bottom: 6px; margin-top: -24px;\">Was bringt mir mein Ruf?<\/h3>\n<p><span style=\"line-height: 18px;\">Ruf ist wichtig f\u00fcr die Wahlen im Rathaus: Der Bewerber mit dem besten Ruf erh\u00e4lt das Amt, und nur wer das Amt des Sheriffs erklimmt, ergattert auch den T-Rex!<\/span><\/p>\n<\/div>\n<div class=\"full\"><img decoding=\"async\" class=\"hr3 colorbox-8740\" alt=\"separator dino storm\" src=\"\/wp-content\/themes\/arras\/images\/dinostorm\/seperator_big.png\" \/><\/div>\n","protected":false},"excerpt":{"rendered":"<p>Dein Ruf Zur\u00fcck Verbessere Deinen Ruf, bis Du zum gr\u00f6\u00dften Helden der Stadt wirst: Dem Sheriff von Dinoville! Was ist der Ruf? Dein Ruf ist wie eine W\u00e4hrung f\u00fcr Ehre und Einfluss in Dinoville. Zeige [&hellip;]<\/p>\n","protected":false},"author":10,"featured_media":-1,"parent":2213,"menu_order":0,"comment_status":"closed","ping_status":"closed","template":"pagetpl-onecolumn.php","meta":{"footnotes":"","_links_to":"","_links_to_target":""},"class_list":["post-8740","page","type-page","status-publish","has-post-thumbnail","hentry"],"yoast_head":"<!-- This site is optimized with the Yoast SEO plugin v27.3 - https:\/\/yoast.com\/product\/yoast-seo-wordpress\/ -->\n<title>Dein Ruf - Dino Storm<\/title>\n<meta name=\"description\" content=\"Verbessere Deinen Ruf, bis Du zum gr\u00f6\u00dften Helden der Stadt wirst: Dem Sheriff von Dinoville!\" \/>\n<meta name=\"robots\" content=\"index, follow, max-snippet:-1, max-image-preview:large, max-video-preview:-1\" \/>\n<link rel=\"canonical\" href=\"https:\/\/dinostorm.com\/de\/online-3d-spiel\/ruf\/\" \/>\n<meta property=\"og:locale\" content=\"de_DE\" \/>\n<meta property=\"og:type\" content=\"article\" \/>\n<meta property=\"og:title\" content=\"Dein Ruf - Dino Storm\" \/>\n<meta property=\"og:description\" content=\"Verbessere Deinen Ruf, bis Du zum gr\u00f6\u00dften Helden der Stadt wirst: Dem Sheriff von Dinoville!\" \/>\n<meta property=\"og:url\" content=\"https:\/\/dinostorm.com\/de\/online-3d-spiel\/ruf\/\" \/>\n<meta property=\"og:site_name\" content=\"DinoStorm\" \/>\n<meta property=\"article:modified_time\" content=\"2014-02-18T16:56:33+00:00\" \/>\n<meta name=\"twitter:label1\" content=\"Gesch\u00e4tzte Lesezeit\" \/>\n\t<meta name=\"twitter:data1\" content=\"1 minute\" \/>\n<script type=\"application\/ld+json\" class=\"yoast-schema-graph\">{\"@context\":\"https:\\\/\\\/schema.org\",\"@graph\":[{\"@type\":\"WebPage\",\"@id\":\"https:\\\/\\\/dinostorm.com\\\/de\\\/online-3d-spiel\\\/ruf\\\/\",\"url\":\"https:\\\/\\\/dinostorm.com\\\/de\\\/online-3d-spiel\\\/ruf\\\/\",\"name\":\"Dein Ruf - Dino Storm\",\"isPartOf\":{\"@id\":\"https:\\\/\\\/dinostorm.com\\\/de\\\/#website\"},\"primaryImageOfPage\":{\"@id\":\"https:\\\/\\\/dinostorm.com\\\/de\\\/online-3d-spiel\\\/ruf\\\/#primaryimage\"},\"image\":{\"@id\":\"https:\\\/\\\/dinostorm.com\\\/de\\\/online-3d-spiel\\\/ruf\\\/#primaryimage\"},\"thumbnailUrl\":\"http:\\\/\\\/dinostorm.com\\\/wp-content\\\/uploads\\\/2014\\\/05\\\/fame-dude.png\",\"datePublished\":\"2013-08-21T11:00:14+00:00\",\"dateModified\":\"2014-02-18T16:56:33+00:00\",\"description\":\"Verbessere Deinen Ruf, bis Du zum gr\u00f6\u00dften Helden der Stadt wirst: Dem Sheriff von Dinoville!\",\"breadcrumb\":{\"@id\":\"https:\\\/\\\/dinostorm.com\\\/de\\\/online-3d-spiel\\\/ruf\\\/#breadcrumb\"},\"inLanguage\":\"de-DE\",\"potentialAction\":[{\"@type\":\"ReadAction\",\"target\":[\"https:\\\/\\\/dinostorm.com\\\/de\\\/online-3d-spiel\\\/ruf\\\/\"]}]},{\"@type\":\"ImageObject\",\"inLanguage\":\"de-DE\",\"@id\":\"https:\\\/\\\/dinostorm.com\\\/de\\\/online-3d-spiel\\\/ruf\\\/#primaryimage\",\"url\":\"http:\\\/\\\/dinostorm.com\\\/wp-content\\\/uploads\\\/2014\\\/05\\\/fame-dude.png\",\"contentUrl\":\"http:\\\/\\\/dinostorm.com\\\/wp-content\\\/uploads\\\/2014\\\/05\\\/fame-dude.png\"},{\"@type\":\"BreadcrumbList\",\"@id\":\"https:\\\/\\\/dinostorm.com\\\/de\\\/online-3d-spiel\\\/ruf\\\/#breadcrumb\",\"itemListElement\":[{\"@type\":\"ListItem\",\"position\":1,\"name\":\"Home\",\"item\":\"https:\\\/\\\/dinostorm.com\\\/de\\\/\"},{\"@type\":\"ListItem\",\"position\":2,\"name\":\"Spiel\",\"item\":\"https:\\\/\\\/dinostorm.com\\\/de\\\/online-3d-spiel\\\/\"},{\"@type\":\"ListItem\",\"position\":3,\"name\":\"Ruf\"}]},{\"@type\":\"WebSite\",\"@id\":\"https:\\\/\\\/dinostorm.com\\\/de\\\/#website\",\"url\":\"https:\\\/\\\/dinostorm.com\\\/de\\\/\",\"name\":\"DinoStorm\",\"description\":\"\",\"potentialAction\":[{\"@type\":\"SearchAction\",\"target\":{\"@type\":\"EntryPoint\",\"urlTemplate\":\"https:\\\/\\\/dinostorm.com\\\/de\\\/?s={search_term_string}\"},\"query-input\":{\"@type\":\"PropertyValueSpecification\",\"valueRequired\":true,\"valueName\":\"search_term_string\"}}],\"inLanguage\":\"de-DE\"}]}<\/script>\n<!-- \/ Yoast SEO plugin. -->","yoast_head_json":{"title":"Dein Ruf - Dino Storm","description":"Verbessere Deinen Ruf, bis Du zum gr\u00f6\u00dften Helden der Stadt wirst: Dem Sheriff von Dinoville!","robots":{"index":"index","follow":"follow","max-snippet":"max-snippet:-1","max-image-preview":"max-image-preview:large","max-video-preview":"max-video-preview:-1"},"canonical":"https:\/\/dinostorm.com\/de\/online-3d-spiel\/ruf\/","og_locale":"de_DE","og_type":"article","og_title":"Dein Ruf - Dino Storm","og_description":"Verbessere Deinen Ruf, bis Du zum gr\u00f6\u00dften Helden der Stadt wirst: Dem Sheriff von Dinoville!","og_url":"https:\/\/dinostorm.com\/de\/online-3d-spiel\/ruf\/","og_site_name":"DinoStorm","article_modified_time":"2014-02-18T16:56:33+00:00","twitter_misc":{"Gesch\u00e4tzte Lesezeit":"1 minute"},"schema":{"@context":"https:\/\/schema.org","@graph":[{"@type":"WebPage","@id":"https:\/\/dinostorm.com\/de\/online-3d-spiel\/ruf\/","url":"https:\/\/dinostorm.com\/de\/online-3d-spiel\/ruf\/","name":"Dein Ruf - Dino Storm","isPartOf":{"@id":"https:\/\/dinostorm.com\/de\/#website"},"primaryImageOfPage":{"@id":"https:\/\/dinostorm.com\/de\/online-3d-spiel\/ruf\/#primaryimage"},"image":{"@id":"https:\/\/dinostorm.com\/de\/online-3d-spiel\/ruf\/#primaryimage"},"thumbnailUrl":"http:\/\/dinostorm.com\/wp-content\/uploads\/2014\/05\/fame-dude.png","datePublished":"2013-08-21T11:00:14+00:00","dateModified":"2014-02-18T16:56:33+00:00","description":"Verbessere Deinen Ruf, bis Du zum gr\u00f6\u00dften Helden der Stadt wirst: Dem Sheriff von Dinoville!","breadcrumb":{"@id":"https:\/\/dinostorm.com\/de\/online-3d-spiel\/ruf\/#breadcrumb"},"inLanguage":"de-DE","potentialAction":[{"@type":"ReadAction","target":["https:\/\/dinostorm.com\/de\/online-3d-spiel\/ruf\/"]}]},{"@type":"ImageObject","inLanguage":"de-DE","@id":"https:\/\/dinostorm.com\/de\/online-3d-spiel\/ruf\/#primaryimage","url":"http:\/\/dinostorm.com\/wp-content\/uploads\/2014\/05\/fame-dude.png","contentUrl":"http:\/\/dinostorm.com\/wp-content\/uploads\/2014\/05\/fame-dude.png"},{"@type":"BreadcrumbList","@id":"https:\/\/dinostorm.com\/de\/online-3d-spiel\/ruf\/#breadcrumb","itemListElement":[{"@type":"ListItem","position":1,"name":"Home","item":"https:\/\/dinostorm.com\/de\/"},{"@type":"ListItem","position":2,"name":"Spiel","item":"https:\/\/dinostorm.com\/de\/online-3d-spiel\/"},{"@type":"ListItem","position":3,"name":"Ruf"}]},{"@type":"WebSite","@id":"https:\/\/dinostorm.com\/de\/#website","url":"https:\/\/dinostorm.com\/de\/","name":"DinoStorm","description":"","potentialAction":[{"@type":"SearchAction","target":{"@type":"EntryPoint","urlTemplate":"https:\/\/dinostorm.com\/de\/?s={search_term_string}"},"query-input":{"@type":"PropertyValueSpecification","valueRequired":true,"valueName":"search_term_string"}}],"inLanguage":"de-DE"}]}},"_links":{"self":[{"href":"https:\/\/dinostorm.com\/de\/wp-json\/wp\/v2\/pages\/8740","targetHints":{"allow":["GET"]}}],"collection":[{"href":"https:\/\/dinostorm.com\/de\/wp-json\/wp\/v2\/pages"}],"about":[{"href":"https:\/\/dinostorm.com\/de\/wp-json\/wp\/v2\/types\/page"}],"author":[{"embeddable":true,"href":"https:\/\/dinostorm.com\/de\/wp-json\/wp\/v2\/users\/10"}],"replies":[{"embeddable":true,"href":"https:\/\/dinostorm.com\/de\/wp-json\/wp\/v2\/comments?post=8740"}],"version-history":[{"count":0,"href":"https:\/\/dinostorm.com\/de\/wp-json\/wp\/v2\/pages\/8740\/revisions"}],"up":[{"embeddable":true,"href":"https:\/\/dinostorm.com\/de\/wp-json\/wp\/v2\/pages\/2213"}],"wp:featuredmedia":[{"embeddable":true,"href":"https:\/\/dinostorm.com\/de\/wp-json\/"}],"wp:attachment":[{"href":"https:\/\/dinostorm.com\/de\/wp-json\/wp\/v2\/media?parent=8740"}],"curies":[{"name":"wp","href":"https:\/\/api.w.org\/{rel}","templated":true}]}}