{"id":2827,"date":"2012-10-18T09:18:05","date_gmt":"2012-10-18T07:18:05","guid":{"rendered":"http:\/\/dinostorm.com\/?page_id=2827"},"modified":"2021-07-09T14:45:24","modified_gmt":"2021-07-09T12:45:24","slug":"dinosaurierimplantate","status":"publish","type":"page","link":"https:\/\/dinostorm.com\/de\/online-3d-spiel\/dinosaurierimplantate\/","title":{"rendered":"Dinosaurierimplantate"},"content":{"rendered":"<div class=\"teaser\"><\/div>\n<h1 class=\"headline_page width_500\"><span>Implantate f\u00fcr deinen Dinosaurier<\/span><\/h1>\n<p class=\"back-button back-pos500\"><a class=\"back-block\" href=\"\/de\/online-3d-spiel#\u00fcbersicht\">Zur\u00fcck<\/a><\/p>\n<div class=\"full\">\n<img decoding=\"async\" class=\"wrapper_image_impl colorbox-2827\" src=\"\/wp-content\/themes\/arras\/images\/dinostorm\/Implantate-Cowboy.png\" alt=\"Cowboy talks about dinosaur implants in Dino Storm\"\/><\/p>\n<div class=\"wrapper_impl\">\n<p class=\"text-impl\">Sei der Konkurrenz stets voraus mit unseren hochperformanten Dino-Implantaten, die modernste Biotechnologie einsetzen. Es piekt auch nur ganz kurz!<\/p>\n<\/div>\n<div class=\"wrapper_impl2\">\n<div class=\"slot-list\">\n<div class=\"clear-after\">\n                      <span class=\"icon-frame-gloss float-left\"><br \/>\n            <img class=\"colorbox-2827\"  decoding=\"async\" src=\"\/wp-content\/themes\/arras\/images\/dinostorm\/implant_armor.png\" alt=\"R\u00fcstungsimplantat f\u00fcr Dinos in Dino Storm\"\/><br \/>\n                       <\/span><\/p>\n<div class=\"slot-wrapper\">\n\t\t\t    <span class=\"slot-item-title\">Dinosaurier R\u00fcstungsimplantat<\/span><\/p>\n<p class=\"feature-slot-desc\">Dein Dino ist st\u00e4ndig unter Beschuss? Dann sollte unser R\u00fcstungs-Implantat deine erste Wahl sein. Es erh\u00f6ht den R\u00fcstungswert deines Dinos und verringert so den Schaden.<\/p>\n<\/p><\/div>\n<p>\t<span class=\"clear\"><!-- --><\/span>\n\t         <\/div>\n<\/p><\/div>\n<\/p><\/div>\n<div class=\"wrapper_impl2\">\n<div class=\"slot-list\">\n<div class=\"clear-after\">\n                      <span class=\"icon-frame-gloss float-left\"><br \/>\n            <img class=\"colorbox-2827\"  decoding=\"async\" src=\"\/wp-content\/themes\/arras\/images\/dinostorm\/implant_vitality.png\" alt=\"Vitalit\u00e4tsimplantat f\u00fcr Dinos in Dino Storm\"\/><br \/>\n                       <\/span><\/p>\n<div class=\"slot-wrapper\">\n\t\t\t    <span class=\"slot-item-title\">Dinosaurier Vitalit\u00e4tsimplantat<\/span><\/p>\n<p class=\"feature-slot-desc\">Du machst dir im Kampf stets Sorgen um deinen <a href=\"\/de\/online-3d-spiel\/dinosaurier-lexikon\" title=\"Dinosaur Lexikon\">Dino<\/a> und brauchst Unmengen von Heiltr\u00e4nken? Dann k\u00f6nnte unser Vitalit\u00e4ts-Implantat interessant f\u00fcr dich sein, das die Lebenspunkte deines Dinos erh\u00f6ht.<\/p>\n<\/p><\/div>\n<p>\t<span class=\"clear\"><!-- --><\/span>\n\t         <\/div>\n<\/p><\/div>\n<\/p><\/div>\n<div class=\"wrapper_impl2\">\n<div class=\"slot-list\">\n<div class=\"clear-after\">\n                      <span class=\"icon-frame-gloss float-left\"><br \/>\n            <img class=\"colorbox-2827\"  decoding=\"async\" src=\"\/wp-content\/themes\/arras\/images\/dinostorm\/implant_strength.png\" alt=\"St\u00e4rkeimplantat f\u00fcr Dinos in Dino Storm\"\/><br \/>\n                       <\/span><\/p>\n<div class=\"slot-wrapper\">\n\t\t\t    <span class=\"slot-item-title\">Dinosaurier St\u00e4rkeimplantat<\/span><\/p>\n<p class=\"feature-slot-desc\">Mehr Muskelkraft f\u00fcr deinen Dino, viel mehr gibt es nicht hinzuzuf\u00fcgen. Ja, erstaunlicherweise erh\u00f6ht es den Schaden, den dein Dino Zielen zuf\u00fcgt. Aber sei gewarnt, rohe Kraft ist nicht alles&#8230;<\/p>\n<\/p><\/div>\n<p>\t<span class=\"clear\"><!-- --><\/span>\n\t         <\/div>\n<\/p><\/div>\n<\/p><\/div>\n<div class=\"wrapper_impl2\">\n<div class=\"slot-list\">\n<div class=\"clear-after\">\n                      <span class=\"icon-frame-gloss float-left\"><br \/>\n            <img class=\"colorbox-2827\"  decoding=\"async\" src=\"\/wp-content\/themes\/arras\/images\/dinostorm\/implant_recovery.png\" alt=\"Erholungsimplantat f\u00fcr Dinos in Dino Storm\"\/><br \/>\n                       <\/span><\/p>\n<div class=\"slot-wrapper\">\n\t\t\t    <span class=\"slot-item-title\">Dinosaurier Erholungsimplantat<\/span><\/p>\n<p class=\"feature-slot-desc\">Nach jahrelanger Forschung hat es unser Dino-Doktor geschafft: Das brandneue Erholungs-Implantat sorgt f\u00fcr erh\u00f6hte Lebenspunktregeneration bei deinem Dino. Bleib l\u00e4nger auf den Beinen, Cowboy.<\/p>\n<\/p><\/div>\n<p>\t<span class=\"clear\"><!-- --><\/span>\n\t         <\/div>\n<\/p><\/div>\n<\/p><\/div>\n<div class=\"wrapper_impl2\">\n<div class=\"slot-list\">\n<div class=\"clear-after\">\n                      <span class=\"icon-frame-gloss float-left\"><br \/>\n            <img class=\"colorbox-2827\"  decoding=\"async\" src=\"\/wp-content\/themes\/arras\/images\/dinostorm\/implant_agility.png\" alt=\"Beweglichkeitsimplantat f\u00fcr Dinos in Dino Storm\"\/><br \/>\n                       <\/span><\/p>\n<div class=\"slot-wrapper\">\n\t\t\t    <span class=\"slot-item-title\">Dinosaurier Beweglichkeitsimplantat<\/span><\/p>\n<p class=\"feature-slot-desc\">Kommt dir dein Dino manchmal tr\u00e4ge vor? Dann raten wir dir zu unseren brandneuen Beweglichkeits-Implantaten f\u00fcr Dinosaurier in <a href=\"http:\/\/dinostorm.com\/de\/\" title=\"Dino Storm\">Dino Storm<\/a>. Diese fantastischen Ger\u00e4te erh\u00f6hen die Chance, dass dein Dino Angriffen ausweicht.<\/p>\n<\/p><\/div>\n<p>\t<span class=\"clear\"><!-- --><\/span>\n\t         <\/div>\n<\/p><\/div>\n<\/p><\/div>\n<div class=\"wrapper_impl2\">\n<div class=\"slot-list\">\n<div class=\"clear-after\">\n                      <span class=\"icon-frame-gloss float-left\"><br \/>\n            <img class=\"colorbox-2827\"  decoding=\"async\" src=\"\/wp-content\/themes\/arras\/images\/dinostorm\/implant_endurance.png\" alt=\"Ausdauerimplantat f\u00fcr Dinos in Dino Storm\"\/><br \/>\n                       <\/span><\/p>\n<div class=\"slot-wrapper\">\n\t\t\t    <span class=\"slot-item-title\">Dinosaurier Ausdauerimplantat<\/span><\/p>\n<p class=\"feature-slot-desc\">Geschwindigkeit kann f\u00fcr jeden Dino lebenswichtig sein, denn niemand wird dich fangen, wenn dein Dino der Schnellste ist. Hier kommt das Ausdauer-Implantat ins Spiel: Dieses vorz\u00fcgliche Ger\u00e4t erh\u00f6ht die Laufgeschwindigkeit deines Dinos.<\/p>\n<\/p><\/div>\n<p>\t<span class=\"clear\"><!-- --><\/span>\n\t         <\/div>\n<\/p><\/div>\n<\/p><\/div>\n<div class=\"wrapper_impl2\">\n<div class=\"slot-list\">\n<div class=\"clear-after\">\n                      <span class=\"icon-frame-gloss float-left\"><br \/>\n            <img class=\"colorbox-2827\"  decoding=\"async\" src=\"\/wp-content\/themes\/arras\/images\/dinostorm\/implant_stability.png\" alt=\"Stabilit\u00e4tsimplantat f\u00fcr Dinos in Dino Storm\"\/><br \/>\n                       <\/span><\/p>\n<div class=\"slot-wrapper\">\n\t\t\t    <span class=\"slot-item-title\">Dinosaurier Stabilit\u00e4tsimplantat<\/span><\/p>\n<p class=\"feature-slot-desc\">Du und dein Dino seid st\u00e4ndig auf der Flucht? Probiere unser Stabilit\u00e4ts-Implantat und nichts wird euch mehr aufhalten. Verringert die Dauer von Bet\u00e4ubung, Verwirrung und Angst.<\/p>\n<\/p><\/div>\n<p>\t<span class=\"clear\"><!-- --><\/span>\n\t         <\/div>\n<\/p><\/div>\n<\/p><\/div>\n<div class=\"wrapper_impl2\">\n<div class=\"slot-list\">\n<div class=\"clear-after\">\n                      <span class=\"icon-frame-gloss float-left\"><br \/>\n            <img class=\"colorbox-2827\"  decoding=\"async\" src=\"\/wp-content\/themes\/arras\/images\/dinostorm\/implant_rage.png\" alt=\"Dinosaurier Raserei-Implantat\"\/><br \/>\n                       <\/span><\/p>\n<div class=\"slot-wrapper\">\n\t\t\t    <span class=\"slot-item-title\">Dinosaurier Raserei-Implantat<\/span><\/p>\n<p class=\"feature-slot-desc\">Deine Powerleiste f&#x00fc;llt sich schneller, wenn Dein Dinosaurier Schaden erleidet. Muss in einem Dino-Implantat-Slot eingebaut sein, um zu funktionieren.<\/p>\n<\/p><\/div>\n<p>\t<span class=\"clear\"><!-- --><\/span>\n\t         <\/div>\n<\/p><\/div>\n<\/p><\/div>\n<div class=\"wrapper_impl2\">\n<div class=\"slot-list\">\n<div class=\"clear-after\">\n                      <span class=\"icon-frame-gloss float-left\"><br \/>\n            <img class=\"colorbox-2827\"  decoding=\"async\" src=\"\/wp-content\/themes\/arras\/images\/dinostorm\/implant_shield.png\" alt=\"Dinosaurier Schild-Implantat\"\/><br \/>\n                       <\/span><\/p>\n<div class=\"slot-wrapper\">\n\t\t\t    <span class=\"slot-item-title\">Dinosaurier Schild-Implantat<\/span><\/p>\n<p class=\"feature-slot-desc\">Erh&#x00f6;ht die Widerstandsf&#x00e4;higkeit Deines Dinosauriers gegen&#x00fc;ber Waffenschaden. Muss in einem Dino-Implantat-Slot eingebaut sein, um zu funktionieren.<\/p>\n<\/p><\/div>\n<p>\t<span class=\"clear\"><!-- --><\/span>\n\t         <\/div>\n<\/p><\/div>\n<\/p><\/div>\n<div class=\"wrapper_impl2\">\n<div class=\"slot-list\">\n<div class=\"clear-after\">\n                      <span class=\"icon-frame-gloss float-left\"><br \/>\n            <img class=\"colorbox-2827\"  decoding=\"async\" src=\"\/wp-content\/themes\/arras\/images\/dinostorm\/implant_claws.png\" alt=\"Dinosaurier Klauen-Implantat\"\/><br \/>\n                       <\/span><\/p>\n<div class=\"slot-wrapper\">\n\t\t\t    <span class=\"slot-item-title\">Dinosaurier Klauen-Implantat<\/span><\/p>\n<p class=\"feature-slot-desc\">Gew&#x00e4;hrt Deinem Dinosaurier eine Chance, zus&#x00e4;tzliche Ziele im Nahkampf zu treffen. Muss in einem Dino-Implantat-Slot eingebaut sein, um zu funktionieren.<\/p>\n<\/p><\/div>\n<p>\t<span class=\"clear\"><!-- --><\/span>\n\t         <\/div>\n<\/p><\/div>\n<\/p><\/div>\n<div class=\"wrapper_impl2\">\n<div class=\"slot-list\">\n<div class=\"clear-after\">\n                      <span class=\"icon-frame-gloss float-left\"><br \/>\n            <img class=\"colorbox-2827\"  decoding=\"async\" src=\"\/wp-content\/themes\/arras\/images\/dinostorm\/implant_weaponreflector.png\" alt=\"Dinosaurier Waffenkonter-Implantat\"\/><br \/>\n                       <\/span><\/p>\n<div class=\"slot-wrapper\">\n\t\t\t    <span class=\"slot-item-title\">Dinosaurier Waffenkonter-Implantat<\/span><\/p>\n<p class=\"feature-slot-desc\">Gew&#x00e4;hrt deinem Dinosaurier eine Chance, vor&#x00fc;bergehend einen Teil des eingehenden Waffenschadens zur&#x00fc;ckzuwerfen. Muss in einem Dino-Implantat-Slot eingebaut sein, um zu funktionieren.<\/p>\n<\/p><\/div>\n<p>\t<span class=\"clear\"><!-- --><\/span>\n\t         <\/div>\n<\/p><\/div>\n<\/p><\/div>\n<div class=\"wrapper_impl2\">\n<div class=\"slot-list\">\n<div class=\"clear-after\">\n                      <span class=\"icon-frame-gloss float-left\"><br \/>\n            <img class=\"colorbox-2827\"  decoding=\"async\" src=\"\/wp-content\/themes\/arras\/images\/dinostorm\/implant_heatregulator.png\" alt=\"Dinosaurier W&#x00e4;rmeregler-Implantat\"\/><br \/>\n                       <\/span><\/p>\n<div class=\"slot-wrapper\">\n\t\t\t    <span class=\"slot-item-title\">Dinosaurier W&#x00e4;rmeregler-Implantat<\/span><\/p>\n<p class=\"feature-slot-desc\">Verk&#x00fc;rzt die Dauer von L&#x00e4;hmung und Verlangsamung. Muss in einem Dino-Implantat-Slot eingebaut sein, um zu funktionieren.<\/p>\n<\/p><\/div>\n<p>\t<span class=\"clear\"><!-- --><\/span>\n\t         <\/div>\n<\/p><\/div>\n<\/p><\/div>\n<\/div>\n<\/div>\n<div class=full>\n<img decoding=\"async\" class=\"hr3 colorbox-2827\" src=\"\/wp-content\/themes\/arras\/images\/dinostorm\/seperator_big.png\" alt=\"separator dino storm\" \/>\n<\/div>\n","protected":false},"excerpt":{"rendered":"<p>Implantate f\u00fcr deinen Dinosaurier Zur\u00fcck Sei der Konkurrenz stets voraus mit unseren hochperformanten Dino-Implantaten, die modernste Biotechnologie einsetzen. Es piekt auch nur ganz kurz! Dinosaurier R\u00fcstungsimplantat Dein Dino ist st\u00e4ndig unter Beschuss? Dann sollte unser [&hellip;]<\/p>\n","protected":false},"author":26,"featured_media":15052,"parent":2213,"menu_order":0,"comment_status":"closed","ping_status":"closed","template":"pagetpl-onecolumn.php","meta":{"footnotes":"","_links_to":"","_links_to_target":""},"class_list":["post-2827","page","type-page","status-publish","has-post-thumbnail","hentry"],"yoast_head":"<!-- This site is optimized with the Yoast SEO plugin v27.5 - https:\/\/yoast.com\/product\/yoast-seo-wordpress\/ -->\n<title>Dino Storm - Implantate f\u00fcr deinen Dinosaurier<\/title>\n<meta name=\"description\" content=\"Sei der Konkurrenz stets voraus mit unseren hochperformanten Dinosaurier Implantaten, die modernste Biotechnologie einsetzen.\" \/>\n<meta name=\"robots\" content=\"index, follow, max-snippet:-1, max-image-preview:large, max-video-preview:-1\" \/>\n<link rel=\"canonical\" href=\"https:\/\/dinostorm.com\/de\/online-3d-spiel\/dinosaurierimplantate\/\" \/>\n<meta property=\"og:locale\" content=\"de_DE\" \/>\n<meta property=\"og:type\" content=\"article\" \/>\n<meta property=\"og:title\" content=\"Dino Storm - Implantate f\u00fcr deinen Dinosaurier\" \/>\n<meta property=\"og:description\" content=\"Sei der Konkurrenz stets voraus mit unseren hochperformanten Dinosaurier Implantaten, die modernste Biotechnologie einsetzen.\" \/>\n<meta property=\"og:url\" content=\"https:\/\/dinostorm.com\/de\/online-3d-spiel\/dinosaurierimplantate\/\" \/>\n<meta property=\"og:site_name\" content=\"DinoStorm\" \/>\n<meta property=\"article:modified_time\" content=\"2021-07-09T12:45:24+00:00\" \/>\n<meta property=\"og:image\" content=\"https:\/\/dinostorm.com\/wp-content\/uploads\/2012\/09\/ds_jungle_01.jpg\" \/>\n\t<meta property=\"og:image:width\" content=\"1280\" \/>\n\t<meta property=\"og:image:height\" content=\"720\" \/>\n\t<meta property=\"og:image:type\" content=\"image\/jpeg\" \/>\n<meta name=\"twitter:label1\" content=\"Gesch\u00e4tzte Lesezeit\" \/>\n\t<meta name=\"twitter:data1\" content=\"2 minutes\" \/>\n<script type=\"application\/ld+json\" class=\"yoast-schema-graph\">{\"@context\":\"https:\\\/\\\/schema.org\",\"@graph\":[{\"@type\":\"WebPage\",\"@id\":\"https:\\\/\\\/dinostorm.com\\\/de\\\/online-3d-spiel\\\/dinosaurierimplantate\\\/\",\"url\":\"https:\\\/\\\/dinostorm.com\\\/de\\\/online-3d-spiel\\\/dinosaurierimplantate\\\/\",\"name\":\"Dino Storm - Implantate f\u00fcr deinen Dinosaurier\",\"isPartOf\":{\"@id\":\"https:\\\/\\\/dinostorm.com\\\/de\\\/#website\"},\"primaryImageOfPage\":{\"@id\":\"https:\\\/\\\/dinostorm.com\\\/de\\\/online-3d-spiel\\\/dinosaurierimplantate\\\/#primaryimage\"},\"image\":{\"@id\":\"https:\\\/\\\/dinostorm.com\\\/de\\\/online-3d-spiel\\\/dinosaurierimplantate\\\/#primaryimage\"},\"thumbnailUrl\":\"https:\\\/\\\/dinostorm.com\\\/wp-content\\\/uploads\\\/2012\\\/09\\\/ds_jungle_01.jpg\",\"datePublished\":\"2012-10-18T07:18:05+00:00\",\"dateModified\":\"2021-07-09T12:45:24+00:00\",\"description\":\"Sei der Konkurrenz stets voraus mit unseren hochperformanten Dinosaurier Implantaten, die modernste Biotechnologie einsetzen.\",\"breadcrumb\":{\"@id\":\"https:\\\/\\\/dinostorm.com\\\/de\\\/online-3d-spiel\\\/dinosaurierimplantate\\\/#breadcrumb\"},\"inLanguage\":\"de-DE\",\"potentialAction\":[{\"@type\":\"ReadAction\",\"target\":[\"https:\\\/\\\/dinostorm.com\\\/de\\\/online-3d-spiel\\\/dinosaurierimplantate\\\/\"]}]},{\"@type\":\"ImageObject\",\"inLanguage\":\"de-DE\",\"@id\":\"https:\\\/\\\/dinostorm.com\\\/de\\\/online-3d-spiel\\\/dinosaurierimplantate\\\/#primaryimage\",\"url\":\"https:\\\/\\\/dinostorm.com\\\/wp-content\\\/uploads\\\/2012\\\/09\\\/ds_jungle_01.jpg\",\"contentUrl\":\"https:\\\/\\\/dinostorm.com\\\/wp-content\\\/uploads\\\/2012\\\/09\\\/ds_jungle_01.jpg\",\"width\":1280,\"height\":720,\"caption\":\"Beware of dangerous bandits in Mokon Woods are everywhere.\"},{\"@type\":\"BreadcrumbList\",\"@id\":\"https:\\\/\\\/dinostorm.com\\\/de\\\/online-3d-spiel\\\/dinosaurierimplantate\\\/#breadcrumb\",\"itemListElement\":[{\"@type\":\"ListItem\",\"position\":1,\"name\":\"Home\",\"item\":\"https:\\\/\\\/dinostorm.com\\\/de\\\/\"},{\"@type\":\"ListItem\",\"position\":2,\"name\":\"Spiel\",\"item\":\"https:\\\/\\\/dinostorm.com\\\/de\\\/online-3d-spiel\\\/\"},{\"@type\":\"ListItem\",\"position\":3,\"name\":\"Dinosaurierimplantate\"}]},{\"@type\":\"WebSite\",\"@id\":\"https:\\\/\\\/dinostorm.com\\\/de\\\/#website\",\"url\":\"https:\\\/\\\/dinostorm.com\\\/de\\\/\",\"name\":\"DinoStorm\",\"description\":\"\",\"potentialAction\":[{\"@type\":\"SearchAction\",\"target\":{\"@type\":\"EntryPoint\",\"urlTemplate\":\"https:\\\/\\\/dinostorm.com\\\/de\\\/?s={search_term_string}\"},\"query-input\":{\"@type\":\"PropertyValueSpecification\",\"valueRequired\":true,\"valueName\":\"search_term_string\"}}],\"inLanguage\":\"de-DE\"}]}<\/script>\n<!-- \/ Yoast SEO plugin. -->","yoast_head_json":{"title":"Dino Storm - Implantate f\u00fcr deinen Dinosaurier","description":"Sei der Konkurrenz stets voraus mit unseren hochperformanten Dinosaurier Implantaten, die modernste Biotechnologie einsetzen.","robots":{"index":"index","follow":"follow","max-snippet":"max-snippet:-1","max-image-preview":"max-image-preview:large","max-video-preview":"max-video-preview:-1"},"canonical":"https:\/\/dinostorm.com\/de\/online-3d-spiel\/dinosaurierimplantate\/","og_locale":"de_DE","og_type":"article","og_title":"Dino Storm - Implantate f\u00fcr deinen Dinosaurier","og_description":"Sei der Konkurrenz stets voraus mit unseren hochperformanten Dinosaurier Implantaten, die modernste Biotechnologie einsetzen.","og_url":"https:\/\/dinostorm.com\/de\/online-3d-spiel\/dinosaurierimplantate\/","og_site_name":"DinoStorm","article_modified_time":"2021-07-09T12:45:24+00:00","og_image":[{"width":1280,"height":720,"url":"https:\/\/dinostorm.com\/wp-content\/uploads\/2012\/09\/ds_jungle_01.jpg","type":"image\/jpeg"}],"twitter_misc":{"Gesch\u00e4tzte Lesezeit":"2 minutes"},"schema":{"@context":"https:\/\/schema.org","@graph":[{"@type":"WebPage","@id":"https:\/\/dinostorm.com\/de\/online-3d-spiel\/dinosaurierimplantate\/","url":"https:\/\/dinostorm.com\/de\/online-3d-spiel\/dinosaurierimplantate\/","name":"Dino Storm - Implantate f\u00fcr deinen Dinosaurier","isPartOf":{"@id":"https:\/\/dinostorm.com\/de\/#website"},"primaryImageOfPage":{"@id":"https:\/\/dinostorm.com\/de\/online-3d-spiel\/dinosaurierimplantate\/#primaryimage"},"image":{"@id":"https:\/\/dinostorm.com\/de\/online-3d-spiel\/dinosaurierimplantate\/#primaryimage"},"thumbnailUrl":"https:\/\/dinostorm.com\/wp-content\/uploads\/2012\/09\/ds_jungle_01.jpg","datePublished":"2012-10-18T07:18:05+00:00","dateModified":"2021-07-09T12:45:24+00:00","description":"Sei der Konkurrenz stets voraus mit unseren hochperformanten Dinosaurier Implantaten, die modernste Biotechnologie einsetzen.","breadcrumb":{"@id":"https:\/\/dinostorm.com\/de\/online-3d-spiel\/dinosaurierimplantate\/#breadcrumb"},"inLanguage":"de-DE","potentialAction":[{"@type":"ReadAction","target":["https:\/\/dinostorm.com\/de\/online-3d-spiel\/dinosaurierimplantate\/"]}]},{"@type":"ImageObject","inLanguage":"de-DE","@id":"https:\/\/dinostorm.com\/de\/online-3d-spiel\/dinosaurierimplantate\/#primaryimage","url":"https:\/\/dinostorm.com\/wp-content\/uploads\/2012\/09\/ds_jungle_01.jpg","contentUrl":"https:\/\/dinostorm.com\/wp-content\/uploads\/2012\/09\/ds_jungle_01.jpg","width":1280,"height":720,"caption":"Beware of dangerous bandits in Mokon Woods are everywhere."},{"@type":"BreadcrumbList","@id":"https:\/\/dinostorm.com\/de\/online-3d-spiel\/dinosaurierimplantate\/#breadcrumb","itemListElement":[{"@type":"ListItem","position":1,"name":"Home","item":"https:\/\/dinostorm.com\/de\/"},{"@type":"ListItem","position":2,"name":"Spiel","item":"https:\/\/dinostorm.com\/de\/online-3d-spiel\/"},{"@type":"ListItem","position":3,"name":"Dinosaurierimplantate"}]},{"@type":"WebSite","@id":"https:\/\/dinostorm.com\/de\/#website","url":"https:\/\/dinostorm.com\/de\/","name":"DinoStorm","description":"","potentialAction":[{"@type":"SearchAction","target":{"@type":"EntryPoint","urlTemplate":"https:\/\/dinostorm.com\/de\/?s={search_term_string}"},"query-input":{"@type":"PropertyValueSpecification","valueRequired":true,"valueName":"search_term_string"}}],"inLanguage":"de-DE"}]}},"_links":{"self":[{"href":"https:\/\/dinostorm.com\/de\/wp-json\/wp\/v2\/pages\/2827","targetHints":{"allow":["GET"]}}],"collection":[{"href":"https:\/\/dinostorm.com\/de\/wp-json\/wp\/v2\/pages"}],"about":[{"href":"https:\/\/dinostorm.com\/de\/wp-json\/wp\/v2\/types\/page"}],"author":[{"embeddable":true,"href":"https:\/\/dinostorm.com\/de\/wp-json\/wp\/v2\/users\/26"}],"replies":[{"embeddable":true,"href":"https:\/\/dinostorm.com\/de\/wp-json\/wp\/v2\/comments?post=2827"}],"version-history":[{"count":6,"href":"https:\/\/dinostorm.com\/de\/wp-json\/wp\/v2\/pages\/2827\/revisions"}],"predecessor-version":[{"id":238461,"href":"https:\/\/dinostorm.com\/de\/wp-json\/wp\/v2\/pages\/2827\/revisions\/238461"}],"up":[{"embeddable":true,"href":"https:\/\/dinostorm.com\/de\/wp-json\/wp\/v2\/pages\/2213"}],"wp:featuredmedia":[{"embeddable":true,"href":"https:\/\/dinostorm.com\/de\/wp-json\/wp\/v2\/media\/15052"}],"wp:attachment":[{"href":"https:\/\/dinostorm.com\/de\/wp-json\/wp\/v2\/media?parent=2827"}],"curies":[{"name":"wp","href":"https:\/\/api.w.org\/{rel}","templated":true}]}}