{"id":2822,"date":"2012-10-18T09:18:35","date_gmt":"2012-10-18T07:18:35","guid":{"rendered":"http:\/\/dinostorm.com\/?page_id=2822"},"modified":"2021-07-09T14:41:09","modified_gmt":"2021-07-09T12:41:09","slug":"waffenkits","status":"publish","type":"page","link":"https:\/\/dinostorm.com\/de\/online-3d-spiel\/waffenkits\/","title":{"rendered":"Waffenkits"},"content":{"rendered":"<div class=\"teaser\"><\/div>\n<h1 class=\"headline_page width_600\"><span>Laser Gun Waffenkits f\u00fcr Cowboys<\/span><\/h1>\n<p class=\"back-button back-pos600\"><a class=\"back-block\" href=\"\/de\/online-3d-spiel#\u00fcbersicht\">Zur\u00fcck<\/a>a><\/p>\n<div class=\"full\">\n<img decoding=\"async\" class=\"wrapper_image_impl colorbox-2822\" src=\"\/wp-content\/themes\/arras\/images\/dinostorm\/tech-Cowboy.png\" alt=\"Cowboy redet \u00fcber die modernen Waffenkits f\u00fcr Laser Guns in Dino Storm\"\/><\/p>\n<div class=\"wrapper_impl\">\n<p class=\"text-impl\">Sei der Konkurrenz stets einen Schritt voraus mit Waffen-Technologien f\u00fcr deine Laser Gun. Sie sind einfach anzubringen und sofort betriebsbereit.<\/p>\n<\/div>\n<div class=\"wrapper_impl2\">\n<div class=\"slot-list\">\n<div class=\"clear-after\">\n                      <span class=\"icon-frame-gloss float-left\"><br \/>\n            <img class=\"colorbox-2822\"  decoding=\"async\" src=\"\/wp-content\/themes\/arras\/images\/dinostorm\/module_damage.png\" alt=\"Schadens-Technologie f\u00fcr Laser Guns\"\/><br \/>\n                       <\/span><\/p>\n<div class=\"slot-wrapper\">\n\t\t\t    <span class=\"slot-item-title\">Laser Gun Schadens-Technologie<\/span><\/p>\n<p class=\"feature-slot-desc\">Wozu ist eine <a href=\"\/de\/online-3d-spiel\/waffen-lexikon\" title=\"Laser Gun Lexicon\">Laser Gun<\/a> ohne Wumms schon gut? Schlag zu und lass deinen Gegnern keine Chance. Hol dir Schadenstechnologie f\u00fcr deine Laser Gun und lass es krachen.<\/p>\n<\/p><\/div>\n<p>\t<span class=\"clear\"><!-- --><\/span>\n\t         <\/div>\n<\/p><\/div>\n<\/p><\/div>\n<div class=\"wrapper_impl2\">\n<div class=\"slot-list\">\n<div class=\"clear-after\">\n                      <span class=\"icon-frame-gloss float-left\"><br \/>\n            <img class=\"colorbox-2822\"  decoding=\"async\" src=\"\/wp-content\/themes\/arras\/images\/dinostorm\/module_focus.png\" alt=\"Fokus-Technologie f\u00fcr Laser Guns\"\/><br \/>\n                       <\/span><\/p>\n<div class=\"slot-wrapper\">\n\t\t\t    <span class=\"slot-item-title\">Laser Gun Fokus-Technologie<\/span><\/p>\n<p class=\"feature-slot-desc\">Konzentrier dich, Cowboy. Lande mit jedem Schuss (und jedem Biss) einen Treffer. Unrealistisch? Nicht mit unserer Fokus-Technologie f\u00fcr deine Laser Gun, die die Trefferquote sowohl deiner Waffe, als auch deines Dinos erh\u00f6ht.<\/p>\n<\/p><\/div>\n<p>\t<span class=\"clear\"><!-- --><\/span>\n\t         <\/div>\n<\/p><\/div>\n<\/p><\/div>\n<div class=\"wrapper_impl2\">\n<div class=\"slot-list\">\n<div class=\"clear-after\">\n                      <span class=\"icon-frame-gloss float-left\"><br \/>\n            <img class=\"colorbox-2822\"  decoding=\"async\" src=\"\/wp-content\/themes\/arras\/images\/dinostorm\/module_frequency.png\" alt=\"Takt-Technologie f\u00fcr Laser Guns\"\/><br \/>\n                       <\/span><\/p>\n<div class=\"slot-wrapper\">\n\t\t\t    <span class=\"slot-item-title\">Laser Gun Takt-Technologie<\/span><\/p>\n<p class=\"feature-slot-desc\">Rohe Kraft ist nicht alles, sagst du? Stimmt. Deshalb hat man Takt-Technologie f\u00fcr Laser Guns erfunden, die die Feuerrate deiner Waffe erh\u00f6ht. Probier&#8217;s aus, Cowboy.<\/p>\n<\/p><\/div>\n<p>\t<span class=\"clear\"><!-- --><\/span>\n\t         <\/div>\n<\/p><\/div>\n<\/p><\/div>\n<div class=\"wrapper_impl2\">\n<div class=\"slot-list\">\n<div class=\"clear-after\">\n                      <span class=\"icon-frame-gloss float-left\"><br \/>\n            <img class=\"colorbox-2822\"  decoding=\"async\" src=\"\/wp-content\/themes\/arras\/images\/dinostorm\/module_penetration.png\" alt=\"Durchdringungs-Technologie f\u00fcr Laser Guns\"\/><br \/>\n                       <\/span><\/p>\n<div class=\"slot-wrapper\">\n\t\t\t    <span class=\"slot-item-title\">Laser Gun Durchdringungs-Technologie<\/span><\/p>\n<p class=\"feature-slot-desc\">Triff deine Gegner hart dank Durchdringungs-Technologie. Warum hei\u00dft sie so? Weil deine Laser Gun mit ihrer Hilfe die R\u00fcstung deiner Gegner effektiver durchdringt.<\/p>\n<\/p><\/div>\n<p>\t<span class=\"clear\"><!-- --><\/span>\n\t         <\/div>\n<\/p><\/div>\n<\/p><\/div>\n<div class=\"wrapper_impl2\">\n<div class=\"slot-list\">\n<div class=\"clear-after\">\n                      <span class=\"icon-frame-gloss float-left\"><br \/>\n            <img class=\"colorbox-2822\"  decoding=\"async\" src=\"\/wp-content\/themes\/arras\/images\/dinostorm\/module_precision.png\" alt=\"Pr\u00e4zisions-Technologie f\u00fcr Laser Guns\"\/><br \/>\n                       <\/span><\/p>\n<div class=\"slot-wrapper\">\n\t\t\t    <span class=\"slot-item-title\">Laser Gun Pr\u00e4zisions-Technologie<\/span><\/p>\n<p class=\"feature-slot-desc\">Du willst den Kampf mit dem ersten Schuss beenden? Hier ist deine Chance: Pr\u00e4zisions-Technologie f\u00fcr deine Laser Gun erh\u00f6ht die Chance auf kritische Treffer in <a href=\"https:\/\/dinostorm.com\/de\/\" title=\"Dino Storm\">Dino Storm<\/a>.<\/p>\n<\/p><\/div>\n<p>\t<span class=\"clear\"><!-- --><\/span>\n\t         <\/div>\n<\/p><\/div>\n<\/p><\/div>\n<div class=\"wrapper_impl2\">\n<div class=\"slot-list\">\n<div class=\"clear-after\">\n                      <span class=\"icon-frame-gloss float-left\"><br \/>\n            <img class=\"colorbox-2822\"  decoding=\"async\" src=\"\/wp-content\/themes\/arras\/images\/dinostorm\/module_range.png\" alt=\"Reichweiten-Technologie f\u00fcr Laser Guns\"\/><br \/>\n                       <\/span><\/p>\n<div class=\"slot-wrapper\">\n\t\t\t    <span class=\"slot-item-title\">Laser Gun Reichweiten-Technologie<\/span><\/p>\n<p class=\"feature-slot-desc\">Reichweiten-Technologie ist die perfekte Wahl f\u00fcr alle Scharfsch\u00fctzen. Dieses feine Modul erh\u00f6ht die maximale Schussreichweite deiner Laser Gun. \u00dcberrascht? Dem ist nichts hinzuzuf\u00fcgen, Cowboy.<\/p>\n<\/p><\/div>\n<p>\t<span class=\"clear\"><!-- --><\/span>\n\t         <\/div>\n<\/p><\/div>\n<\/div>\n<div class=\"wrapper_impl2\">\n<div class=\"slot-list\">\n<div class=\"clear-after\">\n                      <span class=\"icon-frame-gloss float-left\"><br \/>\n            <img class=\"colorbox-2822\"  decoding=\"async\" src=\"\/wp-content\/themes\/arras\/images\/dinostorm\/module_aim.png\" alt=\"Zielen-Technologie f&#x00fc;r Laser Guns\"\/><br \/>\n                       <\/span><\/p>\n<div class=\"slot-wrapper\">\n\t\t\t    <span class=\"slot-item-title\">Laser Gun Zielen-Technologie<\/span><\/p>\n<p class=\"feature-slot-desc\">Erh&#x00f6;ht Deinen Waffenschaden, je gr&#x00f6;&#x00df;er Deine Entfernung zum Ziel ist. Muss in einem Waffentechnologie-Slot eingebaut sein, um zu funktionieren.<\/p>\n<\/p><\/div>\n<p>\t<span class=\"clear\"><!-- --><\/span>\n\t         <\/div>\n<\/p><\/div>\n<\/div>\n<div class=\"wrapper_impl2\">\n<div class=\"slot-list\">\n<div class=\"clear-after\">\n                      <span class=\"icon-frame-gloss float-left\"><br \/>\n            <img class=\"colorbox-2822\"  decoding=\"async\" src=\"\/wp-content\/themes\/arras\/images\/dinostorm\/module_dinodefense.png\" alt=\"Dinoabwehr-Technologie f&#x00fc;r Laser Guns\"\/><br \/>\n                       <\/span><\/p>\n<div class=\"slot-wrapper\">\n\t\t\t    <span class=\"slot-item-title\">Laser Gun Dinoabwehr-Technologie<\/span><\/p>\n<p class=\"feature-slot-desc\">Erh&#x00f6;ht die Widerstandsf&#x00e4;higkeit gegen Dinosaurierschaden. Muss in einem Waffentechnologie-Slot eingebaut sein, um zu funktionieren.<\/p>\n<\/p><\/div>\n<p>\t<span class=\"clear\"><!-- --><\/span>\n\t         <\/div>\n<\/p><\/div>\n<\/div>\n<div class=\"wrapper_impl2\">\n<div class=\"slot-list\">\n<div class=\"clear-after\">\n                      <span class=\"icon-frame-gloss float-left\"><br \/>\n            <img class=\"colorbox-2822\"  decoding=\"async\" src=\"\/wp-content\/themes\/arras\/images\/dinostorm\/module_shock.png\" alt=\"Schock-Technologie f&#x00fc;r Laser Guns\"\/><br \/>\n                       <\/span><\/p>\n<div class=\"slot-wrapper\">\n\t\t\t    <span class=\"slot-item-title\">Laser Gun Schock-Technologie<\/span><\/p>\n<p class=\"feature-slot-desc\">Gew&#x00e4;hrt eine Chance, die Powerleiste eines anderen Spielers mit einem erfolgreichen Treffer komplett zu leeren. Muss in einem Waffentechnologie-Slot eingebaut sein, um zu funktionieren.<\/p>\n<\/p><\/div>\n<p>\t<span class=\"clear\"><!-- --><\/span>\n\t         <\/div>\n<\/p><\/div>\n<\/div>\n<div class=\"wrapper_impl2\">\n<div class=\"slot-list\">\n<div class=\"clear-after\">\n                      <span class=\"icon-frame-gloss float-left\"><br \/>\n            <img class=\"colorbox-2822\"  decoding=\"async\" src=\"\/wp-content\/themes\/arras\/images\/dinostorm\/module_dinoreflector.png\" alt=\"Dinokonter-Technologie f&#x00fc;r Laser Guns\"\/><br \/>\n                       <\/span><\/p>\n<div class=\"slot-wrapper\">\n\t\t\t    <span class=\"slot-item-title\">Laser Gun Dinokonter-Technologie<\/span><\/p>\n<p class=\"feature-slot-desc\">Gew&#x00e4;hrt eine Chance, vor&#x00fc;bergehend einen Teil des eingehenden Dinoschadens zur&#x00fc;ckzuwerfen. Muss in einem Waffentechnologie-Slot eingebaut sein, um zu funktionieren.<\/p>\n<\/p><\/div>\n<p>\t<span class=\"clear\"><!-- --><\/span>\n\t         <\/div>\n<\/p><\/div>\n<\/div>\n<div class=\"wrapper_impl2\">\n<div class=\"slot-list\">\n<div class=\"clear-after\">\n                      <span class=\"icon-frame-gloss float-left\"><br \/>\n            <img class=\"colorbox-2822\"  decoding=\"async\" src=\"\/wp-content\/themes\/arras\/images\/dinostorm\/module_freezer.png\" alt=\"Gefrierer-Technologie f&#x00fc;r Laser Guns\"\/><br \/>\n                       <\/span><\/p>\n<div class=\"slot-wrapper\">\n\t\t\t    <span class=\"slot-item-title\">Laser Gun Gefrierer-Technologie<\/span><\/p>\n<p class=\"feature-slot-desc\">Gew&#x00e4;hrt eine Chance, dein Ziel bei einem erfolgreichen Treffer zu verlangsamen. Muss in einem Waffentechnologie-Slot eingebaut sein, um zu funktionieren.<\/p>\n<\/p><\/div>\n<p>\t<span class=\"clear\"><!-- --><\/span>\n\t         <\/div>\n<\/p><\/div>\n<\/div>\n<\/div>\n<\/div>\n<div class=full>\n<img decoding=\"async\" class=\"hr3 colorbox-2822\" src=\"\/wp-content\/themes\/arras\/images\/dinostorm\/seperator_big.png\" alt=\"separator dino storm\" \/>\n<\/div>\n","protected":false},"excerpt":{"rendered":"<p>Laser Gun Waffenkits f\u00fcr Cowboys Zur\u00fccka> Sei der Konkurrenz stets einen Schritt voraus mit Waffen-Technologien f\u00fcr deine Laser Gun. Sie sind einfach anzubringen und sofort betriebsbereit. Laser Gun Schadens-Technologie Wozu ist eine Laser Gun ohne [&hellip;]<\/p>\n","protected":false},"author":26,"featured_media":15052,"parent":2213,"menu_order":0,"comment_status":"closed","ping_status":"closed","template":"pagetpl-onecolumn.php","meta":{"footnotes":"","_links_to":"","_links_to_target":""},"class_list":["post-2822","page","type-page","status-publish","has-post-thumbnail","hentry"],"yoast_head":"<!-- This site is optimized with the Yoast SEO plugin v27.4 - https:\/\/yoast.com\/product\/yoast-seo-wordpress\/ -->\n<title>Dino Storm - Waffenkits f\u00fcr Cowboys<\/title>\n<meta name=\"description\" content=\"Sei der Konkurrenz stets einen Schritt voraus mit Waffen-Technologien f\u00fcr deine Laser Gun. Sie sind einfach anzubringen und sofort betriebsbereit.\" \/>\n<meta name=\"robots\" content=\"index, follow, max-snippet:-1, max-image-preview:large, max-video-preview:-1\" \/>\n<link rel=\"canonical\" href=\"https:\/\/dinostorm.com\/de\/online-3d-spiel\/waffenkits\/\" \/>\n<meta property=\"og:locale\" content=\"de_DE\" \/>\n<meta property=\"og:type\" content=\"article\" \/>\n<meta property=\"og:title\" content=\"Dino Storm - Waffenkits f\u00fcr Cowboys\" \/>\n<meta property=\"og:description\" content=\"Sei der Konkurrenz stets einen Schritt voraus mit Waffen-Technologien f\u00fcr deine Laser Gun. Sie sind einfach anzubringen und sofort betriebsbereit.\" \/>\n<meta property=\"og:url\" content=\"https:\/\/dinostorm.com\/de\/online-3d-spiel\/waffenkits\/\" \/>\n<meta property=\"og:site_name\" content=\"DinoStorm\" \/>\n<meta property=\"article:modified_time\" content=\"2021-07-09T12:41:09+00:00\" \/>\n<meta property=\"og:image\" content=\"https:\/\/dinostorm.com\/wp-content\/uploads\/2012\/09\/ds_jungle_01.jpg\" \/>\n\t<meta property=\"og:image:width\" content=\"1280\" \/>\n\t<meta property=\"og:image:height\" content=\"720\" \/>\n\t<meta property=\"og:image:type\" content=\"image\/jpeg\" \/>\n<meta name=\"twitter:label1\" content=\"Gesch\u00e4tzte Lesezeit\" \/>\n\t<meta name=\"twitter:data1\" content=\"2 minutes\" \/>\n<script type=\"application\/ld+json\" class=\"yoast-schema-graph\">{\"@context\":\"https:\\\/\\\/schema.org\",\"@graph\":[{\"@type\":\"WebPage\",\"@id\":\"https:\\\/\\\/dinostorm.com\\\/de\\\/online-3d-spiel\\\/waffenkits\\\/\",\"url\":\"https:\\\/\\\/dinostorm.com\\\/de\\\/online-3d-spiel\\\/waffenkits\\\/\",\"name\":\"Dino Storm - Waffenkits f\u00fcr Cowboys\",\"isPartOf\":{\"@id\":\"https:\\\/\\\/dinostorm.com\\\/de\\\/#website\"},\"primaryImageOfPage\":{\"@id\":\"https:\\\/\\\/dinostorm.com\\\/de\\\/online-3d-spiel\\\/waffenkits\\\/#primaryimage\"},\"image\":{\"@id\":\"https:\\\/\\\/dinostorm.com\\\/de\\\/online-3d-spiel\\\/waffenkits\\\/#primaryimage\"},\"thumbnailUrl\":\"https:\\\/\\\/dinostorm.com\\\/wp-content\\\/uploads\\\/2012\\\/09\\\/ds_jungle_01.jpg\",\"datePublished\":\"2012-10-18T07:18:35+00:00\",\"dateModified\":\"2021-07-09T12:41:09+00:00\",\"description\":\"Sei der Konkurrenz stets einen Schritt voraus mit Waffen-Technologien f\u00fcr deine Laser Gun. Sie sind einfach anzubringen und sofort betriebsbereit.\",\"breadcrumb\":{\"@id\":\"https:\\\/\\\/dinostorm.com\\\/de\\\/online-3d-spiel\\\/waffenkits\\\/#breadcrumb\"},\"inLanguage\":\"de-DE\",\"potentialAction\":[{\"@type\":\"ReadAction\",\"target\":[\"https:\\\/\\\/dinostorm.com\\\/de\\\/online-3d-spiel\\\/waffenkits\\\/\"]}]},{\"@type\":\"ImageObject\",\"inLanguage\":\"de-DE\",\"@id\":\"https:\\\/\\\/dinostorm.com\\\/de\\\/online-3d-spiel\\\/waffenkits\\\/#primaryimage\",\"url\":\"https:\\\/\\\/dinostorm.com\\\/wp-content\\\/uploads\\\/2012\\\/09\\\/ds_jungle_01.jpg\",\"contentUrl\":\"https:\\\/\\\/dinostorm.com\\\/wp-content\\\/uploads\\\/2012\\\/09\\\/ds_jungle_01.jpg\",\"width\":1280,\"height\":720,\"caption\":\"Beware of dangerous bandits in Mokon Woods are everywhere.\"},{\"@type\":\"BreadcrumbList\",\"@id\":\"https:\\\/\\\/dinostorm.com\\\/de\\\/online-3d-spiel\\\/waffenkits\\\/#breadcrumb\",\"itemListElement\":[{\"@type\":\"ListItem\",\"position\":1,\"name\":\"Home\",\"item\":\"https:\\\/\\\/dinostorm.com\\\/de\\\/\"},{\"@type\":\"ListItem\",\"position\":2,\"name\":\"Spiel\",\"item\":\"https:\\\/\\\/dinostorm.com\\\/de\\\/online-3d-spiel\\\/\"},{\"@type\":\"ListItem\",\"position\":3,\"name\":\"Waffenkits\"}]},{\"@type\":\"WebSite\",\"@id\":\"https:\\\/\\\/dinostorm.com\\\/de\\\/#website\",\"url\":\"https:\\\/\\\/dinostorm.com\\\/de\\\/\",\"name\":\"DinoStorm\",\"description\":\"\",\"potentialAction\":[{\"@type\":\"SearchAction\",\"target\":{\"@type\":\"EntryPoint\",\"urlTemplate\":\"https:\\\/\\\/dinostorm.com\\\/de\\\/?s={search_term_string}\"},\"query-input\":{\"@type\":\"PropertyValueSpecification\",\"valueRequired\":true,\"valueName\":\"search_term_string\"}}],\"inLanguage\":\"de-DE\"}]}<\/script>\n<!-- \/ Yoast SEO plugin. -->","yoast_head_json":{"title":"Dino Storm - Waffenkits f\u00fcr Cowboys","description":"Sei der Konkurrenz stets einen Schritt voraus mit Waffen-Technologien f\u00fcr deine Laser Gun. Sie sind einfach anzubringen und sofort betriebsbereit.","robots":{"index":"index","follow":"follow","max-snippet":"max-snippet:-1","max-image-preview":"max-image-preview:large","max-video-preview":"max-video-preview:-1"},"canonical":"https:\/\/dinostorm.com\/de\/online-3d-spiel\/waffenkits\/","og_locale":"de_DE","og_type":"article","og_title":"Dino Storm - Waffenkits f\u00fcr Cowboys","og_description":"Sei der Konkurrenz stets einen Schritt voraus mit Waffen-Technologien f\u00fcr deine Laser Gun. Sie sind einfach anzubringen und sofort betriebsbereit.","og_url":"https:\/\/dinostorm.com\/de\/online-3d-spiel\/waffenkits\/","og_site_name":"DinoStorm","article_modified_time":"2021-07-09T12:41:09+00:00","og_image":[{"width":1280,"height":720,"url":"https:\/\/dinostorm.com\/wp-content\/uploads\/2012\/09\/ds_jungle_01.jpg","type":"image\/jpeg"}],"twitter_misc":{"Gesch\u00e4tzte Lesezeit":"2 minutes"},"schema":{"@context":"https:\/\/schema.org","@graph":[{"@type":"WebPage","@id":"https:\/\/dinostorm.com\/de\/online-3d-spiel\/waffenkits\/","url":"https:\/\/dinostorm.com\/de\/online-3d-spiel\/waffenkits\/","name":"Dino Storm - Waffenkits f\u00fcr Cowboys","isPartOf":{"@id":"https:\/\/dinostorm.com\/de\/#website"},"primaryImageOfPage":{"@id":"https:\/\/dinostorm.com\/de\/online-3d-spiel\/waffenkits\/#primaryimage"},"image":{"@id":"https:\/\/dinostorm.com\/de\/online-3d-spiel\/waffenkits\/#primaryimage"},"thumbnailUrl":"https:\/\/dinostorm.com\/wp-content\/uploads\/2012\/09\/ds_jungle_01.jpg","datePublished":"2012-10-18T07:18:35+00:00","dateModified":"2021-07-09T12:41:09+00:00","description":"Sei der Konkurrenz stets einen Schritt voraus mit Waffen-Technologien f\u00fcr deine Laser Gun. Sie sind einfach anzubringen und sofort betriebsbereit.","breadcrumb":{"@id":"https:\/\/dinostorm.com\/de\/online-3d-spiel\/waffenkits\/#breadcrumb"},"inLanguage":"de-DE","potentialAction":[{"@type":"ReadAction","target":["https:\/\/dinostorm.com\/de\/online-3d-spiel\/waffenkits\/"]}]},{"@type":"ImageObject","inLanguage":"de-DE","@id":"https:\/\/dinostorm.com\/de\/online-3d-spiel\/waffenkits\/#primaryimage","url":"https:\/\/dinostorm.com\/wp-content\/uploads\/2012\/09\/ds_jungle_01.jpg","contentUrl":"https:\/\/dinostorm.com\/wp-content\/uploads\/2012\/09\/ds_jungle_01.jpg","width":1280,"height":720,"caption":"Beware of dangerous bandits in Mokon Woods are everywhere."},{"@type":"BreadcrumbList","@id":"https:\/\/dinostorm.com\/de\/online-3d-spiel\/waffenkits\/#breadcrumb","itemListElement":[{"@type":"ListItem","position":1,"name":"Home","item":"https:\/\/dinostorm.com\/de\/"},{"@type":"ListItem","position":2,"name":"Spiel","item":"https:\/\/dinostorm.com\/de\/online-3d-spiel\/"},{"@type":"ListItem","position":3,"name":"Waffenkits"}]},{"@type":"WebSite","@id":"https:\/\/dinostorm.com\/de\/#website","url":"https:\/\/dinostorm.com\/de\/","name":"DinoStorm","description":"","potentialAction":[{"@type":"SearchAction","target":{"@type":"EntryPoint","urlTemplate":"https:\/\/dinostorm.com\/de\/?s={search_term_string}"},"query-input":{"@type":"PropertyValueSpecification","valueRequired":true,"valueName":"search_term_string"}}],"inLanguage":"de-DE"}]}},"_links":{"self":[{"href":"https:\/\/dinostorm.com\/de\/wp-json\/wp\/v2\/pages\/2822","targetHints":{"allow":["GET"]}}],"collection":[{"href":"https:\/\/dinostorm.com\/de\/wp-json\/wp\/v2\/pages"}],"about":[{"href":"https:\/\/dinostorm.com\/de\/wp-json\/wp\/v2\/types\/page"}],"author":[{"embeddable":true,"href":"https:\/\/dinostorm.com\/de\/wp-json\/wp\/v2\/users\/26"}],"replies":[{"embeddable":true,"href":"https:\/\/dinostorm.com\/de\/wp-json\/wp\/v2\/comments?post=2822"}],"version-history":[{"count":4,"href":"https:\/\/dinostorm.com\/de\/wp-json\/wp\/v2\/pages\/2822\/revisions"}],"predecessor-version":[{"id":238454,"href":"https:\/\/dinostorm.com\/de\/wp-json\/wp\/v2\/pages\/2822\/revisions\/238454"}],"up":[{"embeddable":true,"href":"https:\/\/dinostorm.com\/de\/wp-json\/wp\/v2\/pages\/2213"}],"wp:featuredmedia":[{"embeddable":true,"href":"https:\/\/dinostorm.com\/de\/wp-json\/wp\/v2\/media\/15052"}],"wp:attachment":[{"href":"https:\/\/dinostorm.com\/de\/wp-json\/wp\/v2\/media?parent=2822"}],"curies":[{"name":"wp","href":"https:\/\/api.w.org\/{rel}","templated":true}]}}